{"id":7582,"date":"2024-09-29T10:01:05","date_gmt":"2024-09-29T02:01:05","guid":{"rendered":"https:\/\/demo.dillerbottle.com\/uncategorized\/glass-water-bottle-with-bamboo-lid"},"modified":"2025-07-09T16:40:49","modified_gmt":"2025-07-09T08:40:49","slug":"botella-de-agua-de-vidrio-con-tapa-de-bambu","status":"publish","type":"product","link":"https:\/\/www.dillerbottle.com\/es\/products\/glass-water-bottle-with-bamboo-lid","title":{"rendered":"Botella de agua de vidrio con tapa de bamb\u00fa"},"content":{"rendered":"<p>1. Botella de agua de vidrio con tapa de bamb\u00fa resistente y duradera (con cuerda o sin cuerda). La botella de vidrio y la silicona son aptas para lavavajillas, lave a mano las tapas de bamb\u00fa.<br \/>\n2. La funda de silicona de grado alimenticio brinda m\u00e1xima protecci\u00f3n contra impactos y, en general, puede soportar vuelcos y ca\u00eddas cortas. La funda Origin es f\u00e1cil de agarrar, protectora y extra\u00edble, lo que la hace f\u00e1cil de sostener y f\u00e1cil de dejar. \u00a1Se puede llevar al gimnasio, al trabajo o de viaje!<br \/>\n3. Esta botella de agua de vidrio est\u00e1 hecha de vidrio de borosilicato alto, ecol\u00f3gico y libre de BPA.<br \/>\n4. Reutilizable para siempre, reciclable, sostenible y respetuoso con el medio ambiente. Las juntas t\u00f3ricas de silicona de grado alimenticio est\u00e1n integradas en el bamb\u00fa a prueba de fugas, por lo que ning\u00fan l\u00edquido entra en contacto con el pl\u00e1stico y no desprende ning\u00fan sabor qu\u00edmico.<\/p>","protected":false},"excerpt":{"rendered":"<p>Caracter\u00edsticas: 1.<br \/>\nBotella de agua de vidrio con tapa de bamb\u00fa resistente y duradera (con cuerda o sin cuerda).<br \/>\nLa botella de vidrio y la silicona son aptas para lavavajillas. Lave a mano las tapas de bamb\u00fa.<br \/>\n2.<br \/>\nLa funda de silicona de grado alimenticio proporciona la m\u00e1xima protecci\u00f3n contra impactos y, en general, puede soportar vuelcos y ca\u00eddas cortas.<br \/>\nLa funda Origin es f\u00e1cil de sujetar, protectora y extra\u00edble, y permite colocarla con facilidad y facilidad.<br \/>\n\u00a1Se puede llevar f\u00e1cilmente al gimnasio, al trabajo o de viaje! 3.<br \/>\nEsta botella de agua de vidrio est\u00e1 hecha de vidrio de borosilicato alto, ecol\u00f3gico, libre de BPA...<\/p>","protected":false},"featured_media":7583,"comment_status":"open","ping_status":"closed","template":"","meta":{"_acf_changed":false},"product_brand":[],"product_cat":[310],"product_tag":[592,32,36,33,586,31,39,657,38,29,37,571,34,35,601,580,28,514,30],"class_list":{"0":"post-7582","1":"product","2":"type-product","3":"status-publish","4":"has-post-thumbnail","6":"product_cat-glass-water-bottle","7":"product_tag-1-liter-water-bottle","8":"product_tag-best","9":"product_tag-bulk","10":"product_tag-buy","11":"product_tag-clear-water-bottle-glass","12":"product_tag-custom","13":"product_tag-for-sale","14":"product_tag-glass-water-bottle-with-bamboo-lid","15":"product_tag-good-quality","16":"product_tag-manufacturers","17":"product_tag-manufacturing","18":"product_tag-multi-use-water-bottle","19":"product_tag-price","20":"product_tag-small","21":"product_tag-sublimation-glass-water-bottle","22":"product_tag-sublimation-water-bottle-straw","23":"product_tag-suppliers","24":"product_tag-time-marker-water-bottle","25":"product_tag-wholesale","27":"first","28":"instock","29":"shipping-taxable","30":"product-type-simple"},"acf":[],"yoast_head":"<!-- This site is optimized with the Yoast SEO Premium plugin v27.4 (Yoast SEO v27.4) - https:\/\/yoast.com\/product\/yoast-seo-premium-wordpress\/ -->\n<title>Glass Water Bottle with Bamboo Lid - Diller Water Bottle Manufacturer<\/title>\n<meta name=\"description\" content=\"As one of the best glass water bottle with bamboo lid manufacturers and suppliers, we are engaged in manufacturing good quality water bottles. We warmly welcome you to wholesale or buy custom made glass water bottle with bamboo lid at competitive price from us. Also, small quantity orders are acceptable.\" \/>\n<meta name=\"robots\" content=\"index, follow, max-snippet:-1, max-image-preview:large, max-video-preview:-1\" \/>\n<link rel=\"canonical\" href=\"https:\/\/www.dillerbottle.com\/es\/productos\/botella-de-agua-de-vidrio-con-tapa-de-bambu\" \/>\n<meta property=\"og:locale\" content=\"es_ES\" \/>\n<meta property=\"og:type\" content=\"article\" \/>\n<meta property=\"og:title\" content=\"Glass Water Bottle with Bamboo Lid\" \/>\n<meta property=\"og:description\" content=\"As one of the best glass water bottle with bamboo lid manufacturers and suppliers, we are engaged in manufacturing good quality water bottles. We warmly welcome you to wholesale or buy custom made glass water bottle with bamboo lid at competitive price from us. Also, small quantity orders are acceptable.\" \/>\n<meta property=\"og:url\" content=\"https:\/\/www.dillerbottle.com\/es\/productos\/botella-de-agua-de-vidrio-con-tapa-de-bambu\" \/>\n<meta property=\"og:site_name\" content=\"Diller Water Bottle Manufacturer\" \/>\n<meta property=\"article:modified_time\" content=\"2025-07-09T08:40:49+00:00\" \/>\n<meta property=\"og:image\" content=\"https:\/\/www.dillerbottle.com\/wp-content\/uploads\/2024\/09\/glass-water-bottle-with-bamboo-lid45179100536.jpg\" \/>\n\t<meta property=\"og:image:width\" content=\"730\" \/>\n\t<meta property=\"og:image:height\" content=\"730\" \/>\n\t<meta property=\"og:image:type\" content=\"image\/jpeg\" \/>\n<meta name=\"twitter:card\" content=\"summary_large_image\" \/>\n<meta name=\"twitter:label1\" content=\"Tiempo de lectura\" \/>\n\t<meta name=\"twitter:data1\" content=\"2 minutos\" \/>\n<script type=\"application\/ld+json\" class=\"yoast-schema-graph\">{\"@context\":\"https:\\\/\\\/schema.org\",\"@graph\":[{\"@type\":\"WebPage\",\"@id\":\"https:\\\/\\\/www.dillerbottle.com\\\/products\\\/glass-water-bottle-with-bamboo-lid\",\"url\":\"https:\\\/\\\/www.dillerbottle.com\\\/products\\\/glass-water-bottle-with-bamboo-lid\",\"name\":\"Glass Water Bottle with Bamboo Lid - Diller Water Bottle Manufacturer\",\"isPartOf\":{\"@id\":\"https:\\\/\\\/www.dillerbottle.com\\\/#website\"},\"primaryImageOfPage\":{\"@id\":\"https:\\\/\\\/www.dillerbottle.com\\\/products\\\/glass-water-bottle-with-bamboo-lid#primaryimage\"},\"image\":{\"@id\":\"https:\\\/\\\/www.dillerbottle.com\\\/products\\\/glass-water-bottle-with-bamboo-lid#primaryimage\"},\"thumbnailUrl\":\"https:\\\/\\\/www.dillerbottle.com\\\/wp-content\\\/uploads\\\/2024\\\/09\\\/glass-water-bottle-with-bamboo-lid45179100536.jpg\",\"datePublished\":\"2024-09-29T02:01:05+00:00\",\"dateModified\":\"2025-07-09T08:40:49+00:00\",\"description\":\"As one of the best glass water bottle with bamboo lid manufacturers and suppliers, we are engaged in manufacturing good quality water bottles. We warmly welcome you to wholesale or buy custom made glass water bottle with bamboo lid at competitive price from us. Also, small quantity orders are acceptable.\",\"breadcrumb\":{\"@id\":\"https:\\\/\\\/www.dillerbottle.com\\\/products\\\/glass-water-bottle-with-bamboo-lid#breadcrumb\"},\"inLanguage\":\"es\",\"potentialAction\":[{\"@type\":\"ReadAction\",\"target\":[\"https:\\\/\\\/www.dillerbottle.com\\\/products\\\/glass-water-bottle-with-bamboo-lid\"]}]},{\"@type\":\"ImageObject\",\"inLanguage\":\"es\",\"@id\":\"https:\\\/\\\/www.dillerbottle.com\\\/products\\\/glass-water-bottle-with-bamboo-lid#primaryimage\",\"url\":\"https:\\\/\\\/www.dillerbottle.com\\\/wp-content\\\/uploads\\\/2024\\\/09\\\/glass-water-bottle-with-bamboo-lid45179100536.jpg\",\"contentUrl\":\"https:\\\/\\\/www.dillerbottle.com\\\/wp-content\\\/uploads\\\/2024\\\/09\\\/glass-water-bottle-with-bamboo-lid45179100536.jpg\",\"width\":730,\"height\":730},{\"@type\":\"BreadcrumbList\",\"@id\":\"https:\\\/\\\/www.dillerbottle.com\\\/products\\\/glass-water-bottle-with-bamboo-lid#breadcrumb\",\"itemListElement\":[{\"@type\":\"ListItem\",\"position\":1,\"name\":\"Home\",\"item\":\"https:\\\/\\\/www.dillerbottle.com\\\/\"},{\"@type\":\"ListItem\",\"position\":2,\"name\":\"Products\",\"item\":\"https:\\\/\\\/www.dillerbottle.com\\\/shop\"},{\"@type\":\"ListItem\",\"position\":3,\"name\":\"Glass Water Bottle with Bamboo Lid\"}]},{\"@type\":\"WebSite\",\"@id\":\"https:\\\/\\\/www.dillerbottle.com\\\/#website\",\"url\":\"https:\\\/\\\/www.dillerbottle.com\\\/\",\"name\":\"Diller Water Bottle Manufacturer\",\"description\":\"Water Bottle Manufacturer\",\"publisher\":{\"@id\":\"https:\\\/\\\/www.dillerbottle.com\\\/#organization\"},\"potentialAction\":[{\"@type\":\"SearchAction\",\"target\":{\"@type\":\"EntryPoint\",\"urlTemplate\":\"https:\\\/\\\/www.dillerbottle.com\\\/?s={search_term_string}\"},\"query-input\":{\"@type\":\"PropertyValueSpecification\",\"valueRequired\":true,\"valueName\":\"search_term_string\"}}],\"inLanguage\":\"es\"},{\"@type\":\"Organization\",\"@id\":\"https:\\\/\\\/www.dillerbottle.com\\\/#organization\",\"name\":\"Diller Water Bottle Manufacturer\",\"url\":\"https:\\\/\\\/www.dillerbottle.com\\\/\",\"logo\":{\"@type\":\"ImageObject\",\"inLanguage\":\"es\",\"@id\":\"https:\\\/\\\/www.dillerbottle.com\\\/#\\\/schema\\\/logo\\\/image\\\/\",\"url\":\"https:\\\/\\\/www.dillerbottle.com\\\/wp-content\\\/uploads\\\/2024\\\/09\\\/49918bfa848dcc1e9f8b509933603ac.png\",\"contentUrl\":\"https:\\\/\\\/www.dillerbottle.com\\\/wp-content\\\/uploads\\\/2024\\\/09\\\/49918bfa848dcc1e9f8b509933603ac.png\",\"width\":988,\"height\":198,\"caption\":\"Diller Water Bottle Manufacturer\"},\"image\":{\"@id\":\"https:\\\/\\\/www.dillerbottle.com\\\/#\\\/schema\\\/logo\\\/image\\\/\"}}]}<\/script>\n<!-- \/ Yoast SEO Premium plugin. -->","yoast_head_json":{"title":"Botella de agua de vidrio con tapa de bamb\u00fa - Fabricante de botellas de agua Diller","description":"Como uno de los mejores fabricantes y proveedores de botellas de agua de vidrio con tapa de bamb\u00fa, nos dedicamos a la fabricaci\u00f3n de botellas de agua de buena calidad. Le damos una c\u00e1lida bienvenida para que compre al por mayor o botellas de agua de vidrio hechas a medida con tapa de bamb\u00fa a un precio competitivo. Adem\u00e1s, aceptamos pedidos de peque\u00f1as cantidades.","robots":{"index":"index","follow":"follow","max-snippet":"max-snippet:-1","max-image-preview":"max-image-preview:large","max-video-preview":"max-video-preview:-1"},"canonical":"https:\/\/www.dillerbottle.com\/es\/productos\/botella-de-agua-de-vidrio-con-tapa-de-bambu","og_locale":"es_ES","og_type":"article","og_title":"Glass Water Bottle with Bamboo Lid","og_description":"As one of the best glass water bottle with bamboo lid manufacturers and suppliers, we are engaged in manufacturing good quality water bottles. We warmly welcome you to wholesale or buy custom made glass water bottle with bamboo lid at competitive price from us. Also, small quantity orders are acceptable.","og_url":"https:\/\/www.dillerbottle.com\/es\/productos\/botella-de-agua-de-vidrio-con-tapa-de-bambu","og_site_name":"Diller Water Bottle Manufacturer","article_modified_time":"2025-07-09T08:40:49+00:00","og_image":[{"width":730,"height":730,"url":"https:\/\/www.dillerbottle.com\/wp-content\/uploads\/2024\/09\/glass-water-bottle-with-bamboo-lid45179100536.jpg","type":"image\/jpeg"}],"twitter_card":"summary_large_image","twitter_misc":{"Tiempo de lectura":"2 minutos"},"schema":{"@context":"https:\/\/schema.org","@graph":[{"@type":"WebPage","@id":"https:\/\/www.dillerbottle.com\/products\/glass-water-bottle-with-bamboo-lid","url":"https:\/\/www.dillerbottle.com\/products\/glass-water-bottle-with-bamboo-lid","name":"Botella de agua de vidrio con tapa de bamb\u00fa - Fabricante de botellas de agua Diller","isPartOf":{"@id":"https:\/\/www.dillerbottle.com\/#website"},"primaryImageOfPage":{"@id":"https:\/\/www.dillerbottle.com\/products\/glass-water-bottle-with-bamboo-lid#primaryimage"},"image":{"@id":"https:\/\/www.dillerbottle.com\/products\/glass-water-bottle-with-bamboo-lid#primaryimage"},"thumbnailUrl":"https:\/\/www.dillerbottle.com\/wp-content\/uploads\/2024\/09\/glass-water-bottle-with-bamboo-lid45179100536.jpg","datePublished":"2024-09-29T02:01:05+00:00","dateModified":"2025-07-09T08:40:49+00:00","description":"Como uno de los mejores fabricantes y proveedores de botellas de agua de vidrio con tapa de bamb\u00fa, nos dedicamos a la fabricaci\u00f3n de botellas de agua de buena calidad. Le damos una c\u00e1lida bienvenida para que compre al por mayor o botellas de agua de vidrio hechas a medida con tapa de bamb\u00fa a un precio competitivo. Adem\u00e1s, aceptamos pedidos de peque\u00f1as cantidades.","breadcrumb":{"@id":"https:\/\/www.dillerbottle.com\/products\/glass-water-bottle-with-bamboo-lid#breadcrumb"},"inLanguage":"es","potentialAction":[{"@type":"ReadAction","target":["https:\/\/www.dillerbottle.com\/products\/glass-water-bottle-with-bamboo-lid"]}]},{"@type":"ImageObject","inLanguage":"es","@id":"https:\/\/www.dillerbottle.com\/products\/glass-water-bottle-with-bamboo-lid#primaryimage","url":"https:\/\/www.dillerbottle.com\/wp-content\/uploads\/2024\/09\/glass-water-bottle-with-bamboo-lid45179100536.jpg","contentUrl":"https:\/\/www.dillerbottle.com\/wp-content\/uploads\/2024\/09\/glass-water-bottle-with-bamboo-lid45179100536.jpg","width":730,"height":730},{"@type":"BreadcrumbList","@id":"https:\/\/www.dillerbottle.com\/products\/glass-water-bottle-with-bamboo-lid#breadcrumb","itemListElement":[{"@type":"ListItem","position":1,"name":"Home","item":"https:\/\/www.dillerbottle.com\/"},{"@type":"ListItem","position":2,"name":"Products","item":"https:\/\/www.dillerbottle.com\/shop"},{"@type":"ListItem","position":3,"name":"Glass Water Bottle with Bamboo Lid"}]},{"@type":"WebSite","@id":"https:\/\/www.dillerbottle.com\/#website","url":"https:\/\/www.dillerbottle.com\/","name":"Fabricante de botellas de agua Diller","description":"Fabricante de botellas de agua","publisher":{"@id":"https:\/\/www.dillerbottle.com\/#organization"},"potentialAction":[{"@type":"SearchAction","target":{"@type":"EntryPoint","urlTemplate":"https:\/\/www.dillerbottle.com\/?s={search_term_string}"},"query-input":{"@type":"PropertyValueSpecification","valueRequired":true,"valueName":"search_term_string"}}],"inLanguage":"es"},{"@type":"Organization","@id":"https:\/\/www.dillerbottle.com\/#organization","name":"Fabricante de botellas de agua Diller","url":"https:\/\/www.dillerbottle.com\/","logo":{"@type":"ImageObject","inLanguage":"es","@id":"https:\/\/www.dillerbottle.com\/#\/schema\/logo\/image\/","url":"https:\/\/www.dillerbottle.com\/wp-content\/uploads\/2024\/09\/49918bfa848dcc1e9f8b509933603ac.png","contentUrl":"https:\/\/www.dillerbottle.com\/wp-content\/uploads\/2024\/09\/49918bfa848dcc1e9f8b509933603ac.png","width":988,"height":198,"caption":"Diller Water Bottle Manufacturer"},"image":{"@id":"https:\/\/www.dillerbottle.com\/#\/schema\/logo\/image\/"}}]}},"_links":{"self":[{"href":"https:\/\/www.dillerbottle.com\/es\/wp-json\/wp\/v2\/product\/7582","targetHints":{"allow":["GET"]}}],"collection":[{"href":"https:\/\/www.dillerbottle.com\/es\/wp-json\/wp\/v2\/product"}],"about":[{"href":"https:\/\/www.dillerbottle.com\/es\/wp-json\/wp\/v2\/types\/product"}],"replies":[{"embeddable":true,"href":"https:\/\/www.dillerbottle.com\/es\/wp-json\/wp\/v2\/comments?post=7582"}],"wp:featuredmedia":[{"embeddable":true,"href":"https:\/\/www.dillerbottle.com\/es\/wp-json\/wp\/v2\/media\/7583"}],"wp:attachment":[{"href":"https:\/\/www.dillerbottle.com\/es\/wp-json\/wp\/v2\/media?parent=7582"}],"wp:term":[{"taxonomy":"product_brand","embeddable":true,"href":"https:\/\/www.dillerbottle.com\/es\/wp-json\/wp\/v2\/product_brand?post=7582"},{"taxonomy":"product_cat","embeddable":true,"href":"https:\/\/www.dillerbottle.com\/es\/wp-json\/wp\/v2\/product_cat?post=7582"},{"taxonomy":"product_tag","embeddable":true,"href":"https:\/\/www.dillerbottle.com\/es\/wp-json\/wp\/v2\/product_tag?post=7582"}],"curies":[{"name":"Gracias","href":"https:\/\/api.w.org\/{rel}","templated":true}]}}