{"id":7668,"date":"2024-09-29T10:01:57","date_gmt":"2024-09-29T02:01:57","guid":{"rendered":"https:\/\/demo.dillerbottle.com\/uncategorized\/double-wall-glass-bottle-with-tea-infuser"},"modified":"2025-07-09T16:36:02","modified_gmt":"2025-07-09T08:36:02","slug":"botella-de-vidrio-de-doble-pared-con-infusor-de-te","status":"publish","type":"product","link":"https:\/\/www.dillerbottle.com\/es\/products\/double-wall-glass-bottle-with-tea-infuser","title":{"rendered":"Botella de vidrio de doble pared con infusor de t\u00e9"},"content":{"rendered":"<p>1.La botella de vidrio de doble pared con infusor de t\u00e9 est\u00e1 hecha de vidrio aislante de doble pared, aislamiento t\u00e9rmico y anti-escaldaduras, conveniente para beber.<br \/>\n2. Botella de vidrio de doble pared con infusor de t\u00e9 de acero inoxidable y tapa de madera. Est\u00e1ndar de calidad alimentaria, libre de BPA, sin olor.<br \/>\n3.Boca de botella ancha, f\u00e1cil de limpiar.<br \/>\n4. Las botellas publicitarias, botellas de regalo, etc. se pueden personalizar seg\u00fan sus requisitos, brindamos un servicio de personalizaci\u00f3n de logotipos.<\/p>","protected":false},"excerpt":{"rendered":"<p>Caracter\u00edsticas: 1. La botella de vidrio de doble pared con infusor de t\u00e9 est\u00e1 hecha de vidrio aislante de doble pared, aislamiento t\u00e9rmico y anti-escaldaduras, conveniente para beber.<br \/>\n2. Botella de vidrio de doble pared con infusor de t\u00e9 de acero inoxidable y tapa de madera.<br \/>\nEst\u00e1ndar de grado alimenticio, libre de BPA, inodoro.<br \/>\n3.Boca de botella ancha, f\u00e1cil\u2026<\/p>","protected":false},"featured_media":7669,"comment_status":"open","ping_status":"closed","template":"","meta":{"_acf_changed":false},"product_brand":[],"product_cat":[310],"product_tag":[546,575,32,588,36,33,31,665,39,614,38,29,37,34,35,28,577,578,30],"class_list":{"0":"post-7668","1":"product","2":"type-product","3":"status-publish","4":"has-post-thumbnail","6":"product_cat-glass-water-bottle","7":"product_tag-1l-water-bottle","8":"product_tag-2000ml-water-bottle","9":"product_tag-best","10":"product_tag-borosilicate-glass-water-bottle","11":"product_tag-bulk","12":"product_tag-buy","13":"product_tag-custom","14":"product_tag-double-wall-glass-bottle-with-tea-infuser","15":"product_tag-for-sale","16":"product_tag-glass-water-bottle-with-infuser","17":"product_tag-good-quality","18":"product_tag-manufacturers","19":"product_tag-manufacturing","20":"product_tag-price","21":"product_tag-small","22":"product_tag-suppliers","23":"product_tag-water-bottle-500ml","24":"product_tag-water-bottle-gift-promotional","25":"product_tag-wholesale","27":"first","28":"instock","29":"shipping-taxable","30":"product-type-simple"},"acf":[],"yoast_head":"<!-- This site is optimized with the Yoast SEO Premium plugin v27.5 (Yoast SEO v27.5) - https:\/\/yoast.com\/product\/yoast-seo-premium-wordpress\/ -->\n<title>Double Wall Glass Bottle with Tea Infuser - Diller Water Bottle Manufacturer<\/title>\n<meta name=\"description\" content=\"As one of the best double wall glass bottle with tea infuser manufacturers and suppliers, we are engaged in manufacturing good quality water bottles. We warmly welcome you to wholesale or buy custom made double wall glass bottle with tea infuser at competitive price from us. Also, small quantity orders are acceptable.\" \/>\n<meta name=\"robots\" content=\"index, follow, max-snippet:-1, max-image-preview:large, max-video-preview:-1\" \/>\n<link rel=\"canonical\" href=\"https:\/\/www.dillerbottle.com\/es\/productos\/botella-de-vidrio-de-doble-pared-con-infusor-de-te\" \/>\n<meta property=\"og:locale\" content=\"es_ES\" \/>\n<meta property=\"og:type\" content=\"article\" \/>\n<meta property=\"og:title\" content=\"Double Wall Glass Bottle with Tea Infuser\" \/>\n<meta property=\"og:description\" content=\"As one of the best double wall glass bottle with tea infuser manufacturers and suppliers, we are engaged in manufacturing good quality water bottles. We warmly welcome you to wholesale or buy custom made double wall glass bottle with tea infuser at competitive price from us. Also, small quantity orders are acceptable.\" \/>\n<meta property=\"og:url\" content=\"https:\/\/www.dillerbottle.com\/es\/productos\/botella-de-vidrio-de-doble-pared-con-infusor-de-te\" \/>\n<meta property=\"og:site_name\" content=\"Diller Water Bottle Manufacturer\" \/>\n<meta property=\"article:modified_time\" content=\"2025-07-09T08:36:02+00:00\" \/>\n<meta property=\"og:image\" content=\"https:\/\/www.dillerbottle.com\/wp-content\/uploads\/2024\/09\/double-wall-glass-bottle-with-tea-infuser37011482428.jpg\" \/>\n\t<meta property=\"og:image:width\" content=\"730\" \/>\n\t<meta property=\"og:image:height\" content=\"730\" \/>\n\t<meta property=\"og:image:type\" content=\"image\/jpeg\" \/>\n<meta name=\"twitter:card\" content=\"summary_large_image\" \/>\n<meta name=\"twitter:label1\" content=\"Tiempo de lectura\" \/>\n\t<meta name=\"twitter:data1\" content=\"2 minutos\" \/>\n<script type=\"application\/ld+json\" class=\"yoast-schema-graph\">{\"@context\":\"https:\\\/\\\/schema.org\",\"@graph\":[{\"@type\":\"WebPage\",\"@id\":\"https:\\\/\\\/www.dillerbottle.com\\\/ar\\\/%d9%85%d9%86%d8%aa%d8%ac%d8%a7%d8%aa\\\/%d8%b2%d8%ac%d8%a7%d8%ac%d8%a9-%d8%b2%d8%ac%d8%a7%d8%ac%d9%8a%d8%a9-%d9%85%d8%b2%d8%af%d9%88%d8%ac%d8%a9-%d8%a7%d9%84%d8%ac%d8%af%d8%a7%d8%b1-%d9%85%d8%b9-%d9%85%d8%b5%d9%81%d8%a7%d8%a9-%d8%b4%d8%a7\",\"url\":\"https:\\\/\\\/www.dillerbottle.com\\\/ar\\\/%d9%85%d9%86%d8%aa%d8%ac%d8%a7%d8%aa\\\/%d8%b2%d8%ac%d8%a7%d8%ac%d8%a9-%d8%b2%d8%ac%d8%a7%d8%ac%d9%8a%d8%a9-%d9%85%d8%b2%d8%af%d9%88%d8%ac%d8%a9-%d8%a7%d9%84%d8%ac%d8%af%d8%a7%d8%b1-%d9%85%d8%b9-%d9%85%d8%b5%d9%81%d8%a7%d8%a9-%d8%b4%d8%a7\",\"name\":\"Double Wall Glass Bottle with Tea Infuser - Diller Water Bottle Manufacturer\",\"isPartOf\":{\"@id\":\"https:\\\/\\\/www.dillerbottle.com\\\/#website\"},\"primaryImageOfPage\":{\"@id\":\"https:\\\/\\\/www.dillerbottle.com\\\/ar\\\/%d9%85%d9%86%d8%aa%d8%ac%d8%a7%d8%aa\\\/%d8%b2%d8%ac%d8%a7%d8%ac%d8%a9-%d8%b2%d8%ac%d8%a7%d8%ac%d9%8a%d8%a9-%d9%85%d8%b2%d8%af%d9%88%d8%ac%d8%a9-%d8%a7%d9%84%d8%ac%d8%af%d8%a7%d8%b1-%d9%85%d8%b9-%d9%85%d8%b5%d9%81%d8%a7%d8%a9-%d8%b4%d8%a7#primaryimage\"},\"image\":{\"@id\":\"https:\\\/\\\/www.dillerbottle.com\\\/ar\\\/%d9%85%d9%86%d8%aa%d8%ac%d8%a7%d8%aa\\\/%d8%b2%d8%ac%d8%a7%d8%ac%d8%a9-%d8%b2%d8%ac%d8%a7%d8%ac%d9%8a%d8%a9-%d9%85%d8%b2%d8%af%d9%88%d8%ac%d8%a9-%d8%a7%d9%84%d8%ac%d8%af%d8%a7%d8%b1-%d9%85%d8%b9-%d9%85%d8%b5%d9%81%d8%a7%d8%a9-%d8%b4%d8%a7#primaryimage\"},\"thumbnailUrl\":\"https:\\\/\\\/www.dillerbottle.com\\\/wp-content\\\/uploads\\\/2024\\\/09\\\/double-wall-glass-bottle-with-tea-infuser37011482428.jpg\",\"datePublished\":\"2024-09-29T02:01:57+00:00\",\"dateModified\":\"2025-07-09T08:36:02+00:00\",\"description\":\"As one of the best double wall glass bottle with tea infuser manufacturers and suppliers, we are engaged in manufacturing good quality water bottles. We warmly welcome you to wholesale or buy custom made double wall glass bottle with tea infuser at competitive price from us. Also, small quantity orders are acceptable.\",\"breadcrumb\":{\"@id\":\"https:\\\/\\\/www.dillerbottle.com\\\/ar\\\/%d9%85%d9%86%d8%aa%d8%ac%d8%a7%d8%aa\\\/%d8%b2%d8%ac%d8%a7%d8%ac%d8%a9-%d8%b2%d8%ac%d8%a7%d8%ac%d9%8a%d8%a9-%d9%85%d8%b2%d8%af%d9%88%d8%ac%d8%a9-%d8%a7%d9%84%d8%ac%d8%af%d8%a7%d8%b1-%d9%85%d8%b9-%d9%85%d8%b5%d9%81%d8%a7%d8%a9-%d8%b4%d8%a7#breadcrumb\"},\"inLanguage\":\"es\",\"potentialAction\":[{\"@type\":\"ReadAction\",\"target\":[\"https:\\\/\\\/www.dillerbottle.com\\\/ar\\\/%d9%85%d9%86%d8%aa%d8%ac%d8%a7%d8%aa\\\/%d8%b2%d8%ac%d8%a7%d8%ac%d8%a9-%d8%b2%d8%ac%d8%a7%d8%ac%d9%8a%d8%a9-%d9%85%d8%b2%d8%af%d9%88%d8%ac%d8%a9-%d8%a7%d9%84%d8%ac%d8%af%d8%a7%d8%b1-%d9%85%d8%b9-%d9%85%d8%b5%d9%81%d8%a7%d8%a9-%d8%b4%d8%a7\"]}]},{\"@type\":\"ImageObject\",\"inLanguage\":\"es\",\"@id\":\"https:\\\/\\\/www.dillerbottle.com\\\/ar\\\/%d9%85%d9%86%d8%aa%d8%ac%d8%a7%d8%aa\\\/%d8%b2%d8%ac%d8%a7%d8%ac%d8%a9-%d8%b2%d8%ac%d8%a7%d8%ac%d9%8a%d8%a9-%d9%85%d8%b2%d8%af%d9%88%d8%ac%d8%a9-%d8%a7%d9%84%d8%ac%d8%af%d8%a7%d8%b1-%d9%85%d8%b9-%d9%85%d8%b5%d9%81%d8%a7%d8%a9-%d8%b4%d8%a7#primaryimage\",\"url\":\"https:\\\/\\\/www.dillerbottle.com\\\/wp-content\\\/uploads\\\/2024\\\/09\\\/double-wall-glass-bottle-with-tea-infuser37011482428.jpg\",\"contentUrl\":\"https:\\\/\\\/www.dillerbottle.com\\\/wp-content\\\/uploads\\\/2024\\\/09\\\/double-wall-glass-bottle-with-tea-infuser37011482428.jpg\",\"width\":730,\"height\":730},{\"@type\":\"BreadcrumbList\",\"@id\":\"https:\\\/\\\/www.dillerbottle.com\\\/ar\\\/%d9%85%d9%86%d8%aa%d8%ac%d8%a7%d8%aa\\\/%d8%b2%d8%ac%d8%a7%d8%ac%d8%a9-%d8%b2%d8%ac%d8%a7%d8%ac%d9%8a%d8%a9-%d9%85%d8%b2%d8%af%d9%88%d8%ac%d8%a9-%d8%a7%d9%84%d8%ac%d8%af%d8%a7%d8%b1-%d9%85%d8%b9-%d9%85%d8%b5%d9%81%d8%a7%d8%a9-%d8%b4%d8%a7#breadcrumb\",\"itemListElement\":[{\"@type\":\"ListItem\",\"position\":1,\"name\":\"Home\",\"item\":\"https:\\\/\\\/www.dillerbottle.com\\\/\"},{\"@type\":\"ListItem\",\"position\":2,\"name\":\"Products\",\"item\":\"https:\\\/\\\/www.dillerbottle.com\\\/shop\"},{\"@type\":\"ListItem\",\"position\":3,\"name\":\"Double Wall Glass Bottle with Tea Infuser\"}]},{\"@type\":\"WebSite\",\"@id\":\"https:\\\/\\\/www.dillerbottle.com\\\/#website\",\"url\":\"https:\\\/\\\/www.dillerbottle.com\\\/\",\"name\":\"Diller Water Bottle Manufacturer\",\"description\":\"Water Bottle Manufacturer\",\"publisher\":{\"@id\":\"https:\\\/\\\/www.dillerbottle.com\\\/#organization\"},\"potentialAction\":[{\"@type\":\"SearchAction\",\"target\":{\"@type\":\"EntryPoint\",\"urlTemplate\":\"https:\\\/\\\/www.dillerbottle.com\\\/?s={search_term_string}\"},\"query-input\":{\"@type\":\"PropertyValueSpecification\",\"valueRequired\":true,\"valueName\":\"search_term_string\"}}],\"inLanguage\":\"es\"},{\"@type\":\"Organization\",\"@id\":\"https:\\\/\\\/www.dillerbottle.com\\\/#organization\",\"name\":\"Diller Water Bottle Manufacturer\",\"url\":\"https:\\\/\\\/www.dillerbottle.com\\\/\",\"logo\":{\"@type\":\"ImageObject\",\"inLanguage\":\"es\",\"@id\":\"https:\\\/\\\/www.dillerbottle.com\\\/#\\\/schema\\\/logo\\\/image\\\/\",\"url\":\"https:\\\/\\\/www.dillerbottle.com\\\/wp-content\\\/uploads\\\/2024\\\/09\\\/49918bfa848dcc1e9f8b509933603ac.png\",\"contentUrl\":\"https:\\\/\\\/www.dillerbottle.com\\\/wp-content\\\/uploads\\\/2024\\\/09\\\/49918bfa848dcc1e9f8b509933603ac.png\",\"width\":988,\"height\":198,\"caption\":\"Diller Water Bottle Manufacturer\"},\"image\":{\"@id\":\"https:\\\/\\\/www.dillerbottle.com\\\/#\\\/schema\\\/logo\\\/image\\\/\"}}]}<\/script>\n<!-- \/ Yoast SEO Premium plugin. -->","yoast_head_json":{"title":"Botella de vidrio de doble pared con infusor de t\u00e9 - Fabricante de botellas de agua Diller","description":"Como uno de los mejores fabricantes y proveedores de botellas de vidrio de doble pared con infusor de t\u00e9, nos dedicamos a la fabricaci\u00f3n de botellas de agua de buena calidad. Le damos una c\u00e1lida bienvenida para que compre al por mayor o botellas de vidrio de doble pared hechas a medida con infusor de t\u00e9 a un precio competitivo. Adem\u00e1s, aceptamos pedidos de peque\u00f1as cantidades.","robots":{"index":"index","follow":"follow","max-snippet":"max-snippet:-1","max-image-preview":"max-image-preview:large","max-video-preview":"max-video-preview:-1"},"canonical":"https:\/\/www.dillerbottle.com\/es\/productos\/botella-de-vidrio-de-doble-pared-con-infusor-de-te","og_locale":"es_ES","og_type":"article","og_title":"Double Wall Glass Bottle with Tea Infuser","og_description":"As one of the best double wall glass bottle with tea infuser manufacturers and suppliers, we are engaged in manufacturing good quality water bottles. We warmly welcome you to wholesale or buy custom made double wall glass bottle with tea infuser at competitive price from us. Also, small quantity orders are acceptable.","og_url":"https:\/\/www.dillerbottle.com\/es\/productos\/botella-de-vidrio-de-doble-pared-con-infusor-de-te","og_site_name":"Diller Water Bottle Manufacturer","article_modified_time":"2025-07-09T08:36:02+00:00","og_image":[{"width":730,"height":730,"url":"https:\/\/www.dillerbottle.com\/wp-content\/uploads\/2024\/09\/double-wall-glass-bottle-with-tea-infuser37011482428.jpg","type":"image\/jpeg"}],"twitter_card":"summary_large_image","twitter_misc":{"Tiempo de lectura":"2 minutos"},"schema":{"@context":"https:\/\/schema.org","@graph":[{"@type":"WebPage","@id":"https:\/\/www.dillerbottle.com\/ar\/%d9%85%d9%86%d8%aa%d8%ac%d8%a7%d8%aa\/%d8%b2%d8%ac%d8%a7%d8%ac%d8%a9-%d8%b2%d8%ac%d8%a7%d8%ac%d9%8a%d8%a9-%d9%85%d8%b2%d8%af%d9%88%d8%ac%d8%a9-%d8%a7%d9%84%d8%ac%d8%af%d8%a7%d8%b1-%d9%85%d8%b9-%d9%85%d8%b5%d9%81%d8%a7%d8%a9-%d8%b4%d8%a7","url":"https:\/\/www.dillerbottle.com\/ar\/%d9%85%d9%86%d8%aa%d8%ac%d8%a7%d8%aa\/%d8%b2%d8%ac%d8%a7%d8%ac%d8%a9-%d8%b2%d8%ac%d8%a7%d8%ac%d9%8a%d8%a9-%d9%85%d8%b2%d8%af%d9%88%d8%ac%d8%a9-%d8%a7%d9%84%d8%ac%d8%af%d8%a7%d8%b1-%d9%85%d8%b9-%d9%85%d8%b5%d9%81%d8%a7%d8%a9-%d8%b4%d8%a7","name":"Botella de vidrio de doble pared con infusor de t\u00e9 - Fabricante de botellas de agua Diller","isPartOf":{"@id":"https:\/\/www.dillerbottle.com\/#website"},"primaryImageOfPage":{"@id":"https:\/\/www.dillerbottle.com\/ar\/%d9%85%d9%86%d8%aa%d8%ac%d8%a7%d8%aa\/%d8%b2%d8%ac%d8%a7%d8%ac%d8%a9-%d8%b2%d8%ac%d8%a7%d8%ac%d9%8a%d8%a9-%d9%85%d8%b2%d8%af%d9%88%d8%ac%d8%a9-%d8%a7%d9%84%d8%ac%d8%af%d8%a7%d8%b1-%d9%85%d8%b9-%d9%85%d8%b5%d9%81%d8%a7%d8%a9-%d8%b4%d8%a7#primaryimage"},"image":{"@id":"https:\/\/www.dillerbottle.com\/ar\/%d9%85%d9%86%d8%aa%d8%ac%d8%a7%d8%aa\/%d8%b2%d8%ac%d8%a7%d8%ac%d8%a9-%d8%b2%d8%ac%d8%a7%d8%ac%d9%8a%d8%a9-%d9%85%d8%b2%d8%af%d9%88%d8%ac%d8%a9-%d8%a7%d9%84%d8%ac%d8%af%d8%a7%d8%b1-%d9%85%d8%b9-%d9%85%d8%b5%d9%81%d8%a7%d8%a9-%d8%b4%d8%a7#primaryimage"},"thumbnailUrl":"https:\/\/www.dillerbottle.com\/wp-content\/uploads\/2024\/09\/double-wall-glass-bottle-with-tea-infuser37011482428.jpg","datePublished":"2024-09-29T02:01:57+00:00","dateModified":"2025-07-09T08:36:02+00:00","description":"Como uno de los mejores fabricantes y proveedores de botellas de vidrio de doble pared con infusor de t\u00e9, nos dedicamos a la fabricaci\u00f3n de botellas de agua de buena calidad. Le damos una c\u00e1lida bienvenida para que compre al por mayor o botellas de vidrio de doble pared hechas a medida con infusor de t\u00e9 a un precio competitivo. Adem\u00e1s, aceptamos pedidos de peque\u00f1as cantidades.","breadcrumb":{"@id":"https:\/\/www.dillerbottle.com\/ar\/%d9%85%d9%86%d8%aa%d8%ac%d8%a7%d8%aa\/%d8%b2%d8%ac%d8%a7%d8%ac%d8%a9-%d8%b2%d8%ac%d8%a7%d8%ac%d9%8a%d8%a9-%d9%85%d8%b2%d8%af%d9%88%d8%ac%d8%a9-%d8%a7%d9%84%d8%ac%d8%af%d8%a7%d8%b1-%d9%85%d8%b9-%d9%85%d8%b5%d9%81%d8%a7%d8%a9-%d8%b4%d8%a7#breadcrumb"},"inLanguage":"es","potentialAction":[{"@type":"ReadAction","target":["https:\/\/www.dillerbottle.com\/ar\/%d9%85%d9%86%d8%aa%d8%ac%d8%a7%d8%aa\/%d8%b2%d8%ac%d8%a7%d8%ac%d8%a9-%d8%b2%d8%ac%d8%a7%d8%ac%d9%8a%d8%a9-%d9%85%d8%b2%d8%af%d9%88%d8%ac%d8%a9-%d8%a7%d9%84%d8%ac%d8%af%d8%a7%d8%b1-%d9%85%d8%b9-%d9%85%d8%b5%d9%81%d8%a7%d8%a9-%d8%b4%d8%a7"]}]},{"@type":"ImageObject","inLanguage":"es","@id":"https:\/\/www.dillerbottle.com\/ar\/%d9%85%d9%86%d8%aa%d8%ac%d8%a7%d8%aa\/%d8%b2%d8%ac%d8%a7%d8%ac%d8%a9-%d8%b2%d8%ac%d8%a7%d8%ac%d9%8a%d8%a9-%d9%85%d8%b2%d8%af%d9%88%d8%ac%d8%a9-%d8%a7%d9%84%d8%ac%d8%af%d8%a7%d8%b1-%d9%85%d8%b9-%d9%85%d8%b5%d9%81%d8%a7%d8%a9-%d8%b4%d8%a7#primaryimage","url":"https:\/\/www.dillerbottle.com\/wp-content\/uploads\/2024\/09\/double-wall-glass-bottle-with-tea-infuser37011482428.jpg","contentUrl":"https:\/\/www.dillerbottle.com\/wp-content\/uploads\/2024\/09\/double-wall-glass-bottle-with-tea-infuser37011482428.jpg","width":730,"height":730},{"@type":"BreadcrumbList","@id":"https:\/\/www.dillerbottle.com\/ar\/%d9%85%d9%86%d8%aa%d8%ac%d8%a7%d8%aa\/%d8%b2%d8%ac%d8%a7%d8%ac%d8%a9-%d8%b2%d8%ac%d8%a7%d8%ac%d9%8a%d8%a9-%d9%85%d8%b2%d8%af%d9%88%d8%ac%d8%a9-%d8%a7%d9%84%d8%ac%d8%af%d8%a7%d8%b1-%d9%85%d8%b9-%d9%85%d8%b5%d9%81%d8%a7%d8%a9-%d8%b4%d8%a7#breadcrumb","itemListElement":[{"@type":"ListItem","position":1,"name":"Home","item":"https:\/\/www.dillerbottle.com\/"},{"@type":"ListItem","position":2,"name":"Products","item":"https:\/\/www.dillerbottle.com\/shop"},{"@type":"ListItem","position":3,"name":"Double Wall Glass Bottle with Tea Infuser"}]},{"@type":"WebSite","@id":"https:\/\/www.dillerbottle.com\/#website","url":"https:\/\/www.dillerbottle.com\/","name":"Fabricante de botellas de agua Diller","description":"Fabricante de botellas de agua","publisher":{"@id":"https:\/\/www.dillerbottle.com\/#organization"},"potentialAction":[{"@type":"SearchAction","target":{"@type":"EntryPoint","urlTemplate":"https:\/\/www.dillerbottle.com\/?s={search_term_string}"},"query-input":{"@type":"PropertyValueSpecification","valueRequired":true,"valueName":"search_term_string"}}],"inLanguage":"es"},{"@type":"Organization","@id":"https:\/\/www.dillerbottle.com\/#organization","name":"Fabricante de botellas de agua Diller","url":"https:\/\/www.dillerbottle.com\/","logo":{"@type":"ImageObject","inLanguage":"es","@id":"https:\/\/www.dillerbottle.com\/#\/schema\/logo\/image\/","url":"https:\/\/www.dillerbottle.com\/wp-content\/uploads\/2024\/09\/49918bfa848dcc1e9f8b509933603ac.png","contentUrl":"https:\/\/www.dillerbottle.com\/wp-content\/uploads\/2024\/09\/49918bfa848dcc1e9f8b509933603ac.png","width":988,"height":198,"caption":"Diller Water Bottle Manufacturer"},"image":{"@id":"https:\/\/www.dillerbottle.com\/#\/schema\/logo\/image\/"}}]}},"_links":{"self":[{"href":"https:\/\/www.dillerbottle.com\/es\/wp-json\/wp\/v2\/product\/7668","targetHints":{"allow":["GET"]}}],"collection":[{"href":"https:\/\/www.dillerbottle.com\/es\/wp-json\/wp\/v2\/product"}],"about":[{"href":"https:\/\/www.dillerbottle.com\/es\/wp-json\/wp\/v2\/types\/product"}],"replies":[{"embeddable":true,"href":"https:\/\/www.dillerbottle.com\/es\/wp-json\/wp\/v2\/comments?post=7668"}],"wp:featuredmedia":[{"embeddable":true,"href":"https:\/\/www.dillerbottle.com\/es\/wp-json\/wp\/v2\/media\/7669"}],"wp:attachment":[{"href":"https:\/\/www.dillerbottle.com\/es\/wp-json\/wp\/v2\/media?parent=7668"}],"wp:term":[{"taxonomy":"product_brand","embeddable":true,"href":"https:\/\/www.dillerbottle.com\/es\/wp-json\/wp\/v2\/product_brand?post=7668"},{"taxonomy":"product_cat","embeddable":true,"href":"https:\/\/www.dillerbottle.com\/es\/wp-json\/wp\/v2\/product_cat?post=7668"},{"taxonomy":"product_tag","embeddable":true,"href":"https:\/\/www.dillerbottle.com\/es\/wp-json\/wp\/v2\/product_tag?post=7668"}],"curies":[{"name":"Gracias","href":"https:\/\/api.w.org\/{rel}","templated":true}]}}