{"id":7785,"date":"2024-09-29T14:08:15","date_gmt":"2024-09-29T06:08:15","guid":{"rendered":"https:\/\/demo.dillerbottle.com\/products\/insulated-water-bottle-with-handle"},"modified":"2026-04-29T06:00:13","modified_gmt":"2026-04-28T22:00:13","slug":"botella-de-agua-aislada-con-asa","status":"publish","type":"product","link":"https:\/\/www.dillerbottle.com\/es\/products\/insulated-water-bottle-with-handle","title":{"rendered":"Botella de agua aislada con asa"},"content":{"rendered":"<p>1. La botella de agua aislada con asa viene en acero inoxidable de doble capa y sellada al vac\u00edo para mantener la bebida FR\u00cdA hasta por 12 horas y CALIENTE hasta por 6 horas.<\/p>\n<p>2. La botella de agua aislada con asa est\u00e1 hecha de acero inoxidable 18\/8 (304), que es 100% libre de BPA y no t\u00f3xico. Nuestro innovador proceso de fabricaci\u00f3n garantiza que su botella nunca sude ni gotee.<\/p>\n<p>3. Estuche resistente a la condensaci\u00f3n recubierto de polvo mate para sujetar la botella f\u00e1cilmente, no m\u00e1s sudor para mojarte las manos o el asiento del autom\u00f3vil. Tambi\u00e9n hay un asa sobre la tapa de la taza, lo que la hace m\u00e1s c\u00f3moda de llevar cuando sales.<\/p>\n<p>4. La botella con aislamiento se adapta a algunos portabotellas y portabotellas de bicicleta est\u00e1ndar. Es ideal para cualquier equipo: b\u00e9isbol, baloncesto, f\u00fatbol, hockey, ciclismo, porristas, eventos deportivos y para usar en el gimnasio. Tambi\u00e9n es ideal para el trabajo, yoga, senderismo, entrenamiento y ejercicio.<\/p>\n<p>Nuestros productos tienen certificados de patente y han pasado las certificaciones ISO, SGS, BSCI, SEDEX, FDA, LFGB, CERTIFICADO DE PATENTE DE DISE\u00d1O DE APARIENCIA, etc.<\/p>\n<div style=\"width: 640px;\" class=\"wp-video\"><video class=\"wp-video-shortcode\" id=\"video-7785-1\" width=\"640\" height=\"360\" preload=\"metadata\" controls=\"controls\"><source type=\"video\/mp4\" src=\"\/wp-content\/uploads\/2024\/09\/66f8eed42786c-video202302131740485041646.mp4?_=1\" \/><a href=\"\/wp-content\/uploads\/2024\/09\/66f8eed42786c-video202302131740485041646.mp4\">\/wp-content\/uploads\/2024\/09\/66f8eed42786c-video202302131740485041646.mp4<\/a><\/video><\/div>","protected":false},"excerpt":{"rendered":"<p>Esta botella de agua aislada con asa est\u00e1 hecha de acero inoxidable duradero.<br \/>\nEste termo de metal con aislamiento al vac\u00edo puede mantener el contenido caliente o helado durante 6 a 12 horas.<br \/>\nEl asa en la tapa de la taza es m\u00e1s c\u00f3moda de llevar.<br \/>\nEstuche resistente a la condensaci\u00f3n recubierto de polvo mate para sujetar la botella f\u00e1cilmente, no m\u00e1s sudor para mojar tus manos o el asiento del auto.<br \/>\nAceptamos servicios OEM y ODM.<br \/>\nPodemos personalizar el termo de metal seg\u00fan sus requisitos.<br \/>\n\u00a1Bienvenido a la compra al por mayor, env\u00ede su consulta ahora!<\/p>","protected":false},"featured_media":7786,"comment_status":"open","ping_status":"closed","template":"","meta":{"_acf_changed":false},"product_brand":[],"product_cat":[18],"product_tag":[32,36,33,31,683,39,38,679,680,677,29,37,34,35,681,28,682,678,30],"class_list":{"0":"post-7785","1":"product","2":"type-product","3":"status-publish","4":"has-post-thumbnail","6":"product_cat-insulated-water-bottle","7":"product_tag-best","8":"product_tag-bulk","9":"product_tag-buy","10":"product_tag-custom","11":"product_tag-custom-water-bottles","12":"product_tag-for-sale","13":"product_tag-good-quality","14":"product_tag-gym-oem-double-wall-stainless-steel-water-bottles","15":"product_tag-hot-water-bottle-with-cover","16":"product_tag-insulated-water-bottle-with-handle","17":"product_tag-manufacturers","18":"product_tag-manufacturing","19":"product_tag-price","20":"product_tag-small","21":"product_tag-stainless-steel-vacuum-insulated-water-bottle","22":"product_tag-suppliers","23":"product_tag-temperature-water-bottle","24":"product_tag-water-bottle-metal-stainless-steel","25":"product_tag-wholesale","27":"first","28":"instock","29":"featured","30":"shipping-taxable","31":"product-type-simple"},"acf":[],"yoast_head":"<!-- This site is optimized with the Yoast SEO Premium plugin v27.5 (Yoast SEO v27.5) - https:\/\/yoast.com\/product\/yoast-seo-premium-wordpress\/ -->\n<title>Insulated Water Bottle With Handle - Diller Water Bottle Manufacturer<\/title>\n<meta name=\"description\" content=\"As one of the best insulated water bottle with handle manufacturers and suppliers, we are engaged in manufacturing good quality water bottles. We warmly welcome you to wholesale or buy custom made insulated water bottle with handle at competitive price from us. Also, small quantity orders are acceptable.\" \/>\n<meta name=\"robots\" content=\"index, follow, max-snippet:-1, max-image-preview:large, max-video-preview:-1\" \/>\n<link rel=\"canonical\" href=\"https:\/\/www.dillerbottle.com\/es\/productos\/botella-de-agua-aislada-con-asa\" \/>\n<meta property=\"og:locale\" content=\"es_ES\" \/>\n<meta property=\"og:type\" content=\"article\" \/>\n<meta property=\"og:title\" content=\"Insulated Water Bottle With Handle\" \/>\n<meta property=\"og:description\" content=\"As one of the best insulated water bottle with handle manufacturers and suppliers, we are engaged in manufacturing good quality water bottles. We warmly welcome you to wholesale or buy custom made insulated water bottle with handle at competitive price from us. Also, small quantity orders are acceptable.\" \/>\n<meta property=\"og:url\" content=\"https:\/\/www.dillerbottle.com\/es\/productos\/botella-de-agua-aislada-con-asa\" \/>\n<meta property=\"og:site_name\" content=\"Diller Water Bottle Manufacturer\" \/>\n<meta property=\"article:modified_time\" content=\"2026-04-28T22:00:13+00:00\" \/>\n<meta property=\"og:image\" content=\"https:\/\/www.dillerbottle.com\/wp-content\/uploads\/2024\/09\/insulated-water-bottle-with-handle67417f91-77e9-462c-8580-d1cbfa2525a1.jpg\" \/>\n\t<meta property=\"og:image:width\" content=\"730\" \/>\n\t<meta property=\"og:image:height\" content=\"730\" \/>\n\t<meta property=\"og:image:type\" content=\"image\/jpeg\" \/>\n<meta name=\"twitter:card\" content=\"summary_large_image\" \/>\n<meta name=\"twitter:label1\" content=\"Tiempo de lectura\" \/>\n\t<meta name=\"twitter:data1\" content=\"4 minutos\" \/>\n<script type=\"application\/ld+json\" class=\"yoast-schema-graph\">{\"@context\":\"https:\\\/\\\/schema.org\",\"@graph\":[{\"@type\":\"WebPage\",\"@id\":\"https:\\\/\\\/www.dillerbottle.com\\\/ar\\\/%d9%85%d9%86%d8%aa%d8%ac%d8%a7%d8%aa\\\/%d8%b2%d8%ac%d8%a7%d8%ac%d8%a9-%d9%85%d8%a7%d8%a1-%d9%85%d8%b9%d8%b2%d9%88%d9%84%d8%a9-%d8%a8%d9%85%d9%82%d8%a8%d8%b6\",\"url\":\"https:\\\/\\\/www.dillerbottle.com\\\/ar\\\/%d9%85%d9%86%d8%aa%d8%ac%d8%a7%d8%aa\\\/%d8%b2%d8%ac%d8%a7%d8%ac%d8%a9-%d9%85%d8%a7%d8%a1-%d9%85%d8%b9%d8%b2%d9%88%d9%84%d8%a9-%d8%a8%d9%85%d9%82%d8%a8%d8%b6\",\"name\":\"Insulated Water Bottle With Handle - Diller Water Bottle Manufacturer\",\"isPartOf\":{\"@id\":\"https:\\\/\\\/www.dillerbottle.com\\\/#website\"},\"primaryImageOfPage\":{\"@id\":\"https:\\\/\\\/www.dillerbottle.com\\\/ar\\\/%d9%85%d9%86%d8%aa%d8%ac%d8%a7%d8%aa\\\/%d8%b2%d8%ac%d8%a7%d8%ac%d8%a9-%d9%85%d8%a7%d8%a1-%d9%85%d8%b9%d8%b2%d9%88%d9%84%d8%a9-%d8%a8%d9%85%d9%82%d8%a8%d8%b6#primaryimage\"},\"image\":{\"@id\":\"https:\\\/\\\/www.dillerbottle.com\\\/ar\\\/%d9%85%d9%86%d8%aa%d8%ac%d8%a7%d8%aa\\\/%d8%b2%d8%ac%d8%a7%d8%ac%d8%a9-%d9%85%d8%a7%d8%a1-%d9%85%d8%b9%d8%b2%d9%88%d9%84%d8%a9-%d8%a8%d9%85%d9%82%d8%a8%d8%b6#primaryimage\"},\"thumbnailUrl\":\"https:\\\/\\\/www.dillerbottle.com\\\/wp-content\\\/uploads\\\/2024\\\/09\\\/insulated-water-bottle-with-handle67417f91-77e9-462c-8580-d1cbfa2525a1.jpg\",\"datePublished\":\"2024-09-29T06:08:15+00:00\",\"dateModified\":\"2026-04-28T22:00:13+00:00\",\"description\":\"As one of the best insulated water bottle with handle manufacturers and suppliers, we are engaged in manufacturing good quality water bottles. We warmly welcome you to wholesale or buy custom made insulated water bottle with handle at competitive price from us. Also, small quantity orders are acceptable.\",\"breadcrumb\":{\"@id\":\"https:\\\/\\\/www.dillerbottle.com\\\/ar\\\/%d9%85%d9%86%d8%aa%d8%ac%d8%a7%d8%aa\\\/%d8%b2%d8%ac%d8%a7%d8%ac%d8%a9-%d9%85%d8%a7%d8%a1-%d9%85%d8%b9%d8%b2%d9%88%d9%84%d8%a9-%d8%a8%d9%85%d9%82%d8%a8%d8%b6#breadcrumb\"},\"inLanguage\":\"es\",\"potentialAction\":[{\"@type\":\"ReadAction\",\"target\":[\"https:\\\/\\\/www.dillerbottle.com\\\/ar\\\/%d9%85%d9%86%d8%aa%d8%ac%d8%a7%d8%aa\\\/%d8%b2%d8%ac%d8%a7%d8%ac%d8%a9-%d9%85%d8%a7%d8%a1-%d9%85%d8%b9%d8%b2%d9%88%d9%84%d8%a9-%d8%a8%d9%85%d9%82%d8%a8%d8%b6\"]}]},{\"@type\":\"ImageObject\",\"inLanguage\":\"es\",\"@id\":\"https:\\\/\\\/www.dillerbottle.com\\\/ar\\\/%d9%85%d9%86%d8%aa%d8%ac%d8%a7%d8%aa\\\/%d8%b2%d8%ac%d8%a7%d8%ac%d8%a9-%d9%85%d8%a7%d8%a1-%d9%85%d8%b9%d8%b2%d9%88%d9%84%d8%a9-%d8%a8%d9%85%d9%82%d8%a8%d8%b6#primaryimage\",\"url\":\"https:\\\/\\\/www.dillerbottle.com\\\/wp-content\\\/uploads\\\/2024\\\/09\\\/insulated-water-bottle-with-handle67417f91-77e9-462c-8580-d1cbfa2525a1.jpg\",\"contentUrl\":\"https:\\\/\\\/www.dillerbottle.com\\\/wp-content\\\/uploads\\\/2024\\\/09\\\/insulated-water-bottle-with-handle67417f91-77e9-462c-8580-d1cbfa2525a1.jpg\",\"width\":730,\"height\":730},{\"@type\":\"BreadcrumbList\",\"@id\":\"https:\\\/\\\/www.dillerbottle.com\\\/ar\\\/%d9%85%d9%86%d8%aa%d8%ac%d8%a7%d8%aa\\\/%d8%b2%d8%ac%d8%a7%d8%ac%d8%a9-%d9%85%d8%a7%d8%a1-%d9%85%d8%b9%d8%b2%d9%88%d9%84%d8%a9-%d8%a8%d9%85%d9%82%d8%a8%d8%b6#breadcrumb\",\"itemListElement\":[{\"@type\":\"ListItem\",\"position\":1,\"name\":\"Home\",\"item\":\"https:\\\/\\\/www.dillerbottle.com\\\/\"},{\"@type\":\"ListItem\",\"position\":2,\"name\":\"Products\",\"item\":\"https:\\\/\\\/www.dillerbottle.com\\\/shop\"},{\"@type\":\"ListItem\",\"position\":3,\"name\":\"Insulated Water Bottle With Handle\"}]},{\"@type\":\"WebSite\",\"@id\":\"https:\\\/\\\/www.dillerbottle.com\\\/#website\",\"url\":\"https:\\\/\\\/www.dillerbottle.com\\\/\",\"name\":\"Diller Water Bottle Manufacturer\",\"description\":\"Water Bottle Manufacturer\",\"publisher\":{\"@id\":\"https:\\\/\\\/www.dillerbottle.com\\\/#organization\"},\"potentialAction\":[{\"@type\":\"SearchAction\",\"target\":{\"@type\":\"EntryPoint\",\"urlTemplate\":\"https:\\\/\\\/www.dillerbottle.com\\\/?s={search_term_string}\"},\"query-input\":{\"@type\":\"PropertyValueSpecification\",\"valueRequired\":true,\"valueName\":\"search_term_string\"}}],\"inLanguage\":\"es\"},{\"@type\":\"Organization\",\"@id\":\"https:\\\/\\\/www.dillerbottle.com\\\/#organization\",\"name\":\"Diller Water Bottle Manufacturer\",\"url\":\"https:\\\/\\\/www.dillerbottle.com\\\/\",\"logo\":{\"@type\":\"ImageObject\",\"inLanguage\":\"es\",\"@id\":\"https:\\\/\\\/www.dillerbottle.com\\\/#\\\/schema\\\/logo\\\/image\\\/\",\"url\":\"https:\\\/\\\/www.dillerbottle.com\\\/wp-content\\\/uploads\\\/2024\\\/09\\\/49918bfa848dcc1e9f8b509933603ac.png\",\"contentUrl\":\"https:\\\/\\\/www.dillerbottle.com\\\/wp-content\\\/uploads\\\/2024\\\/09\\\/49918bfa848dcc1e9f8b509933603ac.png\",\"width\":988,\"height\":198,\"caption\":\"Diller Water Bottle Manufacturer\"},\"image\":{\"@id\":\"https:\\\/\\\/www.dillerbottle.com\\\/#\\\/schema\\\/logo\\\/image\\\/\"}}]}<\/script>\n<!-- \/ Yoast SEO Premium plugin. -->","yoast_head_json":{"title":"Botella de agua aislada con asa - Fabricante de botellas de agua Diller","description":"Como uno de los mejores fabricantes y proveedores de botellas de agua con asa, nos dedicamos a la fabricaci\u00f3n de botellas de agua de buena calidad. Le damos una c\u00e1lida bienvenida para que compre al por mayor o botellas de agua con asa hechas a medida a un precio competitivo. Tambi\u00e9n aceptamos pedidos de peque\u00f1as cantidades.","robots":{"index":"index","follow":"follow","max-snippet":"max-snippet:-1","max-image-preview":"max-image-preview:large","max-video-preview":"max-video-preview:-1"},"canonical":"https:\/\/www.dillerbottle.com\/es\/productos\/botella-de-agua-aislada-con-asa","og_locale":"es_ES","og_type":"article","og_title":"Insulated Water Bottle With Handle","og_description":"As one of the best insulated water bottle with handle manufacturers and suppliers, we are engaged in manufacturing good quality water bottles. We warmly welcome you to wholesale or buy custom made insulated water bottle with handle at competitive price from us. Also, small quantity orders are acceptable.","og_url":"https:\/\/www.dillerbottle.com\/es\/productos\/botella-de-agua-aislada-con-asa","og_site_name":"Diller Water Bottle Manufacturer","article_modified_time":"2026-04-28T22:00:13+00:00","og_image":[{"width":730,"height":730,"url":"https:\/\/www.dillerbottle.com\/wp-content\/uploads\/2024\/09\/insulated-water-bottle-with-handle67417f91-77e9-462c-8580-d1cbfa2525a1.jpg","type":"image\/jpeg"}],"twitter_card":"summary_large_image","twitter_misc":{"Tiempo de lectura":"4 minutos"},"schema":{"@context":"https:\/\/schema.org","@graph":[{"@type":"WebPage","@id":"https:\/\/www.dillerbottle.com\/ar\/%d9%85%d9%86%d8%aa%d8%ac%d8%a7%d8%aa\/%d8%b2%d8%ac%d8%a7%d8%ac%d8%a9-%d9%85%d8%a7%d8%a1-%d9%85%d8%b9%d8%b2%d9%88%d9%84%d8%a9-%d8%a8%d9%85%d9%82%d8%a8%d8%b6","url":"https:\/\/www.dillerbottle.com\/ar\/%d9%85%d9%86%d8%aa%d8%ac%d8%a7%d8%aa\/%d8%b2%d8%ac%d8%a7%d8%ac%d8%a9-%d9%85%d8%a7%d8%a1-%d9%85%d8%b9%d8%b2%d9%88%d9%84%d8%a9-%d8%a8%d9%85%d9%82%d8%a8%d8%b6","name":"Botella de agua aislada con asa - Fabricante de botellas de agua Diller","isPartOf":{"@id":"https:\/\/www.dillerbottle.com\/#website"},"primaryImageOfPage":{"@id":"https:\/\/www.dillerbottle.com\/ar\/%d9%85%d9%86%d8%aa%d8%ac%d8%a7%d8%aa\/%d8%b2%d8%ac%d8%a7%d8%ac%d8%a9-%d9%85%d8%a7%d8%a1-%d9%85%d8%b9%d8%b2%d9%88%d9%84%d8%a9-%d8%a8%d9%85%d9%82%d8%a8%d8%b6#primaryimage"},"image":{"@id":"https:\/\/www.dillerbottle.com\/ar\/%d9%85%d9%86%d8%aa%d8%ac%d8%a7%d8%aa\/%d8%b2%d8%ac%d8%a7%d8%ac%d8%a9-%d9%85%d8%a7%d8%a1-%d9%85%d8%b9%d8%b2%d9%88%d9%84%d8%a9-%d8%a8%d9%85%d9%82%d8%a8%d8%b6#primaryimage"},"thumbnailUrl":"https:\/\/www.dillerbottle.com\/wp-content\/uploads\/2024\/09\/insulated-water-bottle-with-handle67417f91-77e9-462c-8580-d1cbfa2525a1.jpg","datePublished":"2024-09-29T06:08:15+00:00","dateModified":"2026-04-28T22:00:13+00:00","description":"Como uno de los mejores fabricantes y proveedores de botellas de agua con asa, nos dedicamos a la fabricaci\u00f3n de botellas de agua de buena calidad. Le damos una c\u00e1lida bienvenida para que compre al por mayor o botellas de agua con asa hechas a medida a un precio competitivo. Tambi\u00e9n aceptamos pedidos de peque\u00f1as cantidades.","breadcrumb":{"@id":"https:\/\/www.dillerbottle.com\/ar\/%d9%85%d9%86%d8%aa%d8%ac%d8%a7%d8%aa\/%d8%b2%d8%ac%d8%a7%d8%ac%d8%a9-%d9%85%d8%a7%d8%a1-%d9%85%d8%b9%d8%b2%d9%88%d9%84%d8%a9-%d8%a8%d9%85%d9%82%d8%a8%d8%b6#breadcrumb"},"inLanguage":"es","potentialAction":[{"@type":"ReadAction","target":["https:\/\/www.dillerbottle.com\/ar\/%d9%85%d9%86%d8%aa%d8%ac%d8%a7%d8%aa\/%d8%b2%d8%ac%d8%a7%d8%ac%d8%a9-%d9%85%d8%a7%d8%a1-%d9%85%d8%b9%d8%b2%d9%88%d9%84%d8%a9-%d8%a8%d9%85%d9%82%d8%a8%d8%b6"]}]},{"@type":"ImageObject","inLanguage":"es","@id":"https:\/\/www.dillerbottle.com\/ar\/%d9%85%d9%86%d8%aa%d8%ac%d8%a7%d8%aa\/%d8%b2%d8%ac%d8%a7%d8%ac%d8%a9-%d9%85%d8%a7%d8%a1-%d9%85%d8%b9%d8%b2%d9%88%d9%84%d8%a9-%d8%a8%d9%85%d9%82%d8%a8%d8%b6#primaryimage","url":"https:\/\/www.dillerbottle.com\/wp-content\/uploads\/2024\/09\/insulated-water-bottle-with-handle67417f91-77e9-462c-8580-d1cbfa2525a1.jpg","contentUrl":"https:\/\/www.dillerbottle.com\/wp-content\/uploads\/2024\/09\/insulated-water-bottle-with-handle67417f91-77e9-462c-8580-d1cbfa2525a1.jpg","width":730,"height":730},{"@type":"BreadcrumbList","@id":"https:\/\/www.dillerbottle.com\/ar\/%d9%85%d9%86%d8%aa%d8%ac%d8%a7%d8%aa\/%d8%b2%d8%ac%d8%a7%d8%ac%d8%a9-%d9%85%d8%a7%d8%a1-%d9%85%d8%b9%d8%b2%d9%88%d9%84%d8%a9-%d8%a8%d9%85%d9%82%d8%a8%d8%b6#breadcrumb","itemListElement":[{"@type":"ListItem","position":1,"name":"Home","item":"https:\/\/www.dillerbottle.com\/"},{"@type":"ListItem","position":2,"name":"Products","item":"https:\/\/www.dillerbottle.com\/shop"},{"@type":"ListItem","position":3,"name":"Insulated Water Bottle With Handle"}]},{"@type":"WebSite","@id":"https:\/\/www.dillerbottle.com\/#website","url":"https:\/\/www.dillerbottle.com\/","name":"Fabricante de botellas de agua Diller","description":"Fabricante de botellas de agua","publisher":{"@id":"https:\/\/www.dillerbottle.com\/#organization"},"potentialAction":[{"@type":"SearchAction","target":{"@type":"EntryPoint","urlTemplate":"https:\/\/www.dillerbottle.com\/?s={search_term_string}"},"query-input":{"@type":"PropertyValueSpecification","valueRequired":true,"valueName":"search_term_string"}}],"inLanguage":"es"},{"@type":"Organization","@id":"https:\/\/www.dillerbottle.com\/#organization","name":"Fabricante de botellas de agua Diller","url":"https:\/\/www.dillerbottle.com\/","logo":{"@type":"ImageObject","inLanguage":"es","@id":"https:\/\/www.dillerbottle.com\/#\/schema\/logo\/image\/","url":"https:\/\/www.dillerbottle.com\/wp-content\/uploads\/2024\/09\/49918bfa848dcc1e9f8b509933603ac.png","contentUrl":"https:\/\/www.dillerbottle.com\/wp-content\/uploads\/2024\/09\/49918bfa848dcc1e9f8b509933603ac.png","width":988,"height":198,"caption":"Diller Water Bottle Manufacturer"},"image":{"@id":"https:\/\/www.dillerbottle.com\/#\/schema\/logo\/image\/"}}]}},"_links":{"self":[{"href":"https:\/\/www.dillerbottle.com\/es\/wp-json\/wp\/v2\/product\/7785","targetHints":{"allow":["GET"]}}],"collection":[{"href":"https:\/\/www.dillerbottle.com\/es\/wp-json\/wp\/v2\/product"}],"about":[{"href":"https:\/\/www.dillerbottle.com\/es\/wp-json\/wp\/v2\/types\/product"}],"replies":[{"embeddable":true,"href":"https:\/\/www.dillerbottle.com\/es\/wp-json\/wp\/v2\/comments?post=7785"}],"wp:featuredmedia":[{"embeddable":true,"href":"https:\/\/www.dillerbottle.com\/es\/wp-json\/wp\/v2\/media\/7786"}],"wp:attachment":[{"href":"https:\/\/www.dillerbottle.com\/es\/wp-json\/wp\/v2\/media?parent=7785"}],"wp:term":[{"taxonomy":"product_brand","embeddable":true,"href":"https:\/\/www.dillerbottle.com\/es\/wp-json\/wp\/v2\/product_brand?post=7785"},{"taxonomy":"product_cat","embeddable":true,"href":"https:\/\/www.dillerbottle.com\/es\/wp-json\/wp\/v2\/product_cat?post=7785"},{"taxonomy":"product_tag","embeddable":true,"href":"https:\/\/www.dillerbottle.com\/es\/wp-json\/wp\/v2\/product_tag?post=7785"}],"curies":[{"name":"Gracias","href":"https:\/\/api.w.org\/{rel}","templated":true}]}}