{"id":8008,"date":"2024-09-29T14:11:18","date_gmt":"2024-09-29T06:11:18","guid":{"rendered":"https:\/\/demo.dillerbottle.com\/products\/lily-of-the-valley-coffee-mug"},"modified":"2025-07-09T16:26:15","modified_gmt":"2025-07-09T08:26:15","slug":"taza-de-cafe-con-lirio-de-los-valles","status":"publish","type":"product","link":"https:\/\/www.dillerbottle.com\/es\/products\/lily-of-the-valley-coffee-mug","title":{"rendered":"Taza de caf\u00e9 con dise\u00f1o de lirio de los valles"},"content":{"rendered":"<p>1. El revestimiento interior de la taza de caf\u00e9 con dise\u00f1o de lirio de los valles est\u00e1 hecho de acero inoxidable 316 y recubierto con un revestimiento cer\u00e1mico, lo que hace que la taza sea m\u00e1s resistente a la corrosi\u00f3n y m\u00e1s f\u00e1cil de limpiar. Puede mantener el calor o el fr\u00edo hasta 6-12 horas.<\/p>\n<p>2. La tapa abatible a prueba de derrames es simple, segura y f\u00e1cil de usar con una sola mano. Se puede consumir directamente o con una pajita. El dise\u00f1o de cuerpo estrecho hace que sea f\u00e1cil de agarrar y llevar, tambi\u00e9n se adapta a la mayor\u00eda de los portavasos de autom\u00f3viles y cafeteras.<\/p>\n<p>3. Equipado con cuerdas tejidas de moda, se ve bien y es c\u00f3modo de llevar cuando se sale. La tapa de la taza est\u00e1 equipada con un anillo de silicona incorporado, que no teme fugas de agua sin importar c\u00f3mo se coloque.<\/p>\n<p>4. El cuerpo de la taza est\u00e1 dise\u00f1ado con ilustraciones de lirios del valle, elegantes y nobles, lo que lo convierte en un art\u00edculo de moda para llevar al salir.<\/p>\n<p><iframe title=\"Taza de caf\u00e9 de acero inoxidable con revestimiento cer\u00e1mico y pajita de Lily of the Valley MLH9164\" width=\"800\" height=\"450\" src=\"https:\/\/www.youtube.com\/embed\/bSJfw1_4gYE?feature=oembed\" frameborder=\"0\" allow=\"accelerometer; autoplay; clipboard-write; encrypted-media; gyroscope; picture-in-picture; web-share\" referrerpolicy=\"strict-origin-when-cross-origin\" allowfullscreen><\/iframe><\/p>","protected":false},"excerpt":{"rendered":"<p>Esta taza de caf\u00e9 con dise\u00f1o de lirio de los valles est\u00e1 hecha de acero inoxidable 316 duradero y materiales de calidad alimentaria.<br \/>\nEsta taza puede mantener el contenido caliente o helado hasta por 6 horas.<br \/>\nLa tapa abatible a prueba de derrames es sencilla, segura y f\u00e1cil de operar con una sola mano.<br \/>\nSe puede consumir directamente o con pajita.<br \/>\nSu dise\u00f1o de cuerpo estrecho hace que sea f\u00e1cil de agarrar y llevar, tambi\u00e9n se adapta a la mayor\u00eda de los portavasos y cafeteras de autom\u00f3viles.<br \/>\nOEM y ODM aceptables.<br \/>\nPodemos personalizar la taza de caf\u00e9 seg\u00fan sus requisitos.<br \/>\n\u00a1Bienvenido a la compra al por mayor, env\u00ede su consulta ahora!<\/p>","protected":false},"featured_media":8009,"comment_status":"open","ping_status":"closed","template":"","meta":{"_acf_changed":false},"product_brand":[],"product_cat":[18],"product_tag":[32,690,36,33,31,39,38,711,710,29,37,687,34,35,700,712,28,544,30],"class_list":{"0":"post-8008","1":"product","2":"type-product","3":"status-publish","4":"has-post-thumbnail","6":"product_cat-insulated-water-bottle","7":"product_tag-best","8":"product_tag-bottle-water","9":"product_tag-bulk","10":"product_tag-buy","11":"product_tag-custom","12":"product_tag-for-sale","13":"product_tag-good-quality","14":"product_tag-insulated-stainless-steel-water-bottle","15":"product_tag-lily-of-the-valley-coffee-mug","16":"product_tag-manufacturers","17":"product_tag-manufacturing","18":"product_tag-oem-stainless-steel-water-bottle-with-custom-logo","19":"product_tag-price","20":"product_tag-small","21":"product_tag-soft-water-bottle","22":"product_tag-steel-vacuum-water-sport-bottles-with-handle","23":"product_tag-suppliers","24":"product_tag-water-bottle-handle-lifter","25":"product_tag-wholesale","27":"first","28":"instock","29":"shipping-taxable","30":"product-type-simple"},"acf":[],"yoast_head":"<!-- This site is optimized with the Yoast SEO Premium plugin v27.4 (Yoast SEO v27.4) - https:\/\/yoast.com\/product\/yoast-seo-premium-wordpress\/ -->\n<title>Lily Of The Valley Coffee Mug - Diller Water Bottle Manufacturer<\/title>\n<meta name=\"description\" content=\"As one of the best lily of the valley coffee mug manufacturers and suppliers, we are engaged in manufacturing good quality water bottles. We warmly welcome you to wholesale or buy custom made lily of the valley coffee mug at competitive price from us. Also, small quantity orders are acceptable.\" \/>\n<meta name=\"robots\" content=\"index, follow, max-snippet:-1, max-image-preview:large, max-video-preview:-1\" \/>\n<link rel=\"canonical\" href=\"https:\/\/www.dillerbottle.com\/es\/productos\/taza-de-cafe-con-lirio-de-los-valles\" \/>\n<meta property=\"og:locale\" content=\"es_ES\" \/>\n<meta property=\"og:type\" content=\"article\" \/>\n<meta property=\"og:title\" content=\"Lily Of The Valley Coffee Mug\" \/>\n<meta property=\"og:description\" content=\"As one of the best lily of the valley coffee mug manufacturers and suppliers, we are engaged in manufacturing good quality water bottles. We warmly welcome you to wholesale or buy custom made lily of the valley coffee mug at competitive price from us. Also, small quantity orders are acceptable.\" \/>\n<meta property=\"og:url\" content=\"https:\/\/www.dillerbottle.com\/es\/productos\/taza-de-cafe-con-lirio-de-los-valles\" \/>\n<meta property=\"og:site_name\" content=\"Diller Water Bottle Manufacturer\" \/>\n<meta property=\"article:modified_time\" content=\"2025-07-09T08:26:15+00:00\" \/>\n<meta property=\"og:image\" content=\"https:\/\/www.dillerbottle.com\/wp-content\/uploads\/2024\/09\/lily-of-the-valley-coffee-mugb182d948-94d1-4887-9358-7aa7b07693ac.jpg\" \/>\n\t<meta property=\"og:image:width\" content=\"800\" \/>\n\t<meta property=\"og:image:height\" content=\"800\" \/>\n\t<meta property=\"og:image:type\" content=\"image\/jpeg\" \/>\n<meta name=\"twitter:card\" content=\"summary_large_image\" \/>\n<meta name=\"twitter:label1\" content=\"Tiempo de lectura\" \/>\n\t<meta name=\"twitter:data1\" content=\"7 minutos\" \/>\n<script type=\"application\/ld+json\" class=\"yoast-schema-graph\">{\"@context\":\"https:\\\/\\\/schema.org\",\"@graph\":[{\"@type\":\"WebPage\",\"@id\":\"https:\\\/\\\/www.dillerbottle.com\\\/th\\\/%e0%b8%aa%e0%b8%b4%e0%b8%99%e0%b8%84%e0%b9%89%e0%b8%b2\\\/%e0%b9%81%e0%b8%81%e0%b9%89%e0%b8%a7%e0%b8%81%e0%b8%b2%e0%b9%81%e0%b8%9f%e0%b8%94%e0%b8%ad%e0%b8%81%e0%b8%a5%e0%b8%b4%e0%b8%a5%e0%b8%a5%e0%b8%b5%e0%b9%88%e0%b8%ad%e0%b8%ad%e0%b8%9f%e0%b9%80%e0%b8%94\",\"url\":\"https:\\\/\\\/www.dillerbottle.com\\\/th\\\/%e0%b8%aa%e0%b8%b4%e0%b8%99%e0%b8%84%e0%b9%89%e0%b8%b2\\\/%e0%b9%81%e0%b8%81%e0%b9%89%e0%b8%a7%e0%b8%81%e0%b8%b2%e0%b9%81%e0%b8%9f%e0%b8%94%e0%b8%ad%e0%b8%81%e0%b8%a5%e0%b8%b4%e0%b8%a5%e0%b8%a5%e0%b8%b5%e0%b9%88%e0%b8%ad%e0%b8%ad%e0%b8%9f%e0%b9%80%e0%b8%94\",\"name\":\"Lily Of The Valley Coffee Mug - Diller Water Bottle Manufacturer\",\"isPartOf\":{\"@id\":\"https:\\\/\\\/www.dillerbottle.com\\\/#website\"},\"primaryImageOfPage\":{\"@id\":\"https:\\\/\\\/www.dillerbottle.com\\\/th\\\/%e0%b8%aa%e0%b8%b4%e0%b8%99%e0%b8%84%e0%b9%89%e0%b8%b2\\\/%e0%b9%81%e0%b8%81%e0%b9%89%e0%b8%a7%e0%b8%81%e0%b8%b2%e0%b9%81%e0%b8%9f%e0%b8%94%e0%b8%ad%e0%b8%81%e0%b8%a5%e0%b8%b4%e0%b8%a5%e0%b8%a5%e0%b8%b5%e0%b9%88%e0%b8%ad%e0%b8%ad%e0%b8%9f%e0%b9%80%e0%b8%94#primaryimage\"},\"image\":{\"@id\":\"https:\\\/\\\/www.dillerbottle.com\\\/th\\\/%e0%b8%aa%e0%b8%b4%e0%b8%99%e0%b8%84%e0%b9%89%e0%b8%b2\\\/%e0%b9%81%e0%b8%81%e0%b9%89%e0%b8%a7%e0%b8%81%e0%b8%b2%e0%b9%81%e0%b8%9f%e0%b8%94%e0%b8%ad%e0%b8%81%e0%b8%a5%e0%b8%b4%e0%b8%a5%e0%b8%a5%e0%b8%b5%e0%b9%88%e0%b8%ad%e0%b8%ad%e0%b8%9f%e0%b9%80%e0%b8%94#primaryimage\"},\"thumbnailUrl\":\"https:\\\/\\\/www.dillerbottle.com\\\/wp-content\\\/uploads\\\/2024\\\/09\\\/lily-of-the-valley-coffee-mugb182d948-94d1-4887-9358-7aa7b07693ac.jpg\",\"datePublished\":\"2024-09-29T06:11:18+00:00\",\"dateModified\":\"2025-07-09T08:26:15+00:00\",\"description\":\"As one of the best lily of the valley coffee mug manufacturers and suppliers, we are engaged in manufacturing good quality water bottles. We warmly welcome you to wholesale or buy custom made lily of the valley coffee mug at competitive price from us. Also, small quantity orders are acceptable.\",\"breadcrumb\":{\"@id\":\"https:\\\/\\\/www.dillerbottle.com\\\/th\\\/%e0%b8%aa%e0%b8%b4%e0%b8%99%e0%b8%84%e0%b9%89%e0%b8%b2\\\/%e0%b9%81%e0%b8%81%e0%b9%89%e0%b8%a7%e0%b8%81%e0%b8%b2%e0%b9%81%e0%b8%9f%e0%b8%94%e0%b8%ad%e0%b8%81%e0%b8%a5%e0%b8%b4%e0%b8%a5%e0%b8%a5%e0%b8%b5%e0%b9%88%e0%b8%ad%e0%b8%ad%e0%b8%9f%e0%b9%80%e0%b8%94#breadcrumb\"},\"inLanguage\":\"es\",\"potentialAction\":[{\"@type\":\"ReadAction\",\"target\":[\"https:\\\/\\\/www.dillerbottle.com\\\/th\\\/%e0%b8%aa%e0%b8%b4%e0%b8%99%e0%b8%84%e0%b9%89%e0%b8%b2\\\/%e0%b9%81%e0%b8%81%e0%b9%89%e0%b8%a7%e0%b8%81%e0%b8%b2%e0%b9%81%e0%b8%9f%e0%b8%94%e0%b8%ad%e0%b8%81%e0%b8%a5%e0%b8%b4%e0%b8%a5%e0%b8%a5%e0%b8%b5%e0%b9%88%e0%b8%ad%e0%b8%ad%e0%b8%9f%e0%b9%80%e0%b8%94\"]}]},{\"@type\":\"ImageObject\",\"inLanguage\":\"es\",\"@id\":\"https:\\\/\\\/www.dillerbottle.com\\\/th\\\/%e0%b8%aa%e0%b8%b4%e0%b8%99%e0%b8%84%e0%b9%89%e0%b8%b2\\\/%e0%b9%81%e0%b8%81%e0%b9%89%e0%b8%a7%e0%b8%81%e0%b8%b2%e0%b9%81%e0%b8%9f%e0%b8%94%e0%b8%ad%e0%b8%81%e0%b8%a5%e0%b8%b4%e0%b8%a5%e0%b8%a5%e0%b8%b5%e0%b9%88%e0%b8%ad%e0%b8%ad%e0%b8%9f%e0%b9%80%e0%b8%94#primaryimage\",\"url\":\"https:\\\/\\\/www.dillerbottle.com\\\/wp-content\\\/uploads\\\/2024\\\/09\\\/lily-of-the-valley-coffee-mugb182d948-94d1-4887-9358-7aa7b07693ac.jpg\",\"contentUrl\":\"https:\\\/\\\/www.dillerbottle.com\\\/wp-content\\\/uploads\\\/2024\\\/09\\\/lily-of-the-valley-coffee-mugb182d948-94d1-4887-9358-7aa7b07693ac.jpg\",\"width\":800,\"height\":800},{\"@type\":\"BreadcrumbList\",\"@id\":\"https:\\\/\\\/www.dillerbottle.com\\\/th\\\/%e0%b8%aa%e0%b8%b4%e0%b8%99%e0%b8%84%e0%b9%89%e0%b8%b2\\\/%e0%b9%81%e0%b8%81%e0%b9%89%e0%b8%a7%e0%b8%81%e0%b8%b2%e0%b9%81%e0%b8%9f%e0%b8%94%e0%b8%ad%e0%b8%81%e0%b8%a5%e0%b8%b4%e0%b8%a5%e0%b8%a5%e0%b8%b5%e0%b9%88%e0%b8%ad%e0%b8%ad%e0%b8%9f%e0%b9%80%e0%b8%94#breadcrumb\",\"itemListElement\":[{\"@type\":\"ListItem\",\"position\":1,\"name\":\"Home\",\"item\":\"https:\\\/\\\/www.dillerbottle.com\\\/\"},{\"@type\":\"ListItem\",\"position\":2,\"name\":\"Products\",\"item\":\"https:\\\/\\\/www.dillerbottle.com\\\/shop\"},{\"@type\":\"ListItem\",\"position\":3,\"name\":\"Lily Of The Valley Coffee Mug\"}]},{\"@type\":\"WebSite\",\"@id\":\"https:\\\/\\\/www.dillerbottle.com\\\/#website\",\"url\":\"https:\\\/\\\/www.dillerbottle.com\\\/\",\"name\":\"Diller Water Bottle Manufacturer\",\"description\":\"Water Bottle Manufacturer\",\"publisher\":{\"@id\":\"https:\\\/\\\/www.dillerbottle.com\\\/#organization\"},\"potentialAction\":[{\"@type\":\"SearchAction\",\"target\":{\"@type\":\"EntryPoint\",\"urlTemplate\":\"https:\\\/\\\/www.dillerbottle.com\\\/?s={search_term_string}\"},\"query-input\":{\"@type\":\"PropertyValueSpecification\",\"valueRequired\":true,\"valueName\":\"search_term_string\"}}],\"inLanguage\":\"es\"},{\"@type\":\"Organization\",\"@id\":\"https:\\\/\\\/www.dillerbottle.com\\\/#organization\",\"name\":\"Diller Water Bottle Manufacturer\",\"url\":\"https:\\\/\\\/www.dillerbottle.com\\\/\",\"logo\":{\"@type\":\"ImageObject\",\"inLanguage\":\"es\",\"@id\":\"https:\\\/\\\/www.dillerbottle.com\\\/#\\\/schema\\\/logo\\\/image\\\/\",\"url\":\"https:\\\/\\\/www.dillerbottle.com\\\/wp-content\\\/uploads\\\/2024\\\/09\\\/49918bfa848dcc1e9f8b509933603ac.png\",\"contentUrl\":\"https:\\\/\\\/www.dillerbottle.com\\\/wp-content\\\/uploads\\\/2024\\\/09\\\/49918bfa848dcc1e9f8b509933603ac.png\",\"width\":988,\"height\":198,\"caption\":\"Diller Water Bottle Manufacturer\"},\"image\":{\"@id\":\"https:\\\/\\\/www.dillerbottle.com\\\/#\\\/schema\\\/logo\\\/image\\\/\"}}]}<\/script>\n<!-- \/ Yoast SEO Premium plugin. -->","yoast_head_json":{"title":"Taza de caf\u00e9 con dise\u00f1o de lirio de los valles - Diller Fabricante de botellas de agua","description":"Como uno de los mejores fabricantes y proveedores de tazas de caf\u00e9 con lirios del valle, nos dedicamos a la fabricaci\u00f3n de botellas de agua de buena calidad. Le damos una c\u00e1lida bienvenida para que compre al por mayor o tazas de caf\u00e9 con lirios del valle hechas a medida a un precio competitivo. Adem\u00e1s, aceptamos pedidos de peque\u00f1as cantidades.","robots":{"index":"index","follow":"follow","max-snippet":"max-snippet:-1","max-image-preview":"max-image-preview:large","max-video-preview":"max-video-preview:-1"},"canonical":"https:\/\/www.dillerbottle.com\/es\/productos\/taza-de-cafe-con-lirio-de-los-valles","og_locale":"es_ES","og_type":"article","og_title":"Lily Of The Valley Coffee Mug","og_description":"As one of the best lily of the valley coffee mug manufacturers and suppliers, we are engaged in manufacturing good quality water bottles. We warmly welcome you to wholesale or buy custom made lily of the valley coffee mug at competitive price from us. Also, small quantity orders are acceptable.","og_url":"https:\/\/www.dillerbottle.com\/es\/productos\/taza-de-cafe-con-lirio-de-los-valles","og_site_name":"Diller Water Bottle Manufacturer","article_modified_time":"2025-07-09T08:26:15+00:00","og_image":[{"width":800,"height":800,"url":"https:\/\/www.dillerbottle.com\/wp-content\/uploads\/2024\/09\/lily-of-the-valley-coffee-mugb182d948-94d1-4887-9358-7aa7b07693ac.jpg","type":"image\/jpeg"}],"twitter_card":"summary_large_image","twitter_misc":{"Tiempo de lectura":"7 minutos"},"schema":{"@context":"https:\/\/schema.org","@graph":[{"@type":"WebPage","@id":"https:\/\/www.dillerbottle.com\/th\/%e0%b8%aa%e0%b8%b4%e0%b8%99%e0%b8%84%e0%b9%89%e0%b8%b2\/%e0%b9%81%e0%b8%81%e0%b9%89%e0%b8%a7%e0%b8%81%e0%b8%b2%e0%b9%81%e0%b8%9f%e0%b8%94%e0%b8%ad%e0%b8%81%e0%b8%a5%e0%b8%b4%e0%b8%a5%e0%b8%a5%e0%b8%b5%e0%b9%88%e0%b8%ad%e0%b8%ad%e0%b8%9f%e0%b9%80%e0%b8%94","url":"https:\/\/www.dillerbottle.com\/th\/%e0%b8%aa%e0%b8%b4%e0%b8%99%e0%b8%84%e0%b9%89%e0%b8%b2\/%e0%b9%81%e0%b8%81%e0%b9%89%e0%b8%a7%e0%b8%81%e0%b8%b2%e0%b9%81%e0%b8%9f%e0%b8%94%e0%b8%ad%e0%b8%81%e0%b8%a5%e0%b8%b4%e0%b8%a5%e0%b8%a5%e0%b8%b5%e0%b9%88%e0%b8%ad%e0%b8%ad%e0%b8%9f%e0%b9%80%e0%b8%94","name":"Taza de caf\u00e9 con dise\u00f1o de lirio de los valles - Diller Fabricante de botellas de agua","isPartOf":{"@id":"https:\/\/www.dillerbottle.com\/#website"},"primaryImageOfPage":{"@id":"https:\/\/www.dillerbottle.com\/th\/%e0%b8%aa%e0%b8%b4%e0%b8%99%e0%b8%84%e0%b9%89%e0%b8%b2\/%e0%b9%81%e0%b8%81%e0%b9%89%e0%b8%a7%e0%b8%81%e0%b8%b2%e0%b9%81%e0%b8%9f%e0%b8%94%e0%b8%ad%e0%b8%81%e0%b8%a5%e0%b8%b4%e0%b8%a5%e0%b8%a5%e0%b8%b5%e0%b9%88%e0%b8%ad%e0%b8%ad%e0%b8%9f%e0%b9%80%e0%b8%94#primaryimage"},"image":{"@id":"https:\/\/www.dillerbottle.com\/th\/%e0%b8%aa%e0%b8%b4%e0%b8%99%e0%b8%84%e0%b9%89%e0%b8%b2\/%e0%b9%81%e0%b8%81%e0%b9%89%e0%b8%a7%e0%b8%81%e0%b8%b2%e0%b9%81%e0%b8%9f%e0%b8%94%e0%b8%ad%e0%b8%81%e0%b8%a5%e0%b8%b4%e0%b8%a5%e0%b8%a5%e0%b8%b5%e0%b9%88%e0%b8%ad%e0%b8%ad%e0%b8%9f%e0%b9%80%e0%b8%94#primaryimage"},"thumbnailUrl":"https:\/\/www.dillerbottle.com\/wp-content\/uploads\/2024\/09\/lily-of-the-valley-coffee-mugb182d948-94d1-4887-9358-7aa7b07693ac.jpg","datePublished":"2024-09-29T06:11:18+00:00","dateModified":"2025-07-09T08:26:15+00:00","description":"Como uno de los mejores fabricantes y proveedores de tazas de caf\u00e9 con lirios del valle, nos dedicamos a la fabricaci\u00f3n de botellas de agua de buena calidad. Le damos una c\u00e1lida bienvenida para que compre al por mayor o tazas de caf\u00e9 con lirios del valle hechas a medida a un precio competitivo. Adem\u00e1s, aceptamos pedidos de peque\u00f1as cantidades.","breadcrumb":{"@id":"https:\/\/www.dillerbottle.com\/th\/%e0%b8%aa%e0%b8%b4%e0%b8%99%e0%b8%84%e0%b9%89%e0%b8%b2\/%e0%b9%81%e0%b8%81%e0%b9%89%e0%b8%a7%e0%b8%81%e0%b8%b2%e0%b9%81%e0%b8%9f%e0%b8%94%e0%b8%ad%e0%b8%81%e0%b8%a5%e0%b8%b4%e0%b8%a5%e0%b8%a5%e0%b8%b5%e0%b9%88%e0%b8%ad%e0%b8%ad%e0%b8%9f%e0%b9%80%e0%b8%94#breadcrumb"},"inLanguage":"es","potentialAction":[{"@type":"ReadAction","target":["https:\/\/www.dillerbottle.com\/th\/%e0%b8%aa%e0%b8%b4%e0%b8%99%e0%b8%84%e0%b9%89%e0%b8%b2\/%e0%b9%81%e0%b8%81%e0%b9%89%e0%b8%a7%e0%b8%81%e0%b8%b2%e0%b9%81%e0%b8%9f%e0%b8%94%e0%b8%ad%e0%b8%81%e0%b8%a5%e0%b8%b4%e0%b8%a5%e0%b8%a5%e0%b8%b5%e0%b9%88%e0%b8%ad%e0%b8%ad%e0%b8%9f%e0%b9%80%e0%b8%94"]}]},{"@type":"ImageObject","inLanguage":"es","@id":"https:\/\/www.dillerbottle.com\/th\/%e0%b8%aa%e0%b8%b4%e0%b8%99%e0%b8%84%e0%b9%89%e0%b8%b2\/%e0%b9%81%e0%b8%81%e0%b9%89%e0%b8%a7%e0%b8%81%e0%b8%b2%e0%b9%81%e0%b8%9f%e0%b8%94%e0%b8%ad%e0%b8%81%e0%b8%a5%e0%b8%b4%e0%b8%a5%e0%b8%a5%e0%b8%b5%e0%b9%88%e0%b8%ad%e0%b8%ad%e0%b8%9f%e0%b9%80%e0%b8%94#primaryimage","url":"https:\/\/www.dillerbottle.com\/wp-content\/uploads\/2024\/09\/lily-of-the-valley-coffee-mugb182d948-94d1-4887-9358-7aa7b07693ac.jpg","contentUrl":"https:\/\/www.dillerbottle.com\/wp-content\/uploads\/2024\/09\/lily-of-the-valley-coffee-mugb182d948-94d1-4887-9358-7aa7b07693ac.jpg","width":800,"height":800},{"@type":"BreadcrumbList","@id":"https:\/\/www.dillerbottle.com\/th\/%e0%b8%aa%e0%b8%b4%e0%b8%99%e0%b8%84%e0%b9%89%e0%b8%b2\/%e0%b9%81%e0%b8%81%e0%b9%89%e0%b8%a7%e0%b8%81%e0%b8%b2%e0%b9%81%e0%b8%9f%e0%b8%94%e0%b8%ad%e0%b8%81%e0%b8%a5%e0%b8%b4%e0%b8%a5%e0%b8%a5%e0%b8%b5%e0%b9%88%e0%b8%ad%e0%b8%ad%e0%b8%9f%e0%b9%80%e0%b8%94#breadcrumb","itemListElement":[{"@type":"ListItem","position":1,"name":"Home","item":"https:\/\/www.dillerbottle.com\/"},{"@type":"ListItem","position":2,"name":"Products","item":"https:\/\/www.dillerbottle.com\/shop"},{"@type":"ListItem","position":3,"name":"Lily Of The Valley Coffee Mug"}]},{"@type":"WebSite","@id":"https:\/\/www.dillerbottle.com\/#website","url":"https:\/\/www.dillerbottle.com\/","name":"Fabricante de botellas de agua Diller","description":"Fabricante de botellas de agua","publisher":{"@id":"https:\/\/www.dillerbottle.com\/#organization"},"potentialAction":[{"@type":"SearchAction","target":{"@type":"EntryPoint","urlTemplate":"https:\/\/www.dillerbottle.com\/?s={search_term_string}"},"query-input":{"@type":"PropertyValueSpecification","valueRequired":true,"valueName":"search_term_string"}}],"inLanguage":"es"},{"@type":"Organization","@id":"https:\/\/www.dillerbottle.com\/#organization","name":"Fabricante de botellas de agua Diller","url":"https:\/\/www.dillerbottle.com\/","logo":{"@type":"ImageObject","inLanguage":"es","@id":"https:\/\/www.dillerbottle.com\/#\/schema\/logo\/image\/","url":"https:\/\/www.dillerbottle.com\/wp-content\/uploads\/2024\/09\/49918bfa848dcc1e9f8b509933603ac.png","contentUrl":"https:\/\/www.dillerbottle.com\/wp-content\/uploads\/2024\/09\/49918bfa848dcc1e9f8b509933603ac.png","width":988,"height":198,"caption":"Diller Water Bottle Manufacturer"},"image":{"@id":"https:\/\/www.dillerbottle.com\/#\/schema\/logo\/image\/"}}]}},"_links":{"self":[{"href":"https:\/\/www.dillerbottle.com\/es\/wp-json\/wp\/v2\/product\/8008","targetHints":{"allow":["GET"]}}],"collection":[{"href":"https:\/\/www.dillerbottle.com\/es\/wp-json\/wp\/v2\/product"}],"about":[{"href":"https:\/\/www.dillerbottle.com\/es\/wp-json\/wp\/v2\/types\/product"}],"replies":[{"embeddable":true,"href":"https:\/\/www.dillerbottle.com\/es\/wp-json\/wp\/v2\/comments?post=8008"}],"wp:featuredmedia":[{"embeddable":true,"href":"https:\/\/www.dillerbottle.com\/es\/wp-json\/wp\/v2\/media\/8009"}],"wp:attachment":[{"href":"https:\/\/www.dillerbottle.com\/es\/wp-json\/wp\/v2\/media?parent=8008"}],"wp:term":[{"taxonomy":"product_brand","embeddable":true,"href":"https:\/\/www.dillerbottle.com\/es\/wp-json\/wp\/v2\/product_brand?post=8008"},{"taxonomy":"product_cat","embeddable":true,"href":"https:\/\/www.dillerbottle.com\/es\/wp-json\/wp\/v2\/product_cat?post=8008"},{"taxonomy":"product_tag","embeddable":true,"href":"https:\/\/www.dillerbottle.com\/es\/wp-json\/wp\/v2\/product_tag?post=8008"}],"curies":[{"name":"Gracias","href":"https:\/\/api.w.org\/{rel}","templated":true}]}}