{"id":8184,"date":"2024-09-29T14:13:52","date_gmt":"2024-09-29T06:13:52","guid":{"rendered":"https:\/\/demo.dillerbottle.com\/products\/panda-graffiti-outdoor-thermo-bottle"},"modified":"2025-07-09T16:18:47","modified_gmt":"2025-07-09T08:18:47","slug":"botella-termica-para-exteriores-con-diseno-de-panda-y-grafiti","status":"publish","type":"product","link":"https:\/\/www.dillerbottle.com\/es\/products\/panda-graffiti-outdoor-thermo-bottle","title":{"rendered":"Botella t\u00e9rmica para exteriores con dise\u00f1o de panda grafiti"},"content":{"rendered":"<p>1. La botella t\u00e9rmica para exteriores con dise\u00f1o de panda graffiti utiliza acero inoxidable 316 de alta calidad como revestimiento interior, lo que permite que las bebidas del interior se mantengan calientes o fr\u00edas hasta por 6 a 12 horas.<\/p>\n<p>2. Equipado con un infusor de t\u00e9 independiente, que separa el t\u00e9 y el agua, lo que hace que sea m\u00e1s f\u00e1cil salir a beber t\u00e9.<\/p>\n<p>3. Esta botella t\u00e9rmica para exteriores con dise\u00f1o de panda graffiti es una taza t\u00e9rmica linda, moderna, pr\u00e1ctica y conveniente, adecuada para usar cuando se acampa o se viaja al aire libre.<\/p>\n<p>4. Abra la tapa interior con un clic, puede beber directamente o verterlo en la tapa de la taza para beber. El dise\u00f1o del asa hace que sea f\u00e1cil de llevar cuando salga.<\/p>","protected":false},"excerpt":{"rendered":"<p>Esta botella t\u00e9rmica para exteriores con dise\u00f1o de panda graffiti est\u00e1 hecha de acero inoxidable 316 duradero y materiales de calidad alimentaria.<br \/>\nEste termo aislado puede mantener el contenido caliente o helado durante 6 a 12 horas.<br \/>\nAbra la tapa interior con un clic, puede beber directamente o verterlo en la tapa de la taza para beber.<br \/>\nEl dise\u00f1o del asa hace que sea f\u00e1cil de transportar cuando sales.<br \/>\nEl dise\u00f1o original del graffiti de panda es m\u00e1s llamativo.<br \/>\nOEM y ODM aceptables.<br \/>\nPodemos personalizar la botella t\u00e9rmica de metal seg\u00fan sus requisitos.<br \/>\n\u00a1Bienvenido a la compra al por mayor, env\u00ede su consulta ahora!<\/p>","protected":false},"featured_media":8185,"comment_status":"open","ping_status":"closed","template":"","meta":{"_acf_changed":false},"product_brand":[],"product_cat":[18],"product_tag":[730,721,714,32,36,33,31,39,38,29,37,729,34,35,715,28,560,30,722],"class_list":{"0":"post-8184","1":"product","2":"type-product","3":"status-publish","4":"has-post-thumbnail","6":"product_cat-insulated-water-bottle","7":"product_tag-500ml-water-bottle","8":"product_tag-500ml-water-bottle-with-straw","9":"product_tag-bamboo-water-bottle","10":"product_tag-best","11":"product_tag-bulk","12":"product_tag-buy","13":"product_tag-custom","14":"product_tag-for-sale","15":"product_tag-good-quality","16":"product_tag-manufacturers","17":"product_tag-manufacturing","18":"product_tag-panda-graffiti-outdoor-thermo-bottle","19":"product_tag-price","20":"product_tag-small","21":"product_tag-stainless-steel-water-bottle-1000-ml","22":"product_tag-suppliers","23":"product_tag-water-bottle-with-sleeve","24":"product_tag-wholesale","25":"product_tag-wholesale-water-bottle","27":"first","28":"instock","29":"shipping-taxable","30":"product-type-simple"},"acf":[],"yoast_head":"<!-- This site is optimized with the Yoast SEO Premium plugin v27.4 (Yoast SEO v27.4) - https:\/\/yoast.com\/product\/yoast-seo-premium-wordpress\/ -->\n<title>Panda Graffiti Outdoor Thermo Bottle - Diller Water Bottle Manufacturer<\/title>\n<meta name=\"description\" content=\"As one of the best panda graffiti outdoor thermo bottle manufacturers and suppliers, we are engaged in manufacturing good quality water bottles. We warmly welcome you to wholesale or buy custom made panda graffiti outdoor thermo bottle at competitive price from us. Also, small quantity orders are acceptable.\" \/>\n<meta name=\"robots\" content=\"index, follow, max-snippet:-1, max-image-preview:large, max-video-preview:-1\" \/>\n<link rel=\"canonical\" href=\"https:\/\/www.dillerbottle.com\/es\/productos\/botella-termica-para-exteriores-con-diseno-de-panda-y-grafiti\" \/>\n<meta property=\"og:locale\" content=\"es_ES\" \/>\n<meta property=\"og:type\" content=\"article\" \/>\n<meta property=\"og:title\" content=\"Panda Graffiti Outdoor Thermo Bottle\" \/>\n<meta property=\"og:description\" content=\"As one of the best panda graffiti outdoor thermo bottle manufacturers and suppliers, we are engaged in manufacturing good quality water bottles. We warmly welcome you to wholesale or buy custom made panda graffiti outdoor thermo bottle at competitive price from us. Also, small quantity orders are acceptable.\" \/>\n<meta property=\"og:url\" content=\"https:\/\/www.dillerbottle.com\/es\/productos\/botella-termica-para-exteriores-con-diseno-de-panda-y-grafiti\" \/>\n<meta property=\"og:site_name\" content=\"Diller Water Bottle Manufacturer\" \/>\n<meta property=\"article:modified_time\" content=\"2025-07-09T08:18:47+00:00\" \/>\n<meta property=\"og:image\" content=\"https:\/\/www.dillerbottle.com\/wp-content\/uploads\/2024\/09\/panda-graffiti-outdoor-thermo-bottle3fb5303a-3c34-454d-a806-c481be9094f2.jpg\" \/>\n\t<meta property=\"og:image:width\" content=\"800\" \/>\n\t<meta property=\"og:image:height\" content=\"800\" \/>\n\t<meta property=\"og:image:type\" content=\"image\/jpeg\" \/>\n<meta name=\"twitter:card\" content=\"summary_large_image\" \/>\n<meta name=\"twitter:label1\" content=\"Tiempo de lectura\" \/>\n\t<meta name=\"twitter:data1\" content=\"6 minutos\" \/>\n<script type=\"application\/ld+json\" class=\"yoast-schema-graph\">{\"@context\":\"https:\\\/\\\/schema.org\",\"@graph\":[{\"@type\":\"WebPage\",\"@id\":\"https:\\\/\\\/www.dillerbottle.com\\\/th\\\/%e0%b8%aa%e0%b8%b4%e0%b8%99%e0%b8%84%e0%b9%89%e0%b8%b2\\\/%e0%b8%81%e0%b8%a3%e0%b8%b0%e0%b8%95%e0%b8%b4%e0%b8%81%e0%b8%99%e0%b9%89%e0%b8%b3%e0%b8%a3%e0%b9%89%e0%b8%ad%e0%b8%99%e0%b8%81%e0%b8%a5%e0%b8%b2%e0%b8%87%e0%b9%81%e0%b8%88%e0%b9%89%e0%b8%87%e0%b8%a5\",\"url\":\"https:\\\/\\\/www.dillerbottle.com\\\/th\\\/%e0%b8%aa%e0%b8%b4%e0%b8%99%e0%b8%84%e0%b9%89%e0%b8%b2\\\/%e0%b8%81%e0%b8%a3%e0%b8%b0%e0%b8%95%e0%b8%b4%e0%b8%81%e0%b8%99%e0%b9%89%e0%b8%b3%e0%b8%a3%e0%b9%89%e0%b8%ad%e0%b8%99%e0%b8%81%e0%b8%a5%e0%b8%b2%e0%b8%87%e0%b9%81%e0%b8%88%e0%b9%89%e0%b8%87%e0%b8%a5\",\"name\":\"Panda Graffiti Outdoor Thermo Bottle - Diller Water Bottle Manufacturer\",\"isPartOf\":{\"@id\":\"https:\\\/\\\/www.dillerbottle.com\\\/#website\"},\"primaryImageOfPage\":{\"@id\":\"https:\\\/\\\/www.dillerbottle.com\\\/th\\\/%e0%b8%aa%e0%b8%b4%e0%b8%99%e0%b8%84%e0%b9%89%e0%b8%b2\\\/%e0%b8%81%e0%b8%a3%e0%b8%b0%e0%b8%95%e0%b8%b4%e0%b8%81%e0%b8%99%e0%b9%89%e0%b8%b3%e0%b8%a3%e0%b9%89%e0%b8%ad%e0%b8%99%e0%b8%81%e0%b8%a5%e0%b8%b2%e0%b8%87%e0%b9%81%e0%b8%88%e0%b9%89%e0%b8%87%e0%b8%a5#primaryimage\"},\"image\":{\"@id\":\"https:\\\/\\\/www.dillerbottle.com\\\/th\\\/%e0%b8%aa%e0%b8%b4%e0%b8%99%e0%b8%84%e0%b9%89%e0%b8%b2\\\/%e0%b8%81%e0%b8%a3%e0%b8%b0%e0%b8%95%e0%b8%b4%e0%b8%81%e0%b8%99%e0%b9%89%e0%b8%b3%e0%b8%a3%e0%b9%89%e0%b8%ad%e0%b8%99%e0%b8%81%e0%b8%a5%e0%b8%b2%e0%b8%87%e0%b9%81%e0%b8%88%e0%b9%89%e0%b8%87%e0%b8%a5#primaryimage\"},\"thumbnailUrl\":\"https:\\\/\\\/www.dillerbottle.com\\\/wp-content\\\/uploads\\\/2024\\\/09\\\/panda-graffiti-outdoor-thermo-bottle3fb5303a-3c34-454d-a806-c481be9094f2.jpg\",\"datePublished\":\"2024-09-29T06:13:52+00:00\",\"dateModified\":\"2025-07-09T08:18:47+00:00\",\"description\":\"As one of the best panda graffiti outdoor thermo bottle manufacturers and suppliers, we are engaged in manufacturing good quality water bottles. We warmly welcome you to wholesale or buy custom made panda graffiti outdoor thermo bottle at competitive price from us. Also, small quantity orders are acceptable.\",\"breadcrumb\":{\"@id\":\"https:\\\/\\\/www.dillerbottle.com\\\/th\\\/%e0%b8%aa%e0%b8%b4%e0%b8%99%e0%b8%84%e0%b9%89%e0%b8%b2\\\/%e0%b8%81%e0%b8%a3%e0%b8%b0%e0%b8%95%e0%b8%b4%e0%b8%81%e0%b8%99%e0%b9%89%e0%b8%b3%e0%b8%a3%e0%b9%89%e0%b8%ad%e0%b8%99%e0%b8%81%e0%b8%a5%e0%b8%b2%e0%b8%87%e0%b9%81%e0%b8%88%e0%b9%89%e0%b8%87%e0%b8%a5#breadcrumb\"},\"inLanguage\":\"es\",\"potentialAction\":[{\"@type\":\"ReadAction\",\"target\":[\"https:\\\/\\\/www.dillerbottle.com\\\/th\\\/%e0%b8%aa%e0%b8%b4%e0%b8%99%e0%b8%84%e0%b9%89%e0%b8%b2\\\/%e0%b8%81%e0%b8%a3%e0%b8%b0%e0%b8%95%e0%b8%b4%e0%b8%81%e0%b8%99%e0%b9%89%e0%b8%b3%e0%b8%a3%e0%b9%89%e0%b8%ad%e0%b8%99%e0%b8%81%e0%b8%a5%e0%b8%b2%e0%b8%87%e0%b9%81%e0%b8%88%e0%b9%89%e0%b8%87%e0%b8%a5\"]}]},{\"@type\":\"ImageObject\",\"inLanguage\":\"es\",\"@id\":\"https:\\\/\\\/www.dillerbottle.com\\\/th\\\/%e0%b8%aa%e0%b8%b4%e0%b8%99%e0%b8%84%e0%b9%89%e0%b8%b2\\\/%e0%b8%81%e0%b8%a3%e0%b8%b0%e0%b8%95%e0%b8%b4%e0%b8%81%e0%b8%99%e0%b9%89%e0%b8%b3%e0%b8%a3%e0%b9%89%e0%b8%ad%e0%b8%99%e0%b8%81%e0%b8%a5%e0%b8%b2%e0%b8%87%e0%b9%81%e0%b8%88%e0%b9%89%e0%b8%87%e0%b8%a5#primaryimage\",\"url\":\"https:\\\/\\\/www.dillerbottle.com\\\/wp-content\\\/uploads\\\/2024\\\/09\\\/panda-graffiti-outdoor-thermo-bottle3fb5303a-3c34-454d-a806-c481be9094f2.jpg\",\"contentUrl\":\"https:\\\/\\\/www.dillerbottle.com\\\/wp-content\\\/uploads\\\/2024\\\/09\\\/panda-graffiti-outdoor-thermo-bottle3fb5303a-3c34-454d-a806-c481be9094f2.jpg\",\"width\":800,\"height\":800},{\"@type\":\"BreadcrumbList\",\"@id\":\"https:\\\/\\\/www.dillerbottle.com\\\/th\\\/%e0%b8%aa%e0%b8%b4%e0%b8%99%e0%b8%84%e0%b9%89%e0%b8%b2\\\/%e0%b8%81%e0%b8%a3%e0%b8%b0%e0%b8%95%e0%b8%b4%e0%b8%81%e0%b8%99%e0%b9%89%e0%b8%b3%e0%b8%a3%e0%b9%89%e0%b8%ad%e0%b8%99%e0%b8%81%e0%b8%a5%e0%b8%b2%e0%b8%87%e0%b9%81%e0%b8%88%e0%b9%89%e0%b8%87%e0%b8%a5#breadcrumb\",\"itemListElement\":[{\"@type\":\"ListItem\",\"position\":1,\"name\":\"Home\",\"item\":\"https:\\\/\\\/www.dillerbottle.com\\\/\"},{\"@type\":\"ListItem\",\"position\":2,\"name\":\"Products\",\"item\":\"https:\\\/\\\/www.dillerbottle.com\\\/shop\"},{\"@type\":\"ListItem\",\"position\":3,\"name\":\"Panda Graffiti Outdoor Thermo Bottle\"}]},{\"@type\":\"WebSite\",\"@id\":\"https:\\\/\\\/www.dillerbottle.com\\\/#website\",\"url\":\"https:\\\/\\\/www.dillerbottle.com\\\/\",\"name\":\"Diller Water Bottle Manufacturer\",\"description\":\"Water Bottle Manufacturer\",\"publisher\":{\"@id\":\"https:\\\/\\\/www.dillerbottle.com\\\/#organization\"},\"potentialAction\":[{\"@type\":\"SearchAction\",\"target\":{\"@type\":\"EntryPoint\",\"urlTemplate\":\"https:\\\/\\\/www.dillerbottle.com\\\/?s={search_term_string}\"},\"query-input\":{\"@type\":\"PropertyValueSpecification\",\"valueRequired\":true,\"valueName\":\"search_term_string\"}}],\"inLanguage\":\"es\"},{\"@type\":\"Organization\",\"@id\":\"https:\\\/\\\/www.dillerbottle.com\\\/#organization\",\"name\":\"Diller Water Bottle Manufacturer\",\"url\":\"https:\\\/\\\/www.dillerbottle.com\\\/\",\"logo\":{\"@type\":\"ImageObject\",\"inLanguage\":\"es\",\"@id\":\"https:\\\/\\\/www.dillerbottle.com\\\/#\\\/schema\\\/logo\\\/image\\\/\",\"url\":\"https:\\\/\\\/www.dillerbottle.com\\\/wp-content\\\/uploads\\\/2024\\\/09\\\/49918bfa848dcc1e9f8b509933603ac.png\",\"contentUrl\":\"https:\\\/\\\/www.dillerbottle.com\\\/wp-content\\\/uploads\\\/2024\\\/09\\\/49918bfa848dcc1e9f8b509933603ac.png\",\"width\":988,\"height\":198,\"caption\":\"Diller Water Bottle Manufacturer\"},\"image\":{\"@id\":\"https:\\\/\\\/www.dillerbottle.com\\\/#\\\/schema\\\/logo\\\/image\\\/\"}}]}<\/script>\n<!-- \/ Yoast SEO Premium plugin. -->","yoast_head_json":{"title":"Botella t\u00e9rmica para exteriores con dise\u00f1o de Panda Graffiti - Fabricante de botellas de agua Diller","description":"Como uno de los mejores fabricantes y proveedores de termos para exteriores con dise\u00f1o de panda graffiti, nos dedicamos a la fabricaci\u00f3n de botellas de agua de buena calidad. Le damos una c\u00e1lida bienvenida para que compre al por mayor o a medida termos para exteriores con dise\u00f1o de panda graffiti a un precio competitivo. Adem\u00e1s, aceptamos pedidos en peque\u00f1as cantidades.","robots":{"index":"index","follow":"follow","max-snippet":"max-snippet:-1","max-image-preview":"max-image-preview:large","max-video-preview":"max-video-preview:-1"},"canonical":"https:\/\/www.dillerbottle.com\/es\/productos\/botella-termica-para-exteriores-con-diseno-de-panda-y-grafiti","og_locale":"es_ES","og_type":"article","og_title":"Panda Graffiti Outdoor Thermo Bottle","og_description":"As one of the best panda graffiti outdoor thermo bottle manufacturers and suppliers, we are engaged in manufacturing good quality water bottles. We warmly welcome you to wholesale or buy custom made panda graffiti outdoor thermo bottle at competitive price from us. Also, small quantity orders are acceptable.","og_url":"https:\/\/www.dillerbottle.com\/es\/productos\/botella-termica-para-exteriores-con-diseno-de-panda-y-grafiti","og_site_name":"Diller Water Bottle Manufacturer","article_modified_time":"2025-07-09T08:18:47+00:00","og_image":[{"width":800,"height":800,"url":"https:\/\/www.dillerbottle.com\/wp-content\/uploads\/2024\/09\/panda-graffiti-outdoor-thermo-bottle3fb5303a-3c34-454d-a806-c481be9094f2.jpg","type":"image\/jpeg"}],"twitter_card":"summary_large_image","twitter_misc":{"Tiempo de lectura":"6 minutos"},"schema":{"@context":"https:\/\/schema.org","@graph":[{"@type":"WebPage","@id":"https:\/\/www.dillerbottle.com\/th\/%e0%b8%aa%e0%b8%b4%e0%b8%99%e0%b8%84%e0%b9%89%e0%b8%b2\/%e0%b8%81%e0%b8%a3%e0%b8%b0%e0%b8%95%e0%b8%b4%e0%b8%81%e0%b8%99%e0%b9%89%e0%b8%b3%e0%b8%a3%e0%b9%89%e0%b8%ad%e0%b8%99%e0%b8%81%e0%b8%a5%e0%b8%b2%e0%b8%87%e0%b9%81%e0%b8%88%e0%b9%89%e0%b8%87%e0%b8%a5","url":"https:\/\/www.dillerbottle.com\/th\/%e0%b8%aa%e0%b8%b4%e0%b8%99%e0%b8%84%e0%b9%89%e0%b8%b2\/%e0%b8%81%e0%b8%a3%e0%b8%b0%e0%b8%95%e0%b8%b4%e0%b8%81%e0%b8%99%e0%b9%89%e0%b8%b3%e0%b8%a3%e0%b9%89%e0%b8%ad%e0%b8%99%e0%b8%81%e0%b8%a5%e0%b8%b2%e0%b8%87%e0%b9%81%e0%b8%88%e0%b9%89%e0%b8%87%e0%b8%a5","name":"Botella t\u00e9rmica para exteriores con dise\u00f1o de Panda Graffiti - Fabricante de botellas de agua Diller","isPartOf":{"@id":"https:\/\/www.dillerbottle.com\/#website"},"primaryImageOfPage":{"@id":"https:\/\/www.dillerbottle.com\/th\/%e0%b8%aa%e0%b8%b4%e0%b8%99%e0%b8%84%e0%b9%89%e0%b8%b2\/%e0%b8%81%e0%b8%a3%e0%b8%b0%e0%b8%95%e0%b8%b4%e0%b8%81%e0%b8%99%e0%b9%89%e0%b8%b3%e0%b8%a3%e0%b9%89%e0%b8%ad%e0%b8%99%e0%b8%81%e0%b8%a5%e0%b8%b2%e0%b8%87%e0%b9%81%e0%b8%88%e0%b9%89%e0%b8%87%e0%b8%a5#primaryimage"},"image":{"@id":"https:\/\/www.dillerbottle.com\/th\/%e0%b8%aa%e0%b8%b4%e0%b8%99%e0%b8%84%e0%b9%89%e0%b8%b2\/%e0%b8%81%e0%b8%a3%e0%b8%b0%e0%b8%95%e0%b8%b4%e0%b8%81%e0%b8%99%e0%b9%89%e0%b8%b3%e0%b8%a3%e0%b9%89%e0%b8%ad%e0%b8%99%e0%b8%81%e0%b8%a5%e0%b8%b2%e0%b8%87%e0%b9%81%e0%b8%88%e0%b9%89%e0%b8%87%e0%b8%a5#primaryimage"},"thumbnailUrl":"https:\/\/www.dillerbottle.com\/wp-content\/uploads\/2024\/09\/panda-graffiti-outdoor-thermo-bottle3fb5303a-3c34-454d-a806-c481be9094f2.jpg","datePublished":"2024-09-29T06:13:52+00:00","dateModified":"2025-07-09T08:18:47+00:00","description":"Como uno de los mejores fabricantes y proveedores de termos para exteriores con dise\u00f1o de panda graffiti, nos dedicamos a la fabricaci\u00f3n de botellas de agua de buena calidad. Le damos una c\u00e1lida bienvenida para que compre al por mayor o a medida termos para exteriores con dise\u00f1o de panda graffiti a un precio competitivo. Adem\u00e1s, aceptamos pedidos en peque\u00f1as cantidades.","breadcrumb":{"@id":"https:\/\/www.dillerbottle.com\/th\/%e0%b8%aa%e0%b8%b4%e0%b8%99%e0%b8%84%e0%b9%89%e0%b8%b2\/%e0%b8%81%e0%b8%a3%e0%b8%b0%e0%b8%95%e0%b8%b4%e0%b8%81%e0%b8%99%e0%b9%89%e0%b8%b3%e0%b8%a3%e0%b9%89%e0%b8%ad%e0%b8%99%e0%b8%81%e0%b8%a5%e0%b8%b2%e0%b8%87%e0%b9%81%e0%b8%88%e0%b9%89%e0%b8%87%e0%b8%a5#breadcrumb"},"inLanguage":"es","potentialAction":[{"@type":"ReadAction","target":["https:\/\/www.dillerbottle.com\/th\/%e0%b8%aa%e0%b8%b4%e0%b8%99%e0%b8%84%e0%b9%89%e0%b8%b2\/%e0%b8%81%e0%b8%a3%e0%b8%b0%e0%b8%95%e0%b8%b4%e0%b8%81%e0%b8%99%e0%b9%89%e0%b8%b3%e0%b8%a3%e0%b9%89%e0%b8%ad%e0%b8%99%e0%b8%81%e0%b8%a5%e0%b8%b2%e0%b8%87%e0%b9%81%e0%b8%88%e0%b9%89%e0%b8%87%e0%b8%a5"]}]},{"@type":"ImageObject","inLanguage":"es","@id":"https:\/\/www.dillerbottle.com\/th\/%e0%b8%aa%e0%b8%b4%e0%b8%99%e0%b8%84%e0%b9%89%e0%b8%b2\/%e0%b8%81%e0%b8%a3%e0%b8%b0%e0%b8%95%e0%b8%b4%e0%b8%81%e0%b8%99%e0%b9%89%e0%b8%b3%e0%b8%a3%e0%b9%89%e0%b8%ad%e0%b8%99%e0%b8%81%e0%b8%a5%e0%b8%b2%e0%b8%87%e0%b9%81%e0%b8%88%e0%b9%89%e0%b8%87%e0%b8%a5#primaryimage","url":"https:\/\/www.dillerbottle.com\/wp-content\/uploads\/2024\/09\/panda-graffiti-outdoor-thermo-bottle3fb5303a-3c34-454d-a806-c481be9094f2.jpg","contentUrl":"https:\/\/www.dillerbottle.com\/wp-content\/uploads\/2024\/09\/panda-graffiti-outdoor-thermo-bottle3fb5303a-3c34-454d-a806-c481be9094f2.jpg","width":800,"height":800},{"@type":"BreadcrumbList","@id":"https:\/\/www.dillerbottle.com\/th\/%e0%b8%aa%e0%b8%b4%e0%b8%99%e0%b8%84%e0%b9%89%e0%b8%b2\/%e0%b8%81%e0%b8%a3%e0%b8%b0%e0%b8%95%e0%b8%b4%e0%b8%81%e0%b8%99%e0%b9%89%e0%b8%b3%e0%b8%a3%e0%b9%89%e0%b8%ad%e0%b8%99%e0%b8%81%e0%b8%a5%e0%b8%b2%e0%b8%87%e0%b9%81%e0%b8%88%e0%b9%89%e0%b8%87%e0%b8%a5#breadcrumb","itemListElement":[{"@type":"ListItem","position":1,"name":"Home","item":"https:\/\/www.dillerbottle.com\/"},{"@type":"ListItem","position":2,"name":"Products","item":"https:\/\/www.dillerbottle.com\/shop"},{"@type":"ListItem","position":3,"name":"Panda Graffiti Outdoor Thermo Bottle"}]},{"@type":"WebSite","@id":"https:\/\/www.dillerbottle.com\/#website","url":"https:\/\/www.dillerbottle.com\/","name":"Fabricante de botellas de agua Diller","description":"Fabricante de botellas de agua","publisher":{"@id":"https:\/\/www.dillerbottle.com\/#organization"},"potentialAction":[{"@type":"SearchAction","target":{"@type":"EntryPoint","urlTemplate":"https:\/\/www.dillerbottle.com\/?s={search_term_string}"},"query-input":{"@type":"PropertyValueSpecification","valueRequired":true,"valueName":"search_term_string"}}],"inLanguage":"es"},{"@type":"Organization","@id":"https:\/\/www.dillerbottle.com\/#organization","name":"Fabricante de botellas de agua Diller","url":"https:\/\/www.dillerbottle.com\/","logo":{"@type":"ImageObject","inLanguage":"es","@id":"https:\/\/www.dillerbottle.com\/#\/schema\/logo\/image\/","url":"https:\/\/www.dillerbottle.com\/wp-content\/uploads\/2024\/09\/49918bfa848dcc1e9f8b509933603ac.png","contentUrl":"https:\/\/www.dillerbottle.com\/wp-content\/uploads\/2024\/09\/49918bfa848dcc1e9f8b509933603ac.png","width":988,"height":198,"caption":"Diller Water Bottle Manufacturer"},"image":{"@id":"https:\/\/www.dillerbottle.com\/#\/schema\/logo\/image\/"}}]}},"_links":{"self":[{"href":"https:\/\/www.dillerbottle.com\/es\/wp-json\/wp\/v2\/product\/8184","targetHints":{"allow":["GET"]}}],"collection":[{"href":"https:\/\/www.dillerbottle.com\/es\/wp-json\/wp\/v2\/product"}],"about":[{"href":"https:\/\/www.dillerbottle.com\/es\/wp-json\/wp\/v2\/types\/product"}],"replies":[{"embeddable":true,"href":"https:\/\/www.dillerbottle.com\/es\/wp-json\/wp\/v2\/comments?post=8184"}],"wp:featuredmedia":[{"embeddable":true,"href":"https:\/\/www.dillerbottle.com\/es\/wp-json\/wp\/v2\/media\/8185"}],"wp:attachment":[{"href":"https:\/\/www.dillerbottle.com\/es\/wp-json\/wp\/v2\/media?parent=8184"}],"wp:term":[{"taxonomy":"product_brand","embeddable":true,"href":"https:\/\/www.dillerbottle.com\/es\/wp-json\/wp\/v2\/product_brand?post=8184"},{"taxonomy":"product_cat","embeddable":true,"href":"https:\/\/www.dillerbottle.com\/es\/wp-json\/wp\/v2\/product_cat?post=8184"},{"taxonomy":"product_tag","embeddable":true,"href":"https:\/\/www.dillerbottle.com\/es\/wp-json\/wp\/v2\/product_tag?post=8184"}],"curies":[{"name":"Gracias","href":"https:\/\/api.w.org\/{rel}","templated":true}]}}