{"id":8563,"date":"2024-09-29T14:19:08","date_gmt":"2024-09-29T06:19:08","guid":{"rendered":"https:\/\/demo.dillerbottle.com\/products\/outdoor-camping-thermo-bottle"},"modified":"2025-07-09T16:09:57","modified_gmt":"2025-07-09T08:09:57","slug":"botella-termica-para-acampar-al-aire-libre","status":"publish","type":"product","link":"https:\/\/www.dillerbottle.com\/es\/products\/outdoor-camping-thermo-bottle","title":{"rendered":"Botella t\u00e9rmica para acampar al aire libre"},"content":{"rendered":"<p>1. La botella t\u00e9rmica para acampar al aire libre est\u00e1 hecha de material de acero inoxidable y adopta tecnolog\u00eda de aislamiento al vac\u00edo, que puede mantener eficazmente la temperatura del agua fr\u00eda o caliente.<\/p>\n<p>2. La tapa de la taza tiene un dise\u00f1o de asa c\u00f3modo, lo que la hace f\u00e1cil de llevar cuando se sale. M\u00faltiples medidas a prueba de fugas, incluso cuando se coloca en una bolsa, no teme fugas de agua.<\/p>\n<p>3. La tapa interior est\u00e1 dise\u00f1ada con una apertura con un solo clic, lo que permite beber agua de forma c\u00f3moda y r\u00e1pida. Se puede beber directamente o con una pajita.<\/p>\n<p>4. Hay tres capacidades diferentes para elegir, lo que lo convierte en una excelente opci\u00f3n para acampar al aire libre, hacer ejercicio y mantenerse en forma.<\/p>\n<p><iframe title=\"Venta al por mayor de botellas t\u00e9rmicas de gran capacidad para acampar, botellas de agua aisladas con asa MLH9108\" width=\"800\" height=\"450\" src=\"https:\/\/www.youtube.com\/embed\/CGzFxxUhqeE?feature=oembed\" frameborder=\"0\" allow=\"accelerometer; autoplay; clipboard-write; encrypted-media; gyroscope; picture-in-picture; web-share\" referrerpolicy=\"strict-origin-when-cross-origin\" allowfullscreen><\/iframe><\/p>","protected":false},"excerpt":{"rendered":"<p>Esta botella t\u00e9rmica para acampar al aire libre est\u00e1 hecha de acero inoxidable 316 duradero y materiales de calidad alimentaria.<br \/>\nEste termo aislado puede mantener el contenido caliente o helado durante 6 a 12 horas.<br \/>\nLa tapa de la taza tiene un dise\u00f1o de asa c\u00f3modo, lo que hace que sea f\u00e1cil de transportar cuando sales.<br \/>\nM\u00faltiples medidas a prueba de fugas, incluso cuando se coloca en una bolsa, no teme fugas de agua.<br \/>\nOEM y ODM aceptables.<br \/>\nPodemos personalizar el termo de metal seg\u00fan sus requisitos.<br \/>\n\u00a1Bienvenido a la compra al por mayor, env\u00ede su consulta ahora!<\/p>","protected":false},"featured_media":8564,"comment_status":"open","ping_status":"closed","template":"","meta":{"_acf_changed":false},"product_brand":[],"product_cat":[18],"product_tag":[32,36,33,31,733,770,39,38,719,769,29,37,768,34,35,526,28,771,30],"class_list":{"0":"post-8563","1":"product","2":"type-product","3":"status-publish","4":"has-post-thumbnail","6":"product_cat-insulated-water-bottle","7":"product_tag-best","8":"product_tag-bulk","9":"product_tag-buy","10":"product_tag-custom","11":"product_tag-custom-water-bottle-logo","12":"product_tag-display-smart-water-bottle-vacuum-flasks","13":"product_tag-for-sale","14":"product_tag-good-quality","15":"product_tag-gym-sports-insulated-stainless-steel-water-bottle","16":"product_tag-lid-double-wall-304-stainless-steel-water-bottle","17":"product_tag-manufacturers","18":"product_tag-manufacturing","19":"product_tag-outdoor-camping-thermo-bottle","20":"product_tag-price","21":"product_tag-small","22":"product_tag-stainless-steel-water-bottle-with-handle","23":"product_tag-suppliers","24":"product_tag-water-bottle-sublimation","25":"product_tag-wholesale","27":"first","28":"instock","29":"shipping-taxable","30":"product-type-simple"},"acf":[],"yoast_head":"<!-- This site is optimized with the Yoast SEO Premium plugin v27.4 (Yoast SEO v27.4) - https:\/\/yoast.com\/product\/yoast-seo-premium-wordpress\/ -->\n<title>Outdoor Camping Thermo Bottle - Diller Water Bottle Manufacturer<\/title>\n<meta name=\"description\" content=\"As one of the best outdoor camping thermo bottle manufacturers and suppliers, we are engaged in manufacturing good quality water bottles. We warmly welcome you to wholesale or buy custom made outdoor camping thermo bottle at competitive price from us. Also, small quantity orders are acceptable.\" \/>\n<meta name=\"robots\" content=\"index, follow, max-snippet:-1, max-image-preview:large, max-video-preview:-1\" \/>\n<link rel=\"canonical\" href=\"https:\/\/www.dillerbottle.com\/es\/productos\/botella-termica-para-acampar-al-aire-libre\" \/>\n<meta property=\"og:locale\" content=\"es_ES\" \/>\n<meta property=\"og:type\" content=\"article\" \/>\n<meta property=\"og:title\" content=\"Outdoor Camping Thermo Bottle\" \/>\n<meta property=\"og:description\" content=\"As one of the best outdoor camping thermo bottle manufacturers and suppliers, we are engaged in manufacturing good quality water bottles. We warmly welcome you to wholesale or buy custom made outdoor camping thermo bottle at competitive price from us. Also, small quantity orders are acceptable.\" \/>\n<meta property=\"og:url\" content=\"https:\/\/www.dillerbottle.com\/es\/productos\/botella-termica-para-acampar-al-aire-libre\" \/>\n<meta property=\"og:site_name\" content=\"Diller Water Bottle Manufacturer\" \/>\n<meta property=\"article:modified_time\" content=\"2025-07-09T08:09:57+00:00\" \/>\n<meta property=\"og:image\" content=\"https:\/\/www.dillerbottle.com\/wp-content\/uploads\/2024\/09\/outdoor-camping-thermo-bottle63637fbf-d9c9-4083-8834-7fc9c4c8c4ce.jpg\" \/>\n\t<meta property=\"og:image:width\" content=\"730\" \/>\n\t<meta property=\"og:image:height\" content=\"730\" \/>\n\t<meta property=\"og:image:type\" content=\"image\/jpeg\" \/>\n<meta name=\"twitter:card\" content=\"summary_large_image\" \/>\n<meta name=\"twitter:label1\" content=\"Tiempo de lectura\" \/>\n\t<meta name=\"twitter:data1\" content=\"6 minutos\" \/>\n<script type=\"application\/ld+json\" class=\"yoast-schema-graph\">{\"@context\":\"https:\\\/\\\/schema.org\",\"@graph\":[{\"@type\":\"WebPage\",\"@id\":\"https:\\\/\\\/www.dillerbottle.com\\\/products\\\/outdoor-camping-thermo-bottle\",\"url\":\"https:\\\/\\\/www.dillerbottle.com\\\/products\\\/outdoor-camping-thermo-bottle\",\"name\":\"Outdoor Camping Thermo Bottle - Diller Water Bottle Manufacturer\",\"isPartOf\":{\"@id\":\"https:\\\/\\\/www.dillerbottle.com\\\/#website\"},\"primaryImageOfPage\":{\"@id\":\"https:\\\/\\\/www.dillerbottle.com\\\/products\\\/outdoor-camping-thermo-bottle#primaryimage\"},\"image\":{\"@id\":\"https:\\\/\\\/www.dillerbottle.com\\\/products\\\/outdoor-camping-thermo-bottle#primaryimage\"},\"thumbnailUrl\":\"https:\\\/\\\/www.dillerbottle.com\\\/wp-content\\\/uploads\\\/2024\\\/09\\\/outdoor-camping-thermo-bottle63637fbf-d9c9-4083-8834-7fc9c4c8c4ce.jpg\",\"datePublished\":\"2024-09-29T06:19:08+00:00\",\"dateModified\":\"2025-07-09T08:09:57+00:00\",\"description\":\"As one of the best outdoor camping thermo bottle manufacturers and suppliers, we are engaged in manufacturing good quality water bottles. We warmly welcome you to wholesale or buy custom made outdoor camping thermo bottle at competitive price from us. Also, small quantity orders are acceptable.\",\"breadcrumb\":{\"@id\":\"https:\\\/\\\/www.dillerbottle.com\\\/products\\\/outdoor-camping-thermo-bottle#breadcrumb\"},\"inLanguage\":\"es\",\"potentialAction\":[{\"@type\":\"ReadAction\",\"target\":[\"https:\\\/\\\/www.dillerbottle.com\\\/products\\\/outdoor-camping-thermo-bottle\"]}]},{\"@type\":\"ImageObject\",\"inLanguage\":\"es\",\"@id\":\"https:\\\/\\\/www.dillerbottle.com\\\/products\\\/outdoor-camping-thermo-bottle#primaryimage\",\"url\":\"https:\\\/\\\/www.dillerbottle.com\\\/wp-content\\\/uploads\\\/2024\\\/09\\\/outdoor-camping-thermo-bottle63637fbf-d9c9-4083-8834-7fc9c4c8c4ce.jpg\",\"contentUrl\":\"https:\\\/\\\/www.dillerbottle.com\\\/wp-content\\\/uploads\\\/2024\\\/09\\\/outdoor-camping-thermo-bottle63637fbf-d9c9-4083-8834-7fc9c4c8c4ce.jpg\",\"width\":730,\"height\":730},{\"@type\":\"BreadcrumbList\",\"@id\":\"https:\\\/\\\/www.dillerbottle.com\\\/products\\\/outdoor-camping-thermo-bottle#breadcrumb\",\"itemListElement\":[{\"@type\":\"ListItem\",\"position\":1,\"name\":\"Home\",\"item\":\"https:\\\/\\\/www.dillerbottle.com\\\/\"},{\"@type\":\"ListItem\",\"position\":2,\"name\":\"Products\",\"item\":\"https:\\\/\\\/www.dillerbottle.com\\\/shop\"},{\"@type\":\"ListItem\",\"position\":3,\"name\":\"Outdoor Camping Thermo Bottle\"}]},{\"@type\":\"WebSite\",\"@id\":\"https:\\\/\\\/www.dillerbottle.com\\\/#website\",\"url\":\"https:\\\/\\\/www.dillerbottle.com\\\/\",\"name\":\"Diller Water Bottle Manufacturer\",\"description\":\"Water Bottle Manufacturer\",\"publisher\":{\"@id\":\"https:\\\/\\\/www.dillerbottle.com\\\/#organization\"},\"potentialAction\":[{\"@type\":\"SearchAction\",\"target\":{\"@type\":\"EntryPoint\",\"urlTemplate\":\"https:\\\/\\\/www.dillerbottle.com\\\/?s={search_term_string}\"},\"query-input\":{\"@type\":\"PropertyValueSpecification\",\"valueRequired\":true,\"valueName\":\"search_term_string\"}}],\"inLanguage\":\"es\"},{\"@type\":\"Organization\",\"@id\":\"https:\\\/\\\/www.dillerbottle.com\\\/#organization\",\"name\":\"Diller Water Bottle Manufacturer\",\"url\":\"https:\\\/\\\/www.dillerbottle.com\\\/\",\"logo\":{\"@type\":\"ImageObject\",\"inLanguage\":\"es\",\"@id\":\"https:\\\/\\\/www.dillerbottle.com\\\/#\\\/schema\\\/logo\\\/image\\\/\",\"url\":\"https:\\\/\\\/www.dillerbottle.com\\\/wp-content\\\/uploads\\\/2024\\\/09\\\/49918bfa848dcc1e9f8b509933603ac.png\",\"contentUrl\":\"https:\\\/\\\/www.dillerbottle.com\\\/wp-content\\\/uploads\\\/2024\\\/09\\\/49918bfa848dcc1e9f8b509933603ac.png\",\"width\":988,\"height\":198,\"caption\":\"Diller Water Bottle Manufacturer\"},\"image\":{\"@id\":\"https:\\\/\\\/www.dillerbottle.com\\\/#\\\/schema\\\/logo\\\/image\\\/\"}}]}<\/script>\n<!-- \/ Yoast SEO Premium plugin. -->","yoast_head_json":{"title":"Botella t\u00e9rmica para acampar al aire libre - Fabricante de botellas de agua Diller","description":"Como uno de los mejores fabricantes y proveedores de termos para acampar al aire libre, nos dedicamos a la fabricaci\u00f3n de botellas de agua de buena calidad. Le damos una c\u00e1lida bienvenida para que compre al por mayor o a medida termos para acampar al aire libre a un precio competitivo. Adem\u00e1s, aceptamos pedidos de peque\u00f1as cantidades.","robots":{"index":"index","follow":"follow","max-snippet":"max-snippet:-1","max-image-preview":"max-image-preview:large","max-video-preview":"max-video-preview:-1"},"canonical":"https:\/\/www.dillerbottle.com\/es\/productos\/botella-termica-para-acampar-al-aire-libre","og_locale":"es_ES","og_type":"article","og_title":"Outdoor Camping Thermo Bottle","og_description":"As one of the best outdoor camping thermo bottle manufacturers and suppliers, we are engaged in manufacturing good quality water bottles. We warmly welcome you to wholesale or buy custom made outdoor camping thermo bottle at competitive price from us. Also, small quantity orders are acceptable.","og_url":"https:\/\/www.dillerbottle.com\/es\/productos\/botella-termica-para-acampar-al-aire-libre","og_site_name":"Diller Water Bottle Manufacturer","article_modified_time":"2025-07-09T08:09:57+00:00","og_image":[{"width":730,"height":730,"url":"https:\/\/www.dillerbottle.com\/wp-content\/uploads\/2024\/09\/outdoor-camping-thermo-bottle63637fbf-d9c9-4083-8834-7fc9c4c8c4ce.jpg","type":"image\/jpeg"}],"twitter_card":"summary_large_image","twitter_misc":{"Tiempo de lectura":"6 minutos"},"schema":{"@context":"https:\/\/schema.org","@graph":[{"@type":"WebPage","@id":"https:\/\/www.dillerbottle.com\/products\/outdoor-camping-thermo-bottle","url":"https:\/\/www.dillerbottle.com\/products\/outdoor-camping-thermo-bottle","name":"Botella t\u00e9rmica para acampar al aire libre - Fabricante de botellas de agua Diller","isPartOf":{"@id":"https:\/\/www.dillerbottle.com\/#website"},"primaryImageOfPage":{"@id":"https:\/\/www.dillerbottle.com\/products\/outdoor-camping-thermo-bottle#primaryimage"},"image":{"@id":"https:\/\/www.dillerbottle.com\/products\/outdoor-camping-thermo-bottle#primaryimage"},"thumbnailUrl":"https:\/\/www.dillerbottle.com\/wp-content\/uploads\/2024\/09\/outdoor-camping-thermo-bottle63637fbf-d9c9-4083-8834-7fc9c4c8c4ce.jpg","datePublished":"2024-09-29T06:19:08+00:00","dateModified":"2025-07-09T08:09:57+00:00","description":"Como uno de los mejores fabricantes y proveedores de termos para acampar al aire libre, nos dedicamos a la fabricaci\u00f3n de botellas de agua de buena calidad. Le damos una c\u00e1lida bienvenida para que compre al por mayor o a medida termos para acampar al aire libre a un precio competitivo. Adem\u00e1s, aceptamos pedidos de peque\u00f1as cantidades.","breadcrumb":{"@id":"https:\/\/www.dillerbottle.com\/products\/outdoor-camping-thermo-bottle#breadcrumb"},"inLanguage":"es","potentialAction":[{"@type":"ReadAction","target":["https:\/\/www.dillerbottle.com\/products\/outdoor-camping-thermo-bottle"]}]},{"@type":"ImageObject","inLanguage":"es","@id":"https:\/\/www.dillerbottle.com\/products\/outdoor-camping-thermo-bottle#primaryimage","url":"https:\/\/www.dillerbottle.com\/wp-content\/uploads\/2024\/09\/outdoor-camping-thermo-bottle63637fbf-d9c9-4083-8834-7fc9c4c8c4ce.jpg","contentUrl":"https:\/\/www.dillerbottle.com\/wp-content\/uploads\/2024\/09\/outdoor-camping-thermo-bottle63637fbf-d9c9-4083-8834-7fc9c4c8c4ce.jpg","width":730,"height":730},{"@type":"BreadcrumbList","@id":"https:\/\/www.dillerbottle.com\/products\/outdoor-camping-thermo-bottle#breadcrumb","itemListElement":[{"@type":"ListItem","position":1,"name":"Home","item":"https:\/\/www.dillerbottle.com\/"},{"@type":"ListItem","position":2,"name":"Products","item":"https:\/\/www.dillerbottle.com\/shop"},{"@type":"ListItem","position":3,"name":"Outdoor Camping Thermo Bottle"}]},{"@type":"WebSite","@id":"https:\/\/www.dillerbottle.com\/#website","url":"https:\/\/www.dillerbottle.com\/","name":"Fabricante de botellas de agua Diller","description":"Fabricante de botellas de agua","publisher":{"@id":"https:\/\/www.dillerbottle.com\/#organization"},"potentialAction":[{"@type":"SearchAction","target":{"@type":"EntryPoint","urlTemplate":"https:\/\/www.dillerbottle.com\/?s={search_term_string}"},"query-input":{"@type":"PropertyValueSpecification","valueRequired":true,"valueName":"search_term_string"}}],"inLanguage":"es"},{"@type":"Organization","@id":"https:\/\/www.dillerbottle.com\/#organization","name":"Fabricante de botellas de agua Diller","url":"https:\/\/www.dillerbottle.com\/","logo":{"@type":"ImageObject","inLanguage":"es","@id":"https:\/\/www.dillerbottle.com\/#\/schema\/logo\/image\/","url":"https:\/\/www.dillerbottle.com\/wp-content\/uploads\/2024\/09\/49918bfa848dcc1e9f8b509933603ac.png","contentUrl":"https:\/\/www.dillerbottle.com\/wp-content\/uploads\/2024\/09\/49918bfa848dcc1e9f8b509933603ac.png","width":988,"height":198,"caption":"Diller Water Bottle Manufacturer"},"image":{"@id":"https:\/\/www.dillerbottle.com\/#\/schema\/logo\/image\/"}}]}},"_links":{"self":[{"href":"https:\/\/www.dillerbottle.com\/es\/wp-json\/wp\/v2\/product\/8563","targetHints":{"allow":["GET"]}}],"collection":[{"href":"https:\/\/www.dillerbottle.com\/es\/wp-json\/wp\/v2\/product"}],"about":[{"href":"https:\/\/www.dillerbottle.com\/es\/wp-json\/wp\/v2\/types\/product"}],"replies":[{"embeddable":true,"href":"https:\/\/www.dillerbottle.com\/es\/wp-json\/wp\/v2\/comments?post=8563"}],"wp:featuredmedia":[{"embeddable":true,"href":"https:\/\/www.dillerbottle.com\/es\/wp-json\/wp\/v2\/media\/8564"}],"wp:attachment":[{"href":"https:\/\/www.dillerbottle.com\/es\/wp-json\/wp\/v2\/media?parent=8563"}],"wp:term":[{"taxonomy":"product_brand","embeddable":true,"href":"https:\/\/www.dillerbottle.com\/es\/wp-json\/wp\/v2\/product_brand?post=8563"},{"taxonomy":"product_cat","embeddable":true,"href":"https:\/\/www.dillerbottle.com\/es\/wp-json\/wp\/v2\/product_cat?post=8563"},{"taxonomy":"product_tag","embeddable":true,"href":"https:\/\/www.dillerbottle.com\/es\/wp-json\/wp\/v2\/product_tag?post=8563"}],"curies":[{"name":"Gracias","href":"https:\/\/api.w.org\/{rel}","templated":true}]}}