{"id":8752,"date":"2024-09-29T14:21:54","date_gmt":"2024-09-29T06:21:54","guid":{"rendered":"https:\/\/demo.dillerbottle.com\/products\/fun-graffiti-insulated-coffee-mug"},"modified":"2025-07-09T16:09:13","modified_gmt":"2025-07-09T08:09:13","slug":"divertida-taza-de-cafe-con-aislamiento-y-grafiti","status":"publish","type":"product","link":"https:\/\/www.dillerbottle.com\/es\/products\/fun-graffiti-insulated-coffee-mug","title":{"rendered":"Taza de caf\u00e9 con aislamiento y dise\u00f1o de grafiti divertido"},"content":{"rendered":"<p>1.La divertida taza de caf\u00e9 con aislamiento de graffiti est\u00e1 hecha de acero inoxidable liviano 304 (18\/8) de grado alimenticio de alta calidad, que puede mantener el calor y el fr\u00edo de manera efectiva.<\/p>\n<p>2. La capacidad es de 1200 ml, que puede contener suficiente agua, caf\u00e9, t\u00e9, etc.<\/p>\n<p>3. La tapa de la taza tiene un anillo de silicona de sellado, por lo que no importa c\u00f3mo la manipule, no tendr\u00e1 miedo de que se filtre agua. Pajita de acero inoxidable de cortes\u00eda, se puede consumir directamente o con una pajita.<\/p>\n<p>4. El cuerpo de la taza tiene un asa ancha, lo que la hace m\u00e1s c\u00f3moda de llevar cuando sales. El cuerpo de la taza tambi\u00e9n presenta un dise\u00f1o de grafiti original y divertido.<\/p>\n<p>OEM y ODM aceptables.<br \/>\nPodemos personalizar el vaso seg\u00fan sus necesidades.<br \/>\n\u00a1Bienvenido a la compra al por mayor, env\u00ede su consulta ahora!<\/p>\n<p><iframe title=\"Botella de agua de acero inoxidable con dise\u00f1o de grafiti divertido, taza de viaje port\u00e1til, vaso de 40 oz con asa MLH9127\" width=\"800\" height=\"450\" src=\"https:\/\/www.youtube.com\/embed\/CAm04pIXRGk?feature=oembed\" frameborder=\"0\" allow=\"accelerometer; autoplay; clipboard-write; encrypted-media; gyroscope; picture-in-picture; web-share\" referrerpolicy=\"strict-origin-when-cross-origin\" allowfullscreen><\/iframe><\/p>","protected":false},"excerpt":{"rendered":"<p>Esta divertida taza de caf\u00e9 con aislamiento de graffiti est\u00e1 hecha de acero inoxidable duradero y materiales de calidad alimentaria.<br \/>\nCon aislamiento al vac\u00edo, este termo de metal puede mantener el contenido caliente o helado durante 6 a 12 horas.<br \/>\nEl cuerpo de la taza tiene un asa ancha, lo que la hace m\u00e1s c\u00f3moda de llevar cuando sales.<br \/>\nEl cuerpo de la taza tambi\u00e9n presenta un dise\u00f1o de graffiti original y divertido.<br \/>\nOEM y ODM aceptables.<br \/>\nPodemos personalizar el termo seg\u00fan sus necesidades.<br \/>\n\u00a1Bienvenido a la compra al por mayor, env\u00ede su consulta ahora!<\/p>","protected":false},"featured_media":8753,"comment_status":"open","ping_status":"closed","template":"","meta":{"_acf_changed":false},"product_brand":[],"product_cat":[46,18],"product_tag":[785,32,36,33,31,524,749,39,783,38,29,37,784,34,35,28,692,537,30],"class_list":{"0":"post-8752","1":"product","2":"type-product","3":"status-publish","4":"has-post-thumbnail","6":"product_cat-cup","7":"product_cat-insulated-water-bottle","8":"product_tag-500ml-stainless-steel-water-bottle","9":"product_tag-best","10":"product_tag-bulk","11":"product_tag-buy","12":"product_tag-custom","13":"product_tag-drinking-water-bottles","14":"product_tag-eco-friendly-water-bottle","15":"product_tag-for-sale","16":"product_tag-fun-graffiti-insulated-coffee-mug","17":"product_tag-good-quality","18":"product_tag-manufacturers","19":"product_tag-manufacturing","20":"product_tag-portable-water-bottle","21":"product_tag-price","22":"product_tag-small","23":"product_tag-suppliers","24":"product_tag-vacuum-sports-stainless-steel-sport-water-bottle","25":"product_tag-water-bottle-sleeve","26":"product_tag-wholesale","28":"first","29":"instock","30":"shipping-taxable","31":"product-type-simple"},"acf":[],"yoast_head":"<!-- This site is optimized with the Yoast SEO Premium plugin v27.5 (Yoast SEO v27.5) - https:\/\/yoast.com\/product\/yoast-seo-premium-wordpress\/ -->\n<title>Fun Graffiti Insulated Coffee Mug - Diller Water Bottle Manufacturer<\/title>\n<meta name=\"description\" content=\"As one of the best fun graffiti insulated coffee mug manufacturers and suppliers, we are engaged in manufacturing good quality water bottles. We warmly welcome you to wholesale or buy custom made fun graffiti insulated coffee mug at competitive price from us. Also, small quantity orders are acceptable.\" \/>\n<meta name=\"robots\" content=\"index, follow, max-snippet:-1, max-image-preview:large, max-video-preview:-1\" \/>\n<link rel=\"canonical\" href=\"https:\/\/www.dillerbottle.com\/es\/productos\/divertida-taza-de-cafe-con-aislamiento-y-grafiti\" \/>\n<meta property=\"og:locale\" content=\"es_ES\" \/>\n<meta property=\"og:type\" content=\"article\" \/>\n<meta property=\"og:title\" content=\"Fun Graffiti Insulated Coffee Mug\" \/>\n<meta property=\"og:description\" content=\"As one of the best fun graffiti insulated coffee mug manufacturers and suppliers, we are engaged in manufacturing good quality water bottles. We warmly welcome you to wholesale or buy custom made fun graffiti insulated coffee mug at competitive price from us. Also, small quantity orders are acceptable.\" \/>\n<meta property=\"og:url\" content=\"https:\/\/www.dillerbottle.com\/es\/productos\/divertida-taza-de-cafe-con-aislamiento-y-grafiti\" \/>\n<meta property=\"og:site_name\" content=\"Diller Water Bottle Manufacturer\" \/>\n<meta property=\"article:modified_time\" content=\"2025-07-09T08:09:13+00:00\" \/>\n<meta property=\"og:image\" content=\"https:\/\/www.dillerbottle.com\/wp-content\/uploads\/2024\/09\/fun-graffiti-insulated-coffee-mug8df559d6-a6f9-459e-a7a2-f4cf53e235e1.jpg\" \/>\n\t<meta property=\"og:image:width\" content=\"730\" \/>\n\t<meta property=\"og:image:height\" content=\"730\" \/>\n\t<meta property=\"og:image:type\" content=\"image\/jpeg\" \/>\n<meta name=\"twitter:card\" content=\"summary_large_image\" \/>\n<meta name=\"twitter:label1\" content=\"Tiempo de lectura\" \/>\n\t<meta name=\"twitter:data1\" content=\"6 minutos\" \/>\n<script type=\"application\/ld+json\" class=\"yoast-schema-graph\">{\"@context\":\"https:\\\/\\\/schema.org\",\"@graph\":[{\"@type\":\"WebPage\",\"@id\":\"https:\\\/\\\/www.dillerbottle.com\\\/ja\\\/%e8%a3%bd%e5%93%81\\\/%e6%a5%bd%e3%81%97%e3%81%84%e8%90%bd%e6%9b%b8%e3%81%8d%e6%96%ad%e7%86%b1%e3%82%b3%e3%83%bc%e3%83%92%e3%83%bc%e3%83%9e%e3%82%b0\",\"url\":\"https:\\\/\\\/www.dillerbottle.com\\\/ja\\\/%e8%a3%bd%e5%93%81\\\/%e6%a5%bd%e3%81%97%e3%81%84%e8%90%bd%e6%9b%b8%e3%81%8d%e6%96%ad%e7%86%b1%e3%82%b3%e3%83%bc%e3%83%92%e3%83%bc%e3%83%9e%e3%82%b0\",\"name\":\"Fun Graffiti Insulated Coffee Mug - Diller Water Bottle Manufacturer\",\"isPartOf\":{\"@id\":\"https:\\\/\\\/www.dillerbottle.com\\\/#website\"},\"primaryImageOfPage\":{\"@id\":\"https:\\\/\\\/www.dillerbottle.com\\\/ja\\\/%e8%a3%bd%e5%93%81\\\/%e6%a5%bd%e3%81%97%e3%81%84%e8%90%bd%e6%9b%b8%e3%81%8d%e6%96%ad%e7%86%b1%e3%82%b3%e3%83%bc%e3%83%92%e3%83%bc%e3%83%9e%e3%82%b0#primaryimage\"},\"image\":{\"@id\":\"https:\\\/\\\/www.dillerbottle.com\\\/ja\\\/%e8%a3%bd%e5%93%81\\\/%e6%a5%bd%e3%81%97%e3%81%84%e8%90%bd%e6%9b%b8%e3%81%8d%e6%96%ad%e7%86%b1%e3%82%b3%e3%83%bc%e3%83%92%e3%83%bc%e3%83%9e%e3%82%b0#primaryimage\"},\"thumbnailUrl\":\"https:\\\/\\\/www.dillerbottle.com\\\/wp-content\\\/uploads\\\/2024\\\/09\\\/fun-graffiti-insulated-coffee-mug8df559d6-a6f9-459e-a7a2-f4cf53e235e1.jpg\",\"datePublished\":\"2024-09-29T06:21:54+00:00\",\"dateModified\":\"2025-07-09T08:09:13+00:00\",\"description\":\"As one of the best fun graffiti insulated coffee mug manufacturers and suppliers, we are engaged in manufacturing good quality water bottles. We warmly welcome you to wholesale or buy custom made fun graffiti insulated coffee mug at competitive price from us. Also, small quantity orders are acceptable.\",\"breadcrumb\":{\"@id\":\"https:\\\/\\\/www.dillerbottle.com\\\/ja\\\/%e8%a3%bd%e5%93%81\\\/%e6%a5%bd%e3%81%97%e3%81%84%e8%90%bd%e6%9b%b8%e3%81%8d%e6%96%ad%e7%86%b1%e3%82%b3%e3%83%bc%e3%83%92%e3%83%bc%e3%83%9e%e3%82%b0#breadcrumb\"},\"inLanguage\":\"es\",\"potentialAction\":[{\"@type\":\"ReadAction\",\"target\":[\"https:\\\/\\\/www.dillerbottle.com\\\/ja\\\/%e8%a3%bd%e5%93%81\\\/%e6%a5%bd%e3%81%97%e3%81%84%e8%90%bd%e6%9b%b8%e3%81%8d%e6%96%ad%e7%86%b1%e3%82%b3%e3%83%bc%e3%83%92%e3%83%bc%e3%83%9e%e3%82%b0\"]}]},{\"@type\":\"ImageObject\",\"inLanguage\":\"es\",\"@id\":\"https:\\\/\\\/www.dillerbottle.com\\\/ja\\\/%e8%a3%bd%e5%93%81\\\/%e6%a5%bd%e3%81%97%e3%81%84%e8%90%bd%e6%9b%b8%e3%81%8d%e6%96%ad%e7%86%b1%e3%82%b3%e3%83%bc%e3%83%92%e3%83%bc%e3%83%9e%e3%82%b0#primaryimage\",\"url\":\"https:\\\/\\\/www.dillerbottle.com\\\/wp-content\\\/uploads\\\/2024\\\/09\\\/fun-graffiti-insulated-coffee-mug8df559d6-a6f9-459e-a7a2-f4cf53e235e1.jpg\",\"contentUrl\":\"https:\\\/\\\/www.dillerbottle.com\\\/wp-content\\\/uploads\\\/2024\\\/09\\\/fun-graffiti-insulated-coffee-mug8df559d6-a6f9-459e-a7a2-f4cf53e235e1.jpg\",\"width\":730,\"height\":730},{\"@type\":\"BreadcrumbList\",\"@id\":\"https:\\\/\\\/www.dillerbottle.com\\\/ja\\\/%e8%a3%bd%e5%93%81\\\/%e6%a5%bd%e3%81%97%e3%81%84%e8%90%bd%e6%9b%b8%e3%81%8d%e6%96%ad%e7%86%b1%e3%82%b3%e3%83%bc%e3%83%92%e3%83%bc%e3%83%9e%e3%82%b0#breadcrumb\",\"itemListElement\":[{\"@type\":\"ListItem\",\"position\":1,\"name\":\"Home\",\"item\":\"https:\\\/\\\/www.dillerbottle.com\\\/\"},{\"@type\":\"ListItem\",\"position\":2,\"name\":\"Products\",\"item\":\"https:\\\/\\\/www.dillerbottle.com\\\/shop\"},{\"@type\":\"ListItem\",\"position\":3,\"name\":\"Fun Graffiti Insulated Coffee Mug\"}]},{\"@type\":\"WebSite\",\"@id\":\"https:\\\/\\\/www.dillerbottle.com\\\/#website\",\"url\":\"https:\\\/\\\/www.dillerbottle.com\\\/\",\"name\":\"Diller Water Bottle Manufacturer\",\"description\":\"Water Bottle Manufacturer\",\"publisher\":{\"@id\":\"https:\\\/\\\/www.dillerbottle.com\\\/#organization\"},\"potentialAction\":[{\"@type\":\"SearchAction\",\"target\":{\"@type\":\"EntryPoint\",\"urlTemplate\":\"https:\\\/\\\/www.dillerbottle.com\\\/?s={search_term_string}\"},\"query-input\":{\"@type\":\"PropertyValueSpecification\",\"valueRequired\":true,\"valueName\":\"search_term_string\"}}],\"inLanguage\":\"es\"},{\"@type\":\"Organization\",\"@id\":\"https:\\\/\\\/www.dillerbottle.com\\\/#organization\",\"name\":\"Diller Water Bottle Manufacturer\",\"url\":\"https:\\\/\\\/www.dillerbottle.com\\\/\",\"logo\":{\"@type\":\"ImageObject\",\"inLanguage\":\"es\",\"@id\":\"https:\\\/\\\/www.dillerbottle.com\\\/#\\\/schema\\\/logo\\\/image\\\/\",\"url\":\"https:\\\/\\\/www.dillerbottle.com\\\/wp-content\\\/uploads\\\/2024\\\/09\\\/49918bfa848dcc1e9f8b509933603ac.png\",\"contentUrl\":\"https:\\\/\\\/www.dillerbottle.com\\\/wp-content\\\/uploads\\\/2024\\\/09\\\/49918bfa848dcc1e9f8b509933603ac.png\",\"width\":988,\"height\":198,\"caption\":\"Diller Water Bottle Manufacturer\"},\"image\":{\"@id\":\"https:\\\/\\\/www.dillerbottle.com\\\/#\\\/schema\\\/logo\\\/image\\\/\"}}]}<\/script>\n<!-- \/ Yoast SEO Premium plugin. -->","yoast_head_json":{"title":"Taza de caf\u00e9 con aislamiento y grafiti divertido - Fabricante de botellas de agua Diller","description":"Como uno de los mejores fabricantes y proveedores de tazas de caf\u00e9 con aislamiento de graffiti divertido, nos dedicamos a la fabricaci\u00f3n de botellas de agua de buena calidad. Le damos una c\u00e1lida bienvenida para que compre al por mayor o tazas de caf\u00e9 con aislamiento de graffiti divertido hechas a medida a un precio competitivo. Adem\u00e1s, aceptamos pedidos de peque\u00f1as cantidades.","robots":{"index":"index","follow":"follow","max-snippet":"max-snippet:-1","max-image-preview":"max-image-preview:large","max-video-preview":"max-video-preview:-1"},"canonical":"https:\/\/www.dillerbottle.com\/es\/productos\/divertida-taza-de-cafe-con-aislamiento-y-grafiti","og_locale":"es_ES","og_type":"article","og_title":"Fun Graffiti Insulated Coffee Mug","og_description":"As one of the best fun graffiti insulated coffee mug manufacturers and suppliers, we are engaged in manufacturing good quality water bottles. We warmly welcome you to wholesale or buy custom made fun graffiti insulated coffee mug at competitive price from us. Also, small quantity orders are acceptable.","og_url":"https:\/\/www.dillerbottle.com\/es\/productos\/divertida-taza-de-cafe-con-aislamiento-y-grafiti","og_site_name":"Diller Water Bottle Manufacturer","article_modified_time":"2025-07-09T08:09:13+00:00","og_image":[{"width":730,"height":730,"url":"https:\/\/www.dillerbottle.com\/wp-content\/uploads\/2024\/09\/fun-graffiti-insulated-coffee-mug8df559d6-a6f9-459e-a7a2-f4cf53e235e1.jpg","type":"image\/jpeg"}],"twitter_card":"summary_large_image","twitter_misc":{"Tiempo de lectura":"6 minutos"},"schema":{"@context":"https:\/\/schema.org","@graph":[{"@type":"WebPage","@id":"https:\/\/www.dillerbottle.com\/ja\/%e8%a3%bd%e5%93%81\/%e6%a5%bd%e3%81%97%e3%81%84%e8%90%bd%e6%9b%b8%e3%81%8d%e6%96%ad%e7%86%b1%e3%82%b3%e3%83%bc%e3%83%92%e3%83%bc%e3%83%9e%e3%82%b0","url":"https:\/\/www.dillerbottle.com\/ja\/%e8%a3%bd%e5%93%81\/%e6%a5%bd%e3%81%97%e3%81%84%e8%90%bd%e6%9b%b8%e3%81%8d%e6%96%ad%e7%86%b1%e3%82%b3%e3%83%bc%e3%83%92%e3%83%bc%e3%83%9e%e3%82%b0","name":"Taza de caf\u00e9 con aislamiento y grafiti divertido - Fabricante de botellas de agua Diller","isPartOf":{"@id":"https:\/\/www.dillerbottle.com\/#website"},"primaryImageOfPage":{"@id":"https:\/\/www.dillerbottle.com\/ja\/%e8%a3%bd%e5%93%81\/%e6%a5%bd%e3%81%97%e3%81%84%e8%90%bd%e6%9b%b8%e3%81%8d%e6%96%ad%e7%86%b1%e3%82%b3%e3%83%bc%e3%83%92%e3%83%bc%e3%83%9e%e3%82%b0#primaryimage"},"image":{"@id":"https:\/\/www.dillerbottle.com\/ja\/%e8%a3%bd%e5%93%81\/%e6%a5%bd%e3%81%97%e3%81%84%e8%90%bd%e6%9b%b8%e3%81%8d%e6%96%ad%e7%86%b1%e3%82%b3%e3%83%bc%e3%83%92%e3%83%bc%e3%83%9e%e3%82%b0#primaryimage"},"thumbnailUrl":"https:\/\/www.dillerbottle.com\/wp-content\/uploads\/2024\/09\/fun-graffiti-insulated-coffee-mug8df559d6-a6f9-459e-a7a2-f4cf53e235e1.jpg","datePublished":"2024-09-29T06:21:54+00:00","dateModified":"2025-07-09T08:09:13+00:00","description":"Como uno de los mejores fabricantes y proveedores de tazas de caf\u00e9 con aislamiento de graffiti divertido, nos dedicamos a la fabricaci\u00f3n de botellas de agua de buena calidad. Le damos una c\u00e1lida bienvenida para que compre al por mayor o tazas de caf\u00e9 con aislamiento de graffiti divertido hechas a medida a un precio competitivo. Adem\u00e1s, aceptamos pedidos de peque\u00f1as cantidades.","breadcrumb":{"@id":"https:\/\/www.dillerbottle.com\/ja\/%e8%a3%bd%e5%93%81\/%e6%a5%bd%e3%81%97%e3%81%84%e8%90%bd%e6%9b%b8%e3%81%8d%e6%96%ad%e7%86%b1%e3%82%b3%e3%83%bc%e3%83%92%e3%83%bc%e3%83%9e%e3%82%b0#breadcrumb"},"inLanguage":"es","potentialAction":[{"@type":"ReadAction","target":["https:\/\/www.dillerbottle.com\/ja\/%e8%a3%bd%e5%93%81\/%e6%a5%bd%e3%81%97%e3%81%84%e8%90%bd%e6%9b%b8%e3%81%8d%e6%96%ad%e7%86%b1%e3%82%b3%e3%83%bc%e3%83%92%e3%83%bc%e3%83%9e%e3%82%b0"]}]},{"@type":"ImageObject","inLanguage":"es","@id":"https:\/\/www.dillerbottle.com\/ja\/%e8%a3%bd%e5%93%81\/%e6%a5%bd%e3%81%97%e3%81%84%e8%90%bd%e6%9b%b8%e3%81%8d%e6%96%ad%e7%86%b1%e3%82%b3%e3%83%bc%e3%83%92%e3%83%bc%e3%83%9e%e3%82%b0#primaryimage","url":"https:\/\/www.dillerbottle.com\/wp-content\/uploads\/2024\/09\/fun-graffiti-insulated-coffee-mug8df559d6-a6f9-459e-a7a2-f4cf53e235e1.jpg","contentUrl":"https:\/\/www.dillerbottle.com\/wp-content\/uploads\/2024\/09\/fun-graffiti-insulated-coffee-mug8df559d6-a6f9-459e-a7a2-f4cf53e235e1.jpg","width":730,"height":730},{"@type":"BreadcrumbList","@id":"https:\/\/www.dillerbottle.com\/ja\/%e8%a3%bd%e5%93%81\/%e6%a5%bd%e3%81%97%e3%81%84%e8%90%bd%e6%9b%b8%e3%81%8d%e6%96%ad%e7%86%b1%e3%82%b3%e3%83%bc%e3%83%92%e3%83%bc%e3%83%9e%e3%82%b0#breadcrumb","itemListElement":[{"@type":"ListItem","position":1,"name":"Home","item":"https:\/\/www.dillerbottle.com\/"},{"@type":"ListItem","position":2,"name":"Products","item":"https:\/\/www.dillerbottle.com\/shop"},{"@type":"ListItem","position":3,"name":"Fun Graffiti Insulated Coffee Mug"}]},{"@type":"WebSite","@id":"https:\/\/www.dillerbottle.com\/#website","url":"https:\/\/www.dillerbottle.com\/","name":"Fabricante de botellas de agua Diller","description":"Fabricante de botellas de agua","publisher":{"@id":"https:\/\/www.dillerbottle.com\/#organization"},"potentialAction":[{"@type":"SearchAction","target":{"@type":"EntryPoint","urlTemplate":"https:\/\/www.dillerbottle.com\/?s={search_term_string}"},"query-input":{"@type":"PropertyValueSpecification","valueRequired":true,"valueName":"search_term_string"}}],"inLanguage":"es"},{"@type":"Organization","@id":"https:\/\/www.dillerbottle.com\/#organization","name":"Fabricante de botellas de agua Diller","url":"https:\/\/www.dillerbottle.com\/","logo":{"@type":"ImageObject","inLanguage":"es","@id":"https:\/\/www.dillerbottle.com\/#\/schema\/logo\/image\/","url":"https:\/\/www.dillerbottle.com\/wp-content\/uploads\/2024\/09\/49918bfa848dcc1e9f8b509933603ac.png","contentUrl":"https:\/\/www.dillerbottle.com\/wp-content\/uploads\/2024\/09\/49918bfa848dcc1e9f8b509933603ac.png","width":988,"height":198,"caption":"Diller Water Bottle Manufacturer"},"image":{"@id":"https:\/\/www.dillerbottle.com\/#\/schema\/logo\/image\/"}}]}},"_links":{"self":[{"href":"https:\/\/www.dillerbottle.com\/es\/wp-json\/wp\/v2\/product\/8752","targetHints":{"allow":["GET"]}}],"collection":[{"href":"https:\/\/www.dillerbottle.com\/es\/wp-json\/wp\/v2\/product"}],"about":[{"href":"https:\/\/www.dillerbottle.com\/es\/wp-json\/wp\/v2\/types\/product"}],"replies":[{"embeddable":true,"href":"https:\/\/www.dillerbottle.com\/es\/wp-json\/wp\/v2\/comments?post=8752"}],"wp:featuredmedia":[{"embeddable":true,"href":"https:\/\/www.dillerbottle.com\/es\/wp-json\/wp\/v2\/media\/8753"}],"wp:attachment":[{"href":"https:\/\/www.dillerbottle.com\/es\/wp-json\/wp\/v2\/media?parent=8752"}],"wp:term":[{"taxonomy":"product_brand","embeddable":true,"href":"https:\/\/www.dillerbottle.com\/es\/wp-json\/wp\/v2\/product_brand?post=8752"},{"taxonomy":"product_cat","embeddable":true,"href":"https:\/\/www.dillerbottle.com\/es\/wp-json\/wp\/v2\/product_cat?post=8752"},{"taxonomy":"product_tag","embeddable":true,"href":"https:\/\/www.dillerbottle.com\/es\/wp-json\/wp\/v2\/product_tag?post=8752"}],"curies":[{"name":"Gracias","href":"https:\/\/api.w.org\/{rel}","templated":true}]}}