{"id":3,"date":"2024-09-23T09:55:12","date_gmt":"2024-09-23T01:55:12","guid":{"rendered":"https:\/\/demo.dillerbottle.com\/?page_id=3"},"modified":"2024-10-26T17:48:30","modified_gmt":"2024-10-26T09:48:30","slug":"politique-de-confidentialite","status":"publish","type":"page","link":"https:\/\/www.dillerbottle.com\/fr\/privacy-policy","title":{"rendered":"politique de confidentialit\u00e9"},"content":{"rendered":"<p>Qui sommes-nous<br \/>L&#039;adresse de notre site Web est : https:\/\/www.dillerbottle.com.<\/p>\r\n<p>Commentaires<br \/>Lorsqu&#039;un visiteur laisse un commentaire sur notre site Web, nous collectons des donn\u00e9es \u00e0 partir du formulaire de commentaire, de l&#039;adresse IP du visiteur et de la cha\u00eene de l&#039;agent utilisateur du navigateur, ce qui permet de d\u00e9tecter les commentaires de spam.<\/p>\r\n<p>De plus, nous pouvons g\u00e9n\u00e9rer des cha\u00eenes d&#039;anonymisation (hachages) bas\u00e9es sur votre adresse e-mail et les fournir au service Gravatar pour confirmer que vous utilisez le service. La politique de confidentialit\u00e9 du service Gravatar est accessible via le lien suivant : https:\/\/automattic.com\/privacy\/. Une fois votre commentaire approuv\u00e9, votre avatar sera affich\u00e9 publiquement avec votre commentaire.<\/p>\r\n<p>M\u00e9dias<br \/>Si vous t\u00e9l\u00e9chargez des images sur notre site web, \u00e9vitez de t\u00e9l\u00e9charger des images contenant des informations de g\u00e9olocalisation int\u00e9gr\u00e9es (donn\u00e9es EXIF GPS). Les visiteurs du site peuvent t\u00e9l\u00e9charger et extraire les informations de localisation des images.<\/p>\r\n<p>Cookies<br \/>Si vous d\u00e9posez un commentaire sur notre site Internet, vous pouvez choisir d\u2019utiliser des cookies pour enregistrer votre nom, votre adresse e-mail et l\u2019adresse de votre site Internet. Ces cookies vous offriront la commodit\u00e9 de ne pas avoir \u00e0 saisir \u00e0 nouveau ces informations lorsque vous d\u00e9poserez un commentaire ult\u00e9rieur. Ces cookies seront conserv\u00e9s pendant un an.<\/p>\r\n<p>Si vous visitez notre page de connexion, nous installerons un cookie temporaire pour confirmer que votre navigateur accepte les cookies ; ce cookie ne contient aucune donn\u00e9e personnelle et sera supprim\u00e9 lorsque vous fermerez votre navigateur.<\/p>\r\n<p>Lorsque vous vous connectez, nous installons plusieurs cookies pour stocker vos informations de connexion et vos options d&#039;affichage \u00e0 l&#039;\u00e9cran. Les cookies de connexion sont valables deux jours et les cookies d&#039;options d&#039;affichage \u00e0 l&#039;\u00e9cran sont valables un an. Si vous s\u00e9lectionnez \u00ab Se souvenir de moi \u00bb, vos informations de connexion seront stock\u00e9es pendant quinze jours. Lorsque vous vous d\u00e9connecterez de votre compte, les cookies de connexion seront supprim\u00e9s.<\/p>\r\n<p>Si vous \u00e9ditez ou publiez un article, nous installerons un cookie suppl\u00e9mentaire dans votre navigateur qui ne contient aucune donn\u00e9e personnelle, mais uniquement l&#039;ID de l&#039;article que vous \u00e9ditez ; ce cookie sera stock\u00e9 pendant un jour.<\/p>\r\n<p>Contenu int\u00e9gr\u00e9 provenant d&#039;autres sites Web<br \/>Les articles de ce site Web peuvent contenir du contenu int\u00e9gr\u00e9 (par exemple des vid\u00e9os, des images, des articles, etc.). Ces contenus int\u00e9gr\u00e9s se comportent d&#039;une mani\u00e8re qui n&#039;est pas diff\u00e9rente de la fa\u00e7on dont ils se comportent lorsque vous visitez directement ces sites Web externes.<\/p>\r\n<p>Ces sites Web externes peuvent collecter des donn\u00e9es sur vous, utiliser des cookies, int\u00e9grer des outils de suivi tiers suppl\u00e9mentaires et m\u00eame surveiller vos interactions avec le contenu int\u00e9gr\u00e9, en particulier si vous avez un compte sur ces sites Web externes et \u00eates connect\u00e9.<\/p>\r\n<p>Avec qui partageons-nous vos informations ?<br \/>Si vous demandez une r\u00e9initialisation de mot de passe, votre adresse IP sera incluse dans l&#039;e-mail de r\u00e9initialisation de mot de passe.<\/p>\r\n<p>Combien de temps conservons-nous vos informations ?<br \/>Si vous laissez un commentaire, le commentaire et ses donn\u00e9es associ\u00e9es seront conserv\u00e9s ind\u00e9finiment. Cela permet de faciliter l&#039;identification et l&#039;approbation automatiques des commentaires ult\u00e9rieurs sans qu&#039;il soit n\u00e9cessaire de les placer dans une file d&#039;attente de mod\u00e9ration.<\/p>\r\n<p>Pour les utilisateurs qui s&#039;inscrivent sur notre site, nous stockons \u00e9galement les informations personnelles qu&#039;ils fournissent dans leur profil. Tous les utilisateurs peuvent consulter, modifier ou supprimer leurs informations personnelles \u00e0 tout moment (\u00e0 l&#039;exception des noms d&#039;utilisateur), et les administrateurs du site peuvent \u00e9galement consulter et modifier ces informations.<\/p>\r\n<p>Quels droits avez-vous sur vos donn\u00e9es<br \/>Si vous avez un compte sur notre site Web ou si vous avez d\u00e9j\u00e0 laiss\u00e9 un avis, vous pouvez demander \u00e0 recevoir un fichier export\u00e9 des donn\u00e9es personnelles que nous d\u00e9tenons \u00e0 votre sujet, qui comprend toutes les donn\u00e9es que vous nous avez fournies. Vous pouvez \u00e9galement demander que nous supprimions toutes les donn\u00e9es personnelles que nous d\u00e9tenons \u00e0 votre sujet. Cela n&#039;inclut pas les donn\u00e9es que nous devons conserver \u00e0 des fins administratives, juridiques ou de s\u00e9curit\u00e9.<\/p>\r\n<p>O\u00f9 vos donn\u00e9es sont envoy\u00e9es<br \/>Les commentaires des invit\u00e9s peuvent \u00eatre v\u00e9rifi\u00e9s par un service automatis\u00e9 de d\u00e9tection des commentaires ind\u00e9sirables.<\/p>","protected":false},"excerpt":{"rendered":"<p>Who we areOur website address is: https:\/\/www.dillerbottle.com. CommentsWhen a visitor leaves a comment on our website, we collect data from the comment form, the visitor&#8217;s IP address and browser User-Agent string, which helps detect spam comments. In addition, we may generate anonymisation strings (hashes) based on your email address and provide them to the Gravatar [&hellip;]<\/p>\n","protected":false},"author":1,"featured_media":0,"parent":0,"menu_order":0,"comment_status":"closed","ping_status":"open","template":"","meta":{"_acf_changed":false,"footnotes":""},"class_list":["post-3","page","type-page","status-publish","hentry"],"acf":[],"yoast_head":"<!-- This site is optimized with the Yoast SEO Premium plugin v27.5 (Yoast SEO v27.5) - https:\/\/yoast.com\/product\/yoast-seo-premium-wordpress\/ -->\n<title>Privacy Policy - Diller Water Bottle Manufacturer<\/title>\n<meta name=\"description\" content=\"Learn about our website&#039;s privacy policy and how we collect data from comments and media uploads. Find out how we protect your personal information.\" \/>\n<meta name=\"robots\" content=\"index, follow, max-snippet:-1, max-image-preview:large, max-video-preview:-1\" \/>\n<link rel=\"canonical\" href=\"https:\/\/www.dillerbottle.com\/fr\/politique-de-confidentialite\" \/>\n<meta property=\"og:locale\" content=\"fr_FR\" \/>\n<meta property=\"og:type\" content=\"article\" \/>\n<meta property=\"og:title\" content=\"Privacy Policy\" \/>\n<meta property=\"og:description\" content=\"Learn about our website&#039;s privacy policy and how we collect data from comments and media uploads. Find out how we protect your personal information.\" \/>\n<meta property=\"og:url\" content=\"https:\/\/www.dillerbottle.com\/fr\/politique-de-confidentialite\" \/>\n<meta property=\"og:site_name\" content=\"Diller Water Bottle Manufacturer\" \/>\n<meta property=\"article:modified_time\" content=\"2024-10-26T09:48:30+00:00\" \/>\n<meta name=\"twitter:card\" content=\"summary_large_image\" \/>\n<meta name=\"twitter:label1\" content=\"Dur\u00e9e de lecture estim\u00e9e\" \/>\n\t<meta name=\"twitter:data1\" content=\"3 minutes\" \/>\n<script type=\"application\/ld+json\" class=\"yoast-schema-graph\">{\"@context\":\"https:\\\/\\\/schema.org\",\"@graph\":[{\"@type\":\"Article\",\"@id\":\"https:\\\/\\\/www.dillerbottle.com\\\/privacy-policy#article\",\"isPartOf\":{\"@id\":\"https:\\\/\\\/www.dillerbottle.com\\\/privacy-policy\"},\"author\":{\"name\":\"Chief Product Officer of Diller\",\"@id\":\"https:\\\/\\\/www.dillerbottle.com\\\/#\\\/schema\\\/person\\\/6e4e3f367a0e12fd1bd059570c54c9af\"},\"headline\":\"Privacy Policy\",\"datePublished\":\"2024-09-23T01:55:12+00:00\",\"dateModified\":\"2024-10-26T09:48:30+00:00\",\"mainEntityOfPage\":{\"@id\":\"https:\\\/\\\/www.dillerbottle.com\\\/privacy-policy\"},\"wordCount\":607,\"publisher\":{\"@id\":\"https:\\\/\\\/www.dillerbottle.com\\\/#organization\"},\"inLanguage\":\"fr-FR\"},{\"@type\":\"WebPage\",\"@id\":\"https:\\\/\\\/www.dillerbottle.com\\\/privacy-policy\",\"url\":\"https:\\\/\\\/www.dillerbottle.com\\\/privacy-policy\",\"name\":\"Privacy Policy - Diller Water Bottle Manufacturer\",\"isPartOf\":{\"@id\":\"https:\\\/\\\/www.dillerbottle.com\\\/#website\"},\"datePublished\":\"2024-09-23T01:55:12+00:00\",\"dateModified\":\"2024-10-26T09:48:30+00:00\",\"description\":\"Learn about our website's privacy policy and how we collect data from comments and media uploads. Find out how we protect your personal information.\",\"breadcrumb\":{\"@id\":\"https:\\\/\\\/www.dillerbottle.com\\\/privacy-policy#breadcrumb\"},\"inLanguage\":\"fr-FR\",\"potentialAction\":[{\"@type\":\"ReadAction\",\"target\":[\"https:\\\/\\\/www.dillerbottle.com\\\/privacy-policy\"]}]},{\"@type\":\"BreadcrumbList\",\"@id\":\"https:\\\/\\\/www.dillerbottle.com\\\/privacy-policy#breadcrumb\",\"itemListElement\":[{\"@type\":\"ListItem\",\"position\":1,\"name\":\"Home\",\"item\":\"https:\\\/\\\/www.dillerbottle.com\\\/\"},{\"@type\":\"ListItem\",\"position\":2,\"name\":\"Privacy Policy\"}]},{\"@type\":\"WebSite\",\"@id\":\"https:\\\/\\\/www.dillerbottle.com\\\/#website\",\"url\":\"https:\\\/\\\/www.dillerbottle.com\\\/\",\"name\":\"Diller Water Bottle Manufacturer\",\"description\":\"Water Bottle Manufacturer\",\"publisher\":{\"@id\":\"https:\\\/\\\/www.dillerbottle.com\\\/#organization\"},\"potentialAction\":[{\"@type\":\"SearchAction\",\"target\":{\"@type\":\"EntryPoint\",\"urlTemplate\":\"https:\\\/\\\/www.dillerbottle.com\\\/?s={search_term_string}\"},\"query-input\":{\"@type\":\"PropertyValueSpecification\",\"valueRequired\":true,\"valueName\":\"search_term_string\"}}],\"inLanguage\":\"fr-FR\"},{\"@type\":\"Organization\",\"@id\":\"https:\\\/\\\/www.dillerbottle.com\\\/#organization\",\"name\":\"Diller Water Bottle Manufacturer\",\"url\":\"https:\\\/\\\/www.dillerbottle.com\\\/\",\"logo\":{\"@type\":\"ImageObject\",\"inLanguage\":\"fr-FR\",\"@id\":\"https:\\\/\\\/www.dillerbottle.com\\\/#\\\/schema\\\/logo\\\/image\\\/\",\"url\":\"https:\\\/\\\/www.dillerbottle.com\\\/wp-content\\\/uploads\\\/2024\\\/09\\\/49918bfa848dcc1e9f8b509933603ac.png\",\"contentUrl\":\"https:\\\/\\\/www.dillerbottle.com\\\/wp-content\\\/uploads\\\/2024\\\/09\\\/49918bfa848dcc1e9f8b509933603ac.png\",\"width\":988,\"height\":198,\"caption\":\"Diller Water Bottle Manufacturer\"},\"image\":{\"@id\":\"https:\\\/\\\/www.dillerbottle.com\\\/#\\\/schema\\\/logo\\\/image\\\/\"}},{\"@type\":\"Person\",\"@id\":\"https:\\\/\\\/www.dillerbottle.com\\\/#\\\/schema\\\/person\\\/6e4e3f367a0e12fd1bd059570c54c9af\",\"name\":\"Chief Product Officer of Diller\",\"image\":{\"@type\":\"ImageObject\",\"inLanguage\":\"fr-FR\",\"@id\":\"https:\\\/\\\/secure.gravatar.com\\\/avatar\\\/948a7094970fcd6f83ebecba16db8a0cd9e0d9a5526ec2aad2f199a3553f6eb5?s=96&d=mm&r=g\",\"url\":\"https:\\\/\\\/secure.gravatar.com\\\/avatar\\\/948a7094970fcd6f83ebecba16db8a0cd9e0d9a5526ec2aad2f199a3553f6eb5?s=96&d=mm&r=g\",\"contentUrl\":\"https:\\\/\\\/secure.gravatar.com\\\/avatar\\\/948a7094970fcd6f83ebecba16db8a0cd9e0d9a5526ec2aad2f199a3553f6eb5?s=96&d=mm&r=g\",\"caption\":\"Chief Product Officer of Diller\"},\"sameAs\":[\"https:\\\/\\\/www.dillerbottle.com\"],\"jobTitle\":\"Chief Product Officer of Diller\",\"url\":\"https:\\\/\\\/www.dillerbottle.com\\\/fr\\\/author\\\/diller\"}]}<\/script>\n<!-- \/ Yoast SEO Premium plugin. -->","yoast_head_json":{"title":"Politique de confidentialit\u00e9 - Fabricant de bouteilles d&#039;eau Diller","description":"D\u00e9couvrez la politique de confidentialit\u00e9 de notre site Web et la mani\u00e8re dont nous collectons les donn\u00e9es issues des commentaires et des t\u00e9l\u00e9chargements de m\u00e9dias. D\u00e9couvrez comment nous prot\u00e9geons vos informations personnelles.","robots":{"index":"index","follow":"follow","max-snippet":"max-snippet:-1","max-image-preview":"max-image-preview:large","max-video-preview":"max-video-preview:-1"},"canonical":"https:\/\/www.dillerbottle.com\/fr\/politique-de-confidentialite","og_locale":"fr_FR","og_type":"article","og_title":"Privacy Policy","og_description":"Learn about our website's privacy policy and how we collect data from comments and media uploads. Find out how we protect your personal information.","og_url":"https:\/\/www.dillerbottle.com\/fr\/politique-de-confidentialite","og_site_name":"Diller Water Bottle Manufacturer","article_modified_time":"2024-10-26T09:48:30+00:00","twitter_card":"summary_large_image","twitter_misc":{"Dur\u00e9e de lecture estim\u00e9e":"3 minutes"},"schema":{"@context":"https:\/\/schema.org","@graph":[{"@type":"Article","@id":"https:\/\/www.dillerbottle.com\/privacy-policy#article","isPartOf":{"@id":"https:\/\/www.dillerbottle.com\/privacy-policy"},"author":{"name":"Chief Product Officer of Diller","@id":"https:\/\/www.dillerbottle.com\/#\/schema\/person\/6e4e3f367a0e12fd1bd059570c54c9af"},"headline":"Privacy Policy","datePublished":"2024-09-23T01:55:12+00:00","dateModified":"2024-10-26T09:48:30+00:00","mainEntityOfPage":{"@id":"https:\/\/www.dillerbottle.com\/privacy-policy"},"wordCount":607,"publisher":{"@id":"https:\/\/www.dillerbottle.com\/#organization"},"inLanguage":"fr-FR"},{"@type":"WebPage","@id":"https:\/\/www.dillerbottle.com\/privacy-policy","url":"https:\/\/www.dillerbottle.com\/privacy-policy","name":"Politique de confidentialit\u00e9 - Fabricant de bouteilles d&#039;eau Diller","isPartOf":{"@id":"https:\/\/www.dillerbottle.com\/#website"},"datePublished":"2024-09-23T01:55:12+00:00","dateModified":"2024-10-26T09:48:30+00:00","description":"D\u00e9couvrez la politique de confidentialit\u00e9 de notre site Web et la mani\u00e8re dont nous collectons les donn\u00e9es issues des commentaires et des t\u00e9l\u00e9chargements de m\u00e9dias. D\u00e9couvrez comment nous prot\u00e9geons vos informations personnelles.","breadcrumb":{"@id":"https:\/\/www.dillerbottle.com\/privacy-policy#breadcrumb"},"inLanguage":"fr-FR","potentialAction":[{"@type":"ReadAction","target":["https:\/\/www.dillerbottle.com\/privacy-policy"]}]},{"@type":"BreadcrumbList","@id":"https:\/\/www.dillerbottle.com\/privacy-policy#breadcrumb","itemListElement":[{"@type":"ListItem","position":1,"name":"Home","item":"https:\/\/www.dillerbottle.com\/"},{"@type":"ListItem","position":2,"name":"Privacy Policy"}]},{"@type":"WebSite","@id":"https:\/\/www.dillerbottle.com\/#website","url":"https:\/\/www.dillerbottle.com\/","name":"Fabricant de bouteilles d&#039;eau Diller","description":"Fabricant de bouteilles d&#039;eau","publisher":{"@id":"https:\/\/www.dillerbottle.com\/#organization"},"potentialAction":[{"@type":"SearchAction","target":{"@type":"EntryPoint","urlTemplate":"https:\/\/www.dillerbottle.com\/?s={search_term_string}"},"query-input":{"@type":"PropertyValueSpecification","valueRequired":true,"valueName":"search_term_string"}}],"inLanguage":"fr-FR"},{"@type":"Organization","@id":"https:\/\/www.dillerbottle.com\/#organization","name":"Fabricant de bouteilles d&#039;eau Diller","url":"https:\/\/www.dillerbottle.com\/","logo":{"@type":"ImageObject","inLanguage":"fr-FR","@id":"https:\/\/www.dillerbottle.com\/#\/schema\/logo\/image\/","url":"https:\/\/www.dillerbottle.com\/wp-content\/uploads\/2024\/09\/49918bfa848dcc1e9f8b509933603ac.png","contentUrl":"https:\/\/www.dillerbottle.com\/wp-content\/uploads\/2024\/09\/49918bfa848dcc1e9f8b509933603ac.png","width":988,"height":198,"caption":"Diller Water Bottle Manufacturer"},"image":{"@id":"https:\/\/www.dillerbottle.com\/#\/schema\/logo\/image\/"}},{"@type":"Person","@id":"https:\/\/www.dillerbottle.com\/#\/schema\/person\/6e4e3f367a0e12fd1bd059570c54c9af","name":"Directeur Produit de Diller","image":{"@type":"ImageObject","inLanguage":"fr-FR","@id":"https:\/\/secure.gravatar.com\/avatar\/948a7094970fcd6f83ebecba16db8a0cd9e0d9a5526ec2aad2f199a3553f6eb5?s=96&d=mm&r=g","url":"https:\/\/secure.gravatar.com\/avatar\/948a7094970fcd6f83ebecba16db8a0cd9e0d9a5526ec2aad2f199a3553f6eb5?s=96&d=mm&r=g","contentUrl":"https:\/\/secure.gravatar.com\/avatar\/948a7094970fcd6f83ebecba16db8a0cd9e0d9a5526ec2aad2f199a3553f6eb5?s=96&d=mm&r=g","caption":"Chief Product Officer of Diller"},"sameAs":["https:\/\/www.dillerbottle.com"],"jobTitle":"Chief Product Officer of Diller","url":"https:\/\/www.dillerbottle.com\/fr\/author\/diller"}]}},"_links":{"self":[{"href":"https:\/\/www.dillerbottle.com\/fr\/wp-json\/wp\/v2\/pages\/3","targetHints":{"allow":["GET"]}}],"collection":[{"href":"https:\/\/www.dillerbottle.com\/fr\/wp-json\/wp\/v2\/pages"}],"about":[{"href":"https:\/\/www.dillerbottle.com\/fr\/wp-json\/wp\/v2\/types\/page"}],"author":[{"embeddable":true,"href":"https:\/\/www.dillerbottle.com\/fr\/wp-json\/wp\/v2\/users\/1"}],"replies":[{"embeddable":true,"href":"https:\/\/www.dillerbottle.com\/fr\/wp-json\/wp\/v2\/comments?post=3"}],"version-history":[{"count":0,"href":"https:\/\/www.dillerbottle.com\/fr\/wp-json\/wp\/v2\/pages\/3\/revisions"}],"wp:attachment":[{"href":"https:\/\/www.dillerbottle.com\/fr\/wp-json\/wp\/v2\/media?parent=3"}],"curies":[{"name":"wp","href":"https:\/\/api.w.org\/{rel}","templated":true}]}}