{"id":10611,"date":"2024-09-29T14:47:28","date_gmt":"2024-09-29T06:47:28","guid":{"rendered":"https:\/\/demo.dillerbottle.com\/products\/stainless-steel-vacuum-flask"},"modified":"2024-09-29T14:47:35","modified_gmt":"2024-09-29T06:47:35","slug":"bouteille-isotherme-en-acier-inoxydable-4","status":"publish","type":"product","link":"https:\/\/www.dillerbottle.com\/fr\/products\/stainless-steel-vacuum-flask","title":{"rendered":"Bouteille isotherme en acier inoxydable"},"content":{"rendered":"<p>Bouteille isotherme en acier inoxydable<br \/>\nCaract\u00e9ristiques:<br \/>\n1. La conception de la bouteille isotherme en acier inoxydable Diller avec technologie d&#039;isolation sous vide \u00e0 double paroi peut conserver la chaleur jusqu&#039;\u00e0 12 heures et conserver le froid jusqu&#039;\u00e0 24 heures. Vous pouvez emporter avec vous de l&#039;eau chaude, de l&#039;eau glac\u00e9e, des boissons ou du caf\u00e9 fra\u00eechement moulu. La conception humanis\u00e9e vous permet de profiter de la fra\u00eecheur pendant l&#039;\u00e9t\u00e9 chaud et de la chaleur pendant l&#039;hiver froid.<\/p>\n<p>2.;Les parois int\u00e9rieures et ext\u00e9rieures de la bouteille isotherme en acier inoxydable sont fabriqu\u00e9es en acier inoxydable 18\/8 (304) de qualit\u00e9 alimentaire pour garantir la durabilit\u00e9 et une surface l\u00e9g\u00e8re. La bouteille isotherme en acier inoxydable ne contient pas de BPA, qui est r\u00e9sistant aux chocs, aux \u00e9clats, \u00e0 la rouille, aux fuites et aux rayures. Du gel de silice de qualit\u00e9 alimentaire est utilis\u00e9 dans le couvercle pour garantir que le couvercle ne fuit pas.<\/p>\n<p>3. La bouteille isotherme en acier inoxydable peut \u00eatre remplie d&#039;eau, de caf\u00e9, de th\u00e9, de lait, de jus ou d&#039;autres boissons, et peut \u00e9galement \u00eatre remplie de gla\u00e7ons pour r\u00e9pondre \u00e0 divers besoins en eau. Bouteille d&#039;eau en acier inoxydable de couleur tendance, adapt\u00e9e \u00e0 une utilisation en int\u00e9rieur ou en ext\u00e9rieur.<\/p>","protected":false},"excerpt":{"rendered":"<p>Personnalisez votre bouteille isotherme en acier inoxydable avec votre logo, votre couleur, votre motif ou votre propre design.<br \/>\n\u00c9chantillons gratuits disponibles.<br \/>\nAchetez en gros une bouteille isotherme en acier inoxydable \u00e0 prix de gros, 50 \u00e0 60 pi\u00e8ces \u00e0 faible MOQ pour soutenir les petites entreprises.<br \/>\nLa conception de la bouteille isotherme en acier inoxydable avec technologie d&#039;isolation sous vide \u00e0 double paroi peut conserver la chaleur jusqu&#039;\u00e0 12 heures et le froid jusqu&#039;\u00e0 24 heures.<br \/>\nLa bouteille isotherme en acier inoxydable est fabriqu\u00e9e en acier inoxydable 18\/8 (304) de qualit\u00e9 alimentaire pour garantir la durabilit\u00e9 et une surface l\u00e9g\u00e8re.<br \/>\nLa bouteille isotherme en acier inoxydable ne contient pas de BPA, qui est r\u00e9sistant aux chocs, aux \u00e9clats, \u00e0 la rouille, aux fuites et aux rayures.<\/p>","protected":false},"featured_media":10612,"comment_status":"open","ping_status":"closed","template":"","meta":{"_acf_changed":false},"product_brand":[],"product_cat":[18],"product_tag":[32,36,33,31,531,750,39,38,29,37,34,35,885,817,28,678,842,30,827],"class_list":{"0":"post-10611","1":"product","2":"type-product","3":"status-publish","4":"has-post-thumbnail","6":"product_cat-insulated-water-bottle","7":"product_tag-best","8":"product_tag-bulk","9":"product_tag-buy","10":"product_tag-custom","11":"product_tag-double-walled-water-bottle-travel-water-flask","12":"product_tag-ecofriendly-water-bottle","13":"product_tag-for-sale","14":"product_tag-good-quality","15":"product_tag-manufacturers","16":"product_tag-manufacturing","17":"product_tag-price","18":"product_tag-small","19":"product_tag-stainless-steel-vacuum-flask","20":"product_tag-steel-double-walled-water-bottle-travel-bottle","21":"product_tag-suppliers","22":"product_tag-water-bottle-metal-stainless-steel","23":"product_tag-water-bottle-new-design","24":"product_tag-wholesale","25":"product_tag-wide-mouth-water-bottle","27":"first","28":"instock","29":"shipping-taxable","30":"product-type-simple"},"acf":[],"yoast_head":"<!-- This site is optimized with the Yoast SEO Premium plugin v27.5 (Yoast SEO v27.5) - https:\/\/yoast.com\/product\/yoast-seo-premium-wordpress\/ -->\n<title>Stainless Steel Vacuum Flask - Diller Water Bottle Manufacturer<\/title>\n<meta name=\"description\" content=\"As one of the best stainless steel vacuum flask manufacturers and suppliers, we are engaged in manufacturing good quality water bottles. We warmly welcome you to wholesale or buy custom made stainless steel vacuum flask at competitive price from us. Also, small quantity orders are acceptable.\" \/>\n<meta name=\"robots\" content=\"index, follow, max-snippet:-1, max-image-preview:large, max-video-preview:-1\" \/>\n<link rel=\"canonical\" href=\"https:\/\/www.dillerbottle.com\/fr\/produits\/bouteille-isotherme-en-acier-inoxydable-4\" \/>\n<meta property=\"og:locale\" content=\"fr_FR\" \/>\n<meta property=\"og:type\" content=\"article\" \/>\n<meta property=\"og:title\" content=\"Stainless Steel Vacuum Flask\" \/>\n<meta property=\"og:description\" content=\"As one of the best stainless steel vacuum flask manufacturers and suppliers, we are engaged in manufacturing good quality water bottles. We warmly welcome you to wholesale or buy custom made stainless steel vacuum flask at competitive price from us. Also, small quantity orders are acceptable.\" \/>\n<meta property=\"og:url\" content=\"https:\/\/www.dillerbottle.com\/fr\/produits\/bouteille-isotherme-en-acier-inoxydable-4\" \/>\n<meta property=\"og:site_name\" content=\"Diller Water Bottle Manufacturer\" \/>\n<meta property=\"article:modified_time\" content=\"2024-09-29T06:47:35+00:00\" \/>\n<meta property=\"og:image\" content=\"https:\/\/www.dillerbottle.com\/wp-content\/uploads\/2024\/09\/stainless-steel-vacuum-flask40205846151.jpg\" \/>\n\t<meta property=\"og:image:width\" content=\"730\" \/>\n\t<meta property=\"og:image:height\" content=\"730\" \/>\n\t<meta property=\"og:image:type\" content=\"image\/jpeg\" \/>\n<meta name=\"twitter:card\" content=\"summary_large_image\" \/>\n<meta name=\"twitter:label1\" content=\"Dur\u00e9e de lecture estim\u00e9e\" \/>\n\t<meta name=\"twitter:data1\" content=\"1 minute\" \/>\n<script type=\"application\/ld+json\" class=\"yoast-schema-graph\">{\"@context\":\"https:\\\/\\\/schema.org\",\"@graph\":[{\"@type\":\"WebPage\",\"@id\":\"https:\\\/\\\/www.dillerbottle.com\\\/th\\\/%e0%b8%aa%e0%b8%b4%e0%b8%99%e0%b8%84%e0%b9%89%e0%b8%b2\\\/%e0%b8%81%e0%b8%a3%e0%b8%b0%e0%b8%95%e0%b8%b4%e0%b8%81%e0%b8%99%e0%b9%89%e0%b8%b3%e0%b8%aa%e0%b8%b9%e0%b8%8d%e0%b8%8d%e0%b8%b2%e0%b8%81%e0%b8%b2%e0%b8%a8%e0%b8%aa%e0%b9%81%e0%b8%95%e0%b8%99%e0%b9%80-4\",\"url\":\"https:\\\/\\\/www.dillerbottle.com\\\/th\\\/%e0%b8%aa%e0%b8%b4%e0%b8%99%e0%b8%84%e0%b9%89%e0%b8%b2\\\/%e0%b8%81%e0%b8%a3%e0%b8%b0%e0%b8%95%e0%b8%b4%e0%b8%81%e0%b8%99%e0%b9%89%e0%b8%b3%e0%b8%aa%e0%b8%b9%e0%b8%8d%e0%b8%8d%e0%b8%b2%e0%b8%81%e0%b8%b2%e0%b8%a8%e0%b8%aa%e0%b9%81%e0%b8%95%e0%b8%99%e0%b9%80-4\",\"name\":\"Stainless Steel Vacuum Flask - Diller Water Bottle Manufacturer\",\"isPartOf\":{\"@id\":\"https:\\\/\\\/www.dillerbottle.com\\\/#website\"},\"primaryImageOfPage\":{\"@id\":\"https:\\\/\\\/www.dillerbottle.com\\\/th\\\/%e0%b8%aa%e0%b8%b4%e0%b8%99%e0%b8%84%e0%b9%89%e0%b8%b2\\\/%e0%b8%81%e0%b8%a3%e0%b8%b0%e0%b8%95%e0%b8%b4%e0%b8%81%e0%b8%99%e0%b9%89%e0%b8%b3%e0%b8%aa%e0%b8%b9%e0%b8%8d%e0%b8%8d%e0%b8%b2%e0%b8%81%e0%b8%b2%e0%b8%a8%e0%b8%aa%e0%b9%81%e0%b8%95%e0%b8%99%e0%b9%80-4#primaryimage\"},\"image\":{\"@id\":\"https:\\\/\\\/www.dillerbottle.com\\\/th\\\/%e0%b8%aa%e0%b8%b4%e0%b8%99%e0%b8%84%e0%b9%89%e0%b8%b2\\\/%e0%b8%81%e0%b8%a3%e0%b8%b0%e0%b8%95%e0%b8%b4%e0%b8%81%e0%b8%99%e0%b9%89%e0%b8%b3%e0%b8%aa%e0%b8%b9%e0%b8%8d%e0%b8%8d%e0%b8%b2%e0%b8%81%e0%b8%b2%e0%b8%a8%e0%b8%aa%e0%b9%81%e0%b8%95%e0%b8%99%e0%b9%80-4#primaryimage\"},\"thumbnailUrl\":\"https:\\\/\\\/www.dillerbottle.com\\\/wp-content\\\/uploads\\\/2024\\\/09\\\/stainless-steel-vacuum-flask40205846151.jpg\",\"datePublished\":\"2024-09-29T06:47:28+00:00\",\"dateModified\":\"2024-09-29T06:47:35+00:00\",\"description\":\"As one of the best stainless steel vacuum flask manufacturers and suppliers, we are engaged in manufacturing good quality water bottles. We warmly welcome you to wholesale or buy custom made stainless steel vacuum flask at competitive price from us. Also, small quantity orders are acceptable.\",\"breadcrumb\":{\"@id\":\"https:\\\/\\\/www.dillerbottle.com\\\/th\\\/%e0%b8%aa%e0%b8%b4%e0%b8%99%e0%b8%84%e0%b9%89%e0%b8%b2\\\/%e0%b8%81%e0%b8%a3%e0%b8%b0%e0%b8%95%e0%b8%b4%e0%b8%81%e0%b8%99%e0%b9%89%e0%b8%b3%e0%b8%aa%e0%b8%b9%e0%b8%8d%e0%b8%8d%e0%b8%b2%e0%b8%81%e0%b8%b2%e0%b8%a8%e0%b8%aa%e0%b9%81%e0%b8%95%e0%b8%99%e0%b9%80-4#breadcrumb\"},\"inLanguage\":\"fr-FR\",\"potentialAction\":[{\"@type\":\"ReadAction\",\"target\":[\"https:\\\/\\\/www.dillerbottle.com\\\/th\\\/%e0%b8%aa%e0%b8%b4%e0%b8%99%e0%b8%84%e0%b9%89%e0%b8%b2\\\/%e0%b8%81%e0%b8%a3%e0%b8%b0%e0%b8%95%e0%b8%b4%e0%b8%81%e0%b8%99%e0%b9%89%e0%b8%b3%e0%b8%aa%e0%b8%b9%e0%b8%8d%e0%b8%8d%e0%b8%b2%e0%b8%81%e0%b8%b2%e0%b8%a8%e0%b8%aa%e0%b9%81%e0%b8%95%e0%b8%99%e0%b9%80-4\"]}]},{\"@type\":\"ImageObject\",\"inLanguage\":\"fr-FR\",\"@id\":\"https:\\\/\\\/www.dillerbottle.com\\\/th\\\/%e0%b8%aa%e0%b8%b4%e0%b8%99%e0%b8%84%e0%b9%89%e0%b8%b2\\\/%e0%b8%81%e0%b8%a3%e0%b8%b0%e0%b8%95%e0%b8%b4%e0%b8%81%e0%b8%99%e0%b9%89%e0%b8%b3%e0%b8%aa%e0%b8%b9%e0%b8%8d%e0%b8%8d%e0%b8%b2%e0%b8%81%e0%b8%b2%e0%b8%a8%e0%b8%aa%e0%b9%81%e0%b8%95%e0%b8%99%e0%b9%80-4#primaryimage\",\"url\":\"https:\\\/\\\/www.dillerbottle.com\\\/wp-content\\\/uploads\\\/2024\\\/09\\\/stainless-steel-vacuum-flask40205846151.jpg\",\"contentUrl\":\"https:\\\/\\\/www.dillerbottle.com\\\/wp-content\\\/uploads\\\/2024\\\/09\\\/stainless-steel-vacuum-flask40205846151.jpg\",\"width\":730,\"height\":730},{\"@type\":\"BreadcrumbList\",\"@id\":\"https:\\\/\\\/www.dillerbottle.com\\\/th\\\/%e0%b8%aa%e0%b8%b4%e0%b8%99%e0%b8%84%e0%b9%89%e0%b8%b2\\\/%e0%b8%81%e0%b8%a3%e0%b8%b0%e0%b8%95%e0%b8%b4%e0%b8%81%e0%b8%99%e0%b9%89%e0%b8%b3%e0%b8%aa%e0%b8%b9%e0%b8%8d%e0%b8%8d%e0%b8%b2%e0%b8%81%e0%b8%b2%e0%b8%a8%e0%b8%aa%e0%b9%81%e0%b8%95%e0%b8%99%e0%b9%80-4#breadcrumb\",\"itemListElement\":[{\"@type\":\"ListItem\",\"position\":1,\"name\":\"Home\",\"item\":\"https:\\\/\\\/www.dillerbottle.com\\\/\"},{\"@type\":\"ListItem\",\"position\":2,\"name\":\"Products\",\"item\":\"https:\\\/\\\/www.dillerbottle.com\\\/shop\"},{\"@type\":\"ListItem\",\"position\":3,\"name\":\"Stainless Steel Vacuum Flask\"}]},{\"@type\":\"WebSite\",\"@id\":\"https:\\\/\\\/www.dillerbottle.com\\\/#website\",\"url\":\"https:\\\/\\\/www.dillerbottle.com\\\/\",\"name\":\"Diller Water Bottle Manufacturer\",\"description\":\"Water Bottle Manufacturer\",\"publisher\":{\"@id\":\"https:\\\/\\\/www.dillerbottle.com\\\/#organization\"},\"potentialAction\":[{\"@type\":\"SearchAction\",\"target\":{\"@type\":\"EntryPoint\",\"urlTemplate\":\"https:\\\/\\\/www.dillerbottle.com\\\/?s={search_term_string}\"},\"query-input\":{\"@type\":\"PropertyValueSpecification\",\"valueRequired\":true,\"valueName\":\"search_term_string\"}}],\"inLanguage\":\"fr-FR\"},{\"@type\":\"Organization\",\"@id\":\"https:\\\/\\\/www.dillerbottle.com\\\/#organization\",\"name\":\"Diller Water Bottle Manufacturer\",\"url\":\"https:\\\/\\\/www.dillerbottle.com\\\/\",\"logo\":{\"@type\":\"ImageObject\",\"inLanguage\":\"fr-FR\",\"@id\":\"https:\\\/\\\/www.dillerbottle.com\\\/#\\\/schema\\\/logo\\\/image\\\/\",\"url\":\"https:\\\/\\\/www.dillerbottle.com\\\/wp-content\\\/uploads\\\/2024\\\/09\\\/49918bfa848dcc1e9f8b509933603ac.png\",\"contentUrl\":\"https:\\\/\\\/www.dillerbottle.com\\\/wp-content\\\/uploads\\\/2024\\\/09\\\/49918bfa848dcc1e9f8b509933603ac.png\",\"width\":988,\"height\":198,\"caption\":\"Diller Water Bottle Manufacturer\"},\"image\":{\"@id\":\"https:\\\/\\\/www.dillerbottle.com\\\/#\\\/schema\\\/logo\\\/image\\\/\"}}]}<\/script>\n<!-- \/ Yoast SEO Premium plugin. -->","yoast_head_json":{"title":"Bouteille isotherme en acier inoxydable - Fabricant de bouteilles d&#039;eau Diller","description":"En tant que l&#039;un des meilleurs fabricants et fournisseurs de bouteilles isothermes en acier inoxydable, nous sommes engag\u00e9s dans la fabrication de bouteilles d&#039;eau de bonne qualit\u00e9. Nous vous invitons chaleureusement \u00e0 vendre en gros ou \u00e0 acheter chez nous des bouteilles isothermes en acier inoxydable sur mesure \u00e0 un prix comp\u00e9titif. De plus, les commandes en petites quantit\u00e9s sont acceptables.","robots":{"index":"index","follow":"follow","max-snippet":"max-snippet:-1","max-image-preview":"max-image-preview:large","max-video-preview":"max-video-preview:-1"},"canonical":"https:\/\/www.dillerbottle.com\/fr\/produits\/bouteille-isotherme-en-acier-inoxydable-4","og_locale":"fr_FR","og_type":"article","og_title":"Stainless Steel Vacuum Flask","og_description":"As one of the best stainless steel vacuum flask manufacturers and suppliers, we are engaged in manufacturing good quality water bottles. We warmly welcome you to wholesale or buy custom made stainless steel vacuum flask at competitive price from us. Also, small quantity orders are acceptable.","og_url":"https:\/\/www.dillerbottle.com\/fr\/produits\/bouteille-isotherme-en-acier-inoxydable-4","og_site_name":"Diller Water Bottle Manufacturer","article_modified_time":"2024-09-29T06:47:35+00:00","og_image":[{"width":730,"height":730,"url":"https:\/\/www.dillerbottle.com\/wp-content\/uploads\/2024\/09\/stainless-steel-vacuum-flask40205846151.jpg","type":"image\/jpeg"}],"twitter_card":"summary_large_image","twitter_misc":{"Dur\u00e9e de lecture estim\u00e9e":"1 minute"},"schema":{"@context":"https:\/\/schema.org","@graph":[{"@type":"WebPage","@id":"https:\/\/www.dillerbottle.com\/th\/%e0%b8%aa%e0%b8%b4%e0%b8%99%e0%b8%84%e0%b9%89%e0%b8%b2\/%e0%b8%81%e0%b8%a3%e0%b8%b0%e0%b8%95%e0%b8%b4%e0%b8%81%e0%b8%99%e0%b9%89%e0%b8%b3%e0%b8%aa%e0%b8%b9%e0%b8%8d%e0%b8%8d%e0%b8%b2%e0%b8%81%e0%b8%b2%e0%b8%a8%e0%b8%aa%e0%b9%81%e0%b8%95%e0%b8%99%e0%b9%80-4","url":"https:\/\/www.dillerbottle.com\/th\/%e0%b8%aa%e0%b8%b4%e0%b8%99%e0%b8%84%e0%b9%89%e0%b8%b2\/%e0%b8%81%e0%b8%a3%e0%b8%b0%e0%b8%95%e0%b8%b4%e0%b8%81%e0%b8%99%e0%b9%89%e0%b8%b3%e0%b8%aa%e0%b8%b9%e0%b8%8d%e0%b8%8d%e0%b8%b2%e0%b8%81%e0%b8%b2%e0%b8%a8%e0%b8%aa%e0%b9%81%e0%b8%95%e0%b8%99%e0%b9%80-4","name":"Bouteille isotherme en acier inoxydable - Fabricant de bouteilles d&#039;eau Diller","isPartOf":{"@id":"https:\/\/www.dillerbottle.com\/#website"},"primaryImageOfPage":{"@id":"https:\/\/www.dillerbottle.com\/th\/%e0%b8%aa%e0%b8%b4%e0%b8%99%e0%b8%84%e0%b9%89%e0%b8%b2\/%e0%b8%81%e0%b8%a3%e0%b8%b0%e0%b8%95%e0%b8%b4%e0%b8%81%e0%b8%99%e0%b9%89%e0%b8%b3%e0%b8%aa%e0%b8%b9%e0%b8%8d%e0%b8%8d%e0%b8%b2%e0%b8%81%e0%b8%b2%e0%b8%a8%e0%b8%aa%e0%b9%81%e0%b8%95%e0%b8%99%e0%b9%80-4#primaryimage"},"image":{"@id":"https:\/\/www.dillerbottle.com\/th\/%e0%b8%aa%e0%b8%b4%e0%b8%99%e0%b8%84%e0%b9%89%e0%b8%b2\/%e0%b8%81%e0%b8%a3%e0%b8%b0%e0%b8%95%e0%b8%b4%e0%b8%81%e0%b8%99%e0%b9%89%e0%b8%b3%e0%b8%aa%e0%b8%b9%e0%b8%8d%e0%b8%8d%e0%b8%b2%e0%b8%81%e0%b8%b2%e0%b8%a8%e0%b8%aa%e0%b9%81%e0%b8%95%e0%b8%99%e0%b9%80-4#primaryimage"},"thumbnailUrl":"https:\/\/www.dillerbottle.com\/wp-content\/uploads\/2024\/09\/stainless-steel-vacuum-flask40205846151.jpg","datePublished":"2024-09-29T06:47:28+00:00","dateModified":"2024-09-29T06:47:35+00:00","description":"En tant que l&#039;un des meilleurs fabricants et fournisseurs de bouteilles isothermes en acier inoxydable, nous sommes engag\u00e9s dans la fabrication de bouteilles d&#039;eau de bonne qualit\u00e9. Nous vous invitons chaleureusement \u00e0 vendre en gros ou \u00e0 acheter chez nous des bouteilles isothermes en acier inoxydable sur mesure \u00e0 un prix comp\u00e9titif. De plus, les commandes en petites quantit\u00e9s sont acceptables.","breadcrumb":{"@id":"https:\/\/www.dillerbottle.com\/th\/%e0%b8%aa%e0%b8%b4%e0%b8%99%e0%b8%84%e0%b9%89%e0%b8%b2\/%e0%b8%81%e0%b8%a3%e0%b8%b0%e0%b8%95%e0%b8%b4%e0%b8%81%e0%b8%99%e0%b9%89%e0%b8%b3%e0%b8%aa%e0%b8%b9%e0%b8%8d%e0%b8%8d%e0%b8%b2%e0%b8%81%e0%b8%b2%e0%b8%a8%e0%b8%aa%e0%b9%81%e0%b8%95%e0%b8%99%e0%b9%80-4#breadcrumb"},"inLanguage":"fr-FR","potentialAction":[{"@type":"ReadAction","target":["https:\/\/www.dillerbottle.com\/th\/%e0%b8%aa%e0%b8%b4%e0%b8%99%e0%b8%84%e0%b9%89%e0%b8%b2\/%e0%b8%81%e0%b8%a3%e0%b8%b0%e0%b8%95%e0%b8%b4%e0%b8%81%e0%b8%99%e0%b9%89%e0%b8%b3%e0%b8%aa%e0%b8%b9%e0%b8%8d%e0%b8%8d%e0%b8%b2%e0%b8%81%e0%b8%b2%e0%b8%a8%e0%b8%aa%e0%b9%81%e0%b8%95%e0%b8%99%e0%b9%80-4"]}]},{"@type":"ImageObject","inLanguage":"fr-FR","@id":"https:\/\/www.dillerbottle.com\/th\/%e0%b8%aa%e0%b8%b4%e0%b8%99%e0%b8%84%e0%b9%89%e0%b8%b2\/%e0%b8%81%e0%b8%a3%e0%b8%b0%e0%b8%95%e0%b8%b4%e0%b8%81%e0%b8%99%e0%b9%89%e0%b8%b3%e0%b8%aa%e0%b8%b9%e0%b8%8d%e0%b8%8d%e0%b8%b2%e0%b8%81%e0%b8%b2%e0%b8%a8%e0%b8%aa%e0%b9%81%e0%b8%95%e0%b8%99%e0%b9%80-4#primaryimage","url":"https:\/\/www.dillerbottle.com\/wp-content\/uploads\/2024\/09\/stainless-steel-vacuum-flask40205846151.jpg","contentUrl":"https:\/\/www.dillerbottle.com\/wp-content\/uploads\/2024\/09\/stainless-steel-vacuum-flask40205846151.jpg","width":730,"height":730},{"@type":"BreadcrumbList","@id":"https:\/\/www.dillerbottle.com\/th\/%e0%b8%aa%e0%b8%b4%e0%b8%99%e0%b8%84%e0%b9%89%e0%b8%b2\/%e0%b8%81%e0%b8%a3%e0%b8%b0%e0%b8%95%e0%b8%b4%e0%b8%81%e0%b8%99%e0%b9%89%e0%b8%b3%e0%b8%aa%e0%b8%b9%e0%b8%8d%e0%b8%8d%e0%b8%b2%e0%b8%81%e0%b8%b2%e0%b8%a8%e0%b8%aa%e0%b9%81%e0%b8%95%e0%b8%99%e0%b9%80-4#breadcrumb","itemListElement":[{"@type":"ListItem","position":1,"name":"Home","item":"https:\/\/www.dillerbottle.com\/"},{"@type":"ListItem","position":2,"name":"Products","item":"https:\/\/www.dillerbottle.com\/shop"},{"@type":"ListItem","position":3,"name":"Stainless Steel Vacuum Flask"}]},{"@type":"WebSite","@id":"https:\/\/www.dillerbottle.com\/#website","url":"https:\/\/www.dillerbottle.com\/","name":"Fabricant de bouteilles d&#039;eau Diller","description":"Fabricant de bouteilles d&#039;eau","publisher":{"@id":"https:\/\/www.dillerbottle.com\/#organization"},"potentialAction":[{"@type":"SearchAction","target":{"@type":"EntryPoint","urlTemplate":"https:\/\/www.dillerbottle.com\/?s={search_term_string}"},"query-input":{"@type":"PropertyValueSpecification","valueRequired":true,"valueName":"search_term_string"}}],"inLanguage":"fr-FR"},{"@type":"Organization","@id":"https:\/\/www.dillerbottle.com\/#organization","name":"Fabricant de bouteilles d&#039;eau Diller","url":"https:\/\/www.dillerbottle.com\/","logo":{"@type":"ImageObject","inLanguage":"fr-FR","@id":"https:\/\/www.dillerbottle.com\/#\/schema\/logo\/image\/","url":"https:\/\/www.dillerbottle.com\/wp-content\/uploads\/2024\/09\/49918bfa848dcc1e9f8b509933603ac.png","contentUrl":"https:\/\/www.dillerbottle.com\/wp-content\/uploads\/2024\/09\/49918bfa848dcc1e9f8b509933603ac.png","width":988,"height":198,"caption":"Diller Water Bottle Manufacturer"},"image":{"@id":"https:\/\/www.dillerbottle.com\/#\/schema\/logo\/image\/"}}]}},"_links":{"self":[{"href":"https:\/\/www.dillerbottle.com\/fr\/wp-json\/wp\/v2\/product\/10611","targetHints":{"allow":["GET"]}}],"collection":[{"href":"https:\/\/www.dillerbottle.com\/fr\/wp-json\/wp\/v2\/product"}],"about":[{"href":"https:\/\/www.dillerbottle.com\/fr\/wp-json\/wp\/v2\/types\/product"}],"replies":[{"embeddable":true,"href":"https:\/\/www.dillerbottle.com\/fr\/wp-json\/wp\/v2\/comments?post=10611"}],"wp:featuredmedia":[{"embeddable":true,"href":"https:\/\/www.dillerbottle.com\/fr\/wp-json\/wp\/v2\/media\/10612"}],"wp:attachment":[{"href":"https:\/\/www.dillerbottle.com\/fr\/wp-json\/wp\/v2\/media?parent=10611"}],"wp:term":[{"taxonomy":"product_brand","embeddable":true,"href":"https:\/\/www.dillerbottle.com\/fr\/wp-json\/wp\/v2\/product_brand?post=10611"},{"taxonomy":"product_cat","embeddable":true,"href":"https:\/\/www.dillerbottle.com\/fr\/wp-json\/wp\/v2\/product_cat?post=10611"},{"taxonomy":"product_tag","embeddable":true,"href":"https:\/\/www.dillerbottle.com\/fr\/wp-json\/wp\/v2\/product_tag?post=10611"}],"curies":[{"name":"wp","href":"https:\/\/api.w.org\/{rel}","templated":true}]}}