{"id":11449,"date":"2024-09-29T14:57:17","date_gmt":"2024-09-29T06:57:17","guid":{"rendered":"https:\/\/demo.dillerbottle.com\/products\/thermos-travel-mug"},"modified":"2025-07-09T13:59:38","modified_gmt":"2025-07-09T05:59:38","slug":"tasse-de-voyage-thermos-2","status":"publish","type":"product","link":"https:\/\/www.dillerbottle.com\/fr\/products\/thermos-travel-mug","title":{"rendered":"Tasse de voyage thermos"},"content":{"rendered":"<p>1. Le mug de voyage thermos est dot\u00e9 d&#039;une double isolation sous vide. La conception \u00e0 double paroi permet de conserver la boisson chaude ou froide au fil du temps.<\/p>\n<p>2. Le couvercle coulissant en plastique PP sans BPA avec joint en caoutchouc, s\u00fbr et respectueux de l&#039;environnement et bonne \u00e9tanch\u00e9it\u00e9. Il y a un trou pour boire sur le dessus, adapt\u00e9 \u00e0 la paille.<\/p>\n<p>3. La tasse de voyage thermos est fabriqu\u00e9e en acier inoxydable 316 de qualit\u00e9 alimentaire, la doublure de la tasse \u00e0 caf\u00e9 ne produira aucun go\u00fbt et ne rouillera pas, elle est facile \u00e0 nettoyer. La structure du corps de la tasse \u00e0 caf\u00e9 est robuste, peut \u00eatre utilis\u00e9e pendant une longue p\u00e9riode.<\/p>\n<p>4. La tasse de voyage thermos de 700 ml est l\u00e9g\u00e8re et facile \u00e0 transporter, sa surface est dot\u00e9e d&#039;un rev\u00eatement en poudre mat, cette conception anti-transpiration rend la tasse \u00e0 caf\u00e9 facile \u00e0 saisir, s&#039;adapte doucement \u00e0 votre main.<\/p>\n<p>5. Conception d&#039;illustration originale du corps de la tasse, associ\u00e9e \u00e0 un ornement en n\u0153ud papillon, \u00e0 la mode et mignon.<\/p>\n<p>OEM et ODM acceptables.<br \/>\nNous pouvons personnaliser le gobelet selon vos besoins.<br \/>\nBienvenue \u00e0 l&#039;achat en gros, envoyez une demande maintenant !<\/p>","protected":false},"excerpt":{"rendered":"<p>Le mug de voyage thermos est dot\u00e9 d&#039;une double isolation sous vide. La conception \u00e0 double paroi garantit que la boisson reste chaude ou froide au fil du temps.<br \/>\nCouvercle coulissant en plastique PP sans BPA avec joint en caoutchouc, s\u00fbr et respectueux de l&#039;environnement et bonne \u00e9tanch\u00e9it\u00e9. Il y a un trou pour boire sur le dessus, adapt\u00e9 \u00e0 la paille.<br \/>\nLa tasse de voyage thermos est fabriqu\u00e9e en acier inoxydable 316 de qualit\u00e9 alimentaire, la doublure de la tasse \u00e0 caf\u00e9 ne produira aucun go\u00fbt et ne rouillera pas, elle est facile \u00e0 nettoyer. La structure du corps de la tasse \u00e0 caf\u00e9 est robuste, peut \u00eatre utilis\u00e9e pendant une longue p\u00e9riode.<br \/>\nLa tasse de voyage thermos de 700 ml est l\u00e9g\u00e8re et facile \u00e0 transporter, sa surface est dot\u00e9e d&#039;un rev\u00eatement en poudre mat, cette conception anti-transpiration rend la tasse \u00e0 caf\u00e9 facile \u00e0 saisir, s&#039;adapte doucement \u00e0 votre main.<br \/>\nConception d&#039;illustration originale du corps de la tasse, associ\u00e9e \u00e0 un ornement en n\u0153ud papillon, \u00e0 la mode et mignon.<br \/>\nOEM et ODM acceptables.<\/p>","protected":false},"featured_media":15250,"comment_status":"open","ping_status":"closed","template":"","meta":{"_acf_changed":false},"product_brand":[],"product_cat":[46,18],"product_tag":[721,32,36,33,31,750,39,38,29,37,523,34,35,538,516,28,968,30,827],"class_list":{"0":"post-11449","1":"product","2":"type-product","3":"status-publish","4":"has-post-thumbnail","6":"product_cat-cup","7":"product_cat-insulated-water-bottle","8":"product_tag-500ml-water-bottle-with-straw","9":"product_tag-best","10":"product_tag-bulk","11":"product_tag-buy","12":"product_tag-custom","13":"product_tag-ecofriendly-water-bottle","14":"product_tag-for-sale","15":"product_tag-good-quality","16":"product_tag-manufacturers","17":"product_tag-manufacturing","18":"product_tag-outdoor-water-bottle","19":"product_tag-price","20":"product_tag-small","21":"product_tag-sport-water-bottle","22":"product_tag-stainless-steel-hot-water-bottle-with-custom-color","23":"product_tag-suppliers","24":"product_tag-thermos-travel-mug","25":"product_tag-wholesale","26":"product_tag-wide-mouth-water-bottle","28":"first","29":"instock","30":"shipping-taxable","31":"product-type-simple"},"acf":[],"yoast_head":"<!-- This site is optimized with the Yoast SEO Premium plugin v27.5 (Yoast SEO v27.5) - https:\/\/yoast.com\/product\/yoast-seo-premium-wordpress\/ -->\n<title>Thermos Travel Mug - Diller Water Bottle Manufacturer<\/title>\n<meta name=\"description\" content=\"As one of the best thermos travel mug manufacturers and suppliers, we are engaged in manufacturing good quality water bottles. We warmly welcome you to wholesale or buy custom made thermos travel mug at competitive price from us. Also, small quantity orders are acceptable.\" \/>\n<meta name=\"robots\" content=\"index, follow, max-snippet:-1, max-image-preview:large, max-video-preview:-1\" \/>\n<link rel=\"canonical\" href=\"https:\/\/www.dillerbottle.com\/fr\/produits\/tasse-de-voyage-thermos-2\" \/>\n<meta property=\"og:locale\" content=\"fr_FR\" \/>\n<meta property=\"og:type\" content=\"article\" \/>\n<meta property=\"og:title\" content=\"Thermos Travel Mug\" \/>\n<meta property=\"og:description\" content=\"As one of the best thermos travel mug manufacturers and suppliers, we are engaged in manufacturing good quality water bottles. We warmly welcome you to wholesale or buy custom made thermos travel mug at competitive price from us. Also, small quantity orders are acceptable.\" \/>\n<meta property=\"og:url\" content=\"https:\/\/www.dillerbottle.com\/fr\/produits\/tasse-de-voyage-thermos-2\" \/>\n<meta property=\"og:site_name\" content=\"Diller Water Bottle Manufacturer\" \/>\n<meta property=\"article:modified_time\" content=\"2025-07-09T05:59:38+00:00\" \/>\n<meta property=\"og:image\" content=\"https:\/\/www.dillerbottle.com\/wp-content\/uploads\/2024\/09\/thermos-travel-mug--700.jpg\" \/>\n\t<meta property=\"og:image:width\" content=\"800\" \/>\n\t<meta property=\"og:image:height\" content=\"800\" \/>\n\t<meta property=\"og:image:type\" content=\"image\/jpeg\" \/>\n<meta name=\"twitter:card\" content=\"summary_large_image\" \/>\n<meta name=\"twitter:label1\" content=\"Dur\u00e9e de lecture estim\u00e9e\" \/>\n\t<meta name=\"twitter:data1\" content=\"3 minutes\" \/>\n<script type=\"application\/ld+json\" class=\"yoast-schema-graph\">{\"@context\":\"https:\\\/\\\/schema.org\",\"@graph\":[{\"@type\":\"WebPage\",\"@id\":\"https:\\\/\\\/www.dillerbottle.com\\\/ar\\\/%d9%85%d9%86%d8%aa%d8%ac%d8%a7%d8%aa\\\/%d9%83%d9%88%d8%a8-%d8%b3%d9%81%d8%b1-%d8%ad%d8%b1%d8%a7%d8%b1%d9%8a\",\"url\":\"https:\\\/\\\/www.dillerbottle.com\\\/ar\\\/%d9%85%d9%86%d8%aa%d8%ac%d8%a7%d8%aa\\\/%d9%83%d9%88%d8%a8-%d8%b3%d9%81%d8%b1-%d8%ad%d8%b1%d8%a7%d8%b1%d9%8a\",\"name\":\"Thermos Travel Mug - Diller Water Bottle Manufacturer\",\"isPartOf\":{\"@id\":\"https:\\\/\\\/www.dillerbottle.com\\\/#website\"},\"primaryImageOfPage\":{\"@id\":\"https:\\\/\\\/www.dillerbottle.com\\\/ar\\\/%d9%85%d9%86%d8%aa%d8%ac%d8%a7%d8%aa\\\/%d9%83%d9%88%d8%a8-%d8%b3%d9%81%d8%b1-%d8%ad%d8%b1%d8%a7%d8%b1%d9%8a#primaryimage\"},\"image\":{\"@id\":\"https:\\\/\\\/www.dillerbottle.com\\\/ar\\\/%d9%85%d9%86%d8%aa%d8%ac%d8%a7%d8%aa\\\/%d9%83%d9%88%d8%a8-%d8%b3%d9%81%d8%b1-%d8%ad%d8%b1%d8%a7%d8%b1%d9%8a#primaryimage\"},\"thumbnailUrl\":\"https:\\\/\\\/www.dillerbottle.com\\\/wp-content\\\/uploads\\\/2024\\\/09\\\/thermos-travel-mug--700.jpg\",\"datePublished\":\"2024-09-29T06:57:17+00:00\",\"dateModified\":\"2025-07-09T05:59:38+00:00\",\"description\":\"As one of the best thermos travel mug manufacturers and suppliers, we are engaged in manufacturing good quality water bottles. We warmly welcome you to wholesale or buy custom made thermos travel mug at competitive price from us. Also, small quantity orders are acceptable.\",\"breadcrumb\":{\"@id\":\"https:\\\/\\\/www.dillerbottle.com\\\/ar\\\/%d9%85%d9%86%d8%aa%d8%ac%d8%a7%d8%aa\\\/%d9%83%d9%88%d8%a8-%d8%b3%d9%81%d8%b1-%d8%ad%d8%b1%d8%a7%d8%b1%d9%8a#breadcrumb\"},\"inLanguage\":\"fr-FR\",\"potentialAction\":[{\"@type\":\"ReadAction\",\"target\":[\"https:\\\/\\\/www.dillerbottle.com\\\/ar\\\/%d9%85%d9%86%d8%aa%d8%ac%d8%a7%d8%aa\\\/%d9%83%d9%88%d8%a8-%d8%b3%d9%81%d8%b1-%d8%ad%d8%b1%d8%a7%d8%b1%d9%8a\"]}]},{\"@type\":\"ImageObject\",\"inLanguage\":\"fr-FR\",\"@id\":\"https:\\\/\\\/www.dillerbottle.com\\\/ar\\\/%d9%85%d9%86%d8%aa%d8%ac%d8%a7%d8%aa\\\/%d9%83%d9%88%d8%a8-%d8%b3%d9%81%d8%b1-%d8%ad%d8%b1%d8%a7%d8%b1%d9%8a#primaryimage\",\"url\":\"https:\\\/\\\/www.dillerbottle.com\\\/wp-content\\\/uploads\\\/2024\\\/09\\\/thermos-travel-mug--700.jpg\",\"contentUrl\":\"https:\\\/\\\/www.dillerbottle.com\\\/wp-content\\\/uploads\\\/2024\\\/09\\\/thermos-travel-mug--700.jpg\",\"width\":800,\"height\":800},{\"@type\":\"BreadcrumbList\",\"@id\":\"https:\\\/\\\/www.dillerbottle.com\\\/ar\\\/%d9%85%d9%86%d8%aa%d8%ac%d8%a7%d8%aa\\\/%d9%83%d9%88%d8%a8-%d8%b3%d9%81%d8%b1-%d8%ad%d8%b1%d8%a7%d8%b1%d9%8a#breadcrumb\",\"itemListElement\":[{\"@type\":\"ListItem\",\"position\":1,\"name\":\"Home\",\"item\":\"https:\\\/\\\/www.dillerbottle.com\\\/\"},{\"@type\":\"ListItem\",\"position\":2,\"name\":\"Products\",\"item\":\"https:\\\/\\\/www.dillerbottle.com\\\/shop\"},{\"@type\":\"ListItem\",\"position\":3,\"name\":\"Thermos Travel Mug\"}]},{\"@type\":\"WebSite\",\"@id\":\"https:\\\/\\\/www.dillerbottle.com\\\/#website\",\"url\":\"https:\\\/\\\/www.dillerbottle.com\\\/\",\"name\":\"Diller Water Bottle Manufacturer\",\"description\":\"Water Bottle Manufacturer\",\"publisher\":{\"@id\":\"https:\\\/\\\/www.dillerbottle.com\\\/#organization\"},\"potentialAction\":[{\"@type\":\"SearchAction\",\"target\":{\"@type\":\"EntryPoint\",\"urlTemplate\":\"https:\\\/\\\/www.dillerbottle.com\\\/?s={search_term_string}\"},\"query-input\":{\"@type\":\"PropertyValueSpecification\",\"valueRequired\":true,\"valueName\":\"search_term_string\"}}],\"inLanguage\":\"fr-FR\"},{\"@type\":\"Organization\",\"@id\":\"https:\\\/\\\/www.dillerbottle.com\\\/#organization\",\"name\":\"Diller Water Bottle Manufacturer\",\"url\":\"https:\\\/\\\/www.dillerbottle.com\\\/\",\"logo\":{\"@type\":\"ImageObject\",\"inLanguage\":\"fr-FR\",\"@id\":\"https:\\\/\\\/www.dillerbottle.com\\\/#\\\/schema\\\/logo\\\/image\\\/\",\"url\":\"https:\\\/\\\/www.dillerbottle.com\\\/wp-content\\\/uploads\\\/2024\\\/09\\\/49918bfa848dcc1e9f8b509933603ac.png\",\"contentUrl\":\"https:\\\/\\\/www.dillerbottle.com\\\/wp-content\\\/uploads\\\/2024\\\/09\\\/49918bfa848dcc1e9f8b509933603ac.png\",\"width\":988,\"height\":198,\"caption\":\"Diller Water Bottle Manufacturer\"},\"image\":{\"@id\":\"https:\\\/\\\/www.dillerbottle.com\\\/#\\\/schema\\\/logo\\\/image\\\/\"}}]}<\/script>\n<!-- \/ Yoast SEO Premium plugin. -->","yoast_head_json":{"title":"Tasse de voyage thermos - Fabricant de bouteilles d&#039;eau Diller","description":"En tant que l&#039;un des meilleurs fabricants et fournisseurs de tasses de voyage thermos, nous sommes engag\u00e9s dans la fabrication de bouteilles d&#039;eau de bonne qualit\u00e9. Nous vous invitons chaleureusement \u00e0 vendre en gros ou \u00e0 acheter chez nous des tasses de voyage thermos sur mesure \u00e0 un prix comp\u00e9titif. De plus, les commandes en petites quantit\u00e9s sont acceptables.","robots":{"index":"index","follow":"follow","max-snippet":"max-snippet:-1","max-image-preview":"max-image-preview:large","max-video-preview":"max-video-preview:-1"},"canonical":"https:\/\/www.dillerbottle.com\/fr\/produits\/tasse-de-voyage-thermos-2","og_locale":"fr_FR","og_type":"article","og_title":"Thermos Travel Mug","og_description":"As one of the best thermos travel mug manufacturers and suppliers, we are engaged in manufacturing good quality water bottles. We warmly welcome you to wholesale or buy custom made thermos travel mug at competitive price from us. Also, small quantity orders are acceptable.","og_url":"https:\/\/www.dillerbottle.com\/fr\/produits\/tasse-de-voyage-thermos-2","og_site_name":"Diller Water Bottle Manufacturer","article_modified_time":"2025-07-09T05:59:38+00:00","og_image":[{"width":800,"height":800,"url":"https:\/\/www.dillerbottle.com\/wp-content\/uploads\/2024\/09\/thermos-travel-mug--700.jpg","type":"image\/jpeg"}],"twitter_card":"summary_large_image","twitter_misc":{"Dur\u00e9e de lecture estim\u00e9e":"3 minutes"},"schema":{"@context":"https:\/\/schema.org","@graph":[{"@type":"WebPage","@id":"https:\/\/www.dillerbottle.com\/ar\/%d9%85%d9%86%d8%aa%d8%ac%d8%a7%d8%aa\/%d9%83%d9%88%d8%a8-%d8%b3%d9%81%d8%b1-%d8%ad%d8%b1%d8%a7%d8%b1%d9%8a","url":"https:\/\/www.dillerbottle.com\/ar\/%d9%85%d9%86%d8%aa%d8%ac%d8%a7%d8%aa\/%d9%83%d9%88%d8%a8-%d8%b3%d9%81%d8%b1-%d8%ad%d8%b1%d8%a7%d8%b1%d9%8a","name":"Tasse de voyage thermos - Fabricant de bouteilles d&#039;eau Diller","isPartOf":{"@id":"https:\/\/www.dillerbottle.com\/#website"},"primaryImageOfPage":{"@id":"https:\/\/www.dillerbottle.com\/ar\/%d9%85%d9%86%d8%aa%d8%ac%d8%a7%d8%aa\/%d9%83%d9%88%d8%a8-%d8%b3%d9%81%d8%b1-%d8%ad%d8%b1%d8%a7%d8%b1%d9%8a#primaryimage"},"image":{"@id":"https:\/\/www.dillerbottle.com\/ar\/%d9%85%d9%86%d8%aa%d8%ac%d8%a7%d8%aa\/%d9%83%d9%88%d8%a8-%d8%b3%d9%81%d8%b1-%d8%ad%d8%b1%d8%a7%d8%b1%d9%8a#primaryimage"},"thumbnailUrl":"https:\/\/www.dillerbottle.com\/wp-content\/uploads\/2024\/09\/thermos-travel-mug--700.jpg","datePublished":"2024-09-29T06:57:17+00:00","dateModified":"2025-07-09T05:59:38+00:00","description":"En tant que l&#039;un des meilleurs fabricants et fournisseurs de tasses de voyage thermos, nous sommes engag\u00e9s dans la fabrication de bouteilles d&#039;eau de bonne qualit\u00e9. Nous vous invitons chaleureusement \u00e0 vendre en gros ou \u00e0 acheter chez nous des tasses de voyage thermos sur mesure \u00e0 un prix comp\u00e9titif. De plus, les commandes en petites quantit\u00e9s sont acceptables.","breadcrumb":{"@id":"https:\/\/www.dillerbottle.com\/ar\/%d9%85%d9%86%d8%aa%d8%ac%d8%a7%d8%aa\/%d9%83%d9%88%d8%a8-%d8%b3%d9%81%d8%b1-%d8%ad%d8%b1%d8%a7%d8%b1%d9%8a#breadcrumb"},"inLanguage":"fr-FR","potentialAction":[{"@type":"ReadAction","target":["https:\/\/www.dillerbottle.com\/ar\/%d9%85%d9%86%d8%aa%d8%ac%d8%a7%d8%aa\/%d9%83%d9%88%d8%a8-%d8%b3%d9%81%d8%b1-%d8%ad%d8%b1%d8%a7%d8%b1%d9%8a"]}]},{"@type":"ImageObject","inLanguage":"fr-FR","@id":"https:\/\/www.dillerbottle.com\/ar\/%d9%85%d9%86%d8%aa%d8%ac%d8%a7%d8%aa\/%d9%83%d9%88%d8%a8-%d8%b3%d9%81%d8%b1-%d8%ad%d8%b1%d8%a7%d8%b1%d9%8a#primaryimage","url":"https:\/\/www.dillerbottle.com\/wp-content\/uploads\/2024\/09\/thermos-travel-mug--700.jpg","contentUrl":"https:\/\/www.dillerbottle.com\/wp-content\/uploads\/2024\/09\/thermos-travel-mug--700.jpg","width":800,"height":800},{"@type":"BreadcrumbList","@id":"https:\/\/www.dillerbottle.com\/ar\/%d9%85%d9%86%d8%aa%d8%ac%d8%a7%d8%aa\/%d9%83%d9%88%d8%a8-%d8%b3%d9%81%d8%b1-%d8%ad%d8%b1%d8%a7%d8%b1%d9%8a#breadcrumb","itemListElement":[{"@type":"ListItem","position":1,"name":"Home","item":"https:\/\/www.dillerbottle.com\/"},{"@type":"ListItem","position":2,"name":"Products","item":"https:\/\/www.dillerbottle.com\/shop"},{"@type":"ListItem","position":3,"name":"Thermos Travel Mug"}]},{"@type":"WebSite","@id":"https:\/\/www.dillerbottle.com\/#website","url":"https:\/\/www.dillerbottle.com\/","name":"Fabricant de bouteilles d&#039;eau Diller","description":"Fabricant de bouteilles d&#039;eau","publisher":{"@id":"https:\/\/www.dillerbottle.com\/#organization"},"potentialAction":[{"@type":"SearchAction","target":{"@type":"EntryPoint","urlTemplate":"https:\/\/www.dillerbottle.com\/?s={search_term_string}"},"query-input":{"@type":"PropertyValueSpecification","valueRequired":true,"valueName":"search_term_string"}}],"inLanguage":"fr-FR"},{"@type":"Organization","@id":"https:\/\/www.dillerbottle.com\/#organization","name":"Fabricant de bouteilles d&#039;eau Diller","url":"https:\/\/www.dillerbottle.com\/","logo":{"@type":"ImageObject","inLanguage":"fr-FR","@id":"https:\/\/www.dillerbottle.com\/#\/schema\/logo\/image\/","url":"https:\/\/www.dillerbottle.com\/wp-content\/uploads\/2024\/09\/49918bfa848dcc1e9f8b509933603ac.png","contentUrl":"https:\/\/www.dillerbottle.com\/wp-content\/uploads\/2024\/09\/49918bfa848dcc1e9f8b509933603ac.png","width":988,"height":198,"caption":"Diller Water Bottle Manufacturer"},"image":{"@id":"https:\/\/www.dillerbottle.com\/#\/schema\/logo\/image\/"}}]}},"_links":{"self":[{"href":"https:\/\/www.dillerbottle.com\/fr\/wp-json\/wp\/v2\/product\/11449","targetHints":{"allow":["GET"]}}],"collection":[{"href":"https:\/\/www.dillerbottle.com\/fr\/wp-json\/wp\/v2\/product"}],"about":[{"href":"https:\/\/www.dillerbottle.com\/fr\/wp-json\/wp\/v2\/types\/product"}],"replies":[{"embeddable":true,"href":"https:\/\/www.dillerbottle.com\/fr\/wp-json\/wp\/v2\/comments?post=11449"}],"wp:featuredmedia":[{"embeddable":true,"href":"https:\/\/www.dillerbottle.com\/fr\/wp-json\/wp\/v2\/media\/15250"}],"wp:attachment":[{"href":"https:\/\/www.dillerbottle.com\/fr\/wp-json\/wp\/v2\/media?parent=11449"}],"wp:term":[{"taxonomy":"product_brand","embeddable":true,"href":"https:\/\/www.dillerbottle.com\/fr\/wp-json\/wp\/v2\/product_brand?post=11449"},{"taxonomy":"product_cat","embeddable":true,"href":"https:\/\/www.dillerbottle.com\/fr\/wp-json\/wp\/v2\/product_cat?post=11449"},{"taxonomy":"product_tag","embeddable":true,"href":"https:\/\/www.dillerbottle.com\/fr\/wp-json\/wp\/v2\/product_tag?post=11449"}],"curies":[{"name":"wp","href":"https:\/\/api.w.org\/{rel}","templated":true}]}}