{"id":11995,"date":"2024-09-29T15:03:19","date_gmt":"2024-09-29T07:03:19","guid":{"rendered":"https:\/\/demo.dillerbottle.com\/products\/thermos-bottle-for-baby"},"modified":"2025-09-12T16:23:56","modified_gmt":"2025-09-12T08:23:56","slug":"sus316-gobelet-isolant-sous-vide-en-acier-inoxydable","status":"publish","type":"product","link":"https:\/\/www.dillerbottle.com\/fr\/products\/sus316-stainless-steel-small-vacuum-insulated-cup","title":{"rendered":"Petite tasse isotherme en acier inoxydable SUS316"},"content":{"rendered":"<p data-start=\"1121\" data-end=\"1140\"><strong data-start=\"1121\" data-end=\"1137\">Caract\u00e9ristiques principales<\/strong>:<\/p>\n<ul data-start=\"1141\" data-end=\"1641\">\n<li data-start=\"1141\" data-end=\"1226\">\n<p data-start=\"1143\" data-end=\"1226\"><strong data-start=\"1143\" data-end=\"1169\">Acier inoxydable SUS316<\/strong>: Mat\u00e9riau de qualit\u00e9 m\u00e9dicale, s\u00fbr et r\u00e9sistant \u00e0 la corrosion.<\/p>\n<\/li>\n<li data-start=\"1227\" data-end=\"1329\">\n<p data-start=\"1229\" data-end=\"1329\"><strong data-start=\"1229\" data-end=\"1271\">Isolation thermique et pr\u00e9servation du froid<\/strong>: Le vide \u00e0 double paroi permet de conserver les boissons chaudes ou froides pendant des heures.<\/p>\n<\/li>\n<li data-start=\"1330\" data-end=\"1409\">\n<p data-start=\"1332\" data-end=\"1409\"><strong data-start=\"1332\" data-end=\"1359\">Sch\u00e9ma de couleurs minimaliste<\/strong>: El\u00e9gant et polyvalent pour diff\u00e9rentes occasions.<\/p>\n<\/li>\n<li data-start=\"1410\" data-end=\"1483\">\n<p data-start=\"1412\" data-end=\"1483\"><strong data-start=\"1412\" data-end=\"1435\">Scell\u00e9 et \u00e9tanche<\/strong>: Le couvercle \u00e0 visser garantit un transport sans souci.<\/p>\n<\/li>\n<li data-start=\"1484\" data-end=\"1561\">\n<p data-start=\"1486\" data-end=\"1561\"><strong data-start=\"1486\" data-end=\"1512\">Surface de peinture textur\u00e9e<\/strong>: Toucher lisse, r\u00e9sistant aux rayures et durable.<\/p>\n<\/li>\n<li data-start=\"1562\" data-end=\"1641\">\n<p data-start=\"1564\" data-end=\"1641\"><strong data-start=\"1564\" data-end=\"1588\">Corps de gobelet l\u00e9ger<\/strong>: Compact et facile \u00e0 transporter, parfait pour une utilisation quotidienne.<\/p>\n<\/li>\n<\/ul>\n<p data-start=\"1643\" data-end=\"1793\"><strong data-start=\"1643\" data-end=\"1659\">Utilisateurs cibles<\/strong>: \u00c9tudiants, employ\u00e9s de bureau, voyageurs et acheteurs de cadeaux<br data-start=\"1713\" data-end=\"1716\" \/><strong data-start=\"1716\" data-end=\"1732\">Applications<\/strong>: Personnalisation des trajets quotidiens, du bureau, des voyages, des sports et des cadeaux<\/p>","protected":false},"excerpt":{"rendered":"<p>Ce mini gobelet isotherme l\u00e9ger est fabriqu\u00e9 en acier inoxydable SUS316 de qualit\u00e9 m\u00e9dicale, offrant une excellente r\u00e9sistance \u00e0 la corrosion et une grande s\u00e9curit\u00e9 pour la sant\u00e9. Son design compact et portable permet de conserver les boissons chaudes ou froides, tandis que sa couleur minimaliste et sa finition en peinture textur\u00e9e sont \u00e0 la fois pratiques et \u00e9l\u00e9gantes.<\/p>","protected":false},"featured_media":16775,"comment_status":"open","ping_status":"closed","template":"","meta":{"_acf_changed":false},"product_brand":[],"product_cat":[18],"product_tag":[29,732],"class_list":{"0":"post-11995","1":"product","2":"type-product","3":"status-publish","4":"has-post-thumbnail","6":"product_cat-insulated-water-bottle","7":"product_tag-manufacturers","8":"product_tag-portable-travel-water-bottle","10":"first","11":"instock","12":"shipping-taxable","13":"product-type-simple"},"acf":[],"yoast_head":"<!-- This site is optimized with the Yoast SEO Premium plugin v27.5 (Yoast SEO v27.5) - https:\/\/yoast.com\/product\/yoast-seo-premium-wordpress\/ -->\n<title>Diller Water Bottle Manufacturer - Diller Water Bottle Manufacturer<\/title>\n<meta name=\"description\" content=\"Experience the elegance of the SUS316 Stainless Steel Small Vacuum Insulated Cup. Enjoy your drinks at the perfect temperature for hours!\" \/>\n<meta name=\"robots\" content=\"index, follow, max-snippet:-1, max-image-preview:large, max-video-preview:-1\" \/>\n<link rel=\"canonical\" href=\"https:\/\/www.dillerbottle.com\/fr\/produits\/sus316-gobelet-isolant-sous-vide-en-acier-inoxydable\" \/>\n<meta property=\"og:locale\" content=\"fr_FR\" \/>\n<meta property=\"og:type\" content=\"article\" \/>\n<meta property=\"og:title\" content=\"SUS316 Stainless Steel Small Vacuum Insulated Cup\" \/>\n<meta property=\"og:description\" content=\"Experience the elegance of the SUS316 Stainless Steel Small Vacuum Insulated Cup. Enjoy your drinks at the perfect temperature for hours!\" \/>\n<meta property=\"og:url\" content=\"https:\/\/www.dillerbottle.com\/fr\/produits\/sus316-gobelet-isolant-sous-vide-en-acier-inoxydable\" \/>\n<meta property=\"og:site_name\" content=\"Diller Water Bottle Manufacturer\" \/>\n<meta property=\"article:modified_time\" content=\"2025-09-12T08:23:56+00:00\" \/>\n<meta property=\"og:image\" content=\"https:\/\/www.dillerbottle.com\/wp-content\/uploads\/2024\/09\/thermos-bottle-for-baby-9188-1.jpg\" \/>\n\t<meta property=\"og:image:width\" content=\"800\" \/>\n\t<meta property=\"og:image:height\" content=\"800\" \/>\n\t<meta property=\"og:image:type\" content=\"image\/jpeg\" \/>\n<meta name=\"twitter:card\" content=\"summary_large_image\" \/>\n<meta name=\"twitter:label1\" content=\"Dur\u00e9e de lecture estim\u00e9e\" \/>\n\t<meta name=\"twitter:data1\" content=\"1 minute\" \/>\n<script type=\"application\/ld+json\" class=\"yoast-schema-graph\">{\"@context\":\"https:\\\/\\\/schema.org\",\"@graph\":[{\"@type\":\"WebPage\",\"@id\":\"https:\\\/\\\/www.dillerbottle.com\\\/products\\\/sus316-stainless-steel-small-vacuum-insulated-cup\",\"url\":\"https:\\\/\\\/www.dillerbottle.com\\\/products\\\/sus316-stainless-steel-small-vacuum-insulated-cup\",\"name\":\"Diller Water Bottle Manufacturer - Diller Water Bottle Manufacturer\",\"isPartOf\":{\"@id\":\"https:\\\/\\\/www.dillerbottle.com\\\/#website\"},\"primaryImageOfPage\":{\"@id\":\"https:\\\/\\\/www.dillerbottle.com\\\/products\\\/sus316-stainless-steel-small-vacuum-insulated-cup#primaryimage\"},\"image\":{\"@id\":\"https:\\\/\\\/www.dillerbottle.com\\\/products\\\/sus316-stainless-steel-small-vacuum-insulated-cup#primaryimage\"},\"thumbnailUrl\":\"https:\\\/\\\/www.dillerbottle.com\\\/wp-content\\\/uploads\\\/2024\\\/09\\\/thermos-bottle-for-baby-9188-1.jpg\",\"datePublished\":\"2024-09-29T07:03:19+00:00\",\"dateModified\":\"2025-09-12T08:23:56+00:00\",\"description\":\"Experience the elegance of the SUS316 Stainless Steel Small Vacuum Insulated Cup. Enjoy your drinks at the perfect temperature for hours!\",\"breadcrumb\":{\"@id\":\"https:\\\/\\\/www.dillerbottle.com\\\/products\\\/sus316-stainless-steel-small-vacuum-insulated-cup#breadcrumb\"},\"inLanguage\":\"fr-FR\",\"potentialAction\":[{\"@type\":\"ReadAction\",\"target\":[\"https:\\\/\\\/www.dillerbottle.com\\\/products\\\/sus316-stainless-steel-small-vacuum-insulated-cup\"]}]},{\"@type\":\"ImageObject\",\"inLanguage\":\"fr-FR\",\"@id\":\"https:\\\/\\\/www.dillerbottle.com\\\/products\\\/sus316-stainless-steel-small-vacuum-insulated-cup#primaryimage\",\"url\":\"https:\\\/\\\/www.dillerbottle.com\\\/wp-content\\\/uploads\\\/2024\\\/09\\\/thermos-bottle-for-baby-9188-1.jpg\",\"contentUrl\":\"https:\\\/\\\/www.dillerbottle.com\\\/wp-content\\\/uploads\\\/2024\\\/09\\\/thermos-bottle-for-baby-9188-1.jpg\",\"width\":800,\"height\":800},{\"@type\":\"BreadcrumbList\",\"@id\":\"https:\\\/\\\/www.dillerbottle.com\\\/products\\\/sus316-stainless-steel-small-vacuum-insulated-cup#breadcrumb\",\"itemListElement\":[{\"@type\":\"ListItem\",\"position\":1,\"name\":\"Home\",\"item\":\"https:\\\/\\\/www.dillerbottle.com\\\/\"},{\"@type\":\"ListItem\",\"position\":2,\"name\":\"Products\",\"item\":\"https:\\\/\\\/www.dillerbottle.com\\\/shop\"},{\"@type\":\"ListItem\",\"position\":3,\"name\":\"SUS316 Stainless Steel Small Vacuum Insulated Cup\"}]},{\"@type\":\"WebSite\",\"@id\":\"https:\\\/\\\/www.dillerbottle.com\\\/#website\",\"url\":\"https:\\\/\\\/www.dillerbottle.com\\\/\",\"name\":\"Diller Water Bottle Manufacturer\",\"description\":\"Water Bottle Manufacturer\",\"publisher\":{\"@id\":\"https:\\\/\\\/www.dillerbottle.com\\\/#organization\"},\"potentialAction\":[{\"@type\":\"SearchAction\",\"target\":{\"@type\":\"EntryPoint\",\"urlTemplate\":\"https:\\\/\\\/www.dillerbottle.com\\\/?s={search_term_string}\"},\"query-input\":{\"@type\":\"PropertyValueSpecification\",\"valueRequired\":true,\"valueName\":\"search_term_string\"}}],\"inLanguage\":\"fr-FR\"},{\"@type\":\"Organization\",\"@id\":\"https:\\\/\\\/www.dillerbottle.com\\\/#organization\",\"name\":\"Diller Water Bottle Manufacturer\",\"url\":\"https:\\\/\\\/www.dillerbottle.com\\\/\",\"logo\":{\"@type\":\"ImageObject\",\"inLanguage\":\"fr-FR\",\"@id\":\"https:\\\/\\\/www.dillerbottle.com\\\/#\\\/schema\\\/logo\\\/image\\\/\",\"url\":\"https:\\\/\\\/www.dillerbottle.com\\\/wp-content\\\/uploads\\\/2024\\\/09\\\/49918bfa848dcc1e9f8b509933603ac.png\",\"contentUrl\":\"https:\\\/\\\/www.dillerbottle.com\\\/wp-content\\\/uploads\\\/2024\\\/09\\\/49918bfa848dcc1e9f8b509933603ac.png\",\"width\":988,\"height\":198,\"caption\":\"Diller Water Bottle Manufacturer\"},\"image\":{\"@id\":\"https:\\\/\\\/www.dillerbottle.com\\\/#\\\/schema\\\/logo\\\/image\\\/\"}}]}<\/script>\n<!-- \/ Yoast SEO Premium plugin. -->","yoast_head_json":{"title":"Fabricant de bouteilles d'eau Diller - Fabricant de bouteilles d'eau Diller","description":"D\u00e9couvrez l'\u00e9l\u00e9gance de la petite tasse isotherme en acier inoxydable SUS316. Savourez vos boissons \u00e0 la temp\u00e9rature id\u00e9ale pendant des heures !","robots":{"index":"index","follow":"follow","max-snippet":"max-snippet:-1","max-image-preview":"max-image-preview:large","max-video-preview":"max-video-preview:-1"},"canonical":"https:\/\/www.dillerbottle.com\/fr\/produits\/sus316-gobelet-isolant-sous-vide-en-acier-inoxydable","og_locale":"fr_FR","og_type":"article","og_title":"SUS316 Stainless Steel Small Vacuum Insulated Cup","og_description":"Experience the elegance of the SUS316 Stainless Steel Small Vacuum Insulated Cup. Enjoy your drinks at the perfect temperature for hours!","og_url":"https:\/\/www.dillerbottle.com\/fr\/produits\/sus316-gobelet-isolant-sous-vide-en-acier-inoxydable","og_site_name":"Diller Water Bottle Manufacturer","article_modified_time":"2025-09-12T08:23:56+00:00","og_image":[{"width":800,"height":800,"url":"https:\/\/www.dillerbottle.com\/wp-content\/uploads\/2024\/09\/thermos-bottle-for-baby-9188-1.jpg","type":"image\/jpeg"}],"twitter_card":"summary_large_image","twitter_misc":{"Dur\u00e9e de lecture estim\u00e9e":"1 minute"},"schema":{"@context":"https:\/\/schema.org","@graph":[{"@type":"WebPage","@id":"https:\/\/www.dillerbottle.com\/products\/sus316-stainless-steel-small-vacuum-insulated-cup","url":"https:\/\/www.dillerbottle.com\/products\/sus316-stainless-steel-small-vacuum-insulated-cup","name":"Fabricant de bouteilles d'eau Diller - Fabricant de bouteilles d'eau Diller","isPartOf":{"@id":"https:\/\/www.dillerbottle.com\/#website"},"primaryImageOfPage":{"@id":"https:\/\/www.dillerbottle.com\/products\/sus316-stainless-steel-small-vacuum-insulated-cup#primaryimage"},"image":{"@id":"https:\/\/www.dillerbottle.com\/products\/sus316-stainless-steel-small-vacuum-insulated-cup#primaryimage"},"thumbnailUrl":"https:\/\/www.dillerbottle.com\/wp-content\/uploads\/2024\/09\/thermos-bottle-for-baby-9188-1.jpg","datePublished":"2024-09-29T07:03:19+00:00","dateModified":"2025-09-12T08:23:56+00:00","description":"D\u00e9couvrez l'\u00e9l\u00e9gance de la petite tasse isotherme en acier inoxydable SUS316. Savourez vos boissons \u00e0 la temp\u00e9rature id\u00e9ale pendant des heures !","breadcrumb":{"@id":"https:\/\/www.dillerbottle.com\/products\/sus316-stainless-steel-small-vacuum-insulated-cup#breadcrumb"},"inLanguage":"fr-FR","potentialAction":[{"@type":"ReadAction","target":["https:\/\/www.dillerbottle.com\/products\/sus316-stainless-steel-small-vacuum-insulated-cup"]}]},{"@type":"ImageObject","inLanguage":"fr-FR","@id":"https:\/\/www.dillerbottle.com\/products\/sus316-stainless-steel-small-vacuum-insulated-cup#primaryimage","url":"https:\/\/www.dillerbottle.com\/wp-content\/uploads\/2024\/09\/thermos-bottle-for-baby-9188-1.jpg","contentUrl":"https:\/\/www.dillerbottle.com\/wp-content\/uploads\/2024\/09\/thermos-bottle-for-baby-9188-1.jpg","width":800,"height":800},{"@type":"BreadcrumbList","@id":"https:\/\/www.dillerbottle.com\/products\/sus316-stainless-steel-small-vacuum-insulated-cup#breadcrumb","itemListElement":[{"@type":"ListItem","position":1,"name":"Home","item":"https:\/\/www.dillerbottle.com\/"},{"@type":"ListItem","position":2,"name":"Products","item":"https:\/\/www.dillerbottle.com\/shop"},{"@type":"ListItem","position":3,"name":"SUS316 Stainless Steel Small Vacuum Insulated Cup"}]},{"@type":"WebSite","@id":"https:\/\/www.dillerbottle.com\/#website","url":"https:\/\/www.dillerbottle.com\/","name":"Fabricant de bouteilles d&#039;eau Diller","description":"Fabricant de bouteilles d&#039;eau","publisher":{"@id":"https:\/\/www.dillerbottle.com\/#organization"},"potentialAction":[{"@type":"SearchAction","target":{"@type":"EntryPoint","urlTemplate":"https:\/\/www.dillerbottle.com\/?s={search_term_string}"},"query-input":{"@type":"PropertyValueSpecification","valueRequired":true,"valueName":"search_term_string"}}],"inLanguage":"fr-FR"},{"@type":"Organization","@id":"https:\/\/www.dillerbottle.com\/#organization","name":"Fabricant de bouteilles d&#039;eau Diller","url":"https:\/\/www.dillerbottle.com\/","logo":{"@type":"ImageObject","inLanguage":"fr-FR","@id":"https:\/\/www.dillerbottle.com\/#\/schema\/logo\/image\/","url":"https:\/\/www.dillerbottle.com\/wp-content\/uploads\/2024\/09\/49918bfa848dcc1e9f8b509933603ac.png","contentUrl":"https:\/\/www.dillerbottle.com\/wp-content\/uploads\/2024\/09\/49918bfa848dcc1e9f8b509933603ac.png","width":988,"height":198,"caption":"Diller Water Bottle Manufacturer"},"image":{"@id":"https:\/\/www.dillerbottle.com\/#\/schema\/logo\/image\/"}}]}},"_links":{"self":[{"href":"https:\/\/www.dillerbottle.com\/fr\/wp-json\/wp\/v2\/product\/11995","targetHints":{"allow":["GET"]}}],"collection":[{"href":"https:\/\/www.dillerbottle.com\/fr\/wp-json\/wp\/v2\/product"}],"about":[{"href":"https:\/\/www.dillerbottle.com\/fr\/wp-json\/wp\/v2\/types\/product"}],"replies":[{"embeddable":true,"href":"https:\/\/www.dillerbottle.com\/fr\/wp-json\/wp\/v2\/comments?post=11995"}],"wp:featuredmedia":[{"embeddable":true,"href":"https:\/\/www.dillerbottle.com\/fr\/wp-json\/wp\/v2\/media\/16775"}],"wp:attachment":[{"href":"https:\/\/www.dillerbottle.com\/fr\/wp-json\/wp\/v2\/media?parent=11995"}],"wp:term":[{"taxonomy":"product_brand","embeddable":true,"href":"https:\/\/www.dillerbottle.com\/fr\/wp-json\/wp\/v2\/product_brand?post=11995"},{"taxonomy":"product_cat","embeddable":true,"href":"https:\/\/www.dillerbottle.com\/fr\/wp-json\/wp\/v2\/product_cat?post=11995"},{"taxonomy":"product_tag","embeddable":true,"href":"https:\/\/www.dillerbottle.com\/fr\/wp-json\/wp\/v2\/product_tag?post=11995"}],"curies":[{"name":"wp","href":"https:\/\/api.w.org\/{rel}","templated":true}]}}