{"id":12109,"date":"2024-09-29T15:04:35","date_gmt":"2024-09-29T07:04:35","guid":{"rendered":"https:\/\/demo.dillerbottle.com\/products\/double-vacuum-water-bottle"},"modified":"2025-07-08T17:44:13","modified_gmt":"2025-07-08T09:44:13","slug":"bouteille-deau-a-double-vide","status":"publish","type":"product","link":"https:\/\/www.dillerbottle.com\/fr\/products\/double-vacuum-water-bottle","title":{"rendered":"Bouteille d&#039;eau \u00e0 double vide"},"content":{"rendered":"<p>1. Bouteille avec corde portable, facile \u00e0 transporter.<br \/>\n2. La bouteille d&#039;eau thermos isol\u00e9e \u00e0 double paroi garde l&#039;eau, le soda, la bi\u00e8re, le jus ou le vin glac\u00e9 jusqu&#039;\u00e0 24 heures ou chaud pendant 12 heures.<br \/>\n3. Anti-fuite, antirouille. R\u00e9utilisable, durable et respectueux de l&#039;environnement.<br \/>\n4. L&#039;embouchure de la bouteille d&#039;eau \u00e0 double vide est con\u00e7ue pour un \u00e9coulement facile du liquide et est \u00e9tanche. La bouteille d&#039;eau d&#039;une capacit\u00e9 de 5\u00a0500 ml r\u00e9pond aux besoins quotidiens.<\/p>","protected":false},"excerpt":{"rendered":"<p>Caract\u00e9ristiques : 1. Bouteille avec corde portable, facile \u00e0 transporter.<br \/>\n2. La bouteille d&#039;eau thermos isol\u00e9e \u00e0 double paroi garde l&#039;eau, le soda, la bi\u00e8re, le jus ou le vin glac\u00e9 jusqu&#039;\u00e0 24 heures ou chaud pendant 12 heures.<br \/>\n3. Anti-fuite, antirouille.<br \/>\nR\u00e9utilisable, durable et respectueux de l&#039;environnement.<br \/>\n4.La bouche du double vide\u2026<\/p>","protected":false},"featured_media":12110,"comment_status":"open","ping_status":"closed","template":"","meta":{"_acf_changed":false},"product_brand":[],"product_cat":[18],"product_tag":[776,32,36,33,31,1030,39,38,835,29,37,881,34,35,715,28,510,739,30],"class_list":{"0":"post-12109","1":"product","2":"type-product","3":"status-publish","4":"has-post-thumbnail","6":"product_cat-insulated-water-bottle","7":"product_tag-700ml-stainless-water-bottle","8":"product_tag-best","9":"product_tag-bulk","10":"product_tag-buy","11":"product_tag-custom","12":"product_tag-double-vacuum-water-bottle","13":"product_tag-for-sale","14":"product_tag-good-quality","15":"product_tag-hot-water-bottle","16":"product_tag-manufacturers","17":"product_tag-manufacturing","18":"product_tag-new-water-bottle","19":"product_tag-price","20":"product_tag-small","21":"product_tag-stainless-steel-water-bottle-1000-ml","22":"product_tag-suppliers","23":"product_tag-thermos-water-bottle","24":"product_tag-water-bottle-wood-lid","25":"product_tag-wholesale","27":"first","28":"instock","29":"shipping-taxable","30":"product-type-simple"},"acf":[],"yoast_head":"<!-- This site is optimized with the Yoast SEO Premium plugin v27.5 (Yoast SEO v27.5) - https:\/\/yoast.com\/product\/yoast-seo-premium-wordpress\/ -->\n<title>Double Vacuum Water Bottle - Diller Water Bottle Manufacturer<\/title>\n<meta name=\"description\" content=\"As one of the best double vacuum water bottle manufacturers and suppliers, we are engaged in manufacturing good quality water bottles. We warmly welcome you to wholesale or buy custom made double vacuum water bottle at competitive price from us. Also, small quantity orders are acceptable.\" \/>\n<meta name=\"robots\" content=\"index, follow, max-snippet:-1, max-image-preview:large, max-video-preview:-1\" \/>\n<link rel=\"canonical\" href=\"https:\/\/www.dillerbottle.com\/fr\/produits\/bouteille-deau-a-double-vide\" \/>\n<meta property=\"og:locale\" content=\"fr_FR\" \/>\n<meta property=\"og:type\" content=\"article\" \/>\n<meta property=\"og:title\" content=\"Double Vacuum Water Bottle\" \/>\n<meta property=\"og:description\" content=\"As one of the best double vacuum water bottle manufacturers and suppliers, we are engaged in manufacturing good quality water bottles. We warmly welcome you to wholesale or buy custom made double vacuum water bottle at competitive price from us. Also, small quantity orders are acceptable.\" \/>\n<meta property=\"og:url\" content=\"https:\/\/www.dillerbottle.com\/fr\/produits\/bouteille-deau-a-double-vide\" \/>\n<meta property=\"og:site_name\" content=\"Diller Water Bottle Manufacturer\" \/>\n<meta property=\"article:modified_time\" content=\"2025-07-08T09:44:13+00:00\" \/>\n<meta property=\"og:image\" content=\"https:\/\/www.dillerbottle.com\/wp-content\/uploads\/2024\/09\/double-vacuum-water-bottle31232712903.jpg\" \/>\n\t<meta property=\"og:image:width\" content=\"730\" \/>\n\t<meta property=\"og:image:height\" content=\"730\" \/>\n\t<meta property=\"og:image:type\" content=\"image\/jpeg\" \/>\n<meta name=\"twitter:card\" content=\"summary_large_image\" \/>\n<meta name=\"twitter:label1\" content=\"Dur\u00e9e de lecture estim\u00e9e\" \/>\n\t<meta name=\"twitter:data1\" content=\"2 minutes\" \/>\n<script type=\"application\/ld+json\" class=\"yoast-schema-graph\">{\"@context\":\"https:\\\/\\\/schema.org\",\"@graph\":[{\"@type\":\"WebPage\",\"@id\":\"https:\\\/\\\/www.dillerbottle.com\\\/nl\\\/producten\\\/dubbele-vacuum-waterfles\",\"url\":\"https:\\\/\\\/www.dillerbottle.com\\\/nl\\\/producten\\\/dubbele-vacuum-waterfles\",\"name\":\"Double Vacuum Water Bottle - Diller Water Bottle Manufacturer\",\"isPartOf\":{\"@id\":\"https:\\\/\\\/www.dillerbottle.com\\\/#website\"},\"primaryImageOfPage\":{\"@id\":\"https:\\\/\\\/www.dillerbottle.com\\\/nl\\\/producten\\\/dubbele-vacuum-waterfles#primaryimage\"},\"image\":{\"@id\":\"https:\\\/\\\/www.dillerbottle.com\\\/nl\\\/producten\\\/dubbele-vacuum-waterfles#primaryimage\"},\"thumbnailUrl\":\"https:\\\/\\\/www.dillerbottle.com\\\/wp-content\\\/uploads\\\/2024\\\/09\\\/double-vacuum-water-bottle31232712903.jpg\",\"datePublished\":\"2024-09-29T07:04:35+00:00\",\"dateModified\":\"2025-07-08T09:44:13+00:00\",\"description\":\"As one of the best double vacuum water bottle manufacturers and suppliers, we are engaged in manufacturing good quality water bottles. We warmly welcome you to wholesale or buy custom made double vacuum water bottle at competitive price from us. Also, small quantity orders are acceptable.\",\"breadcrumb\":{\"@id\":\"https:\\\/\\\/www.dillerbottle.com\\\/nl\\\/producten\\\/dubbele-vacuum-waterfles#breadcrumb\"},\"inLanguage\":\"fr-FR\",\"potentialAction\":[{\"@type\":\"ReadAction\",\"target\":[\"https:\\\/\\\/www.dillerbottle.com\\\/nl\\\/producten\\\/dubbele-vacuum-waterfles\"]}]},{\"@type\":\"ImageObject\",\"inLanguage\":\"fr-FR\",\"@id\":\"https:\\\/\\\/www.dillerbottle.com\\\/nl\\\/producten\\\/dubbele-vacuum-waterfles#primaryimage\",\"url\":\"https:\\\/\\\/www.dillerbottle.com\\\/wp-content\\\/uploads\\\/2024\\\/09\\\/double-vacuum-water-bottle31232712903.jpg\",\"contentUrl\":\"https:\\\/\\\/www.dillerbottle.com\\\/wp-content\\\/uploads\\\/2024\\\/09\\\/double-vacuum-water-bottle31232712903.jpg\",\"width\":730,\"height\":730},{\"@type\":\"BreadcrumbList\",\"@id\":\"https:\\\/\\\/www.dillerbottle.com\\\/nl\\\/producten\\\/dubbele-vacuum-waterfles#breadcrumb\",\"itemListElement\":[{\"@type\":\"ListItem\",\"position\":1,\"name\":\"Home\",\"item\":\"https:\\\/\\\/www.dillerbottle.com\\\/\"},{\"@type\":\"ListItem\",\"position\":2,\"name\":\"Products\",\"item\":\"https:\\\/\\\/www.dillerbottle.com\\\/shop\"},{\"@type\":\"ListItem\",\"position\":3,\"name\":\"Double Vacuum Water Bottle\"}]},{\"@type\":\"WebSite\",\"@id\":\"https:\\\/\\\/www.dillerbottle.com\\\/#website\",\"url\":\"https:\\\/\\\/www.dillerbottle.com\\\/\",\"name\":\"Diller Water Bottle Manufacturer\",\"description\":\"Water Bottle Manufacturer\",\"publisher\":{\"@id\":\"https:\\\/\\\/www.dillerbottle.com\\\/#organization\"},\"potentialAction\":[{\"@type\":\"SearchAction\",\"target\":{\"@type\":\"EntryPoint\",\"urlTemplate\":\"https:\\\/\\\/www.dillerbottle.com\\\/?s={search_term_string}\"},\"query-input\":{\"@type\":\"PropertyValueSpecification\",\"valueRequired\":true,\"valueName\":\"search_term_string\"}}],\"inLanguage\":\"fr-FR\"},{\"@type\":\"Organization\",\"@id\":\"https:\\\/\\\/www.dillerbottle.com\\\/#organization\",\"name\":\"Diller Water Bottle Manufacturer\",\"url\":\"https:\\\/\\\/www.dillerbottle.com\\\/\",\"logo\":{\"@type\":\"ImageObject\",\"inLanguage\":\"fr-FR\",\"@id\":\"https:\\\/\\\/www.dillerbottle.com\\\/#\\\/schema\\\/logo\\\/image\\\/\",\"url\":\"https:\\\/\\\/www.dillerbottle.com\\\/wp-content\\\/uploads\\\/2024\\\/09\\\/49918bfa848dcc1e9f8b509933603ac.png\",\"contentUrl\":\"https:\\\/\\\/www.dillerbottle.com\\\/wp-content\\\/uploads\\\/2024\\\/09\\\/49918bfa848dcc1e9f8b509933603ac.png\",\"width\":988,\"height\":198,\"caption\":\"Diller Water Bottle Manufacturer\"},\"image\":{\"@id\":\"https:\\\/\\\/www.dillerbottle.com\\\/#\\\/schema\\\/logo\\\/image\\\/\"}}]}<\/script>\n<!-- \/ Yoast SEO Premium plugin. -->","yoast_head_json":{"title":"Bouteille d&#039;eau \u00e0 double vide - Fabricant de bouteilles d&#039;eau Diller","description":"En tant que l&#039;un des meilleurs fabricants et fournisseurs de bouteilles d&#039;eau \u00e0 double vide, nous sommes engag\u00e9s dans la fabrication de bouteilles d&#039;eau de bonne qualit\u00e9. Nous vous invitons chaleureusement \u00e0 vendre en gros ou \u00e0 acheter chez nous des bouteilles d&#039;eau \u00e0 double vide sur mesure \u00e0 un prix comp\u00e9titif. De plus, les commandes en petites quantit\u00e9s sont acceptables.","robots":{"index":"index","follow":"follow","max-snippet":"max-snippet:-1","max-image-preview":"max-image-preview:large","max-video-preview":"max-video-preview:-1"},"canonical":"https:\/\/www.dillerbottle.com\/fr\/produits\/bouteille-deau-a-double-vide","og_locale":"fr_FR","og_type":"article","og_title":"Double Vacuum Water Bottle","og_description":"As one of the best double vacuum water bottle manufacturers and suppliers, we are engaged in manufacturing good quality water bottles. We warmly welcome you to wholesale or buy custom made double vacuum water bottle at competitive price from us. Also, small quantity orders are acceptable.","og_url":"https:\/\/www.dillerbottle.com\/fr\/produits\/bouteille-deau-a-double-vide","og_site_name":"Diller Water Bottle Manufacturer","article_modified_time":"2025-07-08T09:44:13+00:00","og_image":[{"width":730,"height":730,"url":"https:\/\/www.dillerbottle.com\/wp-content\/uploads\/2024\/09\/double-vacuum-water-bottle31232712903.jpg","type":"image\/jpeg"}],"twitter_card":"summary_large_image","twitter_misc":{"Dur\u00e9e de lecture estim\u00e9e":"2 minutes"},"schema":{"@context":"https:\/\/schema.org","@graph":[{"@type":"WebPage","@id":"https:\/\/www.dillerbottle.com\/nl\/producten\/dubbele-vacuum-waterfles","url":"https:\/\/www.dillerbottle.com\/nl\/producten\/dubbele-vacuum-waterfles","name":"Bouteille d&#039;eau \u00e0 double vide - Fabricant de bouteilles d&#039;eau Diller","isPartOf":{"@id":"https:\/\/www.dillerbottle.com\/#website"},"primaryImageOfPage":{"@id":"https:\/\/www.dillerbottle.com\/nl\/producten\/dubbele-vacuum-waterfles#primaryimage"},"image":{"@id":"https:\/\/www.dillerbottle.com\/nl\/producten\/dubbele-vacuum-waterfles#primaryimage"},"thumbnailUrl":"https:\/\/www.dillerbottle.com\/wp-content\/uploads\/2024\/09\/double-vacuum-water-bottle31232712903.jpg","datePublished":"2024-09-29T07:04:35+00:00","dateModified":"2025-07-08T09:44:13+00:00","description":"En tant que l&#039;un des meilleurs fabricants et fournisseurs de bouteilles d&#039;eau \u00e0 double vide, nous sommes engag\u00e9s dans la fabrication de bouteilles d&#039;eau de bonne qualit\u00e9. Nous vous invitons chaleureusement \u00e0 vendre en gros ou \u00e0 acheter chez nous des bouteilles d&#039;eau \u00e0 double vide sur mesure \u00e0 un prix comp\u00e9titif. De plus, les commandes en petites quantit\u00e9s sont acceptables.","breadcrumb":{"@id":"https:\/\/www.dillerbottle.com\/nl\/producten\/dubbele-vacuum-waterfles#breadcrumb"},"inLanguage":"fr-FR","potentialAction":[{"@type":"ReadAction","target":["https:\/\/www.dillerbottle.com\/nl\/producten\/dubbele-vacuum-waterfles"]}]},{"@type":"ImageObject","inLanguage":"fr-FR","@id":"https:\/\/www.dillerbottle.com\/nl\/producten\/dubbele-vacuum-waterfles#primaryimage","url":"https:\/\/www.dillerbottle.com\/wp-content\/uploads\/2024\/09\/double-vacuum-water-bottle31232712903.jpg","contentUrl":"https:\/\/www.dillerbottle.com\/wp-content\/uploads\/2024\/09\/double-vacuum-water-bottle31232712903.jpg","width":730,"height":730},{"@type":"BreadcrumbList","@id":"https:\/\/www.dillerbottle.com\/nl\/producten\/dubbele-vacuum-waterfles#breadcrumb","itemListElement":[{"@type":"ListItem","position":1,"name":"Home","item":"https:\/\/www.dillerbottle.com\/"},{"@type":"ListItem","position":2,"name":"Products","item":"https:\/\/www.dillerbottle.com\/shop"},{"@type":"ListItem","position":3,"name":"Double Vacuum Water Bottle"}]},{"@type":"WebSite","@id":"https:\/\/www.dillerbottle.com\/#website","url":"https:\/\/www.dillerbottle.com\/","name":"Fabricant de bouteilles d&#039;eau Diller","description":"Fabricant de bouteilles d&#039;eau","publisher":{"@id":"https:\/\/www.dillerbottle.com\/#organization"},"potentialAction":[{"@type":"SearchAction","target":{"@type":"EntryPoint","urlTemplate":"https:\/\/www.dillerbottle.com\/?s={search_term_string}"},"query-input":{"@type":"PropertyValueSpecification","valueRequired":true,"valueName":"search_term_string"}}],"inLanguage":"fr-FR"},{"@type":"Organization","@id":"https:\/\/www.dillerbottle.com\/#organization","name":"Fabricant de bouteilles d&#039;eau Diller","url":"https:\/\/www.dillerbottle.com\/","logo":{"@type":"ImageObject","inLanguage":"fr-FR","@id":"https:\/\/www.dillerbottle.com\/#\/schema\/logo\/image\/","url":"https:\/\/www.dillerbottle.com\/wp-content\/uploads\/2024\/09\/49918bfa848dcc1e9f8b509933603ac.png","contentUrl":"https:\/\/www.dillerbottle.com\/wp-content\/uploads\/2024\/09\/49918bfa848dcc1e9f8b509933603ac.png","width":988,"height":198,"caption":"Diller Water Bottle Manufacturer"},"image":{"@id":"https:\/\/www.dillerbottle.com\/#\/schema\/logo\/image\/"}}]}},"_links":{"self":[{"href":"https:\/\/www.dillerbottle.com\/fr\/wp-json\/wp\/v2\/product\/12109","targetHints":{"allow":["GET"]}}],"collection":[{"href":"https:\/\/www.dillerbottle.com\/fr\/wp-json\/wp\/v2\/product"}],"about":[{"href":"https:\/\/www.dillerbottle.com\/fr\/wp-json\/wp\/v2\/types\/product"}],"replies":[{"embeddable":true,"href":"https:\/\/www.dillerbottle.com\/fr\/wp-json\/wp\/v2\/comments?post=12109"}],"wp:featuredmedia":[{"embeddable":true,"href":"https:\/\/www.dillerbottle.com\/fr\/wp-json\/wp\/v2\/media\/12110"}],"wp:attachment":[{"href":"https:\/\/www.dillerbottle.com\/fr\/wp-json\/wp\/v2\/media?parent=12109"}],"wp:term":[{"taxonomy":"product_brand","embeddable":true,"href":"https:\/\/www.dillerbottle.com\/fr\/wp-json\/wp\/v2\/product_brand?post=12109"},{"taxonomy":"product_cat","embeddable":true,"href":"https:\/\/www.dillerbottle.com\/fr\/wp-json\/wp\/v2\/product_cat?post=12109"},{"taxonomy":"product_tag","embeddable":true,"href":"https:\/\/www.dillerbottle.com\/fr\/wp-json\/wp\/v2\/product_tag?post=12109"}],"curies":[{"name":"wp","href":"https:\/\/api.w.org\/{rel}","templated":true}]}}