{"id":12152,"date":"2024-09-29T15:05:04","date_gmt":"2024-09-29T07:05:04","guid":{"rendered":"https:\/\/demo.dillerbottle.com\/products\/stainless-steel-vacuum-flask-500ml"},"modified":"2026-02-26T16:57:09","modified_gmt":"2026-02-26T08:57:09","slug":"bouteille-isotherme-en-acier-inoxydable-500-ml","status":"publish","type":"product","link":"https:\/\/www.dillerbottle.com\/fr\/products\/stainless-steel-vacuum-flask-500ml","title":{"rendered":"Bouteille isotherme en acier inoxydable 500 ml"},"content":{"rendered":"<p>1. Cette bouteille isotherme en acier inoxydable est fabriqu\u00e9e en acier inoxydable 316 durable. Isol\u00e9e sous vide, cette bouteille d&#039;eau en m\u00e9tal peut garder le contenu chaud ou froid jusqu&#039;\u00e0 6 \u00e0 12 heures.<\/p>\n<p>2. La bouteille isotherme en acier inoxydable de 500 ml est parfaite pour les f\u00eates, le camping, la navigation de plaisance, les voyages, les \u00e9v\u00e9nements sportifs, la piscine, la plage, les pique-niques, la terrasse, la randonn\u00e9e et les sorties avec des amis \u00e0 l&#039;ext\u00e9rieur.<\/p>\n<p>3. Conception de couvercle de tasse \u00e0 double boisson, peut \u00eatre consomm\u00e9 directement ou avec une paille. Le couvercle peut \u00e9galement \u00eatre utilis\u00e9 comme une petite tasse.<\/p>\n<p>4. L&#039;illustration originale de capybara sur le corps de la tasse rend la bouteille d&#039;eau plus int\u00e9ressante.<\/p>\n<p>5. La bouteille isotherme en acier inoxydable de 500 ml est dot\u00e9e d&#039;une bague d&#039;\u00e9tanch\u00e9it\u00e9 en caoutchouc de silicone non toxique, sans go\u00fbt et r\u00e9sistant aux hautes temp\u00e9ratures. Le couvercle \u00e0 vis est totalement \u00e9tanche car il s&#039;adapte parfaitement \u00e0 l&#039;embouchure de la tasse.<\/p>\n<p>OEM et ODM acceptables.<br \/>\nNous pouvons personnaliser le gobelet selon vos besoins.<br \/>\nBienvenue \u00e0 l&#039;achat en gros, envoyez une demande maintenant !<\/p>","protected":false},"excerpt":{"rendered":"<p>Cette bouteille isotherme en acier inoxydable est fabriqu\u00e9e en acier inoxydable 316 durable. Isol\u00e9e sous vide, cette bouteille d&#039;eau en m\u00e9tal peut garder le contenu chaud ou froid jusqu&#039;\u00e0 6 \u00e0 12 heures.<br \/>\nLa bouteille isotherme en acier inoxydable de 500 ml est parfaite pour les f\u00eates, le camping, la navigation de plaisance, les voyages, les \u00e9v\u00e9nements sportifs, la piscine, la plage, les pique-niques, la terrasse, la randonn\u00e9e et les sorties avec des amis \u00e0 l&#039;ext\u00e9rieur.<br \/>\nCouvercle \u00e0 double paroi, peut \u00eatre consomm\u00e9 directement ou avec une paille. Le couvercle peut \u00e9galement \u00eatre utilis\u00e9 comme une petite tasse.<br \/>\nL&#039;illustration originale de capybara sur le corps de la tasse rend la bouteille d&#039;eau plus int\u00e9ressante.<br \/>\nLa bouteille isotherme en acier inoxydable de 500 ml est dot\u00e9e d&#039;une bague d&#039;\u00e9tanch\u00e9it\u00e9 en caoutchouc de silicone non toxique, sans go\u00fbt et r\u00e9sistant aux hautes temp\u00e9ratures. Le couvercle \u00e0 vis est totalement \u00e9tanche car il s&#039;adapte parfaitement \u00e0 l&#039;embouchure de la tasse.<br \/>\nOEM et ODM acceptables.<\/p>","protected":false},"featured_media":15085,"comment_status":"open","ping_status":"closed","template":"","meta":{"_acf_changed":false},"product_brand":[],"product_cat":[18],"product_tag":[1034],"class_list":{"0":"post-12152","1":"product","2":"type-product","3":"status-publish","4":"has-post-thumbnail","6":"product_cat-insulated-water-bottle","7":"product_tag-stainless-steel-vacuum-flask-500ml","9":"first","10":"instock","11":"shipping-taxable","12":"product-type-simple"},"acf":[],"yoast_head":"<!-- This site is optimized with the Yoast SEO Premium plugin v27.5 (Yoast SEO v27.5) - https:\/\/yoast.com\/product\/yoast-seo-premium-wordpress\/ -->\n<title>Stainless Steel Vacuum Flask 500ml - Diller Water Bottle Manufacturer<\/title>\n<meta name=\"description\" content=\"As one of the best stainless steel vacuum flask 500ml manufacturers and suppliers, we are engaged in manufacturing good quality water bottles. We warmly welcome you to wholesale or buy custom made stainless steel vacuum flask 500ml at competitive price from us. Also, small quantity orders are acceptable.\" \/>\n<meta name=\"robots\" content=\"index, follow, max-snippet:-1, max-image-preview:large, max-video-preview:-1\" \/>\n<link rel=\"canonical\" href=\"https:\/\/www.dillerbottle.com\/fr\/produits\/bouteille-isotherme-en-acier-inoxydable-500-ml\" \/>\n<meta property=\"og:locale\" content=\"fr_FR\" \/>\n<meta property=\"og:type\" content=\"article\" \/>\n<meta property=\"og:title\" content=\"Stainless Steel Vacuum Flask 500ml\" \/>\n<meta property=\"og:description\" content=\"As one of the best stainless steel vacuum flask 500ml manufacturers and suppliers, we are engaged in manufacturing good quality water bottles. We warmly welcome you to wholesale or buy custom made stainless steel vacuum flask 500ml at competitive price from us. Also, small quantity orders are acceptable.\" \/>\n<meta property=\"og:url\" content=\"https:\/\/www.dillerbottle.com\/fr\/produits\/bouteille-isotherme-en-acier-inoxydable-500-ml\" \/>\n<meta property=\"og:site_name\" content=\"Diller Water Bottle Manufacturer\" \/>\n<meta property=\"article:modified_time\" content=\"2026-02-26T08:57:09+00:00\" \/>\n<meta property=\"og:image\" content=\"https:\/\/www.dillerbottle.com\/wp-content\/uploads\/2024\/09\/stainless-steel-vacuum-flask-500ml-d9282-5.jpg\" \/>\n\t<meta property=\"og:image:width\" content=\"800\" \/>\n\t<meta property=\"og:image:height\" content=\"800\" \/>\n\t<meta property=\"og:image:type\" content=\"image\/jpeg\" \/>\n<meta name=\"twitter:card\" content=\"summary_large_image\" \/>\n<meta name=\"twitter:label1\" content=\"Dur\u00e9e de lecture estim\u00e9e\" \/>\n\t<meta name=\"twitter:data1\" content=\"3 minutes\" \/>\n<script type=\"application\/ld+json\" class=\"yoast-schema-graph\">{\"@context\":\"https:\\\/\\\/schema.org\",\"@graph\":[{\"@type\":\"WebPage\",\"@id\":\"https:\\\/\\\/www.dillerbottle.com\\\/products\\\/stainless-steel-vacuum-flask-500ml\",\"url\":\"https:\\\/\\\/www.dillerbottle.com\\\/products\\\/stainless-steel-vacuum-flask-500ml\",\"name\":\"Stainless Steel Vacuum Flask 500ml - Diller Water Bottle Manufacturer\",\"isPartOf\":{\"@id\":\"https:\\\/\\\/www.dillerbottle.com\\\/#website\"},\"primaryImageOfPage\":{\"@id\":\"https:\\\/\\\/www.dillerbottle.com\\\/products\\\/stainless-steel-vacuum-flask-500ml#primaryimage\"},\"image\":{\"@id\":\"https:\\\/\\\/www.dillerbottle.com\\\/products\\\/stainless-steel-vacuum-flask-500ml#primaryimage\"},\"thumbnailUrl\":\"https:\\\/\\\/www.dillerbottle.com\\\/wp-content\\\/uploads\\\/2024\\\/09\\\/stainless-steel-vacuum-flask-500ml-d9282-5.jpg\",\"datePublished\":\"2024-09-29T07:05:04+00:00\",\"dateModified\":\"2026-02-26T08:57:09+00:00\",\"description\":\"As one of the best stainless steel vacuum flask 500ml manufacturers and suppliers, we are engaged in manufacturing good quality water bottles. We warmly welcome you to wholesale or buy custom made stainless steel vacuum flask 500ml at competitive price from us. Also, small quantity orders are acceptable.\",\"breadcrumb\":{\"@id\":\"https:\\\/\\\/www.dillerbottle.com\\\/products\\\/stainless-steel-vacuum-flask-500ml#breadcrumb\"},\"inLanguage\":\"fr-FR\",\"potentialAction\":[{\"@type\":\"ReadAction\",\"target\":[\"https:\\\/\\\/www.dillerbottle.com\\\/products\\\/stainless-steel-vacuum-flask-500ml\"]}]},{\"@type\":\"ImageObject\",\"inLanguage\":\"fr-FR\",\"@id\":\"https:\\\/\\\/www.dillerbottle.com\\\/products\\\/stainless-steel-vacuum-flask-500ml#primaryimage\",\"url\":\"https:\\\/\\\/www.dillerbottle.com\\\/wp-content\\\/uploads\\\/2024\\\/09\\\/stainless-steel-vacuum-flask-500ml-d9282-5.jpg\",\"contentUrl\":\"https:\\\/\\\/www.dillerbottle.com\\\/wp-content\\\/uploads\\\/2024\\\/09\\\/stainless-steel-vacuum-flask-500ml-d9282-5.jpg\",\"width\":800,\"height\":800},{\"@type\":\"BreadcrumbList\",\"@id\":\"https:\\\/\\\/www.dillerbottle.com\\\/products\\\/stainless-steel-vacuum-flask-500ml#breadcrumb\",\"itemListElement\":[{\"@type\":\"ListItem\",\"position\":1,\"name\":\"Home\",\"item\":\"https:\\\/\\\/www.dillerbottle.com\\\/\"},{\"@type\":\"ListItem\",\"position\":2,\"name\":\"Products\",\"item\":\"https:\\\/\\\/www.dillerbottle.com\\\/shop\"},{\"@type\":\"ListItem\",\"position\":3,\"name\":\"Stainless Steel Vacuum Flask 500ml\"}]},{\"@type\":\"WebSite\",\"@id\":\"https:\\\/\\\/www.dillerbottle.com\\\/#website\",\"url\":\"https:\\\/\\\/www.dillerbottle.com\\\/\",\"name\":\"Diller Water Bottle Manufacturer\",\"description\":\"Water Bottle Manufacturer\",\"publisher\":{\"@id\":\"https:\\\/\\\/www.dillerbottle.com\\\/#organization\"},\"potentialAction\":[{\"@type\":\"SearchAction\",\"target\":{\"@type\":\"EntryPoint\",\"urlTemplate\":\"https:\\\/\\\/www.dillerbottle.com\\\/?s={search_term_string}\"},\"query-input\":{\"@type\":\"PropertyValueSpecification\",\"valueRequired\":true,\"valueName\":\"search_term_string\"}}],\"inLanguage\":\"fr-FR\"},{\"@type\":\"Organization\",\"@id\":\"https:\\\/\\\/www.dillerbottle.com\\\/#organization\",\"name\":\"Diller Water Bottle Manufacturer\",\"url\":\"https:\\\/\\\/www.dillerbottle.com\\\/\",\"logo\":{\"@type\":\"ImageObject\",\"inLanguage\":\"fr-FR\",\"@id\":\"https:\\\/\\\/www.dillerbottle.com\\\/#\\\/schema\\\/logo\\\/image\\\/\",\"url\":\"https:\\\/\\\/www.dillerbottle.com\\\/wp-content\\\/uploads\\\/2024\\\/09\\\/49918bfa848dcc1e9f8b509933603ac.png\",\"contentUrl\":\"https:\\\/\\\/www.dillerbottle.com\\\/wp-content\\\/uploads\\\/2024\\\/09\\\/49918bfa848dcc1e9f8b509933603ac.png\",\"width\":988,\"height\":198,\"caption\":\"Diller Water Bottle Manufacturer\"},\"image\":{\"@id\":\"https:\\\/\\\/www.dillerbottle.com\\\/#\\\/schema\\\/logo\\\/image\\\/\"}}]}<\/script>\n<!-- \/ Yoast SEO Premium plugin. -->","yoast_head_json":{"title":"Bouteille isotherme en acier inoxydable 500 ml - Fabricant de bouteilles d&#039;eau Diller","description":"En tant que l&#039;un des meilleurs fabricants et fournisseurs de bouteilles isothermes en acier inoxydable de 500 ml, nous sommes engag\u00e9s dans la fabrication de bouteilles d&#039;eau de bonne qualit\u00e9. Nous vous invitons chaleureusement \u00e0 vendre en gros ou \u00e0 acheter chez nous des bouteilles isothermes en acier inoxydable de 500 ml sur mesure \u00e0 un prix comp\u00e9titif. De plus, les commandes en petites quantit\u00e9s sont acceptables.","robots":{"index":"index","follow":"follow","max-snippet":"max-snippet:-1","max-image-preview":"max-image-preview:large","max-video-preview":"max-video-preview:-1"},"canonical":"https:\/\/www.dillerbottle.com\/fr\/produits\/bouteille-isotherme-en-acier-inoxydable-500-ml","og_locale":"fr_FR","og_type":"article","og_title":"Stainless Steel Vacuum Flask 500ml","og_description":"As one of the best stainless steel vacuum flask 500ml manufacturers and suppliers, we are engaged in manufacturing good quality water bottles. We warmly welcome you to wholesale or buy custom made stainless steel vacuum flask 500ml at competitive price from us. Also, small quantity orders are acceptable.","og_url":"https:\/\/www.dillerbottle.com\/fr\/produits\/bouteille-isotherme-en-acier-inoxydable-500-ml","og_site_name":"Diller Water Bottle Manufacturer","article_modified_time":"2026-02-26T08:57:09+00:00","og_image":[{"width":800,"height":800,"url":"https:\/\/www.dillerbottle.com\/wp-content\/uploads\/2024\/09\/stainless-steel-vacuum-flask-500ml-d9282-5.jpg","type":"image\/jpeg"}],"twitter_card":"summary_large_image","twitter_misc":{"Dur\u00e9e de lecture estim\u00e9e":"3 minutes"},"schema":{"@context":"https:\/\/schema.org","@graph":[{"@type":"WebPage","@id":"https:\/\/www.dillerbottle.com\/products\/stainless-steel-vacuum-flask-500ml","url":"https:\/\/www.dillerbottle.com\/products\/stainless-steel-vacuum-flask-500ml","name":"Bouteille isotherme en acier inoxydable 500 ml - Fabricant de bouteilles d&#039;eau Diller","isPartOf":{"@id":"https:\/\/www.dillerbottle.com\/#website"},"primaryImageOfPage":{"@id":"https:\/\/www.dillerbottle.com\/products\/stainless-steel-vacuum-flask-500ml#primaryimage"},"image":{"@id":"https:\/\/www.dillerbottle.com\/products\/stainless-steel-vacuum-flask-500ml#primaryimage"},"thumbnailUrl":"https:\/\/www.dillerbottle.com\/wp-content\/uploads\/2024\/09\/stainless-steel-vacuum-flask-500ml-d9282-5.jpg","datePublished":"2024-09-29T07:05:04+00:00","dateModified":"2026-02-26T08:57:09+00:00","description":"En tant que l&#039;un des meilleurs fabricants et fournisseurs de bouteilles isothermes en acier inoxydable de 500 ml, nous sommes engag\u00e9s dans la fabrication de bouteilles d&#039;eau de bonne qualit\u00e9. Nous vous invitons chaleureusement \u00e0 vendre en gros ou \u00e0 acheter chez nous des bouteilles isothermes en acier inoxydable de 500 ml sur mesure \u00e0 un prix comp\u00e9titif. De plus, les commandes en petites quantit\u00e9s sont acceptables.","breadcrumb":{"@id":"https:\/\/www.dillerbottle.com\/products\/stainless-steel-vacuum-flask-500ml#breadcrumb"},"inLanguage":"fr-FR","potentialAction":[{"@type":"ReadAction","target":["https:\/\/www.dillerbottle.com\/products\/stainless-steel-vacuum-flask-500ml"]}]},{"@type":"ImageObject","inLanguage":"fr-FR","@id":"https:\/\/www.dillerbottle.com\/products\/stainless-steel-vacuum-flask-500ml#primaryimage","url":"https:\/\/www.dillerbottle.com\/wp-content\/uploads\/2024\/09\/stainless-steel-vacuum-flask-500ml-d9282-5.jpg","contentUrl":"https:\/\/www.dillerbottle.com\/wp-content\/uploads\/2024\/09\/stainless-steel-vacuum-flask-500ml-d9282-5.jpg","width":800,"height":800},{"@type":"BreadcrumbList","@id":"https:\/\/www.dillerbottle.com\/products\/stainless-steel-vacuum-flask-500ml#breadcrumb","itemListElement":[{"@type":"ListItem","position":1,"name":"Home","item":"https:\/\/www.dillerbottle.com\/"},{"@type":"ListItem","position":2,"name":"Products","item":"https:\/\/www.dillerbottle.com\/shop"},{"@type":"ListItem","position":3,"name":"Stainless Steel Vacuum Flask 500ml"}]},{"@type":"WebSite","@id":"https:\/\/www.dillerbottle.com\/#website","url":"https:\/\/www.dillerbottle.com\/","name":"Fabricant de bouteilles d&#039;eau Diller","description":"Fabricant de bouteilles d&#039;eau","publisher":{"@id":"https:\/\/www.dillerbottle.com\/#organization"},"potentialAction":[{"@type":"SearchAction","target":{"@type":"EntryPoint","urlTemplate":"https:\/\/www.dillerbottle.com\/?s={search_term_string}"},"query-input":{"@type":"PropertyValueSpecification","valueRequired":true,"valueName":"search_term_string"}}],"inLanguage":"fr-FR"},{"@type":"Organization","@id":"https:\/\/www.dillerbottle.com\/#organization","name":"Fabricant de bouteilles d&#039;eau Diller","url":"https:\/\/www.dillerbottle.com\/","logo":{"@type":"ImageObject","inLanguage":"fr-FR","@id":"https:\/\/www.dillerbottle.com\/#\/schema\/logo\/image\/","url":"https:\/\/www.dillerbottle.com\/wp-content\/uploads\/2024\/09\/49918bfa848dcc1e9f8b509933603ac.png","contentUrl":"https:\/\/www.dillerbottle.com\/wp-content\/uploads\/2024\/09\/49918bfa848dcc1e9f8b509933603ac.png","width":988,"height":198,"caption":"Diller Water Bottle Manufacturer"},"image":{"@id":"https:\/\/www.dillerbottle.com\/#\/schema\/logo\/image\/"}}]}},"_links":{"self":[{"href":"https:\/\/www.dillerbottle.com\/fr\/wp-json\/wp\/v2\/product\/12152","targetHints":{"allow":["GET"]}}],"collection":[{"href":"https:\/\/www.dillerbottle.com\/fr\/wp-json\/wp\/v2\/product"}],"about":[{"href":"https:\/\/www.dillerbottle.com\/fr\/wp-json\/wp\/v2\/types\/product"}],"replies":[{"embeddable":true,"href":"https:\/\/www.dillerbottle.com\/fr\/wp-json\/wp\/v2\/comments?post=12152"}],"wp:featuredmedia":[{"embeddable":true,"href":"https:\/\/www.dillerbottle.com\/fr\/wp-json\/wp\/v2\/media\/15085"}],"wp:attachment":[{"href":"https:\/\/www.dillerbottle.com\/fr\/wp-json\/wp\/v2\/media?parent=12152"}],"wp:term":[{"taxonomy":"product_brand","embeddable":true,"href":"https:\/\/www.dillerbottle.com\/fr\/wp-json\/wp\/v2\/product_brand?post=12152"},{"taxonomy":"product_cat","embeddable":true,"href":"https:\/\/www.dillerbottle.com\/fr\/wp-json\/wp\/v2\/product_cat?post=12152"},{"taxonomy":"product_tag","embeddable":true,"href":"https:\/\/www.dillerbottle.com\/fr\/wp-json\/wp\/v2\/product_tag?post=12152"}],"curies":[{"name":"wp","href":"https:\/\/api.w.org\/{rel}","templated":true}]}}