{"id":17385,"date":"2025-11-18T14:18:31","date_gmt":"2025-11-18T06:18:31","guid":{"rendered":"https:\/\/www.dillerbottle.com\/?post_type=product&#038;p=17385"},"modified":"2025-11-19T17:37:19","modified_gmt":"2025-11-19T09:37:19","slug":"grandes-fleurs-de-glace-bouteilles-deau-en-titane","status":"publish","type":"product","link":"https:\/\/www.dillerbottle.com\/fr\/products\/large-ice-flowers-titanium-water-bottles","title":{"rendered":"Grandes bouteilles d'eau en titane \u00e0 fleurs de glace"},"content":{"rendered":"<h2 data-start=\"376\" data-end=\"423\"><strong data-start=\"379\" data-end=\"423\">Gobelet de voyage en titane pur de la s\u00e9rie TI<\/strong><\/h2>\n<p data-start=\"425\" data-end=\"730\">La s\u00e9rie TI de DILLER repr\u00e9sente une nouvelle norme en mati\u00e8re de verres \u00e0 boissons sains. Elle est enti\u00e8rement fabriqu\u00e9e en titane pur, tant \u00e0 l'int\u00e9rieur qu'\u00e0 l'ext\u00e9rieur. Le titane est naturellement antibact\u00e9rien, l\u00e9ger, r\u00e9sistant \u00e0 la corrosion et totalement d\u00e9pourvu d'odeur de m\u00e9tal, ce qui en fait le m\u00e9tal le plus s\u00fbr pour un contact direct avec les boissons.<\/p>\n<p data-start=\"732\" data-end=\"852\">Con\u00e7u pour les styles de vie modernes, ce gobelet offre un m\u00e9lange parfait d'esth\u00e9tique luxueuse et de performance durable.<\/p>\n<hr data-start=\"854\" data-end=\"857\" \/>\n<h2 data-start=\"859\" data-end=\"881\"><strong data-start=\"862\" data-end=\"881\">\ud83c\udf1f Caract\u00e9ristiques principales<\/strong><\/h2>\n<h3 data-start=\"883\" data-end=\"921\"><strong data-start=\"887\" data-end=\"921\">99%+ Structure en titane pur<\/strong><\/h3>\n<ul data-start=\"922\" data-end=\"1083\">\n<li data-start=\"922\" data-end=\"966\">\n<p data-start=\"924\" data-end=\"966\">Les parois int\u00e9rieures et ext\u00e9rieures sont en titane pur<\/p>\n<\/li>\n<li data-start=\"967\" data-end=\"1015\">\n<p data-start=\"969\" data-end=\"1015\">Pas de m\u00e9taux lourds, pas de rev\u00eatement, pas d'odeurs chimiques<\/p>\n<\/li>\n<li data-start=\"1016\" data-end=\"1083\">\n<p data-start=\"1018\" data-end=\"1083\">Le titane ne r\u00e9agit pas avec le th\u00e9, le caf\u00e9, les jus de fruits ou les boissons acides.<\/p>\n<\/li>\n<\/ul>\n<h3 data-start=\"1085\" data-end=\"1128\"><strong data-start=\"1089\" data-end=\"1128\">\u2714 Naturellement antibact\u00e9rien et sain<\/strong><\/h3>\n<ul data-start=\"1129\" data-end=\"1245\">\n<li data-start=\"1129\" data-end=\"1165\">\n<p data-start=\"1131\" data-end=\"1165\">Le titane inhibe la croissance bact\u00e9rienne<\/p>\n<\/li>\n<li data-start=\"1166\" data-end=\"1208\">\n<p data-start=\"1168\" data-end=\"1208\">Conserve la fra\u00eecheur des boissons sans arri\u00e8re-go\u00fbt<\/p>\n<\/li>\n<li data-start=\"1209\" data-end=\"1245\">\n<p data-start=\"1211\" data-end=\"1245\">Id\u00e9al pour une consommation quotidienne \u00e0 long terme<\/p>\n<\/li>\n<\/ul>\n<h3 data-start=\"1247\" data-end=\"1284\"><strong data-start=\"1251\" data-end=\"1284\">L\u00e9ger et ultra durable<\/strong><\/h3>\n<ul data-start=\"1285\" data-end=\"1412\">\n<li data-start=\"1285\" data-end=\"1315\">\n<p data-start=\"1287\" data-end=\"1315\">Plus l\u00e9ger que l'acier inoxydable<\/p>\n<\/li>\n<li data-start=\"1316\" data-end=\"1374\">\n<p data-start=\"1318\" data-end=\"1374\">R\u00e9sistance accrue \u00e0 la corrosion - pas de rouille, pas de changement de couleur<\/p>\n<\/li>\n<li data-start=\"1375\" data-end=\"1412\">\n<p data-start=\"1377\" data-end=\"1412\">Convient \u00e0 une utilisation en ext\u00e9rieur et en voyage<\/p>\n<\/li>\n<\/ul>\n<h3 data-start=\"1414\" data-end=\"1455\"><strong data-start=\"1418\" data-end=\"1455\">\u2714 Excellente r\u00e9tention de la temp\u00e9rature<\/strong><\/h3>\n<ul data-start=\"1456\" data-end=\"1541\">\n<li data-start=\"1456\" data-end=\"1487\">\n<p data-start=\"1458\" data-end=\"1487\">Isolation sous vide \u00e0 double paroi<\/p>\n<\/li>\n<li data-start=\"1488\" data-end=\"1541\">\n<p data-start=\"1490\" data-end=\"1541\">Conserve les boissons chaudes au chaud et les boissons froides au frais pendant des heures<\/p>\n<\/li>\n<\/ul>\n<h3 data-start=\"1543\" data-end=\"1584\"><strong data-start=\"1547\" data-end=\"1584\">Finition \u00e9l\u00e9gante de la surface en titane<\/strong><\/h3>\n<ul data-start=\"1585\" data-end=\"1695\">\n<li data-start=\"1585\" data-end=\"1608\">\n<p data-start=\"1587\" data-end=\"1608\">Texture m\u00e9tallique douce<\/p>\n<\/li>\n<li data-start=\"1609\" data-end=\"1654\">\n<p data-start=\"1611\" data-end=\"1654\">Rev\u00eatement anti-traces de doigts et anti-rayures<\/p>\n<\/li>\n<li data-start=\"1655\" data-end=\"1695\">\n<p data-start=\"1657\" data-end=\"1695\">Options de couleurs inspir\u00e9es de la mode<\/p>\n<\/li>\n<\/ul>\n<hr data-start=\"1697\" data-end=\"1700\" \/>\n<h2 data-start=\"1702\" data-end=\"1730\"><strong data-start=\"1705\" data-end=\"1730\">\ud83d\udc8e Des d\u00e9tails bien pens\u00e9s<\/strong><\/h2>\n<ul data-start=\"1732\" data-end=\"1913\">\n<li data-start=\"1732\" data-end=\"1775\">\n<p data-start=\"1734\" data-end=\"1775\">Filtre \u00e0 th\u00e9 en titane de qualit\u00e9 alimentaire inclus<\/p>\n<\/li>\n<li data-start=\"1776\" data-end=\"1820\">\n<p data-start=\"1778\" data-end=\"1820\">Couvercle \u00e9tanche pour un transport facile<\/p>\n<\/li>\n<li data-start=\"1821\" data-end=\"1860\">\n<p data-start=\"1823\" data-end=\"1860\">Bord lisse pour une consommation confortable<\/p>\n<\/li>\n<li data-start=\"1861\" data-end=\"1913\">\n<p data-start=\"1863\" data-end=\"1913\">Le design de la bouteille s'adapte aux sacs \u00e0 main et aux porte-gobelets<\/p>\n<\/li>\n<\/ul>","protected":false},"excerpt":{"rendered":"<p>Un gobelet de voyage en titane pur de premi\u00e8re qualit\u00e9, fabriqu\u00e9 avec du titane 99%+ \u00e0 l'int\u00e9rieur et \u00e0 l'ext\u00e9rieur. L\u00e9ger, antibact\u00e9rien, sans odeur et naturellement s\u00fbr pour une utilisation quotidienne \u00e0 long terme. Id\u00e9al pour le travail, les voyages, la consommation de th\u00e9 et l'hydratation saine.<\/p>","protected":false},"featured_media":17395,"comment_status":"open","ping_status":"closed","template":"","meta":{"_acf_changed":false},"product_brand":[],"product_cat":[1161],"product_tag":[1162],"class_list":{"0":"post-17385","1":"product","2":"type-product","3":"status-publish","4":"has-post-thumbnail","6":"product_cat-titanium-water-bottle","7":"product_tag-titanium-water-bottles","9":"first","10":"instock","11":"shipping-taxable","12":"product-type-simple"},"acf":[],"yoast_head":"<!-- This site is optimized with the Yoast SEO Premium plugin v27.5 (Yoast SEO v27.5) - https:\/\/yoast.com\/product\/yoast-seo-premium-wordpress\/ -->\n<title>Large ice flowers titanium water bottles - Diller Water Bottle Manufacturer<\/title>\n<meta name=\"description\" content=\"Experience luxury and safety with our Large ice flowers titanium water bottles, crafted entirely from pure titanium. Elevate your hydration today!\" \/>\n<meta name=\"robots\" content=\"index, follow, max-snippet:-1, max-image-preview:large, max-video-preview:-1\" \/>\n<link rel=\"canonical\" href=\"https:\/\/www.dillerbottle.com\/fr\/produits\/grandes-fleurs-de-glace-bouteilles-deau-en-titane\" \/>\n<meta property=\"og:locale\" content=\"fr_FR\" \/>\n<meta property=\"og:type\" content=\"article\" \/>\n<meta property=\"og:title\" content=\"Large ice flowers titanium water bottles\" \/>\n<meta property=\"og:description\" content=\"Experience luxury and safety with our Large ice flowers titanium water bottles, crafted entirely from pure titanium. Elevate your hydration today!\" \/>\n<meta property=\"og:url\" content=\"https:\/\/www.dillerbottle.com\/fr\/produits\/grandes-fleurs-de-glace-bouteilles-deau-en-titane\" \/>\n<meta property=\"og:site_name\" content=\"Diller Water Bottle Manufacturer\" \/>\n<meta property=\"article:modified_time\" content=\"2025-11-19T09:37:19+00:00\" \/>\n<meta property=\"og:image\" content=\"https:\/\/www.dillerbottle.com\/wp-content\/uploads\/2025\/11\/large-ice-flowers-titanium-water-bottles-dti5011-1-3.jpg\" \/>\n\t<meta property=\"og:image:width\" content=\"800\" \/>\n\t<meta property=\"og:image:height\" content=\"800\" \/>\n\t<meta property=\"og:image:type\" content=\"image\/jpeg\" \/>\n<meta name=\"twitter:card\" content=\"summary_large_image\" \/>\n<meta name=\"twitter:label1\" content=\"Dur\u00e9e de lecture estim\u00e9e\" \/>\n\t<meta name=\"twitter:data1\" content=\"2 minutes\" \/>\n<script type=\"application\/ld+json\" class=\"yoast-schema-graph\">{\"@context\":\"https:\\\/\\\/schema.org\",\"@graph\":[{\"@type\":\"WebPage\",\"@id\":\"https:\\\/\\\/www.dillerbottle.com\\\/products\\\/large-ice-flowers-titanium-water-bottles\",\"url\":\"https:\\\/\\\/www.dillerbottle.com\\\/products\\\/large-ice-flowers-titanium-water-bottles\",\"name\":\"Large ice flowers titanium water bottles - Diller Water Bottle Manufacturer\",\"isPartOf\":{\"@id\":\"https:\\\/\\\/www.dillerbottle.com\\\/#website\"},\"primaryImageOfPage\":{\"@id\":\"https:\\\/\\\/www.dillerbottle.com\\\/products\\\/large-ice-flowers-titanium-water-bottles#primaryimage\"},\"image\":{\"@id\":\"https:\\\/\\\/www.dillerbottle.com\\\/products\\\/large-ice-flowers-titanium-water-bottles#primaryimage\"},\"thumbnailUrl\":\"https:\\\/\\\/www.dillerbottle.com\\\/wp-content\\\/uploads\\\/2025\\\/11\\\/large-ice-flowers-titanium-water-bottles-dti5011-1-3.jpg\",\"datePublished\":\"2025-11-18T06:18:31+00:00\",\"dateModified\":\"2025-11-19T09:37:19+00:00\",\"description\":\"Experience luxury and safety with our Large ice flowers titanium water bottles, crafted entirely from pure titanium. Elevate your hydration today!\",\"breadcrumb\":{\"@id\":\"https:\\\/\\\/www.dillerbottle.com\\\/products\\\/large-ice-flowers-titanium-water-bottles#breadcrumb\"},\"inLanguage\":\"fr-FR\",\"potentialAction\":[{\"@type\":\"ReadAction\",\"target\":[\"https:\\\/\\\/www.dillerbottle.com\\\/products\\\/large-ice-flowers-titanium-water-bottles\"]}]},{\"@type\":\"ImageObject\",\"inLanguage\":\"fr-FR\",\"@id\":\"https:\\\/\\\/www.dillerbottle.com\\\/products\\\/large-ice-flowers-titanium-water-bottles#primaryimage\",\"url\":\"https:\\\/\\\/www.dillerbottle.com\\\/wp-content\\\/uploads\\\/2025\\\/11\\\/large-ice-flowers-titanium-water-bottles-dti5011-1-3.jpg\",\"contentUrl\":\"https:\\\/\\\/www.dillerbottle.com\\\/wp-content\\\/uploads\\\/2025\\\/11\\\/large-ice-flowers-titanium-water-bottles-dti5011-1-3.jpg\",\"width\":800,\"height\":800},{\"@type\":\"BreadcrumbList\",\"@id\":\"https:\\\/\\\/www.dillerbottle.com\\\/products\\\/large-ice-flowers-titanium-water-bottles#breadcrumb\",\"itemListElement\":[{\"@type\":\"ListItem\",\"position\":1,\"name\":\"Home\",\"item\":\"https:\\\/\\\/www.dillerbottle.com\\\/\"},{\"@type\":\"ListItem\",\"position\":2,\"name\":\"Products\",\"item\":\"https:\\\/\\\/www.dillerbottle.com\\\/shop\"},{\"@type\":\"ListItem\",\"position\":3,\"name\":\"Large ice flowers titanium water bottles\"}]},{\"@type\":\"WebSite\",\"@id\":\"https:\\\/\\\/www.dillerbottle.com\\\/#website\",\"url\":\"https:\\\/\\\/www.dillerbottle.com\\\/\",\"name\":\"Diller Water Bottle Manufacturer\",\"description\":\"Water Bottle Manufacturer\",\"publisher\":{\"@id\":\"https:\\\/\\\/www.dillerbottle.com\\\/#organization\"},\"potentialAction\":[{\"@type\":\"SearchAction\",\"target\":{\"@type\":\"EntryPoint\",\"urlTemplate\":\"https:\\\/\\\/www.dillerbottle.com\\\/?s={search_term_string}\"},\"query-input\":{\"@type\":\"PropertyValueSpecification\",\"valueRequired\":true,\"valueName\":\"search_term_string\"}}],\"inLanguage\":\"fr-FR\"},{\"@type\":\"Organization\",\"@id\":\"https:\\\/\\\/www.dillerbottle.com\\\/#organization\",\"name\":\"Diller Water Bottle Manufacturer\",\"url\":\"https:\\\/\\\/www.dillerbottle.com\\\/\",\"logo\":{\"@type\":\"ImageObject\",\"inLanguage\":\"fr-FR\",\"@id\":\"https:\\\/\\\/www.dillerbottle.com\\\/#\\\/schema\\\/logo\\\/image\\\/\",\"url\":\"https:\\\/\\\/www.dillerbottle.com\\\/wp-content\\\/uploads\\\/2024\\\/09\\\/49918bfa848dcc1e9f8b509933603ac.png\",\"contentUrl\":\"https:\\\/\\\/www.dillerbottle.com\\\/wp-content\\\/uploads\\\/2024\\\/09\\\/49918bfa848dcc1e9f8b509933603ac.png\",\"width\":988,\"height\":198,\"caption\":\"Diller Water Bottle Manufacturer\"},\"image\":{\"@id\":\"https:\\\/\\\/www.dillerbottle.com\\\/#\\\/schema\\\/logo\\\/image\\\/\"}}]}<\/script>\n<!-- \/ Yoast SEO Premium plugin. -->","yoast_head_json":{"title":"Grandes fleurs de glace bouteilles d'eau en titane - Diller Water Bottle Manufacturer","description":"Faites l'exp\u00e9rience du luxe et de la s\u00e9curit\u00e9 avec nos bouteilles d'eau en titane Large ice flowers, enti\u00e8rement fabriqu\u00e9es en titane pur. Am\u00e9liorez votre hydratation d\u00e8s aujourd'hui !","robots":{"index":"index","follow":"follow","max-snippet":"max-snippet:-1","max-image-preview":"max-image-preview:large","max-video-preview":"max-video-preview:-1"},"canonical":"https:\/\/www.dillerbottle.com\/fr\/produits\/grandes-fleurs-de-glace-bouteilles-deau-en-titane","og_locale":"fr_FR","og_type":"article","og_title":"Large ice flowers titanium water bottles","og_description":"Experience luxury and safety with our Large ice flowers titanium water bottles, crafted entirely from pure titanium. Elevate your hydration today!","og_url":"https:\/\/www.dillerbottle.com\/fr\/produits\/grandes-fleurs-de-glace-bouteilles-deau-en-titane","og_site_name":"Diller Water Bottle Manufacturer","article_modified_time":"2025-11-19T09:37:19+00:00","og_image":[{"width":800,"height":800,"url":"https:\/\/www.dillerbottle.com\/wp-content\/uploads\/2025\/11\/large-ice-flowers-titanium-water-bottles-dti5011-1-3.jpg","type":"image\/jpeg"}],"twitter_card":"summary_large_image","twitter_misc":{"Dur\u00e9e de lecture estim\u00e9e":"2 minutes"},"schema":{"@context":"https:\/\/schema.org","@graph":[{"@type":"WebPage","@id":"https:\/\/www.dillerbottle.com\/products\/large-ice-flowers-titanium-water-bottles","url":"https:\/\/www.dillerbottle.com\/products\/large-ice-flowers-titanium-water-bottles","name":"Grandes fleurs de glace bouteilles d'eau en titane - Diller Water Bottle Manufacturer","isPartOf":{"@id":"https:\/\/www.dillerbottle.com\/#website"},"primaryImageOfPage":{"@id":"https:\/\/www.dillerbottle.com\/products\/large-ice-flowers-titanium-water-bottles#primaryimage"},"image":{"@id":"https:\/\/www.dillerbottle.com\/products\/large-ice-flowers-titanium-water-bottles#primaryimage"},"thumbnailUrl":"https:\/\/www.dillerbottle.com\/wp-content\/uploads\/2025\/11\/large-ice-flowers-titanium-water-bottles-dti5011-1-3.jpg","datePublished":"2025-11-18T06:18:31+00:00","dateModified":"2025-11-19T09:37:19+00:00","description":"Faites l'exp\u00e9rience du luxe et de la s\u00e9curit\u00e9 avec nos bouteilles d'eau en titane Large ice flowers, enti\u00e8rement fabriqu\u00e9es en titane pur. Am\u00e9liorez votre hydratation d\u00e8s aujourd'hui !","breadcrumb":{"@id":"https:\/\/www.dillerbottle.com\/products\/large-ice-flowers-titanium-water-bottles#breadcrumb"},"inLanguage":"fr-FR","potentialAction":[{"@type":"ReadAction","target":["https:\/\/www.dillerbottle.com\/products\/large-ice-flowers-titanium-water-bottles"]}]},{"@type":"ImageObject","inLanguage":"fr-FR","@id":"https:\/\/www.dillerbottle.com\/products\/large-ice-flowers-titanium-water-bottles#primaryimage","url":"https:\/\/www.dillerbottle.com\/wp-content\/uploads\/2025\/11\/large-ice-flowers-titanium-water-bottles-dti5011-1-3.jpg","contentUrl":"https:\/\/www.dillerbottle.com\/wp-content\/uploads\/2025\/11\/large-ice-flowers-titanium-water-bottles-dti5011-1-3.jpg","width":800,"height":800},{"@type":"BreadcrumbList","@id":"https:\/\/www.dillerbottle.com\/products\/large-ice-flowers-titanium-water-bottles#breadcrumb","itemListElement":[{"@type":"ListItem","position":1,"name":"Home","item":"https:\/\/www.dillerbottle.com\/"},{"@type":"ListItem","position":2,"name":"Products","item":"https:\/\/www.dillerbottle.com\/shop"},{"@type":"ListItem","position":3,"name":"Large ice flowers titanium water bottles"}]},{"@type":"WebSite","@id":"https:\/\/www.dillerbottle.com\/#website","url":"https:\/\/www.dillerbottle.com\/","name":"Fabricant de bouteilles d&#039;eau Diller","description":"Fabricant de bouteilles d&#039;eau","publisher":{"@id":"https:\/\/www.dillerbottle.com\/#organization"},"potentialAction":[{"@type":"SearchAction","target":{"@type":"EntryPoint","urlTemplate":"https:\/\/www.dillerbottle.com\/?s={search_term_string}"},"query-input":{"@type":"PropertyValueSpecification","valueRequired":true,"valueName":"search_term_string"}}],"inLanguage":"fr-FR"},{"@type":"Organization","@id":"https:\/\/www.dillerbottle.com\/#organization","name":"Fabricant de bouteilles d&#039;eau Diller","url":"https:\/\/www.dillerbottle.com\/","logo":{"@type":"ImageObject","inLanguage":"fr-FR","@id":"https:\/\/www.dillerbottle.com\/#\/schema\/logo\/image\/","url":"https:\/\/www.dillerbottle.com\/wp-content\/uploads\/2024\/09\/49918bfa848dcc1e9f8b509933603ac.png","contentUrl":"https:\/\/www.dillerbottle.com\/wp-content\/uploads\/2024\/09\/49918bfa848dcc1e9f8b509933603ac.png","width":988,"height":198,"caption":"Diller Water Bottle Manufacturer"},"image":{"@id":"https:\/\/www.dillerbottle.com\/#\/schema\/logo\/image\/"}}]}},"_links":{"self":[{"href":"https:\/\/www.dillerbottle.com\/fr\/wp-json\/wp\/v2\/product\/17385","targetHints":{"allow":["GET"]}}],"collection":[{"href":"https:\/\/www.dillerbottle.com\/fr\/wp-json\/wp\/v2\/product"}],"about":[{"href":"https:\/\/www.dillerbottle.com\/fr\/wp-json\/wp\/v2\/types\/product"}],"replies":[{"embeddable":true,"href":"https:\/\/www.dillerbottle.com\/fr\/wp-json\/wp\/v2\/comments?post=17385"}],"wp:featuredmedia":[{"embeddable":true,"href":"https:\/\/www.dillerbottle.com\/fr\/wp-json\/wp\/v2\/media\/17395"}],"wp:attachment":[{"href":"https:\/\/www.dillerbottle.com\/fr\/wp-json\/wp\/v2\/media?parent=17385"}],"wp:term":[{"taxonomy":"product_brand","embeddable":true,"href":"https:\/\/www.dillerbottle.com\/fr\/wp-json\/wp\/v2\/product_brand?post=17385"},{"taxonomy":"product_cat","embeddable":true,"href":"https:\/\/www.dillerbottle.com\/fr\/wp-json\/wp\/v2\/product_cat?post=17385"},{"taxonomy":"product_tag","embeddable":true,"href":"https:\/\/www.dillerbottle.com\/fr\/wp-json\/wp\/v2\/product_tag?post=17385"}],"curies":[{"name":"wp","href":"https:\/\/api.w.org\/{rel}","templated":true}]}}