{"id":17561,"date":"2026-02-11T10:35:49","date_gmt":"2026-02-11T02:35:49","guid":{"rendered":"https:\/\/www.dillerbottle.com\/?post_type=product&#038;p=17561"},"modified":"2026-02-11T15:17:46","modified_gmt":"2026-02-11T07:17:46","slug":"bouteille-deau-en-verre-borosilicate-avec-couvercle-paille","status":"publish","type":"product","link":"https:\/\/www.dillerbottle.com\/fr\/products\/borosilicate-glass-water-bottle-with-straw-lid","title":{"rendered":"Bouteille d'eau en verre borosilicate avec couvercle en paille"},"content":{"rendered":"<p data-start=\"533\" data-end=\"813\">Cette bouteille d'eau en verre borosilicate est con\u00e7ue pour les marques et les distributeurs \u00e0 la recherche de solutions s\u00fbres, fonctionnelles et personnalisables en mati\u00e8re de boissons. Fabriqu\u00e9e en verre borosilicat\u00e9 de haute qualit\u00e9 r\u00e9sistant \u00e0 la chaleur, elle offre une excellente stabilit\u00e9 thermique et une exp\u00e9rience de consommation propre et sans odeur.<\/p>\n<p data-start=\"815\" data-end=\"1142\">La bouteille est dot\u00e9e d'un couvercle en forme de paille qui permet de boire facilement, et d'une large ouverture qui permet de mettre des gla\u00e7ons, d'infuser des fruits et de nettoyer la bouteille sans effort. La structure \u00e9quilibr\u00e9e du corps de la tasse permet une prise en main confortable tout en conservant une apparence moderne et minimale adapt\u00e9e aux march\u00e9s des articles de style de vie, des articles de cuisine et des articles promotionnels.<\/p>\n<p data-start=\"1144\" data-end=\"1495\">Avec une capacit\u00e9 standard de 580 ml, cette bouteille en verre r\u00e9pond aux besoins d'hydratation quotidiens et convient \u00e0 un usage domestique, au bureau, dans les caf\u00e9s, les salles de sport et les activit\u00e9s de plein air. Ce produit permet l'impression de logos personnalis\u00e9s, la personnalisation de l'emballage et le d\u00e9veloppement OEM\/ODM, ce qui en fait un choix id\u00e9al pour les acheteurs en gros, les propri\u00e9taires de marques et les programmes de cadeaux d'entreprise.<\/p>\n<p data-start=\"1497\" data-end=\"1649\">Chaque unit\u00e9 est produite selon des normes strictes de contr\u00f4le de la qualit\u00e9 et d'essai des mat\u00e9riaux afin de garantir la coh\u00e9rence, la durabilit\u00e9 et la s\u00e9curit\u00e9 \u00e0 long terme pour un usage quotidien.<\/p>","protected":false},"excerpt":{"rendered":"<p>Bouteille d'eau en verre borosilicate de 500 ml avec couvercle \u00e0 paille, r\u00e9sistante \u00e0 la chaleur, sans odeur et \u00e0 large ouverture. Id\u00e9ale pour les grossistes, les marques de distributeurs et les projets d'articles pour boissons OEM.<\/p>\n<p>&nbsp;<\/p>","protected":false},"featured_media":17565,"comment_status":"open","ping_status":"closed","template":"","meta":{"_acf_changed":false},"product_brand":[],"product_cat":[309],"product_tag":[1170],"class_list":{"0":"post-17561","1":"product","2":"type-product","3":"status-publish","4":"has-post-thumbnail","6":"product_cat-plastic-water-bottle","7":"product_tag-plastic-water-bottle","9":"first","10":"instock","11":"shipping-taxable","12":"product-type-simple"},"acf":[],"yoast_head":"<!-- This site is optimized with the Yoast SEO Premium plugin v27.4 (Yoast SEO v27.4) - https:\/\/yoast.com\/product\/yoast-seo-premium-wordpress\/ -->\n<title>Borosilicate Glass Water Bottle with Straw Lid - Diller Water Bottle Manufacturer<\/title>\n<meta name=\"description\" content=\"Wholesale borosilicate glass water bottle with straw lid, 500ml capacity, heat-resistant, safe, and customizable for OEM and private label drinkware.\" \/>\n<meta name=\"robots\" content=\"index, follow, max-snippet:-1, max-image-preview:large, max-video-preview:-1\" \/>\n<link rel=\"canonical\" href=\"https:\/\/www.dillerbottle.com\/fr\/produits\/bouteille-deau-en-verre-borosilicate-avec-couvercle-paille\" \/>\n<meta property=\"og:locale\" content=\"fr_FR\" \/>\n<meta property=\"og:type\" content=\"article\" \/>\n<meta property=\"og:title\" content=\"Borosilicate Glass Water Bottle with Straw Lid\" \/>\n<meta property=\"og:description\" content=\"Wholesale borosilicate glass water bottle with straw lid, 500ml capacity, heat-resistant, safe, and customizable for OEM and private label drinkware.\" \/>\n<meta property=\"og:url\" content=\"https:\/\/www.dillerbottle.com\/fr\/produits\/bouteille-deau-en-verre-borosilicate-avec-couvercle-paille\" \/>\n<meta property=\"og:site_name\" content=\"Diller Water Bottle Manufacturer\" \/>\n<meta property=\"article:modified_time\" content=\"2026-02-11T07:17:46+00:00\" \/>\n<meta property=\"og:image\" content=\"https:\/\/www.dillerbottle.com\/wp-content\/uploads\/2026\/02\/panda-tritan-water-bottle-399mlh592-1.jpg\" \/>\n\t<meta property=\"og:image:width\" content=\"800\" \/>\n\t<meta property=\"og:image:height\" content=\"800\" \/>\n\t<meta property=\"og:image:type\" content=\"image\/jpeg\" \/>\n<meta name=\"twitter:card\" content=\"summary_large_image\" \/>\n<meta name=\"twitter:label1\" content=\"Dur\u00e9e de lecture estim\u00e9e\" \/>\n\t<meta name=\"twitter:data1\" content=\"4 minutes\" \/>\n<script type=\"application\/ld+json\" class=\"yoast-schema-graph\">{\"@context\":\"https:\\\/\\\/schema.org\",\"@graph\":[{\"@type\":\"WebPage\",\"@id\":\"https:\\\/\\\/www.dillerbottle.com\\\/products\\\/borosilicate-glass-water-bottle-with-straw-lid\",\"url\":\"https:\\\/\\\/www.dillerbottle.com\\\/products\\\/borosilicate-glass-water-bottle-with-straw-lid\",\"name\":\"Borosilicate Glass Water Bottle with Straw Lid - Diller Water Bottle Manufacturer\",\"isPartOf\":{\"@id\":\"https:\\\/\\\/www.dillerbottle.com\\\/#website\"},\"primaryImageOfPage\":{\"@id\":\"https:\\\/\\\/www.dillerbottle.com\\\/products\\\/borosilicate-glass-water-bottle-with-straw-lid#primaryimage\"},\"image\":{\"@id\":\"https:\\\/\\\/www.dillerbottle.com\\\/products\\\/borosilicate-glass-water-bottle-with-straw-lid#primaryimage\"},\"thumbnailUrl\":\"https:\\\/\\\/www.dillerbottle.com\\\/wp-content\\\/uploads\\\/2026\\\/02\\\/panda-tritan-water-bottle-399mlh592-1.jpg\",\"datePublished\":\"2026-02-11T02:35:49+00:00\",\"dateModified\":\"2026-02-11T07:17:46+00:00\",\"description\":\"Wholesale borosilicate glass water bottle with straw lid, 500ml capacity, heat-resistant, safe, and customizable for OEM and private label drinkware.\",\"breadcrumb\":{\"@id\":\"https:\\\/\\\/www.dillerbottle.com\\\/products\\\/borosilicate-glass-water-bottle-with-straw-lid#breadcrumb\"},\"inLanguage\":\"fr-FR\",\"potentialAction\":[{\"@type\":\"ReadAction\",\"target\":[\"https:\\\/\\\/www.dillerbottle.com\\\/products\\\/borosilicate-glass-water-bottle-with-straw-lid\"]}]},{\"@type\":\"ImageObject\",\"inLanguage\":\"fr-FR\",\"@id\":\"https:\\\/\\\/www.dillerbottle.com\\\/products\\\/borosilicate-glass-water-bottle-with-straw-lid#primaryimage\",\"url\":\"https:\\\/\\\/www.dillerbottle.com\\\/wp-content\\\/uploads\\\/2026\\\/02\\\/panda-tritan-water-bottle-399mlh592-1.jpg\",\"contentUrl\":\"https:\\\/\\\/www.dillerbottle.com\\\/wp-content\\\/uploads\\\/2026\\\/02\\\/panda-tritan-water-bottle-399mlh592-1.jpg\",\"width\":800,\"height\":800},{\"@type\":\"BreadcrumbList\",\"@id\":\"https:\\\/\\\/www.dillerbottle.com\\\/products\\\/borosilicate-glass-water-bottle-with-straw-lid#breadcrumb\",\"itemListElement\":[{\"@type\":\"ListItem\",\"position\":1,\"name\":\"Home\",\"item\":\"https:\\\/\\\/www.dillerbottle.com\\\/\"},{\"@type\":\"ListItem\",\"position\":2,\"name\":\"Products\",\"item\":\"https:\\\/\\\/www.dillerbottle.com\\\/shop\"},{\"@type\":\"ListItem\",\"position\":3,\"name\":\"Borosilicate Glass Water Bottle with Straw Lid\"}]},{\"@type\":\"WebSite\",\"@id\":\"https:\\\/\\\/www.dillerbottle.com\\\/#website\",\"url\":\"https:\\\/\\\/www.dillerbottle.com\\\/\",\"name\":\"Diller Water Bottle Manufacturer\",\"description\":\"Water Bottle Manufacturer\",\"publisher\":{\"@id\":\"https:\\\/\\\/www.dillerbottle.com\\\/#organization\"},\"potentialAction\":[{\"@type\":\"SearchAction\",\"target\":{\"@type\":\"EntryPoint\",\"urlTemplate\":\"https:\\\/\\\/www.dillerbottle.com\\\/?s={search_term_string}\"},\"query-input\":{\"@type\":\"PropertyValueSpecification\",\"valueRequired\":true,\"valueName\":\"search_term_string\"}}],\"inLanguage\":\"fr-FR\"},{\"@type\":\"Organization\",\"@id\":\"https:\\\/\\\/www.dillerbottle.com\\\/#organization\",\"name\":\"Diller Water Bottle Manufacturer\",\"url\":\"https:\\\/\\\/www.dillerbottle.com\\\/\",\"logo\":{\"@type\":\"ImageObject\",\"inLanguage\":\"fr-FR\",\"@id\":\"https:\\\/\\\/www.dillerbottle.com\\\/#\\\/schema\\\/logo\\\/image\\\/\",\"url\":\"https:\\\/\\\/www.dillerbottle.com\\\/wp-content\\\/uploads\\\/2024\\\/09\\\/49918bfa848dcc1e9f8b509933603ac.png\",\"contentUrl\":\"https:\\\/\\\/www.dillerbottle.com\\\/wp-content\\\/uploads\\\/2024\\\/09\\\/49918bfa848dcc1e9f8b509933603ac.png\",\"width\":988,\"height\":198,\"caption\":\"Diller Water Bottle Manufacturer\"},\"image\":{\"@id\":\"https:\\\/\\\/www.dillerbottle.com\\\/#\\\/schema\\\/logo\\\/image\\\/\"}}]}<\/script>\n<!-- \/ Yoast SEO Premium plugin. -->","yoast_head_json":{"title":"Bouteille d'eau en verre borosilicate avec couvercle en paille - Diller Fabricant de bouteilles d'eau","description":"Bouteille d'eau en gros en verre borosilicate avec couvercle \u00e0 paille, d'une capacit\u00e9 de 500 ml, r\u00e9sistante \u00e0 la chaleur, s\u00fbre et personnalisable pour les OEM et les marques de distributeur.","robots":{"index":"index","follow":"follow","max-snippet":"max-snippet:-1","max-image-preview":"max-image-preview:large","max-video-preview":"max-video-preview:-1"},"canonical":"https:\/\/www.dillerbottle.com\/fr\/produits\/bouteille-deau-en-verre-borosilicate-avec-couvercle-paille","og_locale":"fr_FR","og_type":"article","og_title":"Borosilicate Glass Water Bottle with Straw Lid","og_description":"Wholesale borosilicate glass water bottle with straw lid, 500ml capacity, heat-resistant, safe, and customizable for OEM and private label drinkware.","og_url":"https:\/\/www.dillerbottle.com\/fr\/produits\/bouteille-deau-en-verre-borosilicate-avec-couvercle-paille","og_site_name":"Diller Water Bottle Manufacturer","article_modified_time":"2026-02-11T07:17:46+00:00","og_image":[{"width":800,"height":800,"url":"https:\/\/www.dillerbottle.com\/wp-content\/uploads\/2026\/02\/panda-tritan-water-bottle-399mlh592-1.jpg","type":"image\/jpeg"}],"twitter_card":"summary_large_image","twitter_misc":{"Dur\u00e9e de lecture estim\u00e9e":"4 minutes"},"schema":{"@context":"https:\/\/schema.org","@graph":[{"@type":"WebPage","@id":"https:\/\/www.dillerbottle.com\/products\/borosilicate-glass-water-bottle-with-straw-lid","url":"https:\/\/www.dillerbottle.com\/products\/borosilicate-glass-water-bottle-with-straw-lid","name":"Bouteille d'eau en verre borosilicate avec couvercle en paille - Diller Fabricant de bouteilles d'eau","isPartOf":{"@id":"https:\/\/www.dillerbottle.com\/#website"},"primaryImageOfPage":{"@id":"https:\/\/www.dillerbottle.com\/products\/borosilicate-glass-water-bottle-with-straw-lid#primaryimage"},"image":{"@id":"https:\/\/www.dillerbottle.com\/products\/borosilicate-glass-water-bottle-with-straw-lid#primaryimage"},"thumbnailUrl":"https:\/\/www.dillerbottle.com\/wp-content\/uploads\/2026\/02\/panda-tritan-water-bottle-399mlh592-1.jpg","datePublished":"2026-02-11T02:35:49+00:00","dateModified":"2026-02-11T07:17:46+00:00","description":"Bouteille d'eau en gros en verre borosilicate avec couvercle \u00e0 paille, d'une capacit\u00e9 de 500 ml, r\u00e9sistante \u00e0 la chaleur, s\u00fbre et personnalisable pour les OEM et les marques de distributeur.","breadcrumb":{"@id":"https:\/\/www.dillerbottle.com\/products\/borosilicate-glass-water-bottle-with-straw-lid#breadcrumb"},"inLanguage":"fr-FR","potentialAction":[{"@type":"ReadAction","target":["https:\/\/www.dillerbottle.com\/products\/borosilicate-glass-water-bottle-with-straw-lid"]}]},{"@type":"ImageObject","inLanguage":"fr-FR","@id":"https:\/\/www.dillerbottle.com\/products\/borosilicate-glass-water-bottle-with-straw-lid#primaryimage","url":"https:\/\/www.dillerbottle.com\/wp-content\/uploads\/2026\/02\/panda-tritan-water-bottle-399mlh592-1.jpg","contentUrl":"https:\/\/www.dillerbottle.com\/wp-content\/uploads\/2026\/02\/panda-tritan-water-bottle-399mlh592-1.jpg","width":800,"height":800},{"@type":"BreadcrumbList","@id":"https:\/\/www.dillerbottle.com\/products\/borosilicate-glass-water-bottle-with-straw-lid#breadcrumb","itemListElement":[{"@type":"ListItem","position":1,"name":"Home","item":"https:\/\/www.dillerbottle.com\/"},{"@type":"ListItem","position":2,"name":"Products","item":"https:\/\/www.dillerbottle.com\/shop"},{"@type":"ListItem","position":3,"name":"Borosilicate Glass Water Bottle with Straw Lid"}]},{"@type":"WebSite","@id":"https:\/\/www.dillerbottle.com\/#website","url":"https:\/\/www.dillerbottle.com\/","name":"Fabricant de bouteilles d&#039;eau Diller","description":"Fabricant de bouteilles d&#039;eau","publisher":{"@id":"https:\/\/www.dillerbottle.com\/#organization"},"potentialAction":[{"@type":"SearchAction","target":{"@type":"EntryPoint","urlTemplate":"https:\/\/www.dillerbottle.com\/?s={search_term_string}"},"query-input":{"@type":"PropertyValueSpecification","valueRequired":true,"valueName":"search_term_string"}}],"inLanguage":"fr-FR"},{"@type":"Organization","@id":"https:\/\/www.dillerbottle.com\/#organization","name":"Fabricant de bouteilles d&#039;eau Diller","url":"https:\/\/www.dillerbottle.com\/","logo":{"@type":"ImageObject","inLanguage":"fr-FR","@id":"https:\/\/www.dillerbottle.com\/#\/schema\/logo\/image\/","url":"https:\/\/www.dillerbottle.com\/wp-content\/uploads\/2024\/09\/49918bfa848dcc1e9f8b509933603ac.png","contentUrl":"https:\/\/www.dillerbottle.com\/wp-content\/uploads\/2024\/09\/49918bfa848dcc1e9f8b509933603ac.png","width":988,"height":198,"caption":"Diller Water Bottle Manufacturer"},"image":{"@id":"https:\/\/www.dillerbottle.com\/#\/schema\/logo\/image\/"}}]}},"_links":{"self":[{"href":"https:\/\/www.dillerbottle.com\/fr\/wp-json\/wp\/v2\/product\/17561","targetHints":{"allow":["GET"]}}],"collection":[{"href":"https:\/\/www.dillerbottle.com\/fr\/wp-json\/wp\/v2\/product"}],"about":[{"href":"https:\/\/www.dillerbottle.com\/fr\/wp-json\/wp\/v2\/types\/product"}],"replies":[{"embeddable":true,"href":"https:\/\/www.dillerbottle.com\/fr\/wp-json\/wp\/v2\/comments?post=17561"}],"wp:featuredmedia":[{"embeddable":true,"href":"https:\/\/www.dillerbottle.com\/fr\/wp-json\/wp\/v2\/media\/17565"}],"wp:attachment":[{"href":"https:\/\/www.dillerbottle.com\/fr\/wp-json\/wp\/v2\/media?parent=17561"}],"wp:term":[{"taxonomy":"product_brand","embeddable":true,"href":"https:\/\/www.dillerbottle.com\/fr\/wp-json\/wp\/v2\/product_brand?post=17561"},{"taxonomy":"product_cat","embeddable":true,"href":"https:\/\/www.dillerbottle.com\/fr\/wp-json\/wp\/v2\/product_cat?post=17561"},{"taxonomy":"product_tag","embeddable":true,"href":"https:\/\/www.dillerbottle.com\/fr\/wp-json\/wp\/v2\/product_tag?post=17561"}],"curies":[{"name":"wp","href":"https:\/\/api.w.org\/{rel}","templated":true}]}}