{"id":17608,"date":"2026-02-11T15:39:11","date_gmt":"2026-02-11T07:39:11","guid":{"rendered":"https:\/\/www.dillerbottle.com\/?post_type=product&#038;p=17608"},"modified":"2026-02-11T15:52:42","modified_gmt":"2026-02-11T07:52:42","slug":"oem-odm-520ml-insulated-food-jar","status":"publish","type":"product","link":"https:\/\/www.dillerbottle.com\/fr\/products\/oem-odm-520ml-insulated-food-jar","title":{"rendered":"Jarre alimentaire isotherme OEM\/ODM 520ml"},"content":{"rendered":"<p data-start=\"533\" data-end=\"703\">Ce pot isotherme de 520 ml est con\u00e7u pour les marques, les distributeurs et les importateurs \u00e0 la recherche de solutions OEM\/ODM fiables en mati\u00e8re de r\u00e9cipients alimentaires et d'articles pour boissons en acier inoxydable.<\/p>\n<p data-start=\"705\" data-end=\"934\">Le rev\u00eatement int\u00e9rieur est en acier inoxydable SUS316, ce qui garantit une r\u00e9sistance \u00e9lev\u00e9e \u00e0 la corrosion, la s\u00e9curit\u00e9 alimentaire et la durabilit\u00e9. Le corps ext\u00e9rieur pr\u00e9sente une surface lisse et personnalisable, adapt\u00e9e \u00e0 l'impression de marques priv\u00e9es et au d\u00e9veloppement de la marque.<\/p>\n<p data-start=\"936\" data-end=\"1218\">D'une grande capacit\u00e9 de 520 ml, ce bocal isotherme est id\u00e9al pour les soupes, le porridge, les aliments pour b\u00e9b\u00e9s, les repas chauds et les boissons. La structure \u00e0 large ouverture facilite le remplissage, le nettoyage et la consommation directe. Une poign\u00e9e pratique permet de l'utiliser au quotidien \u00e0 l'\u00e9cole, en voyage ou \u00e0 l'ext\u00e9rieur.<\/p>\n<p data-start=\"1220\" data-end=\"1397\">Le produit est fabriqu\u00e9 selon des normes strictes de contr\u00f4le de la qualit\u00e9 et peut \u00eatre enti\u00e8rement personnalis\u00e9 (OEM\/ODM), y compris l'impression du logo, la conception de l'emballage et les ajustements structurels.<\/p>\n<p data-start=\"1399\" data-end=\"1437\">Ce mod\u00e8le est particuli\u00e8rement adapt\u00e9 pour :<\/p>\n<ul data-start=\"1438\" data-end=\"1598\">\n<li data-start=\"1438\" data-end=\"1468\">\n<p data-start=\"1440\" data-end=\"1468\">Marques de produits pour b\u00e9b\u00e9s et enfants<\/p>\n<\/li>\n<li data-start=\"1469\" data-end=\"1499\">\n<p data-start=\"1471\" data-end=\"1499\">Entreprises de cadeaux promotionnels<\/p>\n<\/li>\n<li data-start=\"1500\" data-end=\"1525\">\n<p data-start=\"1502\" data-end=\"1525\">Distributeurs d'articles m\u00e9nagers<\/p>\n<\/li>\n<li data-start=\"1526\" data-end=\"1563\">\n<p data-start=\"1528\" data-end=\"1563\">Importateurs de bo\u00eetes \u00e0 lunch thermiques<\/p>\n<\/li>\n<li data-start=\"1564\" data-end=\"1598\">\n<p data-start=\"1566\" data-end=\"1598\">Marques de commerce \u00e9lectronique transfrontalier<\/p>\n<\/li>\n<\/ul>","protected":false},"excerpt":{"rendered":"<p>Pot alimentaire isotherme de 520 ml avec int\u00e9rieur en acier inoxydable SUS316, large ouverture et poign\u00e9e portable. Id\u00e9al pour les projets OEM\/ODM, les marques de distributeurs et la vente en gros.<\/p>","protected":false},"featured_media":17613,"comment_status":"open","ping_status":"closed","template":"","meta":{"_acf_changed":false},"product_brand":[],"product_cat":[108,18],"product_tag":[1029],"class_list":{"0":"post-17608","1":"product","2":"type-product","3":"status-publish","4":"has-post-thumbnail","6":"product_cat-insulated-food-jar","7":"product_cat-insulated-water-bottle","8":"product_tag-stainless-vacuum-water-bottle","10":"first","11":"instock","12":"shipping-taxable","13":"product-type-simple"},"acf":[],"yoast_head":"<!-- This site is optimized with the Yoast SEO Premium plugin v27.5 (Yoast SEO v27.5) - https:\/\/yoast.com\/product\/yoast-seo-premium-wordpress\/ -->\n<title>OEM\/ODM 520ml Insulated Food Jar - Diller Water Bottle Manufacturer<\/title>\n<meta name=\"description\" content=\"OEM 520ml insulated food jar with SUS316 stainless steel liner, wide mouth design, customizable for wholesale and private label brands.\" \/>\n<meta name=\"robots\" content=\"index, follow, max-snippet:-1, max-image-preview:large, max-video-preview:-1\" \/>\n<link rel=\"canonical\" href=\"https:\/\/www.dillerbottle.com\/fr\/produits\/oem-odm-520ml-insulated-food-jar\" \/>\n<meta property=\"og:locale\" content=\"fr_FR\" \/>\n<meta property=\"og:type\" content=\"article\" \/>\n<meta property=\"og:title\" content=\"OEM\/ODM 520ml Insulated Food Jar\" \/>\n<meta property=\"og:description\" content=\"OEM 520ml insulated food jar with SUS316 stainless steel liner, wide mouth design, customizable for wholesale and private label brands.\" \/>\n<meta property=\"og:url\" content=\"https:\/\/www.dillerbottle.com\/fr\/produits\/oem-odm-520ml-insulated-food-jar\" \/>\n<meta property=\"og:site_name\" content=\"Diller Water Bottle Manufacturer\" \/>\n<meta property=\"article:modified_time\" content=\"2026-02-11T07:52:42+00:00\" \/>\n<meta property=\"og:image\" content=\"https:\/\/www.dillerbottle.com\/wp-content\/uploads\/2026\/02\/oemodm-1100ml-insulated-food-jar-9201-1.jpg\" \/>\n\t<meta property=\"og:image:width\" content=\"800\" \/>\n\t<meta property=\"og:image:height\" content=\"800\" \/>\n\t<meta property=\"og:image:type\" content=\"image\/jpeg\" \/>\n<meta name=\"twitter:card\" content=\"summary_large_image\" \/>\n<meta name=\"twitter:label1\" content=\"Dur\u00e9e de lecture estim\u00e9e\" \/>\n\t<meta name=\"twitter:data1\" content=\"4 minutes\" \/>\n<script type=\"application\/ld+json\" class=\"yoast-schema-graph\">{\"@context\":\"https:\\\/\\\/schema.org\",\"@graph\":[{\"@type\":\"WebPage\",\"@id\":\"https:\\\/\\\/www.dillerbottle.com\\\/products\\\/oem-odm-520ml-insulated-food-jar\",\"url\":\"https:\\\/\\\/www.dillerbottle.com\\\/products\\\/oem-odm-520ml-insulated-food-jar\",\"name\":\"OEM\\\/ODM 520ml Insulated Food Jar - Diller Water Bottle Manufacturer\",\"isPartOf\":{\"@id\":\"https:\\\/\\\/www.dillerbottle.com\\\/#website\"},\"primaryImageOfPage\":{\"@id\":\"https:\\\/\\\/www.dillerbottle.com\\\/products\\\/oem-odm-520ml-insulated-food-jar#primaryimage\"},\"image\":{\"@id\":\"https:\\\/\\\/www.dillerbottle.com\\\/products\\\/oem-odm-520ml-insulated-food-jar#primaryimage\"},\"thumbnailUrl\":\"https:\\\/\\\/www.dillerbottle.com\\\/wp-content\\\/uploads\\\/2026\\\/02\\\/oemodm-1100ml-insulated-food-jar-9201-1.jpg\",\"datePublished\":\"2026-02-11T07:39:11+00:00\",\"dateModified\":\"2026-02-11T07:52:42+00:00\",\"description\":\"OEM 520ml insulated food jar with SUS316 stainless steel liner, wide mouth design, customizable for wholesale and private label brands.\",\"breadcrumb\":{\"@id\":\"https:\\\/\\\/www.dillerbottle.com\\\/products\\\/oem-odm-520ml-insulated-food-jar#breadcrumb\"},\"inLanguage\":\"fr-FR\",\"potentialAction\":[{\"@type\":\"ReadAction\",\"target\":[\"https:\\\/\\\/www.dillerbottle.com\\\/products\\\/oem-odm-520ml-insulated-food-jar\"]}]},{\"@type\":\"ImageObject\",\"inLanguage\":\"fr-FR\",\"@id\":\"https:\\\/\\\/www.dillerbottle.com\\\/products\\\/oem-odm-520ml-insulated-food-jar#primaryimage\",\"url\":\"https:\\\/\\\/www.dillerbottle.com\\\/wp-content\\\/uploads\\\/2026\\\/02\\\/oemodm-1100ml-insulated-food-jar-9201-1.jpg\",\"contentUrl\":\"https:\\\/\\\/www.dillerbottle.com\\\/wp-content\\\/uploads\\\/2026\\\/02\\\/oemodm-1100ml-insulated-food-jar-9201-1.jpg\",\"width\":800,\"height\":800},{\"@type\":\"BreadcrumbList\",\"@id\":\"https:\\\/\\\/www.dillerbottle.com\\\/products\\\/oem-odm-520ml-insulated-food-jar#breadcrumb\",\"itemListElement\":[{\"@type\":\"ListItem\",\"position\":1,\"name\":\"Home\",\"item\":\"https:\\\/\\\/www.dillerbottle.com\\\/\"},{\"@type\":\"ListItem\",\"position\":2,\"name\":\"Products\",\"item\":\"https:\\\/\\\/www.dillerbottle.com\\\/shop\"},{\"@type\":\"ListItem\",\"position\":3,\"name\":\"OEM\\\/ODM 520ml Insulated Food Jar\"}]},{\"@type\":\"WebSite\",\"@id\":\"https:\\\/\\\/www.dillerbottle.com\\\/#website\",\"url\":\"https:\\\/\\\/www.dillerbottle.com\\\/\",\"name\":\"Diller Water Bottle Manufacturer\",\"description\":\"Water Bottle Manufacturer\",\"publisher\":{\"@id\":\"https:\\\/\\\/www.dillerbottle.com\\\/#organization\"},\"potentialAction\":[{\"@type\":\"SearchAction\",\"target\":{\"@type\":\"EntryPoint\",\"urlTemplate\":\"https:\\\/\\\/www.dillerbottle.com\\\/?s={search_term_string}\"},\"query-input\":{\"@type\":\"PropertyValueSpecification\",\"valueRequired\":true,\"valueName\":\"search_term_string\"}}],\"inLanguage\":\"fr-FR\"},{\"@type\":\"Organization\",\"@id\":\"https:\\\/\\\/www.dillerbottle.com\\\/#organization\",\"name\":\"Diller Water Bottle Manufacturer\",\"url\":\"https:\\\/\\\/www.dillerbottle.com\\\/\",\"logo\":{\"@type\":\"ImageObject\",\"inLanguage\":\"fr-FR\",\"@id\":\"https:\\\/\\\/www.dillerbottle.com\\\/#\\\/schema\\\/logo\\\/image\\\/\",\"url\":\"https:\\\/\\\/www.dillerbottle.com\\\/wp-content\\\/uploads\\\/2024\\\/09\\\/49918bfa848dcc1e9f8b509933603ac.png\",\"contentUrl\":\"https:\\\/\\\/www.dillerbottle.com\\\/wp-content\\\/uploads\\\/2024\\\/09\\\/49918bfa848dcc1e9f8b509933603ac.png\",\"width\":988,\"height\":198,\"caption\":\"Diller Water Bottle Manufacturer\"},\"image\":{\"@id\":\"https:\\\/\\\/www.dillerbottle.com\\\/#\\\/schema\\\/logo\\\/image\\\/\"}}]}<\/script>\n<!-- \/ Yoast SEO Premium plugin. -->","yoast_head_json":{"title":"oem odm 520ml bocal alimentaire isol\u00e9","description":"Bocal alimentaire isotherme OEM de 520 ml avec doublure en acier inoxydable SUS316, conception \u00e0 large ouverture, personnalisable pour les marques de gros et de marque priv\u00e9e.","robots":{"index":"index","follow":"follow","max-snippet":"max-snippet:-1","max-image-preview":"max-image-preview:large","max-video-preview":"max-video-preview:-1"},"canonical":"https:\/\/www.dillerbottle.com\/fr\/produits\/oem-odm-520ml-insulated-food-jar","og_locale":"fr_FR","og_type":"article","og_title":"OEM\/ODM 520ml Insulated Food Jar","og_description":"OEM 520ml insulated food jar with SUS316 stainless steel liner, wide mouth design, customizable for wholesale and private label brands.","og_url":"https:\/\/www.dillerbottle.com\/fr\/produits\/oem-odm-520ml-insulated-food-jar","og_site_name":"Diller Water Bottle Manufacturer","article_modified_time":"2026-02-11T07:52:42+00:00","og_image":[{"width":800,"height":800,"url":"https:\/\/www.dillerbottle.com\/wp-content\/uploads\/2026\/02\/oemodm-1100ml-insulated-food-jar-9201-1.jpg","type":"image\/jpeg"}],"twitter_card":"summary_large_image","twitter_misc":{"Dur\u00e9e de lecture estim\u00e9e":"4 minutes"},"schema":{"@context":"https:\/\/schema.org","@graph":[{"@type":"WebPage","@id":"https:\/\/www.dillerbottle.com\/products\/oem-odm-520ml-insulated-food-jar","url":"https:\/\/www.dillerbottle.com\/products\/oem-odm-520ml-insulated-food-jar","name":"oem odm 520ml bocal alimentaire isol\u00e9","isPartOf":{"@id":"https:\/\/www.dillerbottle.com\/#website"},"primaryImageOfPage":{"@id":"https:\/\/www.dillerbottle.com\/products\/oem-odm-520ml-insulated-food-jar#primaryimage"},"image":{"@id":"https:\/\/www.dillerbottle.com\/products\/oem-odm-520ml-insulated-food-jar#primaryimage"},"thumbnailUrl":"https:\/\/www.dillerbottle.com\/wp-content\/uploads\/2026\/02\/oemodm-1100ml-insulated-food-jar-9201-1.jpg","datePublished":"2026-02-11T07:39:11+00:00","dateModified":"2026-02-11T07:52:42+00:00","description":"Bocal alimentaire isotherme OEM de 520 ml avec doublure en acier inoxydable SUS316, conception \u00e0 large ouverture, personnalisable pour les marques de gros et de marque priv\u00e9e.","breadcrumb":{"@id":"https:\/\/www.dillerbottle.com\/products\/oem-odm-520ml-insulated-food-jar#breadcrumb"},"inLanguage":"fr-FR","potentialAction":[{"@type":"ReadAction","target":["https:\/\/www.dillerbottle.com\/products\/oem-odm-520ml-insulated-food-jar"]}]},{"@type":"ImageObject","inLanguage":"fr-FR","@id":"https:\/\/www.dillerbottle.com\/products\/oem-odm-520ml-insulated-food-jar#primaryimage","url":"https:\/\/www.dillerbottle.com\/wp-content\/uploads\/2026\/02\/oemodm-1100ml-insulated-food-jar-9201-1.jpg","contentUrl":"https:\/\/www.dillerbottle.com\/wp-content\/uploads\/2026\/02\/oemodm-1100ml-insulated-food-jar-9201-1.jpg","width":800,"height":800},{"@type":"BreadcrumbList","@id":"https:\/\/www.dillerbottle.com\/products\/oem-odm-520ml-insulated-food-jar#breadcrumb","itemListElement":[{"@type":"ListItem","position":1,"name":"Home","item":"https:\/\/www.dillerbottle.com\/"},{"@type":"ListItem","position":2,"name":"Products","item":"https:\/\/www.dillerbottle.com\/shop"},{"@type":"ListItem","position":3,"name":"OEM\/ODM 520ml Insulated Food Jar"}]},{"@type":"WebSite","@id":"https:\/\/www.dillerbottle.com\/#website","url":"https:\/\/www.dillerbottle.com\/","name":"Fabricant de bouteilles d&#039;eau Diller","description":"Fabricant de bouteilles d&#039;eau","publisher":{"@id":"https:\/\/www.dillerbottle.com\/#organization"},"potentialAction":[{"@type":"SearchAction","target":{"@type":"EntryPoint","urlTemplate":"https:\/\/www.dillerbottle.com\/?s={search_term_string}"},"query-input":{"@type":"PropertyValueSpecification","valueRequired":true,"valueName":"search_term_string"}}],"inLanguage":"fr-FR"},{"@type":"Organization","@id":"https:\/\/www.dillerbottle.com\/#organization","name":"Fabricant de bouteilles d&#039;eau Diller","url":"https:\/\/www.dillerbottle.com\/","logo":{"@type":"ImageObject","inLanguage":"fr-FR","@id":"https:\/\/www.dillerbottle.com\/#\/schema\/logo\/image\/","url":"https:\/\/www.dillerbottle.com\/wp-content\/uploads\/2024\/09\/49918bfa848dcc1e9f8b509933603ac.png","contentUrl":"https:\/\/www.dillerbottle.com\/wp-content\/uploads\/2024\/09\/49918bfa848dcc1e9f8b509933603ac.png","width":988,"height":198,"caption":"Diller Water Bottle Manufacturer"},"image":{"@id":"https:\/\/www.dillerbottle.com\/#\/schema\/logo\/image\/"}}]}},"_links":{"self":[{"href":"https:\/\/www.dillerbottle.com\/fr\/wp-json\/wp\/v2\/product\/17608","targetHints":{"allow":["GET"]}}],"collection":[{"href":"https:\/\/www.dillerbottle.com\/fr\/wp-json\/wp\/v2\/product"}],"about":[{"href":"https:\/\/www.dillerbottle.com\/fr\/wp-json\/wp\/v2\/types\/product"}],"replies":[{"embeddable":true,"href":"https:\/\/www.dillerbottle.com\/fr\/wp-json\/wp\/v2\/comments?post=17608"}],"wp:featuredmedia":[{"embeddable":true,"href":"https:\/\/www.dillerbottle.com\/fr\/wp-json\/wp\/v2\/media\/17613"}],"wp:attachment":[{"href":"https:\/\/www.dillerbottle.com\/fr\/wp-json\/wp\/v2\/media?parent=17608"}],"wp:term":[{"taxonomy":"product_brand","embeddable":true,"href":"https:\/\/www.dillerbottle.com\/fr\/wp-json\/wp\/v2\/product_brand?post=17608"},{"taxonomy":"product_cat","embeddable":true,"href":"https:\/\/www.dillerbottle.com\/fr\/wp-json\/wp\/v2\/product_cat?post=17608"},{"taxonomy":"product_tag","embeddable":true,"href":"https:\/\/www.dillerbottle.com\/fr\/wp-json\/wp\/v2\/product_tag?post=17608"}],"curies":[{"name":"wp","href":"https:\/\/api.w.org\/{rel}","templated":true}]}}