{"id":17652,"date":"2026-02-11T16:47:45","date_gmt":"2026-02-11T08:47:45","guid":{"rendered":"https:\/\/www.dillerbottle.com\/?post_type=product&#038;p=17652"},"modified":"2026-02-11T16:59:02","modified_gmt":"2026-02-11T08:59:02","slug":"tasse-a-the-en-verre-borosilicate-de-580ml-avec-couvercle-en-silicone","status":"publish","type":"product","link":"https:\/\/www.dillerbottle.com\/fr\/products\/oem-580ml-borosilicate-glass-tea-cup-with-silicone-lid","title":{"rendered":"OEM Tasse \u00e0 th\u00e9 en verre borosilicate 580ml avec couvercle en silicone"},"content":{"rendered":"<p data-start=\"519\" data-end=\"678\">Cette tasse \u00e0 th\u00e9 en verre borosilicate de 580 ml est con\u00e7ue pour les marques et les distributeurs \u00e0 la recherche d'articles en verre cr\u00e9atifs et personnalisables pour les march\u00e9s du cadeau et du style de vie.<\/p>\n<p data-start=\"680\" data-end=\"934\">Fabriqu\u00e9e en verre borosilicat\u00e9 de haute qualit\u00e9, la tasse offre une forte r\u00e9sistance \u00e0 la chaleur et une grande durabilit\u00e9, et convient aussi bien aux boissons chaudes que froides. Le corps transparent am\u00e9liore la pr\u00e9sentation du produit, ce qui le rend id\u00e9al pour le th\u00e9, les infusions de fruits, le caf\u00e9 et les boissons sp\u00e9ciales.<\/p>\n<p data-start=\"936\" data-end=\"1165\">Le couvercle en silicone de qualit\u00e9 alimentaire am\u00e9liore la praticit\u00e9 tout en conservant un aspect esth\u00e9tique doux. Sa capacit\u00e9 compacte de 580 ml convient \u00e0 une utilisation quotidienne au bureau, au service dans les caf\u00e9s, aux cadeaux promotionnels et aux collections saisonni\u00e8res de vente au d\u00e9tail.<\/p>\n<p data-start=\"1167\" data-end=\"1267\">Dot\u00e9 d'une forte identit\u00e9 visuelle et d'une capacit\u00e9 de personnalisation OEM, ce mod\u00e8le est particuli\u00e8rement adapt\u00e9 aux.. :<\/p>\n<ul data-start=\"1269\" data-end=\"1417\">\n<li data-start=\"1269\" data-end=\"1288\">\n<p data-start=\"1271\" data-end=\"1288\">Marques de cadeaux<\/p>\n<\/li>\n<li data-start=\"1289\" data-end=\"1320\">\n<p data-start=\"1291\" data-end=\"1320\">Distributeurs de produits pour la maison et la cuisine<\/p>\n<\/li>\n<li data-start=\"1321\" data-end=\"1348\">\n<p data-start=\"1323\" data-end=\"1348\">Fournisseurs d'accessoires pour le th\u00e9<\/p>\n<\/li>\n<li data-start=\"1349\" data-end=\"1382\">\n<p data-start=\"1351\" data-end=\"1382\">Entreprises de produits promotionnels<\/p>\n<\/li>\n<li data-start=\"1383\" data-end=\"1417\">\n<p data-start=\"1385\" data-end=\"1417\">Marques priv\u00e9es de style de vie<\/p>\n<\/li>\n<\/ul>\n<p data-start=\"1419\" data-end=\"1551\">Des services OEM et ODM complets sont propos\u00e9s, y compris l'impression de logos, la conception d'emballages, les ajustements structurels et la personnalisation des couleurs.<\/p>","protected":false},"excerpt":{"rendered":"<p>Tasse \u00e0 th\u00e9 en verre borosilicate de 580 ml avec couvercle en silicone alimentaire et design d\u00e9coratif cr\u00e9atif. Id\u00e9ale pour les OEM, les marques de distributeurs et les projets de cadeaux en gros.<\/p>","protected":false},"featured_media":17657,"comment_status":"open","ping_status":"closed","template":"","meta":{"_acf_changed":false},"product_brand":[],"product_cat":[310],"product_tag":[591],"class_list":{"0":"post-17652","1":"product","2":"type-product","3":"status-publish","4":"has-post-thumbnail","6":"product_cat-glass-water-bottle","7":"product_tag-glass-water-bottle","9":"first","10":"instock","11":"shipping-taxable","12":"product-type-simple"},"acf":[],"yoast_head":"<!-- This site is optimized with the Yoast SEO Premium plugin v27.6 (Yoast SEO v27.6) - https:\/\/yoast.com\/product\/yoast-seo-premium-wordpress\/ -->\n<title>OEM 580ml Borosilicate Glass Tea Cup with Silicone Lid - Diller Water Bottle Manufacturer<\/title>\n<meta name=\"description\" content=\"OEM 320ml borosilicate glass tea cup with silicone lid, custom logo drinkware for wholesale gift and lifestyle brands.\" \/>\n<meta name=\"robots\" content=\"index, follow, max-snippet:-1, max-image-preview:large, max-video-preview:-1\" \/>\n<link rel=\"canonical\" href=\"https:\/\/www.dillerbottle.com\/fr\/produits\/tasse-a-the-en-verre-borosilicate-de-580ml-avec-couvercle-en-silicone\" \/>\n<meta property=\"og:locale\" content=\"fr_FR\" \/>\n<meta property=\"og:type\" content=\"article\" \/>\n<meta property=\"og:title\" content=\"OEM 580ml Borosilicate Glass Tea Cup with Silicone Lid\" \/>\n<meta property=\"og:description\" content=\"OEM 320ml borosilicate glass tea cup with silicone lid, custom logo drinkware for wholesale gift and lifestyle brands.\" \/>\n<meta property=\"og:url\" content=\"https:\/\/www.dillerbottle.com\/fr\/produits\/tasse-a-the-en-verre-borosilicate-de-580ml-avec-couvercle-en-silicone\" \/>\n<meta property=\"og:site_name\" content=\"Diller Water Bottle Manufacturer\" \/>\n<meta property=\"article:modified_time\" content=\"2026-02-11T08:59:02+00:00\" \/>\n<meta property=\"og:image\" content=\"https:\/\/www.dillerbottle.com\/wp-content\/uploads\/2026\/02\/oem-320ml-borosilicate-glass-tea-cup-with-silicone-lid-9203-1.jpg\" \/>\n\t<meta property=\"og:image:width\" content=\"800\" \/>\n\t<meta property=\"og:image:height\" content=\"800\" \/>\n\t<meta property=\"og:image:type\" content=\"image\/jpeg\" \/>\n<meta name=\"twitter:card\" content=\"summary_large_image\" \/>\n<meta name=\"twitter:label1\" content=\"Dur\u00e9e de lecture estim\u00e9e\" \/>\n\t<meta name=\"twitter:data1\" content=\"4 minutes\" \/>\n<script type=\"application\/ld+json\" class=\"yoast-schema-graph\">{\"@context\":\"https:\\\/\\\/schema.org\",\"@graph\":[{\"@type\":\"WebPage\",\"@id\":\"https:\\\/\\\/www.dillerbottle.com\\\/products\\\/oem-580ml-borosilicate-glass-tea-cup-with-silicone-lid\",\"url\":\"https:\\\/\\\/www.dillerbottle.com\\\/products\\\/oem-580ml-borosilicate-glass-tea-cup-with-silicone-lid\",\"name\":\"OEM 580ml Borosilicate Glass Tea Cup with Silicone Lid - Diller Water Bottle Manufacturer\",\"isPartOf\":{\"@id\":\"https:\\\/\\\/www.dillerbottle.com\\\/#website\"},\"primaryImageOfPage\":{\"@id\":\"https:\\\/\\\/www.dillerbottle.com\\\/products\\\/oem-580ml-borosilicate-glass-tea-cup-with-silicone-lid#primaryimage\"},\"image\":{\"@id\":\"https:\\\/\\\/www.dillerbottle.com\\\/products\\\/oem-580ml-borosilicate-glass-tea-cup-with-silicone-lid#primaryimage\"},\"thumbnailUrl\":\"https:\\\/\\\/www.dillerbottle.com\\\/wp-content\\\/uploads\\\/2026\\\/02\\\/oem-320ml-borosilicate-glass-tea-cup-with-silicone-lid-9203-1.jpg\",\"datePublished\":\"2026-02-11T08:47:45+00:00\",\"dateModified\":\"2026-02-11T08:59:02+00:00\",\"description\":\"OEM 320ml borosilicate glass tea cup with silicone lid, custom logo drinkware for wholesale gift and lifestyle brands.\",\"breadcrumb\":{\"@id\":\"https:\\\/\\\/www.dillerbottle.com\\\/products\\\/oem-580ml-borosilicate-glass-tea-cup-with-silicone-lid#breadcrumb\"},\"inLanguage\":\"fr-FR\",\"potentialAction\":[{\"@type\":\"ReadAction\",\"target\":[\"https:\\\/\\\/www.dillerbottle.com\\\/products\\\/oem-580ml-borosilicate-glass-tea-cup-with-silicone-lid\"]}]},{\"@type\":\"ImageObject\",\"inLanguage\":\"fr-FR\",\"@id\":\"https:\\\/\\\/www.dillerbottle.com\\\/products\\\/oem-580ml-borosilicate-glass-tea-cup-with-silicone-lid#primaryimage\",\"url\":\"https:\\\/\\\/www.dillerbottle.com\\\/wp-content\\\/uploads\\\/2026\\\/02\\\/oem-320ml-borosilicate-glass-tea-cup-with-silicone-lid-9203-1.jpg\",\"contentUrl\":\"https:\\\/\\\/www.dillerbottle.com\\\/wp-content\\\/uploads\\\/2026\\\/02\\\/oem-320ml-borosilicate-glass-tea-cup-with-silicone-lid-9203-1.jpg\",\"width\":800,\"height\":800},{\"@type\":\"BreadcrumbList\",\"@id\":\"https:\\\/\\\/www.dillerbottle.com\\\/products\\\/oem-580ml-borosilicate-glass-tea-cup-with-silicone-lid#breadcrumb\",\"itemListElement\":[{\"@type\":\"ListItem\",\"position\":1,\"name\":\"Home\",\"item\":\"https:\\\/\\\/www.dillerbottle.com\\\/\"},{\"@type\":\"ListItem\",\"position\":2,\"name\":\"Products\",\"item\":\"https:\\\/\\\/www.dillerbottle.com\\\/shop\"},{\"@type\":\"ListItem\",\"position\":3,\"name\":\"OEM 580ml Borosilicate Glass Tea Cup with Silicone Lid\"}]},{\"@type\":\"WebSite\",\"@id\":\"https:\\\/\\\/www.dillerbottle.com\\\/#website\",\"url\":\"https:\\\/\\\/www.dillerbottle.com\\\/\",\"name\":\"Diller Water Bottle Manufacturer\",\"description\":\"Water Bottle Manufacturer\",\"publisher\":{\"@id\":\"https:\\\/\\\/www.dillerbottle.com\\\/#organization\"},\"potentialAction\":[{\"@type\":\"SearchAction\",\"target\":{\"@type\":\"EntryPoint\",\"urlTemplate\":\"https:\\\/\\\/www.dillerbottle.com\\\/?s={search_term_string}\"},\"query-input\":{\"@type\":\"PropertyValueSpecification\",\"valueRequired\":true,\"valueName\":\"search_term_string\"}}],\"inLanguage\":\"fr-FR\"},{\"@type\":\"Organization\",\"@id\":\"https:\\\/\\\/www.dillerbottle.com\\\/#organization\",\"name\":\"Diller Water Bottle Manufacturer\",\"url\":\"https:\\\/\\\/www.dillerbottle.com\\\/\",\"logo\":{\"@type\":\"ImageObject\",\"inLanguage\":\"fr-FR\",\"@id\":\"https:\\\/\\\/www.dillerbottle.com\\\/#\\\/schema\\\/logo\\\/image\\\/\",\"url\":\"https:\\\/\\\/www.dillerbottle.com\\\/wp-content\\\/uploads\\\/2024\\\/09\\\/49918bfa848dcc1e9f8b509933603ac.png\",\"contentUrl\":\"https:\\\/\\\/www.dillerbottle.com\\\/wp-content\\\/uploads\\\/2024\\\/09\\\/49918bfa848dcc1e9f8b509933603ac.png\",\"width\":988,\"height\":198,\"caption\":\"Diller Water Bottle Manufacturer\"},\"image\":{\"@id\":\"https:\\\/\\\/www.dillerbottle.com\\\/#\\\/schema\\\/logo\\\/image\\\/\"}}]}<\/script>\n<!-- \/ Yoast SEO Premium plugin. -->","yoast_head_json":{"title":"OEM Tasse \u00e0 th\u00e9 en verre borosilicate 580ml avec couvercle en silicone - Diller Fabricant de bouteilles d'eau","description":"Tasse \u00e0 th\u00e9 en verre borosilicate de 320ml avec couvercle en silicone, logo personnalis\u00e9 pour les cadeaux en gros et les marques de style de vie.","robots":{"index":"index","follow":"follow","max-snippet":"max-snippet:-1","max-image-preview":"max-image-preview:large","max-video-preview":"max-video-preview:-1"},"canonical":"https:\/\/www.dillerbottle.com\/fr\/produits\/tasse-a-the-en-verre-borosilicate-de-580ml-avec-couvercle-en-silicone","og_locale":"fr_FR","og_type":"article","og_title":"OEM 580ml Borosilicate Glass Tea Cup with Silicone Lid","og_description":"OEM 320ml borosilicate glass tea cup with silicone lid, custom logo drinkware for wholesale gift and lifestyle brands.","og_url":"https:\/\/www.dillerbottle.com\/fr\/produits\/tasse-a-the-en-verre-borosilicate-de-580ml-avec-couvercle-en-silicone","og_site_name":"Diller Water Bottle Manufacturer","article_modified_time":"2026-02-11T08:59:02+00:00","og_image":[{"width":800,"height":800,"url":"https:\/\/www.dillerbottle.com\/wp-content\/uploads\/2026\/02\/oem-320ml-borosilicate-glass-tea-cup-with-silicone-lid-9203-1.jpg","type":"image\/jpeg"}],"twitter_card":"summary_large_image","twitter_misc":{"Dur\u00e9e de lecture estim\u00e9e":"4 minutes"},"schema":{"@context":"https:\/\/schema.org","@graph":[{"@type":"WebPage","@id":"https:\/\/www.dillerbottle.com\/products\/oem-580ml-borosilicate-glass-tea-cup-with-silicone-lid","url":"https:\/\/www.dillerbottle.com\/products\/oem-580ml-borosilicate-glass-tea-cup-with-silicone-lid","name":"OEM Tasse \u00e0 th\u00e9 en verre borosilicate 580ml avec couvercle en silicone - Diller Fabricant de bouteilles d'eau","isPartOf":{"@id":"https:\/\/www.dillerbottle.com\/#website"},"primaryImageOfPage":{"@id":"https:\/\/www.dillerbottle.com\/products\/oem-580ml-borosilicate-glass-tea-cup-with-silicone-lid#primaryimage"},"image":{"@id":"https:\/\/www.dillerbottle.com\/products\/oem-580ml-borosilicate-glass-tea-cup-with-silicone-lid#primaryimage"},"thumbnailUrl":"https:\/\/www.dillerbottle.com\/wp-content\/uploads\/2026\/02\/oem-320ml-borosilicate-glass-tea-cup-with-silicone-lid-9203-1.jpg","datePublished":"2026-02-11T08:47:45+00:00","dateModified":"2026-02-11T08:59:02+00:00","description":"Tasse \u00e0 th\u00e9 en verre borosilicate de 320ml avec couvercle en silicone, logo personnalis\u00e9 pour les cadeaux en gros et les marques de style de vie.","breadcrumb":{"@id":"https:\/\/www.dillerbottle.com\/products\/oem-580ml-borosilicate-glass-tea-cup-with-silicone-lid#breadcrumb"},"inLanguage":"fr-FR","potentialAction":[{"@type":"ReadAction","target":["https:\/\/www.dillerbottle.com\/products\/oem-580ml-borosilicate-glass-tea-cup-with-silicone-lid"]}]},{"@type":"ImageObject","inLanguage":"fr-FR","@id":"https:\/\/www.dillerbottle.com\/products\/oem-580ml-borosilicate-glass-tea-cup-with-silicone-lid#primaryimage","url":"https:\/\/www.dillerbottle.com\/wp-content\/uploads\/2026\/02\/oem-320ml-borosilicate-glass-tea-cup-with-silicone-lid-9203-1.jpg","contentUrl":"https:\/\/www.dillerbottle.com\/wp-content\/uploads\/2026\/02\/oem-320ml-borosilicate-glass-tea-cup-with-silicone-lid-9203-1.jpg","width":800,"height":800},{"@type":"BreadcrumbList","@id":"https:\/\/www.dillerbottle.com\/products\/oem-580ml-borosilicate-glass-tea-cup-with-silicone-lid#breadcrumb","itemListElement":[{"@type":"ListItem","position":1,"name":"Home","item":"https:\/\/www.dillerbottle.com\/"},{"@type":"ListItem","position":2,"name":"Products","item":"https:\/\/www.dillerbottle.com\/shop"},{"@type":"ListItem","position":3,"name":"OEM 580ml Borosilicate Glass Tea Cup with Silicone Lid"}]},{"@type":"WebSite","@id":"https:\/\/www.dillerbottle.com\/#website","url":"https:\/\/www.dillerbottle.com\/","name":"Fabricant de bouteilles d&#039;eau Diller","description":"Fabricant de bouteilles d&#039;eau","publisher":{"@id":"https:\/\/www.dillerbottle.com\/#organization"},"potentialAction":[{"@type":"SearchAction","target":{"@type":"EntryPoint","urlTemplate":"https:\/\/www.dillerbottle.com\/?s={search_term_string}"},"query-input":{"@type":"PropertyValueSpecification","valueRequired":true,"valueName":"search_term_string"}}],"inLanguage":"fr-FR"},{"@type":"Organization","@id":"https:\/\/www.dillerbottle.com\/#organization","name":"Fabricant de bouteilles d&#039;eau Diller","url":"https:\/\/www.dillerbottle.com\/","logo":{"@type":"ImageObject","inLanguage":"fr-FR","@id":"https:\/\/www.dillerbottle.com\/#\/schema\/logo\/image\/","url":"https:\/\/www.dillerbottle.com\/wp-content\/uploads\/2024\/09\/49918bfa848dcc1e9f8b509933603ac.png","contentUrl":"https:\/\/www.dillerbottle.com\/wp-content\/uploads\/2024\/09\/49918bfa848dcc1e9f8b509933603ac.png","width":988,"height":198,"caption":"Diller Water Bottle Manufacturer"},"image":{"@id":"https:\/\/www.dillerbottle.com\/#\/schema\/logo\/image\/"}}]}},"_links":{"self":[{"href":"https:\/\/www.dillerbottle.com\/fr\/wp-json\/wp\/v2\/product\/17652","targetHints":{"allow":["GET"]}}],"collection":[{"href":"https:\/\/www.dillerbottle.com\/fr\/wp-json\/wp\/v2\/product"}],"about":[{"href":"https:\/\/www.dillerbottle.com\/fr\/wp-json\/wp\/v2\/types\/product"}],"replies":[{"embeddable":true,"href":"https:\/\/www.dillerbottle.com\/fr\/wp-json\/wp\/v2\/comments?post=17652"}],"wp:featuredmedia":[{"embeddable":true,"href":"https:\/\/www.dillerbottle.com\/fr\/wp-json\/wp\/v2\/media\/17657"}],"wp:attachment":[{"href":"https:\/\/www.dillerbottle.com\/fr\/wp-json\/wp\/v2\/media?parent=17652"}],"wp:term":[{"taxonomy":"product_brand","embeddable":true,"href":"https:\/\/www.dillerbottle.com\/fr\/wp-json\/wp\/v2\/product_brand?post=17652"},{"taxonomy":"product_cat","embeddable":true,"href":"https:\/\/www.dillerbottle.com\/fr\/wp-json\/wp\/v2\/product_cat?post=17652"},{"taxonomy":"product_tag","embeddable":true,"href":"https:\/\/www.dillerbottle.com\/fr\/wp-json\/wp\/v2\/product_tag?post=17652"}],"curies":[{"name":"wp","href":"https:\/\/api.w.org\/{rel}","templated":true}]}}