{"id":17676,"date":"2026-02-12T13:48:27","date_gmt":"2026-02-12T05:48:27","guid":{"rendered":"https:\/\/www.dillerbottle.com\/?post_type=product&#038;p=17676"},"modified":"2026-02-12T14:04:44","modified_gmt":"2026-02-12T06:04:44","slug":"oem-sus316-stainless-steel-tea-infuser-bottle","status":"publish","type":"product","link":"https:\/\/www.dillerbottle.com\/fr\/products\/oem-sus316-stainless-steel-tea-infuser-bottle","title":{"rendered":"OEM Bouteille infuseur de th\u00e9 en acier inoxydable SUS316 200ml \/ 280ml"},"content":{"rendered":"<p data-start=\"574\" data-end=\"754\">La bouteille isotherme DILLER D9310 Sakura Panda est con\u00e7ue pour les marques, les distributeurs et les importateurs \u00e0 la recherche d'articles de boisson en acier inoxydable de haute qualit\u00e9 avec possibilit\u00e9 de personnalisation OEM.<\/p>\n<p data-start=\"756\" data-end=\"989\">Construit avec un rev\u00eatement int\u00e9rieur en acier inoxydable SUS316, ce mod\u00e8le garantit une r\u00e9sistance sup\u00e9rieure \u00e0 la corrosion et une s\u00e9curit\u00e9 au contact des aliments. La structure d'isolation sous vide \u00e0 double paroi maintient la temp\u00e9rature des boissons, qu'elles soient chaudes ou froides.<\/p>\n<p data-start=\"991\" data-end=\"1272\">\u00c9quip\u00e9e d'un infuseur de th\u00e9 amovible, la bouteille convient pour le th\u00e9 en feuilles, les m\u00e9langes d'herbes et les boissons infus\u00e9es. La structure scell\u00e9e et \u00e9tanche du couvercle assure une portabilit\u00e9 s\u00fbre, tandis que l'anneau de levage cach\u00e9 am\u00e9liore la commodit\u00e9 sans affecter l'apparence g\u00e9n\u00e9rale.<\/p>\n<p data-start=\"1274\" data-end=\"1445\">Avec des capacit\u00e9s compactes de 200 ml et 280 ml, ce mod\u00e8le est id\u00e9al pour les boissons de voyage, les coffrets promotionnels, les collections d'accessoires pour le th\u00e9 et les canaux de vente au d\u00e9tail de style de vie.<\/p>\n<p data-start=\"1447\" data-end=\"1581\">Des services OEM et ODM sont disponibles, y compris l'impression de logos, la personnalisation de l'emballage, le d\u00e9veloppement des couleurs et les modifications structurelles.<\/p>\n<p data-start=\"1583\" data-end=\"1625\">Ce produit est particuli\u00e8rement adapt\u00e9 pour :<\/p>\n<ul data-start=\"1627\" data-end=\"1803\">\n<li data-start=\"1627\" data-end=\"1651\">\n<p data-start=\"1629\" data-end=\"1651\">Marques d'accessoires de th\u00e9<\/p>\n<\/li>\n<li data-start=\"1652\" data-end=\"1682\">\n<p data-start=\"1654\" data-end=\"1682\">Fournisseurs de cadeaux promotionnels<\/p>\n<\/li>\n<li data-start=\"1683\" data-end=\"1725\">\n<p data-start=\"1685\" data-end=\"1725\">Distributeurs de boissons en acier inoxydable<\/p>\n<\/li>\n<li data-start=\"1726\" data-end=\"1765\">\n<p data-start=\"1728\" data-end=\"1765\">Marques priv\u00e9es pour la maison et la cuisine<\/p>\n<\/li>\n<li data-start=\"1766\" data-end=\"1803\">\n<p data-start=\"1768\" data-end=\"1803\">Importateurs de commerce \u00e9lectronique transfrontalier<\/p>\n<\/li>\n<\/ul>","protected":false},"excerpt":{"rendered":"<p>Bouteille \u00e0 th\u00e9 isotherme compacte avec rev\u00eatement en acier inoxydable SUS316, infuseur de th\u00e9 int\u00e9gr\u00e9, conception \u00e9tanche et anneau de levage cach\u00e9. Id\u00e9ale pour les OEM, les marques de distributeurs et les projets de vente en gros.<\/p>","protected":false},"featured_media":17678,"comment_status":"open","ping_status":"closed","template":"","meta":{"_acf_changed":false},"product_brand":[],"product_cat":[18],"product_tag":[1029],"class_list":{"0":"post-17676","1":"product","2":"type-product","3":"status-publish","4":"has-post-thumbnail","6":"product_cat-insulated-water-bottle","7":"product_tag-stainless-vacuum-water-bottle","9":"first","10":"instock","11":"shipping-taxable","12":"product-type-simple"},"acf":[],"yoast_head":"<!-- This site is optimized with the Yoast SEO Premium plugin v27.6 (Yoast SEO v27.6) - https:\/\/yoast.com\/product\/yoast-seo-premium-wordpress\/ -->\n<title>OEM SUS316 Stainless Steel Tea Infuser Bottle 200ml \/ 280ml - Diller Water Bottle Manufacturer<\/title>\n<meta name=\"description\" content=\"OEM SUS316 insulated tea bottle with infuser, 200\/280ml leak-proof stainless steel thermo cup for wholesale and private label brands.\" \/>\n<meta name=\"robots\" content=\"index, follow, max-snippet:-1, max-image-preview:large, max-video-preview:-1\" \/>\n<link rel=\"canonical\" href=\"https:\/\/www.dillerbottle.com\/fr\/produits\/oem-sus316-stainless-steel-tea-infuser-bottle\" \/>\n<meta property=\"og:locale\" content=\"fr_FR\" \/>\n<meta property=\"og:type\" content=\"article\" \/>\n<meta property=\"og:title\" content=\"OEM SUS316 Stainless Steel Tea Infuser Bottle 200ml \/ 280ml\" \/>\n<meta property=\"og:description\" content=\"OEM SUS316 insulated tea bottle with infuser, 200\/280ml leak-proof stainless steel thermo cup for wholesale and private label brands.\" \/>\n<meta property=\"og:url\" content=\"https:\/\/www.dillerbottle.com\/fr\/produits\/oem-sus316-stainless-steel-tea-infuser-bottle\" \/>\n<meta property=\"og:site_name\" content=\"Diller Water Bottle Manufacturer\" \/>\n<meta property=\"article:modified_time\" content=\"2026-02-12T06:04:44+00:00\" \/>\n<meta property=\"og:image\" content=\"https:\/\/www.dillerbottle.com\/wp-content\/uploads\/2026\/02\/oemodm-520ml-insulated-food-jar-9310-3.jpg\" \/>\n\t<meta property=\"og:image:width\" content=\"800\" \/>\n\t<meta property=\"og:image:height\" content=\"800\" \/>\n\t<meta property=\"og:image:type\" content=\"image\/jpeg\" \/>\n<meta name=\"twitter:card\" content=\"summary_large_image\" \/>\n<meta name=\"twitter:label1\" content=\"Dur\u00e9e de lecture estim\u00e9e\" \/>\n\t<meta name=\"twitter:data1\" content=\"4 minutes\" \/>\n<script type=\"application\/ld+json\" class=\"yoast-schema-graph\">{\"@context\":\"https:\\\/\\\/schema.org\",\"@graph\":[{\"@type\":\"WebPage\",\"@id\":\"https:\\\/\\\/www.dillerbottle.com\\\/products\\\/oem-sus316-stainless-steel-tea-infuser-bottle\",\"url\":\"https:\\\/\\\/www.dillerbottle.com\\\/products\\\/oem-sus316-stainless-steel-tea-infuser-bottle\",\"name\":\"OEM SUS316 Stainless Steel Tea Infuser Bottle 200ml \\\/ 280ml - Diller Water Bottle Manufacturer\",\"isPartOf\":{\"@id\":\"https:\\\/\\\/www.dillerbottle.com\\\/#website\"},\"primaryImageOfPage\":{\"@id\":\"https:\\\/\\\/www.dillerbottle.com\\\/products\\\/oem-sus316-stainless-steel-tea-infuser-bottle#primaryimage\"},\"image\":{\"@id\":\"https:\\\/\\\/www.dillerbottle.com\\\/products\\\/oem-sus316-stainless-steel-tea-infuser-bottle#primaryimage\"},\"thumbnailUrl\":\"https:\\\/\\\/www.dillerbottle.com\\\/wp-content\\\/uploads\\\/2026\\\/02\\\/oemodm-520ml-insulated-food-jar-9310-3.jpg\",\"datePublished\":\"2026-02-12T05:48:27+00:00\",\"dateModified\":\"2026-02-12T06:04:44+00:00\",\"description\":\"OEM SUS316 insulated tea bottle with infuser, 200\\\/280ml leak-proof stainless steel thermo cup for wholesale and private label brands.\",\"breadcrumb\":{\"@id\":\"https:\\\/\\\/www.dillerbottle.com\\\/products\\\/oem-sus316-stainless-steel-tea-infuser-bottle#breadcrumb\"},\"inLanguage\":\"fr-FR\",\"potentialAction\":[{\"@type\":\"ReadAction\",\"target\":[\"https:\\\/\\\/www.dillerbottle.com\\\/products\\\/oem-sus316-stainless-steel-tea-infuser-bottle\"]}]},{\"@type\":\"ImageObject\",\"inLanguage\":\"fr-FR\",\"@id\":\"https:\\\/\\\/www.dillerbottle.com\\\/products\\\/oem-sus316-stainless-steel-tea-infuser-bottle#primaryimage\",\"url\":\"https:\\\/\\\/www.dillerbottle.com\\\/wp-content\\\/uploads\\\/2026\\\/02\\\/oemodm-520ml-insulated-food-jar-9310-3.jpg\",\"contentUrl\":\"https:\\\/\\\/www.dillerbottle.com\\\/wp-content\\\/uploads\\\/2026\\\/02\\\/oemodm-520ml-insulated-food-jar-9310-3.jpg\",\"width\":800,\"height\":800},{\"@type\":\"BreadcrumbList\",\"@id\":\"https:\\\/\\\/www.dillerbottle.com\\\/products\\\/oem-sus316-stainless-steel-tea-infuser-bottle#breadcrumb\",\"itemListElement\":[{\"@type\":\"ListItem\",\"position\":1,\"name\":\"Home\",\"item\":\"https:\\\/\\\/www.dillerbottle.com\\\/\"},{\"@type\":\"ListItem\",\"position\":2,\"name\":\"Products\",\"item\":\"https:\\\/\\\/www.dillerbottle.com\\\/shop\"},{\"@type\":\"ListItem\",\"position\":3,\"name\":\"OEM SUS316 Stainless Steel Tea Infuser Bottle 200ml \\\/ 280ml\"}]},{\"@type\":\"WebSite\",\"@id\":\"https:\\\/\\\/www.dillerbottle.com\\\/#website\",\"url\":\"https:\\\/\\\/www.dillerbottle.com\\\/\",\"name\":\"Diller Water Bottle Manufacturer\",\"description\":\"Water Bottle Manufacturer\",\"publisher\":{\"@id\":\"https:\\\/\\\/www.dillerbottle.com\\\/#organization\"},\"potentialAction\":[{\"@type\":\"SearchAction\",\"target\":{\"@type\":\"EntryPoint\",\"urlTemplate\":\"https:\\\/\\\/www.dillerbottle.com\\\/?s={search_term_string}\"},\"query-input\":{\"@type\":\"PropertyValueSpecification\",\"valueRequired\":true,\"valueName\":\"search_term_string\"}}],\"inLanguage\":\"fr-FR\"},{\"@type\":\"Organization\",\"@id\":\"https:\\\/\\\/www.dillerbottle.com\\\/#organization\",\"name\":\"Diller Water Bottle Manufacturer\",\"url\":\"https:\\\/\\\/www.dillerbottle.com\\\/\",\"logo\":{\"@type\":\"ImageObject\",\"inLanguage\":\"fr-FR\",\"@id\":\"https:\\\/\\\/www.dillerbottle.com\\\/#\\\/schema\\\/logo\\\/image\\\/\",\"url\":\"https:\\\/\\\/www.dillerbottle.com\\\/wp-content\\\/uploads\\\/2024\\\/09\\\/49918bfa848dcc1e9f8b509933603ac.png\",\"contentUrl\":\"https:\\\/\\\/www.dillerbottle.com\\\/wp-content\\\/uploads\\\/2024\\\/09\\\/49918bfa848dcc1e9f8b509933603ac.png\",\"width\":988,\"height\":198,\"caption\":\"Diller Water Bottle Manufacturer\"},\"image\":{\"@id\":\"https:\\\/\\\/www.dillerbottle.com\\\/#\\\/schema\\\/logo\\\/image\\\/\"}}]}<\/script>\n<!-- \/ Yoast SEO Premium plugin. -->","yoast_head_json":{"title":"OEM Bouteille infuseur de th\u00e9 en acier inoxydable SUS316 200ml \/ 280ml - Diller Fabricant de bouteilles d'eau","description":"Bouteille \u00e0 th\u00e9 isol\u00e9e avec infuseur en acier inoxydable SUS316, 200\/280ml, pour les marques en gros et les marques priv\u00e9es.","robots":{"index":"index","follow":"follow","max-snippet":"max-snippet:-1","max-image-preview":"max-image-preview:large","max-video-preview":"max-video-preview:-1"},"canonical":"https:\/\/www.dillerbottle.com\/fr\/produits\/oem-sus316-stainless-steel-tea-infuser-bottle","og_locale":"fr_FR","og_type":"article","og_title":"OEM SUS316 Stainless Steel Tea Infuser Bottle 200ml \/ 280ml","og_description":"OEM SUS316 insulated tea bottle with infuser, 200\/280ml leak-proof stainless steel thermo cup for wholesale and private label brands.","og_url":"https:\/\/www.dillerbottle.com\/fr\/produits\/oem-sus316-stainless-steel-tea-infuser-bottle","og_site_name":"Diller Water Bottle Manufacturer","article_modified_time":"2026-02-12T06:04:44+00:00","og_image":[{"width":800,"height":800,"url":"https:\/\/www.dillerbottle.com\/wp-content\/uploads\/2026\/02\/oemodm-520ml-insulated-food-jar-9310-3.jpg","type":"image\/jpeg"}],"twitter_card":"summary_large_image","twitter_misc":{"Dur\u00e9e de lecture estim\u00e9e":"4 minutes"},"schema":{"@context":"https:\/\/schema.org","@graph":[{"@type":"WebPage","@id":"https:\/\/www.dillerbottle.com\/products\/oem-sus316-stainless-steel-tea-infuser-bottle","url":"https:\/\/www.dillerbottle.com\/products\/oem-sus316-stainless-steel-tea-infuser-bottle","name":"OEM Bouteille infuseur de th\u00e9 en acier inoxydable SUS316 200ml \/ 280ml - Diller Fabricant de bouteilles d'eau","isPartOf":{"@id":"https:\/\/www.dillerbottle.com\/#website"},"primaryImageOfPage":{"@id":"https:\/\/www.dillerbottle.com\/products\/oem-sus316-stainless-steel-tea-infuser-bottle#primaryimage"},"image":{"@id":"https:\/\/www.dillerbottle.com\/products\/oem-sus316-stainless-steel-tea-infuser-bottle#primaryimage"},"thumbnailUrl":"https:\/\/www.dillerbottle.com\/wp-content\/uploads\/2026\/02\/oemodm-520ml-insulated-food-jar-9310-3.jpg","datePublished":"2026-02-12T05:48:27+00:00","dateModified":"2026-02-12T06:04:44+00:00","description":"Bouteille \u00e0 th\u00e9 isol\u00e9e avec infuseur en acier inoxydable SUS316, 200\/280ml, pour les marques en gros et les marques priv\u00e9es.","breadcrumb":{"@id":"https:\/\/www.dillerbottle.com\/products\/oem-sus316-stainless-steel-tea-infuser-bottle#breadcrumb"},"inLanguage":"fr-FR","potentialAction":[{"@type":"ReadAction","target":["https:\/\/www.dillerbottle.com\/products\/oem-sus316-stainless-steel-tea-infuser-bottle"]}]},{"@type":"ImageObject","inLanguage":"fr-FR","@id":"https:\/\/www.dillerbottle.com\/products\/oem-sus316-stainless-steel-tea-infuser-bottle#primaryimage","url":"https:\/\/www.dillerbottle.com\/wp-content\/uploads\/2026\/02\/oemodm-520ml-insulated-food-jar-9310-3.jpg","contentUrl":"https:\/\/www.dillerbottle.com\/wp-content\/uploads\/2026\/02\/oemodm-520ml-insulated-food-jar-9310-3.jpg","width":800,"height":800},{"@type":"BreadcrumbList","@id":"https:\/\/www.dillerbottle.com\/products\/oem-sus316-stainless-steel-tea-infuser-bottle#breadcrumb","itemListElement":[{"@type":"ListItem","position":1,"name":"Home","item":"https:\/\/www.dillerbottle.com\/"},{"@type":"ListItem","position":2,"name":"Products","item":"https:\/\/www.dillerbottle.com\/shop"},{"@type":"ListItem","position":3,"name":"OEM SUS316 Stainless Steel Tea Infuser Bottle 200ml \/ 280ml"}]},{"@type":"WebSite","@id":"https:\/\/www.dillerbottle.com\/#website","url":"https:\/\/www.dillerbottle.com\/","name":"Fabricant de bouteilles d&#039;eau Diller","description":"Fabricant de bouteilles d&#039;eau","publisher":{"@id":"https:\/\/www.dillerbottle.com\/#organization"},"potentialAction":[{"@type":"SearchAction","target":{"@type":"EntryPoint","urlTemplate":"https:\/\/www.dillerbottle.com\/?s={search_term_string}"},"query-input":{"@type":"PropertyValueSpecification","valueRequired":true,"valueName":"search_term_string"}}],"inLanguage":"fr-FR"},{"@type":"Organization","@id":"https:\/\/www.dillerbottle.com\/#organization","name":"Fabricant de bouteilles d&#039;eau Diller","url":"https:\/\/www.dillerbottle.com\/","logo":{"@type":"ImageObject","inLanguage":"fr-FR","@id":"https:\/\/www.dillerbottle.com\/#\/schema\/logo\/image\/","url":"https:\/\/www.dillerbottle.com\/wp-content\/uploads\/2024\/09\/49918bfa848dcc1e9f8b509933603ac.png","contentUrl":"https:\/\/www.dillerbottle.com\/wp-content\/uploads\/2024\/09\/49918bfa848dcc1e9f8b509933603ac.png","width":988,"height":198,"caption":"Diller Water Bottle Manufacturer"},"image":{"@id":"https:\/\/www.dillerbottle.com\/#\/schema\/logo\/image\/"}}]}},"_links":{"self":[{"href":"https:\/\/www.dillerbottle.com\/fr\/wp-json\/wp\/v2\/product\/17676","targetHints":{"allow":["GET"]}}],"collection":[{"href":"https:\/\/www.dillerbottle.com\/fr\/wp-json\/wp\/v2\/product"}],"about":[{"href":"https:\/\/www.dillerbottle.com\/fr\/wp-json\/wp\/v2\/types\/product"}],"replies":[{"embeddable":true,"href":"https:\/\/www.dillerbottle.com\/fr\/wp-json\/wp\/v2\/comments?post=17676"}],"wp:featuredmedia":[{"embeddable":true,"href":"https:\/\/www.dillerbottle.com\/fr\/wp-json\/wp\/v2\/media\/17678"}],"wp:attachment":[{"href":"https:\/\/www.dillerbottle.com\/fr\/wp-json\/wp\/v2\/media?parent=17676"}],"wp:term":[{"taxonomy":"product_brand","embeddable":true,"href":"https:\/\/www.dillerbottle.com\/fr\/wp-json\/wp\/v2\/product_brand?post=17676"},{"taxonomy":"product_cat","embeddable":true,"href":"https:\/\/www.dillerbottle.com\/fr\/wp-json\/wp\/v2\/product_cat?post=17676"},{"taxonomy":"product_tag","embeddable":true,"href":"https:\/\/www.dillerbottle.com\/fr\/wp-json\/wp\/v2\/product_tag?post=17676"}],"curies":[{"name":"wp","href":"https:\/\/api.w.org\/{rel}","templated":true}]}}