{"id":17694,"date":"2026-02-12T14:09:12","date_gmt":"2026-02-12T06:09:12","guid":{"rendered":"https:\/\/www.dillerbottle.com\/?post_type=product&#038;p=17694"},"modified":"2026-02-12T16:10:43","modified_gmt":"2026-02-12T08:10:43","slug":"bouteille-isotherme-en-acier-inoxydable-200ml-sus316-panda-de-marque-oem","status":"publish","type":"product","link":"https:\/\/www.dillerbottle.com\/fr\/products\/oem-brand-200ml-sus316-panda-stainless-steel-insulated-bottle","title":{"rendered":"Bouteille isotherme 200ml SUS316 panda en acier inoxydable de marque OEM"},"content":{"rendered":"<p data-start=\"590\" data-end=\"746\">La bouteille isotherme DILLER D9314 est un gobelet thermo compact de 200 ml con\u00e7u pour les marques et les distributeurs \u00e0 la recherche d'articles en acier inoxydable personnalis\u00e9s sur le th\u00e8me de la propri\u00e9t\u00e9 intellectuelle.<\/p>\n<p data-start=\"748\" data-end=\"985\">Dot\u00e9 d'un rev\u00eatement int\u00e9rieur en acier inoxydable SUS316, ce mod\u00e8le offre une r\u00e9sistance sup\u00e9rieure \u00e0 la corrosion, une s\u00e9curit\u00e9 au contact des aliments et une durabilit\u00e9 \u00e0 long terme. La structure d'isolation sous vide \u00e0 double paroi permet de conserver les boissons chaudes et froides.<\/p>\n<p data-start=\"987\" data-end=\"1244\">La bouteille est dot\u00e9e d'un couvercle \u00e9tanche qui permet de la stocker \u00e0 l'envers en toute s\u00e9curit\u00e9 et sans fuite. Une poign\u00e9e portable facilite les d\u00e9placements, ce qui la rend adapt\u00e9e aux trajets quotidiens, aux activit\u00e9s de plein air, aux \u00e9v\u00e9nements promotionnels et aux collections de vente au d\u00e9tail de style de vie.<\/p>\n<p data-start=\"1246\" data-end=\"1519\">Le produit int\u00e8gre un ornement IP original en forme de panda, offrant une forte diff\u00e9renciation visuelle pour les articles-cadeaux et les projets de collaboration avec les marques. La capacit\u00e9 compacte de 200 ml en fait un produit id\u00e9al pour les boissons pour enfants, la d\u00e9gustation de th\u00e9, les bouteilles de voyage et les articles promotionnels saisonniers.<\/p>\n<p data-start=\"1521\" data-end=\"1659\">Des services OEM et ODM complets sont propos\u00e9s, y compris l'impression de logos, la personnalisation des couleurs, le d\u00e9veloppement d'emballages et les projets de co-marquage de la propri\u00e9t\u00e9 intellectuelle.<\/p>\n<p data-start=\"1661\" data-end=\"1701\">Ce mod\u00e8le est particuli\u00e8rement adapt\u00e9 pour :<\/p>\n<ul data-start=\"1703\" data-end=\"1864\">\n<li data-start=\"1703\" data-end=\"1722\">\n<p data-start=\"1705\" data-end=\"1722\">Marques de cadeaux<\/p>\n<\/li>\n<li data-start=\"1723\" data-end=\"1752\">\n<p data-start=\"1725\" data-end=\"1752\">Projets de collaboration en mati\u00e8re de propri\u00e9t\u00e9 intellectuelle<\/p>\n<\/li>\n<li data-start=\"1753\" data-end=\"1786\">\n<p data-start=\"1755\" data-end=\"1786\">Entreprises de produits promotionnels<\/p>\n<\/li>\n<li data-start=\"1787\" data-end=\"1829\">\n<p data-start=\"1789\" data-end=\"1829\">Distributeurs de boissons en acier inoxydable<\/p>\n<\/li>\n<li data-start=\"1830\" data-end=\"1864\">\n<p data-start=\"1832\" data-end=\"1864\">Marques priv\u00e9es de style de vie<\/p>\n<\/li>\n<\/ul>","protected":false},"excerpt":{"rendered":"<p>Bouteille isotherme de 200 ml en acier inoxydable avec rev\u00eatement int\u00e9rieur en SUS316, design original de panda IP, structure \u00e9tanche et poign\u00e9e portable. Id\u00e9ale pour les OEM, les marques de distributeurs et les projets de cadeaux en gros.<\/p>","protected":false},"featured_media":17699,"comment_status":"open","ping_status":"closed","template":"","meta":{"_acf_changed":false},"product_brand":[],"product_cat":[18],"product_tag":[1029],"class_list":{"0":"post-17694","1":"product","2":"type-product","3":"status-publish","4":"has-post-thumbnail","6":"product_cat-insulated-water-bottle","7":"product_tag-stainless-vacuum-water-bottle","9":"first","10":"instock","11":"shipping-taxable","12":"product-type-simple"},"acf":[],"yoast_head":"<!-- This site is optimized with the Yoast SEO Premium plugin v27.4 (Yoast SEO v27.4) - https:\/\/yoast.com\/product\/yoast-seo-premium-wordpress\/ -->\n<title>OEM brand 200ml SUS316 panda stainless steel insulated bottle - Diller Water Bottle Manufacturer<\/title>\n<meta name=\"description\" content=\"OEM SUS316 insulated tea bottle with infuser, 200\/280ml leak-proof stainless steel thermo cup for wholesale and private label brands.\" \/>\n<meta name=\"robots\" content=\"index, follow, max-snippet:-1, max-image-preview:large, max-video-preview:-1\" \/>\n<link rel=\"canonical\" href=\"https:\/\/www.dillerbottle.com\/fr\/produits\/bouteille-isotherme-en-acier-inoxydable-200ml-sus316-panda-de-marque-oem\" \/>\n<meta property=\"og:locale\" content=\"fr_FR\" \/>\n<meta property=\"og:type\" content=\"article\" \/>\n<meta property=\"og:title\" content=\"OEM brand 200ml SUS316 panda stainless steel insulated bottle\" \/>\n<meta property=\"og:description\" content=\"OEM SUS316 insulated tea bottle with infuser, 200\/280ml leak-proof stainless steel thermo cup for wholesale and private label brands.\" \/>\n<meta property=\"og:url\" content=\"https:\/\/www.dillerbottle.com\/fr\/produits\/bouteille-isotherme-en-acier-inoxydable-200ml-sus316-panda-de-marque-oem\" \/>\n<meta property=\"og:site_name\" content=\"Diller Water Bottle Manufacturer\" \/>\n<meta property=\"article:modified_time\" content=\"2026-02-12T08:10:43+00:00\" \/>\n<meta property=\"og:image\" content=\"https:\/\/www.dillerbottle.com\/wp-content\/uploads\/2026\/02\/oem-brand-200-ml-sus316-panda-stainless-steel-insulated-bottle-9314-1.jpg\" \/>\n\t<meta property=\"og:image:width\" content=\"800\" \/>\n\t<meta property=\"og:image:height\" content=\"800\" \/>\n\t<meta property=\"og:image:type\" content=\"image\/jpeg\" \/>\n<meta name=\"twitter:card\" content=\"summary_large_image\" \/>\n<meta name=\"twitter:label1\" content=\"Dur\u00e9e de lecture estim\u00e9e\" \/>\n\t<meta name=\"twitter:data1\" content=\"3 minutes\" \/>\n<script type=\"application\/ld+json\" class=\"yoast-schema-graph\">{\"@context\":\"https:\\\/\\\/schema.org\",\"@graph\":[{\"@type\":\"WebPage\",\"@id\":\"https:\\\/\\\/www.dillerbottle.com\\\/products\\\/oem-brand-200ml-sus316-panda-stainless-steel-insulated-bottle\",\"url\":\"https:\\\/\\\/www.dillerbottle.com\\\/products\\\/oem-brand-200ml-sus316-panda-stainless-steel-insulated-bottle\",\"name\":\"OEM brand 200ml SUS316 panda stainless steel insulated bottle - Diller Water Bottle Manufacturer\",\"isPartOf\":{\"@id\":\"https:\\\/\\\/www.dillerbottle.com\\\/#website\"},\"primaryImageOfPage\":{\"@id\":\"https:\\\/\\\/www.dillerbottle.com\\\/products\\\/oem-brand-200ml-sus316-panda-stainless-steel-insulated-bottle#primaryimage\"},\"image\":{\"@id\":\"https:\\\/\\\/www.dillerbottle.com\\\/products\\\/oem-brand-200ml-sus316-panda-stainless-steel-insulated-bottle#primaryimage\"},\"thumbnailUrl\":\"https:\\\/\\\/www.dillerbottle.com\\\/wp-content\\\/uploads\\\/2026\\\/02\\\/oem-brand-200-ml-sus316-panda-stainless-steel-insulated-bottle-9314-1.jpg\",\"datePublished\":\"2026-02-12T06:09:12+00:00\",\"dateModified\":\"2026-02-12T08:10:43+00:00\",\"description\":\"OEM SUS316 insulated tea bottle with infuser, 200\\\/280ml leak-proof stainless steel thermo cup for wholesale and private label brands.\",\"breadcrumb\":{\"@id\":\"https:\\\/\\\/www.dillerbottle.com\\\/products\\\/oem-brand-200ml-sus316-panda-stainless-steel-insulated-bottle#breadcrumb\"},\"inLanguage\":\"fr-FR\",\"potentialAction\":[{\"@type\":\"ReadAction\",\"target\":[\"https:\\\/\\\/www.dillerbottle.com\\\/products\\\/oem-brand-200ml-sus316-panda-stainless-steel-insulated-bottle\"]}]},{\"@type\":\"ImageObject\",\"inLanguage\":\"fr-FR\",\"@id\":\"https:\\\/\\\/www.dillerbottle.com\\\/products\\\/oem-brand-200ml-sus316-panda-stainless-steel-insulated-bottle#primaryimage\",\"url\":\"https:\\\/\\\/www.dillerbottle.com\\\/wp-content\\\/uploads\\\/2026\\\/02\\\/oem-brand-200-ml-sus316-panda-stainless-steel-insulated-bottle-9314-1.jpg\",\"contentUrl\":\"https:\\\/\\\/www.dillerbottle.com\\\/wp-content\\\/uploads\\\/2026\\\/02\\\/oem-brand-200-ml-sus316-panda-stainless-steel-insulated-bottle-9314-1.jpg\",\"width\":800,\"height\":800},{\"@type\":\"BreadcrumbList\",\"@id\":\"https:\\\/\\\/www.dillerbottle.com\\\/products\\\/oem-brand-200ml-sus316-panda-stainless-steel-insulated-bottle#breadcrumb\",\"itemListElement\":[{\"@type\":\"ListItem\",\"position\":1,\"name\":\"Home\",\"item\":\"https:\\\/\\\/www.dillerbottle.com\\\/\"},{\"@type\":\"ListItem\",\"position\":2,\"name\":\"Products\",\"item\":\"https:\\\/\\\/www.dillerbottle.com\\\/shop\"},{\"@type\":\"ListItem\",\"position\":3,\"name\":\"OEM brand 200ml SUS316 panda stainless steel insulated bottle\"}]},{\"@type\":\"WebSite\",\"@id\":\"https:\\\/\\\/www.dillerbottle.com\\\/#website\",\"url\":\"https:\\\/\\\/www.dillerbottle.com\\\/\",\"name\":\"Diller Water Bottle Manufacturer\",\"description\":\"Water Bottle Manufacturer\",\"publisher\":{\"@id\":\"https:\\\/\\\/www.dillerbottle.com\\\/#organization\"},\"potentialAction\":[{\"@type\":\"SearchAction\",\"target\":{\"@type\":\"EntryPoint\",\"urlTemplate\":\"https:\\\/\\\/www.dillerbottle.com\\\/?s={search_term_string}\"},\"query-input\":{\"@type\":\"PropertyValueSpecification\",\"valueRequired\":true,\"valueName\":\"search_term_string\"}}],\"inLanguage\":\"fr-FR\"},{\"@type\":\"Organization\",\"@id\":\"https:\\\/\\\/www.dillerbottle.com\\\/#organization\",\"name\":\"Diller Water Bottle Manufacturer\",\"url\":\"https:\\\/\\\/www.dillerbottle.com\\\/\",\"logo\":{\"@type\":\"ImageObject\",\"inLanguage\":\"fr-FR\",\"@id\":\"https:\\\/\\\/www.dillerbottle.com\\\/#\\\/schema\\\/logo\\\/image\\\/\",\"url\":\"https:\\\/\\\/www.dillerbottle.com\\\/wp-content\\\/uploads\\\/2024\\\/09\\\/49918bfa848dcc1e9f8b509933603ac.png\",\"contentUrl\":\"https:\\\/\\\/www.dillerbottle.com\\\/wp-content\\\/uploads\\\/2024\\\/09\\\/49918bfa848dcc1e9f8b509933603ac.png\",\"width\":988,\"height\":198,\"caption\":\"Diller Water Bottle Manufacturer\"},\"image\":{\"@id\":\"https:\\\/\\\/www.dillerbottle.com\\\/#\\\/schema\\\/logo\\\/image\\\/\"}}]}<\/script>\n<!-- \/ Yoast SEO Premium plugin. -->","yoast_head_json":{"title":"Bouteille isotherme panda en acier inoxydable SUS316 de marque OEM - Diller Fabricant de bouteilles d'eau","description":"Bouteille \u00e0 th\u00e9 isol\u00e9e avec infuseur en acier inoxydable SUS316, 200\/280ml, pour les marques en gros et les marques priv\u00e9es.","robots":{"index":"index","follow":"follow","max-snippet":"max-snippet:-1","max-image-preview":"max-image-preview:large","max-video-preview":"max-video-preview:-1"},"canonical":"https:\/\/www.dillerbottle.com\/fr\/produits\/bouteille-isotherme-en-acier-inoxydable-200ml-sus316-panda-de-marque-oem","og_locale":"fr_FR","og_type":"article","og_title":"OEM brand 200ml SUS316 panda stainless steel insulated bottle","og_description":"OEM SUS316 insulated tea bottle with infuser, 200\/280ml leak-proof stainless steel thermo cup for wholesale and private label brands.","og_url":"https:\/\/www.dillerbottle.com\/fr\/produits\/bouteille-isotherme-en-acier-inoxydable-200ml-sus316-panda-de-marque-oem","og_site_name":"Diller Water Bottle Manufacturer","article_modified_time":"2026-02-12T08:10:43+00:00","og_image":[{"width":800,"height":800,"url":"https:\/\/www.dillerbottle.com\/wp-content\/uploads\/2026\/02\/oem-brand-200-ml-sus316-panda-stainless-steel-insulated-bottle-9314-1.jpg","type":"image\/jpeg"}],"twitter_card":"summary_large_image","twitter_misc":{"Dur\u00e9e de lecture estim\u00e9e":"3 minutes"},"schema":{"@context":"https:\/\/schema.org","@graph":[{"@type":"WebPage","@id":"https:\/\/www.dillerbottle.com\/products\/oem-brand-200ml-sus316-panda-stainless-steel-insulated-bottle","url":"https:\/\/www.dillerbottle.com\/products\/oem-brand-200ml-sus316-panda-stainless-steel-insulated-bottle","name":"Bouteille isotherme panda en acier inoxydable SUS316 de marque OEM - Diller Fabricant de bouteilles d'eau","isPartOf":{"@id":"https:\/\/www.dillerbottle.com\/#website"},"primaryImageOfPage":{"@id":"https:\/\/www.dillerbottle.com\/products\/oem-brand-200ml-sus316-panda-stainless-steel-insulated-bottle#primaryimage"},"image":{"@id":"https:\/\/www.dillerbottle.com\/products\/oem-brand-200ml-sus316-panda-stainless-steel-insulated-bottle#primaryimage"},"thumbnailUrl":"https:\/\/www.dillerbottle.com\/wp-content\/uploads\/2026\/02\/oem-brand-200-ml-sus316-panda-stainless-steel-insulated-bottle-9314-1.jpg","datePublished":"2026-02-12T06:09:12+00:00","dateModified":"2026-02-12T08:10:43+00:00","description":"Bouteille \u00e0 th\u00e9 isol\u00e9e avec infuseur en acier inoxydable SUS316, 200\/280ml, pour les marques en gros et les marques priv\u00e9es.","breadcrumb":{"@id":"https:\/\/www.dillerbottle.com\/products\/oem-brand-200ml-sus316-panda-stainless-steel-insulated-bottle#breadcrumb"},"inLanguage":"fr-FR","potentialAction":[{"@type":"ReadAction","target":["https:\/\/www.dillerbottle.com\/products\/oem-brand-200ml-sus316-panda-stainless-steel-insulated-bottle"]}]},{"@type":"ImageObject","inLanguage":"fr-FR","@id":"https:\/\/www.dillerbottle.com\/products\/oem-brand-200ml-sus316-panda-stainless-steel-insulated-bottle#primaryimage","url":"https:\/\/www.dillerbottle.com\/wp-content\/uploads\/2026\/02\/oem-brand-200-ml-sus316-panda-stainless-steel-insulated-bottle-9314-1.jpg","contentUrl":"https:\/\/www.dillerbottle.com\/wp-content\/uploads\/2026\/02\/oem-brand-200-ml-sus316-panda-stainless-steel-insulated-bottle-9314-1.jpg","width":800,"height":800},{"@type":"BreadcrumbList","@id":"https:\/\/www.dillerbottle.com\/products\/oem-brand-200ml-sus316-panda-stainless-steel-insulated-bottle#breadcrumb","itemListElement":[{"@type":"ListItem","position":1,"name":"Home","item":"https:\/\/www.dillerbottle.com\/"},{"@type":"ListItem","position":2,"name":"Products","item":"https:\/\/www.dillerbottle.com\/shop"},{"@type":"ListItem","position":3,"name":"OEM brand 200ml SUS316 panda stainless steel insulated bottle"}]},{"@type":"WebSite","@id":"https:\/\/www.dillerbottle.com\/#website","url":"https:\/\/www.dillerbottle.com\/","name":"Fabricant de bouteilles d&#039;eau Diller","description":"Fabricant de bouteilles d&#039;eau","publisher":{"@id":"https:\/\/www.dillerbottle.com\/#organization"},"potentialAction":[{"@type":"SearchAction","target":{"@type":"EntryPoint","urlTemplate":"https:\/\/www.dillerbottle.com\/?s={search_term_string}"},"query-input":{"@type":"PropertyValueSpecification","valueRequired":true,"valueName":"search_term_string"}}],"inLanguage":"fr-FR"},{"@type":"Organization","@id":"https:\/\/www.dillerbottle.com\/#organization","name":"Fabricant de bouteilles d&#039;eau Diller","url":"https:\/\/www.dillerbottle.com\/","logo":{"@type":"ImageObject","inLanguage":"fr-FR","@id":"https:\/\/www.dillerbottle.com\/#\/schema\/logo\/image\/","url":"https:\/\/www.dillerbottle.com\/wp-content\/uploads\/2024\/09\/49918bfa848dcc1e9f8b509933603ac.png","contentUrl":"https:\/\/www.dillerbottle.com\/wp-content\/uploads\/2024\/09\/49918bfa848dcc1e9f8b509933603ac.png","width":988,"height":198,"caption":"Diller Water Bottle Manufacturer"},"image":{"@id":"https:\/\/www.dillerbottle.com\/#\/schema\/logo\/image\/"}}]}},"_links":{"self":[{"href":"https:\/\/www.dillerbottle.com\/fr\/wp-json\/wp\/v2\/product\/17694","targetHints":{"allow":["GET"]}}],"collection":[{"href":"https:\/\/www.dillerbottle.com\/fr\/wp-json\/wp\/v2\/product"}],"about":[{"href":"https:\/\/www.dillerbottle.com\/fr\/wp-json\/wp\/v2\/types\/product"}],"replies":[{"embeddable":true,"href":"https:\/\/www.dillerbottle.com\/fr\/wp-json\/wp\/v2\/comments?post=17694"}],"wp:featuredmedia":[{"embeddable":true,"href":"https:\/\/www.dillerbottle.com\/fr\/wp-json\/wp\/v2\/media\/17699"}],"wp:attachment":[{"href":"https:\/\/www.dillerbottle.com\/fr\/wp-json\/wp\/v2\/media?parent=17694"}],"wp:term":[{"taxonomy":"product_brand","embeddable":true,"href":"https:\/\/www.dillerbottle.com\/fr\/wp-json\/wp\/v2\/product_brand?post=17694"},{"taxonomy":"product_cat","embeddable":true,"href":"https:\/\/www.dillerbottle.com\/fr\/wp-json\/wp\/v2\/product_cat?post=17694"},{"taxonomy":"product_tag","embeddable":true,"href":"https:\/\/www.dillerbottle.com\/fr\/wp-json\/wp\/v2\/product_tag?post=17694"}],"curies":[{"name":"wp","href":"https:\/\/api.w.org\/{rel}","templated":true}]}}