{"id":17709,"date":"2026-02-12T16:13:56","date_gmt":"2026-02-12T08:13:56","guid":{"rendered":"https:\/\/www.dillerbottle.com\/?post_type=product&#038;p=17709"},"modified":"2026-02-12T16:21:54","modified_gmt":"2026-02-12T08:21:54","slug":"bouteille-isotherme-oem-600ml-en-acier-inoxydable-avec-double-couvercle-pour-boire","status":"publish","type":"product","link":"https:\/\/www.dillerbottle.com\/fr\/products\/oem-600ml-stainless-steel-insulated-bottle-with-dual-drinking-lid","title":{"rendered":"OEM Bouteille isotherme en acier inoxydable de 600 ml avec couvercle double pour boire"},"content":{"rendered":"<p data-start=\"581\" data-end=\"779\">La bouteille isotherme DILLER D9312 est un gobelet en acier inoxydable de 600 ml con\u00e7u pour les marques et les distributeurs \u00e0 la recherche de solutions OEM fiables en mati\u00e8re de boissons pour les march\u00e9s du style de vie, des \u00e9tudiants et de la promotion.<\/p>\n<p data-start=\"781\" data-end=\"1051\">Dot\u00e9 d'un rev\u00eatement int\u00e9rieur en acier inoxydable SUS304, ce mod\u00e8le garantit un contact s\u00fbr avec les aliments, une r\u00e9sistance \u00e0 la corrosion et une durabilit\u00e9 \u00e0 long terme. La structure d'isolation sous vide \u00e0 double paroi permet de conserver efficacement la temp\u00e9rature des boissons chaudes et froides.<\/p>\n<p data-start=\"1053\" data-end=\"1330\">Le couvercle propose deux m\u00e9thodes de consommation, permettant aux utilisateurs de boire directement ou d'utiliser une ouverture de type paille, ce qui am\u00e9liore la fonctionnalit\u00e9 dans diff\u00e9rents sc\u00e9narios d'utilisation. La structure herm\u00e9tique permet de renverser la bouteille sans qu'elle ne fuie, ce qui permet de la transporter en toute s\u00e9curit\u00e9 dans les sacs et les sacs \u00e0 dos.<\/p>\n<p data-start=\"1332\" data-end=\"1574\">Le design de la corde portable est plus pratique pour les voyages, l'\u00e9cole, les activit\u00e9s de plein air et les d\u00e9placements quotidiens. La surface ext\u00e9rieure permet l'impression de logos et la personnalisation des couleurs, ce qui en fait un produit adapt\u00e9 aux projets de d\u00e9veloppement de marques et de labels priv\u00e9s.<\/p>\n<p data-start=\"1576\" data-end=\"1600\">Ce mod\u00e8le est id\u00e9al pour :<\/p>\n<ul data-start=\"1602\" data-end=\"1769\">\n<li data-start=\"1602\" data-end=\"1630\">\n<p data-start=\"1604\" data-end=\"1630\">Marques de boissons pour \u00e9tudiants<\/p>\n<\/li>\n<li data-start=\"1631\" data-end=\"1661\">\n<p data-start=\"1633\" data-end=\"1661\">Fournisseurs de cadeaux promotionnels<\/p>\n<\/li>\n<li data-start=\"1662\" data-end=\"1695\">\n<p data-start=\"1664\" data-end=\"1695\">Distributeurs de produits de sport et de plein air<\/p>\n<\/li>\n<li data-start=\"1696\" data-end=\"1732\">\n<p data-start=\"1698\" data-end=\"1732\">Marques priv\u00e9es d'ustensiles de cuisine<\/p>\n<\/li>\n<li data-start=\"1733\" data-end=\"1769\">\n<p data-start=\"1735\" data-end=\"1769\">Importateurs de bouteilles en acier inoxydable<\/p>\n<\/li>\n<\/ul>\n<p data-start=\"1771\" data-end=\"1903\">Des services OEM et ODM sont disponibles, y compris l'impression de logos, la personnalisation de l'emballage, les ajustements structurels et le d\u00e9veloppement des couleurs.<\/p>","protected":false},"excerpt":{"rendered":"<p>Bouteille isotherme en acier inoxydable de 600 ml avec deux m\u00e9thodes de consommation, conception \u00e9tanche et corde portable. Id\u00e9ale pour les OEM, les marques de distributeurs et les projets de vente en gros d'articles pour boissons.<\/p>","protected":false},"featured_media":17710,"comment_status":"open","ping_status":"closed","template":"","meta":{"_acf_changed":false},"product_brand":[],"product_cat":[18],"product_tag":[1029],"class_list":{"0":"post-17709","1":"product","2":"type-product","3":"status-publish","4":"has-post-thumbnail","6":"product_cat-insulated-water-bottle","7":"product_tag-stainless-vacuum-water-bottle","9":"first","10":"instock","11":"shipping-taxable","12":"product-type-simple"},"acf":[],"yoast_head":"<!-- This site is optimized with the Yoast SEO Premium plugin v27.4 (Yoast SEO v27.4) - https:\/\/yoast.com\/product\/yoast-seo-premium-wordpress\/ -->\n<title>OEM 600ml Stainless Steel Insulated Bottle with Dual Drinking Lid - Diller Water Bottle Manufacturer<\/title>\n<meta name=\"description\" content=\"OEM 600ml stainless steel insulated bottle with dual drinking lid, leak-proof thermo cup for wholesale and private label brands.\" \/>\n<meta name=\"robots\" content=\"index, follow, max-snippet:-1, max-image-preview:large, max-video-preview:-1\" \/>\n<link rel=\"canonical\" href=\"https:\/\/www.dillerbottle.com\/fr\/produits\/bouteille-isotherme-oem-600ml-en-acier-inoxydable-avec-double-couvercle-pour-boire\" \/>\n<meta property=\"og:locale\" content=\"fr_FR\" \/>\n<meta property=\"og:type\" content=\"article\" \/>\n<meta property=\"og:title\" content=\"OEM 600ml Stainless Steel Insulated Bottle with Dual Drinking Lid\" \/>\n<meta property=\"og:description\" content=\"OEM 600ml stainless steel insulated bottle with dual drinking lid, leak-proof thermo cup for wholesale and private label brands.\" \/>\n<meta property=\"og:url\" content=\"https:\/\/www.dillerbottle.com\/fr\/produits\/bouteille-isotherme-oem-600ml-en-acier-inoxydable-avec-double-couvercle-pour-boire\" \/>\n<meta property=\"og:site_name\" content=\"Diller Water Bottle Manufacturer\" \/>\n<meta property=\"article:modified_time\" content=\"2026-02-12T08:21:54+00:00\" \/>\n<meta property=\"og:image\" content=\"https:\/\/www.dillerbottle.com\/wp-content\/uploads\/2026\/02\/oem-600ml-stainless-steel-insulated-bottle-with-dual-drinking-lid-9312-1.jpg\" \/>\n\t<meta property=\"og:image:width\" content=\"800\" \/>\n\t<meta property=\"og:image:height\" content=\"800\" \/>\n\t<meta property=\"og:image:type\" content=\"image\/jpeg\" \/>\n<meta name=\"twitter:card\" content=\"summary_large_image\" \/>\n<meta name=\"twitter:label1\" content=\"Dur\u00e9e de lecture estim\u00e9e\" \/>\n\t<meta name=\"twitter:data1\" content=\"4 minutes\" \/>\n<script type=\"application\/ld+json\" class=\"yoast-schema-graph\">{\"@context\":\"https:\\\/\\\/schema.org\",\"@graph\":[{\"@type\":\"WebPage\",\"@id\":\"https:\\\/\\\/www.dillerbottle.com\\\/products\\\/oem-600ml-stainless-steel-insulated-bottle-with-dual-drinking-lid\",\"url\":\"https:\\\/\\\/www.dillerbottle.com\\\/products\\\/oem-600ml-stainless-steel-insulated-bottle-with-dual-drinking-lid\",\"name\":\"OEM 600ml Stainless Steel Insulated Bottle with Dual Drinking Lid - Diller Water Bottle Manufacturer\",\"isPartOf\":{\"@id\":\"https:\\\/\\\/www.dillerbottle.com\\\/#website\"},\"primaryImageOfPage\":{\"@id\":\"https:\\\/\\\/www.dillerbottle.com\\\/products\\\/oem-600ml-stainless-steel-insulated-bottle-with-dual-drinking-lid#primaryimage\"},\"image\":{\"@id\":\"https:\\\/\\\/www.dillerbottle.com\\\/products\\\/oem-600ml-stainless-steel-insulated-bottle-with-dual-drinking-lid#primaryimage\"},\"thumbnailUrl\":\"https:\\\/\\\/www.dillerbottle.com\\\/wp-content\\\/uploads\\\/2026\\\/02\\\/oem-600ml-stainless-steel-insulated-bottle-with-dual-drinking-lid-9312-1.jpg\",\"datePublished\":\"2026-02-12T08:13:56+00:00\",\"dateModified\":\"2026-02-12T08:21:54+00:00\",\"description\":\"OEM 600ml stainless steel insulated bottle with dual drinking lid, leak-proof thermo cup for wholesale and private label brands.\",\"breadcrumb\":{\"@id\":\"https:\\\/\\\/www.dillerbottle.com\\\/products\\\/oem-600ml-stainless-steel-insulated-bottle-with-dual-drinking-lid#breadcrumb\"},\"inLanguage\":\"fr-FR\",\"potentialAction\":[{\"@type\":\"ReadAction\",\"target\":[\"https:\\\/\\\/www.dillerbottle.com\\\/products\\\/oem-600ml-stainless-steel-insulated-bottle-with-dual-drinking-lid\"]}]},{\"@type\":\"ImageObject\",\"inLanguage\":\"fr-FR\",\"@id\":\"https:\\\/\\\/www.dillerbottle.com\\\/products\\\/oem-600ml-stainless-steel-insulated-bottle-with-dual-drinking-lid#primaryimage\",\"url\":\"https:\\\/\\\/www.dillerbottle.com\\\/wp-content\\\/uploads\\\/2026\\\/02\\\/oem-600ml-stainless-steel-insulated-bottle-with-dual-drinking-lid-9312-1.jpg\",\"contentUrl\":\"https:\\\/\\\/www.dillerbottle.com\\\/wp-content\\\/uploads\\\/2026\\\/02\\\/oem-600ml-stainless-steel-insulated-bottle-with-dual-drinking-lid-9312-1.jpg\",\"width\":800,\"height\":800},{\"@type\":\"BreadcrumbList\",\"@id\":\"https:\\\/\\\/www.dillerbottle.com\\\/products\\\/oem-600ml-stainless-steel-insulated-bottle-with-dual-drinking-lid#breadcrumb\",\"itemListElement\":[{\"@type\":\"ListItem\",\"position\":1,\"name\":\"Home\",\"item\":\"https:\\\/\\\/www.dillerbottle.com\\\/\"},{\"@type\":\"ListItem\",\"position\":2,\"name\":\"Products\",\"item\":\"https:\\\/\\\/www.dillerbottle.com\\\/shop\"},{\"@type\":\"ListItem\",\"position\":3,\"name\":\"OEM 600ml Stainless Steel Insulated Bottle with Dual Drinking Lid\"}]},{\"@type\":\"WebSite\",\"@id\":\"https:\\\/\\\/www.dillerbottle.com\\\/#website\",\"url\":\"https:\\\/\\\/www.dillerbottle.com\\\/\",\"name\":\"Diller Water Bottle Manufacturer\",\"description\":\"Water Bottle Manufacturer\",\"publisher\":{\"@id\":\"https:\\\/\\\/www.dillerbottle.com\\\/#organization\"},\"potentialAction\":[{\"@type\":\"SearchAction\",\"target\":{\"@type\":\"EntryPoint\",\"urlTemplate\":\"https:\\\/\\\/www.dillerbottle.com\\\/?s={search_term_string}\"},\"query-input\":{\"@type\":\"PropertyValueSpecification\",\"valueRequired\":true,\"valueName\":\"search_term_string\"}}],\"inLanguage\":\"fr-FR\"},{\"@type\":\"Organization\",\"@id\":\"https:\\\/\\\/www.dillerbottle.com\\\/#organization\",\"name\":\"Diller Water Bottle Manufacturer\",\"url\":\"https:\\\/\\\/www.dillerbottle.com\\\/\",\"logo\":{\"@type\":\"ImageObject\",\"inLanguage\":\"fr-FR\",\"@id\":\"https:\\\/\\\/www.dillerbottle.com\\\/#\\\/schema\\\/logo\\\/image\\\/\",\"url\":\"https:\\\/\\\/www.dillerbottle.com\\\/wp-content\\\/uploads\\\/2024\\\/09\\\/49918bfa848dcc1e9f8b509933603ac.png\",\"contentUrl\":\"https:\\\/\\\/www.dillerbottle.com\\\/wp-content\\\/uploads\\\/2024\\\/09\\\/49918bfa848dcc1e9f8b509933603ac.png\",\"width\":988,\"height\":198,\"caption\":\"Diller Water Bottle Manufacturer\"},\"image\":{\"@id\":\"https:\\\/\\\/www.dillerbottle.com\\\/#\\\/schema\\\/logo\\\/image\\\/\"}}]}<\/script>\n<!-- \/ Yoast SEO Premium plugin. -->","yoast_head_json":{"title":"OEM Bouteille isotherme en acier inoxydable de 600ml avec double couvercle - Diller Fabricant de bouteilles d'eau","description":"Bouteille isotherme OEM en acier inoxydable de 600 ml avec double couvercle, gobelet thermo \u00e9tanche pour les grossistes et les marques de distributeur.","robots":{"index":"index","follow":"follow","max-snippet":"max-snippet:-1","max-image-preview":"max-image-preview:large","max-video-preview":"max-video-preview:-1"},"canonical":"https:\/\/www.dillerbottle.com\/fr\/produits\/bouteille-isotherme-oem-600ml-en-acier-inoxydable-avec-double-couvercle-pour-boire","og_locale":"fr_FR","og_type":"article","og_title":"OEM 600ml Stainless Steel Insulated Bottle with Dual Drinking Lid","og_description":"OEM 600ml stainless steel insulated bottle with dual drinking lid, leak-proof thermo cup for wholesale and private label brands.","og_url":"https:\/\/www.dillerbottle.com\/fr\/produits\/bouteille-isotherme-oem-600ml-en-acier-inoxydable-avec-double-couvercle-pour-boire","og_site_name":"Diller Water Bottle Manufacturer","article_modified_time":"2026-02-12T08:21:54+00:00","og_image":[{"width":800,"height":800,"url":"https:\/\/www.dillerbottle.com\/wp-content\/uploads\/2026\/02\/oem-600ml-stainless-steel-insulated-bottle-with-dual-drinking-lid-9312-1.jpg","type":"image\/jpeg"}],"twitter_card":"summary_large_image","twitter_misc":{"Dur\u00e9e de lecture estim\u00e9e":"4 minutes"},"schema":{"@context":"https:\/\/schema.org","@graph":[{"@type":"WebPage","@id":"https:\/\/www.dillerbottle.com\/products\/oem-600ml-stainless-steel-insulated-bottle-with-dual-drinking-lid","url":"https:\/\/www.dillerbottle.com\/products\/oem-600ml-stainless-steel-insulated-bottle-with-dual-drinking-lid","name":"OEM Bouteille isotherme en acier inoxydable de 600ml avec double couvercle - Diller Fabricant de bouteilles d'eau","isPartOf":{"@id":"https:\/\/www.dillerbottle.com\/#website"},"primaryImageOfPage":{"@id":"https:\/\/www.dillerbottle.com\/products\/oem-600ml-stainless-steel-insulated-bottle-with-dual-drinking-lid#primaryimage"},"image":{"@id":"https:\/\/www.dillerbottle.com\/products\/oem-600ml-stainless-steel-insulated-bottle-with-dual-drinking-lid#primaryimage"},"thumbnailUrl":"https:\/\/www.dillerbottle.com\/wp-content\/uploads\/2026\/02\/oem-600ml-stainless-steel-insulated-bottle-with-dual-drinking-lid-9312-1.jpg","datePublished":"2026-02-12T08:13:56+00:00","dateModified":"2026-02-12T08:21:54+00:00","description":"Bouteille isotherme OEM en acier inoxydable de 600 ml avec double couvercle, gobelet thermo \u00e9tanche pour les grossistes et les marques de distributeur.","breadcrumb":{"@id":"https:\/\/www.dillerbottle.com\/products\/oem-600ml-stainless-steel-insulated-bottle-with-dual-drinking-lid#breadcrumb"},"inLanguage":"fr-FR","potentialAction":[{"@type":"ReadAction","target":["https:\/\/www.dillerbottle.com\/products\/oem-600ml-stainless-steel-insulated-bottle-with-dual-drinking-lid"]}]},{"@type":"ImageObject","inLanguage":"fr-FR","@id":"https:\/\/www.dillerbottle.com\/products\/oem-600ml-stainless-steel-insulated-bottle-with-dual-drinking-lid#primaryimage","url":"https:\/\/www.dillerbottle.com\/wp-content\/uploads\/2026\/02\/oem-600ml-stainless-steel-insulated-bottle-with-dual-drinking-lid-9312-1.jpg","contentUrl":"https:\/\/www.dillerbottle.com\/wp-content\/uploads\/2026\/02\/oem-600ml-stainless-steel-insulated-bottle-with-dual-drinking-lid-9312-1.jpg","width":800,"height":800},{"@type":"BreadcrumbList","@id":"https:\/\/www.dillerbottle.com\/products\/oem-600ml-stainless-steel-insulated-bottle-with-dual-drinking-lid#breadcrumb","itemListElement":[{"@type":"ListItem","position":1,"name":"Home","item":"https:\/\/www.dillerbottle.com\/"},{"@type":"ListItem","position":2,"name":"Products","item":"https:\/\/www.dillerbottle.com\/shop"},{"@type":"ListItem","position":3,"name":"OEM 600ml Stainless Steel Insulated Bottle with Dual Drinking Lid"}]},{"@type":"WebSite","@id":"https:\/\/www.dillerbottle.com\/#website","url":"https:\/\/www.dillerbottle.com\/","name":"Fabricant de bouteilles d&#039;eau Diller","description":"Fabricant de bouteilles d&#039;eau","publisher":{"@id":"https:\/\/www.dillerbottle.com\/#organization"},"potentialAction":[{"@type":"SearchAction","target":{"@type":"EntryPoint","urlTemplate":"https:\/\/www.dillerbottle.com\/?s={search_term_string}"},"query-input":{"@type":"PropertyValueSpecification","valueRequired":true,"valueName":"search_term_string"}}],"inLanguage":"fr-FR"},{"@type":"Organization","@id":"https:\/\/www.dillerbottle.com\/#organization","name":"Fabricant de bouteilles d&#039;eau Diller","url":"https:\/\/www.dillerbottle.com\/","logo":{"@type":"ImageObject","inLanguage":"fr-FR","@id":"https:\/\/www.dillerbottle.com\/#\/schema\/logo\/image\/","url":"https:\/\/www.dillerbottle.com\/wp-content\/uploads\/2024\/09\/49918bfa848dcc1e9f8b509933603ac.png","contentUrl":"https:\/\/www.dillerbottle.com\/wp-content\/uploads\/2024\/09\/49918bfa848dcc1e9f8b509933603ac.png","width":988,"height":198,"caption":"Diller Water Bottle Manufacturer"},"image":{"@id":"https:\/\/www.dillerbottle.com\/#\/schema\/logo\/image\/"}}]}},"_links":{"self":[{"href":"https:\/\/www.dillerbottle.com\/fr\/wp-json\/wp\/v2\/product\/17709","targetHints":{"allow":["GET"]}}],"collection":[{"href":"https:\/\/www.dillerbottle.com\/fr\/wp-json\/wp\/v2\/product"}],"about":[{"href":"https:\/\/www.dillerbottle.com\/fr\/wp-json\/wp\/v2\/types\/product"}],"replies":[{"embeddable":true,"href":"https:\/\/www.dillerbottle.com\/fr\/wp-json\/wp\/v2\/comments?post=17709"}],"wp:featuredmedia":[{"embeddable":true,"href":"https:\/\/www.dillerbottle.com\/fr\/wp-json\/wp\/v2\/media\/17710"}],"wp:attachment":[{"href":"https:\/\/www.dillerbottle.com\/fr\/wp-json\/wp\/v2\/media?parent=17709"}],"wp:term":[{"taxonomy":"product_brand","embeddable":true,"href":"https:\/\/www.dillerbottle.com\/fr\/wp-json\/wp\/v2\/product_brand?post=17709"},{"taxonomy":"product_cat","embeddable":true,"href":"https:\/\/www.dillerbottle.com\/fr\/wp-json\/wp\/v2\/product_cat?post=17709"},{"taxonomy":"product_tag","embeddable":true,"href":"https:\/\/www.dillerbottle.com\/fr\/wp-json\/wp\/v2\/product_tag?post=17709"}],"curies":[{"name":"wp","href":"https:\/\/api.w.org\/{rel}","templated":true}]}}