{"id":17757,"date":"2026-02-13T14:25:28","date_gmt":"2026-02-13T06:25:28","guid":{"rendered":"https:\/\/www.dillerbottle.com\/?post_type=product&#038;p=17757"},"modified":"2026-02-13T14:40:57","modified_gmt":"2026-02-13T06:40:57","slug":"diller-600ml-tritan-double-water-bottle-with-customized-logo","status":"publish","type":"product","link":"https:\/\/www.dillerbottle.com\/fr\/products\/diller-600ml-tritan-double-water-bottle-with-customized-logo","title":{"rendered":"Diller 600ml Tritan double bouteille d'eau avec logo personnalis\u00e9"},"content":{"rendered":"<h2 data-start=\"598\" data-end=\"661\">Bouteille d'eau Tritan \u00e0 double usage 600ML - Factory Direct Supply<\/h2>\n<p data-start=\"663\" data-end=\"838\">La bouteille d'eau DILLER D2517 Tritan a \u00e9t\u00e9 con\u00e7ue pour les distributeurs mondiaux, les propri\u00e9taires de marques et les acheteurs en gros qui recherchent des solutions s\u00fbres, durables et personnalisables en mati\u00e8re d'articles pour boissons.<\/p>\n<p data-start=\"840\" data-end=\"1077\">Fabriqu\u00e9e avec du Tritan de haute qualit\u00e9, du silicone de qualit\u00e9 alimentaire et des composants en PP de qualit\u00e9 alimentaire, cette bouteille r\u00e9pond aux normes de s\u00e9curit\u00e9 internationales et convient \u00e0 la distribution au d\u00e9tail, aux campagnes promotionnelles et aux projets de marques priv\u00e9es.<\/p>\n<p data-start=\"1079\" data-end=\"1256\">Le corps enti\u00e8rement d\u00e9tachable facilite le nettoyage et l'entretien, tandis que le couvercle \u00e0 double boisson permet de boire directement ou \u00e0 l'aide d'une paille, afin de r\u00e9pondre aux diverses pr\u00e9f\u00e9rences du march\u00e9.<\/p>\n<p data-start=\"1258\" data-end=\"1404\">Sa structure \u00e9tanche garantit l'absence de fuite d'eau m\u00eame lorsqu'il est invers\u00e9, ce qui le rend adapt\u00e9 aux march\u00e9s de l'\u00e9cole, du plein air, des voyages et de l'usage quotidien.<\/p>\n<p data-start=\"1406\" data-end=\"1521\">L'illustration attrayante du panda Sakura est \u00e9galement id\u00e9ale pour les lignes de produits ax\u00e9es sur la jeunesse et le style de vie.<\/p>","protected":false},"excerpt":{"rendered":"<p>DILLER D2517 est une bouteille d'eau de 600 ml en Tritan sans BPA con\u00e7ue pour les acheteurs en gros, les distributeurs et les projets OEM. Dot\u00e9e d'un couvercle qui s'ouvre en un clic, d'une structure \u00e9tanche et d'un corps amovible, elle est id\u00e9ale pour les commandes en gros, les marques de distributeurs et les march\u00e9s promotionnels.<\/p>","protected":false},"featured_media":17763,"comment_status":"open","ping_status":"closed","template":"","meta":{"_acf_changed":false},"product_brand":[],"product_cat":[309],"product_tag":[1170],"class_list":{"0":"post-17757","1":"product","2":"type-product","3":"status-publish","4":"has-post-thumbnail","6":"product_cat-plastic-water-bottle","7":"product_tag-plastic-water-bottle","9":"first","10":"instock","11":"shipping-taxable","12":"product-type-simple"},"acf":[],"yoast_head":"<!-- This site is optimized with the Yoast SEO Premium plugin v27.6 (Yoast SEO v27.6) - https:\/\/yoast.com\/product\/yoast-seo-premium-wordpress\/ -->\n<title>Diller 600ml Tritan double water bottle with customized logo - Diller Water Bottle Manufacturer<\/title>\n<meta name=\"description\" content=\"600ML Tritan dual-drink water bottle manufacturer and wholesale supplier. DILLER offers BPA-free custom logo water bottles for distributors, OEM, private label and bulk orders worldwide.\" \/>\n<meta name=\"robots\" content=\"index, follow, max-snippet:-1, max-image-preview:large, max-video-preview:-1\" \/>\n<link rel=\"canonical\" href=\"https:\/\/www.dillerbottle.com\/fr\/produits\/diller-600ml-tritan-double-water-bottle-with-customized-logo\" \/>\n<meta property=\"og:locale\" content=\"fr_FR\" \/>\n<meta property=\"og:type\" content=\"article\" \/>\n<meta property=\"og:title\" content=\"Diller 600ml Tritan double water bottle with customized logo\" \/>\n<meta property=\"og:description\" content=\"600ML Tritan dual-drink water bottle manufacturer and wholesale supplier. DILLER offers BPA-free custom logo water bottles for distributors, OEM, private label and bulk orders worldwide.\" \/>\n<meta property=\"og:url\" content=\"https:\/\/www.dillerbottle.com\/fr\/produits\/diller-600ml-tritan-double-water-bottle-with-customized-logo\" \/>\n<meta property=\"og:site_name\" content=\"Diller Water Bottle Manufacturer\" \/>\n<meta property=\"article:modified_time\" content=\"2026-02-13T06:40:57+00:00\" \/>\n<meta property=\"og:image\" content=\"https:\/\/www.dillerbottle.com\/wp-content\/uploads\/2026\/02\/diller-600ml-tritan-double-water-bottle-with-customized-logo-d2517-4.jpg\" \/>\n\t<meta property=\"og:image:width\" content=\"800\" \/>\n\t<meta property=\"og:image:height\" content=\"800\" \/>\n\t<meta property=\"og:image:type\" content=\"image\/jpeg\" \/>\n<meta name=\"twitter:card\" content=\"summary_large_image\" \/>\n<meta name=\"twitter:label1\" content=\"Dur\u00e9e de lecture estim\u00e9e\" \/>\n\t<meta name=\"twitter:data1\" content=\"4 minutes\" \/>\n<script type=\"application\/ld+json\" class=\"yoast-schema-graph\">{\"@context\":\"https:\\\/\\\/schema.org\",\"@graph\":[{\"@type\":\"WebPage\",\"@id\":\"https:\\\/\\\/www.dillerbottle.com\\\/products\\\/diller-600ml-tritan-double-water-bottle-with-customized-logo\",\"url\":\"https:\\\/\\\/www.dillerbottle.com\\\/products\\\/diller-600ml-tritan-double-water-bottle-with-customized-logo\",\"name\":\"Diller 600ml Tritan double water bottle with customized logo - Diller Water Bottle Manufacturer\",\"isPartOf\":{\"@id\":\"https:\\\/\\\/www.dillerbottle.com\\\/#website\"},\"primaryImageOfPage\":{\"@id\":\"https:\\\/\\\/www.dillerbottle.com\\\/products\\\/diller-600ml-tritan-double-water-bottle-with-customized-logo#primaryimage\"},\"image\":{\"@id\":\"https:\\\/\\\/www.dillerbottle.com\\\/products\\\/diller-600ml-tritan-double-water-bottle-with-customized-logo#primaryimage\"},\"thumbnailUrl\":\"https:\\\/\\\/www.dillerbottle.com\\\/wp-content\\\/uploads\\\/2026\\\/02\\\/diller-600ml-tritan-double-water-bottle-with-customized-logo-d2517-4.jpg\",\"datePublished\":\"2026-02-13T06:25:28+00:00\",\"dateModified\":\"2026-02-13T06:40:57+00:00\",\"description\":\"600ML Tritan dual-drink water bottle manufacturer and wholesale supplier. DILLER offers BPA-free custom logo water bottles for distributors, OEM, private label and bulk orders worldwide.\",\"breadcrumb\":{\"@id\":\"https:\\\/\\\/www.dillerbottle.com\\\/products\\\/diller-600ml-tritan-double-water-bottle-with-customized-logo#breadcrumb\"},\"inLanguage\":\"fr-FR\",\"potentialAction\":[{\"@type\":\"ReadAction\",\"target\":[\"https:\\\/\\\/www.dillerbottle.com\\\/products\\\/diller-600ml-tritan-double-water-bottle-with-customized-logo\"]}]},{\"@type\":\"ImageObject\",\"inLanguage\":\"fr-FR\",\"@id\":\"https:\\\/\\\/www.dillerbottle.com\\\/products\\\/diller-600ml-tritan-double-water-bottle-with-customized-logo#primaryimage\",\"url\":\"https:\\\/\\\/www.dillerbottle.com\\\/wp-content\\\/uploads\\\/2026\\\/02\\\/diller-600ml-tritan-double-water-bottle-with-customized-logo-d2517-4.jpg\",\"contentUrl\":\"https:\\\/\\\/www.dillerbottle.com\\\/wp-content\\\/uploads\\\/2026\\\/02\\\/diller-600ml-tritan-double-water-bottle-with-customized-logo-d2517-4.jpg\",\"width\":800,\"height\":800},{\"@type\":\"BreadcrumbList\",\"@id\":\"https:\\\/\\\/www.dillerbottle.com\\\/products\\\/diller-600ml-tritan-double-water-bottle-with-customized-logo#breadcrumb\",\"itemListElement\":[{\"@type\":\"ListItem\",\"position\":1,\"name\":\"Home\",\"item\":\"https:\\\/\\\/www.dillerbottle.com\\\/\"},{\"@type\":\"ListItem\",\"position\":2,\"name\":\"Products\",\"item\":\"https:\\\/\\\/www.dillerbottle.com\\\/shop\"},{\"@type\":\"ListItem\",\"position\":3,\"name\":\"Diller 600ml Tritan double water bottle with customized logo\"}]},{\"@type\":\"WebSite\",\"@id\":\"https:\\\/\\\/www.dillerbottle.com\\\/#website\",\"url\":\"https:\\\/\\\/www.dillerbottle.com\\\/\",\"name\":\"Diller Water Bottle Manufacturer\",\"description\":\"Water Bottle Manufacturer\",\"publisher\":{\"@id\":\"https:\\\/\\\/www.dillerbottle.com\\\/#organization\"},\"potentialAction\":[{\"@type\":\"SearchAction\",\"target\":{\"@type\":\"EntryPoint\",\"urlTemplate\":\"https:\\\/\\\/www.dillerbottle.com\\\/?s={search_term_string}\"},\"query-input\":{\"@type\":\"PropertyValueSpecification\",\"valueRequired\":true,\"valueName\":\"search_term_string\"}}],\"inLanguage\":\"fr-FR\"},{\"@type\":\"Organization\",\"@id\":\"https:\\\/\\\/www.dillerbottle.com\\\/#organization\",\"name\":\"Diller Water Bottle Manufacturer\",\"url\":\"https:\\\/\\\/www.dillerbottle.com\\\/\",\"logo\":{\"@type\":\"ImageObject\",\"inLanguage\":\"fr-FR\",\"@id\":\"https:\\\/\\\/www.dillerbottle.com\\\/#\\\/schema\\\/logo\\\/image\\\/\",\"url\":\"https:\\\/\\\/www.dillerbottle.com\\\/wp-content\\\/uploads\\\/2024\\\/09\\\/49918bfa848dcc1e9f8b509933603ac.png\",\"contentUrl\":\"https:\\\/\\\/www.dillerbottle.com\\\/wp-content\\\/uploads\\\/2024\\\/09\\\/49918bfa848dcc1e9f8b509933603ac.png\",\"width\":988,\"height\":198,\"caption\":\"Diller Water Bottle Manufacturer\"},\"image\":{\"@id\":\"https:\\\/\\\/www.dillerbottle.com\\\/#\\\/schema\\\/logo\\\/image\\\/\"}}]}<\/script>\n<!-- \/ Yoast SEO Premium plugin. -->","yoast_head_json":{"title":"Diller Bouteille d'eau double en Tritan de 600ml avec logo personnalis\u00e9 - Fabricant de bouteilles d'eau Diller","description":"Fabricant et fournisseur en gros de bouteilles d'eau double boisson Tritan de 600ML. DILLER propose des bouteilles d'eau personnalis\u00e9es sans BPA pour distributeurs, OEM, marque priv\u00e9e et commandes en vrac dans le monde entier.","robots":{"index":"index","follow":"follow","max-snippet":"max-snippet:-1","max-image-preview":"max-image-preview:large","max-video-preview":"max-video-preview:-1"},"canonical":"https:\/\/www.dillerbottle.com\/fr\/produits\/diller-600ml-tritan-double-water-bottle-with-customized-logo","og_locale":"fr_FR","og_type":"article","og_title":"Diller 600ml Tritan double water bottle with customized logo","og_description":"600ML Tritan dual-drink water bottle manufacturer and wholesale supplier. DILLER offers BPA-free custom logo water bottles for distributors, OEM, private label and bulk orders worldwide.","og_url":"https:\/\/www.dillerbottle.com\/fr\/produits\/diller-600ml-tritan-double-water-bottle-with-customized-logo","og_site_name":"Diller Water Bottle Manufacturer","article_modified_time":"2026-02-13T06:40:57+00:00","og_image":[{"width":800,"height":800,"url":"https:\/\/www.dillerbottle.com\/wp-content\/uploads\/2026\/02\/diller-600ml-tritan-double-water-bottle-with-customized-logo-d2517-4.jpg","type":"image\/jpeg"}],"twitter_card":"summary_large_image","twitter_misc":{"Dur\u00e9e de lecture estim\u00e9e":"4 minutes"},"schema":{"@context":"https:\/\/schema.org","@graph":[{"@type":"WebPage","@id":"https:\/\/www.dillerbottle.com\/products\/diller-600ml-tritan-double-water-bottle-with-customized-logo","url":"https:\/\/www.dillerbottle.com\/products\/diller-600ml-tritan-double-water-bottle-with-customized-logo","name":"Diller Bouteille d'eau double en Tritan de 600ml avec logo personnalis\u00e9 - Fabricant de bouteilles d'eau Diller","isPartOf":{"@id":"https:\/\/www.dillerbottle.com\/#website"},"primaryImageOfPage":{"@id":"https:\/\/www.dillerbottle.com\/products\/diller-600ml-tritan-double-water-bottle-with-customized-logo#primaryimage"},"image":{"@id":"https:\/\/www.dillerbottle.com\/products\/diller-600ml-tritan-double-water-bottle-with-customized-logo#primaryimage"},"thumbnailUrl":"https:\/\/www.dillerbottle.com\/wp-content\/uploads\/2026\/02\/diller-600ml-tritan-double-water-bottle-with-customized-logo-d2517-4.jpg","datePublished":"2026-02-13T06:25:28+00:00","dateModified":"2026-02-13T06:40:57+00:00","description":"Fabricant et fournisseur en gros de bouteilles d'eau double boisson Tritan de 600ML. DILLER propose des bouteilles d'eau personnalis\u00e9es sans BPA pour distributeurs, OEM, marque priv\u00e9e et commandes en vrac dans le monde entier.","breadcrumb":{"@id":"https:\/\/www.dillerbottle.com\/products\/diller-600ml-tritan-double-water-bottle-with-customized-logo#breadcrumb"},"inLanguage":"fr-FR","potentialAction":[{"@type":"ReadAction","target":["https:\/\/www.dillerbottle.com\/products\/diller-600ml-tritan-double-water-bottle-with-customized-logo"]}]},{"@type":"ImageObject","inLanguage":"fr-FR","@id":"https:\/\/www.dillerbottle.com\/products\/diller-600ml-tritan-double-water-bottle-with-customized-logo#primaryimage","url":"https:\/\/www.dillerbottle.com\/wp-content\/uploads\/2026\/02\/diller-600ml-tritan-double-water-bottle-with-customized-logo-d2517-4.jpg","contentUrl":"https:\/\/www.dillerbottle.com\/wp-content\/uploads\/2026\/02\/diller-600ml-tritan-double-water-bottle-with-customized-logo-d2517-4.jpg","width":800,"height":800},{"@type":"BreadcrumbList","@id":"https:\/\/www.dillerbottle.com\/products\/diller-600ml-tritan-double-water-bottle-with-customized-logo#breadcrumb","itemListElement":[{"@type":"ListItem","position":1,"name":"Home","item":"https:\/\/www.dillerbottle.com\/"},{"@type":"ListItem","position":2,"name":"Products","item":"https:\/\/www.dillerbottle.com\/shop"},{"@type":"ListItem","position":3,"name":"Diller 600ml Tritan double water bottle with customized logo"}]},{"@type":"WebSite","@id":"https:\/\/www.dillerbottle.com\/#website","url":"https:\/\/www.dillerbottle.com\/","name":"Fabricant de bouteilles d&#039;eau Diller","description":"Fabricant de bouteilles d&#039;eau","publisher":{"@id":"https:\/\/www.dillerbottle.com\/#organization"},"potentialAction":[{"@type":"SearchAction","target":{"@type":"EntryPoint","urlTemplate":"https:\/\/www.dillerbottle.com\/?s={search_term_string}"},"query-input":{"@type":"PropertyValueSpecification","valueRequired":true,"valueName":"search_term_string"}}],"inLanguage":"fr-FR"},{"@type":"Organization","@id":"https:\/\/www.dillerbottle.com\/#organization","name":"Fabricant de bouteilles d&#039;eau Diller","url":"https:\/\/www.dillerbottle.com\/","logo":{"@type":"ImageObject","inLanguage":"fr-FR","@id":"https:\/\/www.dillerbottle.com\/#\/schema\/logo\/image\/","url":"https:\/\/www.dillerbottle.com\/wp-content\/uploads\/2024\/09\/49918bfa848dcc1e9f8b509933603ac.png","contentUrl":"https:\/\/www.dillerbottle.com\/wp-content\/uploads\/2024\/09\/49918bfa848dcc1e9f8b509933603ac.png","width":988,"height":198,"caption":"Diller Water Bottle Manufacturer"},"image":{"@id":"https:\/\/www.dillerbottle.com\/#\/schema\/logo\/image\/"}}]}},"_links":{"self":[{"href":"https:\/\/www.dillerbottle.com\/fr\/wp-json\/wp\/v2\/product\/17757","targetHints":{"allow":["GET"]}}],"collection":[{"href":"https:\/\/www.dillerbottle.com\/fr\/wp-json\/wp\/v2\/product"}],"about":[{"href":"https:\/\/www.dillerbottle.com\/fr\/wp-json\/wp\/v2\/types\/product"}],"replies":[{"embeddable":true,"href":"https:\/\/www.dillerbottle.com\/fr\/wp-json\/wp\/v2\/comments?post=17757"}],"wp:featuredmedia":[{"embeddable":true,"href":"https:\/\/www.dillerbottle.com\/fr\/wp-json\/wp\/v2\/media\/17763"}],"wp:attachment":[{"href":"https:\/\/www.dillerbottle.com\/fr\/wp-json\/wp\/v2\/media?parent=17757"}],"wp:term":[{"taxonomy":"product_brand","embeddable":true,"href":"https:\/\/www.dillerbottle.com\/fr\/wp-json\/wp\/v2\/product_brand?post=17757"},{"taxonomy":"product_cat","embeddable":true,"href":"https:\/\/www.dillerbottle.com\/fr\/wp-json\/wp\/v2\/product_cat?post=17757"},{"taxonomy":"product_tag","embeddable":true,"href":"https:\/\/www.dillerbottle.com\/fr\/wp-json\/wp\/v2\/product_tag?post=17757"}],"curies":[{"name":"wp","href":"https:\/\/api.w.org\/{rel}","templated":true}]}}