{"id":17787,"date":"2026-02-24T14:23:48","date_gmt":"2026-02-24T06:23:48","guid":{"rendered":"https:\/\/www.dillerbottle.com\/?post_type=product&#038;p=17787"},"modified":"2026-02-24T14:50:12","modified_gmt":"2026-02-24T06:50:12","slug":"pot-alimentaire-isotherme-de-520-ml","status":"publish","type":"product","link":"https:\/\/www.dillerbottle.com\/fr\/products\/520ml-insulated-food-jar","title":{"rendered":"Jarre alimentaire isotherme 520ML"},"content":{"rendered":"<h2 data-start=\"644\" data-end=\"695\">Jarre alimentaire isotherme 520ML - OEM &amp; Wholesale Ready<\/h2>\n<p data-start=\"697\" data-end=\"858\">Le pot alimentaire isotherme DILLER D9215 a \u00e9t\u00e9 sp\u00e9cialement con\u00e7u pour les distributeurs mondiaux, les d\u00e9taillants et les propri\u00e9taires de marques qui recherchent des r\u00e9cipients thermiques de haute qualit\u00e9 pour leurs repas.<\/p>\n<p data-start=\"860\" data-end=\"1146\">Fabriqu\u00e9 avec un rev\u00eatement int\u00e9rieur en acier inoxydable SUS316 et des mat\u00e9riaux de qualit\u00e9 alimentaire, ce pot alimentaire garantit un contact s\u00fbr avec les aliments et une durabilit\u00e9 \u00e0 long terme. Son excellente isolation permet de garder les aliments chauds ou froids pendant de longues heures, ce qui le rend adapt\u00e9 \u00e0 une utilisation au bureau, \u00e0 l'\u00e9cole, \u00e0 l'ext\u00e9rieur et en voyage.<\/p>\n<p data-start=\"1148\" data-end=\"1276\">Le syst\u00e8me d'\u00e9tanch\u00e9it\u00e9 \u00e0 360 degr\u00e9s emp\u00eache les fuites m\u00eame lorsque le bocal est renvers\u00e9, ce qui garantit la fiabilit\u00e9 du transport quotidien.<\/p>\n<hr data-start=\"1278\" data-end=\"1281\" \/>\n<h2 data-start=\"1283\" data-end=\"1312\">Con\u00e7u pour une utilisation pratique<\/h2>\n<p data-start=\"1314\" data-end=\"1553\">Le couvercle en PP \u00e0 double usage peut \u00eatre utilis\u00e9 comme un petit bol, ce qui permet de manger sur le pouce. Une cuill\u00e8re pliante en acier inoxydable est int\u00e9gr\u00e9e dans le couvercle int\u00e9rieur, ce qui permet aux utilisateurs de transporter facilement des ustensiles sans accessoires suppl\u00e9mentaires.<\/p>\n<p data-start=\"1555\" data-end=\"1665\">L'ouverture large facilite le remplissage, la consommation et le nettoyage, tout en \u00e9vitant l'accumulation de r\u00e9sidus alimentaires.<\/p>\n<hr data-start=\"1667\" data-end=\"1670\" \/>\n<h2 data-start=\"1672\" data-end=\"1702\">Caract\u00e9ristiques principales pour les acheteurs B2B<\/h2>\n<p data-start=\"1704\" data-end=\"2155\">- Rev\u00eatement int\u00e9rieur en acier inoxydable SUS316 (sans danger pour l'alimentation)<br data-start=\"1758\" data-end=\"1761\" \/>- Forte isolation pour les aliments chauds et froids<br data-start=\"1802\" data-end=\"1805\" \/>- Syst\u00e8me d'\u00e9tanch\u00e9it\u00e9 \u00e0 360 degr\u00e9s<br data-start=\"1843\" data-end=\"1846\" \/>- Couvercle \u00e0 double usage (le couvercle de la tasse peut \u00eatre utilis\u00e9 comme bol)<br data-start=\"1894\" data-end=\"1897\" \/>- Cuill\u00e8re pliante en acier inoxydable SUS304 int\u00e9gr\u00e9e<br data-start=\"1944\" data-end=\"1947\" \/>- Conception \u00e0 large ouverture pour faciliter le nettoyage et le remplissage<br data-start=\"1996\" data-end=\"1999\" \/>- Portable et compact Capacit\u00e9 de 520 ml<br data-start=\"2036\" data-end=\"2039\" \/>- PP de qualit\u00e9 alimentaire, joint d'\u00e9tanch\u00e9it\u00e9 en silicone<br data-start=\"2077\" data-end=\"2080\" \/>- Coque ext\u00e9rieure en acier inoxydable durable<br data-start=\"2117\" data-end=\"2120\" \/>- OEM et marquage personnalis\u00e9 disponibles<\/p>\n<hr data-start=\"2157\" data-end=\"2160\" \/>\n<h2 data-start=\"2162\" data-end=\"2192\">Support OEM et personnalisation<\/h2>\n<p data-start=\"2194\" data-end=\"2271\">En tant que fabricant professionnel de r\u00e9cipients pour boissons et aliments, DILLER fournit.. :<\/p>\n<p data-start=\"2273\" data-end=\"2440\">- Impression de logos personnalis\u00e9s<br data-start=\"2295\" data-end=\"2298\" \/>- Personnalisation des couleurs<br data-start=\"2319\" data-end=\"2322\" \/>- Conception de l'emballage<br data-start=\"2340\" data-end=\"2343\" \/>- D\u00e9veloppement de produits OEM \/ ODM<br data-start=\"2374\" data-end=\"2377\" \/>- Approvisionnement en gros<br data-start=\"2400\" data-end=\"2403\" \/>- Coop\u00e9ration entre distributeurs et agents<\/p>\n<p data-start=\"2442\" data-end=\"2490\">Nous invitons les partenaires internationaux \u00e0 coop\u00e9rer avec nous.<\/p>","protected":false},"excerpt":{"rendered":"<p>DILLER D9215 est un pot alimentaire isotherme de 520 ml en acier inoxydable SUS316, con\u00e7u pour les acheteurs en gros, les distributeurs et les projets OEM. Dot\u00e9 d'une forte isolation, d'une conception \u00e9tanche, d'un couvercle \u00e0 double usage et d'une cuill\u00e8re pliante int\u00e9gr\u00e9e, il est id\u00e9al pour les d\u00e9jeuners, les voyages et les march\u00e9s promotionnels.<\/p>","protected":false},"featured_media":17795,"comment_status":"open","ping_status":"closed","template":"","meta":{"_acf_changed":false},"product_brand":[],"product_cat":[108,18],"product_tag":[752],"class_list":{"0":"post-17787","1":"product","2":"type-product","3":"status-publish","4":"has-post-thumbnail","6":"product_cat-insulated-food-jar","7":"product_cat-insulated-water-bottle","8":"product_tag-eco-friendly-water-bottle-stainless-steel","10":"first","11":"instock","12":"shipping-taxable","13":"product-type-simple"},"acf":[],"yoast_head":"<!-- This site is optimized with the Yoast SEO Premium plugin v27.4 (Yoast SEO v27.4) - https:\/\/yoast.com\/product\/yoast-seo-premium-wordpress\/ -->\n<title>520ML Insulated Food Jar - Diller Water Bottle Manufacturer<\/title>\n<meta name=\"description\" content=\"520ML insulated food jar manufacturer and wholesale supplier. DILLER offers 316 stainless steel thermal lunch containers with custom logo, OEM service and bulk supply for distributors.\" \/>\n<meta name=\"robots\" content=\"index, follow, max-snippet:-1, max-image-preview:large, max-video-preview:-1\" \/>\n<link rel=\"canonical\" href=\"https:\/\/www.dillerbottle.com\/fr\/produits\/pot-alimentaire-isotherme-de-520-ml\" \/>\n<meta property=\"og:locale\" content=\"fr_FR\" \/>\n<meta property=\"og:type\" content=\"article\" \/>\n<meta property=\"og:title\" content=\"520ML Insulated Food Jar\" \/>\n<meta property=\"og:description\" content=\"520ML insulated food jar manufacturer and wholesale supplier. DILLER offers 316 stainless steel thermal lunch containers with custom logo, OEM service and bulk supply for distributors.\" \/>\n<meta property=\"og:url\" content=\"https:\/\/www.dillerbottle.com\/fr\/produits\/pot-alimentaire-isotherme-de-520-ml\" \/>\n<meta property=\"og:site_name\" content=\"Diller Water Bottle Manufacturer\" \/>\n<meta property=\"article:modified_time\" content=\"2026-02-24T06:50:12+00:00\" \/>\n<meta property=\"og:image\" content=\"https:\/\/www.dillerbottle.com\/wp-content\/uploads\/2026\/02\/520ml-insulated-food-jar-9215-1.jpg\" \/>\n\t<meta property=\"og:image:width\" content=\"800\" \/>\n\t<meta property=\"og:image:height\" content=\"800\" \/>\n\t<meta property=\"og:image:type\" content=\"image\/jpeg\" \/>\n<meta name=\"twitter:card\" content=\"summary_large_image\" \/>\n<meta name=\"twitter:label1\" content=\"Dur\u00e9e de lecture estim\u00e9e\" \/>\n\t<meta name=\"twitter:data1\" content=\"3 minutes\" \/>\n<script type=\"application\/ld+json\" class=\"yoast-schema-graph\">{\"@context\":\"https:\\\/\\\/schema.org\",\"@graph\":[{\"@type\":\"WebPage\",\"@id\":\"https:\\\/\\\/www.dillerbottle.com\\\/products\\\/520ml-insulated-food-jar\",\"url\":\"https:\\\/\\\/www.dillerbottle.com\\\/products\\\/520ml-insulated-food-jar\",\"name\":\"520ML Insulated Food Jar - Diller Water Bottle Manufacturer\",\"isPartOf\":{\"@id\":\"https:\\\/\\\/www.dillerbottle.com\\\/#website\"},\"primaryImageOfPage\":{\"@id\":\"https:\\\/\\\/www.dillerbottle.com\\\/products\\\/520ml-insulated-food-jar#primaryimage\"},\"image\":{\"@id\":\"https:\\\/\\\/www.dillerbottle.com\\\/products\\\/520ml-insulated-food-jar#primaryimage\"},\"thumbnailUrl\":\"https:\\\/\\\/www.dillerbottle.com\\\/wp-content\\\/uploads\\\/2026\\\/02\\\/520ml-insulated-food-jar-9215-1.jpg\",\"datePublished\":\"2026-02-24T06:23:48+00:00\",\"dateModified\":\"2026-02-24T06:50:12+00:00\",\"description\":\"520ML insulated food jar manufacturer and wholesale supplier. DILLER offers 316 stainless steel thermal lunch containers with custom logo, OEM service and bulk supply for distributors.\",\"breadcrumb\":{\"@id\":\"https:\\\/\\\/www.dillerbottle.com\\\/products\\\/520ml-insulated-food-jar#breadcrumb\"},\"inLanguage\":\"fr-FR\",\"potentialAction\":[{\"@type\":\"ReadAction\",\"target\":[\"https:\\\/\\\/www.dillerbottle.com\\\/products\\\/520ml-insulated-food-jar\"]}]},{\"@type\":\"ImageObject\",\"inLanguage\":\"fr-FR\",\"@id\":\"https:\\\/\\\/www.dillerbottle.com\\\/products\\\/520ml-insulated-food-jar#primaryimage\",\"url\":\"https:\\\/\\\/www.dillerbottle.com\\\/wp-content\\\/uploads\\\/2026\\\/02\\\/520ml-insulated-food-jar-9215-1.jpg\",\"contentUrl\":\"https:\\\/\\\/www.dillerbottle.com\\\/wp-content\\\/uploads\\\/2026\\\/02\\\/520ml-insulated-food-jar-9215-1.jpg\",\"width\":800,\"height\":800},{\"@type\":\"BreadcrumbList\",\"@id\":\"https:\\\/\\\/www.dillerbottle.com\\\/products\\\/520ml-insulated-food-jar#breadcrumb\",\"itemListElement\":[{\"@type\":\"ListItem\",\"position\":1,\"name\":\"Home\",\"item\":\"https:\\\/\\\/www.dillerbottle.com\\\/\"},{\"@type\":\"ListItem\",\"position\":2,\"name\":\"Products\",\"item\":\"https:\\\/\\\/www.dillerbottle.com\\\/shop\"},{\"@type\":\"ListItem\",\"position\":3,\"name\":\"520ML Insulated Food Jar\"}]},{\"@type\":\"WebSite\",\"@id\":\"https:\\\/\\\/www.dillerbottle.com\\\/#website\",\"url\":\"https:\\\/\\\/www.dillerbottle.com\\\/\",\"name\":\"Diller Water Bottle Manufacturer\",\"description\":\"Water Bottle Manufacturer\",\"publisher\":{\"@id\":\"https:\\\/\\\/www.dillerbottle.com\\\/#organization\"},\"potentialAction\":[{\"@type\":\"SearchAction\",\"target\":{\"@type\":\"EntryPoint\",\"urlTemplate\":\"https:\\\/\\\/www.dillerbottle.com\\\/?s={search_term_string}\"},\"query-input\":{\"@type\":\"PropertyValueSpecification\",\"valueRequired\":true,\"valueName\":\"search_term_string\"}}],\"inLanguage\":\"fr-FR\"},{\"@type\":\"Organization\",\"@id\":\"https:\\\/\\\/www.dillerbottle.com\\\/#organization\",\"name\":\"Diller Water Bottle Manufacturer\",\"url\":\"https:\\\/\\\/www.dillerbottle.com\\\/\",\"logo\":{\"@type\":\"ImageObject\",\"inLanguage\":\"fr-FR\",\"@id\":\"https:\\\/\\\/www.dillerbottle.com\\\/#\\\/schema\\\/logo\\\/image\\\/\",\"url\":\"https:\\\/\\\/www.dillerbottle.com\\\/wp-content\\\/uploads\\\/2024\\\/09\\\/49918bfa848dcc1e9f8b509933603ac.png\",\"contentUrl\":\"https:\\\/\\\/www.dillerbottle.com\\\/wp-content\\\/uploads\\\/2024\\\/09\\\/49918bfa848dcc1e9f8b509933603ac.png\",\"width\":988,\"height\":198,\"caption\":\"Diller Water Bottle Manufacturer\"},\"image\":{\"@id\":\"https:\\\/\\\/www.dillerbottle.com\\\/#\\\/schema\\\/logo\\\/image\\\/\"}}]}<\/script>\n<!-- \/ Yoast SEO Premium plugin. -->","yoast_head_json":{"title":"Bocal alimentaire isotherme 520ML - Diller Fabricant de bouteilles d'eau","description":"Le pot alimentaire isotherme 520ML est un fabricant et un fournisseur en gros. DILLER propose des bo\u00eetes \u00e0 lunch thermiques en acier inoxydable 316 avec logo personnalis\u00e9, service OEM et approvisionnement en vrac pour les distributeurs.","robots":{"index":"index","follow":"follow","max-snippet":"max-snippet:-1","max-image-preview":"max-image-preview:large","max-video-preview":"max-video-preview:-1"},"canonical":"https:\/\/www.dillerbottle.com\/fr\/produits\/pot-alimentaire-isotherme-de-520-ml","og_locale":"fr_FR","og_type":"article","og_title":"520ML Insulated Food Jar","og_description":"520ML insulated food jar manufacturer and wholesale supplier. DILLER offers 316 stainless steel thermal lunch containers with custom logo, OEM service and bulk supply for distributors.","og_url":"https:\/\/www.dillerbottle.com\/fr\/produits\/pot-alimentaire-isotherme-de-520-ml","og_site_name":"Diller Water Bottle Manufacturer","article_modified_time":"2026-02-24T06:50:12+00:00","og_image":[{"width":800,"height":800,"url":"https:\/\/www.dillerbottle.com\/wp-content\/uploads\/2026\/02\/520ml-insulated-food-jar-9215-1.jpg","type":"image\/jpeg"}],"twitter_card":"summary_large_image","twitter_misc":{"Dur\u00e9e de lecture estim\u00e9e":"3 minutes"},"schema":{"@context":"https:\/\/schema.org","@graph":[{"@type":"WebPage","@id":"https:\/\/www.dillerbottle.com\/products\/520ml-insulated-food-jar","url":"https:\/\/www.dillerbottle.com\/products\/520ml-insulated-food-jar","name":"Bocal alimentaire isotherme 520ML - Diller Fabricant de bouteilles d'eau","isPartOf":{"@id":"https:\/\/www.dillerbottle.com\/#website"},"primaryImageOfPage":{"@id":"https:\/\/www.dillerbottle.com\/products\/520ml-insulated-food-jar#primaryimage"},"image":{"@id":"https:\/\/www.dillerbottle.com\/products\/520ml-insulated-food-jar#primaryimage"},"thumbnailUrl":"https:\/\/www.dillerbottle.com\/wp-content\/uploads\/2026\/02\/520ml-insulated-food-jar-9215-1.jpg","datePublished":"2026-02-24T06:23:48+00:00","dateModified":"2026-02-24T06:50:12+00:00","description":"Le pot alimentaire isotherme 520ML est un fabricant et un fournisseur en gros. DILLER propose des bo\u00eetes \u00e0 lunch thermiques en acier inoxydable 316 avec logo personnalis\u00e9, service OEM et approvisionnement en vrac pour les distributeurs.","breadcrumb":{"@id":"https:\/\/www.dillerbottle.com\/products\/520ml-insulated-food-jar#breadcrumb"},"inLanguage":"fr-FR","potentialAction":[{"@type":"ReadAction","target":["https:\/\/www.dillerbottle.com\/products\/520ml-insulated-food-jar"]}]},{"@type":"ImageObject","inLanguage":"fr-FR","@id":"https:\/\/www.dillerbottle.com\/products\/520ml-insulated-food-jar#primaryimage","url":"https:\/\/www.dillerbottle.com\/wp-content\/uploads\/2026\/02\/520ml-insulated-food-jar-9215-1.jpg","contentUrl":"https:\/\/www.dillerbottle.com\/wp-content\/uploads\/2026\/02\/520ml-insulated-food-jar-9215-1.jpg","width":800,"height":800},{"@type":"BreadcrumbList","@id":"https:\/\/www.dillerbottle.com\/products\/520ml-insulated-food-jar#breadcrumb","itemListElement":[{"@type":"ListItem","position":1,"name":"Home","item":"https:\/\/www.dillerbottle.com\/"},{"@type":"ListItem","position":2,"name":"Products","item":"https:\/\/www.dillerbottle.com\/shop"},{"@type":"ListItem","position":3,"name":"520ML Insulated Food Jar"}]},{"@type":"WebSite","@id":"https:\/\/www.dillerbottle.com\/#website","url":"https:\/\/www.dillerbottle.com\/","name":"Fabricant de bouteilles d&#039;eau Diller","description":"Fabricant de bouteilles d&#039;eau","publisher":{"@id":"https:\/\/www.dillerbottle.com\/#organization"},"potentialAction":[{"@type":"SearchAction","target":{"@type":"EntryPoint","urlTemplate":"https:\/\/www.dillerbottle.com\/?s={search_term_string}"},"query-input":{"@type":"PropertyValueSpecification","valueRequired":true,"valueName":"search_term_string"}}],"inLanguage":"fr-FR"},{"@type":"Organization","@id":"https:\/\/www.dillerbottle.com\/#organization","name":"Fabricant de bouteilles d&#039;eau Diller","url":"https:\/\/www.dillerbottle.com\/","logo":{"@type":"ImageObject","inLanguage":"fr-FR","@id":"https:\/\/www.dillerbottle.com\/#\/schema\/logo\/image\/","url":"https:\/\/www.dillerbottle.com\/wp-content\/uploads\/2024\/09\/49918bfa848dcc1e9f8b509933603ac.png","contentUrl":"https:\/\/www.dillerbottle.com\/wp-content\/uploads\/2024\/09\/49918bfa848dcc1e9f8b509933603ac.png","width":988,"height":198,"caption":"Diller Water Bottle Manufacturer"},"image":{"@id":"https:\/\/www.dillerbottle.com\/#\/schema\/logo\/image\/"}}]}},"_links":{"self":[{"href":"https:\/\/www.dillerbottle.com\/fr\/wp-json\/wp\/v2\/product\/17787","targetHints":{"allow":["GET"]}}],"collection":[{"href":"https:\/\/www.dillerbottle.com\/fr\/wp-json\/wp\/v2\/product"}],"about":[{"href":"https:\/\/www.dillerbottle.com\/fr\/wp-json\/wp\/v2\/types\/product"}],"replies":[{"embeddable":true,"href":"https:\/\/www.dillerbottle.com\/fr\/wp-json\/wp\/v2\/comments?post=17787"}],"wp:featuredmedia":[{"embeddable":true,"href":"https:\/\/www.dillerbottle.com\/fr\/wp-json\/wp\/v2\/media\/17795"}],"wp:attachment":[{"href":"https:\/\/www.dillerbottle.com\/fr\/wp-json\/wp\/v2\/media?parent=17787"}],"wp:term":[{"taxonomy":"product_brand","embeddable":true,"href":"https:\/\/www.dillerbottle.com\/fr\/wp-json\/wp\/v2\/product_brand?post=17787"},{"taxonomy":"product_cat","embeddable":true,"href":"https:\/\/www.dillerbottle.com\/fr\/wp-json\/wp\/v2\/product_cat?post=17787"},{"taxonomy":"product_tag","embeddable":true,"href":"https:\/\/www.dillerbottle.com\/fr\/wp-json\/wp\/v2\/product_tag?post=17787"}],"curies":[{"name":"wp","href":"https:\/\/api.w.org\/{rel}","templated":true}]}}