{"id":2297,"date":"2024-09-25T10:36:33","date_gmt":"2024-09-25T02:36:33","guid":{"rendered":"https:\/\/demo.dillerbottle.com\/uncategorized\/koala-shape-baby-bottles"},"modified":"2025-07-10T15:55:53","modified_gmt":"2025-07-10T07:55:53","slug":"biberons-en-forme-de-koala","status":"publish","type":"product","link":"https:\/\/www.dillerbottle.com\/fr\/products\/koala-shape-baby-bottles","title":{"rendered":"Biberons en forme de koala"},"content":{"rendered":"<p>1. Les biberons en forme de koala sont fabriqu\u00e9s en PPSU ultra-r\u00e9sistant et l\u00e9ger. Le biberon est dot\u00e9 d&#039;une poign\u00e9e amovible et d&#039;une buse d&#039;aspiration en silicone souple, aidant le b\u00e9b\u00e9 \u00e0 passer du biberon au gobelet.<\/p>\n<p>2. Biberon pour b\u00e9b\u00e9 avec poign\u00e9es ergonomiques et faciles \u00e0 tenir.<\/p>\n<p>3. Les indications de capacit\u00e9 sur le biberon vous permettent de savoir quelle quantit\u00e9 de liquide votre b\u00e9b\u00e9 a consomm\u00e9e.<\/p>\n<p>4. La paille du biberon est \u00e9quip\u00e9e d&#039;une boule de gravit\u00e9, peu importe la fa\u00e7on dont le b\u00e9b\u00e9 bouge, il peut facilement boire le liquide sous n&#039;importe quel angle.<br \/>\n5. Un biberon de lait pour b\u00e9b\u00e9 d&#039;une capacit\u00e9 de 300 ml avec un couvercle de tasse en forme de koala vif et charmant peut attirer l&#039;attention du b\u00e9b\u00e9 et le faire adorer.<\/p>","protected":false},"excerpt":{"rendered":"<p>Ce biberon en forme de koala est fabriqu\u00e9 \u00e0 partir de PPSU et de mat\u00e9riaux de qualit\u00e9 alimentaire.<br \/>\nUn biberon de lait pour b\u00e9b\u00e9 d&#039;une capacit\u00e9 de 300 ml avec un couvercle de tasse en forme de koala vif et charmant peut attirer l&#039;attention du b\u00e9b\u00e9 et le faire adorer.<br \/>\nPoign\u00e9e en arc antid\u00e9rapante, tr\u00e8s confortable \u00e0 utiliser. OEM et ODM acceptables.<br \/>\nNous pouvons personnaliser les biberons selon vos besoins.<br \/>\nBienvenue \u00e0 l&#039;achat en gros, envoyez une demande maintenant !<\/p>","protected":false},"featured_media":2298,"comment_status":"open","ping_status":"closed","template":"","meta":{"_acf_changed":false},"product_brand":[],"product_cat":[77],"product_tag":[32,36,33,31,39,38,82,29,37,34,35,28,30],"class_list":{"0":"post-2297","1":"product","2":"type-product","3":"status-publish","4":"has-post-thumbnail","6":"product_cat-baby-bottles","7":"product_tag-best","8":"product_tag-bulk","9":"product_tag-buy","10":"product_tag-custom","11":"product_tag-for-sale","12":"product_tag-good-quality","13":"product_tag-koala-shape-baby-bottles","14":"product_tag-manufacturers","15":"product_tag-manufacturing","16":"product_tag-price","17":"product_tag-small","18":"product_tag-suppliers","19":"product_tag-wholesale","21":"first","22":"instock","23":"shipping-taxable","24":"product-type-simple"},"acf":[],"yoast_head":"<!-- This site is optimized with the Yoast SEO Premium plugin v27.4 (Yoast SEO v27.4) - https:\/\/yoast.com\/product\/yoast-seo-premium-wordpress\/ -->\n<title>Koala Shape Baby Bottles - Diller Water Bottle Manufacturer<\/title>\n<meta name=\"description\" content=\"As one of the best koala shape baby bottles manufacturers and suppliers, we are engaged in manufacturing good quality water bottles. We warmly welcome you to wholesale or buy custom made koala shape baby bottles at competitive price from us. Also, small quantity orders are acceptable.\" \/>\n<meta name=\"robots\" content=\"index, follow, max-snippet:-1, max-image-preview:large, max-video-preview:-1\" \/>\n<link rel=\"canonical\" href=\"https:\/\/www.dillerbottle.com\/fr\/produits\/biberons-en-forme-de-koala\" \/>\n<meta property=\"og:locale\" content=\"fr_FR\" \/>\n<meta property=\"og:type\" content=\"article\" \/>\n<meta property=\"og:title\" content=\"Koala Shape Baby Bottles\" \/>\n<meta property=\"og:description\" content=\"As one of the best koala shape baby bottles manufacturers and suppliers, we are engaged in manufacturing good quality water bottles. We warmly welcome you to wholesale or buy custom made koala shape baby bottles at competitive price from us. Also, small quantity orders are acceptable.\" \/>\n<meta property=\"og:url\" content=\"https:\/\/www.dillerbottle.com\/fr\/produits\/biberons-en-forme-de-koala\" \/>\n<meta property=\"og:site_name\" content=\"Diller Water Bottle Manufacturer\" \/>\n<meta property=\"article:modified_time\" content=\"2025-07-10T07:55:53+00:00\" \/>\n<meta property=\"og:image\" content=\"https:\/\/www.dillerbottle.com\/wp-content\/uploads\/2024\/09\/koala-shape-baby-bottles44001c48-7910-46ce-a1a1-3309d973d32e.jpg\" \/>\n\t<meta property=\"og:image:width\" content=\"730\" \/>\n\t<meta property=\"og:image:height\" content=\"730\" \/>\n\t<meta property=\"og:image:type\" content=\"image\/jpeg\" \/>\n<meta name=\"twitter:card\" content=\"summary_large_image\" \/>\n<meta name=\"twitter:label1\" content=\"Dur\u00e9e de lecture estim\u00e9e\" \/>\n\t<meta name=\"twitter:data1\" content=\"6 minutes\" \/>\n<script type=\"application\/ld+json\" class=\"yoast-schema-graph\">{\"@context\":\"https:\\\/\\\/schema.org\",\"@graph\":[{\"@type\":\"WebPage\",\"@id\":\"https:\\\/\\\/www.dillerbottle.com\\\/ko\\\/%ec%a0%9c%ed%92%88\\\/%ec%bd%94%ec%95%8c%eb%9d%bc-%eb%aa%a8%ec%96%91-%ec%95%84%ea%b8%b0%ec%9a%a9-%ec%a0%96%eb%b3%91\",\"url\":\"https:\\\/\\\/www.dillerbottle.com\\\/ko\\\/%ec%a0%9c%ed%92%88\\\/%ec%bd%94%ec%95%8c%eb%9d%bc-%eb%aa%a8%ec%96%91-%ec%95%84%ea%b8%b0%ec%9a%a9-%ec%a0%96%eb%b3%91\",\"name\":\"Koala Shape Baby Bottles - Diller Water Bottle Manufacturer\",\"isPartOf\":{\"@id\":\"https:\\\/\\\/www.dillerbottle.com\\\/#website\"},\"primaryImageOfPage\":{\"@id\":\"https:\\\/\\\/www.dillerbottle.com\\\/ko\\\/%ec%a0%9c%ed%92%88\\\/%ec%bd%94%ec%95%8c%eb%9d%bc-%eb%aa%a8%ec%96%91-%ec%95%84%ea%b8%b0%ec%9a%a9-%ec%a0%96%eb%b3%91#primaryimage\"},\"image\":{\"@id\":\"https:\\\/\\\/www.dillerbottle.com\\\/ko\\\/%ec%a0%9c%ed%92%88\\\/%ec%bd%94%ec%95%8c%eb%9d%bc-%eb%aa%a8%ec%96%91-%ec%95%84%ea%b8%b0%ec%9a%a9-%ec%a0%96%eb%b3%91#primaryimage\"},\"thumbnailUrl\":\"https:\\\/\\\/www.dillerbottle.com\\\/wp-content\\\/uploads\\\/2024\\\/09\\\/koala-shape-baby-bottles44001c48-7910-46ce-a1a1-3309d973d32e.jpg\",\"datePublished\":\"2024-09-25T02:36:33+00:00\",\"dateModified\":\"2025-07-10T07:55:53+00:00\",\"description\":\"As one of the best koala shape baby bottles manufacturers and suppliers, we are engaged in manufacturing good quality water bottles. We warmly welcome you to wholesale or buy custom made koala shape baby bottles at competitive price from us. Also, small quantity orders are acceptable.\",\"breadcrumb\":{\"@id\":\"https:\\\/\\\/www.dillerbottle.com\\\/ko\\\/%ec%a0%9c%ed%92%88\\\/%ec%bd%94%ec%95%8c%eb%9d%bc-%eb%aa%a8%ec%96%91-%ec%95%84%ea%b8%b0%ec%9a%a9-%ec%a0%96%eb%b3%91#breadcrumb\"},\"inLanguage\":\"fr-FR\",\"potentialAction\":[{\"@type\":\"ReadAction\",\"target\":[\"https:\\\/\\\/www.dillerbottle.com\\\/ko\\\/%ec%a0%9c%ed%92%88\\\/%ec%bd%94%ec%95%8c%eb%9d%bc-%eb%aa%a8%ec%96%91-%ec%95%84%ea%b8%b0%ec%9a%a9-%ec%a0%96%eb%b3%91\"]}]},{\"@type\":\"ImageObject\",\"inLanguage\":\"fr-FR\",\"@id\":\"https:\\\/\\\/www.dillerbottle.com\\\/ko\\\/%ec%a0%9c%ed%92%88\\\/%ec%bd%94%ec%95%8c%eb%9d%bc-%eb%aa%a8%ec%96%91-%ec%95%84%ea%b8%b0%ec%9a%a9-%ec%a0%96%eb%b3%91#primaryimage\",\"url\":\"https:\\\/\\\/www.dillerbottle.com\\\/wp-content\\\/uploads\\\/2024\\\/09\\\/koala-shape-baby-bottles44001c48-7910-46ce-a1a1-3309d973d32e.jpg\",\"contentUrl\":\"https:\\\/\\\/www.dillerbottle.com\\\/wp-content\\\/uploads\\\/2024\\\/09\\\/koala-shape-baby-bottles44001c48-7910-46ce-a1a1-3309d973d32e.jpg\",\"width\":730,\"height\":730},{\"@type\":\"BreadcrumbList\",\"@id\":\"https:\\\/\\\/www.dillerbottle.com\\\/ko\\\/%ec%a0%9c%ed%92%88\\\/%ec%bd%94%ec%95%8c%eb%9d%bc-%eb%aa%a8%ec%96%91-%ec%95%84%ea%b8%b0%ec%9a%a9-%ec%a0%96%eb%b3%91#breadcrumb\",\"itemListElement\":[{\"@type\":\"ListItem\",\"position\":1,\"name\":\"Home\",\"item\":\"https:\\\/\\\/www.dillerbottle.com\\\/\"},{\"@type\":\"ListItem\",\"position\":2,\"name\":\"Products\",\"item\":\"https:\\\/\\\/www.dillerbottle.com\\\/shop\"},{\"@type\":\"ListItem\",\"position\":3,\"name\":\"Koala Shape Baby Bottles\"}]},{\"@type\":\"WebSite\",\"@id\":\"https:\\\/\\\/www.dillerbottle.com\\\/#website\",\"url\":\"https:\\\/\\\/www.dillerbottle.com\\\/\",\"name\":\"Diller Water Bottle Manufacturer\",\"description\":\"Water Bottle Manufacturer\",\"publisher\":{\"@id\":\"https:\\\/\\\/www.dillerbottle.com\\\/#organization\"},\"potentialAction\":[{\"@type\":\"SearchAction\",\"target\":{\"@type\":\"EntryPoint\",\"urlTemplate\":\"https:\\\/\\\/www.dillerbottle.com\\\/?s={search_term_string}\"},\"query-input\":{\"@type\":\"PropertyValueSpecification\",\"valueRequired\":true,\"valueName\":\"search_term_string\"}}],\"inLanguage\":\"fr-FR\"},{\"@type\":\"Organization\",\"@id\":\"https:\\\/\\\/www.dillerbottle.com\\\/#organization\",\"name\":\"Diller Water Bottle Manufacturer\",\"url\":\"https:\\\/\\\/www.dillerbottle.com\\\/\",\"logo\":{\"@type\":\"ImageObject\",\"inLanguage\":\"fr-FR\",\"@id\":\"https:\\\/\\\/www.dillerbottle.com\\\/#\\\/schema\\\/logo\\\/image\\\/\",\"url\":\"https:\\\/\\\/www.dillerbottle.com\\\/wp-content\\\/uploads\\\/2024\\\/09\\\/49918bfa848dcc1e9f8b509933603ac.png\",\"contentUrl\":\"https:\\\/\\\/www.dillerbottle.com\\\/wp-content\\\/uploads\\\/2024\\\/09\\\/49918bfa848dcc1e9f8b509933603ac.png\",\"width\":988,\"height\":198,\"caption\":\"Diller Water Bottle Manufacturer\"},\"image\":{\"@id\":\"https:\\\/\\\/www.dillerbottle.com\\\/#\\\/schema\\\/logo\\\/image\\\/\"}}]}<\/script>\n<!-- \/ Yoast SEO Premium plugin. -->","yoast_head_json":{"title":"Biberons en forme de koala - Fabricant de bouteilles d&#039;eau Diller","description":"En tant que l&#039;un des meilleurs fabricants et fournisseurs de biberons en forme de koala, nous sommes engag\u00e9s dans la fabrication de bouteilles d&#039;eau de bonne qualit\u00e9. Nous vous invitons chaleureusement \u00e0 vendre en gros ou \u00e0 acheter des biberons en forme de koala sur mesure \u00e0 un prix comp\u00e9titif chez nous. De plus, les commandes en petites quantit\u00e9s sont acceptables.","robots":{"index":"index","follow":"follow","max-snippet":"max-snippet:-1","max-image-preview":"max-image-preview:large","max-video-preview":"max-video-preview:-1"},"canonical":"https:\/\/www.dillerbottle.com\/fr\/produits\/biberons-en-forme-de-koala","og_locale":"fr_FR","og_type":"article","og_title":"Koala Shape Baby Bottles","og_description":"As one of the best koala shape baby bottles manufacturers and suppliers, we are engaged in manufacturing good quality water bottles. We warmly welcome you to wholesale or buy custom made koala shape baby bottles at competitive price from us. Also, small quantity orders are acceptable.","og_url":"https:\/\/www.dillerbottle.com\/fr\/produits\/biberons-en-forme-de-koala","og_site_name":"Diller Water Bottle Manufacturer","article_modified_time":"2025-07-10T07:55:53+00:00","og_image":[{"width":730,"height":730,"url":"https:\/\/www.dillerbottle.com\/wp-content\/uploads\/2024\/09\/koala-shape-baby-bottles44001c48-7910-46ce-a1a1-3309d973d32e.jpg","type":"image\/jpeg"}],"twitter_card":"summary_large_image","twitter_misc":{"Dur\u00e9e de lecture estim\u00e9e":"6 minutes"},"schema":{"@context":"https:\/\/schema.org","@graph":[{"@type":"WebPage","@id":"https:\/\/www.dillerbottle.com\/ko\/%ec%a0%9c%ed%92%88\/%ec%bd%94%ec%95%8c%eb%9d%bc-%eb%aa%a8%ec%96%91-%ec%95%84%ea%b8%b0%ec%9a%a9-%ec%a0%96%eb%b3%91","url":"https:\/\/www.dillerbottle.com\/ko\/%ec%a0%9c%ed%92%88\/%ec%bd%94%ec%95%8c%eb%9d%bc-%eb%aa%a8%ec%96%91-%ec%95%84%ea%b8%b0%ec%9a%a9-%ec%a0%96%eb%b3%91","name":"Biberons en forme de koala - Fabricant de bouteilles d&#039;eau Diller","isPartOf":{"@id":"https:\/\/www.dillerbottle.com\/#website"},"primaryImageOfPage":{"@id":"https:\/\/www.dillerbottle.com\/ko\/%ec%a0%9c%ed%92%88\/%ec%bd%94%ec%95%8c%eb%9d%bc-%eb%aa%a8%ec%96%91-%ec%95%84%ea%b8%b0%ec%9a%a9-%ec%a0%96%eb%b3%91#primaryimage"},"image":{"@id":"https:\/\/www.dillerbottle.com\/ko\/%ec%a0%9c%ed%92%88\/%ec%bd%94%ec%95%8c%eb%9d%bc-%eb%aa%a8%ec%96%91-%ec%95%84%ea%b8%b0%ec%9a%a9-%ec%a0%96%eb%b3%91#primaryimage"},"thumbnailUrl":"https:\/\/www.dillerbottle.com\/wp-content\/uploads\/2024\/09\/koala-shape-baby-bottles44001c48-7910-46ce-a1a1-3309d973d32e.jpg","datePublished":"2024-09-25T02:36:33+00:00","dateModified":"2025-07-10T07:55:53+00:00","description":"En tant que l&#039;un des meilleurs fabricants et fournisseurs de biberons en forme de koala, nous sommes engag\u00e9s dans la fabrication de bouteilles d&#039;eau de bonne qualit\u00e9. Nous vous invitons chaleureusement \u00e0 vendre en gros ou \u00e0 acheter des biberons en forme de koala sur mesure \u00e0 un prix comp\u00e9titif chez nous. De plus, les commandes en petites quantit\u00e9s sont acceptables.","breadcrumb":{"@id":"https:\/\/www.dillerbottle.com\/ko\/%ec%a0%9c%ed%92%88\/%ec%bd%94%ec%95%8c%eb%9d%bc-%eb%aa%a8%ec%96%91-%ec%95%84%ea%b8%b0%ec%9a%a9-%ec%a0%96%eb%b3%91#breadcrumb"},"inLanguage":"fr-FR","potentialAction":[{"@type":"ReadAction","target":["https:\/\/www.dillerbottle.com\/ko\/%ec%a0%9c%ed%92%88\/%ec%bd%94%ec%95%8c%eb%9d%bc-%eb%aa%a8%ec%96%91-%ec%95%84%ea%b8%b0%ec%9a%a9-%ec%a0%96%eb%b3%91"]}]},{"@type":"ImageObject","inLanguage":"fr-FR","@id":"https:\/\/www.dillerbottle.com\/ko\/%ec%a0%9c%ed%92%88\/%ec%bd%94%ec%95%8c%eb%9d%bc-%eb%aa%a8%ec%96%91-%ec%95%84%ea%b8%b0%ec%9a%a9-%ec%a0%96%eb%b3%91#primaryimage","url":"https:\/\/www.dillerbottle.com\/wp-content\/uploads\/2024\/09\/koala-shape-baby-bottles44001c48-7910-46ce-a1a1-3309d973d32e.jpg","contentUrl":"https:\/\/www.dillerbottle.com\/wp-content\/uploads\/2024\/09\/koala-shape-baby-bottles44001c48-7910-46ce-a1a1-3309d973d32e.jpg","width":730,"height":730},{"@type":"BreadcrumbList","@id":"https:\/\/www.dillerbottle.com\/ko\/%ec%a0%9c%ed%92%88\/%ec%bd%94%ec%95%8c%eb%9d%bc-%eb%aa%a8%ec%96%91-%ec%95%84%ea%b8%b0%ec%9a%a9-%ec%a0%96%eb%b3%91#breadcrumb","itemListElement":[{"@type":"ListItem","position":1,"name":"Home","item":"https:\/\/www.dillerbottle.com\/"},{"@type":"ListItem","position":2,"name":"Products","item":"https:\/\/www.dillerbottle.com\/shop"},{"@type":"ListItem","position":3,"name":"Koala Shape Baby Bottles"}]},{"@type":"WebSite","@id":"https:\/\/www.dillerbottle.com\/#website","url":"https:\/\/www.dillerbottle.com\/","name":"Fabricant de bouteilles d&#039;eau Diller","description":"Fabricant de bouteilles d&#039;eau","publisher":{"@id":"https:\/\/www.dillerbottle.com\/#organization"},"potentialAction":[{"@type":"SearchAction","target":{"@type":"EntryPoint","urlTemplate":"https:\/\/www.dillerbottle.com\/?s={search_term_string}"},"query-input":{"@type":"PropertyValueSpecification","valueRequired":true,"valueName":"search_term_string"}}],"inLanguage":"fr-FR"},{"@type":"Organization","@id":"https:\/\/www.dillerbottle.com\/#organization","name":"Fabricant de bouteilles d&#039;eau Diller","url":"https:\/\/www.dillerbottle.com\/","logo":{"@type":"ImageObject","inLanguage":"fr-FR","@id":"https:\/\/www.dillerbottle.com\/#\/schema\/logo\/image\/","url":"https:\/\/www.dillerbottle.com\/wp-content\/uploads\/2024\/09\/49918bfa848dcc1e9f8b509933603ac.png","contentUrl":"https:\/\/www.dillerbottle.com\/wp-content\/uploads\/2024\/09\/49918bfa848dcc1e9f8b509933603ac.png","width":988,"height":198,"caption":"Diller Water Bottle Manufacturer"},"image":{"@id":"https:\/\/www.dillerbottle.com\/#\/schema\/logo\/image\/"}}]}},"_links":{"self":[{"href":"https:\/\/www.dillerbottle.com\/fr\/wp-json\/wp\/v2\/product\/2297","targetHints":{"allow":["GET"]}}],"collection":[{"href":"https:\/\/www.dillerbottle.com\/fr\/wp-json\/wp\/v2\/product"}],"about":[{"href":"https:\/\/www.dillerbottle.com\/fr\/wp-json\/wp\/v2\/types\/product"}],"replies":[{"embeddable":true,"href":"https:\/\/www.dillerbottle.com\/fr\/wp-json\/wp\/v2\/comments?post=2297"}],"wp:featuredmedia":[{"embeddable":true,"href":"https:\/\/www.dillerbottle.com\/fr\/wp-json\/wp\/v2\/media\/2298"}],"wp:attachment":[{"href":"https:\/\/www.dillerbottle.com\/fr\/wp-json\/wp\/v2\/media?parent=2297"}],"wp:term":[{"taxonomy":"product_brand","embeddable":true,"href":"https:\/\/www.dillerbottle.com\/fr\/wp-json\/wp\/v2\/product_brand?post=2297"},{"taxonomy":"product_cat","embeddable":true,"href":"https:\/\/www.dillerbottle.com\/fr\/wp-json\/wp\/v2\/product_cat?post=2297"},{"taxonomy":"product_tag","embeddable":true,"href":"https:\/\/www.dillerbottle.com\/fr\/wp-json\/wp\/v2\/product_tag?post=2297"}],"curies":[{"name":"wp","href":"https:\/\/api.w.org\/{rel}","templated":true}]}}