{"id":2441,"date":"2024-09-25T16:45:19","date_gmt":"2024-09-25T08:45:19","guid":{"rendered":"https:\/\/demo.dillerbottle.com\/uncategorized\/bpa-free-baby-bottles"},"modified":"2025-07-10T15:51:26","modified_gmt":"2025-07-10T07:51:26","slug":"biberons-sans-bpa","status":"publish","type":"product","link":"https:\/\/www.dillerbottle.com\/fr\/products\/bpa-free-baby-bottles","title":{"rendered":"Biberons sans BPA"},"content":{"rendered":"<p>Caract\u00e9ristiques des biberons sans BPA :<br \/>\n1.;Ce biberon Diller est fabriqu\u00e9 en mat\u00e9riau PPSU, durable, r\u00e9sistant aux hautes temp\u00e9ratures, l\u00e9ger et r\u00e9sistant aux chutes, facile \u00e0 nettoyer, non toxique, 100% sans BPA, c&#039;est un mat\u00e9riau tr\u00e8s s\u00fbr.<\/p>\n<p>2.;Le couvercle est con\u00e7u avec un couvercle coulissant, qui est facile \u00e0 ouvrir et \u00e0 fermer en faisant glisser doucement le couvercle.<\/p>\n<p>3) La paille du biberon est fabriqu\u00e9e en silicone de qualit\u00e9 alimentaire, et la conception unique de l'embouchure en \"X\" emp\u00eache les fuites d'eau, de sorte qu'il n'y a pas lieu de s'inqui\u00e9ter que le b\u00e9b\u00e9 actif se prom\u00e8ne avec la tasse.<\/p>\n<p>4.;;Poign\u00e9e en arc antid\u00e9rapante, tr\u00e8s confortable \u00e0 utiliser.<br \/>\n5. Il y a des marques de capacit\u00e9 sur le corps de la bouteille, permettant de contr\u00f4ler facilement la quantit\u00e9 d&#039;eau.<br \/>\n6.;La forme d&#039;ours mignon est tr\u00e8s populaire aupr\u00e8s des b\u00e9b\u00e9s.<\/p>","protected":false},"excerpt":{"rendered":"<p>Caract\u00e9ristiques des biberons sans BPA\u00a0: 1.<br \/>\nCe biberon Diller est fabriqu\u00e9 en mat\u00e9riau PPSU, durable, r\u00e9sistant aux hautes temp\u00e9ratures, l\u00e9ger et r\u00e9sistant aux chutes, facile \u00e0 nettoyer, non toxique, 100% sans BPA, c&#039;est un mat\u00e9riau tr\u00e8s s\u00fbr.<br \/>\n2.<br \/>\nLe couvercle est con\u00e7u avec un couvercle coulissant, facile \u00e0 ouvrir et\u2026<\/p>","protected":false},"featured_media":2442,"comment_status":"open","ping_status":"closed","template":"","meta":{"_acf_changed":false},"product_brand":[],"product_cat":[77],"product_tag":[32,88,36,33,31,39,38,29,37,34,35,28,30],"class_list":{"0":"post-2441","1":"product","2":"type-product","3":"status-publish","4":"has-post-thumbnail","6":"product_cat-baby-bottles","7":"product_tag-best","8":"product_tag-bpa-free-baby-bottles","9":"product_tag-bulk","10":"product_tag-buy","11":"product_tag-custom","12":"product_tag-for-sale","13":"product_tag-good-quality","14":"product_tag-manufacturers","15":"product_tag-manufacturing","16":"product_tag-price","17":"product_tag-small","18":"product_tag-suppliers","19":"product_tag-wholesale","21":"first","22":"instock","23":"shipping-taxable","24":"product-type-simple"},"acf":[],"yoast_head":"<!-- This site is optimized with the Yoast SEO Premium plugin v27.5 (Yoast SEO v27.5) - https:\/\/yoast.com\/product\/yoast-seo-premium-wordpress\/ -->\n<title>Bpa Free Baby Bottles - Diller Water Bottle Manufacturer<\/title>\n<meta name=\"description\" content=\"As one of the best bpa free baby bottles manufacturers and suppliers, we are engaged in manufacturing good quality water bottles. We warmly welcome you to wholesale or buy custom made bpa free baby bottles at competitive price from us. Also, small quantity orders are acceptable.\" \/>\n<meta name=\"robots\" content=\"index, follow, max-snippet:-1, max-image-preview:large, max-video-preview:-1\" \/>\n<link rel=\"canonical\" href=\"https:\/\/www.dillerbottle.com\/fr\/produits\/biberons-sans-bpa\" \/>\n<meta property=\"og:locale\" content=\"fr_FR\" \/>\n<meta property=\"og:type\" content=\"article\" \/>\n<meta property=\"og:title\" content=\"Bpa Free Baby Bottles\" \/>\n<meta property=\"og:description\" content=\"As one of the best bpa free baby bottles manufacturers and suppliers, we are engaged in manufacturing good quality water bottles. We warmly welcome you to wholesale or buy custom made bpa free baby bottles at competitive price from us. Also, small quantity orders are acceptable.\" \/>\n<meta property=\"og:url\" content=\"https:\/\/www.dillerbottle.com\/fr\/produits\/biberons-sans-bpa\" \/>\n<meta property=\"og:site_name\" content=\"Diller Water Bottle Manufacturer\" \/>\n<meta property=\"article:modified_time\" content=\"2025-07-10T07:51:26+00:00\" \/>\n<meta property=\"og:image\" content=\"https:\/\/www.dillerbottle.com\/wp-content\/uploads\/2024\/09\/bpa-free-baby-bottles44452989939.jpg\" \/>\n\t<meta property=\"og:image:width\" content=\"730\" \/>\n\t<meta property=\"og:image:height\" content=\"730\" \/>\n\t<meta property=\"og:image:type\" content=\"image\/jpeg\" \/>\n<meta name=\"twitter:card\" content=\"summary_large_image\" \/>\n<meta name=\"twitter:label1\" content=\"Dur\u00e9e de lecture estim\u00e9e\" \/>\n\t<meta name=\"twitter:data1\" content=\"3 minutes\" \/>\n<script type=\"application\/ld+json\" class=\"yoast-schema-graph\">{\"@context\":\"https:\\\/\\\/schema.org\",\"@graph\":[{\"@type\":\"WebPage\",\"@id\":\"https:\\\/\\\/www.dillerbottle.com\\\/ru\\\/%d0%bf%d1%80%d0%be%d0%b4%d1%83%d0%ba%d1%82%d1%8b\\\/%d0%b4%d0%b5%d1%82%d1%81%d0%ba%d0%b8%d0%b5-%d0%b1%d1%83%d1%82%d1%8b%d0%bb%d0%be%d1%87%d0%ba%d0%b8-%d0%b1%d0%b5%d0%b7-bpa\",\"url\":\"https:\\\/\\\/www.dillerbottle.com\\\/ru\\\/%d0%bf%d1%80%d0%be%d0%b4%d1%83%d0%ba%d1%82%d1%8b\\\/%d0%b4%d0%b5%d1%82%d1%81%d0%ba%d0%b8%d0%b5-%d0%b1%d1%83%d1%82%d1%8b%d0%bb%d0%be%d1%87%d0%ba%d0%b8-%d0%b1%d0%b5%d0%b7-bpa\",\"name\":\"Bpa Free Baby Bottles - Diller Water Bottle Manufacturer\",\"isPartOf\":{\"@id\":\"https:\\\/\\\/www.dillerbottle.com\\\/#website\"},\"primaryImageOfPage\":{\"@id\":\"https:\\\/\\\/www.dillerbottle.com\\\/ru\\\/%d0%bf%d1%80%d0%be%d0%b4%d1%83%d0%ba%d1%82%d1%8b\\\/%d0%b4%d0%b5%d1%82%d1%81%d0%ba%d0%b8%d0%b5-%d0%b1%d1%83%d1%82%d1%8b%d0%bb%d0%be%d1%87%d0%ba%d0%b8-%d0%b1%d0%b5%d0%b7-bpa#primaryimage\"},\"image\":{\"@id\":\"https:\\\/\\\/www.dillerbottle.com\\\/ru\\\/%d0%bf%d1%80%d0%be%d0%b4%d1%83%d0%ba%d1%82%d1%8b\\\/%d0%b4%d0%b5%d1%82%d1%81%d0%ba%d0%b8%d0%b5-%d0%b1%d1%83%d1%82%d1%8b%d0%bb%d0%be%d1%87%d0%ba%d0%b8-%d0%b1%d0%b5%d0%b7-bpa#primaryimage\"},\"thumbnailUrl\":\"https:\\\/\\\/www.dillerbottle.com\\\/wp-content\\\/uploads\\\/2024\\\/09\\\/bpa-free-baby-bottles44452989939.jpg\",\"datePublished\":\"2024-09-25T08:45:19+00:00\",\"dateModified\":\"2025-07-10T07:51:26+00:00\",\"description\":\"As one of the best bpa free baby bottles manufacturers and suppliers, we are engaged in manufacturing good quality water bottles. We warmly welcome you to wholesale or buy custom made bpa free baby bottles at competitive price from us. Also, small quantity orders are acceptable.\",\"breadcrumb\":{\"@id\":\"https:\\\/\\\/www.dillerbottle.com\\\/ru\\\/%d0%bf%d1%80%d0%be%d0%b4%d1%83%d0%ba%d1%82%d1%8b\\\/%d0%b4%d0%b5%d1%82%d1%81%d0%ba%d0%b8%d0%b5-%d0%b1%d1%83%d1%82%d1%8b%d0%bb%d0%be%d1%87%d0%ba%d0%b8-%d0%b1%d0%b5%d0%b7-bpa#breadcrumb\"},\"inLanguage\":\"fr-FR\",\"potentialAction\":[{\"@type\":\"ReadAction\",\"target\":[\"https:\\\/\\\/www.dillerbottle.com\\\/ru\\\/%d0%bf%d1%80%d0%be%d0%b4%d1%83%d0%ba%d1%82%d1%8b\\\/%d0%b4%d0%b5%d1%82%d1%81%d0%ba%d0%b8%d0%b5-%d0%b1%d1%83%d1%82%d1%8b%d0%bb%d0%be%d1%87%d0%ba%d0%b8-%d0%b1%d0%b5%d0%b7-bpa\"]}]},{\"@type\":\"ImageObject\",\"inLanguage\":\"fr-FR\",\"@id\":\"https:\\\/\\\/www.dillerbottle.com\\\/ru\\\/%d0%bf%d1%80%d0%be%d0%b4%d1%83%d0%ba%d1%82%d1%8b\\\/%d0%b4%d0%b5%d1%82%d1%81%d0%ba%d0%b8%d0%b5-%d0%b1%d1%83%d1%82%d1%8b%d0%bb%d0%be%d1%87%d0%ba%d0%b8-%d0%b1%d0%b5%d0%b7-bpa#primaryimage\",\"url\":\"https:\\\/\\\/www.dillerbottle.com\\\/wp-content\\\/uploads\\\/2024\\\/09\\\/bpa-free-baby-bottles44452989939.jpg\",\"contentUrl\":\"https:\\\/\\\/www.dillerbottle.com\\\/wp-content\\\/uploads\\\/2024\\\/09\\\/bpa-free-baby-bottles44452989939.jpg\",\"width\":730,\"height\":730},{\"@type\":\"BreadcrumbList\",\"@id\":\"https:\\\/\\\/www.dillerbottle.com\\\/ru\\\/%d0%bf%d1%80%d0%be%d0%b4%d1%83%d0%ba%d1%82%d1%8b\\\/%d0%b4%d0%b5%d1%82%d1%81%d0%ba%d0%b8%d0%b5-%d0%b1%d1%83%d1%82%d1%8b%d0%bb%d0%be%d1%87%d0%ba%d0%b8-%d0%b1%d0%b5%d0%b7-bpa#breadcrumb\",\"itemListElement\":[{\"@type\":\"ListItem\",\"position\":1,\"name\":\"Home\",\"item\":\"https:\\\/\\\/www.dillerbottle.com\\\/\"},{\"@type\":\"ListItem\",\"position\":2,\"name\":\"Products\",\"item\":\"https:\\\/\\\/www.dillerbottle.com\\\/shop\"},{\"@type\":\"ListItem\",\"position\":3,\"name\":\"Bpa Free Baby Bottles\"}]},{\"@type\":\"WebSite\",\"@id\":\"https:\\\/\\\/www.dillerbottle.com\\\/#website\",\"url\":\"https:\\\/\\\/www.dillerbottle.com\\\/\",\"name\":\"Diller Water Bottle Manufacturer\",\"description\":\"Water Bottle Manufacturer\",\"publisher\":{\"@id\":\"https:\\\/\\\/www.dillerbottle.com\\\/#organization\"},\"potentialAction\":[{\"@type\":\"SearchAction\",\"target\":{\"@type\":\"EntryPoint\",\"urlTemplate\":\"https:\\\/\\\/www.dillerbottle.com\\\/?s={search_term_string}\"},\"query-input\":{\"@type\":\"PropertyValueSpecification\",\"valueRequired\":true,\"valueName\":\"search_term_string\"}}],\"inLanguage\":\"fr-FR\"},{\"@type\":\"Organization\",\"@id\":\"https:\\\/\\\/www.dillerbottle.com\\\/#organization\",\"name\":\"Diller Water Bottle Manufacturer\",\"url\":\"https:\\\/\\\/www.dillerbottle.com\\\/\",\"logo\":{\"@type\":\"ImageObject\",\"inLanguage\":\"fr-FR\",\"@id\":\"https:\\\/\\\/www.dillerbottle.com\\\/#\\\/schema\\\/logo\\\/image\\\/\",\"url\":\"https:\\\/\\\/www.dillerbottle.com\\\/wp-content\\\/uploads\\\/2024\\\/09\\\/49918bfa848dcc1e9f8b509933603ac.png\",\"contentUrl\":\"https:\\\/\\\/www.dillerbottle.com\\\/wp-content\\\/uploads\\\/2024\\\/09\\\/49918bfa848dcc1e9f8b509933603ac.png\",\"width\":988,\"height\":198,\"caption\":\"Diller Water Bottle Manufacturer\"},\"image\":{\"@id\":\"https:\\\/\\\/www.dillerbottle.com\\\/#\\\/schema\\\/logo\\\/image\\\/\"}}]}<\/script>\n<!-- \/ Yoast SEO Premium plugin. -->","yoast_head_json":{"title":"Biberons sans BPA - Fabricant de bouteilles d&#039;eau Diller","description":"En tant que l&#039;un des meilleurs fabricants et fournisseurs de biberons sans BPA, nous sommes engag\u00e9s dans la fabrication de bouteilles d&#039;eau de bonne qualit\u00e9. Nous vous invitons chaleureusement \u00e0 vendre en gros ou \u00e0 acheter des biberons sans BPA sur mesure \u00e0 un prix comp\u00e9titif chez nous. De plus, les commandes en petites quantit\u00e9s sont acceptables.","robots":{"index":"index","follow":"follow","max-snippet":"max-snippet:-1","max-image-preview":"max-image-preview:large","max-video-preview":"max-video-preview:-1"},"canonical":"https:\/\/www.dillerbottle.com\/fr\/produits\/biberons-sans-bpa","og_locale":"fr_FR","og_type":"article","og_title":"Bpa Free Baby Bottles","og_description":"As one of the best bpa free baby bottles manufacturers and suppliers, we are engaged in manufacturing good quality water bottles. We warmly welcome you to wholesale or buy custom made bpa free baby bottles at competitive price from us. Also, small quantity orders are acceptable.","og_url":"https:\/\/www.dillerbottle.com\/fr\/produits\/biberons-sans-bpa","og_site_name":"Diller Water Bottle Manufacturer","article_modified_time":"2025-07-10T07:51:26+00:00","og_image":[{"width":730,"height":730,"url":"https:\/\/www.dillerbottle.com\/wp-content\/uploads\/2024\/09\/bpa-free-baby-bottles44452989939.jpg","type":"image\/jpeg"}],"twitter_card":"summary_large_image","twitter_misc":{"Dur\u00e9e de lecture estim\u00e9e":"3 minutes"},"schema":{"@context":"https:\/\/schema.org","@graph":[{"@type":"WebPage","@id":"https:\/\/www.dillerbottle.com\/ru\/%d0%bf%d1%80%d0%be%d0%b4%d1%83%d0%ba%d1%82%d1%8b\/%d0%b4%d0%b5%d1%82%d1%81%d0%ba%d0%b8%d0%b5-%d0%b1%d1%83%d1%82%d1%8b%d0%bb%d0%be%d1%87%d0%ba%d0%b8-%d0%b1%d0%b5%d0%b7-bpa","url":"https:\/\/www.dillerbottle.com\/ru\/%d0%bf%d1%80%d0%be%d0%b4%d1%83%d0%ba%d1%82%d1%8b\/%d0%b4%d0%b5%d1%82%d1%81%d0%ba%d0%b8%d0%b5-%d0%b1%d1%83%d1%82%d1%8b%d0%bb%d0%be%d1%87%d0%ba%d0%b8-%d0%b1%d0%b5%d0%b7-bpa","name":"Biberons sans BPA - Fabricant de bouteilles d&#039;eau Diller","isPartOf":{"@id":"https:\/\/www.dillerbottle.com\/#website"},"primaryImageOfPage":{"@id":"https:\/\/www.dillerbottle.com\/ru\/%d0%bf%d1%80%d0%be%d0%b4%d1%83%d0%ba%d1%82%d1%8b\/%d0%b4%d0%b5%d1%82%d1%81%d0%ba%d0%b8%d0%b5-%d0%b1%d1%83%d1%82%d1%8b%d0%bb%d0%be%d1%87%d0%ba%d0%b8-%d0%b1%d0%b5%d0%b7-bpa#primaryimage"},"image":{"@id":"https:\/\/www.dillerbottle.com\/ru\/%d0%bf%d1%80%d0%be%d0%b4%d1%83%d0%ba%d1%82%d1%8b\/%d0%b4%d0%b5%d1%82%d1%81%d0%ba%d0%b8%d0%b5-%d0%b1%d1%83%d1%82%d1%8b%d0%bb%d0%be%d1%87%d0%ba%d0%b8-%d0%b1%d0%b5%d0%b7-bpa#primaryimage"},"thumbnailUrl":"https:\/\/www.dillerbottle.com\/wp-content\/uploads\/2024\/09\/bpa-free-baby-bottles44452989939.jpg","datePublished":"2024-09-25T08:45:19+00:00","dateModified":"2025-07-10T07:51:26+00:00","description":"En tant que l&#039;un des meilleurs fabricants et fournisseurs de biberons sans BPA, nous sommes engag\u00e9s dans la fabrication de bouteilles d&#039;eau de bonne qualit\u00e9. Nous vous invitons chaleureusement \u00e0 vendre en gros ou \u00e0 acheter des biberons sans BPA sur mesure \u00e0 un prix comp\u00e9titif chez nous. De plus, les commandes en petites quantit\u00e9s sont acceptables.","breadcrumb":{"@id":"https:\/\/www.dillerbottle.com\/ru\/%d0%bf%d1%80%d0%be%d0%b4%d1%83%d0%ba%d1%82%d1%8b\/%d0%b4%d0%b5%d1%82%d1%81%d0%ba%d0%b8%d0%b5-%d0%b1%d1%83%d1%82%d1%8b%d0%bb%d0%be%d1%87%d0%ba%d0%b8-%d0%b1%d0%b5%d0%b7-bpa#breadcrumb"},"inLanguage":"fr-FR","potentialAction":[{"@type":"ReadAction","target":["https:\/\/www.dillerbottle.com\/ru\/%d0%bf%d1%80%d0%be%d0%b4%d1%83%d0%ba%d1%82%d1%8b\/%d0%b4%d0%b5%d1%82%d1%81%d0%ba%d0%b8%d0%b5-%d0%b1%d1%83%d1%82%d1%8b%d0%bb%d0%be%d1%87%d0%ba%d0%b8-%d0%b1%d0%b5%d0%b7-bpa"]}]},{"@type":"ImageObject","inLanguage":"fr-FR","@id":"https:\/\/www.dillerbottle.com\/ru\/%d0%bf%d1%80%d0%be%d0%b4%d1%83%d0%ba%d1%82%d1%8b\/%d0%b4%d0%b5%d1%82%d1%81%d0%ba%d0%b8%d0%b5-%d0%b1%d1%83%d1%82%d1%8b%d0%bb%d0%be%d1%87%d0%ba%d0%b8-%d0%b1%d0%b5%d0%b7-bpa#primaryimage","url":"https:\/\/www.dillerbottle.com\/wp-content\/uploads\/2024\/09\/bpa-free-baby-bottles44452989939.jpg","contentUrl":"https:\/\/www.dillerbottle.com\/wp-content\/uploads\/2024\/09\/bpa-free-baby-bottles44452989939.jpg","width":730,"height":730},{"@type":"BreadcrumbList","@id":"https:\/\/www.dillerbottle.com\/ru\/%d0%bf%d1%80%d0%be%d0%b4%d1%83%d0%ba%d1%82%d1%8b\/%d0%b4%d0%b5%d1%82%d1%81%d0%ba%d0%b8%d0%b5-%d0%b1%d1%83%d1%82%d1%8b%d0%bb%d0%be%d1%87%d0%ba%d0%b8-%d0%b1%d0%b5%d0%b7-bpa#breadcrumb","itemListElement":[{"@type":"ListItem","position":1,"name":"Home","item":"https:\/\/www.dillerbottle.com\/"},{"@type":"ListItem","position":2,"name":"Products","item":"https:\/\/www.dillerbottle.com\/shop"},{"@type":"ListItem","position":3,"name":"Bpa Free Baby Bottles"}]},{"@type":"WebSite","@id":"https:\/\/www.dillerbottle.com\/#website","url":"https:\/\/www.dillerbottle.com\/","name":"Fabricant de bouteilles d&#039;eau Diller","description":"Fabricant de bouteilles d&#039;eau","publisher":{"@id":"https:\/\/www.dillerbottle.com\/#organization"},"potentialAction":[{"@type":"SearchAction","target":{"@type":"EntryPoint","urlTemplate":"https:\/\/www.dillerbottle.com\/?s={search_term_string}"},"query-input":{"@type":"PropertyValueSpecification","valueRequired":true,"valueName":"search_term_string"}}],"inLanguage":"fr-FR"},{"@type":"Organization","@id":"https:\/\/www.dillerbottle.com\/#organization","name":"Fabricant de bouteilles d&#039;eau Diller","url":"https:\/\/www.dillerbottle.com\/","logo":{"@type":"ImageObject","inLanguage":"fr-FR","@id":"https:\/\/www.dillerbottle.com\/#\/schema\/logo\/image\/","url":"https:\/\/www.dillerbottle.com\/wp-content\/uploads\/2024\/09\/49918bfa848dcc1e9f8b509933603ac.png","contentUrl":"https:\/\/www.dillerbottle.com\/wp-content\/uploads\/2024\/09\/49918bfa848dcc1e9f8b509933603ac.png","width":988,"height":198,"caption":"Diller Water Bottle Manufacturer"},"image":{"@id":"https:\/\/www.dillerbottle.com\/#\/schema\/logo\/image\/"}}]}},"_links":{"self":[{"href":"https:\/\/www.dillerbottle.com\/fr\/wp-json\/wp\/v2\/product\/2441","targetHints":{"allow":["GET"]}}],"collection":[{"href":"https:\/\/www.dillerbottle.com\/fr\/wp-json\/wp\/v2\/product"}],"about":[{"href":"https:\/\/www.dillerbottle.com\/fr\/wp-json\/wp\/v2\/types\/product"}],"replies":[{"embeddable":true,"href":"https:\/\/www.dillerbottle.com\/fr\/wp-json\/wp\/v2\/comments?post=2441"}],"wp:featuredmedia":[{"embeddable":true,"href":"https:\/\/www.dillerbottle.com\/fr\/wp-json\/wp\/v2\/media\/2442"}],"wp:attachment":[{"href":"https:\/\/www.dillerbottle.com\/fr\/wp-json\/wp\/v2\/media?parent=2441"}],"wp:term":[{"taxonomy":"product_brand","embeddable":true,"href":"https:\/\/www.dillerbottle.com\/fr\/wp-json\/wp\/v2\/product_brand?post=2441"},{"taxonomy":"product_cat","embeddable":true,"href":"https:\/\/www.dillerbottle.com\/fr\/wp-json\/wp\/v2\/product_cat?post=2441"},{"taxonomy":"product_tag","embeddable":true,"href":"https:\/\/www.dillerbottle.com\/fr\/wp-json\/wp\/v2\/product_tag?post=2441"}],"curies":[{"name":"wp","href":"https:\/\/api.w.org\/{rel}","templated":true}]}}