{"id":2510,"date":"2024-09-25T16:46:04","date_gmt":"2024-09-25T08:46:04","guid":{"rendered":"https:\/\/demo.dillerbottle.com\/uncategorized\/kids-milk-bottle"},"modified":"2025-07-10T15:50:43","modified_gmt":"2025-07-10T07:50:43","slug":"bouteille-de-lait-pour-enfants","status":"publish","type":"product","link":"https:\/\/www.dillerbottle.com\/fr\/products\/kids-milk-bottle","title":{"rendered":"Bouteille de lait pour enfants"},"content":{"rendered":"<p>Caract\u00e9ristiques:<br \/>\n1. Le biberon pour enfants est fabriqu\u00e9 en mat\u00e9riau PPSU r\u00e9sistant \u00e0 la chaleur et sans BPA. Vous ne sentirez jamais de go\u00fbt ou d&#039;odeur d\u00e9sagr\u00e9able dans la tasse. Le biberon pour enfants est \u00e9galement dot\u00e9 d&#039;un bec verseur en silicone souple pour \u00e9viter de blesser la gorge de b\u00e9b\u00e9. La paille du biberon est con\u00e7ue pour \u00eatre difficile \u00e0 faire tomber, m\u00eame si vous la tirez fermement. Vous n&#039;avez pas \u00e0 vous soucier des fuites d&#039;eau.<\/p>\n<p>2. Le biberon pour enfants est anti-fuite, il est dot\u00e9 d&#039;une boule de gravit\u00e9 sur la paille. La boule se d\u00e9placera au bon endroit avec le b\u00e9b\u00e9 en mouvement pour s&#039;assurer qu&#039;il\/elle peut boire sous n&#039;importe quel angle. Le design mignon fera aimer le biberon aux enfants.<\/p>\n<p>3. Le goulot large du biberon vous permet d&#039;y mettre facilement tout ce que vous voulez. Cela peut \u00e9galement faciliter le nettoyage. Le mat\u00e9riau PPSU est transparent. Il y a une \u00e9chelle sur le biberon, vous pouvez donc savoir clairement combien d&#039;eau le b\u00e9b\u00e9 a bu.<\/p>\n<p>4. Vous recherchez un fournisseur en gros de bouteilles de lait pour enfants ? Des options d&#039;achat en gros sont disponibles et vous pouvez m\u00eame personnaliser vos bouteilles avec votre propre logo.<\/p>","protected":false},"excerpt":{"rendered":"<p>Vous avez besoin d&#039;un fournisseur en gros de bouteilles de lait pour enfants ? Vous souhaitez acheter en gros ou personnaliser avec votre propre logo ?<br \/>\nNous pouvons vous aider avec \u00e7a ! Notre entreprise est sp\u00e9cialis\u00e9e dans les biberons pour enfants et nous vous proposons une grande vari\u00e9t\u00e9 d&#039;options parmi lesquelles choisir.<br \/>\nNous proposons \u00e9galement des services de personnalisation et d&#039;impression de logo afin que vous puissiez obtenir exactement ce dont vous avez besoin.<br \/>\nNos prix sont comp\u00e9titifs et nous offrons des rabais pour les commandes en gros.<br \/>\nNous disposons \u00e9galement d&#039;une \u00e9quipe de designers exp\u00e9riment\u00e9s qui peuvent vous aider \u00e0 cr\u00e9er le logo personnalis\u00e9 parfait pour votre entreprise.<br \/>\nContactez-nous d\u00e8s aujourd&#039;hui pour en savoir plus sur nos services et comment nous pouvons vous aider \u00e0 obtenir les biberons de lait pour enfants parfaits pour vos besoins.<\/p>","protected":false},"featured_media":2511,"comment_status":"open","ping_status":"closed","template":"","meta":{"_acf_changed":false},"product_brand":[],"product_cat":[77],"product_tag":[32,36,33,31,39,38,94,29,37,34,35,28,30],"class_list":{"0":"post-2510","1":"product","2":"type-product","3":"status-publish","4":"has-post-thumbnail","6":"product_cat-baby-bottles","7":"product_tag-best","8":"product_tag-bulk","9":"product_tag-buy","10":"product_tag-custom","11":"product_tag-for-sale","12":"product_tag-good-quality","13":"product_tag-kids-milk-bottle","14":"product_tag-manufacturers","15":"product_tag-manufacturing","16":"product_tag-price","17":"product_tag-small","18":"product_tag-suppliers","19":"product_tag-wholesale","21":"first","22":"instock","23":"shipping-taxable","24":"product-type-simple"},"acf":[],"yoast_head":"<!-- This site is optimized with the Yoast SEO Premium plugin v27.5 (Yoast SEO v27.5) - https:\/\/yoast.com\/product\/yoast-seo-premium-wordpress\/ -->\n<title>Kids Milk Bottle - Diller Water Bottle Manufacturer<\/title>\n<meta name=\"description\" content=\"As one of the best kids milk bottle manufacturers and suppliers, we are engaged in manufacturing good quality water bottles. We warmly welcome you to wholesale or buy custom made kids milk bottle at competitive price from us. Also, small quantity orders are acceptable.\" \/>\n<meta name=\"robots\" content=\"index, follow, max-snippet:-1, max-image-preview:large, max-video-preview:-1\" \/>\n<link rel=\"canonical\" href=\"https:\/\/www.dillerbottle.com\/fr\/produits\/bouteille-de-lait-pour-enfants\" \/>\n<meta property=\"og:locale\" content=\"fr_FR\" \/>\n<meta property=\"og:type\" content=\"article\" \/>\n<meta property=\"og:title\" content=\"Kids Milk Bottle\" \/>\n<meta property=\"og:description\" content=\"As one of the best kids milk bottle manufacturers and suppliers, we are engaged in manufacturing good quality water bottles. We warmly welcome you to wholesale or buy custom made kids milk bottle at competitive price from us. Also, small quantity orders are acceptable.\" \/>\n<meta property=\"og:url\" content=\"https:\/\/www.dillerbottle.com\/fr\/produits\/bouteille-de-lait-pour-enfants\" \/>\n<meta property=\"og:site_name\" content=\"Diller Water Bottle Manufacturer\" \/>\n<meta property=\"article:modified_time\" content=\"2025-07-10T07:50:43+00:00\" \/>\n<meta property=\"og:image\" content=\"https:\/\/www.dillerbottle.com\/wp-content\/uploads\/2024\/09\/kids-milk-bottle28384520506.jpg\" \/>\n\t<meta property=\"og:image:width\" content=\"730\" \/>\n\t<meta property=\"og:image:height\" content=\"730\" \/>\n\t<meta property=\"og:image:type\" content=\"image\/jpeg\" \/>\n<meta name=\"twitter:card\" content=\"summary_large_image\" \/>\n<meta name=\"twitter:label1\" content=\"Dur\u00e9e de lecture estim\u00e9e\" \/>\n\t<meta name=\"twitter:data1\" content=\"2 minutes\" \/>\n<script type=\"application\/ld+json\" class=\"yoast-schema-graph\">{\"@context\":\"https:\\\/\\\/schema.org\",\"@graph\":[{\"@type\":\"WebPage\",\"@id\":\"https:\\\/\\\/www.dillerbottle.com\\\/products\\\/kids-milk-bottle\",\"url\":\"https:\\\/\\\/www.dillerbottle.com\\\/products\\\/kids-milk-bottle\",\"name\":\"Kids Milk Bottle - Diller Water Bottle Manufacturer\",\"isPartOf\":{\"@id\":\"https:\\\/\\\/www.dillerbottle.com\\\/#website\"},\"primaryImageOfPage\":{\"@id\":\"https:\\\/\\\/www.dillerbottle.com\\\/products\\\/kids-milk-bottle#primaryimage\"},\"image\":{\"@id\":\"https:\\\/\\\/www.dillerbottle.com\\\/products\\\/kids-milk-bottle#primaryimage\"},\"thumbnailUrl\":\"https:\\\/\\\/www.dillerbottle.com\\\/wp-content\\\/uploads\\\/2024\\\/09\\\/kids-milk-bottle28384520506.jpg\",\"datePublished\":\"2024-09-25T08:46:04+00:00\",\"dateModified\":\"2025-07-10T07:50:43+00:00\",\"description\":\"As one of the best kids milk bottle manufacturers and suppliers, we are engaged in manufacturing good quality water bottles. We warmly welcome you to wholesale or buy custom made kids milk bottle at competitive price from us. Also, small quantity orders are acceptable.\",\"breadcrumb\":{\"@id\":\"https:\\\/\\\/www.dillerbottle.com\\\/products\\\/kids-milk-bottle#breadcrumb\"},\"inLanguage\":\"fr-FR\",\"potentialAction\":[{\"@type\":\"ReadAction\",\"target\":[\"https:\\\/\\\/www.dillerbottle.com\\\/products\\\/kids-milk-bottle\"]}]},{\"@type\":\"ImageObject\",\"inLanguage\":\"fr-FR\",\"@id\":\"https:\\\/\\\/www.dillerbottle.com\\\/products\\\/kids-milk-bottle#primaryimage\",\"url\":\"https:\\\/\\\/www.dillerbottle.com\\\/wp-content\\\/uploads\\\/2024\\\/09\\\/kids-milk-bottle28384520506.jpg\",\"contentUrl\":\"https:\\\/\\\/www.dillerbottle.com\\\/wp-content\\\/uploads\\\/2024\\\/09\\\/kids-milk-bottle28384520506.jpg\",\"width\":730,\"height\":730},{\"@type\":\"BreadcrumbList\",\"@id\":\"https:\\\/\\\/www.dillerbottle.com\\\/products\\\/kids-milk-bottle#breadcrumb\",\"itemListElement\":[{\"@type\":\"ListItem\",\"position\":1,\"name\":\"Home\",\"item\":\"https:\\\/\\\/www.dillerbottle.com\\\/\"},{\"@type\":\"ListItem\",\"position\":2,\"name\":\"Products\",\"item\":\"https:\\\/\\\/www.dillerbottle.com\\\/shop\"},{\"@type\":\"ListItem\",\"position\":3,\"name\":\"Kids Milk Bottle\"}]},{\"@type\":\"WebSite\",\"@id\":\"https:\\\/\\\/www.dillerbottle.com\\\/#website\",\"url\":\"https:\\\/\\\/www.dillerbottle.com\\\/\",\"name\":\"Diller Water Bottle Manufacturer\",\"description\":\"Water Bottle Manufacturer\",\"publisher\":{\"@id\":\"https:\\\/\\\/www.dillerbottle.com\\\/#organization\"},\"potentialAction\":[{\"@type\":\"SearchAction\",\"target\":{\"@type\":\"EntryPoint\",\"urlTemplate\":\"https:\\\/\\\/www.dillerbottle.com\\\/?s={search_term_string}\"},\"query-input\":{\"@type\":\"PropertyValueSpecification\",\"valueRequired\":true,\"valueName\":\"search_term_string\"}}],\"inLanguage\":\"fr-FR\"},{\"@type\":\"Organization\",\"@id\":\"https:\\\/\\\/www.dillerbottle.com\\\/#organization\",\"name\":\"Diller Water Bottle Manufacturer\",\"url\":\"https:\\\/\\\/www.dillerbottle.com\\\/\",\"logo\":{\"@type\":\"ImageObject\",\"inLanguage\":\"fr-FR\",\"@id\":\"https:\\\/\\\/www.dillerbottle.com\\\/#\\\/schema\\\/logo\\\/image\\\/\",\"url\":\"https:\\\/\\\/www.dillerbottle.com\\\/wp-content\\\/uploads\\\/2024\\\/09\\\/49918bfa848dcc1e9f8b509933603ac.png\",\"contentUrl\":\"https:\\\/\\\/www.dillerbottle.com\\\/wp-content\\\/uploads\\\/2024\\\/09\\\/49918bfa848dcc1e9f8b509933603ac.png\",\"width\":988,\"height\":198,\"caption\":\"Diller Water Bottle Manufacturer\"},\"image\":{\"@id\":\"https:\\\/\\\/www.dillerbottle.com\\\/#\\\/schema\\\/logo\\\/image\\\/\"}}]}<\/script>\n<!-- \/ Yoast SEO Premium plugin. -->","yoast_head_json":{"title":"Bouteille de lait pour enfants - Fabricant de bouteilles d&#039;eau Diller","description":"En tant que l&#039;un des meilleurs fabricants et fournisseurs de bouteilles de lait pour enfants, nous sommes engag\u00e9s dans la fabrication de bouteilles d&#039;eau de bonne qualit\u00e9. Nous vous invitons chaleureusement \u00e0 vendre en gros ou \u00e0 acheter des bouteilles de lait pour enfants sur mesure \u00e0 un prix comp\u00e9titif chez nous. De plus, les commandes en petites quantit\u00e9s sont acceptables.","robots":{"index":"index","follow":"follow","max-snippet":"max-snippet:-1","max-image-preview":"max-image-preview:large","max-video-preview":"max-video-preview:-1"},"canonical":"https:\/\/www.dillerbottle.com\/fr\/produits\/bouteille-de-lait-pour-enfants","og_locale":"fr_FR","og_type":"article","og_title":"Kids Milk Bottle","og_description":"As one of the best kids milk bottle manufacturers and suppliers, we are engaged in manufacturing good quality water bottles. We warmly welcome you to wholesale or buy custom made kids milk bottle at competitive price from us. Also, small quantity orders are acceptable.","og_url":"https:\/\/www.dillerbottle.com\/fr\/produits\/bouteille-de-lait-pour-enfants","og_site_name":"Diller Water Bottle Manufacturer","article_modified_time":"2025-07-10T07:50:43+00:00","og_image":[{"width":730,"height":730,"url":"https:\/\/www.dillerbottle.com\/wp-content\/uploads\/2024\/09\/kids-milk-bottle28384520506.jpg","type":"image\/jpeg"}],"twitter_card":"summary_large_image","twitter_misc":{"Dur\u00e9e de lecture estim\u00e9e":"2 minutes"},"schema":{"@context":"https:\/\/schema.org","@graph":[{"@type":"WebPage","@id":"https:\/\/www.dillerbottle.com\/products\/kids-milk-bottle","url":"https:\/\/www.dillerbottle.com\/products\/kids-milk-bottle","name":"Bouteille de lait pour enfants - Fabricant de bouteilles d&#039;eau Diller","isPartOf":{"@id":"https:\/\/www.dillerbottle.com\/#website"},"primaryImageOfPage":{"@id":"https:\/\/www.dillerbottle.com\/products\/kids-milk-bottle#primaryimage"},"image":{"@id":"https:\/\/www.dillerbottle.com\/products\/kids-milk-bottle#primaryimage"},"thumbnailUrl":"https:\/\/www.dillerbottle.com\/wp-content\/uploads\/2024\/09\/kids-milk-bottle28384520506.jpg","datePublished":"2024-09-25T08:46:04+00:00","dateModified":"2025-07-10T07:50:43+00:00","description":"En tant que l&#039;un des meilleurs fabricants et fournisseurs de bouteilles de lait pour enfants, nous sommes engag\u00e9s dans la fabrication de bouteilles d&#039;eau de bonne qualit\u00e9. Nous vous invitons chaleureusement \u00e0 vendre en gros ou \u00e0 acheter des bouteilles de lait pour enfants sur mesure \u00e0 un prix comp\u00e9titif chez nous. De plus, les commandes en petites quantit\u00e9s sont acceptables.","breadcrumb":{"@id":"https:\/\/www.dillerbottle.com\/products\/kids-milk-bottle#breadcrumb"},"inLanguage":"fr-FR","potentialAction":[{"@type":"ReadAction","target":["https:\/\/www.dillerbottle.com\/products\/kids-milk-bottle"]}]},{"@type":"ImageObject","inLanguage":"fr-FR","@id":"https:\/\/www.dillerbottle.com\/products\/kids-milk-bottle#primaryimage","url":"https:\/\/www.dillerbottle.com\/wp-content\/uploads\/2024\/09\/kids-milk-bottle28384520506.jpg","contentUrl":"https:\/\/www.dillerbottle.com\/wp-content\/uploads\/2024\/09\/kids-milk-bottle28384520506.jpg","width":730,"height":730},{"@type":"BreadcrumbList","@id":"https:\/\/www.dillerbottle.com\/products\/kids-milk-bottle#breadcrumb","itemListElement":[{"@type":"ListItem","position":1,"name":"Home","item":"https:\/\/www.dillerbottle.com\/"},{"@type":"ListItem","position":2,"name":"Products","item":"https:\/\/www.dillerbottle.com\/shop"},{"@type":"ListItem","position":3,"name":"Kids Milk Bottle"}]},{"@type":"WebSite","@id":"https:\/\/www.dillerbottle.com\/#website","url":"https:\/\/www.dillerbottle.com\/","name":"Fabricant de bouteilles d&#039;eau Diller","description":"Fabricant de bouteilles d&#039;eau","publisher":{"@id":"https:\/\/www.dillerbottle.com\/#organization"},"potentialAction":[{"@type":"SearchAction","target":{"@type":"EntryPoint","urlTemplate":"https:\/\/www.dillerbottle.com\/?s={search_term_string}"},"query-input":{"@type":"PropertyValueSpecification","valueRequired":true,"valueName":"search_term_string"}}],"inLanguage":"fr-FR"},{"@type":"Organization","@id":"https:\/\/www.dillerbottle.com\/#organization","name":"Fabricant de bouteilles d&#039;eau Diller","url":"https:\/\/www.dillerbottle.com\/","logo":{"@type":"ImageObject","inLanguage":"fr-FR","@id":"https:\/\/www.dillerbottle.com\/#\/schema\/logo\/image\/","url":"https:\/\/www.dillerbottle.com\/wp-content\/uploads\/2024\/09\/49918bfa848dcc1e9f8b509933603ac.png","contentUrl":"https:\/\/www.dillerbottle.com\/wp-content\/uploads\/2024\/09\/49918bfa848dcc1e9f8b509933603ac.png","width":988,"height":198,"caption":"Diller Water Bottle Manufacturer"},"image":{"@id":"https:\/\/www.dillerbottle.com\/#\/schema\/logo\/image\/"}}]}},"_links":{"self":[{"href":"https:\/\/www.dillerbottle.com\/fr\/wp-json\/wp\/v2\/product\/2510","targetHints":{"allow":["GET"]}}],"collection":[{"href":"https:\/\/www.dillerbottle.com\/fr\/wp-json\/wp\/v2\/product"}],"about":[{"href":"https:\/\/www.dillerbottle.com\/fr\/wp-json\/wp\/v2\/types\/product"}],"replies":[{"embeddable":true,"href":"https:\/\/www.dillerbottle.com\/fr\/wp-json\/wp\/v2\/comments?post=2510"}],"wp:featuredmedia":[{"embeddable":true,"href":"https:\/\/www.dillerbottle.com\/fr\/wp-json\/wp\/v2\/media\/2511"}],"wp:attachment":[{"href":"https:\/\/www.dillerbottle.com\/fr\/wp-json\/wp\/v2\/media?parent=2510"}],"wp:term":[{"taxonomy":"product_brand","embeddable":true,"href":"https:\/\/www.dillerbottle.com\/fr\/wp-json\/wp\/v2\/product_brand?post=2510"},{"taxonomy":"product_cat","embeddable":true,"href":"https:\/\/www.dillerbottle.com\/fr\/wp-json\/wp\/v2\/product_cat?post=2510"},{"taxonomy":"product_tag","embeddable":true,"href":"https:\/\/www.dillerbottle.com\/fr\/wp-json\/wp\/v2\/product_tag?post=2510"}],"curies":[{"name":"wp","href":"https:\/\/api.w.org\/{rel}","templated":true}]}}