{"id":2821,"date":"2024-09-26T09:39:14","date_gmt":"2024-09-26T01:39:14","guid":{"rendered":"https:\/\/demo.dillerbottle.com\/uncategorized\/rabbit-tulip-thermal-food-jar"},"modified":"2025-07-10T15:40:13","modified_gmt":"2025-07-10T07:40:13","slug":"bocal-isotherme-en-forme-de-tulipe-en-forme-de-lapin","status":"publish","type":"product","link":"https:\/\/www.dillerbottle.com\/fr\/products\/rabbit-tulip-thermal-food-jar","title":{"rendered":"Bocal isotherme en forme de tulipe lapin"},"content":{"rendered":"<p>Caract\u00e9ristiques:<br \/>\n1. Le r\u00e9cipient isotherme en forme de tulipe pour lapin est fabriqu\u00e9 en acier inoxydable 316 de qualit\u00e9 alimentaire et en mat\u00e9riaux de qualit\u00e9 alimentaire, qui sont s\u00fbrs, non toxiques, r\u00e9sistants \u00e0 la corrosion et tr\u00e8s durables. Il peut maintenir la temp\u00e9rature et la fra\u00eecheur des aliments pendant longtemps.<\/p>\n<p>2. Le bouchon de bouteille est \u00e9quip\u00e9 d&#039;une cuill\u00e8re pliable en acier inoxydable, pratique \u00e0 transporter et n&#039;occupe aucun espace. Les pots isothermes en forme de tulipe de lapin sont l\u00e9gers et faciles \u00e0 transporter, adapt\u00e9s aux activit\u00e9s de plein air, aux voyages, aux pique-niques et \u00e0 d&#039;autres occasions.<\/p>\n<p>3. Le couvercle d&#039;un bocal peut \u00eatre utilis\u00e9 comme un petit bol pour contenir les aliments. Le large goulot de la bouteille facilite l&#039;insertion et le d\u00e9versement des aliments, et il est \u00e9galement plus pratique \u00e0 nettoyer apr\u00e8s utilisation.<\/p>","protected":false},"excerpt":{"rendered":"<p>Ce pot isotherme en forme de tulipe pour lapin est fabriqu\u00e9 en acier inoxydable 316 durable et en mat\u00e9riaux de qualit\u00e9 alimentaire.<br \/>\nCe pot alimentaire isotherme en acier inoxydable peut garder les aliments chauds jusqu&#039;\u00e0 12 heures et glac\u00e9s jusqu&#039;\u00e0 18 heures.<br \/>\nLe pot alimentaire est dot\u00e9 d&#039;une cuill\u00e8re pliable, ce qui est pratique et ne prend pas de place.<br \/>\nLe couvercle peut \u00eatre utilis\u00e9 comme un petit bol.<br \/>\nAcceptez le logo et le motif personnalis\u00e9s.<br \/>\nNous pouvons personnaliser le pot alimentaire selon vos besoins.<\/p>","protected":false},"featured_media":2822,"comment_status":"open","ping_status":"closed","template":"","meta":{"_acf_changed":false},"product_brand":[],"product_cat":[108],"product_tag":[32,36,33,31,124,127,39,38,143,29,37,34,142,35,137,123,28,144,30],"class_list":{"0":"post-2821","1":"product","2":"type-product","3":"status-publish","4":"has-post-thumbnail","6":"product_cat-insulated-food-jar","7":"product_tag-best","8":"product_tag-bulk","9":"product_tag-buy","10":"product_tag-custom","11":"product_tag-food-flask-for-children","12":"product_tag-food-thermal-box","13":"product_tag-for-sale","14":"product_tag-good-quality","15":"product_tag-hot-food-thermal","16":"product_tag-manufacturers","17":"product_tag-manufacturing","18":"product_tag-price","19":"product_tag-rabbit-tulip-thermal-food-jar","20":"product_tag-small","21":"product_tag-stainless-steel-food-container-thermal","22":"product_tag-stainless-steel-food-thermal-storage","23":"product_tag-suppliers","24":"product_tag-thermal-food-container","25":"product_tag-wholesale","27":"first","28":"instock","29":"shipping-taxable","30":"product-type-simple"},"acf":[],"yoast_head":"<!-- This site is optimized with the Yoast SEO Premium plugin v27.5 (Yoast SEO v27.5) - https:\/\/yoast.com\/product\/yoast-seo-premium-wordpress\/ -->\n<title>Rabbit Tulip Thermal Food Jar - Diller Water Bottle Manufacturer<\/title>\n<meta name=\"description\" content=\"As one of the best rabbit tulip thermal food jar manufacturers and suppliers, we are engaged in manufacturing good quality water bottles. We warmly welcome you to wholesale or buy custom made rabbit tulip thermal food jar at competitive price from us. Also, small quantity orders are acceptable.\" \/>\n<meta name=\"robots\" content=\"index, follow, max-snippet:-1, max-image-preview:large, max-video-preview:-1\" \/>\n<link rel=\"canonical\" href=\"https:\/\/www.dillerbottle.com\/fr\/produits\/bocal-isotherme-en-forme-de-tulipe-en-forme-de-lapin\" \/>\n<meta property=\"og:locale\" content=\"fr_FR\" \/>\n<meta property=\"og:type\" content=\"article\" \/>\n<meta property=\"og:title\" content=\"Rabbit Tulip Thermal Food Jar\" \/>\n<meta property=\"og:description\" content=\"As one of the best rabbit tulip thermal food jar manufacturers and suppliers, we are engaged in manufacturing good quality water bottles. We warmly welcome you to wholesale or buy custom made rabbit tulip thermal food jar at competitive price from us. Also, small quantity orders are acceptable.\" \/>\n<meta property=\"og:url\" content=\"https:\/\/www.dillerbottle.com\/fr\/produits\/bocal-isotherme-en-forme-de-tulipe-en-forme-de-lapin\" \/>\n<meta property=\"og:site_name\" content=\"Diller Water Bottle Manufacturer\" \/>\n<meta property=\"article:modified_time\" content=\"2025-07-10T07:40:13+00:00\" \/>\n<meta property=\"og:image\" content=\"https:\/\/www.dillerbottle.com\/wp-content\/uploads\/2024\/09\/rabbit-tulip-thermal-food-jar59a77c25-28ee-418a-98ba-2e14dcf3bcd6.jpg\" \/>\n\t<meta property=\"og:image:width\" content=\"730\" \/>\n\t<meta property=\"og:image:height\" content=\"730\" \/>\n\t<meta property=\"og:image:type\" content=\"image\/jpeg\" \/>\n<meta name=\"twitter:card\" content=\"summary_large_image\" \/>\n<meta name=\"twitter:label1\" content=\"Dur\u00e9e de lecture estim\u00e9e\" \/>\n\t<meta name=\"twitter:data1\" content=\"6 minutes\" \/>\n<script type=\"application\/ld+json\" class=\"yoast-schema-graph\">{\"@context\":\"https:\\\/\\\/schema.org\",\"@graph\":[{\"@type\":\"WebPage\",\"@id\":\"https:\\\/\\\/www.dillerbottle.com\\\/ru\\\/%d0%bf%d1%80%d0%be%d0%b4%d1%83%d0%ba%d1%82%d1%8b\\\/%d0%ba%d1%80%d0%be%d0%bb%d0%b8%d0%ba-%d1%82%d1%8e%d0%bb%d1%8c%d0%bf%d0%b0%d0%bd-%d1%82%d0%b5%d1%80%d0%bc%d0%be%d0%ba%d0%be%d0%bd%d1%82%d0%b5%d0%b9%d0%bd%d0%b5%d1%80-%d0%b4%d0%bb%d1%8f-%d0%b5%d0%b4\",\"url\":\"https:\\\/\\\/www.dillerbottle.com\\\/ru\\\/%d0%bf%d1%80%d0%be%d0%b4%d1%83%d0%ba%d1%82%d1%8b\\\/%d0%ba%d1%80%d0%be%d0%bb%d0%b8%d0%ba-%d1%82%d1%8e%d0%bb%d1%8c%d0%bf%d0%b0%d0%bd-%d1%82%d0%b5%d1%80%d0%bc%d0%be%d0%ba%d0%be%d0%bd%d1%82%d0%b5%d0%b9%d0%bd%d0%b5%d1%80-%d0%b4%d0%bb%d1%8f-%d0%b5%d0%b4\",\"name\":\"Rabbit Tulip Thermal Food Jar - Diller Water Bottle Manufacturer\",\"isPartOf\":{\"@id\":\"https:\\\/\\\/www.dillerbottle.com\\\/#website\"},\"primaryImageOfPage\":{\"@id\":\"https:\\\/\\\/www.dillerbottle.com\\\/ru\\\/%d0%bf%d1%80%d0%be%d0%b4%d1%83%d0%ba%d1%82%d1%8b\\\/%d0%ba%d1%80%d0%be%d0%bb%d0%b8%d0%ba-%d1%82%d1%8e%d0%bb%d1%8c%d0%bf%d0%b0%d0%bd-%d1%82%d0%b5%d1%80%d0%bc%d0%be%d0%ba%d0%be%d0%bd%d1%82%d0%b5%d0%b9%d0%bd%d0%b5%d1%80-%d0%b4%d0%bb%d1%8f-%d0%b5%d0%b4#primaryimage\"},\"image\":{\"@id\":\"https:\\\/\\\/www.dillerbottle.com\\\/ru\\\/%d0%bf%d1%80%d0%be%d0%b4%d1%83%d0%ba%d1%82%d1%8b\\\/%d0%ba%d1%80%d0%be%d0%bb%d0%b8%d0%ba-%d1%82%d1%8e%d0%bb%d1%8c%d0%bf%d0%b0%d0%bd-%d1%82%d0%b5%d1%80%d0%bc%d0%be%d0%ba%d0%be%d0%bd%d1%82%d0%b5%d0%b9%d0%bd%d0%b5%d1%80-%d0%b4%d0%bb%d1%8f-%d0%b5%d0%b4#primaryimage\"},\"thumbnailUrl\":\"https:\\\/\\\/www.dillerbottle.com\\\/wp-content\\\/uploads\\\/2024\\\/09\\\/rabbit-tulip-thermal-food-jar59a77c25-28ee-418a-98ba-2e14dcf3bcd6.jpg\",\"datePublished\":\"2024-09-26T01:39:14+00:00\",\"dateModified\":\"2025-07-10T07:40:13+00:00\",\"description\":\"As one of the best rabbit tulip thermal food jar manufacturers and suppliers, we are engaged in manufacturing good quality water bottles. We warmly welcome you to wholesale or buy custom made rabbit tulip thermal food jar at competitive price from us. Also, small quantity orders are acceptable.\",\"breadcrumb\":{\"@id\":\"https:\\\/\\\/www.dillerbottle.com\\\/ru\\\/%d0%bf%d1%80%d0%be%d0%b4%d1%83%d0%ba%d1%82%d1%8b\\\/%d0%ba%d1%80%d0%be%d0%bb%d0%b8%d0%ba-%d1%82%d1%8e%d0%bb%d1%8c%d0%bf%d0%b0%d0%bd-%d1%82%d0%b5%d1%80%d0%bc%d0%be%d0%ba%d0%be%d0%bd%d1%82%d0%b5%d0%b9%d0%bd%d0%b5%d1%80-%d0%b4%d0%bb%d1%8f-%d0%b5%d0%b4#breadcrumb\"},\"inLanguage\":\"fr-FR\",\"potentialAction\":[{\"@type\":\"ReadAction\",\"target\":[\"https:\\\/\\\/www.dillerbottle.com\\\/ru\\\/%d0%bf%d1%80%d0%be%d0%b4%d1%83%d0%ba%d1%82%d1%8b\\\/%d0%ba%d1%80%d0%be%d0%bb%d0%b8%d0%ba-%d1%82%d1%8e%d0%bb%d1%8c%d0%bf%d0%b0%d0%bd-%d1%82%d0%b5%d1%80%d0%bc%d0%be%d0%ba%d0%be%d0%bd%d1%82%d0%b5%d0%b9%d0%bd%d0%b5%d1%80-%d0%b4%d0%bb%d1%8f-%d0%b5%d0%b4\"]}]},{\"@type\":\"ImageObject\",\"inLanguage\":\"fr-FR\",\"@id\":\"https:\\\/\\\/www.dillerbottle.com\\\/ru\\\/%d0%bf%d1%80%d0%be%d0%b4%d1%83%d0%ba%d1%82%d1%8b\\\/%d0%ba%d1%80%d0%be%d0%bb%d0%b8%d0%ba-%d1%82%d1%8e%d0%bb%d1%8c%d0%bf%d0%b0%d0%bd-%d1%82%d0%b5%d1%80%d0%bc%d0%be%d0%ba%d0%be%d0%bd%d1%82%d0%b5%d0%b9%d0%bd%d0%b5%d1%80-%d0%b4%d0%bb%d1%8f-%d0%b5%d0%b4#primaryimage\",\"url\":\"https:\\\/\\\/www.dillerbottle.com\\\/wp-content\\\/uploads\\\/2024\\\/09\\\/rabbit-tulip-thermal-food-jar59a77c25-28ee-418a-98ba-2e14dcf3bcd6.jpg\",\"contentUrl\":\"https:\\\/\\\/www.dillerbottle.com\\\/wp-content\\\/uploads\\\/2024\\\/09\\\/rabbit-tulip-thermal-food-jar59a77c25-28ee-418a-98ba-2e14dcf3bcd6.jpg\",\"width\":730,\"height\":730},{\"@type\":\"BreadcrumbList\",\"@id\":\"https:\\\/\\\/www.dillerbottle.com\\\/ru\\\/%d0%bf%d1%80%d0%be%d0%b4%d1%83%d0%ba%d1%82%d1%8b\\\/%d0%ba%d1%80%d0%be%d0%bb%d0%b8%d0%ba-%d1%82%d1%8e%d0%bb%d1%8c%d0%bf%d0%b0%d0%bd-%d1%82%d0%b5%d1%80%d0%bc%d0%be%d0%ba%d0%be%d0%bd%d1%82%d0%b5%d0%b9%d0%bd%d0%b5%d1%80-%d0%b4%d0%bb%d1%8f-%d0%b5%d0%b4#breadcrumb\",\"itemListElement\":[{\"@type\":\"ListItem\",\"position\":1,\"name\":\"Home\",\"item\":\"https:\\\/\\\/www.dillerbottle.com\\\/\"},{\"@type\":\"ListItem\",\"position\":2,\"name\":\"Products\",\"item\":\"https:\\\/\\\/www.dillerbottle.com\\\/shop\"},{\"@type\":\"ListItem\",\"position\":3,\"name\":\"Rabbit Tulip Thermal Food Jar\"}]},{\"@type\":\"WebSite\",\"@id\":\"https:\\\/\\\/www.dillerbottle.com\\\/#website\",\"url\":\"https:\\\/\\\/www.dillerbottle.com\\\/\",\"name\":\"Diller Water Bottle Manufacturer\",\"description\":\"Water Bottle Manufacturer\",\"publisher\":{\"@id\":\"https:\\\/\\\/www.dillerbottle.com\\\/#organization\"},\"potentialAction\":[{\"@type\":\"SearchAction\",\"target\":{\"@type\":\"EntryPoint\",\"urlTemplate\":\"https:\\\/\\\/www.dillerbottle.com\\\/?s={search_term_string}\"},\"query-input\":{\"@type\":\"PropertyValueSpecification\",\"valueRequired\":true,\"valueName\":\"search_term_string\"}}],\"inLanguage\":\"fr-FR\"},{\"@type\":\"Organization\",\"@id\":\"https:\\\/\\\/www.dillerbottle.com\\\/#organization\",\"name\":\"Diller Water Bottle Manufacturer\",\"url\":\"https:\\\/\\\/www.dillerbottle.com\\\/\",\"logo\":{\"@type\":\"ImageObject\",\"inLanguage\":\"fr-FR\",\"@id\":\"https:\\\/\\\/www.dillerbottle.com\\\/#\\\/schema\\\/logo\\\/image\\\/\",\"url\":\"https:\\\/\\\/www.dillerbottle.com\\\/wp-content\\\/uploads\\\/2024\\\/09\\\/49918bfa848dcc1e9f8b509933603ac.png\",\"contentUrl\":\"https:\\\/\\\/www.dillerbottle.com\\\/wp-content\\\/uploads\\\/2024\\\/09\\\/49918bfa848dcc1e9f8b509933603ac.png\",\"width\":988,\"height\":198,\"caption\":\"Diller Water Bottle Manufacturer\"},\"image\":{\"@id\":\"https:\\\/\\\/www.dillerbottle.com\\\/#\\\/schema\\\/logo\\\/image\\\/\"}}]}<\/script>\n<!-- \/ Yoast SEO Premium plugin. -->","yoast_head_json":{"title":"Bocal isotherme en forme de tulipe en forme de lapin - Fabricant de bouteilles d&#039;eau Diller","description":"En tant que l&#039;un des meilleurs fabricants et fournisseurs de bocaux alimentaires isothermes en forme de tulipe de lapin, nous sommes engag\u00e9s dans la fabrication de bouteilles d&#039;eau de bonne qualit\u00e9. Nous vous invitons chaleureusement \u00e0 vendre en gros ou \u00e0 acheter chez nous des bocaux alimentaires isothermes en forme de tulipe de lapin fabriqu\u00e9s sur mesure \u00e0 un prix comp\u00e9titif. De plus, les commandes en petites quantit\u00e9s sont acceptables.","robots":{"index":"index","follow":"follow","max-snippet":"max-snippet:-1","max-image-preview":"max-image-preview:large","max-video-preview":"max-video-preview:-1"},"canonical":"https:\/\/www.dillerbottle.com\/fr\/produits\/bocal-isotherme-en-forme-de-tulipe-en-forme-de-lapin","og_locale":"fr_FR","og_type":"article","og_title":"Rabbit Tulip Thermal Food Jar","og_description":"As one of the best rabbit tulip thermal food jar manufacturers and suppliers, we are engaged in manufacturing good quality water bottles. We warmly welcome you to wholesale or buy custom made rabbit tulip thermal food jar at competitive price from us. Also, small quantity orders are acceptable.","og_url":"https:\/\/www.dillerbottle.com\/fr\/produits\/bocal-isotherme-en-forme-de-tulipe-en-forme-de-lapin","og_site_name":"Diller Water Bottle Manufacturer","article_modified_time":"2025-07-10T07:40:13+00:00","og_image":[{"width":730,"height":730,"url":"https:\/\/www.dillerbottle.com\/wp-content\/uploads\/2024\/09\/rabbit-tulip-thermal-food-jar59a77c25-28ee-418a-98ba-2e14dcf3bcd6.jpg","type":"image\/jpeg"}],"twitter_card":"summary_large_image","twitter_misc":{"Dur\u00e9e de lecture estim\u00e9e":"6 minutes"},"schema":{"@context":"https:\/\/schema.org","@graph":[{"@type":"WebPage","@id":"https:\/\/www.dillerbottle.com\/ru\/%d0%bf%d1%80%d0%be%d0%b4%d1%83%d0%ba%d1%82%d1%8b\/%d0%ba%d1%80%d0%be%d0%bb%d0%b8%d0%ba-%d1%82%d1%8e%d0%bb%d1%8c%d0%bf%d0%b0%d0%bd-%d1%82%d0%b5%d1%80%d0%bc%d0%be%d0%ba%d0%be%d0%bd%d1%82%d0%b5%d0%b9%d0%bd%d0%b5%d1%80-%d0%b4%d0%bb%d1%8f-%d0%b5%d0%b4","url":"https:\/\/www.dillerbottle.com\/ru\/%d0%bf%d1%80%d0%be%d0%b4%d1%83%d0%ba%d1%82%d1%8b\/%d0%ba%d1%80%d0%be%d0%bb%d0%b8%d0%ba-%d1%82%d1%8e%d0%bb%d1%8c%d0%bf%d0%b0%d0%bd-%d1%82%d0%b5%d1%80%d0%bc%d0%be%d0%ba%d0%be%d0%bd%d1%82%d0%b5%d0%b9%d0%bd%d0%b5%d1%80-%d0%b4%d0%bb%d1%8f-%d0%b5%d0%b4","name":"Bocal isotherme en forme de tulipe en forme de lapin - Fabricant de bouteilles d&#039;eau Diller","isPartOf":{"@id":"https:\/\/www.dillerbottle.com\/#website"},"primaryImageOfPage":{"@id":"https:\/\/www.dillerbottle.com\/ru\/%d0%bf%d1%80%d0%be%d0%b4%d1%83%d0%ba%d1%82%d1%8b\/%d0%ba%d1%80%d0%be%d0%bb%d0%b8%d0%ba-%d1%82%d1%8e%d0%bb%d1%8c%d0%bf%d0%b0%d0%bd-%d1%82%d0%b5%d1%80%d0%bc%d0%be%d0%ba%d0%be%d0%bd%d1%82%d0%b5%d0%b9%d0%bd%d0%b5%d1%80-%d0%b4%d0%bb%d1%8f-%d0%b5%d0%b4#primaryimage"},"image":{"@id":"https:\/\/www.dillerbottle.com\/ru\/%d0%bf%d1%80%d0%be%d0%b4%d1%83%d0%ba%d1%82%d1%8b\/%d0%ba%d1%80%d0%be%d0%bb%d0%b8%d0%ba-%d1%82%d1%8e%d0%bb%d1%8c%d0%bf%d0%b0%d0%bd-%d1%82%d0%b5%d1%80%d0%bc%d0%be%d0%ba%d0%be%d0%bd%d1%82%d0%b5%d0%b9%d0%bd%d0%b5%d1%80-%d0%b4%d0%bb%d1%8f-%d0%b5%d0%b4#primaryimage"},"thumbnailUrl":"https:\/\/www.dillerbottle.com\/wp-content\/uploads\/2024\/09\/rabbit-tulip-thermal-food-jar59a77c25-28ee-418a-98ba-2e14dcf3bcd6.jpg","datePublished":"2024-09-26T01:39:14+00:00","dateModified":"2025-07-10T07:40:13+00:00","description":"En tant que l&#039;un des meilleurs fabricants et fournisseurs de bocaux alimentaires isothermes en forme de tulipe de lapin, nous sommes engag\u00e9s dans la fabrication de bouteilles d&#039;eau de bonne qualit\u00e9. Nous vous invitons chaleureusement \u00e0 vendre en gros ou \u00e0 acheter chez nous des bocaux alimentaires isothermes en forme de tulipe de lapin fabriqu\u00e9s sur mesure \u00e0 un prix comp\u00e9titif. De plus, les commandes en petites quantit\u00e9s sont acceptables.","breadcrumb":{"@id":"https:\/\/www.dillerbottle.com\/ru\/%d0%bf%d1%80%d0%be%d0%b4%d1%83%d0%ba%d1%82%d1%8b\/%d0%ba%d1%80%d0%be%d0%bb%d0%b8%d0%ba-%d1%82%d1%8e%d0%bb%d1%8c%d0%bf%d0%b0%d0%bd-%d1%82%d0%b5%d1%80%d0%bc%d0%be%d0%ba%d0%be%d0%bd%d1%82%d0%b5%d0%b9%d0%bd%d0%b5%d1%80-%d0%b4%d0%bb%d1%8f-%d0%b5%d0%b4#breadcrumb"},"inLanguage":"fr-FR","potentialAction":[{"@type":"ReadAction","target":["https:\/\/www.dillerbottle.com\/ru\/%d0%bf%d1%80%d0%be%d0%b4%d1%83%d0%ba%d1%82%d1%8b\/%d0%ba%d1%80%d0%be%d0%bb%d0%b8%d0%ba-%d1%82%d1%8e%d0%bb%d1%8c%d0%bf%d0%b0%d0%bd-%d1%82%d0%b5%d1%80%d0%bc%d0%be%d0%ba%d0%be%d0%bd%d1%82%d0%b5%d0%b9%d0%bd%d0%b5%d1%80-%d0%b4%d0%bb%d1%8f-%d0%b5%d0%b4"]}]},{"@type":"ImageObject","inLanguage":"fr-FR","@id":"https:\/\/www.dillerbottle.com\/ru\/%d0%bf%d1%80%d0%be%d0%b4%d1%83%d0%ba%d1%82%d1%8b\/%d0%ba%d1%80%d0%be%d0%bb%d0%b8%d0%ba-%d1%82%d1%8e%d0%bb%d1%8c%d0%bf%d0%b0%d0%bd-%d1%82%d0%b5%d1%80%d0%bc%d0%be%d0%ba%d0%be%d0%bd%d1%82%d0%b5%d0%b9%d0%bd%d0%b5%d1%80-%d0%b4%d0%bb%d1%8f-%d0%b5%d0%b4#primaryimage","url":"https:\/\/www.dillerbottle.com\/wp-content\/uploads\/2024\/09\/rabbit-tulip-thermal-food-jar59a77c25-28ee-418a-98ba-2e14dcf3bcd6.jpg","contentUrl":"https:\/\/www.dillerbottle.com\/wp-content\/uploads\/2024\/09\/rabbit-tulip-thermal-food-jar59a77c25-28ee-418a-98ba-2e14dcf3bcd6.jpg","width":730,"height":730},{"@type":"BreadcrumbList","@id":"https:\/\/www.dillerbottle.com\/ru\/%d0%bf%d1%80%d0%be%d0%b4%d1%83%d0%ba%d1%82%d1%8b\/%d0%ba%d1%80%d0%be%d0%bb%d0%b8%d0%ba-%d1%82%d1%8e%d0%bb%d1%8c%d0%bf%d0%b0%d0%bd-%d1%82%d0%b5%d1%80%d0%bc%d0%be%d0%ba%d0%be%d0%bd%d1%82%d0%b5%d0%b9%d0%bd%d0%b5%d1%80-%d0%b4%d0%bb%d1%8f-%d0%b5%d0%b4#breadcrumb","itemListElement":[{"@type":"ListItem","position":1,"name":"Home","item":"https:\/\/www.dillerbottle.com\/"},{"@type":"ListItem","position":2,"name":"Products","item":"https:\/\/www.dillerbottle.com\/shop"},{"@type":"ListItem","position":3,"name":"Rabbit Tulip Thermal Food Jar"}]},{"@type":"WebSite","@id":"https:\/\/www.dillerbottle.com\/#website","url":"https:\/\/www.dillerbottle.com\/","name":"Fabricant de bouteilles d&#039;eau Diller","description":"Fabricant de bouteilles d&#039;eau","publisher":{"@id":"https:\/\/www.dillerbottle.com\/#organization"},"potentialAction":[{"@type":"SearchAction","target":{"@type":"EntryPoint","urlTemplate":"https:\/\/www.dillerbottle.com\/?s={search_term_string}"},"query-input":{"@type":"PropertyValueSpecification","valueRequired":true,"valueName":"search_term_string"}}],"inLanguage":"fr-FR"},{"@type":"Organization","@id":"https:\/\/www.dillerbottle.com\/#organization","name":"Fabricant de bouteilles d&#039;eau Diller","url":"https:\/\/www.dillerbottle.com\/","logo":{"@type":"ImageObject","inLanguage":"fr-FR","@id":"https:\/\/www.dillerbottle.com\/#\/schema\/logo\/image\/","url":"https:\/\/www.dillerbottle.com\/wp-content\/uploads\/2024\/09\/49918bfa848dcc1e9f8b509933603ac.png","contentUrl":"https:\/\/www.dillerbottle.com\/wp-content\/uploads\/2024\/09\/49918bfa848dcc1e9f8b509933603ac.png","width":988,"height":198,"caption":"Diller Water Bottle Manufacturer"},"image":{"@id":"https:\/\/www.dillerbottle.com\/#\/schema\/logo\/image\/"}}]}},"_links":{"self":[{"href":"https:\/\/www.dillerbottle.com\/fr\/wp-json\/wp\/v2\/product\/2821","targetHints":{"allow":["GET"]}}],"collection":[{"href":"https:\/\/www.dillerbottle.com\/fr\/wp-json\/wp\/v2\/product"}],"about":[{"href":"https:\/\/www.dillerbottle.com\/fr\/wp-json\/wp\/v2\/types\/product"}],"replies":[{"embeddable":true,"href":"https:\/\/www.dillerbottle.com\/fr\/wp-json\/wp\/v2\/comments?post=2821"}],"wp:featuredmedia":[{"embeddable":true,"href":"https:\/\/www.dillerbottle.com\/fr\/wp-json\/wp\/v2\/media\/2822"}],"wp:attachment":[{"href":"https:\/\/www.dillerbottle.com\/fr\/wp-json\/wp\/v2\/media?parent=2821"}],"wp:term":[{"taxonomy":"product_brand","embeddable":true,"href":"https:\/\/www.dillerbottle.com\/fr\/wp-json\/wp\/v2\/product_brand?post=2821"},{"taxonomy":"product_cat","embeddable":true,"href":"https:\/\/www.dillerbottle.com\/fr\/wp-json\/wp\/v2\/product_cat?post=2821"},{"taxonomy":"product_tag","embeddable":true,"href":"https:\/\/www.dillerbottle.com\/fr\/wp-json\/wp\/v2\/product_tag?post=2821"}],"curies":[{"name":"wp","href":"https:\/\/api.w.org\/{rel}","templated":true}]}}