{"id":3004,"date":"2024-09-26T09:41:40","date_gmt":"2024-09-26T01:41:40","guid":{"rendered":"https:\/\/demo.dillerbottle.com\/uncategorized\/thermos-food-jar-with-spoon"},"modified":"2025-07-10T15:33:46","modified_gmt":"2025-07-10T07:33:46","slug":"bocal-thermos-avec-cuillere","status":"publish","type":"product","link":"https:\/\/www.dillerbottle.com\/fr\/products\/thermos-food-jar-with-spoon","title":{"rendered":"Bocal isotherme avec cuill\u00e8re"},"content":{"rendered":"<p>Caract\u00e9ristiques:<br \/>\n1. Int\u00e9rieur et ext\u00e9rieur en acier inoxydable durable, l&#039;isolation sous vide \u00e0 double paroi conserve les temp\u00e9ratures chaudes ou froides.<\/p>\n<p>2. La large ouverture vous permet de manger directement \u00e0 partir du r\u00e9cipient thermos.<\/p>\n<p>3. Comprend une cuill\u00e8re pliable en acier inoxydable pleine grandeur, facilement rang\u00e9e dans le bouchon.<\/p>\n<p>4. La bouteille isotherme est id\u00e9ale pour les repas chauds, les soupes, les flocons d&#039;avoine, les desserts et boissons froids, etc.<\/p>","protected":false},"excerpt":{"rendered":"<p>Si vous recherchez un r\u00e9cipient alimentaire thermos de haute qualit\u00e9 avec cuill\u00e8re que vous pouvez personnaliser, nous sommes l\u00e0 pour vous.<br \/>\nAvec une gamme de couleurs et de motifs parmi lesquels choisir, ainsi que la possibilit\u00e9 d&#039;ajouter votre propre logo ou design, nous vous facilitons la cr\u00e9ation d&#039;un r\u00e9cipient alimentaire thermos avec cuill\u00e8re qui vous convient parfaitement.<br \/>\nEt si vous avez besoin d&#039;une commande importante, nous proposons des prix de gros pour la rendre plus abordable.<br \/>\nLa technologie d&#039;isolation sous vide conserve la temp\u00e9rature des repas chauds ou froids.<br \/>\nCe r\u00e9cipient isotherme garde le contenu chaud jusqu&#039;\u00e0 8 heures et froid jusqu&#039;\u00e0 12 heures.<br \/>\nLa construction en acier inoxydable 304 (18\/8) de haute qualit\u00e9 est durable<\/p>","protected":false},"featured_media":3005,"comment_status":"open","ping_status":"closed","template":"","meta":{"_acf_changed":false},"product_brand":[],"product_cat":[108],"product_tag":[120,32,36,33,31,172,153,39,38,29,37,34,35,28,160,140,171,146,30],"class_list":{"0":"post-3004","1":"product","2":"type-product","3":"status-publish","4":"has-post-thumbnail","6":"product_cat-insulated-food-jar","7":"product_tag-316-thermal-food-jar","8":"product_tag-best","9":"product_tag-bulk","10":"product_tag-buy","11":"product_tag-custom","12":"product_tag-food-thermal-container","13":"product_tag-food-thermal-jar","14":"product_tag-for-sale","15":"product_tag-good-quality","16":"product_tag-manufacturers","17":"product_tag-manufacturing","18":"product_tag-price","19":"product_tag-small","20":"product_tag-suppliers","21":"product_tag-thermal-food-pot-with-lid","22":"product_tag-thermal-hot-food-container","23":"product_tag-thermos-food-jar-with-spoon","24":"product_tag-vacuum-flask-food-jar","25":"product_tag-wholesale","27":"first","28":"instock","29":"shipping-taxable","30":"product-type-simple"},"acf":[],"yoast_head":"<!-- This site is optimized with the Yoast SEO Premium plugin v27.5 (Yoast SEO v27.5) - https:\/\/yoast.com\/product\/yoast-seo-premium-wordpress\/ -->\n<title>Thermos Food Jar with Spoon - Diller Water Bottle Manufacturer<\/title>\n<meta name=\"description\" content=\"As one of the best thermos food jar with spoon manufacturers and suppliers, we are engaged in manufacturing good quality water bottles. We warmly welcome you to wholesale or buy custom made thermos food jar with spoon at competitive price from us. Also, small quantity orders are acceptable.\" \/>\n<meta name=\"robots\" content=\"index, follow, max-snippet:-1, max-image-preview:large, max-video-preview:-1\" \/>\n<link rel=\"canonical\" href=\"https:\/\/www.dillerbottle.com\/fr\/produits\/bocal-thermos-avec-cuillere\" \/>\n<meta property=\"og:locale\" content=\"fr_FR\" \/>\n<meta property=\"og:type\" content=\"article\" \/>\n<meta property=\"og:title\" content=\"Thermos Food Jar with Spoon\" \/>\n<meta property=\"og:description\" content=\"As one of the best thermos food jar with spoon manufacturers and suppliers, we are engaged in manufacturing good quality water bottles. We warmly welcome you to wholesale or buy custom made thermos food jar with spoon at competitive price from us. Also, small quantity orders are acceptable.\" \/>\n<meta property=\"og:url\" content=\"https:\/\/www.dillerbottle.com\/fr\/produits\/bocal-thermos-avec-cuillere\" \/>\n<meta property=\"og:site_name\" content=\"Diller Water Bottle Manufacturer\" \/>\n<meta property=\"article:modified_time\" content=\"2025-07-10T07:33:46+00:00\" \/>\n<meta property=\"og:image\" content=\"https:\/\/www.dillerbottle.com\/wp-content\/uploads\/2024\/09\/thermos-food-jar-with-spoon39486708367.jpg\" \/>\n\t<meta property=\"og:image:width\" content=\"730\" \/>\n\t<meta property=\"og:image:height\" content=\"730\" \/>\n\t<meta property=\"og:image:type\" content=\"image\/jpeg\" \/>\n<meta name=\"twitter:card\" content=\"summary_large_image\" \/>\n<meta name=\"twitter:label1\" content=\"Dur\u00e9e de lecture estim\u00e9e\" \/>\n\t<meta name=\"twitter:data1\" content=\"2 minutes\" \/>\n<script type=\"application\/ld+json\" class=\"yoast-schema-graph\">{\"@context\":\"https:\\\/\\\/schema.org\",\"@graph\":[{\"@type\":\"WebPage\",\"@id\":\"https:\\\/\\\/www.dillerbottle.com\\\/ko\\\/%ec%a0%9c%ed%92%88\\\/%ec%88%9f%ea%b0%80%eb%9d%bd%ec%9d%b4-%eb%8b%ac%eb%a6%b0-%eb%b3%b4%ec%98%a8%eb%b3%91-%ec%8b%9d%ed%92%88-%ec%9a%a9%ea%b8%b0\",\"url\":\"https:\\\/\\\/www.dillerbottle.com\\\/ko\\\/%ec%a0%9c%ed%92%88\\\/%ec%88%9f%ea%b0%80%eb%9d%bd%ec%9d%b4-%eb%8b%ac%eb%a6%b0-%eb%b3%b4%ec%98%a8%eb%b3%91-%ec%8b%9d%ed%92%88-%ec%9a%a9%ea%b8%b0\",\"name\":\"Thermos Food Jar with Spoon - Diller Water Bottle Manufacturer\",\"isPartOf\":{\"@id\":\"https:\\\/\\\/www.dillerbottle.com\\\/#website\"},\"primaryImageOfPage\":{\"@id\":\"https:\\\/\\\/www.dillerbottle.com\\\/ko\\\/%ec%a0%9c%ed%92%88\\\/%ec%88%9f%ea%b0%80%eb%9d%bd%ec%9d%b4-%eb%8b%ac%eb%a6%b0-%eb%b3%b4%ec%98%a8%eb%b3%91-%ec%8b%9d%ed%92%88-%ec%9a%a9%ea%b8%b0#primaryimage\"},\"image\":{\"@id\":\"https:\\\/\\\/www.dillerbottle.com\\\/ko\\\/%ec%a0%9c%ed%92%88\\\/%ec%88%9f%ea%b0%80%eb%9d%bd%ec%9d%b4-%eb%8b%ac%eb%a6%b0-%eb%b3%b4%ec%98%a8%eb%b3%91-%ec%8b%9d%ed%92%88-%ec%9a%a9%ea%b8%b0#primaryimage\"},\"thumbnailUrl\":\"https:\\\/\\\/www.dillerbottle.com\\\/wp-content\\\/uploads\\\/2024\\\/09\\\/thermos-food-jar-with-spoon39486708367.jpg\",\"datePublished\":\"2024-09-26T01:41:40+00:00\",\"dateModified\":\"2025-07-10T07:33:46+00:00\",\"description\":\"As one of the best thermos food jar with spoon manufacturers and suppliers, we are engaged in manufacturing good quality water bottles. We warmly welcome you to wholesale or buy custom made thermos food jar with spoon at competitive price from us. Also, small quantity orders are acceptable.\",\"breadcrumb\":{\"@id\":\"https:\\\/\\\/www.dillerbottle.com\\\/ko\\\/%ec%a0%9c%ed%92%88\\\/%ec%88%9f%ea%b0%80%eb%9d%bd%ec%9d%b4-%eb%8b%ac%eb%a6%b0-%eb%b3%b4%ec%98%a8%eb%b3%91-%ec%8b%9d%ed%92%88-%ec%9a%a9%ea%b8%b0#breadcrumb\"},\"inLanguage\":\"fr-FR\",\"potentialAction\":[{\"@type\":\"ReadAction\",\"target\":[\"https:\\\/\\\/www.dillerbottle.com\\\/ko\\\/%ec%a0%9c%ed%92%88\\\/%ec%88%9f%ea%b0%80%eb%9d%bd%ec%9d%b4-%eb%8b%ac%eb%a6%b0-%eb%b3%b4%ec%98%a8%eb%b3%91-%ec%8b%9d%ed%92%88-%ec%9a%a9%ea%b8%b0\"]}]},{\"@type\":\"ImageObject\",\"inLanguage\":\"fr-FR\",\"@id\":\"https:\\\/\\\/www.dillerbottle.com\\\/ko\\\/%ec%a0%9c%ed%92%88\\\/%ec%88%9f%ea%b0%80%eb%9d%bd%ec%9d%b4-%eb%8b%ac%eb%a6%b0-%eb%b3%b4%ec%98%a8%eb%b3%91-%ec%8b%9d%ed%92%88-%ec%9a%a9%ea%b8%b0#primaryimage\",\"url\":\"https:\\\/\\\/www.dillerbottle.com\\\/wp-content\\\/uploads\\\/2024\\\/09\\\/thermos-food-jar-with-spoon39486708367.jpg\",\"contentUrl\":\"https:\\\/\\\/www.dillerbottle.com\\\/wp-content\\\/uploads\\\/2024\\\/09\\\/thermos-food-jar-with-spoon39486708367.jpg\",\"width\":730,\"height\":730},{\"@type\":\"BreadcrumbList\",\"@id\":\"https:\\\/\\\/www.dillerbottle.com\\\/ko\\\/%ec%a0%9c%ed%92%88\\\/%ec%88%9f%ea%b0%80%eb%9d%bd%ec%9d%b4-%eb%8b%ac%eb%a6%b0-%eb%b3%b4%ec%98%a8%eb%b3%91-%ec%8b%9d%ed%92%88-%ec%9a%a9%ea%b8%b0#breadcrumb\",\"itemListElement\":[{\"@type\":\"ListItem\",\"position\":1,\"name\":\"Home\",\"item\":\"https:\\\/\\\/www.dillerbottle.com\\\/\"},{\"@type\":\"ListItem\",\"position\":2,\"name\":\"Products\",\"item\":\"https:\\\/\\\/www.dillerbottle.com\\\/shop\"},{\"@type\":\"ListItem\",\"position\":3,\"name\":\"Thermos Food Jar with Spoon\"}]},{\"@type\":\"WebSite\",\"@id\":\"https:\\\/\\\/www.dillerbottle.com\\\/#website\",\"url\":\"https:\\\/\\\/www.dillerbottle.com\\\/\",\"name\":\"Diller Water Bottle Manufacturer\",\"description\":\"Water Bottle Manufacturer\",\"publisher\":{\"@id\":\"https:\\\/\\\/www.dillerbottle.com\\\/#organization\"},\"potentialAction\":[{\"@type\":\"SearchAction\",\"target\":{\"@type\":\"EntryPoint\",\"urlTemplate\":\"https:\\\/\\\/www.dillerbottle.com\\\/?s={search_term_string}\"},\"query-input\":{\"@type\":\"PropertyValueSpecification\",\"valueRequired\":true,\"valueName\":\"search_term_string\"}}],\"inLanguage\":\"fr-FR\"},{\"@type\":\"Organization\",\"@id\":\"https:\\\/\\\/www.dillerbottle.com\\\/#organization\",\"name\":\"Diller Water Bottle Manufacturer\",\"url\":\"https:\\\/\\\/www.dillerbottle.com\\\/\",\"logo\":{\"@type\":\"ImageObject\",\"inLanguage\":\"fr-FR\",\"@id\":\"https:\\\/\\\/www.dillerbottle.com\\\/#\\\/schema\\\/logo\\\/image\\\/\",\"url\":\"https:\\\/\\\/www.dillerbottle.com\\\/wp-content\\\/uploads\\\/2024\\\/09\\\/49918bfa848dcc1e9f8b509933603ac.png\",\"contentUrl\":\"https:\\\/\\\/www.dillerbottle.com\\\/wp-content\\\/uploads\\\/2024\\\/09\\\/49918bfa848dcc1e9f8b509933603ac.png\",\"width\":988,\"height\":198,\"caption\":\"Diller Water Bottle Manufacturer\"},\"image\":{\"@id\":\"https:\\\/\\\/www.dillerbottle.com\\\/#\\\/schema\\\/logo\\\/image\\\/\"}}]}<\/script>\n<!-- \/ Yoast SEO Premium plugin. -->","yoast_head_json":{"title":"R\u00e9cipient alimentaire thermos avec cuill\u00e8re - Fabricant de bouteilles d&#039;eau Diller","description":"En tant que l&#039;un des meilleurs fabricants et fournisseurs de bocaux thermos avec cuill\u00e8re, nous sommes engag\u00e9s dans la fabrication de bouteilles d&#039;eau de bonne qualit\u00e9. Nous vous invitons chaleureusement \u00e0 vendre en gros ou \u00e0 acheter chez nous des bocaux thermos sur mesure avec cuill\u00e8re \u00e0 un prix comp\u00e9titif. De plus, les commandes en petites quantit\u00e9s sont acceptables.","robots":{"index":"index","follow":"follow","max-snippet":"max-snippet:-1","max-image-preview":"max-image-preview:large","max-video-preview":"max-video-preview:-1"},"canonical":"https:\/\/www.dillerbottle.com\/fr\/produits\/bocal-thermos-avec-cuillere","og_locale":"fr_FR","og_type":"article","og_title":"Thermos Food Jar with Spoon","og_description":"As one of the best thermos food jar with spoon manufacturers and suppliers, we are engaged in manufacturing good quality water bottles. We warmly welcome you to wholesale or buy custom made thermos food jar with spoon at competitive price from us. Also, small quantity orders are acceptable.","og_url":"https:\/\/www.dillerbottle.com\/fr\/produits\/bocal-thermos-avec-cuillere","og_site_name":"Diller Water Bottle Manufacturer","article_modified_time":"2025-07-10T07:33:46+00:00","og_image":[{"width":730,"height":730,"url":"https:\/\/www.dillerbottle.com\/wp-content\/uploads\/2024\/09\/thermos-food-jar-with-spoon39486708367.jpg","type":"image\/jpeg"}],"twitter_card":"summary_large_image","twitter_misc":{"Dur\u00e9e de lecture estim\u00e9e":"2 minutes"},"schema":{"@context":"https:\/\/schema.org","@graph":[{"@type":"WebPage","@id":"https:\/\/www.dillerbottle.com\/ko\/%ec%a0%9c%ed%92%88\/%ec%88%9f%ea%b0%80%eb%9d%bd%ec%9d%b4-%eb%8b%ac%eb%a6%b0-%eb%b3%b4%ec%98%a8%eb%b3%91-%ec%8b%9d%ed%92%88-%ec%9a%a9%ea%b8%b0","url":"https:\/\/www.dillerbottle.com\/ko\/%ec%a0%9c%ed%92%88\/%ec%88%9f%ea%b0%80%eb%9d%bd%ec%9d%b4-%eb%8b%ac%eb%a6%b0-%eb%b3%b4%ec%98%a8%eb%b3%91-%ec%8b%9d%ed%92%88-%ec%9a%a9%ea%b8%b0","name":"R\u00e9cipient alimentaire thermos avec cuill\u00e8re - Fabricant de bouteilles d&#039;eau Diller","isPartOf":{"@id":"https:\/\/www.dillerbottle.com\/#website"},"primaryImageOfPage":{"@id":"https:\/\/www.dillerbottle.com\/ko\/%ec%a0%9c%ed%92%88\/%ec%88%9f%ea%b0%80%eb%9d%bd%ec%9d%b4-%eb%8b%ac%eb%a6%b0-%eb%b3%b4%ec%98%a8%eb%b3%91-%ec%8b%9d%ed%92%88-%ec%9a%a9%ea%b8%b0#primaryimage"},"image":{"@id":"https:\/\/www.dillerbottle.com\/ko\/%ec%a0%9c%ed%92%88\/%ec%88%9f%ea%b0%80%eb%9d%bd%ec%9d%b4-%eb%8b%ac%eb%a6%b0-%eb%b3%b4%ec%98%a8%eb%b3%91-%ec%8b%9d%ed%92%88-%ec%9a%a9%ea%b8%b0#primaryimage"},"thumbnailUrl":"https:\/\/www.dillerbottle.com\/wp-content\/uploads\/2024\/09\/thermos-food-jar-with-spoon39486708367.jpg","datePublished":"2024-09-26T01:41:40+00:00","dateModified":"2025-07-10T07:33:46+00:00","description":"En tant que l&#039;un des meilleurs fabricants et fournisseurs de bocaux thermos avec cuill\u00e8re, nous sommes engag\u00e9s dans la fabrication de bouteilles d&#039;eau de bonne qualit\u00e9. Nous vous invitons chaleureusement \u00e0 vendre en gros ou \u00e0 acheter chez nous des bocaux thermos sur mesure avec cuill\u00e8re \u00e0 un prix comp\u00e9titif. De plus, les commandes en petites quantit\u00e9s sont acceptables.","breadcrumb":{"@id":"https:\/\/www.dillerbottle.com\/ko\/%ec%a0%9c%ed%92%88\/%ec%88%9f%ea%b0%80%eb%9d%bd%ec%9d%b4-%eb%8b%ac%eb%a6%b0-%eb%b3%b4%ec%98%a8%eb%b3%91-%ec%8b%9d%ed%92%88-%ec%9a%a9%ea%b8%b0#breadcrumb"},"inLanguage":"fr-FR","potentialAction":[{"@type":"ReadAction","target":["https:\/\/www.dillerbottle.com\/ko\/%ec%a0%9c%ed%92%88\/%ec%88%9f%ea%b0%80%eb%9d%bd%ec%9d%b4-%eb%8b%ac%eb%a6%b0-%eb%b3%b4%ec%98%a8%eb%b3%91-%ec%8b%9d%ed%92%88-%ec%9a%a9%ea%b8%b0"]}]},{"@type":"ImageObject","inLanguage":"fr-FR","@id":"https:\/\/www.dillerbottle.com\/ko\/%ec%a0%9c%ed%92%88\/%ec%88%9f%ea%b0%80%eb%9d%bd%ec%9d%b4-%eb%8b%ac%eb%a6%b0-%eb%b3%b4%ec%98%a8%eb%b3%91-%ec%8b%9d%ed%92%88-%ec%9a%a9%ea%b8%b0#primaryimage","url":"https:\/\/www.dillerbottle.com\/wp-content\/uploads\/2024\/09\/thermos-food-jar-with-spoon39486708367.jpg","contentUrl":"https:\/\/www.dillerbottle.com\/wp-content\/uploads\/2024\/09\/thermos-food-jar-with-spoon39486708367.jpg","width":730,"height":730},{"@type":"BreadcrumbList","@id":"https:\/\/www.dillerbottle.com\/ko\/%ec%a0%9c%ed%92%88\/%ec%88%9f%ea%b0%80%eb%9d%bd%ec%9d%b4-%eb%8b%ac%eb%a6%b0-%eb%b3%b4%ec%98%a8%eb%b3%91-%ec%8b%9d%ed%92%88-%ec%9a%a9%ea%b8%b0#breadcrumb","itemListElement":[{"@type":"ListItem","position":1,"name":"Home","item":"https:\/\/www.dillerbottle.com\/"},{"@type":"ListItem","position":2,"name":"Products","item":"https:\/\/www.dillerbottle.com\/shop"},{"@type":"ListItem","position":3,"name":"Thermos Food Jar with Spoon"}]},{"@type":"WebSite","@id":"https:\/\/www.dillerbottle.com\/#website","url":"https:\/\/www.dillerbottle.com\/","name":"Fabricant de bouteilles d&#039;eau Diller","description":"Fabricant de bouteilles d&#039;eau","publisher":{"@id":"https:\/\/www.dillerbottle.com\/#organization"},"potentialAction":[{"@type":"SearchAction","target":{"@type":"EntryPoint","urlTemplate":"https:\/\/www.dillerbottle.com\/?s={search_term_string}"},"query-input":{"@type":"PropertyValueSpecification","valueRequired":true,"valueName":"search_term_string"}}],"inLanguage":"fr-FR"},{"@type":"Organization","@id":"https:\/\/www.dillerbottle.com\/#organization","name":"Fabricant de bouteilles d&#039;eau Diller","url":"https:\/\/www.dillerbottle.com\/","logo":{"@type":"ImageObject","inLanguage":"fr-FR","@id":"https:\/\/www.dillerbottle.com\/#\/schema\/logo\/image\/","url":"https:\/\/www.dillerbottle.com\/wp-content\/uploads\/2024\/09\/49918bfa848dcc1e9f8b509933603ac.png","contentUrl":"https:\/\/www.dillerbottle.com\/wp-content\/uploads\/2024\/09\/49918bfa848dcc1e9f8b509933603ac.png","width":988,"height":198,"caption":"Diller Water Bottle Manufacturer"},"image":{"@id":"https:\/\/www.dillerbottle.com\/#\/schema\/logo\/image\/"}}]}},"_links":{"self":[{"href":"https:\/\/www.dillerbottle.com\/fr\/wp-json\/wp\/v2\/product\/3004","targetHints":{"allow":["GET"]}}],"collection":[{"href":"https:\/\/www.dillerbottle.com\/fr\/wp-json\/wp\/v2\/product"}],"about":[{"href":"https:\/\/www.dillerbottle.com\/fr\/wp-json\/wp\/v2\/types\/product"}],"replies":[{"embeddable":true,"href":"https:\/\/www.dillerbottle.com\/fr\/wp-json\/wp\/v2\/comments?post=3004"}],"wp:featuredmedia":[{"embeddable":true,"href":"https:\/\/www.dillerbottle.com\/fr\/wp-json\/wp\/v2\/media\/3005"}],"wp:attachment":[{"href":"https:\/\/www.dillerbottle.com\/fr\/wp-json\/wp\/v2\/media?parent=3004"}],"wp:term":[{"taxonomy":"product_brand","embeddable":true,"href":"https:\/\/www.dillerbottle.com\/fr\/wp-json\/wp\/v2\/product_brand?post=3004"},{"taxonomy":"product_cat","embeddable":true,"href":"https:\/\/www.dillerbottle.com\/fr\/wp-json\/wp\/v2\/product_cat?post=3004"},{"taxonomy":"product_tag","embeddable":true,"href":"https:\/\/www.dillerbottle.com\/fr\/wp-json\/wp\/v2\/product_tag?post=3004"}],"curies":[{"name":"wp","href":"https:\/\/api.w.org\/{rel}","templated":true}]}}