{"id":3560,"date":"2024-09-26T16:28:41","date_gmt":"2024-09-26T08:28:41","guid":{"rendered":"https:\/\/demo.dillerbottle.com\/uncategorized\/insulated-kids-water-bottle-with-strap"},"modified":"2025-07-10T15:14:51","modified_gmt":"2025-07-10T07:14:51","slug":"bouteille-deau-isotherme-pour-enfants-avec-sangle","status":"publish","type":"product","link":"https:\/\/www.dillerbottle.com\/fr\/products\/insulated-kids-water-bottle-with-strap","title":{"rendered":"Bouteille d&#039;eau isotherme pour enfants avec sangle"},"content":{"rendered":"<p>1. La bouteille d&#039;eau isotherme pour enfants avec sangle est fabriqu\u00e9e en acier inoxydable 316 de qualit\u00e9 m\u00e9dicale avec une excellente r\u00e9sistance \u00e0 la corrosion, sans BPA, respectueuse de l&#039;environnement, pas facile \u00e0 casser. La conception \u00e0 double paroi sous vide peut garder les boissons froides ou chaudes plus longtemps (plus de 12 heures).<\/p>\n<p>2. La bouteille d&#039;eau isol\u00e9e pour enfants est livr\u00e9e avec une jolie pochette en peluche avec bandouli\u00e8re, facile \u00e0 transporter pour les voyages scolaires en plein air.<\/p>\n<p>3. Couvercle \u00e0 bouton-poussoir facile \u00e0 ouvrir avec paille en silicone de qualit\u00e9 alimentaire. Le silicone thermosensible \u00e0 c\u00f4t\u00e9 de la paille peut d\u00e9tecter la temp\u00e9rature du liquide. Lorsque la temp\u00e9rature est trop \u00e9lev\u00e9e (plus de 50 \u2103), le silicone thermosensible devient rose ; lorsque la temp\u00e9rature de l&#039;eau est inf\u00e9rieure \u00e0 50 \u2103, la couleur du silicone thermosensible devient violette, ce qui convient \u00e0 la consommation.<\/p>","protected":false},"excerpt":{"rendered":"<p>Cette bouteille d&#039;eau isotherme pour enfants avec sangle est fabriqu\u00e9e en acier inoxydable 316 de haute qualit\u00e9 et en mat\u00e9riau de qualit\u00e9 alimentaire.<br \/>\nCette bouteille peut garder le contenu chaud ou froid jusqu&#039;\u00e0 6 \u00e0 12 heures.<br \/>\nLa bouteille d&#039;eau isotherme pour enfants est livr\u00e9e avec une jolie housse en peluche avec bandouli\u00e8re, facile \u00e0 transporter pour les voyages scolaires en plein air.<br \/>\nOEM et ODM acceptables.<br \/>\nNous pouvons personnaliser la bouteille isotherme en m\u00e9tal selon vos besoins.<br \/>\nBienvenue \u00e0 l&#039;achat en gros, envoyez une demande maintenant !<\/p>","protected":false},"featured_media":3562,"comment_status":"open","ping_status":"closed","template":"","meta":{"_acf_changed":false},"product_brand":[],"product_cat":[200],"product_tag":[32,36,33,226,31,244,39,38,243,240,231,29,37,34,35,202,28,245,30],"class_list":{"0":"post-3560","1":"product","2":"type-product","3":"status-publish","4":"has-post-thumbnail","6":"product_cat-kids-water-bottles","7":"product_tag-best","8":"product_tag-bulk","9":"product_tag-buy","10":"product_tag-clear-kids-water-bottles","11":"product_tag-custom","12":"product_tag-double-wall-stainless-steel-water-bottle-for-kids","13":"product_tag-for-sale","14":"product_tag-good-quality","15":"product_tag-insulated-kids-water-bottle-with-strap","16":"product_tag-insulated-water-bottles-for-kids","17":"product_tag-kids-water-bottle-bpa-free","18":"product_tag-manufacturers","19":"product_tag-manufacturing","20":"product_tag-price","21":"product_tag-small","22":"product_tag-sport-bottle-water","23":"product_tag-suppliers","24":"product_tag-water-bottles-for-kids-school","25":"product_tag-wholesale","27":"first","28":"instock","29":"shipping-taxable","30":"product-type-simple"},"acf":[],"yoast_head":"<!-- This site is optimized with the Yoast SEO Premium plugin v27.5 (Yoast SEO v27.5) - https:\/\/yoast.com\/product\/yoast-seo-premium-wordpress\/ -->\n<title>Insulated Kids Water Bottle With Strap - Diller Water Bottle Manufacturer<\/title>\n<meta name=\"description\" content=\"As one of the best insulated kids water bottle with strap manufacturers and suppliers, we are engaged in manufacturing good quality water bottles. We warmly welcome you to wholesale or buy custom made insulated kids water bottle with strap at competitive price from us. Also, small quantity orders are acceptable.\" \/>\n<meta name=\"robots\" content=\"index, follow, max-snippet:-1, max-image-preview:large, max-video-preview:-1\" \/>\n<link rel=\"canonical\" href=\"https:\/\/www.dillerbottle.com\/fr\/produits\/bouteille-deau-isotherme-pour-enfants-avec-sangle\" \/>\n<meta property=\"og:locale\" content=\"fr_FR\" \/>\n<meta property=\"og:type\" content=\"article\" \/>\n<meta property=\"og:title\" content=\"Insulated Kids Water Bottle With Strap\" \/>\n<meta property=\"og:description\" content=\"As one of the best insulated kids water bottle with strap manufacturers and suppliers, we are engaged in manufacturing good quality water bottles. We warmly welcome you to wholesale or buy custom made insulated kids water bottle with strap at competitive price from us. Also, small quantity orders are acceptable.\" \/>\n<meta property=\"og:url\" content=\"https:\/\/www.dillerbottle.com\/fr\/produits\/bouteille-deau-isotherme-pour-enfants-avec-sangle\" \/>\n<meta property=\"og:site_name\" content=\"Diller Water Bottle Manufacturer\" \/>\n<meta property=\"article:modified_time\" content=\"2025-07-10T07:14:51+00:00\" \/>\n<meta property=\"og:image\" content=\"https:\/\/www.dillerbottle.com\/wp-content\/uploads\/2024\/09\/cartoon-insulated-kids-water-bottle30ca15cc-5440-4b85-aa5b-7f9a396f1a69.jpg\" \/>\n\t<meta property=\"og:image:width\" content=\"730\" \/>\n\t<meta property=\"og:image:height\" content=\"730\" \/>\n\t<meta property=\"og:image:type\" content=\"image\/jpeg\" \/>\n<meta name=\"twitter:card\" content=\"summary_large_image\" \/>\n<meta name=\"twitter:label1\" content=\"Dur\u00e9e de lecture estim\u00e9e\" \/>\n\t<meta name=\"twitter:data1\" content=\"5 minutes\" \/>\n<script type=\"application\/ld+json\" class=\"yoast-schema-graph\">{\"@context\":\"https:\\\/\\\/schema.org\",\"@graph\":[{\"@type\":\"WebPage\",\"@id\":\"https:\\\/\\\/www.dillerbottle.com\\\/nl\\\/producten\\\/geisoleerde-kinderwaterfles-met-riem\",\"url\":\"https:\\\/\\\/www.dillerbottle.com\\\/nl\\\/producten\\\/geisoleerde-kinderwaterfles-met-riem\",\"name\":\"Insulated Kids Water Bottle With Strap - Diller Water Bottle Manufacturer\",\"isPartOf\":{\"@id\":\"https:\\\/\\\/www.dillerbottle.com\\\/#website\"},\"primaryImageOfPage\":{\"@id\":\"https:\\\/\\\/www.dillerbottle.com\\\/nl\\\/producten\\\/geisoleerde-kinderwaterfles-met-riem#primaryimage\"},\"image\":{\"@id\":\"https:\\\/\\\/www.dillerbottle.com\\\/nl\\\/producten\\\/geisoleerde-kinderwaterfles-met-riem#primaryimage\"},\"thumbnailUrl\":\"https:\\\/\\\/www.dillerbottle.com\\\/wp-content\\\/uploads\\\/2024\\\/09\\\/cartoon-insulated-kids-water-bottle30ca15cc-5440-4b85-aa5b-7f9a396f1a69.jpg\",\"datePublished\":\"2024-09-26T08:28:41+00:00\",\"dateModified\":\"2025-07-10T07:14:51+00:00\",\"description\":\"As one of the best insulated kids water bottle with strap manufacturers and suppliers, we are engaged in manufacturing good quality water bottles. We warmly welcome you to wholesale or buy custom made insulated kids water bottle with strap at competitive price from us. Also, small quantity orders are acceptable.\",\"breadcrumb\":{\"@id\":\"https:\\\/\\\/www.dillerbottle.com\\\/nl\\\/producten\\\/geisoleerde-kinderwaterfles-met-riem#breadcrumb\"},\"inLanguage\":\"fr-FR\",\"potentialAction\":[{\"@type\":\"ReadAction\",\"target\":[\"https:\\\/\\\/www.dillerbottle.com\\\/nl\\\/producten\\\/geisoleerde-kinderwaterfles-met-riem\"]}]},{\"@type\":\"ImageObject\",\"inLanguage\":\"fr-FR\",\"@id\":\"https:\\\/\\\/www.dillerbottle.com\\\/nl\\\/producten\\\/geisoleerde-kinderwaterfles-met-riem#primaryimage\",\"url\":\"https:\\\/\\\/www.dillerbottle.com\\\/wp-content\\\/uploads\\\/2024\\\/09\\\/cartoon-insulated-kids-water-bottle30ca15cc-5440-4b85-aa5b-7f9a396f1a69.jpg\",\"contentUrl\":\"https:\\\/\\\/www.dillerbottle.com\\\/wp-content\\\/uploads\\\/2024\\\/09\\\/cartoon-insulated-kids-water-bottle30ca15cc-5440-4b85-aa5b-7f9a396f1a69.jpg\",\"width\":730,\"height\":730},{\"@type\":\"BreadcrumbList\",\"@id\":\"https:\\\/\\\/www.dillerbottle.com\\\/nl\\\/producten\\\/geisoleerde-kinderwaterfles-met-riem#breadcrumb\",\"itemListElement\":[{\"@type\":\"ListItem\",\"position\":1,\"name\":\"Home\",\"item\":\"https:\\\/\\\/www.dillerbottle.com\\\/\"},{\"@type\":\"ListItem\",\"position\":2,\"name\":\"Products\",\"item\":\"https:\\\/\\\/www.dillerbottle.com\\\/shop\"},{\"@type\":\"ListItem\",\"position\":3,\"name\":\"Insulated Kids Water Bottle With Strap\"}]},{\"@type\":\"WebSite\",\"@id\":\"https:\\\/\\\/www.dillerbottle.com\\\/#website\",\"url\":\"https:\\\/\\\/www.dillerbottle.com\\\/\",\"name\":\"Diller Water Bottle Manufacturer\",\"description\":\"Water Bottle Manufacturer\",\"publisher\":{\"@id\":\"https:\\\/\\\/www.dillerbottle.com\\\/#organization\"},\"potentialAction\":[{\"@type\":\"SearchAction\",\"target\":{\"@type\":\"EntryPoint\",\"urlTemplate\":\"https:\\\/\\\/www.dillerbottle.com\\\/?s={search_term_string}\"},\"query-input\":{\"@type\":\"PropertyValueSpecification\",\"valueRequired\":true,\"valueName\":\"search_term_string\"}}],\"inLanguage\":\"fr-FR\"},{\"@type\":\"Organization\",\"@id\":\"https:\\\/\\\/www.dillerbottle.com\\\/#organization\",\"name\":\"Diller Water Bottle Manufacturer\",\"url\":\"https:\\\/\\\/www.dillerbottle.com\\\/\",\"logo\":{\"@type\":\"ImageObject\",\"inLanguage\":\"fr-FR\",\"@id\":\"https:\\\/\\\/www.dillerbottle.com\\\/#\\\/schema\\\/logo\\\/image\\\/\",\"url\":\"https:\\\/\\\/www.dillerbottle.com\\\/wp-content\\\/uploads\\\/2024\\\/09\\\/49918bfa848dcc1e9f8b509933603ac.png\",\"contentUrl\":\"https:\\\/\\\/www.dillerbottle.com\\\/wp-content\\\/uploads\\\/2024\\\/09\\\/49918bfa848dcc1e9f8b509933603ac.png\",\"width\":988,\"height\":198,\"caption\":\"Diller Water Bottle Manufacturer\"},\"image\":{\"@id\":\"https:\\\/\\\/www.dillerbottle.com\\\/#\\\/schema\\\/logo\\\/image\\\/\"}}]}<\/script>\n<!-- \/ Yoast SEO Premium plugin. -->","yoast_head_json":{"title":"Bouteille d&#039;eau isotherme pour enfants avec sangle - Fabricant de bouteilles d&#039;eau Diller","description":"En tant que l&#039;un des meilleurs fabricants et fournisseurs de bouteilles d&#039;eau isothermes pour enfants avec sangle, nous sommes engag\u00e9s dans la fabrication de bouteilles d&#039;eau de bonne qualit\u00e9. Nous vous invitons chaleureusement \u00e0 vendre en gros ou \u00e0 acheter chez nous des bouteilles d&#039;eau isothermes pour enfants sur mesure avec sangle \u00e0 un prix comp\u00e9titif. De plus, les commandes en petites quantit\u00e9s sont acceptables.","robots":{"index":"index","follow":"follow","max-snippet":"max-snippet:-1","max-image-preview":"max-image-preview:large","max-video-preview":"max-video-preview:-1"},"canonical":"https:\/\/www.dillerbottle.com\/fr\/produits\/bouteille-deau-isotherme-pour-enfants-avec-sangle","og_locale":"fr_FR","og_type":"article","og_title":"Insulated Kids Water Bottle With Strap","og_description":"As one of the best insulated kids water bottle with strap manufacturers and suppliers, we are engaged in manufacturing good quality water bottles. We warmly welcome you to wholesale or buy custom made insulated kids water bottle with strap at competitive price from us. Also, small quantity orders are acceptable.","og_url":"https:\/\/www.dillerbottle.com\/fr\/produits\/bouteille-deau-isotherme-pour-enfants-avec-sangle","og_site_name":"Diller Water Bottle Manufacturer","article_modified_time":"2025-07-10T07:14:51+00:00","og_image":[{"width":730,"height":730,"url":"https:\/\/www.dillerbottle.com\/wp-content\/uploads\/2024\/09\/cartoon-insulated-kids-water-bottle30ca15cc-5440-4b85-aa5b-7f9a396f1a69.jpg","type":"image\/jpeg"}],"twitter_card":"summary_large_image","twitter_misc":{"Dur\u00e9e de lecture estim\u00e9e":"5 minutes"},"schema":{"@context":"https:\/\/schema.org","@graph":[{"@type":"WebPage","@id":"https:\/\/www.dillerbottle.com\/nl\/producten\/geisoleerde-kinderwaterfles-met-riem","url":"https:\/\/www.dillerbottle.com\/nl\/producten\/geisoleerde-kinderwaterfles-met-riem","name":"Bouteille d&#039;eau isotherme pour enfants avec sangle - Fabricant de bouteilles d&#039;eau Diller","isPartOf":{"@id":"https:\/\/www.dillerbottle.com\/#website"},"primaryImageOfPage":{"@id":"https:\/\/www.dillerbottle.com\/nl\/producten\/geisoleerde-kinderwaterfles-met-riem#primaryimage"},"image":{"@id":"https:\/\/www.dillerbottle.com\/nl\/producten\/geisoleerde-kinderwaterfles-met-riem#primaryimage"},"thumbnailUrl":"https:\/\/www.dillerbottle.com\/wp-content\/uploads\/2024\/09\/cartoon-insulated-kids-water-bottle30ca15cc-5440-4b85-aa5b-7f9a396f1a69.jpg","datePublished":"2024-09-26T08:28:41+00:00","dateModified":"2025-07-10T07:14:51+00:00","description":"En tant que l&#039;un des meilleurs fabricants et fournisseurs de bouteilles d&#039;eau isothermes pour enfants avec sangle, nous sommes engag\u00e9s dans la fabrication de bouteilles d&#039;eau de bonne qualit\u00e9. Nous vous invitons chaleureusement \u00e0 vendre en gros ou \u00e0 acheter chez nous des bouteilles d&#039;eau isothermes pour enfants sur mesure avec sangle \u00e0 un prix comp\u00e9titif. De plus, les commandes en petites quantit\u00e9s sont acceptables.","breadcrumb":{"@id":"https:\/\/www.dillerbottle.com\/nl\/producten\/geisoleerde-kinderwaterfles-met-riem#breadcrumb"},"inLanguage":"fr-FR","potentialAction":[{"@type":"ReadAction","target":["https:\/\/www.dillerbottle.com\/nl\/producten\/geisoleerde-kinderwaterfles-met-riem"]}]},{"@type":"ImageObject","inLanguage":"fr-FR","@id":"https:\/\/www.dillerbottle.com\/nl\/producten\/geisoleerde-kinderwaterfles-met-riem#primaryimage","url":"https:\/\/www.dillerbottle.com\/wp-content\/uploads\/2024\/09\/cartoon-insulated-kids-water-bottle30ca15cc-5440-4b85-aa5b-7f9a396f1a69.jpg","contentUrl":"https:\/\/www.dillerbottle.com\/wp-content\/uploads\/2024\/09\/cartoon-insulated-kids-water-bottle30ca15cc-5440-4b85-aa5b-7f9a396f1a69.jpg","width":730,"height":730},{"@type":"BreadcrumbList","@id":"https:\/\/www.dillerbottle.com\/nl\/producten\/geisoleerde-kinderwaterfles-met-riem#breadcrumb","itemListElement":[{"@type":"ListItem","position":1,"name":"Home","item":"https:\/\/www.dillerbottle.com\/"},{"@type":"ListItem","position":2,"name":"Products","item":"https:\/\/www.dillerbottle.com\/shop"},{"@type":"ListItem","position":3,"name":"Insulated Kids Water Bottle With Strap"}]},{"@type":"WebSite","@id":"https:\/\/www.dillerbottle.com\/#website","url":"https:\/\/www.dillerbottle.com\/","name":"Fabricant de bouteilles d&#039;eau Diller","description":"Fabricant de bouteilles d&#039;eau","publisher":{"@id":"https:\/\/www.dillerbottle.com\/#organization"},"potentialAction":[{"@type":"SearchAction","target":{"@type":"EntryPoint","urlTemplate":"https:\/\/www.dillerbottle.com\/?s={search_term_string}"},"query-input":{"@type":"PropertyValueSpecification","valueRequired":true,"valueName":"search_term_string"}}],"inLanguage":"fr-FR"},{"@type":"Organization","@id":"https:\/\/www.dillerbottle.com\/#organization","name":"Fabricant de bouteilles d&#039;eau Diller","url":"https:\/\/www.dillerbottle.com\/","logo":{"@type":"ImageObject","inLanguage":"fr-FR","@id":"https:\/\/www.dillerbottle.com\/#\/schema\/logo\/image\/","url":"https:\/\/www.dillerbottle.com\/wp-content\/uploads\/2024\/09\/49918bfa848dcc1e9f8b509933603ac.png","contentUrl":"https:\/\/www.dillerbottle.com\/wp-content\/uploads\/2024\/09\/49918bfa848dcc1e9f8b509933603ac.png","width":988,"height":198,"caption":"Diller Water Bottle Manufacturer"},"image":{"@id":"https:\/\/www.dillerbottle.com\/#\/schema\/logo\/image\/"}}]}},"_links":{"self":[{"href":"https:\/\/www.dillerbottle.com\/fr\/wp-json\/wp\/v2\/product\/3560","targetHints":{"allow":["GET"]}}],"collection":[{"href":"https:\/\/www.dillerbottle.com\/fr\/wp-json\/wp\/v2\/product"}],"about":[{"href":"https:\/\/www.dillerbottle.com\/fr\/wp-json\/wp\/v2\/types\/product"}],"replies":[{"embeddable":true,"href":"https:\/\/www.dillerbottle.com\/fr\/wp-json\/wp\/v2\/comments?post=3560"}],"wp:featuredmedia":[{"embeddable":true,"href":"https:\/\/www.dillerbottle.com\/fr\/wp-json\/wp\/v2\/media\/3562"}],"wp:attachment":[{"href":"https:\/\/www.dillerbottle.com\/fr\/wp-json\/wp\/v2\/media?parent=3560"}],"wp:term":[{"taxonomy":"product_brand","embeddable":true,"href":"https:\/\/www.dillerbottle.com\/fr\/wp-json\/wp\/v2\/product_brand?post=3560"},{"taxonomy":"product_cat","embeddable":true,"href":"https:\/\/www.dillerbottle.com\/fr\/wp-json\/wp\/v2\/product_cat?post=3560"},{"taxonomy":"product_tag","embeddable":true,"href":"https:\/\/www.dillerbottle.com\/fr\/wp-json\/wp\/v2\/product_tag?post=3560"}],"curies":[{"name":"wp","href":"https:\/\/api.w.org\/{rel}","templated":true}]}}