{"id":3672,"date":"2024-09-26T16:30:15","date_gmt":"2024-09-26T08:30:15","guid":{"rendered":"https:\/\/demo.dillerbottle.com\/uncategorized\/kids-thermos-flask"},"modified":"2025-07-10T15:13:46","modified_gmt":"2025-07-10T07:13:46","slug":"bouteille-thermos-pour-enfants-7","status":"publish","type":"product","link":"https:\/\/www.dillerbottle.com\/fr\/products\/kids-thermos-flask","title":{"rendered":"Bouteille thermos pour enfants"},"content":{"rendered":"<p>Bouteille thermos pour enfants<br \/>\nCaract\u00e9ristiques:<br \/>\n1. Garde les boissons froides ou chaudes. Gr\u00e2ce \u00e0 sa double paroi isol\u00e9e sous vide, la bouteille thermos pour enfants peut garder les boissons froides ou chaudes jusqu&#039;\u00e0 18 heures, parfaite pour les journ\u00e9es d&#039;\u00e9t\u00e9 ou d&#039;hiver. Cette bouteille thermos pour enfants de 12 oz est id\u00e9ale pour garder les petits hydrat\u00e9s en d\u00e9placement ou \u00e0 la maison.<\/p>\n<p>2. La bouteille thermos pour enfants est fabriqu\u00e9e en acier inoxydable 316 de qualit\u00e9 sup\u00e9rieure, compos\u00e9e de mat\u00e9riaux sans BPA, de qualit\u00e9 alimentaire et non toxiques. Elle est r\u00e9sistante aux chocs et id\u00e9ale pour l&#039;\u00e9cole. Remplissez-la d&#039;eau, de jus et de smoothies.<\/p>\n<p>3. Cette bouteille thermos pour enfants est dot\u00e9e d&#039;un couvercle verrouillable anti-fuite qui emp\u00eache toute ouverture accidentelle. Elle est parfaite pour les sacs \u00e0 dos, les bo\u00eetes \u00e0 lunch et pour les d\u00e9placements.<\/p>\n<p>4. Pratique \u00e0 transporter et \u00e0 hydrater partout. La bouteille est facile \u00e0 tenir pour les enfants et est con\u00e7ue avec une sangle portable.<\/p>","protected":false},"excerpt":{"rendered":"<p>La technologie d&#039;isolation sous vide DILLER garde les boissons froides ou chaudes jusqu&#039;\u00e0 12 heures.<br \/>\nCette bouteille thermos pour enfants est fabriqu\u00e9e en acier inoxydable 316 de haute qualit\u00e9.<br \/>\nChoisissez parmi une vari\u00e9t\u00e9 de couleurs ou de motifs amusants.<br \/>\nCette bouteille thermos pour enfants est l\u00e9g\u00e8re et compacte avec un couvercle \u00e0 bouton-poussoir, elle est donc facile \u00e0 transporter et \u00e0 ouvrir.<br \/>\nAidez \u00e0 \u00e9loigner les germes avec une paille pop-up recouverte de mani\u00e8re hygi\u00e9nique qui est \u00e9galement amovible pour un nettoyage facile.<br \/>\nBienvenue \u00e0 l&#039;achat en gros, envoyez une demande maintenant !<\/p>","protected":false},"featured_media":3673,"comment_status":"open","ping_status":"closed","template":"","meta":{"_acf_changed":false},"product_brand":[],"product_cat":[200],"product_tag":[32,36,33,226,31,39,38,255,254,247,29,37,34,35,239,28,216,224,30],"class_list":{"0":"post-3672","1":"product","2":"type-product","3":"status-publish","4":"has-post-thumbnail","6":"product_cat-kids-water-bottles","7":"product_tag-best","8":"product_tag-bulk","9":"product_tag-buy","10":"product_tag-clear-kids-water-bottles","11":"product_tag-custom","12":"product_tag-for-sale","13":"product_tag-good-quality","14":"product_tag-kids-sublimation-water-bottle","15":"product_tag-kids-thermos-flask","16":"product_tag-kids-water-bottle-stainless-steel","17":"product_tag-manufacturers","18":"product_tag-manufacturing","19":"product_tag-price","20":"product_tag-small","21":"product_tag-stainless-steel-water-bottle-for-kids","22":"product_tag-suppliers","23":"product_tag-water-bottle-glass","24":"product_tag-water-bottle-tritan","25":"product_tag-wholesale","27":"first","28":"instock","29":"shipping-taxable","30":"product-type-simple"},"acf":[],"yoast_head":"<!-- This site is optimized with the Yoast SEO Premium plugin v27.4 (Yoast SEO v27.4) - https:\/\/yoast.com\/product\/yoast-seo-premium-wordpress\/ -->\n<title>Kids Thermos Flask - Diller Water Bottle Manufacturer<\/title>\n<meta name=\"description\" content=\"As one of the best kids thermos flask manufacturers and suppliers, we are engaged in manufacturing good quality water bottles. We warmly welcome you to wholesale or buy custom made kids thermos flask at competitive price from us. Also, small quantity orders are acceptable.\" \/>\n<meta name=\"robots\" content=\"index, follow, max-snippet:-1, max-image-preview:large, max-video-preview:-1\" \/>\n<link rel=\"canonical\" href=\"https:\/\/www.dillerbottle.com\/fr\/produits\/bouteille-thermos-pour-enfants-7\" \/>\n<meta property=\"og:locale\" content=\"fr_FR\" \/>\n<meta property=\"og:type\" content=\"article\" \/>\n<meta property=\"og:title\" content=\"Kids Thermos Flask\" \/>\n<meta property=\"og:description\" content=\"As one of the best kids thermos flask manufacturers and suppliers, we are engaged in manufacturing good quality water bottles. We warmly welcome you to wholesale or buy custom made kids thermos flask at competitive price from us. Also, small quantity orders are acceptable.\" \/>\n<meta property=\"og:url\" content=\"https:\/\/www.dillerbottle.com\/fr\/produits\/bouteille-thermos-pour-enfants-7\" \/>\n<meta property=\"og:site_name\" content=\"Diller Water Bottle Manufacturer\" \/>\n<meta property=\"article:modified_time\" content=\"2025-07-10T07:13:46+00:00\" \/>\n<meta property=\"og:image\" content=\"https:\/\/www.dillerbottle.com\/wp-content\/uploads\/2024\/09\/kids-thermos-flask55544914022.jpg\" \/>\n\t<meta property=\"og:image:width\" content=\"730\" \/>\n\t<meta property=\"og:image:height\" content=\"730\" \/>\n\t<meta property=\"og:image:type\" content=\"image\/jpeg\" \/>\n<meta name=\"twitter:card\" content=\"summary_large_image\" \/>\n<meta name=\"twitter:label1\" content=\"Dur\u00e9e de lecture estim\u00e9e\" \/>\n\t<meta name=\"twitter:data1\" content=\"2 minutes\" \/>\n<script type=\"application\/ld+json\" class=\"yoast-schema-graph\">{\"@context\":\"https:\\\/\\\/schema.org\",\"@graph\":[{\"@type\":\"WebPage\",\"@id\":\"https:\\\/\\\/www.dillerbottle.com\\\/tr\\\/urunler\\\/cocuk-termosu-2\",\"url\":\"https:\\\/\\\/www.dillerbottle.com\\\/tr\\\/urunler\\\/cocuk-termosu-2\",\"name\":\"Kids Thermos Flask - Diller Water Bottle Manufacturer\",\"isPartOf\":{\"@id\":\"https:\\\/\\\/www.dillerbottle.com\\\/#website\"},\"primaryImageOfPage\":{\"@id\":\"https:\\\/\\\/www.dillerbottle.com\\\/tr\\\/urunler\\\/cocuk-termosu-2#primaryimage\"},\"image\":{\"@id\":\"https:\\\/\\\/www.dillerbottle.com\\\/tr\\\/urunler\\\/cocuk-termosu-2#primaryimage\"},\"thumbnailUrl\":\"https:\\\/\\\/www.dillerbottle.com\\\/wp-content\\\/uploads\\\/2024\\\/09\\\/kids-thermos-flask55544914022.jpg\",\"datePublished\":\"2024-09-26T08:30:15+00:00\",\"dateModified\":\"2025-07-10T07:13:46+00:00\",\"description\":\"As one of the best kids thermos flask manufacturers and suppliers, we are engaged in manufacturing good quality water bottles. We warmly welcome you to wholesale or buy custom made kids thermos flask at competitive price from us. Also, small quantity orders are acceptable.\",\"breadcrumb\":{\"@id\":\"https:\\\/\\\/www.dillerbottle.com\\\/tr\\\/urunler\\\/cocuk-termosu-2#breadcrumb\"},\"inLanguage\":\"fr-FR\",\"potentialAction\":[{\"@type\":\"ReadAction\",\"target\":[\"https:\\\/\\\/www.dillerbottle.com\\\/tr\\\/urunler\\\/cocuk-termosu-2\"]}]},{\"@type\":\"ImageObject\",\"inLanguage\":\"fr-FR\",\"@id\":\"https:\\\/\\\/www.dillerbottle.com\\\/tr\\\/urunler\\\/cocuk-termosu-2#primaryimage\",\"url\":\"https:\\\/\\\/www.dillerbottle.com\\\/wp-content\\\/uploads\\\/2024\\\/09\\\/kids-thermos-flask55544914022.jpg\",\"contentUrl\":\"https:\\\/\\\/www.dillerbottle.com\\\/wp-content\\\/uploads\\\/2024\\\/09\\\/kids-thermos-flask55544914022.jpg\",\"width\":730,\"height\":730},{\"@type\":\"BreadcrumbList\",\"@id\":\"https:\\\/\\\/www.dillerbottle.com\\\/tr\\\/urunler\\\/cocuk-termosu-2#breadcrumb\",\"itemListElement\":[{\"@type\":\"ListItem\",\"position\":1,\"name\":\"Home\",\"item\":\"https:\\\/\\\/www.dillerbottle.com\\\/\"},{\"@type\":\"ListItem\",\"position\":2,\"name\":\"Products\",\"item\":\"https:\\\/\\\/www.dillerbottle.com\\\/shop\"},{\"@type\":\"ListItem\",\"position\":3,\"name\":\"Kids Thermos Flask\"}]},{\"@type\":\"WebSite\",\"@id\":\"https:\\\/\\\/www.dillerbottle.com\\\/#website\",\"url\":\"https:\\\/\\\/www.dillerbottle.com\\\/\",\"name\":\"Diller Water Bottle Manufacturer\",\"description\":\"Water Bottle Manufacturer\",\"publisher\":{\"@id\":\"https:\\\/\\\/www.dillerbottle.com\\\/#organization\"},\"potentialAction\":[{\"@type\":\"SearchAction\",\"target\":{\"@type\":\"EntryPoint\",\"urlTemplate\":\"https:\\\/\\\/www.dillerbottle.com\\\/?s={search_term_string}\"},\"query-input\":{\"@type\":\"PropertyValueSpecification\",\"valueRequired\":true,\"valueName\":\"search_term_string\"}}],\"inLanguage\":\"fr-FR\"},{\"@type\":\"Organization\",\"@id\":\"https:\\\/\\\/www.dillerbottle.com\\\/#organization\",\"name\":\"Diller Water Bottle Manufacturer\",\"url\":\"https:\\\/\\\/www.dillerbottle.com\\\/\",\"logo\":{\"@type\":\"ImageObject\",\"inLanguage\":\"fr-FR\",\"@id\":\"https:\\\/\\\/www.dillerbottle.com\\\/#\\\/schema\\\/logo\\\/image\\\/\",\"url\":\"https:\\\/\\\/www.dillerbottle.com\\\/wp-content\\\/uploads\\\/2024\\\/09\\\/49918bfa848dcc1e9f8b509933603ac.png\",\"contentUrl\":\"https:\\\/\\\/www.dillerbottle.com\\\/wp-content\\\/uploads\\\/2024\\\/09\\\/49918bfa848dcc1e9f8b509933603ac.png\",\"width\":988,\"height\":198,\"caption\":\"Diller Water Bottle Manufacturer\"},\"image\":{\"@id\":\"https:\\\/\\\/www.dillerbottle.com\\\/#\\\/schema\\\/logo\\\/image\\\/\"}}]}<\/script>\n<!-- \/ Yoast SEO Premium plugin. -->","yoast_head_json":{"title":"Bouteille isotherme pour enfants - Fabricant de bouteilles d&#039;eau Diller","description":"En tant que l&#039;un des meilleurs fabricants et fournisseurs de thermos pour enfants, nous sommes engag\u00e9s dans la fabrication de bouteilles d&#039;eau de bonne qualit\u00e9. Nous vous invitons chaleureusement \u00e0 vendre en gros ou \u00e0 acheter des thermos pour enfants sur mesure \u00e0 un prix comp\u00e9titif chez nous. De plus, les commandes en petites quantit\u00e9s sont acceptables.","robots":{"index":"index","follow":"follow","max-snippet":"max-snippet:-1","max-image-preview":"max-image-preview:large","max-video-preview":"max-video-preview:-1"},"canonical":"https:\/\/www.dillerbottle.com\/fr\/produits\/bouteille-thermos-pour-enfants-7","og_locale":"fr_FR","og_type":"article","og_title":"Kids Thermos Flask","og_description":"As one of the best kids thermos flask manufacturers and suppliers, we are engaged in manufacturing good quality water bottles. We warmly welcome you to wholesale or buy custom made kids thermos flask at competitive price from us. Also, small quantity orders are acceptable.","og_url":"https:\/\/www.dillerbottle.com\/fr\/produits\/bouteille-thermos-pour-enfants-7","og_site_name":"Diller Water Bottle Manufacturer","article_modified_time":"2025-07-10T07:13:46+00:00","og_image":[{"width":730,"height":730,"url":"https:\/\/www.dillerbottle.com\/wp-content\/uploads\/2024\/09\/kids-thermos-flask55544914022.jpg","type":"image\/jpeg"}],"twitter_card":"summary_large_image","twitter_misc":{"Dur\u00e9e de lecture estim\u00e9e":"2 minutes"},"schema":{"@context":"https:\/\/schema.org","@graph":[{"@type":"WebPage","@id":"https:\/\/www.dillerbottle.com\/tr\/urunler\/cocuk-termosu-2","url":"https:\/\/www.dillerbottle.com\/tr\/urunler\/cocuk-termosu-2","name":"Bouteille isotherme pour enfants - Fabricant de bouteilles d&#039;eau Diller","isPartOf":{"@id":"https:\/\/www.dillerbottle.com\/#website"},"primaryImageOfPage":{"@id":"https:\/\/www.dillerbottle.com\/tr\/urunler\/cocuk-termosu-2#primaryimage"},"image":{"@id":"https:\/\/www.dillerbottle.com\/tr\/urunler\/cocuk-termosu-2#primaryimage"},"thumbnailUrl":"https:\/\/www.dillerbottle.com\/wp-content\/uploads\/2024\/09\/kids-thermos-flask55544914022.jpg","datePublished":"2024-09-26T08:30:15+00:00","dateModified":"2025-07-10T07:13:46+00:00","description":"En tant que l&#039;un des meilleurs fabricants et fournisseurs de thermos pour enfants, nous sommes engag\u00e9s dans la fabrication de bouteilles d&#039;eau de bonne qualit\u00e9. Nous vous invitons chaleureusement \u00e0 vendre en gros ou \u00e0 acheter des thermos pour enfants sur mesure \u00e0 un prix comp\u00e9titif chez nous. De plus, les commandes en petites quantit\u00e9s sont acceptables.","breadcrumb":{"@id":"https:\/\/www.dillerbottle.com\/tr\/urunler\/cocuk-termosu-2#breadcrumb"},"inLanguage":"fr-FR","potentialAction":[{"@type":"ReadAction","target":["https:\/\/www.dillerbottle.com\/tr\/urunler\/cocuk-termosu-2"]}]},{"@type":"ImageObject","inLanguage":"fr-FR","@id":"https:\/\/www.dillerbottle.com\/tr\/urunler\/cocuk-termosu-2#primaryimage","url":"https:\/\/www.dillerbottle.com\/wp-content\/uploads\/2024\/09\/kids-thermos-flask55544914022.jpg","contentUrl":"https:\/\/www.dillerbottle.com\/wp-content\/uploads\/2024\/09\/kids-thermos-flask55544914022.jpg","width":730,"height":730},{"@type":"BreadcrumbList","@id":"https:\/\/www.dillerbottle.com\/tr\/urunler\/cocuk-termosu-2#breadcrumb","itemListElement":[{"@type":"ListItem","position":1,"name":"Home","item":"https:\/\/www.dillerbottle.com\/"},{"@type":"ListItem","position":2,"name":"Products","item":"https:\/\/www.dillerbottle.com\/shop"},{"@type":"ListItem","position":3,"name":"Kids Thermos Flask"}]},{"@type":"WebSite","@id":"https:\/\/www.dillerbottle.com\/#website","url":"https:\/\/www.dillerbottle.com\/","name":"Fabricant de bouteilles d&#039;eau Diller","description":"Fabricant de bouteilles d&#039;eau","publisher":{"@id":"https:\/\/www.dillerbottle.com\/#organization"},"potentialAction":[{"@type":"SearchAction","target":{"@type":"EntryPoint","urlTemplate":"https:\/\/www.dillerbottle.com\/?s={search_term_string}"},"query-input":{"@type":"PropertyValueSpecification","valueRequired":true,"valueName":"search_term_string"}}],"inLanguage":"fr-FR"},{"@type":"Organization","@id":"https:\/\/www.dillerbottle.com\/#organization","name":"Fabricant de bouteilles d&#039;eau Diller","url":"https:\/\/www.dillerbottle.com\/","logo":{"@type":"ImageObject","inLanguage":"fr-FR","@id":"https:\/\/www.dillerbottle.com\/#\/schema\/logo\/image\/","url":"https:\/\/www.dillerbottle.com\/wp-content\/uploads\/2024\/09\/49918bfa848dcc1e9f8b509933603ac.png","contentUrl":"https:\/\/www.dillerbottle.com\/wp-content\/uploads\/2024\/09\/49918bfa848dcc1e9f8b509933603ac.png","width":988,"height":198,"caption":"Diller Water Bottle Manufacturer"},"image":{"@id":"https:\/\/www.dillerbottle.com\/#\/schema\/logo\/image\/"}}]}},"_links":{"self":[{"href":"https:\/\/www.dillerbottle.com\/fr\/wp-json\/wp\/v2\/product\/3672","targetHints":{"allow":["GET"]}}],"collection":[{"href":"https:\/\/www.dillerbottle.com\/fr\/wp-json\/wp\/v2\/product"}],"about":[{"href":"https:\/\/www.dillerbottle.com\/fr\/wp-json\/wp\/v2\/types\/product"}],"replies":[{"embeddable":true,"href":"https:\/\/www.dillerbottle.com\/fr\/wp-json\/wp\/v2\/comments?post=3672"}],"wp:featuredmedia":[{"embeddable":true,"href":"https:\/\/www.dillerbottle.com\/fr\/wp-json\/wp\/v2\/media\/3673"}],"wp:attachment":[{"href":"https:\/\/www.dillerbottle.com\/fr\/wp-json\/wp\/v2\/media?parent=3672"}],"wp:term":[{"taxonomy":"product_brand","embeddable":true,"href":"https:\/\/www.dillerbottle.com\/fr\/wp-json\/wp\/v2\/product_brand?post=3672"},{"taxonomy":"product_cat","embeddable":true,"href":"https:\/\/www.dillerbottle.com\/fr\/wp-json\/wp\/v2\/product_cat?post=3672"},{"taxonomy":"product_tag","embeddable":true,"href":"https:\/\/www.dillerbottle.com\/fr\/wp-json\/wp\/v2\/product_tag?post=3672"}],"curies":[{"name":"wp","href":"https:\/\/api.w.org\/{rel}","templated":true}]}}