{"id":3691,"date":"2024-09-26T16:30:27","date_gmt":"2024-09-26T08:30:27","guid":{"rendered":"https:\/\/demo.dillerbottle.com\/uncategorized\/kids-drinking-bottle-bpa-free"},"modified":"2025-07-10T15:13:37","modified_gmt":"2025-07-10T07:13:37","slug":"bouteille-pour-enfants-sans-bpa","status":"publish","type":"product","link":"https:\/\/www.dillerbottle.com\/fr\/products\/kids-drinking-bottle-bpa-free","title":{"rendered":"Bouteille pour enfants sans BPA"},"content":{"rendered":"<p>Caract\u00e9ristiques:<br \/>\n1. 100% Bouteille en plastique Tritan sans BPA pour enfants.<\/p>\n<p>2. Il y a deux couvercles pour la bouteille, un couvercle \u00e0 paille et un couvercle pour boire directement.<\/p>\n<p>3. La bouteille est \u00e9quip\u00e9e d&#039;un couvercle en tissu et d&#039;une sangle r\u00e9glable pour que les enfants puissent la transporter.<\/p>\n<p>4. Le couvercle \u00e0 bouton-poussoir \u00e0 une main est facile \u00e0 utiliser.<br \/>\n5. Le large goulot de la bouteille est facile \u00e0 nettoyer.<\/p>","protected":false},"excerpt":{"rendered":"<p>Caract\u00e9ristiques : 1.<br \/>\nBouteille \u00e0 boire en plastique Tritan sans BPA pour enfants 100%.<br \/>\n2.<br \/>\nIl y a deux couvercles pour la bouteille, un couvercle \u00e0 paille et un couvercle pour boire directement.<br \/>\n3.<br \/>\nLa bouteille est \u00e9quip\u00e9e d&#039;un couvercle en tissu et d&#039;une sangle r\u00e9glable pour que les enfants puissent la transporter.<br \/>\n4.<br \/>\nLe couvercle \u00e0 bouton-poussoir \u00e0 une main est facile \u00e0 utiliser\u2026<\/p>","protected":false},"featured_media":3692,"comment_status":"open","ping_status":"closed","template":"","meta":{"_acf_changed":false},"product_brand":[],"product_cat":[200],"product_tag":[258,96,32,36,33,241,31,39,38,257,237,29,37,34,35,242,28,204,30],"class_list":{"0":"post-3691","1":"product","2":"type-product","3":"status-publish","4":"has-post-thumbnail","6":"product_cat-kids-water-bottles","7":"product_tag-5-gallon-water-bottle","8":"product_tag-baby-water-bottle","9":"product_tag-best","10":"product_tag-bulk","11":"product_tag-buy","12":"product_tag-children-water-bottle","13":"product_tag-custom","14":"product_tag-for-sale","15":"product_tag-good-quality","16":"product_tag-kids-drinking-bottle-bpa-free","17":"product_tag-kids-stainless-steel-water-bottle","18":"product_tag-manufacturers","19":"product_tag-manufacturing","20":"product_tag-price","21":"product_tag-small","22":"product_tag-steel-vacuum-water-sport-bottles-for-children","23":"product_tag-suppliers","24":"product_tag-water-bottle-for-kids-cartoon","25":"product_tag-wholesale","27":"first","28":"instock","29":"shipping-taxable","30":"product-type-simple"},"acf":[],"yoast_head":"<!-- This site is optimized with the Yoast SEO Premium plugin v27.5 (Yoast SEO v27.5) - https:\/\/yoast.com\/product\/yoast-seo-premium-wordpress\/ -->\n<title>Kids Drinking Bottle Bpa Free - Diller Water Bottle Manufacturer<\/title>\n<meta name=\"description\" content=\"As one of the best kids drinking bottle bpa free manufacturers and suppliers, we are engaged in manufacturing good quality water bottles. We warmly welcome you to wholesale or buy custom made kids drinking bottle bpa free at competitive price from us. Also, small quantity orders are acceptable.\" \/>\n<meta name=\"robots\" content=\"index, follow, max-snippet:-1, max-image-preview:large, max-video-preview:-1\" \/>\n<link rel=\"canonical\" href=\"https:\/\/www.dillerbottle.com\/fr\/produits\/bouteille-pour-enfants-sans-bpa\" \/>\n<meta property=\"og:locale\" content=\"fr_FR\" \/>\n<meta property=\"og:type\" content=\"article\" \/>\n<meta property=\"og:title\" content=\"Kids Drinking Bottle Bpa Free\" \/>\n<meta property=\"og:description\" content=\"As one of the best kids drinking bottle bpa free manufacturers and suppliers, we are engaged in manufacturing good quality water bottles. We warmly welcome you to wholesale or buy custom made kids drinking bottle bpa free at competitive price from us. Also, small quantity orders are acceptable.\" \/>\n<meta property=\"og:url\" content=\"https:\/\/www.dillerbottle.com\/fr\/produits\/bouteille-pour-enfants-sans-bpa\" \/>\n<meta property=\"og:site_name\" content=\"Diller Water Bottle Manufacturer\" \/>\n<meta property=\"article:modified_time\" content=\"2025-07-10T07:13:37+00:00\" \/>\n<meta property=\"og:image\" content=\"https:\/\/www.dillerbottle.com\/wp-content\/uploads\/2024\/09\/kids-drinking-bottle-bpa-free51532116342.jpg\" \/>\n\t<meta property=\"og:image:width\" content=\"730\" \/>\n\t<meta property=\"og:image:height\" content=\"730\" \/>\n\t<meta property=\"og:image:type\" content=\"image\/jpeg\" \/>\n<meta name=\"twitter:card\" content=\"summary_large_image\" \/>\n<meta name=\"twitter:label1\" content=\"Dur\u00e9e de lecture estim\u00e9e\" \/>\n\t<meta name=\"twitter:data1\" content=\"1 minute\" \/>\n<script type=\"application\/ld+json\" class=\"yoast-schema-graph\">{\"@context\":\"https:\\\/\\\/schema.org\",\"@graph\":[{\"@type\":\"WebPage\",\"@id\":\"https:\\\/\\\/www.dillerbottle.com\\\/fr\\\/produits\\\/bouteille-pour-enfants-sans-bpa\",\"url\":\"https:\\\/\\\/www.dillerbottle.com\\\/fr\\\/produits\\\/bouteille-pour-enfants-sans-bpa\",\"name\":\"Kids Drinking Bottle Bpa Free - Diller Water Bottle Manufacturer\",\"isPartOf\":{\"@id\":\"https:\\\/\\\/www.dillerbottle.com\\\/#website\"},\"primaryImageOfPage\":{\"@id\":\"https:\\\/\\\/www.dillerbottle.com\\\/fr\\\/produits\\\/bouteille-pour-enfants-sans-bpa#primaryimage\"},\"image\":{\"@id\":\"https:\\\/\\\/www.dillerbottle.com\\\/fr\\\/produits\\\/bouteille-pour-enfants-sans-bpa#primaryimage\"},\"thumbnailUrl\":\"https:\\\/\\\/www.dillerbottle.com\\\/wp-content\\\/uploads\\\/2024\\\/09\\\/kids-drinking-bottle-bpa-free51532116342.jpg\",\"datePublished\":\"2024-09-26T08:30:27+00:00\",\"dateModified\":\"2025-07-10T07:13:37+00:00\",\"description\":\"As one of the best kids drinking bottle bpa free manufacturers and suppliers, we are engaged in manufacturing good quality water bottles. We warmly welcome you to wholesale or buy custom made kids drinking bottle bpa free at competitive price from us. Also, small quantity orders are acceptable.\",\"breadcrumb\":{\"@id\":\"https:\\\/\\\/www.dillerbottle.com\\\/fr\\\/produits\\\/bouteille-pour-enfants-sans-bpa#breadcrumb\"},\"inLanguage\":\"fr-FR\",\"potentialAction\":[{\"@type\":\"ReadAction\",\"target\":[\"https:\\\/\\\/www.dillerbottle.com\\\/fr\\\/produits\\\/bouteille-pour-enfants-sans-bpa\"]}]},{\"@type\":\"ImageObject\",\"inLanguage\":\"fr-FR\",\"@id\":\"https:\\\/\\\/www.dillerbottle.com\\\/fr\\\/produits\\\/bouteille-pour-enfants-sans-bpa#primaryimage\",\"url\":\"https:\\\/\\\/www.dillerbottle.com\\\/wp-content\\\/uploads\\\/2024\\\/09\\\/kids-drinking-bottle-bpa-free51532116342.jpg\",\"contentUrl\":\"https:\\\/\\\/www.dillerbottle.com\\\/wp-content\\\/uploads\\\/2024\\\/09\\\/kids-drinking-bottle-bpa-free51532116342.jpg\",\"width\":730,\"height\":730},{\"@type\":\"BreadcrumbList\",\"@id\":\"https:\\\/\\\/www.dillerbottle.com\\\/fr\\\/produits\\\/bouteille-pour-enfants-sans-bpa#breadcrumb\",\"itemListElement\":[{\"@type\":\"ListItem\",\"position\":1,\"name\":\"Home\",\"item\":\"https:\\\/\\\/www.dillerbottle.com\\\/\"},{\"@type\":\"ListItem\",\"position\":2,\"name\":\"Products\",\"item\":\"https:\\\/\\\/www.dillerbottle.com\\\/shop\"},{\"@type\":\"ListItem\",\"position\":3,\"name\":\"Kids Drinking Bottle Bpa Free\"}]},{\"@type\":\"WebSite\",\"@id\":\"https:\\\/\\\/www.dillerbottle.com\\\/#website\",\"url\":\"https:\\\/\\\/www.dillerbottle.com\\\/\",\"name\":\"Diller Water Bottle Manufacturer\",\"description\":\"Water Bottle Manufacturer\",\"publisher\":{\"@id\":\"https:\\\/\\\/www.dillerbottle.com\\\/#organization\"},\"potentialAction\":[{\"@type\":\"SearchAction\",\"target\":{\"@type\":\"EntryPoint\",\"urlTemplate\":\"https:\\\/\\\/www.dillerbottle.com\\\/?s={search_term_string}\"},\"query-input\":{\"@type\":\"PropertyValueSpecification\",\"valueRequired\":true,\"valueName\":\"search_term_string\"}}],\"inLanguage\":\"fr-FR\"},{\"@type\":\"Organization\",\"@id\":\"https:\\\/\\\/www.dillerbottle.com\\\/#organization\",\"name\":\"Diller Water Bottle Manufacturer\",\"url\":\"https:\\\/\\\/www.dillerbottle.com\\\/\",\"logo\":{\"@type\":\"ImageObject\",\"inLanguage\":\"fr-FR\",\"@id\":\"https:\\\/\\\/www.dillerbottle.com\\\/#\\\/schema\\\/logo\\\/image\\\/\",\"url\":\"https:\\\/\\\/www.dillerbottle.com\\\/wp-content\\\/uploads\\\/2024\\\/09\\\/49918bfa848dcc1e9f8b509933603ac.png\",\"contentUrl\":\"https:\\\/\\\/www.dillerbottle.com\\\/wp-content\\\/uploads\\\/2024\\\/09\\\/49918bfa848dcc1e9f8b509933603ac.png\",\"width\":988,\"height\":198,\"caption\":\"Diller Water Bottle Manufacturer\"},\"image\":{\"@id\":\"https:\\\/\\\/www.dillerbottle.com\\\/#\\\/schema\\\/logo\\\/image\\\/\"}}]}<\/script>\n<!-- \/ Yoast SEO Premium plugin. -->","yoast_head_json":{"title":"Bouteille d&#039;eau pour enfants sans BPA - Fabricant de bouteilles d&#039;eau Diller","description":"En tant que l&#039;un des meilleurs fabricants et fournisseurs de bouteilles d&#039;eau sans BPA pour enfants, nous sommes engag\u00e9s dans la fabrication de bouteilles d&#039;eau de bonne qualit\u00e9. Nous vous invitons chaleureusement \u00e0 vendre en gros ou \u00e0 acheter des bouteilles d&#039;eau pour enfants sur mesure sans BPA \u00e0 un prix comp\u00e9titif chez nous. De plus, les commandes en petites quantit\u00e9s sont acceptables.","robots":{"index":"index","follow":"follow","max-snippet":"max-snippet:-1","max-image-preview":"max-image-preview:large","max-video-preview":"max-video-preview:-1"},"canonical":"https:\/\/www.dillerbottle.com\/fr\/produits\/bouteille-pour-enfants-sans-bpa","og_locale":"fr_FR","og_type":"article","og_title":"Kids Drinking Bottle Bpa Free","og_description":"As one of the best kids drinking bottle bpa free manufacturers and suppliers, we are engaged in manufacturing good quality water bottles. We warmly welcome you to wholesale or buy custom made kids drinking bottle bpa free at competitive price from us. Also, small quantity orders are acceptable.","og_url":"https:\/\/www.dillerbottle.com\/fr\/produits\/bouteille-pour-enfants-sans-bpa","og_site_name":"Diller Water Bottle Manufacturer","article_modified_time":"2025-07-10T07:13:37+00:00","og_image":[{"width":730,"height":730,"url":"https:\/\/www.dillerbottle.com\/wp-content\/uploads\/2024\/09\/kids-drinking-bottle-bpa-free51532116342.jpg","type":"image\/jpeg"}],"twitter_card":"summary_large_image","twitter_misc":{"Dur\u00e9e de lecture estim\u00e9e":"1 minute"},"schema":{"@context":"https:\/\/schema.org","@graph":[{"@type":"WebPage","@id":"https:\/\/www.dillerbottle.com\/fr\/produits\/bouteille-pour-enfants-sans-bpa","url":"https:\/\/www.dillerbottle.com\/fr\/produits\/bouteille-pour-enfants-sans-bpa","name":"Bouteille d&#039;eau pour enfants sans BPA - Fabricant de bouteilles d&#039;eau Diller","isPartOf":{"@id":"https:\/\/www.dillerbottle.com\/#website"},"primaryImageOfPage":{"@id":"https:\/\/www.dillerbottle.com\/fr\/produits\/bouteille-pour-enfants-sans-bpa#primaryimage"},"image":{"@id":"https:\/\/www.dillerbottle.com\/fr\/produits\/bouteille-pour-enfants-sans-bpa#primaryimage"},"thumbnailUrl":"https:\/\/www.dillerbottle.com\/wp-content\/uploads\/2024\/09\/kids-drinking-bottle-bpa-free51532116342.jpg","datePublished":"2024-09-26T08:30:27+00:00","dateModified":"2025-07-10T07:13:37+00:00","description":"En tant que l&#039;un des meilleurs fabricants et fournisseurs de bouteilles d&#039;eau sans BPA pour enfants, nous sommes engag\u00e9s dans la fabrication de bouteilles d&#039;eau de bonne qualit\u00e9. Nous vous invitons chaleureusement \u00e0 vendre en gros ou \u00e0 acheter des bouteilles d&#039;eau pour enfants sur mesure sans BPA \u00e0 un prix comp\u00e9titif chez nous. De plus, les commandes en petites quantit\u00e9s sont acceptables.","breadcrumb":{"@id":"https:\/\/www.dillerbottle.com\/fr\/produits\/bouteille-pour-enfants-sans-bpa#breadcrumb"},"inLanguage":"fr-FR","potentialAction":[{"@type":"ReadAction","target":["https:\/\/www.dillerbottle.com\/fr\/produits\/bouteille-pour-enfants-sans-bpa"]}]},{"@type":"ImageObject","inLanguage":"fr-FR","@id":"https:\/\/www.dillerbottle.com\/fr\/produits\/bouteille-pour-enfants-sans-bpa#primaryimage","url":"https:\/\/www.dillerbottle.com\/wp-content\/uploads\/2024\/09\/kids-drinking-bottle-bpa-free51532116342.jpg","contentUrl":"https:\/\/www.dillerbottle.com\/wp-content\/uploads\/2024\/09\/kids-drinking-bottle-bpa-free51532116342.jpg","width":730,"height":730},{"@type":"BreadcrumbList","@id":"https:\/\/www.dillerbottle.com\/fr\/produits\/bouteille-pour-enfants-sans-bpa#breadcrumb","itemListElement":[{"@type":"ListItem","position":1,"name":"Home","item":"https:\/\/www.dillerbottle.com\/"},{"@type":"ListItem","position":2,"name":"Products","item":"https:\/\/www.dillerbottle.com\/shop"},{"@type":"ListItem","position":3,"name":"Kids Drinking Bottle Bpa Free"}]},{"@type":"WebSite","@id":"https:\/\/www.dillerbottle.com\/#website","url":"https:\/\/www.dillerbottle.com\/","name":"Fabricant de bouteilles d&#039;eau Diller","description":"Fabricant de bouteilles d&#039;eau","publisher":{"@id":"https:\/\/www.dillerbottle.com\/#organization"},"potentialAction":[{"@type":"SearchAction","target":{"@type":"EntryPoint","urlTemplate":"https:\/\/www.dillerbottle.com\/?s={search_term_string}"},"query-input":{"@type":"PropertyValueSpecification","valueRequired":true,"valueName":"search_term_string"}}],"inLanguage":"fr-FR"},{"@type":"Organization","@id":"https:\/\/www.dillerbottle.com\/#organization","name":"Fabricant de bouteilles d&#039;eau Diller","url":"https:\/\/www.dillerbottle.com\/","logo":{"@type":"ImageObject","inLanguage":"fr-FR","@id":"https:\/\/www.dillerbottle.com\/#\/schema\/logo\/image\/","url":"https:\/\/www.dillerbottle.com\/wp-content\/uploads\/2024\/09\/49918bfa848dcc1e9f8b509933603ac.png","contentUrl":"https:\/\/www.dillerbottle.com\/wp-content\/uploads\/2024\/09\/49918bfa848dcc1e9f8b509933603ac.png","width":988,"height":198,"caption":"Diller Water Bottle Manufacturer"},"image":{"@id":"https:\/\/www.dillerbottle.com\/#\/schema\/logo\/image\/"}}]}},"_links":{"self":[{"href":"https:\/\/www.dillerbottle.com\/fr\/wp-json\/wp\/v2\/product\/3691","targetHints":{"allow":["GET"]}}],"collection":[{"href":"https:\/\/www.dillerbottle.com\/fr\/wp-json\/wp\/v2\/product"}],"about":[{"href":"https:\/\/www.dillerbottle.com\/fr\/wp-json\/wp\/v2\/types\/product"}],"replies":[{"embeddable":true,"href":"https:\/\/www.dillerbottle.com\/fr\/wp-json\/wp\/v2\/comments?post=3691"}],"wp:featuredmedia":[{"embeddable":true,"href":"https:\/\/www.dillerbottle.com\/fr\/wp-json\/wp\/v2\/media\/3692"}],"wp:attachment":[{"href":"https:\/\/www.dillerbottle.com\/fr\/wp-json\/wp\/v2\/media?parent=3691"}],"wp:term":[{"taxonomy":"product_brand","embeddable":true,"href":"https:\/\/www.dillerbottle.com\/fr\/wp-json\/wp\/v2\/product_brand?post=3691"},{"taxonomy":"product_cat","embeddable":true,"href":"https:\/\/www.dillerbottle.com\/fr\/wp-json\/wp\/v2\/product_cat?post=3691"},{"taxonomy":"product_tag","embeddable":true,"href":"https:\/\/www.dillerbottle.com\/fr\/wp-json\/wp\/v2\/product_tag?post=3691"}],"curies":[{"name":"wp","href":"https:\/\/api.w.org\/{rel}","templated":true}]}}