{"id":4162,"date":"2024-09-26T16:35:43","date_gmt":"2024-09-26T08:35:43","guid":{"rendered":"https:\/\/demo.dillerbottle.com\/uncategorized\/kids-sports-water-bottle"},"modified":"2025-07-10T14:28:15","modified_gmt":"2025-07-10T06:28:15","slug":"bouteille-deau-de-sport-pour-enfants","status":"publish","type":"product","link":"https:\/\/www.dillerbottle.com\/fr\/products\/kids-sports-water-bottle","title":{"rendered":"Bouteille d&#039;eau de sport pour enfants"},"content":{"rendered":"<p>1.100% sans BPA, la bouteille d&#039;eau de sport pour enfants est fabriqu\u00e9e en Tritan, haute r\u00e9sistance aux chocs, sans odeur, s\u00fbre et saine.<br \/>\n2. Le couvercle de protection du bec verseur emp\u00eache la salet\u00e9 et les germes de p\u00e9n\u00e9trer, et la boucle de transport en silicone souple de qualit\u00e9 alimentaire pour les activit\u00e9s en d\u00e9placement.<br \/>\n3. Bouton \u00e0 une touche pour une ouverture facile et une consommation d&#039;une seule main.<br \/>\n4. Cette bouteille d&#039;eau pour enfants convient \u00e0 un usage quotidien, au sport et \u00e0 d&#039;autres activit\u00e9s de plein air.<\/p>","protected":false},"excerpt":{"rendered":"<p>Caract\u00e9ristiques : 1.100% sans BPA, la bouteille d&#039;eau de sport pour enfants est fabriqu\u00e9e en Tritan, haute r\u00e9sistance aux chocs, sans odeur, s\u00fbre et saine.<br \/>\n2. Le couvercle de protection du bec verseur emp\u00eache la salet\u00e9 et les germes de p\u00e9n\u00e9trer, et la boucle de transport en silicone souple de qualit\u00e9 alimentaire pour les activit\u00e9s en d\u00e9placement.<br \/>\n3. Bouton \u00e0 une touche pour une ouverture et une fermeture faciles.<\/p>","protected":false},"featured_media":4163,"comment_status":"open","ping_status":"closed","template":"","meta":{"_acf_changed":false},"product_brand":[],"product_cat":[200],"product_tag":[258,32,36,33,31,39,38,219,294,29,37,34,35,218,242,206,28,223,30],"class_list":{"0":"post-4162","1":"product","2":"type-product","3":"status-publish","4":"has-post-thumbnail","6":"product_cat-kids-water-bottles","7":"product_tag-5-gallon-water-bottle","8":"product_tag-best","9":"product_tag-bulk","10":"product_tag-buy","11":"product_tag-custom","12":"product_tag-for-sale","13":"product_tag-good-quality","14":"product_tag-hello-kitty-water-bottle","15":"product_tag-kids-sports-water-bottle","16":"product_tag-manufacturers","17":"product_tag-manufacturing","18":"product_tag-price","19":"product_tag-small","20":"product_tag-stainless-steel-kids-water-bottle","21":"product_tag-steel-vacuum-water-sport-bottles-for-children","22":"product_tag-steel-water-bottle","23":"product_tag-suppliers","24":"product_tag-water-bottle-baby-bottle","25":"product_tag-wholesale","27":"first","28":"instock","29":"shipping-taxable","30":"product-type-simple"},"acf":[],"yoast_head":"<!-- This site is optimized with the Yoast SEO Premium plugin v27.5 (Yoast SEO v27.5) - https:\/\/yoast.com\/product\/yoast-seo-premium-wordpress\/ -->\n<title>Kids Sports Water Bottle - Diller Water Bottle Manufacturer<\/title>\n<meta name=\"description\" content=\"As one of the best kids sports water bottle manufacturers and suppliers, we are engaged in manufacturing good quality water bottles. We warmly welcome you to wholesale or buy custom made kids sports water bottle at competitive price from us. Also, small quantity orders are acceptable.\" \/>\n<meta name=\"robots\" content=\"index, follow, max-snippet:-1, max-image-preview:large, max-video-preview:-1\" \/>\n<link rel=\"canonical\" href=\"https:\/\/www.dillerbottle.com\/fr\/produits\/bouteille-deau-de-sport-pour-enfants\" \/>\n<meta property=\"og:locale\" content=\"fr_FR\" \/>\n<meta property=\"og:type\" content=\"article\" \/>\n<meta property=\"og:title\" content=\"Kids Sports Water Bottle\" \/>\n<meta property=\"og:description\" content=\"As one of the best kids sports water bottle manufacturers and suppliers, we are engaged in manufacturing good quality water bottles. We warmly welcome you to wholesale or buy custom made kids sports water bottle at competitive price from us. Also, small quantity orders are acceptable.\" \/>\n<meta property=\"og:url\" content=\"https:\/\/www.dillerbottle.com\/fr\/produits\/bouteille-deau-de-sport-pour-enfants\" \/>\n<meta property=\"og:site_name\" content=\"Diller Water Bottle Manufacturer\" \/>\n<meta property=\"article:modified_time\" content=\"2025-07-10T06:28:15+00:00\" \/>\n<meta property=\"og:image\" content=\"https:\/\/www.dillerbottle.com\/wp-content\/uploads\/2024\/09\/kids-sports-water-bottle17021226245.jpg\" \/>\n\t<meta property=\"og:image:width\" content=\"730\" \/>\n\t<meta property=\"og:image:height\" content=\"730\" \/>\n\t<meta property=\"og:image:type\" content=\"image\/jpeg\" \/>\n<meta name=\"twitter:card\" content=\"summary_large_image\" \/>\n<meta name=\"twitter:label1\" content=\"Dur\u00e9e de lecture estim\u00e9e\" \/>\n\t<meta name=\"twitter:data1\" content=\"2 minutes\" \/>\n<script type=\"application\/ld+json\" class=\"yoast-schema-graph\">{\"@context\":\"https:\\\/\\\/schema.org\",\"@graph\":[{\"@type\":\"WebPage\",\"@id\":\"https:\\\/\\\/www.dillerbottle.com\\\/id\\\/produk\\\/botol-air-olahraga-anak-anak\",\"url\":\"https:\\\/\\\/www.dillerbottle.com\\\/id\\\/produk\\\/botol-air-olahraga-anak-anak\",\"name\":\"Kids Sports Water Bottle - Diller Water Bottle Manufacturer\",\"isPartOf\":{\"@id\":\"https:\\\/\\\/www.dillerbottle.com\\\/#website\"},\"primaryImageOfPage\":{\"@id\":\"https:\\\/\\\/www.dillerbottle.com\\\/id\\\/produk\\\/botol-air-olahraga-anak-anak#primaryimage\"},\"image\":{\"@id\":\"https:\\\/\\\/www.dillerbottle.com\\\/id\\\/produk\\\/botol-air-olahraga-anak-anak#primaryimage\"},\"thumbnailUrl\":\"https:\\\/\\\/www.dillerbottle.com\\\/wp-content\\\/uploads\\\/2024\\\/09\\\/kids-sports-water-bottle17021226245.jpg\",\"datePublished\":\"2024-09-26T08:35:43+00:00\",\"dateModified\":\"2025-07-10T06:28:15+00:00\",\"description\":\"As one of the best kids sports water bottle manufacturers and suppliers, we are engaged in manufacturing good quality water bottles. We warmly welcome you to wholesale or buy custom made kids sports water bottle at competitive price from us. Also, small quantity orders are acceptable.\",\"breadcrumb\":{\"@id\":\"https:\\\/\\\/www.dillerbottle.com\\\/id\\\/produk\\\/botol-air-olahraga-anak-anak#breadcrumb\"},\"inLanguage\":\"fr-FR\",\"potentialAction\":[{\"@type\":\"ReadAction\",\"target\":[\"https:\\\/\\\/www.dillerbottle.com\\\/id\\\/produk\\\/botol-air-olahraga-anak-anak\"]}]},{\"@type\":\"ImageObject\",\"inLanguage\":\"fr-FR\",\"@id\":\"https:\\\/\\\/www.dillerbottle.com\\\/id\\\/produk\\\/botol-air-olahraga-anak-anak#primaryimage\",\"url\":\"https:\\\/\\\/www.dillerbottle.com\\\/wp-content\\\/uploads\\\/2024\\\/09\\\/kids-sports-water-bottle17021226245.jpg\",\"contentUrl\":\"https:\\\/\\\/www.dillerbottle.com\\\/wp-content\\\/uploads\\\/2024\\\/09\\\/kids-sports-water-bottle17021226245.jpg\",\"width\":730,\"height\":730},{\"@type\":\"BreadcrumbList\",\"@id\":\"https:\\\/\\\/www.dillerbottle.com\\\/id\\\/produk\\\/botol-air-olahraga-anak-anak#breadcrumb\",\"itemListElement\":[{\"@type\":\"ListItem\",\"position\":1,\"name\":\"Home\",\"item\":\"https:\\\/\\\/www.dillerbottle.com\\\/\"},{\"@type\":\"ListItem\",\"position\":2,\"name\":\"Products\",\"item\":\"https:\\\/\\\/www.dillerbottle.com\\\/shop\"},{\"@type\":\"ListItem\",\"position\":3,\"name\":\"Kids Sports Water Bottle\"}]},{\"@type\":\"WebSite\",\"@id\":\"https:\\\/\\\/www.dillerbottle.com\\\/#website\",\"url\":\"https:\\\/\\\/www.dillerbottle.com\\\/\",\"name\":\"Diller Water Bottle Manufacturer\",\"description\":\"Water Bottle Manufacturer\",\"publisher\":{\"@id\":\"https:\\\/\\\/www.dillerbottle.com\\\/#organization\"},\"potentialAction\":[{\"@type\":\"SearchAction\",\"target\":{\"@type\":\"EntryPoint\",\"urlTemplate\":\"https:\\\/\\\/www.dillerbottle.com\\\/?s={search_term_string}\"},\"query-input\":{\"@type\":\"PropertyValueSpecification\",\"valueRequired\":true,\"valueName\":\"search_term_string\"}}],\"inLanguage\":\"fr-FR\"},{\"@type\":\"Organization\",\"@id\":\"https:\\\/\\\/www.dillerbottle.com\\\/#organization\",\"name\":\"Diller Water Bottle Manufacturer\",\"url\":\"https:\\\/\\\/www.dillerbottle.com\\\/\",\"logo\":{\"@type\":\"ImageObject\",\"inLanguage\":\"fr-FR\",\"@id\":\"https:\\\/\\\/www.dillerbottle.com\\\/#\\\/schema\\\/logo\\\/image\\\/\",\"url\":\"https:\\\/\\\/www.dillerbottle.com\\\/wp-content\\\/uploads\\\/2024\\\/09\\\/49918bfa848dcc1e9f8b509933603ac.png\",\"contentUrl\":\"https:\\\/\\\/www.dillerbottle.com\\\/wp-content\\\/uploads\\\/2024\\\/09\\\/49918bfa848dcc1e9f8b509933603ac.png\",\"width\":988,\"height\":198,\"caption\":\"Diller Water Bottle Manufacturer\"},\"image\":{\"@id\":\"https:\\\/\\\/www.dillerbottle.com\\\/#\\\/schema\\\/logo\\\/image\\\/\"}}]}<\/script>\n<!-- \/ Yoast SEO Premium plugin. -->","yoast_head_json":{"title":"Bouteille d&#039;eau de sport pour enfants - Fabricant de bouteilles d&#039;eau Diller","description":"En tant que l&#039;un des meilleurs fabricants et fournisseurs de bouteilles d&#039;eau de sport pour enfants, nous sommes engag\u00e9s dans la fabrication de bouteilles d&#039;eau de bonne qualit\u00e9. Nous vous invitons chaleureusement \u00e0 vendre en gros ou \u00e0 acheter chez nous des bouteilles d&#039;eau de sport pour enfants sur mesure \u00e0 un prix comp\u00e9titif. De plus, les commandes en petites quantit\u00e9s sont acceptables.","robots":{"index":"index","follow":"follow","max-snippet":"max-snippet:-1","max-image-preview":"max-image-preview:large","max-video-preview":"max-video-preview:-1"},"canonical":"https:\/\/www.dillerbottle.com\/fr\/produits\/bouteille-deau-de-sport-pour-enfants","og_locale":"fr_FR","og_type":"article","og_title":"Kids Sports Water Bottle","og_description":"As one of the best kids sports water bottle manufacturers and suppliers, we are engaged in manufacturing good quality water bottles. We warmly welcome you to wholesale or buy custom made kids sports water bottle at competitive price from us. Also, small quantity orders are acceptable.","og_url":"https:\/\/www.dillerbottle.com\/fr\/produits\/bouteille-deau-de-sport-pour-enfants","og_site_name":"Diller Water Bottle Manufacturer","article_modified_time":"2025-07-10T06:28:15+00:00","og_image":[{"width":730,"height":730,"url":"https:\/\/www.dillerbottle.com\/wp-content\/uploads\/2024\/09\/kids-sports-water-bottle17021226245.jpg","type":"image\/jpeg"}],"twitter_card":"summary_large_image","twitter_misc":{"Dur\u00e9e de lecture estim\u00e9e":"2 minutes"},"schema":{"@context":"https:\/\/schema.org","@graph":[{"@type":"WebPage","@id":"https:\/\/www.dillerbottle.com\/id\/produk\/botol-air-olahraga-anak-anak","url":"https:\/\/www.dillerbottle.com\/id\/produk\/botol-air-olahraga-anak-anak","name":"Bouteille d&#039;eau de sport pour enfants - Fabricant de bouteilles d&#039;eau Diller","isPartOf":{"@id":"https:\/\/www.dillerbottle.com\/#website"},"primaryImageOfPage":{"@id":"https:\/\/www.dillerbottle.com\/id\/produk\/botol-air-olahraga-anak-anak#primaryimage"},"image":{"@id":"https:\/\/www.dillerbottle.com\/id\/produk\/botol-air-olahraga-anak-anak#primaryimage"},"thumbnailUrl":"https:\/\/www.dillerbottle.com\/wp-content\/uploads\/2024\/09\/kids-sports-water-bottle17021226245.jpg","datePublished":"2024-09-26T08:35:43+00:00","dateModified":"2025-07-10T06:28:15+00:00","description":"En tant que l&#039;un des meilleurs fabricants et fournisseurs de bouteilles d&#039;eau de sport pour enfants, nous sommes engag\u00e9s dans la fabrication de bouteilles d&#039;eau de bonne qualit\u00e9. Nous vous invitons chaleureusement \u00e0 vendre en gros ou \u00e0 acheter chez nous des bouteilles d&#039;eau de sport pour enfants sur mesure \u00e0 un prix comp\u00e9titif. De plus, les commandes en petites quantit\u00e9s sont acceptables.","breadcrumb":{"@id":"https:\/\/www.dillerbottle.com\/id\/produk\/botol-air-olahraga-anak-anak#breadcrumb"},"inLanguage":"fr-FR","potentialAction":[{"@type":"ReadAction","target":["https:\/\/www.dillerbottle.com\/id\/produk\/botol-air-olahraga-anak-anak"]}]},{"@type":"ImageObject","inLanguage":"fr-FR","@id":"https:\/\/www.dillerbottle.com\/id\/produk\/botol-air-olahraga-anak-anak#primaryimage","url":"https:\/\/www.dillerbottle.com\/wp-content\/uploads\/2024\/09\/kids-sports-water-bottle17021226245.jpg","contentUrl":"https:\/\/www.dillerbottle.com\/wp-content\/uploads\/2024\/09\/kids-sports-water-bottle17021226245.jpg","width":730,"height":730},{"@type":"BreadcrumbList","@id":"https:\/\/www.dillerbottle.com\/id\/produk\/botol-air-olahraga-anak-anak#breadcrumb","itemListElement":[{"@type":"ListItem","position":1,"name":"Home","item":"https:\/\/www.dillerbottle.com\/"},{"@type":"ListItem","position":2,"name":"Products","item":"https:\/\/www.dillerbottle.com\/shop"},{"@type":"ListItem","position":3,"name":"Kids Sports Water Bottle"}]},{"@type":"WebSite","@id":"https:\/\/www.dillerbottle.com\/#website","url":"https:\/\/www.dillerbottle.com\/","name":"Fabricant de bouteilles d&#039;eau Diller","description":"Fabricant de bouteilles d&#039;eau","publisher":{"@id":"https:\/\/www.dillerbottle.com\/#organization"},"potentialAction":[{"@type":"SearchAction","target":{"@type":"EntryPoint","urlTemplate":"https:\/\/www.dillerbottle.com\/?s={search_term_string}"},"query-input":{"@type":"PropertyValueSpecification","valueRequired":true,"valueName":"search_term_string"}}],"inLanguage":"fr-FR"},{"@type":"Organization","@id":"https:\/\/www.dillerbottle.com\/#organization","name":"Fabricant de bouteilles d&#039;eau Diller","url":"https:\/\/www.dillerbottle.com\/","logo":{"@type":"ImageObject","inLanguage":"fr-FR","@id":"https:\/\/www.dillerbottle.com\/#\/schema\/logo\/image\/","url":"https:\/\/www.dillerbottle.com\/wp-content\/uploads\/2024\/09\/49918bfa848dcc1e9f8b509933603ac.png","contentUrl":"https:\/\/www.dillerbottle.com\/wp-content\/uploads\/2024\/09\/49918bfa848dcc1e9f8b509933603ac.png","width":988,"height":198,"caption":"Diller Water Bottle Manufacturer"},"image":{"@id":"https:\/\/www.dillerbottle.com\/#\/schema\/logo\/image\/"}}]}},"_links":{"self":[{"href":"https:\/\/www.dillerbottle.com\/fr\/wp-json\/wp\/v2\/product\/4162","targetHints":{"allow":["GET"]}}],"collection":[{"href":"https:\/\/www.dillerbottle.com\/fr\/wp-json\/wp\/v2\/product"}],"about":[{"href":"https:\/\/www.dillerbottle.com\/fr\/wp-json\/wp\/v2\/types\/product"}],"replies":[{"embeddable":true,"href":"https:\/\/www.dillerbottle.com\/fr\/wp-json\/wp\/v2\/comments?post=4162"}],"wp:featuredmedia":[{"embeddable":true,"href":"https:\/\/www.dillerbottle.com\/fr\/wp-json\/wp\/v2\/media\/4163"}],"wp:attachment":[{"href":"https:\/\/www.dillerbottle.com\/fr\/wp-json\/wp\/v2\/media?parent=4162"}],"wp:term":[{"taxonomy":"product_brand","embeddable":true,"href":"https:\/\/www.dillerbottle.com\/fr\/wp-json\/wp\/v2\/product_brand?post=4162"},{"taxonomy":"product_cat","embeddable":true,"href":"https:\/\/www.dillerbottle.com\/fr\/wp-json\/wp\/v2\/product_cat?post=4162"},{"taxonomy":"product_tag","embeddable":true,"href":"https:\/\/www.dillerbottle.com\/fr\/wp-json\/wp\/v2\/product_tag?post=4162"}],"curies":[{"name":"wp","href":"https:\/\/api.w.org\/{rel}","templated":true}]}}