{"id":4171,"date":"2024-09-26T16:35:47","date_gmt":"2024-09-26T08:35:47","guid":{"rendered":"https:\/\/demo.dillerbottle.com\/uncategorized\/kids-water-bottles-for-school"},"modified":"2025-07-10T14:28:09","modified_gmt":"2025-07-10T06:28:09","slug":"bouteilles-deau-pour-enfants-pour-lecole","status":"publish","type":"product","link":"https:\/\/www.dillerbottle.com\/fr\/products\/kids-water-bottles-for-school","title":{"rendered":"Bouteilles d&#039;eau pour enfants pour l&#039;\u00e9cole"},"content":{"rendered":"<p>Bouteilles d&#039;eau pour enfants pour l&#039;\u00e9cole<br \/>\nCaract\u00e9ristiques:<br \/>\n1) Fabriqu\u00e9 \u00e0 partir de mat\u00e9riaux de qualit\u00e9 alimentaire am\u00e9ricains - plastique copolyester Tritan, couvercle en PP, anneau d'\u00e9tanch\u00e9it\u00e9 en silicone et pailles. Ces gourdes pour enfants sont 100% sans BPA ni toxines, sans odeurs et saines pour la consommation quotidienne d'eau. C'est une bouteille d'eau pour enfants indispensable pour l'\u00e9cole, les voyages, la randonn\u00e9e, le camping, les voyages en famille, les sports de plein air.<\/p>\n<p>2.;Bouteille d&#039;eau pour enfants de 16 oz pour l&#039;\u00e9cole avec des mesures de capacit\u00e9 sur les bouteilles d&#039;eau pour suivre la quantit\u00e9 d&#039;eau qu&#039;un enfant boit. L&#039;ouverture \u00e0 large goulot est facile \u00e0 remplir d&#039;eau ou \u00e0 remplir de glace. Les bouteilles d&#039;eau transparentes sont faciles \u00e0 nettoyer, r\u00e9sistantes aux chutes, r\u00e9utilisables et durables.<\/p>\n<p>3.;Les bouteilles d&#039;eau en plastique avec un couvercle rabattable verrouillable, ce qui les rend \u00e9tanches \u00e0 la poussi\u00e8re et aux fuites, s&#039;ouvrent simplement d&#039;une seule main en cliquant sur le bouton, faciles \u00e0 ouvrir pour les enfants. Bouteilles d&#039;eau pour enfants avec paille pour \u00e9viter de renverser de l&#039;eau en buvant.<\/p>\n<p>4) Cette bouteille d'eau color\u00e9e et mignonne avec un design en tissu tricot\u00e9 de dessin anim\u00e9 pr\u00e9f\u00e9r\u00e9 de l'enfant, avec des sangles r\u00e9glables pour que les enfants puissent la porter.<\/p>","protected":false},"excerpt":{"rendered":"<p>Fabriqu\u00e9 aux \u00c9tats-Unis<br \/>\nMat\u00e9riaux de qualit\u00e9 alimentaire : plastique copolyester Tritan, couvercle en PP, joint d&#039;\u00e9tanch\u00e9it\u00e9 en silicone et pailles.<br \/>\nCes bouteilles d&#039;eau pour enfants sont 100% sans BPA et sans toxines, sans odeur et saines pour la consommation d&#039;eau quotidienne. Les bouteilles d&#039;eau en plastique avec un couvercle rabattable verrouillable, les rendant \u00e9tanches \u00e0 la poussi\u00e8re et aux fuites, s&#039;ouvrent simplement d&#039;une seule main en cliquant sur le bouton, faciles \u00e0 ouvrir pour les enfants.<br \/>\nNous pouvons personnaliser les bouteilles d&#039;eau pour enfants selon vos besoins.<br \/>\nBienvenue \u00e0 l&#039;achat en gros, envoyez une demande maintenant !<\/p>","protected":false},"featured_media":4172,"comment_status":"open","ping_status":"closed","template":"","meta":{"_acf_changed":false},"product_brand":[],"product_cat":[200],"product_tag":[32,36,33,31,39,38,228,231,233,295,29,37,203,34,35,239,28,216,30],"class_list":{"0":"post-4171","1":"product","2":"type-product","3":"status-publish","4":"has-post-thumbnail","6":"product_cat-kids-water-bottles","7":"product_tag-best","8":"product_tag-bulk","9":"product_tag-buy","10":"product_tag-custom","11":"product_tag-for-sale","12":"product_tag-good-quality","13":"product_tag-insulated-kids-water-bottle","14":"product_tag-kids-water-bottle-bpa-free","15":"product_tag-kids-water-bottle-for-school","16":"product_tag-kids-water-bottles-for-school","17":"product_tag-manufacturers","18":"product_tag-manufacturing","19":"product_tag-oem-stainless-steel-water-bottle-thermal-flask","20":"product_tag-price","21":"product_tag-small","22":"product_tag-stainless-steel-water-bottle-for-kids","23":"product_tag-suppliers","24":"product_tag-water-bottle-glass","25":"product_tag-wholesale","27":"first","28":"instock","29":"shipping-taxable","30":"product-type-simple"},"acf":[],"yoast_head":"<!-- This site is optimized with the Yoast SEO Premium plugin v27.5 (Yoast SEO v27.5) - https:\/\/yoast.com\/product\/yoast-seo-premium-wordpress\/ -->\n<title>Kids Water Bottles for School - Diller Water Bottle Manufacturer<\/title>\n<meta name=\"description\" content=\"As one of the best kids water bottles for school manufacturers and suppliers, we are engaged in manufacturing good quality water bottles. We warmly welcome you to wholesale or buy custom made kids water bottles for school at competitive price from us. Also, small quantity orders are acceptable.\" \/>\n<meta name=\"robots\" content=\"index, follow, max-snippet:-1, max-image-preview:large, max-video-preview:-1\" \/>\n<link rel=\"canonical\" href=\"https:\/\/www.dillerbottle.com\/fr\/produits\/bouteilles-deau-pour-enfants-pour-lecole\" \/>\n<meta property=\"og:locale\" content=\"fr_FR\" \/>\n<meta property=\"og:type\" content=\"article\" \/>\n<meta property=\"og:title\" content=\"Kids Water Bottles for School\" \/>\n<meta property=\"og:description\" content=\"As one of the best kids water bottles for school manufacturers and suppliers, we are engaged in manufacturing good quality water bottles. We warmly welcome you to wholesale or buy custom made kids water bottles for school at competitive price from us. Also, small quantity orders are acceptable.\" \/>\n<meta property=\"og:url\" content=\"https:\/\/www.dillerbottle.com\/fr\/produits\/bouteilles-deau-pour-enfants-pour-lecole\" \/>\n<meta property=\"og:site_name\" content=\"Diller Water Bottle Manufacturer\" \/>\n<meta property=\"article:modified_time\" content=\"2025-07-10T06:28:09+00:00\" \/>\n<meta property=\"og:image\" content=\"https:\/\/www.dillerbottle.com\/wp-content\/uploads\/2024\/09\/kids-water-bottles-for-school23284594933.jpg\" \/>\n\t<meta property=\"og:image:width\" content=\"730\" \/>\n\t<meta property=\"og:image:height\" content=\"730\" \/>\n\t<meta property=\"og:image:type\" content=\"image\/jpeg\" \/>\n<meta name=\"twitter:card\" content=\"summary_large_image\" \/>\n<meta name=\"twitter:label1\" content=\"Dur\u00e9e de lecture estim\u00e9e\" \/>\n\t<meta name=\"twitter:data1\" content=\"2 minutes\" \/>\n<script type=\"application\/ld+json\" class=\"yoast-schema-graph\">{\"@context\":\"https:\\\/\\\/schema.org\",\"@graph\":[{\"@type\":\"WebPage\",\"@id\":\"https:\\\/\\\/www.dillerbottle.com\\\/my\\\/produk\\\/botol-air-kanak-kanak-untuk-sekolah\",\"url\":\"https:\\\/\\\/www.dillerbottle.com\\\/my\\\/produk\\\/botol-air-kanak-kanak-untuk-sekolah\",\"name\":\"Kids Water Bottles for School - Diller Water Bottle Manufacturer\",\"isPartOf\":{\"@id\":\"https:\\\/\\\/www.dillerbottle.com\\\/#website\"},\"primaryImageOfPage\":{\"@id\":\"https:\\\/\\\/www.dillerbottle.com\\\/my\\\/produk\\\/botol-air-kanak-kanak-untuk-sekolah#primaryimage\"},\"image\":{\"@id\":\"https:\\\/\\\/www.dillerbottle.com\\\/my\\\/produk\\\/botol-air-kanak-kanak-untuk-sekolah#primaryimage\"},\"thumbnailUrl\":\"https:\\\/\\\/www.dillerbottle.com\\\/wp-content\\\/uploads\\\/2024\\\/09\\\/kids-water-bottles-for-school23284594933.jpg\",\"datePublished\":\"2024-09-26T08:35:47+00:00\",\"dateModified\":\"2025-07-10T06:28:09+00:00\",\"description\":\"As one of the best kids water bottles for school manufacturers and suppliers, we are engaged in manufacturing good quality water bottles. We warmly welcome you to wholesale or buy custom made kids water bottles for school at competitive price from us. Also, small quantity orders are acceptable.\",\"breadcrumb\":{\"@id\":\"https:\\\/\\\/www.dillerbottle.com\\\/my\\\/produk\\\/botol-air-kanak-kanak-untuk-sekolah#breadcrumb\"},\"inLanguage\":\"fr-FR\",\"potentialAction\":[{\"@type\":\"ReadAction\",\"target\":[\"https:\\\/\\\/www.dillerbottle.com\\\/my\\\/produk\\\/botol-air-kanak-kanak-untuk-sekolah\"]}]},{\"@type\":\"ImageObject\",\"inLanguage\":\"fr-FR\",\"@id\":\"https:\\\/\\\/www.dillerbottle.com\\\/my\\\/produk\\\/botol-air-kanak-kanak-untuk-sekolah#primaryimage\",\"url\":\"https:\\\/\\\/www.dillerbottle.com\\\/wp-content\\\/uploads\\\/2024\\\/09\\\/kids-water-bottles-for-school23284594933.jpg\",\"contentUrl\":\"https:\\\/\\\/www.dillerbottle.com\\\/wp-content\\\/uploads\\\/2024\\\/09\\\/kids-water-bottles-for-school23284594933.jpg\",\"width\":730,\"height\":730},{\"@type\":\"BreadcrumbList\",\"@id\":\"https:\\\/\\\/www.dillerbottle.com\\\/my\\\/produk\\\/botol-air-kanak-kanak-untuk-sekolah#breadcrumb\",\"itemListElement\":[{\"@type\":\"ListItem\",\"position\":1,\"name\":\"Home\",\"item\":\"https:\\\/\\\/www.dillerbottle.com\\\/\"},{\"@type\":\"ListItem\",\"position\":2,\"name\":\"Products\",\"item\":\"https:\\\/\\\/www.dillerbottle.com\\\/shop\"},{\"@type\":\"ListItem\",\"position\":3,\"name\":\"Kids Water Bottles for School\"}]},{\"@type\":\"WebSite\",\"@id\":\"https:\\\/\\\/www.dillerbottle.com\\\/#website\",\"url\":\"https:\\\/\\\/www.dillerbottle.com\\\/\",\"name\":\"Diller Water Bottle Manufacturer\",\"description\":\"Water Bottle Manufacturer\",\"publisher\":{\"@id\":\"https:\\\/\\\/www.dillerbottle.com\\\/#organization\"},\"potentialAction\":[{\"@type\":\"SearchAction\",\"target\":{\"@type\":\"EntryPoint\",\"urlTemplate\":\"https:\\\/\\\/www.dillerbottle.com\\\/?s={search_term_string}\"},\"query-input\":{\"@type\":\"PropertyValueSpecification\",\"valueRequired\":true,\"valueName\":\"search_term_string\"}}],\"inLanguage\":\"fr-FR\"},{\"@type\":\"Organization\",\"@id\":\"https:\\\/\\\/www.dillerbottle.com\\\/#organization\",\"name\":\"Diller Water Bottle Manufacturer\",\"url\":\"https:\\\/\\\/www.dillerbottle.com\\\/\",\"logo\":{\"@type\":\"ImageObject\",\"inLanguage\":\"fr-FR\",\"@id\":\"https:\\\/\\\/www.dillerbottle.com\\\/#\\\/schema\\\/logo\\\/image\\\/\",\"url\":\"https:\\\/\\\/www.dillerbottle.com\\\/wp-content\\\/uploads\\\/2024\\\/09\\\/49918bfa848dcc1e9f8b509933603ac.png\",\"contentUrl\":\"https:\\\/\\\/www.dillerbottle.com\\\/wp-content\\\/uploads\\\/2024\\\/09\\\/49918bfa848dcc1e9f8b509933603ac.png\",\"width\":988,\"height\":198,\"caption\":\"Diller Water Bottle Manufacturer\"},\"image\":{\"@id\":\"https:\\\/\\\/www.dillerbottle.com\\\/#\\\/schema\\\/logo\\\/image\\\/\"}}]}<\/script>\n<!-- \/ Yoast SEO Premium plugin. -->","yoast_head_json":{"title":"Bouteilles d&#039;eau pour enfants pour l&#039;\u00e9cole - Fabricant de bouteilles d&#039;eau Diller","description":"En tant que l&#039;un des meilleurs fabricants et fournisseurs de bouteilles d&#039;eau pour enfants pour l&#039;\u00e9cole, nous sommes engag\u00e9s dans la fabrication de bouteilles d&#039;eau de bonne qualit\u00e9. Nous vous invitons chaleureusement \u00e0 vendre en gros ou \u00e0 acheter chez nous des bouteilles d&#039;eau pour enfants sur mesure pour l&#039;\u00e9cole \u00e0 un prix comp\u00e9titif. De plus, les commandes en petites quantit\u00e9s sont acceptables.","robots":{"index":"index","follow":"follow","max-snippet":"max-snippet:-1","max-image-preview":"max-image-preview:large","max-video-preview":"max-video-preview:-1"},"canonical":"https:\/\/www.dillerbottle.com\/fr\/produits\/bouteilles-deau-pour-enfants-pour-lecole","og_locale":"fr_FR","og_type":"article","og_title":"Kids Water Bottles for School","og_description":"As one of the best kids water bottles for school manufacturers and suppliers, we are engaged in manufacturing good quality water bottles. We warmly welcome you to wholesale or buy custom made kids water bottles for school at competitive price from us. Also, small quantity orders are acceptable.","og_url":"https:\/\/www.dillerbottle.com\/fr\/produits\/bouteilles-deau-pour-enfants-pour-lecole","og_site_name":"Diller Water Bottle Manufacturer","article_modified_time":"2025-07-10T06:28:09+00:00","og_image":[{"width":730,"height":730,"url":"https:\/\/www.dillerbottle.com\/wp-content\/uploads\/2024\/09\/kids-water-bottles-for-school23284594933.jpg","type":"image\/jpeg"}],"twitter_card":"summary_large_image","twitter_misc":{"Dur\u00e9e de lecture estim\u00e9e":"2 minutes"},"schema":{"@context":"https:\/\/schema.org","@graph":[{"@type":"WebPage","@id":"https:\/\/www.dillerbottle.com\/my\/produk\/botol-air-kanak-kanak-untuk-sekolah","url":"https:\/\/www.dillerbottle.com\/my\/produk\/botol-air-kanak-kanak-untuk-sekolah","name":"Bouteilles d&#039;eau pour enfants pour l&#039;\u00e9cole - Fabricant de bouteilles d&#039;eau Diller","isPartOf":{"@id":"https:\/\/www.dillerbottle.com\/#website"},"primaryImageOfPage":{"@id":"https:\/\/www.dillerbottle.com\/my\/produk\/botol-air-kanak-kanak-untuk-sekolah#primaryimage"},"image":{"@id":"https:\/\/www.dillerbottle.com\/my\/produk\/botol-air-kanak-kanak-untuk-sekolah#primaryimage"},"thumbnailUrl":"https:\/\/www.dillerbottle.com\/wp-content\/uploads\/2024\/09\/kids-water-bottles-for-school23284594933.jpg","datePublished":"2024-09-26T08:35:47+00:00","dateModified":"2025-07-10T06:28:09+00:00","description":"En tant que l&#039;un des meilleurs fabricants et fournisseurs de bouteilles d&#039;eau pour enfants pour l&#039;\u00e9cole, nous sommes engag\u00e9s dans la fabrication de bouteilles d&#039;eau de bonne qualit\u00e9. Nous vous invitons chaleureusement \u00e0 vendre en gros ou \u00e0 acheter chez nous des bouteilles d&#039;eau pour enfants sur mesure pour l&#039;\u00e9cole \u00e0 un prix comp\u00e9titif. De plus, les commandes en petites quantit\u00e9s sont acceptables.","breadcrumb":{"@id":"https:\/\/www.dillerbottle.com\/my\/produk\/botol-air-kanak-kanak-untuk-sekolah#breadcrumb"},"inLanguage":"fr-FR","potentialAction":[{"@type":"ReadAction","target":["https:\/\/www.dillerbottle.com\/my\/produk\/botol-air-kanak-kanak-untuk-sekolah"]}]},{"@type":"ImageObject","inLanguage":"fr-FR","@id":"https:\/\/www.dillerbottle.com\/my\/produk\/botol-air-kanak-kanak-untuk-sekolah#primaryimage","url":"https:\/\/www.dillerbottle.com\/wp-content\/uploads\/2024\/09\/kids-water-bottles-for-school23284594933.jpg","contentUrl":"https:\/\/www.dillerbottle.com\/wp-content\/uploads\/2024\/09\/kids-water-bottles-for-school23284594933.jpg","width":730,"height":730},{"@type":"BreadcrumbList","@id":"https:\/\/www.dillerbottle.com\/my\/produk\/botol-air-kanak-kanak-untuk-sekolah#breadcrumb","itemListElement":[{"@type":"ListItem","position":1,"name":"Home","item":"https:\/\/www.dillerbottle.com\/"},{"@type":"ListItem","position":2,"name":"Products","item":"https:\/\/www.dillerbottle.com\/shop"},{"@type":"ListItem","position":3,"name":"Kids Water Bottles for School"}]},{"@type":"WebSite","@id":"https:\/\/www.dillerbottle.com\/#website","url":"https:\/\/www.dillerbottle.com\/","name":"Fabricant de bouteilles d&#039;eau Diller","description":"Fabricant de bouteilles d&#039;eau","publisher":{"@id":"https:\/\/www.dillerbottle.com\/#organization"},"potentialAction":[{"@type":"SearchAction","target":{"@type":"EntryPoint","urlTemplate":"https:\/\/www.dillerbottle.com\/?s={search_term_string}"},"query-input":{"@type":"PropertyValueSpecification","valueRequired":true,"valueName":"search_term_string"}}],"inLanguage":"fr-FR"},{"@type":"Organization","@id":"https:\/\/www.dillerbottle.com\/#organization","name":"Fabricant de bouteilles d&#039;eau Diller","url":"https:\/\/www.dillerbottle.com\/","logo":{"@type":"ImageObject","inLanguage":"fr-FR","@id":"https:\/\/www.dillerbottle.com\/#\/schema\/logo\/image\/","url":"https:\/\/www.dillerbottle.com\/wp-content\/uploads\/2024\/09\/49918bfa848dcc1e9f8b509933603ac.png","contentUrl":"https:\/\/www.dillerbottle.com\/wp-content\/uploads\/2024\/09\/49918bfa848dcc1e9f8b509933603ac.png","width":988,"height":198,"caption":"Diller Water Bottle Manufacturer"},"image":{"@id":"https:\/\/www.dillerbottle.com\/#\/schema\/logo\/image\/"}}]}},"_links":{"self":[{"href":"https:\/\/www.dillerbottle.com\/fr\/wp-json\/wp\/v2\/product\/4171","targetHints":{"allow":["GET"]}}],"collection":[{"href":"https:\/\/www.dillerbottle.com\/fr\/wp-json\/wp\/v2\/product"}],"about":[{"href":"https:\/\/www.dillerbottle.com\/fr\/wp-json\/wp\/v2\/types\/product"}],"replies":[{"embeddable":true,"href":"https:\/\/www.dillerbottle.com\/fr\/wp-json\/wp\/v2\/comments?post=4171"}],"wp:featuredmedia":[{"embeddable":true,"href":"https:\/\/www.dillerbottle.com\/fr\/wp-json\/wp\/v2\/media\/4172"}],"wp:attachment":[{"href":"https:\/\/www.dillerbottle.com\/fr\/wp-json\/wp\/v2\/media?parent=4171"}],"wp:term":[{"taxonomy":"product_brand","embeddable":true,"href":"https:\/\/www.dillerbottle.com\/fr\/wp-json\/wp\/v2\/product_brand?post=4171"},{"taxonomy":"product_cat","embeddable":true,"href":"https:\/\/www.dillerbottle.com\/fr\/wp-json\/wp\/v2\/product_cat?post=4171"},{"taxonomy":"product_tag","embeddable":true,"href":"https:\/\/www.dillerbottle.com\/fr\/wp-json\/wp\/v2\/product_tag?post=4171"}],"curies":[{"name":"wp","href":"https:\/\/api.w.org\/{rel}","templated":true}]}}