{"id":4465,"date":"2024-09-27T17:45:01","date_gmt":"2024-09-27T09:45:01","guid":{"rendered":"https:\/\/demo.dillerbottle.com\/uncategorized\/large-capacity-sports-gym-water-bottle"},"modified":"2025-07-10T14:21:47","modified_gmt":"2025-07-10T06:21:47","slug":"bouteille-deau-de-sport-de-grande-capacite-2","status":"publish","type":"product","link":"https:\/\/www.dillerbottle.com\/fr\/products\/large-capacity-sports-gym-water-bottle","title":{"rendered":"Bouteille d&#039;eau de sport de grande capacit\u00e9"},"content":{"rendered":"<p>1. La bouteille d&#039;eau de sport de grande capacit\u00e9 est fabriqu\u00e9e en mat\u00e9riau Tritan de haute qualit\u00e9, avec un corps transparent et brillant qui est durable et a une forte r\u00e9sistance aux chutes.<\/p>\n<p>2. Couvercle \u00e0 bouton-poussoir anti-fuite : paille en silicone anti-d\u00e9versement, une ouverture en un clic est pratique pour boire d&#039;une seule main.<\/p>\n<p>3. La bouteille d&#039;eau de sport de grande capacit\u00e9 est l\u00e9g\u00e8re et facile \u00e0 transporter, adapt\u00e9e aux sports de plein air, aux voyages, au bureau et \u00e0 d&#039;autres occasions. Tr\u00e8s grande capacit\u00e9 pour r\u00e9pondre aux besoins massifs de r\u00e9approvisionnement en eau des sports.<\/p>\n<p>OEM et ODM acceptables.<br \/>\nNous pouvons personnaliser la bouteille d&#039;eau de sport selon vos besoins.<br \/>\nBienvenue \u00e0 l&#039;achat en gros, envoyez une demande maintenant !<\/p>\n<p><iframe title=\"Bouteille d&#039;eau de sport de grande capacit\u00e9 en gros, bouteille d&#039;eau en plastique sans BPA Tritan D2319\" width=\"800\" height=\"600\" src=\"https:\/\/www.youtube.com\/embed\/_RWNEqZfntQ?feature=oembed\" frameborder=\"0\" allow=\"accelerometer; autoplay; clipboard-write; encrypted-media; gyroscope; picture-in-picture; web-share\" referrerpolicy=\"strict-origin-when-cross-origin\" allowfullscreen><\/iframe><\/p>","protected":false},"excerpt":{"rendered":"<p>Cette bouteille d'eau de sport de grande capacit\u00e9 est fabriqu\u00e9e en Tritan durable et en mat\u00e9riaux de qualit\u00e9 alimentaire.<br \/>\nLa poign\u00e9e au-dessus du couvercle de la tasse est plus pratique \u00e0 transporter.<br \/>\nLe couvercle anti-d\u00e9versement en un clic s&#039;ouvre facilement en appuyant sur un bouton d&#039;une seule main.<br \/>\nPeut \u00eatre consomm\u00e9 directement ou avec une paille.<br \/>\nOEM et ODM acceptables.<br \/>\nNous pouvons personnaliser la bouteille de sport en plastique selon vos besoins.<br \/>\nBienvenue \u00e0 l&#039;achat en gros, envoyez une demande maintenant !<\/p>","protected":false},"featured_media":4466,"comment_status":"open","ping_status":"closed","template":"","meta":{"_acf_changed":false},"product_brand":[],"product_cat":[309],"product_tag":[321,32,36,33,31,337,339,39,38,336,29,37,34,35,340,28,213,338,30],"class_list":{"0":"post-4465","1":"product","2":"type-product","3":"status-publish","4":"has-post-thumbnail","6":"product_cat-plastic-water-bottle","7":"product_tag-1-gallon-water-bottles-wholesale","8":"product_tag-best","9":"product_tag-bulk","10":"product_tag-buy","11":"product_tag-custom","12":"product_tag-custom-logo-frosted-water-bottle-sustainable","13":"product_tag-fashion-water-bottle","14":"product_tag-for-sale","15":"product_tag-good-quality","16":"product_tag-large-capacity-sports-gym-water-bottle","17":"product_tag-manufacturers","18":"product_tag-manufacturing","19":"product_tag-price","20":"product_tag-small","21":"product_tag-sports-water-bottle-with-straw","22":"product_tag-suppliers","23":"product_tag-water-bottle-plastic-300ml","24":"product_tag-white-water-bottle","25":"product_tag-wholesale","27":"first","28":"instock","29":"shipping-taxable","30":"product-type-simple"},"acf":[],"yoast_head":"<!-- This site is optimized with the Yoast SEO Premium plugin v27.5 (Yoast SEO v27.5) - https:\/\/yoast.com\/product\/yoast-seo-premium-wordpress\/ -->\n<title>Large Capacity Sports Gym Water Bottle - Diller Water Bottle Manufacturer<\/title>\n<meta name=\"description\" content=\"As one of the best large capacity sports gym water bottle manufacturers and suppliers, we are engaged in manufacturing good quality water bottles. We warmly welcome you to wholesale or buy custom made large capacity sports gym water bottle at competitive price from us. Also, small quantity orders are acceptable.\" \/>\n<meta name=\"robots\" content=\"index, follow, max-snippet:-1, max-image-preview:large, max-video-preview:-1\" \/>\n<link rel=\"canonical\" href=\"https:\/\/www.dillerbottle.com\/fr\/produits\/bouteille-deau-de-sport-de-grande-capacite-2\" \/>\n<meta property=\"og:locale\" content=\"fr_FR\" \/>\n<meta property=\"og:type\" content=\"article\" \/>\n<meta property=\"og:title\" content=\"Large Capacity Sports Gym Water Bottle\" \/>\n<meta property=\"og:description\" content=\"As one of the best large capacity sports gym water bottle manufacturers and suppliers, we are engaged in manufacturing good quality water bottles. We warmly welcome you to wholesale or buy custom made large capacity sports gym water bottle at competitive price from us. Also, small quantity orders are acceptable.\" \/>\n<meta property=\"og:url\" content=\"https:\/\/www.dillerbottle.com\/fr\/produits\/bouteille-deau-de-sport-de-grande-capacite-2\" \/>\n<meta property=\"og:site_name\" content=\"Diller Water Bottle Manufacturer\" \/>\n<meta property=\"article:modified_time\" content=\"2025-07-10T06:21:47+00:00\" \/>\n<meta property=\"og:image\" content=\"https:\/\/www.dillerbottle.com\/wp-content\/uploads\/2024\/09\/large-capacity-sports-gym-water-bottle0366e704-c915-4bfa-b295-efc02d8da381.jpg\" \/>\n\t<meta property=\"og:image:width\" content=\"730\" \/>\n\t<meta property=\"og:image:height\" content=\"730\" \/>\n\t<meta property=\"og:image:type\" content=\"image\/jpeg\" \/>\n<meta name=\"twitter:card\" content=\"summary_large_image\" \/>\n<meta name=\"twitter:label1\" content=\"Dur\u00e9e de lecture estim\u00e9e\" \/>\n\t<meta name=\"twitter:data1\" content=\"5 minutes\" \/>\n<script type=\"application\/ld+json\" class=\"yoast-schema-graph\">{\"@context\":\"https:\\\/\\\/schema.org\",\"@graph\":[{\"@type\":\"WebPage\",\"@id\":\"https:\\\/\\\/www.dillerbottle.com\\\/products\\\/large-capacity-sports-gym-water-bottle\",\"url\":\"https:\\\/\\\/www.dillerbottle.com\\\/products\\\/large-capacity-sports-gym-water-bottle\",\"name\":\"Large Capacity Sports Gym Water Bottle - Diller Water Bottle Manufacturer\",\"isPartOf\":{\"@id\":\"https:\\\/\\\/www.dillerbottle.com\\\/#website\"},\"primaryImageOfPage\":{\"@id\":\"https:\\\/\\\/www.dillerbottle.com\\\/products\\\/large-capacity-sports-gym-water-bottle#primaryimage\"},\"image\":{\"@id\":\"https:\\\/\\\/www.dillerbottle.com\\\/products\\\/large-capacity-sports-gym-water-bottle#primaryimage\"},\"thumbnailUrl\":\"https:\\\/\\\/www.dillerbottle.com\\\/wp-content\\\/uploads\\\/2024\\\/09\\\/large-capacity-sports-gym-water-bottle0366e704-c915-4bfa-b295-efc02d8da381.jpg\",\"datePublished\":\"2024-09-27T09:45:01+00:00\",\"dateModified\":\"2025-07-10T06:21:47+00:00\",\"description\":\"As one of the best large capacity sports gym water bottle manufacturers and suppliers, we are engaged in manufacturing good quality water bottles. We warmly welcome you to wholesale or buy custom made large capacity sports gym water bottle at competitive price from us. Also, small quantity orders are acceptable.\",\"breadcrumb\":{\"@id\":\"https:\\\/\\\/www.dillerbottle.com\\\/products\\\/large-capacity-sports-gym-water-bottle#breadcrumb\"},\"inLanguage\":\"fr-FR\",\"potentialAction\":[{\"@type\":\"ReadAction\",\"target\":[\"https:\\\/\\\/www.dillerbottle.com\\\/products\\\/large-capacity-sports-gym-water-bottle\"]}]},{\"@type\":\"ImageObject\",\"inLanguage\":\"fr-FR\",\"@id\":\"https:\\\/\\\/www.dillerbottle.com\\\/products\\\/large-capacity-sports-gym-water-bottle#primaryimage\",\"url\":\"https:\\\/\\\/www.dillerbottle.com\\\/wp-content\\\/uploads\\\/2024\\\/09\\\/large-capacity-sports-gym-water-bottle0366e704-c915-4bfa-b295-efc02d8da381.jpg\",\"contentUrl\":\"https:\\\/\\\/www.dillerbottle.com\\\/wp-content\\\/uploads\\\/2024\\\/09\\\/large-capacity-sports-gym-water-bottle0366e704-c915-4bfa-b295-efc02d8da381.jpg\",\"width\":730,\"height\":730},{\"@type\":\"BreadcrumbList\",\"@id\":\"https:\\\/\\\/www.dillerbottle.com\\\/products\\\/large-capacity-sports-gym-water-bottle#breadcrumb\",\"itemListElement\":[{\"@type\":\"ListItem\",\"position\":1,\"name\":\"Home\",\"item\":\"https:\\\/\\\/www.dillerbottle.com\\\/\"},{\"@type\":\"ListItem\",\"position\":2,\"name\":\"Products\",\"item\":\"https:\\\/\\\/www.dillerbottle.com\\\/shop\"},{\"@type\":\"ListItem\",\"position\":3,\"name\":\"Large Capacity Sports Gym Water Bottle\"}]},{\"@type\":\"WebSite\",\"@id\":\"https:\\\/\\\/www.dillerbottle.com\\\/#website\",\"url\":\"https:\\\/\\\/www.dillerbottle.com\\\/\",\"name\":\"Diller Water Bottle Manufacturer\",\"description\":\"Water Bottle Manufacturer\",\"publisher\":{\"@id\":\"https:\\\/\\\/www.dillerbottle.com\\\/#organization\"},\"potentialAction\":[{\"@type\":\"SearchAction\",\"target\":{\"@type\":\"EntryPoint\",\"urlTemplate\":\"https:\\\/\\\/www.dillerbottle.com\\\/?s={search_term_string}\"},\"query-input\":{\"@type\":\"PropertyValueSpecification\",\"valueRequired\":true,\"valueName\":\"search_term_string\"}}],\"inLanguage\":\"fr-FR\"},{\"@type\":\"Organization\",\"@id\":\"https:\\\/\\\/www.dillerbottle.com\\\/#organization\",\"name\":\"Diller Water Bottle Manufacturer\",\"url\":\"https:\\\/\\\/www.dillerbottle.com\\\/\",\"logo\":{\"@type\":\"ImageObject\",\"inLanguage\":\"fr-FR\",\"@id\":\"https:\\\/\\\/www.dillerbottle.com\\\/#\\\/schema\\\/logo\\\/image\\\/\",\"url\":\"https:\\\/\\\/www.dillerbottle.com\\\/wp-content\\\/uploads\\\/2024\\\/09\\\/49918bfa848dcc1e9f8b509933603ac.png\",\"contentUrl\":\"https:\\\/\\\/www.dillerbottle.com\\\/wp-content\\\/uploads\\\/2024\\\/09\\\/49918bfa848dcc1e9f8b509933603ac.png\",\"width\":988,\"height\":198,\"caption\":\"Diller Water Bottle Manufacturer\"},\"image\":{\"@id\":\"https:\\\/\\\/www.dillerbottle.com\\\/#\\\/schema\\\/logo\\\/image\\\/\"}}]}<\/script>\n<!-- \/ Yoast SEO Premium plugin. -->","yoast_head_json":{"title":"Bouteille d'eau de sport de grande capacit\u00e9 - Diller Fabricant de bouteilles d'eau","description":"En tant que l'un des meilleurs fabricants et fournisseurs de bouteilles d'eau de sport de grande capacit\u00e9, nous sommes engag\u00e9s dans la production de bouteilles d'eau de bonne qualit\u00e9. Nous vous invitons chaleureusement \u00e0 acheter en gros des bouteilles d'eau de salle de sport de grande capacit\u00e9 \u00e0 des prix comp\u00e9titifs. Nous acceptons \u00e9galement les commandes de petites quantit\u00e9s.","robots":{"index":"index","follow":"follow","max-snippet":"max-snippet:-1","max-image-preview":"max-image-preview:large","max-video-preview":"max-video-preview:-1"},"canonical":"https:\/\/www.dillerbottle.com\/fr\/produits\/bouteille-deau-de-sport-de-grande-capacite-2","og_locale":"fr_FR","og_type":"article","og_title":"Large Capacity Sports Gym Water Bottle","og_description":"As one of the best large capacity sports gym water bottle manufacturers and suppliers, we are engaged in manufacturing good quality water bottles. We warmly welcome you to wholesale or buy custom made large capacity sports gym water bottle at competitive price from us. Also, small quantity orders are acceptable.","og_url":"https:\/\/www.dillerbottle.com\/fr\/produits\/bouteille-deau-de-sport-de-grande-capacite-2","og_site_name":"Diller Water Bottle Manufacturer","article_modified_time":"2025-07-10T06:21:47+00:00","og_image":[{"width":730,"height":730,"url":"https:\/\/www.dillerbottle.com\/wp-content\/uploads\/2024\/09\/large-capacity-sports-gym-water-bottle0366e704-c915-4bfa-b295-efc02d8da381.jpg","type":"image\/jpeg"}],"twitter_card":"summary_large_image","twitter_misc":{"Dur\u00e9e de lecture estim\u00e9e":"5 minutes"},"schema":{"@context":"https:\/\/schema.org","@graph":[{"@type":"WebPage","@id":"https:\/\/www.dillerbottle.com\/products\/large-capacity-sports-gym-water-bottle","url":"https:\/\/www.dillerbottle.com\/products\/large-capacity-sports-gym-water-bottle","name":"Bouteille d'eau de sport de grande capacit\u00e9 - Diller Fabricant de bouteilles d'eau","isPartOf":{"@id":"https:\/\/www.dillerbottle.com\/#website"},"primaryImageOfPage":{"@id":"https:\/\/www.dillerbottle.com\/products\/large-capacity-sports-gym-water-bottle#primaryimage"},"image":{"@id":"https:\/\/www.dillerbottle.com\/products\/large-capacity-sports-gym-water-bottle#primaryimage"},"thumbnailUrl":"https:\/\/www.dillerbottle.com\/wp-content\/uploads\/2024\/09\/large-capacity-sports-gym-water-bottle0366e704-c915-4bfa-b295-efc02d8da381.jpg","datePublished":"2024-09-27T09:45:01+00:00","dateModified":"2025-07-10T06:21:47+00:00","description":"En tant que l'un des meilleurs fabricants et fournisseurs de bouteilles d'eau de sport de grande capacit\u00e9, nous sommes engag\u00e9s dans la production de bouteilles d'eau de bonne qualit\u00e9. Nous vous invitons chaleureusement \u00e0 acheter en gros des bouteilles d'eau de salle de sport de grande capacit\u00e9 \u00e0 des prix comp\u00e9titifs. Nous acceptons \u00e9galement les commandes de petites quantit\u00e9s.","breadcrumb":{"@id":"https:\/\/www.dillerbottle.com\/products\/large-capacity-sports-gym-water-bottle#breadcrumb"},"inLanguage":"fr-FR","potentialAction":[{"@type":"ReadAction","target":["https:\/\/www.dillerbottle.com\/products\/large-capacity-sports-gym-water-bottle"]}]},{"@type":"ImageObject","inLanguage":"fr-FR","@id":"https:\/\/www.dillerbottle.com\/products\/large-capacity-sports-gym-water-bottle#primaryimage","url":"https:\/\/www.dillerbottle.com\/wp-content\/uploads\/2024\/09\/large-capacity-sports-gym-water-bottle0366e704-c915-4bfa-b295-efc02d8da381.jpg","contentUrl":"https:\/\/www.dillerbottle.com\/wp-content\/uploads\/2024\/09\/large-capacity-sports-gym-water-bottle0366e704-c915-4bfa-b295-efc02d8da381.jpg","width":730,"height":730},{"@type":"BreadcrumbList","@id":"https:\/\/www.dillerbottle.com\/products\/large-capacity-sports-gym-water-bottle#breadcrumb","itemListElement":[{"@type":"ListItem","position":1,"name":"Home","item":"https:\/\/www.dillerbottle.com\/"},{"@type":"ListItem","position":2,"name":"Products","item":"https:\/\/www.dillerbottle.com\/shop"},{"@type":"ListItem","position":3,"name":"Large Capacity Sports Gym Water Bottle"}]},{"@type":"WebSite","@id":"https:\/\/www.dillerbottle.com\/#website","url":"https:\/\/www.dillerbottle.com\/","name":"Fabricant de bouteilles d&#039;eau Diller","description":"Fabricant de bouteilles d&#039;eau","publisher":{"@id":"https:\/\/www.dillerbottle.com\/#organization"},"potentialAction":[{"@type":"SearchAction","target":{"@type":"EntryPoint","urlTemplate":"https:\/\/www.dillerbottle.com\/?s={search_term_string}"},"query-input":{"@type":"PropertyValueSpecification","valueRequired":true,"valueName":"search_term_string"}}],"inLanguage":"fr-FR"},{"@type":"Organization","@id":"https:\/\/www.dillerbottle.com\/#organization","name":"Fabricant de bouteilles d&#039;eau Diller","url":"https:\/\/www.dillerbottle.com\/","logo":{"@type":"ImageObject","inLanguage":"fr-FR","@id":"https:\/\/www.dillerbottle.com\/#\/schema\/logo\/image\/","url":"https:\/\/www.dillerbottle.com\/wp-content\/uploads\/2024\/09\/49918bfa848dcc1e9f8b509933603ac.png","contentUrl":"https:\/\/www.dillerbottle.com\/wp-content\/uploads\/2024\/09\/49918bfa848dcc1e9f8b509933603ac.png","width":988,"height":198,"caption":"Diller Water Bottle Manufacturer"},"image":{"@id":"https:\/\/www.dillerbottle.com\/#\/schema\/logo\/image\/"}}]}},"_links":{"self":[{"href":"https:\/\/www.dillerbottle.com\/fr\/wp-json\/wp\/v2\/product\/4465","targetHints":{"allow":["GET"]}}],"collection":[{"href":"https:\/\/www.dillerbottle.com\/fr\/wp-json\/wp\/v2\/product"}],"about":[{"href":"https:\/\/www.dillerbottle.com\/fr\/wp-json\/wp\/v2\/types\/product"}],"replies":[{"embeddable":true,"href":"https:\/\/www.dillerbottle.com\/fr\/wp-json\/wp\/v2\/comments?post=4465"}],"wp:featuredmedia":[{"embeddable":true,"href":"https:\/\/www.dillerbottle.com\/fr\/wp-json\/wp\/v2\/media\/4466"}],"wp:attachment":[{"href":"https:\/\/www.dillerbottle.com\/fr\/wp-json\/wp\/v2\/media?parent=4465"}],"wp:term":[{"taxonomy":"product_brand","embeddable":true,"href":"https:\/\/www.dillerbottle.com\/fr\/wp-json\/wp\/v2\/product_brand?post=4465"},{"taxonomy":"product_cat","embeddable":true,"href":"https:\/\/www.dillerbottle.com\/fr\/wp-json\/wp\/v2\/product_cat?post=4465"},{"taxonomy":"product_tag","embeddable":true,"href":"https:\/\/www.dillerbottle.com\/fr\/wp-json\/wp\/v2\/product_tag?post=4465"}],"curies":[{"name":"wp","href":"https:\/\/api.w.org\/{rel}","templated":true}]}}