{"id":4746,"date":"2024-09-27T17:48:58","date_gmt":"2024-09-27T09:48:58","guid":{"rendered":"https:\/\/demo.dillerbottle.com\/uncategorized\/plastic-water-bottle-with-fruit-infuser"},"modified":"2025-07-10T14:09:09","modified_gmt":"2025-07-10T06:09:09","slug":"bouteille-deau-en-plastique-avec-infuseur-de-fruits","status":"publish","type":"product","link":"https:\/\/www.dillerbottle.com\/fr\/products\/plastic-water-bottle-with-fruit-infuser","title":{"rendered":"Bouteille d&#039;eau en plastique avec infuseur \u00e0 fruits"},"content":{"rendered":"<p>1. La bouteille d&#039;eau en plastique avec infuseur \u00e0 fruits est fabriqu\u00e9e en mat\u00e9riau Tritan et en mat\u00e9riaux de qualit\u00e9 alimentaire. Le Tritan a une r\u00e9sistance \u00e9lev\u00e9e \u00e0 la chaleur, aux chocs et \u00e0 l&#039;usure, est s\u00fbr et inoffensif, sans BPA.<\/p>\n<p>2. La combinaison de la boisson directe et de la boisson \u00e0 la paille peut \u00eatre effectu\u00e9e directement ou \u00e0 l&#039;aide d&#039;une paille. \u00c9quip\u00e9 d&#039;un infuseur \u00e0 th\u00e9 ind\u00e9pendant, disponible pour infuser du th\u00e9 et du th\u00e9 aux fruits. Il peut \u00eatre d\u00e9mont\u00e9 pour le nettoyage.<\/p>\n<p>3. Le corps de la tasse est dot\u00e9 d&#039;une poign\u00e9e et d&#039;une sangle amovible et r\u00e9glable, ce qui le rend facile \u00e0 transporter lors de voyages, de camping et d&#039;autres activit\u00e9s. La bouteille d&#039;eau est dot\u00e9e d&#039;un anneau en silicone scell\u00e9 et ne fuira pas m\u00eame lorsqu&#039;elle est invers\u00e9e \u00e0 360 \u00b0.<\/p>\n<p>OEM et ODM acceptables.<br \/>\nNous pouvons personnaliser la bouteille d&#039;eau de sport selon vos besoins.<br \/>\nBienvenue \u00e0 l&#039;achat en gros, envoyez une demande maintenant !<\/p>\n<p><iframe title=\"Bouteille d&#039;eau en plastique de grande taille pour salle de sport Tritan sans BPA avec infuseur de fruits et poign\u00e9e D2301\" width=\"800\" height=\"600\" src=\"https:\/\/www.youtube.com\/embed\/xYtd_dI53XA?feature=oembed\" frameborder=\"0\" allow=\"accelerometer; autoplay; clipboard-write; encrypted-media; gyroscope; picture-in-picture; web-share\" referrerpolicy=\"strict-origin-when-cross-origin\" allowfullscreen><\/iframe><\/p>","protected":false},"excerpt":{"rendered":"<p>Cette bouteille d&#039;eau en plastique avec infuseur \u00e0 fruits est fabriqu\u00e9e \u00e0 partir de Tritan durable et de mat\u00e9riaux de qualit\u00e9 alimentaire.<br \/>\nLe corps de la bouteille est dot\u00e9 d&#039;une poign\u00e9e, ce qui est plus pratique \u00e0 transporter.<br \/>\nCette bouteille d&#039;eau peut \u00eatre bue directement ou avec une paille.<br \/>\nCette bouteille d&#039;eau contient un infuseur \u00e0 fruits, qui peut \u00eatre infus\u00e9 avec du th\u00e9 ou des fruits.<br \/>\nOEM et ODM acceptables.<br \/>\nNous pouvons personnaliser la bouteille de sport en plastique selon vos besoins.<br \/>\nBienvenue \u00e0 l&#039;achat en gros, envoyez une demande maintenant !<\/p>","protected":false},"featured_media":4747,"comment_status":"open","ping_status":"closed","template":"","meta":{"_acf_changed":false},"product_brand":[],"product_cat":[309],"product_tag":[32,36,33,31,377,39,38,29,37,374,34,35,28,346,111,375,213,376,30],"class_list":{"0":"post-4746","1":"product","2":"type-product","3":"status-publish","4":"has-post-thumbnail","6":"product_cat-plastic-water-bottle","7":"product_tag-best","8":"product_tag-bulk","9":"product_tag-buy","10":"product_tag-custom","11":"product_tag-custom-plastic-water-bottle","12":"product_tag-for-sale","13":"product_tag-good-quality","14":"product_tag-manufacturers","15":"product_tag-manufacturing","16":"product_tag-plastic-water-bottle-with-fruit-infuser","17":"product_tag-price","18":"product_tag-small","19":"product_tag-suppliers","20":"product_tag-tumbler-water-bottle","21":"product_tag-water-bottle-2l","22":"product_tag-water-bottle-for-sports","23":"product_tag-water-bottle-plastic-300ml","24":"product_tag-water-bottles-for-girls","25":"product_tag-wholesale","27":"first","28":"instock","29":"shipping-taxable","30":"product-type-simple"},"acf":[],"yoast_head":"<!-- This site is optimized with the Yoast SEO Premium plugin v27.5 (Yoast SEO v27.5) - https:\/\/yoast.com\/product\/yoast-seo-premium-wordpress\/ -->\n<title>Plastic Water Bottle With Fruit Infuser - Diller Water Bottle Manufacturer<\/title>\n<meta name=\"description\" content=\"As one of the best plastic water bottle with fruit infuser manufacturers and suppliers, we are engaged in manufacturing good quality water bottles. We warmly welcome you to wholesale or buy custom made plastic water bottle with fruit infuser at competitive price from us. Also, small quantity orders are acceptable.\" \/>\n<meta name=\"robots\" content=\"index, follow, max-snippet:-1, max-image-preview:large, max-video-preview:-1\" \/>\n<link rel=\"canonical\" href=\"https:\/\/www.dillerbottle.com\/fr\/produits\/bouteille-deau-en-plastique-avec-infuseur-de-fruits\" \/>\n<meta property=\"og:locale\" content=\"fr_FR\" \/>\n<meta property=\"og:type\" content=\"article\" \/>\n<meta property=\"og:title\" content=\"Plastic Water Bottle With Fruit Infuser\" \/>\n<meta property=\"og:description\" content=\"As one of the best plastic water bottle with fruit infuser manufacturers and suppliers, we are engaged in manufacturing good quality water bottles. We warmly welcome you to wholesale or buy custom made plastic water bottle with fruit infuser at competitive price from us. Also, small quantity orders are acceptable.\" \/>\n<meta property=\"og:url\" content=\"https:\/\/www.dillerbottle.com\/fr\/produits\/bouteille-deau-en-plastique-avec-infuseur-de-fruits\" \/>\n<meta property=\"og:site_name\" content=\"Diller Water Bottle Manufacturer\" \/>\n<meta property=\"article:modified_time\" content=\"2025-07-10T06:09:09+00:00\" \/>\n<meta property=\"og:image\" content=\"https:\/\/www.dillerbottle.com\/wp-content\/uploads\/2024\/09\/plastic-water-bottle-with-fruit-infuser25dede71-cc09-4305-8358-058f241c5ac3.jpg\" \/>\n\t<meta property=\"og:image:width\" content=\"730\" \/>\n\t<meta property=\"og:image:height\" content=\"730\" \/>\n\t<meta property=\"og:image:type\" content=\"image\/jpeg\" \/>\n<meta name=\"twitter:card\" content=\"summary_large_image\" \/>\n<meta name=\"twitter:label1\" content=\"Dur\u00e9e de lecture estim\u00e9e\" \/>\n\t<meta name=\"twitter:data1\" content=\"6 minutes\" \/>\n<script type=\"application\/ld+json\" class=\"yoast-schema-graph\">{\"@context\":\"https:\\\/\\\/schema.org\",\"@graph\":[{\"@type\":\"WebPage\",\"@id\":\"https:\\\/\\\/www.dillerbottle.com\\\/ru\\\/%d0%bf%d1%80%d0%be%d0%b4%d1%83%d0%ba%d1%82%d1%8b\\\/%d0%bf%d0%bb%d0%b0%d1%81%d1%82%d0%b8%d0%ba%d0%be%d0%b2%d0%b0%d1%8f-%d0%b1%d1%83%d1%82%d1%8b%d0%bb%d0%ba%d0%b0-%d0%b4%d0%bb%d1%8f-%d0%b2%d0%be%d0%b4%d1%8b-%d1%81-%d1%81%d0%b8%d1%82%d0%b5%d1%87%d0%ba\",\"url\":\"https:\\\/\\\/www.dillerbottle.com\\\/ru\\\/%d0%bf%d1%80%d0%be%d0%b4%d1%83%d0%ba%d1%82%d1%8b\\\/%d0%bf%d0%bb%d0%b0%d1%81%d1%82%d0%b8%d0%ba%d0%be%d0%b2%d0%b0%d1%8f-%d0%b1%d1%83%d1%82%d1%8b%d0%bb%d0%ba%d0%b0-%d0%b4%d0%bb%d1%8f-%d0%b2%d0%be%d0%b4%d1%8b-%d1%81-%d1%81%d0%b8%d1%82%d0%b5%d1%87%d0%ba\",\"name\":\"Plastic Water Bottle With Fruit Infuser - Diller Water Bottle Manufacturer\",\"isPartOf\":{\"@id\":\"https:\\\/\\\/www.dillerbottle.com\\\/#website\"},\"primaryImageOfPage\":{\"@id\":\"https:\\\/\\\/www.dillerbottle.com\\\/ru\\\/%d0%bf%d1%80%d0%be%d0%b4%d1%83%d0%ba%d1%82%d1%8b\\\/%d0%bf%d0%bb%d0%b0%d1%81%d1%82%d0%b8%d0%ba%d0%be%d0%b2%d0%b0%d1%8f-%d0%b1%d1%83%d1%82%d1%8b%d0%bb%d0%ba%d0%b0-%d0%b4%d0%bb%d1%8f-%d0%b2%d0%be%d0%b4%d1%8b-%d1%81-%d1%81%d0%b8%d1%82%d0%b5%d1%87%d0%ba#primaryimage\"},\"image\":{\"@id\":\"https:\\\/\\\/www.dillerbottle.com\\\/ru\\\/%d0%bf%d1%80%d0%be%d0%b4%d1%83%d0%ba%d1%82%d1%8b\\\/%d0%bf%d0%bb%d0%b0%d1%81%d1%82%d0%b8%d0%ba%d0%be%d0%b2%d0%b0%d1%8f-%d0%b1%d1%83%d1%82%d1%8b%d0%bb%d0%ba%d0%b0-%d0%b4%d0%bb%d1%8f-%d0%b2%d0%be%d0%b4%d1%8b-%d1%81-%d1%81%d0%b8%d1%82%d0%b5%d1%87%d0%ba#primaryimage\"},\"thumbnailUrl\":\"https:\\\/\\\/www.dillerbottle.com\\\/wp-content\\\/uploads\\\/2024\\\/09\\\/plastic-water-bottle-with-fruit-infuser25dede71-cc09-4305-8358-058f241c5ac3.jpg\",\"datePublished\":\"2024-09-27T09:48:58+00:00\",\"dateModified\":\"2025-07-10T06:09:09+00:00\",\"description\":\"As one of the best plastic water bottle with fruit infuser manufacturers and suppliers, we are engaged in manufacturing good quality water bottles. We warmly welcome you to wholesale or buy custom made plastic water bottle with fruit infuser at competitive price from us. Also, small quantity orders are acceptable.\",\"breadcrumb\":{\"@id\":\"https:\\\/\\\/www.dillerbottle.com\\\/ru\\\/%d0%bf%d1%80%d0%be%d0%b4%d1%83%d0%ba%d1%82%d1%8b\\\/%d0%bf%d0%bb%d0%b0%d1%81%d1%82%d0%b8%d0%ba%d0%be%d0%b2%d0%b0%d1%8f-%d0%b1%d1%83%d1%82%d1%8b%d0%bb%d0%ba%d0%b0-%d0%b4%d0%bb%d1%8f-%d0%b2%d0%be%d0%b4%d1%8b-%d1%81-%d1%81%d0%b8%d1%82%d0%b5%d1%87%d0%ba#breadcrumb\"},\"inLanguage\":\"fr-FR\",\"potentialAction\":[{\"@type\":\"ReadAction\",\"target\":[\"https:\\\/\\\/www.dillerbottle.com\\\/ru\\\/%d0%bf%d1%80%d0%be%d0%b4%d1%83%d0%ba%d1%82%d1%8b\\\/%d0%bf%d0%bb%d0%b0%d1%81%d1%82%d0%b8%d0%ba%d0%be%d0%b2%d0%b0%d1%8f-%d0%b1%d1%83%d1%82%d1%8b%d0%bb%d0%ba%d0%b0-%d0%b4%d0%bb%d1%8f-%d0%b2%d0%be%d0%b4%d1%8b-%d1%81-%d1%81%d0%b8%d1%82%d0%b5%d1%87%d0%ba\"]}]},{\"@type\":\"ImageObject\",\"inLanguage\":\"fr-FR\",\"@id\":\"https:\\\/\\\/www.dillerbottle.com\\\/ru\\\/%d0%bf%d1%80%d0%be%d0%b4%d1%83%d0%ba%d1%82%d1%8b\\\/%d0%bf%d0%bb%d0%b0%d1%81%d1%82%d0%b8%d0%ba%d0%be%d0%b2%d0%b0%d1%8f-%d0%b1%d1%83%d1%82%d1%8b%d0%bb%d0%ba%d0%b0-%d0%b4%d0%bb%d1%8f-%d0%b2%d0%be%d0%b4%d1%8b-%d1%81-%d1%81%d0%b8%d1%82%d0%b5%d1%87%d0%ba#primaryimage\",\"url\":\"https:\\\/\\\/www.dillerbottle.com\\\/wp-content\\\/uploads\\\/2024\\\/09\\\/plastic-water-bottle-with-fruit-infuser25dede71-cc09-4305-8358-058f241c5ac3.jpg\",\"contentUrl\":\"https:\\\/\\\/www.dillerbottle.com\\\/wp-content\\\/uploads\\\/2024\\\/09\\\/plastic-water-bottle-with-fruit-infuser25dede71-cc09-4305-8358-058f241c5ac3.jpg\",\"width\":730,\"height\":730},{\"@type\":\"BreadcrumbList\",\"@id\":\"https:\\\/\\\/www.dillerbottle.com\\\/ru\\\/%d0%bf%d1%80%d0%be%d0%b4%d1%83%d0%ba%d1%82%d1%8b\\\/%d0%bf%d0%bb%d0%b0%d1%81%d1%82%d0%b8%d0%ba%d0%be%d0%b2%d0%b0%d1%8f-%d0%b1%d1%83%d1%82%d1%8b%d0%bb%d0%ba%d0%b0-%d0%b4%d0%bb%d1%8f-%d0%b2%d0%be%d0%b4%d1%8b-%d1%81-%d1%81%d0%b8%d1%82%d0%b5%d1%87%d0%ba#breadcrumb\",\"itemListElement\":[{\"@type\":\"ListItem\",\"position\":1,\"name\":\"Home\",\"item\":\"https:\\\/\\\/www.dillerbottle.com\\\/\"},{\"@type\":\"ListItem\",\"position\":2,\"name\":\"Products\",\"item\":\"https:\\\/\\\/www.dillerbottle.com\\\/shop\"},{\"@type\":\"ListItem\",\"position\":3,\"name\":\"Plastic Water Bottle With Fruit Infuser\"}]},{\"@type\":\"WebSite\",\"@id\":\"https:\\\/\\\/www.dillerbottle.com\\\/#website\",\"url\":\"https:\\\/\\\/www.dillerbottle.com\\\/\",\"name\":\"Diller Water Bottle Manufacturer\",\"description\":\"Water Bottle Manufacturer\",\"publisher\":{\"@id\":\"https:\\\/\\\/www.dillerbottle.com\\\/#organization\"},\"potentialAction\":[{\"@type\":\"SearchAction\",\"target\":{\"@type\":\"EntryPoint\",\"urlTemplate\":\"https:\\\/\\\/www.dillerbottle.com\\\/?s={search_term_string}\"},\"query-input\":{\"@type\":\"PropertyValueSpecification\",\"valueRequired\":true,\"valueName\":\"search_term_string\"}}],\"inLanguage\":\"fr-FR\"},{\"@type\":\"Organization\",\"@id\":\"https:\\\/\\\/www.dillerbottle.com\\\/#organization\",\"name\":\"Diller Water Bottle Manufacturer\",\"url\":\"https:\\\/\\\/www.dillerbottle.com\\\/\",\"logo\":{\"@type\":\"ImageObject\",\"inLanguage\":\"fr-FR\",\"@id\":\"https:\\\/\\\/www.dillerbottle.com\\\/#\\\/schema\\\/logo\\\/image\\\/\",\"url\":\"https:\\\/\\\/www.dillerbottle.com\\\/wp-content\\\/uploads\\\/2024\\\/09\\\/49918bfa848dcc1e9f8b509933603ac.png\",\"contentUrl\":\"https:\\\/\\\/www.dillerbottle.com\\\/wp-content\\\/uploads\\\/2024\\\/09\\\/49918bfa848dcc1e9f8b509933603ac.png\",\"width\":988,\"height\":198,\"caption\":\"Diller Water Bottle Manufacturer\"},\"image\":{\"@id\":\"https:\\\/\\\/www.dillerbottle.com\\\/#\\\/schema\\\/logo\\\/image\\\/\"}}]}<\/script>\n<!-- \/ Yoast SEO Premium plugin. -->","yoast_head_json":{"title":"Bouteille d&#039;eau en plastique avec infuseur \u00e0 fruits - Fabricant de bouteilles d&#039;eau Diller","description":"En tant que l&#039;un des meilleurs fabricants et fournisseurs de bouteilles d&#039;eau en plastique avec infuseur \u00e0 fruits, nous sommes engag\u00e9s dans la fabrication de bouteilles d&#039;eau de bonne qualit\u00e9. Nous vous invitons chaleureusement \u00e0 vendre en gros ou \u00e0 acheter chez nous une bouteille d&#039;eau en plastique sur mesure avec infuseur \u00e0 fruits \u00e0 un prix comp\u00e9titif. De plus, les commandes en petites quantit\u00e9s sont acceptables.","robots":{"index":"index","follow":"follow","max-snippet":"max-snippet:-1","max-image-preview":"max-image-preview:large","max-video-preview":"max-video-preview:-1"},"canonical":"https:\/\/www.dillerbottle.com\/fr\/produits\/bouteille-deau-en-plastique-avec-infuseur-de-fruits","og_locale":"fr_FR","og_type":"article","og_title":"Plastic Water Bottle With Fruit Infuser","og_description":"As one of the best plastic water bottle with fruit infuser manufacturers and suppliers, we are engaged in manufacturing good quality water bottles. We warmly welcome you to wholesale or buy custom made plastic water bottle with fruit infuser at competitive price from us. Also, small quantity orders are acceptable.","og_url":"https:\/\/www.dillerbottle.com\/fr\/produits\/bouteille-deau-en-plastique-avec-infuseur-de-fruits","og_site_name":"Diller Water Bottle Manufacturer","article_modified_time":"2025-07-10T06:09:09+00:00","og_image":[{"width":730,"height":730,"url":"https:\/\/www.dillerbottle.com\/wp-content\/uploads\/2024\/09\/plastic-water-bottle-with-fruit-infuser25dede71-cc09-4305-8358-058f241c5ac3.jpg","type":"image\/jpeg"}],"twitter_card":"summary_large_image","twitter_misc":{"Dur\u00e9e de lecture estim\u00e9e":"6 minutes"},"schema":{"@context":"https:\/\/schema.org","@graph":[{"@type":"WebPage","@id":"https:\/\/www.dillerbottle.com\/ru\/%d0%bf%d1%80%d0%be%d0%b4%d1%83%d0%ba%d1%82%d1%8b\/%d0%bf%d0%bb%d0%b0%d1%81%d1%82%d0%b8%d0%ba%d0%be%d0%b2%d0%b0%d1%8f-%d0%b1%d1%83%d1%82%d1%8b%d0%bb%d0%ba%d0%b0-%d0%b4%d0%bb%d1%8f-%d0%b2%d0%be%d0%b4%d1%8b-%d1%81-%d1%81%d0%b8%d1%82%d0%b5%d1%87%d0%ba","url":"https:\/\/www.dillerbottle.com\/ru\/%d0%bf%d1%80%d0%be%d0%b4%d1%83%d0%ba%d1%82%d1%8b\/%d0%bf%d0%bb%d0%b0%d1%81%d1%82%d0%b8%d0%ba%d0%be%d0%b2%d0%b0%d1%8f-%d0%b1%d1%83%d1%82%d1%8b%d0%bb%d0%ba%d0%b0-%d0%b4%d0%bb%d1%8f-%d0%b2%d0%be%d0%b4%d1%8b-%d1%81-%d1%81%d0%b8%d1%82%d0%b5%d1%87%d0%ba","name":"Bouteille d&#039;eau en plastique avec infuseur \u00e0 fruits - Fabricant de bouteilles d&#039;eau Diller","isPartOf":{"@id":"https:\/\/www.dillerbottle.com\/#website"},"primaryImageOfPage":{"@id":"https:\/\/www.dillerbottle.com\/ru\/%d0%bf%d1%80%d0%be%d0%b4%d1%83%d0%ba%d1%82%d1%8b\/%d0%bf%d0%bb%d0%b0%d1%81%d1%82%d0%b8%d0%ba%d0%be%d0%b2%d0%b0%d1%8f-%d0%b1%d1%83%d1%82%d1%8b%d0%bb%d0%ba%d0%b0-%d0%b4%d0%bb%d1%8f-%d0%b2%d0%be%d0%b4%d1%8b-%d1%81-%d1%81%d0%b8%d1%82%d0%b5%d1%87%d0%ba#primaryimage"},"image":{"@id":"https:\/\/www.dillerbottle.com\/ru\/%d0%bf%d1%80%d0%be%d0%b4%d1%83%d0%ba%d1%82%d1%8b\/%d0%bf%d0%bb%d0%b0%d1%81%d1%82%d0%b8%d0%ba%d0%be%d0%b2%d0%b0%d1%8f-%d0%b1%d1%83%d1%82%d1%8b%d0%bb%d0%ba%d0%b0-%d0%b4%d0%bb%d1%8f-%d0%b2%d0%be%d0%b4%d1%8b-%d1%81-%d1%81%d0%b8%d1%82%d0%b5%d1%87%d0%ba#primaryimage"},"thumbnailUrl":"https:\/\/www.dillerbottle.com\/wp-content\/uploads\/2024\/09\/plastic-water-bottle-with-fruit-infuser25dede71-cc09-4305-8358-058f241c5ac3.jpg","datePublished":"2024-09-27T09:48:58+00:00","dateModified":"2025-07-10T06:09:09+00:00","description":"En tant que l&#039;un des meilleurs fabricants et fournisseurs de bouteilles d&#039;eau en plastique avec infuseur \u00e0 fruits, nous sommes engag\u00e9s dans la fabrication de bouteilles d&#039;eau de bonne qualit\u00e9. Nous vous invitons chaleureusement \u00e0 vendre en gros ou \u00e0 acheter chez nous une bouteille d&#039;eau en plastique sur mesure avec infuseur \u00e0 fruits \u00e0 un prix comp\u00e9titif. De plus, les commandes en petites quantit\u00e9s sont acceptables.","breadcrumb":{"@id":"https:\/\/www.dillerbottle.com\/ru\/%d0%bf%d1%80%d0%be%d0%b4%d1%83%d0%ba%d1%82%d1%8b\/%d0%bf%d0%bb%d0%b0%d1%81%d1%82%d0%b8%d0%ba%d0%be%d0%b2%d0%b0%d1%8f-%d0%b1%d1%83%d1%82%d1%8b%d0%bb%d0%ba%d0%b0-%d0%b4%d0%bb%d1%8f-%d0%b2%d0%be%d0%b4%d1%8b-%d1%81-%d1%81%d0%b8%d1%82%d0%b5%d1%87%d0%ba#breadcrumb"},"inLanguage":"fr-FR","potentialAction":[{"@type":"ReadAction","target":["https:\/\/www.dillerbottle.com\/ru\/%d0%bf%d1%80%d0%be%d0%b4%d1%83%d0%ba%d1%82%d1%8b\/%d0%bf%d0%bb%d0%b0%d1%81%d1%82%d0%b8%d0%ba%d0%be%d0%b2%d0%b0%d1%8f-%d0%b1%d1%83%d1%82%d1%8b%d0%bb%d0%ba%d0%b0-%d0%b4%d0%bb%d1%8f-%d0%b2%d0%be%d0%b4%d1%8b-%d1%81-%d1%81%d0%b8%d1%82%d0%b5%d1%87%d0%ba"]}]},{"@type":"ImageObject","inLanguage":"fr-FR","@id":"https:\/\/www.dillerbottle.com\/ru\/%d0%bf%d1%80%d0%be%d0%b4%d1%83%d0%ba%d1%82%d1%8b\/%d0%bf%d0%bb%d0%b0%d1%81%d1%82%d0%b8%d0%ba%d0%be%d0%b2%d0%b0%d1%8f-%d0%b1%d1%83%d1%82%d1%8b%d0%bb%d0%ba%d0%b0-%d0%b4%d0%bb%d1%8f-%d0%b2%d0%be%d0%b4%d1%8b-%d1%81-%d1%81%d0%b8%d1%82%d0%b5%d1%87%d0%ba#primaryimage","url":"https:\/\/www.dillerbottle.com\/wp-content\/uploads\/2024\/09\/plastic-water-bottle-with-fruit-infuser25dede71-cc09-4305-8358-058f241c5ac3.jpg","contentUrl":"https:\/\/www.dillerbottle.com\/wp-content\/uploads\/2024\/09\/plastic-water-bottle-with-fruit-infuser25dede71-cc09-4305-8358-058f241c5ac3.jpg","width":730,"height":730},{"@type":"BreadcrumbList","@id":"https:\/\/www.dillerbottle.com\/ru\/%d0%bf%d1%80%d0%be%d0%b4%d1%83%d0%ba%d1%82%d1%8b\/%d0%bf%d0%bb%d0%b0%d1%81%d1%82%d0%b8%d0%ba%d0%be%d0%b2%d0%b0%d1%8f-%d0%b1%d1%83%d1%82%d1%8b%d0%bb%d0%ba%d0%b0-%d0%b4%d0%bb%d1%8f-%d0%b2%d0%be%d0%b4%d1%8b-%d1%81-%d1%81%d0%b8%d1%82%d0%b5%d1%87%d0%ba#breadcrumb","itemListElement":[{"@type":"ListItem","position":1,"name":"Home","item":"https:\/\/www.dillerbottle.com\/"},{"@type":"ListItem","position":2,"name":"Products","item":"https:\/\/www.dillerbottle.com\/shop"},{"@type":"ListItem","position":3,"name":"Plastic Water Bottle With Fruit Infuser"}]},{"@type":"WebSite","@id":"https:\/\/www.dillerbottle.com\/#website","url":"https:\/\/www.dillerbottle.com\/","name":"Fabricant de bouteilles d&#039;eau Diller","description":"Fabricant de bouteilles d&#039;eau","publisher":{"@id":"https:\/\/www.dillerbottle.com\/#organization"},"potentialAction":[{"@type":"SearchAction","target":{"@type":"EntryPoint","urlTemplate":"https:\/\/www.dillerbottle.com\/?s={search_term_string}"},"query-input":{"@type":"PropertyValueSpecification","valueRequired":true,"valueName":"search_term_string"}}],"inLanguage":"fr-FR"},{"@type":"Organization","@id":"https:\/\/www.dillerbottle.com\/#organization","name":"Fabricant de bouteilles d&#039;eau Diller","url":"https:\/\/www.dillerbottle.com\/","logo":{"@type":"ImageObject","inLanguage":"fr-FR","@id":"https:\/\/www.dillerbottle.com\/#\/schema\/logo\/image\/","url":"https:\/\/www.dillerbottle.com\/wp-content\/uploads\/2024\/09\/49918bfa848dcc1e9f8b509933603ac.png","contentUrl":"https:\/\/www.dillerbottle.com\/wp-content\/uploads\/2024\/09\/49918bfa848dcc1e9f8b509933603ac.png","width":988,"height":198,"caption":"Diller Water Bottle Manufacturer"},"image":{"@id":"https:\/\/www.dillerbottle.com\/#\/schema\/logo\/image\/"}}]}},"_links":{"self":[{"href":"https:\/\/www.dillerbottle.com\/fr\/wp-json\/wp\/v2\/product\/4746","targetHints":{"allow":["GET"]}}],"collection":[{"href":"https:\/\/www.dillerbottle.com\/fr\/wp-json\/wp\/v2\/product"}],"about":[{"href":"https:\/\/www.dillerbottle.com\/fr\/wp-json\/wp\/v2\/types\/product"}],"replies":[{"embeddable":true,"href":"https:\/\/www.dillerbottle.com\/fr\/wp-json\/wp\/v2\/comments?post=4746"}],"wp:featuredmedia":[{"embeddable":true,"href":"https:\/\/www.dillerbottle.com\/fr\/wp-json\/wp\/v2\/media\/4747"}],"wp:attachment":[{"href":"https:\/\/www.dillerbottle.com\/fr\/wp-json\/wp\/v2\/media?parent=4746"}],"wp:term":[{"taxonomy":"product_brand","embeddable":true,"href":"https:\/\/www.dillerbottle.com\/fr\/wp-json\/wp\/v2\/product_brand?post=4746"},{"taxonomy":"product_cat","embeddable":true,"href":"https:\/\/www.dillerbottle.com\/fr\/wp-json\/wp\/v2\/product_cat?post=4746"},{"taxonomy":"product_tag","embeddable":true,"href":"https:\/\/www.dillerbottle.com\/fr\/wp-json\/wp\/v2\/product_tag?post=4746"}],"curies":[{"name":"wp","href":"https:\/\/api.w.org\/{rel}","templated":true}]}}