{"id":5424,"date":"2024-09-27T17:57:57","date_gmt":"2024-09-27T09:57:57","guid":{"rendered":"https:\/\/demo.dillerbottle.com\/uncategorized\/sports-water-bottle-with-straw"},"modified":"2025-07-10T11:54:42","modified_gmt":"2025-07-10T03:54:42","slug":"bouteille-deau-de-sport-avec-paille","status":"publish","type":"product","link":"https:\/\/www.dillerbottle.com\/fr\/products\/sports-water-bottle-with-straw","title":{"rendered":"Bouteille d&#039;eau de sport avec paille"},"content":{"rendered":"<p>Caract\u00e9ristiques de la bouteille d&#039;eau de sport avec paille : 1. La bouteille d&#039;eau de sport est fabriqu\u00e9e en plastique tritan 100% sans BPA et sans toxines, saine pour la consommation d&#039;eau quotidienne. Parfait pour la randonn\u00e9e, le v\u00e9lo, le camping, la course \u00e0 pied, le yoga ou tout autre sport \u00e0 la maison.<br \/>\n2.;Le couvercle rabattable \u00e0 bouton-poussoir anti-fuite est con\u00e7u avec un verrouillage s\u00e9curis\u00e9, il suffit de l&#039;ouvrir d&#039;une seule main en cliquant sur le bouton. Dot\u00e9 d&#039;une paille en silicone qui vous permet de siroter sans d\u00e9versement.<br \/>\n3.;Cette bouteille d&#039;eau de sport de 400 ml \/ 1100 ml avec paille est suffisamment grande pour aider \u00e0 transporter l&#039;eau pour les besoins d&#039;hydratation quotidiens afin de rester hydrat\u00e9 pendant les activit\u00e9s de la journ\u00e9e.<br \/>\n4.;La conception de l&#039;ensemble du corps de la bouteille est plus conforme aux habitudes d&#039;utilisation de la plupart des gens, offrant une prise en main plus confortable.5.;La poign\u00e9e rotative int\u00e9gr\u00e9e est plus pratique et plus belle.<\/p>","protected":false},"excerpt":{"rendered":"<p>Caract\u00e9ristiques de la bouteille d&#039;eau de sport avec paille : 1.<br \/>\nLa bouteille d&#039;eau de sport est fabriqu\u00e9e en plastique tritan 100% sans BPA ni toxines, saine pour la consommation d&#039;eau quotidienne.<br \/>\nParfait pour la randonn\u00e9e, le v\u00e9lo, le v\u00e9lo, le camping, la course \u00e0 pied, le yoga ou tout autre sport \u00e0 la maison.<br \/>\n2.<br \/>\nLe couvercle \u00e0 rabat \u00e9tanche \u00e0 bouton-poussoir est\u2026<\/p>","protected":false},"featured_media":5425,"comment_status":"open","ping_status":"closed","template":"","meta":{"_acf_changed":false},"product_brand":[],"product_cat":[309],"product_tag":[365,32,36,33,31,335,39,38,443,29,37,401,34,35,340,353,28,342,30],"class_list":{"0":"post-5424","1":"product","2":"type-product","3":"status-publish","4":"has-post-thumbnail","6":"product_cat-plastic-water-bottle","7":"product_tag-2-2l-water-bottle","8":"product_tag-best","9":"product_tag-bulk","10":"product_tag-buy","11":"product_tag-custom","12":"product_tag-custom-sports-water-bottle","13":"product_tag-for-sale","14":"product_tag-good-quality","15":"product_tag-innovative-water-bottle","16":"product_tag-manufacturers","17":"product_tag-manufacturing","18":"product_tag-plastic-water-bottle-cute-plastic-water-bottle","19":"product_tag-price","20":"product_tag-small","21":"product_tag-sports-water-bottle-with-straw","22":"product_tag-square-water-bottles-with-custom-logo","23":"product_tag-suppliers","24":"product_tag-tritan-plastic-water-bottle","25":"product_tag-wholesale","27":"first","28":"instock","29":"shipping-taxable","30":"product-type-simple"},"acf":[],"yoast_head":"<!-- This site is optimized with the Yoast SEO Premium plugin v27.5 (Yoast SEO v27.5) - https:\/\/yoast.com\/product\/yoast-seo-premium-wordpress\/ -->\n<title>Sports Water Bottle With Straw - Diller Water Bottle Manufacturer<\/title>\n<meta name=\"description\" content=\"As one of the best sports water bottle with straw manufacturers and suppliers, we are engaged in manufacturing good quality water bottles. We warmly welcome you to wholesale or buy custom made sports water bottle with straw at competitive price from us. Also, small quantity orders are acceptable.\" \/>\n<meta name=\"robots\" content=\"index, follow, max-snippet:-1, max-image-preview:large, max-video-preview:-1\" \/>\n<link rel=\"canonical\" href=\"https:\/\/www.dillerbottle.com\/fr\/produits\/bouteille-deau-de-sport-avec-paille\" \/>\n<meta property=\"og:locale\" content=\"fr_FR\" \/>\n<meta property=\"og:type\" content=\"article\" \/>\n<meta property=\"og:title\" content=\"Sports Water Bottle With Straw\" \/>\n<meta property=\"og:description\" content=\"As one of the best sports water bottle with straw manufacturers and suppliers, we are engaged in manufacturing good quality water bottles. We warmly welcome you to wholesale or buy custom made sports water bottle with straw at competitive price from us. Also, small quantity orders are acceptable.\" \/>\n<meta property=\"og:url\" content=\"https:\/\/www.dillerbottle.com\/fr\/produits\/bouteille-deau-de-sport-avec-paille\" \/>\n<meta property=\"og:site_name\" content=\"Diller Water Bottle Manufacturer\" \/>\n<meta property=\"article:modified_time\" content=\"2025-07-10T03:54:42+00:00\" \/>\n<meta property=\"og:image\" content=\"https:\/\/www.dillerbottle.com\/wp-content\/uploads\/2024\/09\/sports-water-bottle-with-straw00284366900.jpg\" \/>\n\t<meta property=\"og:image:width\" content=\"730\" \/>\n\t<meta property=\"og:image:height\" content=\"730\" \/>\n\t<meta property=\"og:image:type\" content=\"image\/jpeg\" \/>\n<meta name=\"twitter:card\" content=\"summary_large_image\" \/>\n<meta name=\"twitter:label1\" content=\"Dur\u00e9e de lecture estim\u00e9e\" \/>\n\t<meta name=\"twitter:data1\" content=\"3 minutes\" \/>\n<script type=\"application\/ld+json\" class=\"yoast-schema-graph\">{\"@context\":\"https:\\\/\\\/schema.org\",\"@graph\":[{\"@type\":\"WebPage\",\"@id\":\"https:\\\/\\\/www.dillerbottle.com\\\/th\\\/%e0%b8%aa%e0%b8%b4%e0%b8%99%e0%b8%84%e0%b9%89%e0%b8%b2\\\/%e0%b8%82%e0%b8%a7%e0%b8%94%e0%b8%99%e0%b9%89%e0%b8%b3%e0%b8%aa%e0%b8%b3%e0%b8%ab%e0%b8%a3%e0%b8%b1%e0%b8%9a%e0%b9%80%e0%b8%a5%e0%b9%88%e0%b8%99%e0%b8%81%e0%b8%b5%e0%b8%ac%e0%b8%b2%e0%b8%9e%e0%b8%a3\",\"url\":\"https:\\\/\\\/www.dillerbottle.com\\\/th\\\/%e0%b8%aa%e0%b8%b4%e0%b8%99%e0%b8%84%e0%b9%89%e0%b8%b2\\\/%e0%b8%82%e0%b8%a7%e0%b8%94%e0%b8%99%e0%b9%89%e0%b8%b3%e0%b8%aa%e0%b8%b3%e0%b8%ab%e0%b8%a3%e0%b8%b1%e0%b8%9a%e0%b9%80%e0%b8%a5%e0%b9%88%e0%b8%99%e0%b8%81%e0%b8%b5%e0%b8%ac%e0%b8%b2%e0%b8%9e%e0%b8%a3\",\"name\":\"Sports Water Bottle With Straw - Diller Water Bottle Manufacturer\",\"isPartOf\":{\"@id\":\"https:\\\/\\\/www.dillerbottle.com\\\/#website\"},\"primaryImageOfPage\":{\"@id\":\"https:\\\/\\\/www.dillerbottle.com\\\/th\\\/%e0%b8%aa%e0%b8%b4%e0%b8%99%e0%b8%84%e0%b9%89%e0%b8%b2\\\/%e0%b8%82%e0%b8%a7%e0%b8%94%e0%b8%99%e0%b9%89%e0%b8%b3%e0%b8%aa%e0%b8%b3%e0%b8%ab%e0%b8%a3%e0%b8%b1%e0%b8%9a%e0%b9%80%e0%b8%a5%e0%b9%88%e0%b8%99%e0%b8%81%e0%b8%b5%e0%b8%ac%e0%b8%b2%e0%b8%9e%e0%b8%a3#primaryimage\"},\"image\":{\"@id\":\"https:\\\/\\\/www.dillerbottle.com\\\/th\\\/%e0%b8%aa%e0%b8%b4%e0%b8%99%e0%b8%84%e0%b9%89%e0%b8%b2\\\/%e0%b8%82%e0%b8%a7%e0%b8%94%e0%b8%99%e0%b9%89%e0%b8%b3%e0%b8%aa%e0%b8%b3%e0%b8%ab%e0%b8%a3%e0%b8%b1%e0%b8%9a%e0%b9%80%e0%b8%a5%e0%b9%88%e0%b8%99%e0%b8%81%e0%b8%b5%e0%b8%ac%e0%b8%b2%e0%b8%9e%e0%b8%a3#primaryimage\"},\"thumbnailUrl\":\"https:\\\/\\\/www.dillerbottle.com\\\/wp-content\\\/uploads\\\/2024\\\/09\\\/sports-water-bottle-with-straw00284366900.jpg\",\"datePublished\":\"2024-09-27T09:57:57+00:00\",\"dateModified\":\"2025-07-10T03:54:42+00:00\",\"description\":\"As one of the best sports water bottle with straw manufacturers and suppliers, we are engaged in manufacturing good quality water bottles. We warmly welcome you to wholesale or buy custom made sports water bottle with straw at competitive price from us. Also, small quantity orders are acceptable.\",\"breadcrumb\":{\"@id\":\"https:\\\/\\\/www.dillerbottle.com\\\/th\\\/%e0%b8%aa%e0%b8%b4%e0%b8%99%e0%b8%84%e0%b9%89%e0%b8%b2\\\/%e0%b8%82%e0%b8%a7%e0%b8%94%e0%b8%99%e0%b9%89%e0%b8%b3%e0%b8%aa%e0%b8%b3%e0%b8%ab%e0%b8%a3%e0%b8%b1%e0%b8%9a%e0%b9%80%e0%b8%a5%e0%b9%88%e0%b8%99%e0%b8%81%e0%b8%b5%e0%b8%ac%e0%b8%b2%e0%b8%9e%e0%b8%a3#breadcrumb\"},\"inLanguage\":\"fr-FR\",\"potentialAction\":[{\"@type\":\"ReadAction\",\"target\":[\"https:\\\/\\\/www.dillerbottle.com\\\/th\\\/%e0%b8%aa%e0%b8%b4%e0%b8%99%e0%b8%84%e0%b9%89%e0%b8%b2\\\/%e0%b8%82%e0%b8%a7%e0%b8%94%e0%b8%99%e0%b9%89%e0%b8%b3%e0%b8%aa%e0%b8%b3%e0%b8%ab%e0%b8%a3%e0%b8%b1%e0%b8%9a%e0%b9%80%e0%b8%a5%e0%b9%88%e0%b8%99%e0%b8%81%e0%b8%b5%e0%b8%ac%e0%b8%b2%e0%b8%9e%e0%b8%a3\"]}]},{\"@type\":\"ImageObject\",\"inLanguage\":\"fr-FR\",\"@id\":\"https:\\\/\\\/www.dillerbottle.com\\\/th\\\/%e0%b8%aa%e0%b8%b4%e0%b8%99%e0%b8%84%e0%b9%89%e0%b8%b2\\\/%e0%b8%82%e0%b8%a7%e0%b8%94%e0%b8%99%e0%b9%89%e0%b8%b3%e0%b8%aa%e0%b8%b3%e0%b8%ab%e0%b8%a3%e0%b8%b1%e0%b8%9a%e0%b9%80%e0%b8%a5%e0%b9%88%e0%b8%99%e0%b8%81%e0%b8%b5%e0%b8%ac%e0%b8%b2%e0%b8%9e%e0%b8%a3#primaryimage\",\"url\":\"https:\\\/\\\/www.dillerbottle.com\\\/wp-content\\\/uploads\\\/2024\\\/09\\\/sports-water-bottle-with-straw00284366900.jpg\",\"contentUrl\":\"https:\\\/\\\/www.dillerbottle.com\\\/wp-content\\\/uploads\\\/2024\\\/09\\\/sports-water-bottle-with-straw00284366900.jpg\",\"width\":730,\"height\":730},{\"@type\":\"BreadcrumbList\",\"@id\":\"https:\\\/\\\/www.dillerbottle.com\\\/th\\\/%e0%b8%aa%e0%b8%b4%e0%b8%99%e0%b8%84%e0%b9%89%e0%b8%b2\\\/%e0%b8%82%e0%b8%a7%e0%b8%94%e0%b8%99%e0%b9%89%e0%b8%b3%e0%b8%aa%e0%b8%b3%e0%b8%ab%e0%b8%a3%e0%b8%b1%e0%b8%9a%e0%b9%80%e0%b8%a5%e0%b9%88%e0%b8%99%e0%b8%81%e0%b8%b5%e0%b8%ac%e0%b8%b2%e0%b8%9e%e0%b8%a3#breadcrumb\",\"itemListElement\":[{\"@type\":\"ListItem\",\"position\":1,\"name\":\"Home\",\"item\":\"https:\\\/\\\/www.dillerbottle.com\\\/\"},{\"@type\":\"ListItem\",\"position\":2,\"name\":\"Products\",\"item\":\"https:\\\/\\\/www.dillerbottle.com\\\/shop\"},{\"@type\":\"ListItem\",\"position\":3,\"name\":\"Sports Water Bottle With Straw\"}]},{\"@type\":\"WebSite\",\"@id\":\"https:\\\/\\\/www.dillerbottle.com\\\/#website\",\"url\":\"https:\\\/\\\/www.dillerbottle.com\\\/\",\"name\":\"Diller Water Bottle Manufacturer\",\"description\":\"Water Bottle Manufacturer\",\"publisher\":{\"@id\":\"https:\\\/\\\/www.dillerbottle.com\\\/#organization\"},\"potentialAction\":[{\"@type\":\"SearchAction\",\"target\":{\"@type\":\"EntryPoint\",\"urlTemplate\":\"https:\\\/\\\/www.dillerbottle.com\\\/?s={search_term_string}\"},\"query-input\":{\"@type\":\"PropertyValueSpecification\",\"valueRequired\":true,\"valueName\":\"search_term_string\"}}],\"inLanguage\":\"fr-FR\"},{\"@type\":\"Organization\",\"@id\":\"https:\\\/\\\/www.dillerbottle.com\\\/#organization\",\"name\":\"Diller Water Bottle Manufacturer\",\"url\":\"https:\\\/\\\/www.dillerbottle.com\\\/\",\"logo\":{\"@type\":\"ImageObject\",\"inLanguage\":\"fr-FR\",\"@id\":\"https:\\\/\\\/www.dillerbottle.com\\\/#\\\/schema\\\/logo\\\/image\\\/\",\"url\":\"https:\\\/\\\/www.dillerbottle.com\\\/wp-content\\\/uploads\\\/2024\\\/09\\\/49918bfa848dcc1e9f8b509933603ac.png\",\"contentUrl\":\"https:\\\/\\\/www.dillerbottle.com\\\/wp-content\\\/uploads\\\/2024\\\/09\\\/49918bfa848dcc1e9f8b509933603ac.png\",\"width\":988,\"height\":198,\"caption\":\"Diller Water Bottle Manufacturer\"},\"image\":{\"@id\":\"https:\\\/\\\/www.dillerbottle.com\\\/#\\\/schema\\\/logo\\\/image\\\/\"}}]}<\/script>\n<!-- \/ Yoast SEO Premium plugin. -->","yoast_head_json":{"title":"Bouteille d&#039;eau de sport avec paille - Fabricant de bouteilles d&#039;eau Diller","description":"En tant que l&#039;un des meilleurs fabricants et fournisseurs de bouteilles d&#039;eau de sport avec paille, nous sommes engag\u00e9s dans la fabrication de bouteilles d&#039;eau de bonne qualit\u00e9. Nous vous invitons chaleureusement \u00e0 vendre en gros ou \u00e0 acheter chez nous des bouteilles d&#039;eau de sport sur mesure avec paille \u00e0 un prix comp\u00e9titif. De plus, les commandes en petites quantit\u00e9s sont acceptables.","robots":{"index":"index","follow":"follow","max-snippet":"max-snippet:-1","max-image-preview":"max-image-preview:large","max-video-preview":"max-video-preview:-1"},"canonical":"https:\/\/www.dillerbottle.com\/fr\/produits\/bouteille-deau-de-sport-avec-paille","og_locale":"fr_FR","og_type":"article","og_title":"Sports Water Bottle With Straw","og_description":"As one of the best sports water bottle with straw manufacturers and suppliers, we are engaged in manufacturing good quality water bottles. We warmly welcome you to wholesale or buy custom made sports water bottle with straw at competitive price from us. Also, small quantity orders are acceptable.","og_url":"https:\/\/www.dillerbottle.com\/fr\/produits\/bouteille-deau-de-sport-avec-paille","og_site_name":"Diller Water Bottle Manufacturer","article_modified_time":"2025-07-10T03:54:42+00:00","og_image":[{"width":730,"height":730,"url":"https:\/\/www.dillerbottle.com\/wp-content\/uploads\/2024\/09\/sports-water-bottle-with-straw00284366900.jpg","type":"image\/jpeg"}],"twitter_card":"summary_large_image","twitter_misc":{"Dur\u00e9e de lecture estim\u00e9e":"3 minutes"},"schema":{"@context":"https:\/\/schema.org","@graph":[{"@type":"WebPage","@id":"https:\/\/www.dillerbottle.com\/th\/%e0%b8%aa%e0%b8%b4%e0%b8%99%e0%b8%84%e0%b9%89%e0%b8%b2\/%e0%b8%82%e0%b8%a7%e0%b8%94%e0%b8%99%e0%b9%89%e0%b8%b3%e0%b8%aa%e0%b8%b3%e0%b8%ab%e0%b8%a3%e0%b8%b1%e0%b8%9a%e0%b9%80%e0%b8%a5%e0%b9%88%e0%b8%99%e0%b8%81%e0%b8%b5%e0%b8%ac%e0%b8%b2%e0%b8%9e%e0%b8%a3","url":"https:\/\/www.dillerbottle.com\/th\/%e0%b8%aa%e0%b8%b4%e0%b8%99%e0%b8%84%e0%b9%89%e0%b8%b2\/%e0%b8%82%e0%b8%a7%e0%b8%94%e0%b8%99%e0%b9%89%e0%b8%b3%e0%b8%aa%e0%b8%b3%e0%b8%ab%e0%b8%a3%e0%b8%b1%e0%b8%9a%e0%b9%80%e0%b8%a5%e0%b9%88%e0%b8%99%e0%b8%81%e0%b8%b5%e0%b8%ac%e0%b8%b2%e0%b8%9e%e0%b8%a3","name":"Bouteille d&#039;eau de sport avec paille - Fabricant de bouteilles d&#039;eau Diller","isPartOf":{"@id":"https:\/\/www.dillerbottle.com\/#website"},"primaryImageOfPage":{"@id":"https:\/\/www.dillerbottle.com\/th\/%e0%b8%aa%e0%b8%b4%e0%b8%99%e0%b8%84%e0%b9%89%e0%b8%b2\/%e0%b8%82%e0%b8%a7%e0%b8%94%e0%b8%99%e0%b9%89%e0%b8%b3%e0%b8%aa%e0%b8%b3%e0%b8%ab%e0%b8%a3%e0%b8%b1%e0%b8%9a%e0%b9%80%e0%b8%a5%e0%b9%88%e0%b8%99%e0%b8%81%e0%b8%b5%e0%b8%ac%e0%b8%b2%e0%b8%9e%e0%b8%a3#primaryimage"},"image":{"@id":"https:\/\/www.dillerbottle.com\/th\/%e0%b8%aa%e0%b8%b4%e0%b8%99%e0%b8%84%e0%b9%89%e0%b8%b2\/%e0%b8%82%e0%b8%a7%e0%b8%94%e0%b8%99%e0%b9%89%e0%b8%b3%e0%b8%aa%e0%b8%b3%e0%b8%ab%e0%b8%a3%e0%b8%b1%e0%b8%9a%e0%b9%80%e0%b8%a5%e0%b9%88%e0%b8%99%e0%b8%81%e0%b8%b5%e0%b8%ac%e0%b8%b2%e0%b8%9e%e0%b8%a3#primaryimage"},"thumbnailUrl":"https:\/\/www.dillerbottle.com\/wp-content\/uploads\/2024\/09\/sports-water-bottle-with-straw00284366900.jpg","datePublished":"2024-09-27T09:57:57+00:00","dateModified":"2025-07-10T03:54:42+00:00","description":"En tant que l&#039;un des meilleurs fabricants et fournisseurs de bouteilles d&#039;eau de sport avec paille, nous sommes engag\u00e9s dans la fabrication de bouteilles d&#039;eau de bonne qualit\u00e9. Nous vous invitons chaleureusement \u00e0 vendre en gros ou \u00e0 acheter chez nous des bouteilles d&#039;eau de sport sur mesure avec paille \u00e0 un prix comp\u00e9titif. De plus, les commandes en petites quantit\u00e9s sont acceptables.","breadcrumb":{"@id":"https:\/\/www.dillerbottle.com\/th\/%e0%b8%aa%e0%b8%b4%e0%b8%99%e0%b8%84%e0%b9%89%e0%b8%b2\/%e0%b8%82%e0%b8%a7%e0%b8%94%e0%b8%99%e0%b9%89%e0%b8%b3%e0%b8%aa%e0%b8%b3%e0%b8%ab%e0%b8%a3%e0%b8%b1%e0%b8%9a%e0%b9%80%e0%b8%a5%e0%b9%88%e0%b8%99%e0%b8%81%e0%b8%b5%e0%b8%ac%e0%b8%b2%e0%b8%9e%e0%b8%a3#breadcrumb"},"inLanguage":"fr-FR","potentialAction":[{"@type":"ReadAction","target":["https:\/\/www.dillerbottle.com\/th\/%e0%b8%aa%e0%b8%b4%e0%b8%99%e0%b8%84%e0%b9%89%e0%b8%b2\/%e0%b8%82%e0%b8%a7%e0%b8%94%e0%b8%99%e0%b9%89%e0%b8%b3%e0%b8%aa%e0%b8%b3%e0%b8%ab%e0%b8%a3%e0%b8%b1%e0%b8%9a%e0%b9%80%e0%b8%a5%e0%b9%88%e0%b8%99%e0%b8%81%e0%b8%b5%e0%b8%ac%e0%b8%b2%e0%b8%9e%e0%b8%a3"]}]},{"@type":"ImageObject","inLanguage":"fr-FR","@id":"https:\/\/www.dillerbottle.com\/th\/%e0%b8%aa%e0%b8%b4%e0%b8%99%e0%b8%84%e0%b9%89%e0%b8%b2\/%e0%b8%82%e0%b8%a7%e0%b8%94%e0%b8%99%e0%b9%89%e0%b8%b3%e0%b8%aa%e0%b8%b3%e0%b8%ab%e0%b8%a3%e0%b8%b1%e0%b8%9a%e0%b9%80%e0%b8%a5%e0%b9%88%e0%b8%99%e0%b8%81%e0%b8%b5%e0%b8%ac%e0%b8%b2%e0%b8%9e%e0%b8%a3#primaryimage","url":"https:\/\/www.dillerbottle.com\/wp-content\/uploads\/2024\/09\/sports-water-bottle-with-straw00284366900.jpg","contentUrl":"https:\/\/www.dillerbottle.com\/wp-content\/uploads\/2024\/09\/sports-water-bottle-with-straw00284366900.jpg","width":730,"height":730},{"@type":"BreadcrumbList","@id":"https:\/\/www.dillerbottle.com\/th\/%e0%b8%aa%e0%b8%b4%e0%b8%99%e0%b8%84%e0%b9%89%e0%b8%b2\/%e0%b8%82%e0%b8%a7%e0%b8%94%e0%b8%99%e0%b9%89%e0%b8%b3%e0%b8%aa%e0%b8%b3%e0%b8%ab%e0%b8%a3%e0%b8%b1%e0%b8%9a%e0%b9%80%e0%b8%a5%e0%b9%88%e0%b8%99%e0%b8%81%e0%b8%b5%e0%b8%ac%e0%b8%b2%e0%b8%9e%e0%b8%a3#breadcrumb","itemListElement":[{"@type":"ListItem","position":1,"name":"Home","item":"https:\/\/www.dillerbottle.com\/"},{"@type":"ListItem","position":2,"name":"Products","item":"https:\/\/www.dillerbottle.com\/shop"},{"@type":"ListItem","position":3,"name":"Sports Water Bottle With Straw"}]},{"@type":"WebSite","@id":"https:\/\/www.dillerbottle.com\/#website","url":"https:\/\/www.dillerbottle.com\/","name":"Fabricant de bouteilles d&#039;eau Diller","description":"Fabricant de bouteilles d&#039;eau","publisher":{"@id":"https:\/\/www.dillerbottle.com\/#organization"},"potentialAction":[{"@type":"SearchAction","target":{"@type":"EntryPoint","urlTemplate":"https:\/\/www.dillerbottle.com\/?s={search_term_string}"},"query-input":{"@type":"PropertyValueSpecification","valueRequired":true,"valueName":"search_term_string"}}],"inLanguage":"fr-FR"},{"@type":"Organization","@id":"https:\/\/www.dillerbottle.com\/#organization","name":"Fabricant de bouteilles d&#039;eau Diller","url":"https:\/\/www.dillerbottle.com\/","logo":{"@type":"ImageObject","inLanguage":"fr-FR","@id":"https:\/\/www.dillerbottle.com\/#\/schema\/logo\/image\/","url":"https:\/\/www.dillerbottle.com\/wp-content\/uploads\/2024\/09\/49918bfa848dcc1e9f8b509933603ac.png","contentUrl":"https:\/\/www.dillerbottle.com\/wp-content\/uploads\/2024\/09\/49918bfa848dcc1e9f8b509933603ac.png","width":988,"height":198,"caption":"Diller Water Bottle Manufacturer"},"image":{"@id":"https:\/\/www.dillerbottle.com\/#\/schema\/logo\/image\/"}}]}},"_links":{"self":[{"href":"https:\/\/www.dillerbottle.com\/fr\/wp-json\/wp\/v2\/product\/5424","targetHints":{"allow":["GET"]}}],"collection":[{"href":"https:\/\/www.dillerbottle.com\/fr\/wp-json\/wp\/v2\/product"}],"about":[{"href":"https:\/\/www.dillerbottle.com\/fr\/wp-json\/wp\/v2\/types\/product"}],"replies":[{"embeddable":true,"href":"https:\/\/www.dillerbottle.com\/fr\/wp-json\/wp\/v2\/comments?post=5424"}],"wp:featuredmedia":[{"embeddable":true,"href":"https:\/\/www.dillerbottle.com\/fr\/wp-json\/wp\/v2\/media\/5425"}],"wp:attachment":[{"href":"https:\/\/www.dillerbottle.com\/fr\/wp-json\/wp\/v2\/media?parent=5424"}],"wp:term":[{"taxonomy":"product_brand","embeddable":true,"href":"https:\/\/www.dillerbottle.com\/fr\/wp-json\/wp\/v2\/product_brand?post=5424"},{"taxonomy":"product_cat","embeddable":true,"href":"https:\/\/www.dillerbottle.com\/fr\/wp-json\/wp\/v2\/product_cat?post=5424"},{"taxonomy":"product_tag","embeddable":true,"href":"https:\/\/www.dillerbottle.com\/fr\/wp-json\/wp\/v2\/product_tag?post=5424"}],"curies":[{"name":"wp","href":"https:\/\/api.w.org\/{rel}","templated":true}]}}