{"id":5463,"date":"2024-09-27T17:58:21","date_gmt":"2024-09-27T09:58:21","guid":{"rendered":"https:\/\/demo.dillerbottle.com\/uncategorized\/clear-plastic-drinking-bottles"},"modified":"2025-07-10T11:48:18","modified_gmt":"2025-07-10T03:48:18","slug":"bouteilles-en-plastique-transparentes","status":"publish","type":"product","link":"https:\/\/www.dillerbottle.com\/fr\/products\/clear-plastic-drinking-bottles","title":{"rendered":"Bouteilles en plastique transparentes"},"content":{"rendered":"<p>Bouteilles en plastique transparentes<br \/>\nCaract\u00e9ristiques:<br \/>\n1. Cette bouteille en plastique transparent est fabriqu\u00e9e en PC et silicone de qualit\u00e9 alimentaire de haute qualit\u00e9, non toxique, inodore et durable.<\/p>\n<p>2.;Dernier couvercle pop-up avec joint torique en silicone, verrouillage s\u00e9curis\u00e9 et cache-poussi\u00e8re. La conception avanc\u00e9e des boutons vous permet de boire plus facilement. Appuyez simplement sur le bouton et la paille sort automatiquement. Conception \u00e0 deux modes de consommation, vous appr\u00e9cierez de siroter sans d\u00e9versement avec une paille ou un d\u00e9bit d&#039;eau rapide sans paille. L&#039;ouverture \u00e0 large ouverture est facile \u00e0 remplir de gla\u00e7ons et \u00e0 nettoyer.<\/p>\n<p>4.;Cette bouteille \u00e0 boire en plastique transparent; a une conception unique \u00e0 large poign\u00e9e qui peut placer un t\u00e9l\u00e9phone portable de n&#039;importe quelle taille et est \u00e9quip\u00e9e d&#039;une bandouli\u00e8re amovible pour un transport mains libres pratique !<br \/>\n5.;Cette bouteille en plastique transparent dispose de trois options de grande capacit\u00e9 ; elle peut contenir jusqu&#039;\u00e0 128,5 oz d&#039;eau, vous aide \u00e0 rester hydrat\u00e9 et \u00e0 boire suffisamment tout au long de la journ\u00e9e.<br \/>\n;<\/p>","protected":false},"excerpt":{"rendered":"<p>Cette bouteille en plastique transparent de grande capacit\u00e9 de 44 oz \/ 74 oz \/ 128,5 oz est fabriqu\u00e9e en PC et silicone de qualit\u00e9 alimentaire de haute qualit\u00e9, non toxique, inodore et durable.<br \/>\nLe bouton-poussoir avec verrouillage s\u00e9curis\u00e9 et conception de couvercle anti-poussi\u00e8re est facile \u00e0 utiliser.<br \/>\nDeux modes de consommation vous permettent de profiter d&#039;une d\u00e9gustation sans d\u00e9versement avec une paille ou d&#039;un d\u00e9bit d&#039;eau rapide sans paille.<br \/>\nCette bouteille en plastique transparent est dot\u00e9e d&#039;une large poign\u00e9e unique qui permet de placer un t\u00e9l\u00e9phone portable de n&#039;importe quelle taille et est \u00e9quip\u00e9e d&#039;une bandouli\u00e8re amovible pour un transport mains libres pratique.<br \/>\nBienvenue \u00e0 l&#039;achat en gros, envoyez une demande maintenant !<\/p>","protected":false},"featured_media":5464,"comment_status":"open","ping_status":"closed","template":"","meta":{"_acf_changed":false},"product_brand":[],"product_cat":[309],"product_tag":[365,32,36,33,450,31,39,38,29,37,326,406,414,442,34,413,35,28,30],"class_list":{"0":"post-5463","1":"product","2":"type-product","3":"status-publish","4":"has-post-thumbnail","6":"product_cat-plastic-water-bottle","7":"product_tag-2-2l-water-bottle","8":"product_tag-best","9":"product_tag-bulk","10":"product_tag-buy","11":"product_tag-clear-plastic-drinking-bottles","12":"product_tag-custom","13":"product_tag-for-sale","14":"product_tag-good-quality","15":"product_tag-manufacturers","16":"product_tag-manufacturing","17":"product_tag-matte-black-water-bottle","18":"product_tag-personalized-water-bottle","19":"product_tag-plain-water-bottles","20":"product_tag-plastic-water-bottle-with-time-markers","21":"product_tag-price","22":"product_tag-school-plastic-water-bottles","23":"product_tag-small","24":"product_tag-suppliers","25":"product_tag-wholesale","27":"first","28":"instock","29":"shipping-taxable","30":"product-type-simple"},"acf":[],"yoast_head":"<!-- This site is optimized with the Yoast SEO Premium plugin v27.5 (Yoast SEO v27.5) - https:\/\/yoast.com\/product\/yoast-seo-premium-wordpress\/ -->\n<title>Clear Plastic Drinking Bottles - Diller Water Bottle Manufacturer<\/title>\n<meta name=\"description\" content=\"As one of the best clear plastic drinking bottles manufacturers and suppliers, we are engaged in manufacturing good quality water bottles. We warmly welcome you to wholesale or buy custom made clear plastic drinking bottles at competitive price from us. Also, small quantity orders are acceptable.\" \/>\n<meta name=\"robots\" content=\"index, follow, max-snippet:-1, max-image-preview:large, max-video-preview:-1\" \/>\n<link rel=\"canonical\" href=\"https:\/\/www.dillerbottle.com\/fr\/produits\/bouteilles-en-plastique-transparentes\" \/>\n<meta property=\"og:locale\" content=\"fr_FR\" \/>\n<meta property=\"og:type\" content=\"article\" \/>\n<meta property=\"og:title\" content=\"Clear Plastic Drinking Bottles\" \/>\n<meta property=\"og:description\" content=\"As one of the best clear plastic drinking bottles manufacturers and suppliers, we are engaged in manufacturing good quality water bottles. We warmly welcome you to wholesale or buy custom made clear plastic drinking bottles at competitive price from us. Also, small quantity orders are acceptable.\" \/>\n<meta property=\"og:url\" content=\"https:\/\/www.dillerbottle.com\/fr\/produits\/bouteilles-en-plastique-transparentes\" \/>\n<meta property=\"og:site_name\" content=\"Diller Water Bottle Manufacturer\" \/>\n<meta property=\"article:modified_time\" content=\"2025-07-10T03:48:18+00:00\" \/>\n<meta property=\"og:image\" content=\"https:\/\/www.dillerbottle.com\/wp-content\/uploads\/2024\/09\/clear-plastic-drinking-bottles30122913942.jpg\" \/>\n\t<meta property=\"og:image:width\" content=\"730\" \/>\n\t<meta property=\"og:image:height\" content=\"730\" \/>\n\t<meta property=\"og:image:type\" content=\"image\/jpeg\" \/>\n<meta name=\"twitter:card\" content=\"summary_large_image\" \/>\n<meta name=\"twitter:label1\" content=\"Dur\u00e9e de lecture estim\u00e9e\" \/>\n\t<meta name=\"twitter:data1\" content=\"2 minutes\" \/>\n<script type=\"application\/ld+json\" class=\"yoast-schema-graph\">{\"@context\":\"https:\\\/\\\/schema.org\",\"@graph\":[{\"@type\":\"WebPage\",\"@id\":\"https:\\\/\\\/www.dillerbottle.com\\\/ar\\\/%d9%85%d9%86%d8%aa%d8%ac%d8%a7%d8%aa\\\/%d8%b2%d8%ac%d8%a7%d8%ac%d8%a7%d8%aa-%d8%b4%d8%b1%d8%a8-%d8%a8%d9%84%d8%a7%d8%b3%d8%aa%d9%8a%d9%83%d9%8a%d8%a9-%d8%b4%d9%81%d8%a7%d9%81%d8%a9\",\"url\":\"https:\\\/\\\/www.dillerbottle.com\\\/ar\\\/%d9%85%d9%86%d8%aa%d8%ac%d8%a7%d8%aa\\\/%d8%b2%d8%ac%d8%a7%d8%ac%d8%a7%d8%aa-%d8%b4%d8%b1%d8%a8-%d8%a8%d9%84%d8%a7%d8%b3%d8%aa%d9%8a%d9%83%d9%8a%d8%a9-%d8%b4%d9%81%d8%a7%d9%81%d8%a9\",\"name\":\"Clear Plastic Drinking Bottles - Diller Water Bottle Manufacturer\",\"isPartOf\":{\"@id\":\"https:\\\/\\\/www.dillerbottle.com\\\/#website\"},\"primaryImageOfPage\":{\"@id\":\"https:\\\/\\\/www.dillerbottle.com\\\/ar\\\/%d9%85%d9%86%d8%aa%d8%ac%d8%a7%d8%aa\\\/%d8%b2%d8%ac%d8%a7%d8%ac%d8%a7%d8%aa-%d8%b4%d8%b1%d8%a8-%d8%a8%d9%84%d8%a7%d8%b3%d8%aa%d9%8a%d9%83%d9%8a%d8%a9-%d8%b4%d9%81%d8%a7%d9%81%d8%a9#primaryimage\"},\"image\":{\"@id\":\"https:\\\/\\\/www.dillerbottle.com\\\/ar\\\/%d9%85%d9%86%d8%aa%d8%ac%d8%a7%d8%aa\\\/%d8%b2%d8%ac%d8%a7%d8%ac%d8%a7%d8%aa-%d8%b4%d8%b1%d8%a8-%d8%a8%d9%84%d8%a7%d8%b3%d8%aa%d9%8a%d9%83%d9%8a%d8%a9-%d8%b4%d9%81%d8%a7%d9%81%d8%a9#primaryimage\"},\"thumbnailUrl\":\"https:\\\/\\\/www.dillerbottle.com\\\/wp-content\\\/uploads\\\/2024\\\/09\\\/clear-plastic-drinking-bottles30122913942.jpg\",\"datePublished\":\"2024-09-27T09:58:21+00:00\",\"dateModified\":\"2025-07-10T03:48:18+00:00\",\"description\":\"As one of the best clear plastic drinking bottles manufacturers and suppliers, we are engaged in manufacturing good quality water bottles. We warmly welcome you to wholesale or buy custom made clear plastic drinking bottles at competitive price from us. Also, small quantity orders are acceptable.\",\"breadcrumb\":{\"@id\":\"https:\\\/\\\/www.dillerbottle.com\\\/ar\\\/%d9%85%d9%86%d8%aa%d8%ac%d8%a7%d8%aa\\\/%d8%b2%d8%ac%d8%a7%d8%ac%d8%a7%d8%aa-%d8%b4%d8%b1%d8%a8-%d8%a8%d9%84%d8%a7%d8%b3%d8%aa%d9%8a%d9%83%d9%8a%d8%a9-%d8%b4%d9%81%d8%a7%d9%81%d8%a9#breadcrumb\"},\"inLanguage\":\"fr-FR\",\"potentialAction\":[{\"@type\":\"ReadAction\",\"target\":[\"https:\\\/\\\/www.dillerbottle.com\\\/ar\\\/%d9%85%d9%86%d8%aa%d8%ac%d8%a7%d8%aa\\\/%d8%b2%d8%ac%d8%a7%d8%ac%d8%a7%d8%aa-%d8%b4%d8%b1%d8%a8-%d8%a8%d9%84%d8%a7%d8%b3%d8%aa%d9%8a%d9%83%d9%8a%d8%a9-%d8%b4%d9%81%d8%a7%d9%81%d8%a9\"]}]},{\"@type\":\"ImageObject\",\"inLanguage\":\"fr-FR\",\"@id\":\"https:\\\/\\\/www.dillerbottle.com\\\/ar\\\/%d9%85%d9%86%d8%aa%d8%ac%d8%a7%d8%aa\\\/%d8%b2%d8%ac%d8%a7%d8%ac%d8%a7%d8%aa-%d8%b4%d8%b1%d8%a8-%d8%a8%d9%84%d8%a7%d8%b3%d8%aa%d9%8a%d9%83%d9%8a%d8%a9-%d8%b4%d9%81%d8%a7%d9%81%d8%a9#primaryimage\",\"url\":\"https:\\\/\\\/www.dillerbottle.com\\\/wp-content\\\/uploads\\\/2024\\\/09\\\/clear-plastic-drinking-bottles30122913942.jpg\",\"contentUrl\":\"https:\\\/\\\/www.dillerbottle.com\\\/wp-content\\\/uploads\\\/2024\\\/09\\\/clear-plastic-drinking-bottles30122913942.jpg\",\"width\":730,\"height\":730},{\"@type\":\"BreadcrumbList\",\"@id\":\"https:\\\/\\\/www.dillerbottle.com\\\/ar\\\/%d9%85%d9%86%d8%aa%d8%ac%d8%a7%d8%aa\\\/%d8%b2%d8%ac%d8%a7%d8%ac%d8%a7%d8%aa-%d8%b4%d8%b1%d8%a8-%d8%a8%d9%84%d8%a7%d8%b3%d8%aa%d9%8a%d9%83%d9%8a%d8%a9-%d8%b4%d9%81%d8%a7%d9%81%d8%a9#breadcrumb\",\"itemListElement\":[{\"@type\":\"ListItem\",\"position\":1,\"name\":\"Home\",\"item\":\"https:\\\/\\\/www.dillerbottle.com\\\/\"},{\"@type\":\"ListItem\",\"position\":2,\"name\":\"Products\",\"item\":\"https:\\\/\\\/www.dillerbottle.com\\\/shop\"},{\"@type\":\"ListItem\",\"position\":3,\"name\":\"Clear Plastic Drinking Bottles\"}]},{\"@type\":\"WebSite\",\"@id\":\"https:\\\/\\\/www.dillerbottle.com\\\/#website\",\"url\":\"https:\\\/\\\/www.dillerbottle.com\\\/\",\"name\":\"Diller Water Bottle Manufacturer\",\"description\":\"Water Bottle Manufacturer\",\"publisher\":{\"@id\":\"https:\\\/\\\/www.dillerbottle.com\\\/#organization\"},\"potentialAction\":[{\"@type\":\"SearchAction\",\"target\":{\"@type\":\"EntryPoint\",\"urlTemplate\":\"https:\\\/\\\/www.dillerbottle.com\\\/?s={search_term_string}\"},\"query-input\":{\"@type\":\"PropertyValueSpecification\",\"valueRequired\":true,\"valueName\":\"search_term_string\"}}],\"inLanguage\":\"fr-FR\"},{\"@type\":\"Organization\",\"@id\":\"https:\\\/\\\/www.dillerbottle.com\\\/#organization\",\"name\":\"Diller Water Bottle Manufacturer\",\"url\":\"https:\\\/\\\/www.dillerbottle.com\\\/\",\"logo\":{\"@type\":\"ImageObject\",\"inLanguage\":\"fr-FR\",\"@id\":\"https:\\\/\\\/www.dillerbottle.com\\\/#\\\/schema\\\/logo\\\/image\\\/\",\"url\":\"https:\\\/\\\/www.dillerbottle.com\\\/wp-content\\\/uploads\\\/2024\\\/09\\\/49918bfa848dcc1e9f8b509933603ac.png\",\"contentUrl\":\"https:\\\/\\\/www.dillerbottle.com\\\/wp-content\\\/uploads\\\/2024\\\/09\\\/49918bfa848dcc1e9f8b509933603ac.png\",\"width\":988,\"height\":198,\"caption\":\"Diller Water Bottle Manufacturer\"},\"image\":{\"@id\":\"https:\\\/\\\/www.dillerbottle.com\\\/#\\\/schema\\\/logo\\\/image\\\/\"}}]}<\/script>\n<!-- \/ Yoast SEO Premium plugin. -->","yoast_head_json":{"title":"Bouteilles en plastique transparent - Fabricant de bouteilles d&#039;eau Diller","description":"En tant que l&#039;un des meilleurs fabricants et fournisseurs de bouteilles en plastique transparent, nous sommes engag\u00e9s dans la fabrication de bouteilles d&#039;eau de bonne qualit\u00e9. Nous vous invitons chaleureusement \u00e0 vendre en gros ou \u00e0 acheter des bouteilles en plastique transparent sur mesure \u00e0 un prix comp\u00e9titif. De plus, les commandes en petites quantit\u00e9s sont acceptables.","robots":{"index":"index","follow":"follow","max-snippet":"max-snippet:-1","max-image-preview":"max-image-preview:large","max-video-preview":"max-video-preview:-1"},"canonical":"https:\/\/www.dillerbottle.com\/fr\/produits\/bouteilles-en-plastique-transparentes","og_locale":"fr_FR","og_type":"article","og_title":"Clear Plastic Drinking Bottles","og_description":"As one of the best clear plastic drinking bottles manufacturers and suppliers, we are engaged in manufacturing good quality water bottles. We warmly welcome you to wholesale or buy custom made clear plastic drinking bottles at competitive price from us. Also, small quantity orders are acceptable.","og_url":"https:\/\/www.dillerbottle.com\/fr\/produits\/bouteilles-en-plastique-transparentes","og_site_name":"Diller Water Bottle Manufacturer","article_modified_time":"2025-07-10T03:48:18+00:00","og_image":[{"width":730,"height":730,"url":"https:\/\/www.dillerbottle.com\/wp-content\/uploads\/2024\/09\/clear-plastic-drinking-bottles30122913942.jpg","type":"image\/jpeg"}],"twitter_card":"summary_large_image","twitter_misc":{"Dur\u00e9e de lecture estim\u00e9e":"2 minutes"},"schema":{"@context":"https:\/\/schema.org","@graph":[{"@type":"WebPage","@id":"https:\/\/www.dillerbottle.com\/ar\/%d9%85%d9%86%d8%aa%d8%ac%d8%a7%d8%aa\/%d8%b2%d8%ac%d8%a7%d8%ac%d8%a7%d8%aa-%d8%b4%d8%b1%d8%a8-%d8%a8%d9%84%d8%a7%d8%b3%d8%aa%d9%8a%d9%83%d9%8a%d8%a9-%d8%b4%d9%81%d8%a7%d9%81%d8%a9","url":"https:\/\/www.dillerbottle.com\/ar\/%d9%85%d9%86%d8%aa%d8%ac%d8%a7%d8%aa\/%d8%b2%d8%ac%d8%a7%d8%ac%d8%a7%d8%aa-%d8%b4%d8%b1%d8%a8-%d8%a8%d9%84%d8%a7%d8%b3%d8%aa%d9%8a%d9%83%d9%8a%d8%a9-%d8%b4%d9%81%d8%a7%d9%81%d8%a9","name":"Bouteilles en plastique transparent - Fabricant de bouteilles d&#039;eau Diller","isPartOf":{"@id":"https:\/\/www.dillerbottle.com\/#website"},"primaryImageOfPage":{"@id":"https:\/\/www.dillerbottle.com\/ar\/%d9%85%d9%86%d8%aa%d8%ac%d8%a7%d8%aa\/%d8%b2%d8%ac%d8%a7%d8%ac%d8%a7%d8%aa-%d8%b4%d8%b1%d8%a8-%d8%a8%d9%84%d8%a7%d8%b3%d8%aa%d9%8a%d9%83%d9%8a%d8%a9-%d8%b4%d9%81%d8%a7%d9%81%d8%a9#primaryimage"},"image":{"@id":"https:\/\/www.dillerbottle.com\/ar\/%d9%85%d9%86%d8%aa%d8%ac%d8%a7%d8%aa\/%d8%b2%d8%ac%d8%a7%d8%ac%d8%a7%d8%aa-%d8%b4%d8%b1%d8%a8-%d8%a8%d9%84%d8%a7%d8%b3%d8%aa%d9%8a%d9%83%d9%8a%d8%a9-%d8%b4%d9%81%d8%a7%d9%81%d8%a9#primaryimage"},"thumbnailUrl":"https:\/\/www.dillerbottle.com\/wp-content\/uploads\/2024\/09\/clear-plastic-drinking-bottles30122913942.jpg","datePublished":"2024-09-27T09:58:21+00:00","dateModified":"2025-07-10T03:48:18+00:00","description":"En tant que l&#039;un des meilleurs fabricants et fournisseurs de bouteilles en plastique transparent, nous sommes engag\u00e9s dans la fabrication de bouteilles d&#039;eau de bonne qualit\u00e9. Nous vous invitons chaleureusement \u00e0 vendre en gros ou \u00e0 acheter des bouteilles en plastique transparent sur mesure \u00e0 un prix comp\u00e9titif. De plus, les commandes en petites quantit\u00e9s sont acceptables.","breadcrumb":{"@id":"https:\/\/www.dillerbottle.com\/ar\/%d9%85%d9%86%d8%aa%d8%ac%d8%a7%d8%aa\/%d8%b2%d8%ac%d8%a7%d8%ac%d8%a7%d8%aa-%d8%b4%d8%b1%d8%a8-%d8%a8%d9%84%d8%a7%d8%b3%d8%aa%d9%8a%d9%83%d9%8a%d8%a9-%d8%b4%d9%81%d8%a7%d9%81%d8%a9#breadcrumb"},"inLanguage":"fr-FR","potentialAction":[{"@type":"ReadAction","target":["https:\/\/www.dillerbottle.com\/ar\/%d9%85%d9%86%d8%aa%d8%ac%d8%a7%d8%aa\/%d8%b2%d8%ac%d8%a7%d8%ac%d8%a7%d8%aa-%d8%b4%d8%b1%d8%a8-%d8%a8%d9%84%d8%a7%d8%b3%d8%aa%d9%8a%d9%83%d9%8a%d8%a9-%d8%b4%d9%81%d8%a7%d9%81%d8%a9"]}]},{"@type":"ImageObject","inLanguage":"fr-FR","@id":"https:\/\/www.dillerbottle.com\/ar\/%d9%85%d9%86%d8%aa%d8%ac%d8%a7%d8%aa\/%d8%b2%d8%ac%d8%a7%d8%ac%d8%a7%d8%aa-%d8%b4%d8%b1%d8%a8-%d8%a8%d9%84%d8%a7%d8%b3%d8%aa%d9%8a%d9%83%d9%8a%d8%a9-%d8%b4%d9%81%d8%a7%d9%81%d8%a9#primaryimage","url":"https:\/\/www.dillerbottle.com\/wp-content\/uploads\/2024\/09\/clear-plastic-drinking-bottles30122913942.jpg","contentUrl":"https:\/\/www.dillerbottle.com\/wp-content\/uploads\/2024\/09\/clear-plastic-drinking-bottles30122913942.jpg","width":730,"height":730},{"@type":"BreadcrumbList","@id":"https:\/\/www.dillerbottle.com\/ar\/%d9%85%d9%86%d8%aa%d8%ac%d8%a7%d8%aa\/%d8%b2%d8%ac%d8%a7%d8%ac%d8%a7%d8%aa-%d8%b4%d8%b1%d8%a8-%d8%a8%d9%84%d8%a7%d8%b3%d8%aa%d9%8a%d9%83%d9%8a%d8%a9-%d8%b4%d9%81%d8%a7%d9%81%d8%a9#breadcrumb","itemListElement":[{"@type":"ListItem","position":1,"name":"Home","item":"https:\/\/www.dillerbottle.com\/"},{"@type":"ListItem","position":2,"name":"Products","item":"https:\/\/www.dillerbottle.com\/shop"},{"@type":"ListItem","position":3,"name":"Clear Plastic Drinking Bottles"}]},{"@type":"WebSite","@id":"https:\/\/www.dillerbottle.com\/#website","url":"https:\/\/www.dillerbottle.com\/","name":"Fabricant de bouteilles d&#039;eau Diller","description":"Fabricant de bouteilles d&#039;eau","publisher":{"@id":"https:\/\/www.dillerbottle.com\/#organization"},"potentialAction":[{"@type":"SearchAction","target":{"@type":"EntryPoint","urlTemplate":"https:\/\/www.dillerbottle.com\/?s={search_term_string}"},"query-input":{"@type":"PropertyValueSpecification","valueRequired":true,"valueName":"search_term_string"}}],"inLanguage":"fr-FR"},{"@type":"Organization","@id":"https:\/\/www.dillerbottle.com\/#organization","name":"Fabricant de bouteilles d&#039;eau Diller","url":"https:\/\/www.dillerbottle.com\/","logo":{"@type":"ImageObject","inLanguage":"fr-FR","@id":"https:\/\/www.dillerbottle.com\/#\/schema\/logo\/image\/","url":"https:\/\/www.dillerbottle.com\/wp-content\/uploads\/2024\/09\/49918bfa848dcc1e9f8b509933603ac.png","contentUrl":"https:\/\/www.dillerbottle.com\/wp-content\/uploads\/2024\/09\/49918bfa848dcc1e9f8b509933603ac.png","width":988,"height":198,"caption":"Diller Water Bottle Manufacturer"},"image":{"@id":"https:\/\/www.dillerbottle.com\/#\/schema\/logo\/image\/"}}]}},"_links":{"self":[{"href":"https:\/\/www.dillerbottle.com\/fr\/wp-json\/wp\/v2\/product\/5463","targetHints":{"allow":["GET"]}}],"collection":[{"href":"https:\/\/www.dillerbottle.com\/fr\/wp-json\/wp\/v2\/product"}],"about":[{"href":"https:\/\/www.dillerbottle.com\/fr\/wp-json\/wp\/v2\/types\/product"}],"replies":[{"embeddable":true,"href":"https:\/\/www.dillerbottle.com\/fr\/wp-json\/wp\/v2\/comments?post=5463"}],"wp:featuredmedia":[{"embeddable":true,"href":"https:\/\/www.dillerbottle.com\/fr\/wp-json\/wp\/v2\/media\/5464"}],"wp:attachment":[{"href":"https:\/\/www.dillerbottle.com\/fr\/wp-json\/wp\/v2\/media?parent=5463"}],"wp:term":[{"taxonomy":"product_brand","embeddable":true,"href":"https:\/\/www.dillerbottle.com\/fr\/wp-json\/wp\/v2\/product_brand?post=5463"},{"taxonomy":"product_cat","embeddable":true,"href":"https:\/\/www.dillerbottle.com\/fr\/wp-json\/wp\/v2\/product_cat?post=5463"},{"taxonomy":"product_tag","embeddable":true,"href":"https:\/\/www.dillerbottle.com\/fr\/wp-json\/wp\/v2\/product_tag?post=5463"}],"curies":[{"name":"wp","href":"https:\/\/api.w.org\/{rel}","templated":true}]}}