{"id":5594,"date":"2024-09-27T17:59:40","date_gmt":"2024-09-27T09:59:40","guid":{"rendered":"https:\/\/demo.dillerbottle.com\/uncategorized\/transparent-plastic-water-bottle"},"modified":"2025-07-10T09:21:25","modified_gmt":"2025-07-10T01:21:25","slug":"bouteille-deau-en-plastique-transparente","status":"publish","type":"product","link":"https:\/\/www.dillerbottle.com\/fr\/products\/transparent-plastic-water-bottle","title":{"rendered":"Bouteille d&#039;eau en plastique transparente"},"content":{"rendered":"<p>1.;Respectueux de l&#039;environnement et durable, avec une forte r\u00e9sistance \u00e0 la corrosion.<br \/>\n2.;L&#039;aspect transparent vous aide \u00e0 v\u00e9rifier facilement et clairement la quantit\u00e9 d&#039;eau r\u00e9ellement pr\u00e9lev\u00e9e. La large ouverture est facile \u00e0 remplir et \u00e0 nettoyer avec de la glace.<br \/>\n3. Cette bouteille d&#039;eau en plastique transparente est l\u00e9g\u00e8re et durable. Convient pour le fitness, l&#039;exercice, les loisirs en plein air. Le compagnon id\u00e9al pour la course \u00e0 pied, le fitness, le yoga, le tennis, le camping, les voyages et la conduite.<br \/>\n4.; Corps de bouteille droit et rond mince, facile \u00e0 saisir.<\/p>","protected":false},"excerpt":{"rendered":"<p>Caract\u00e9ristiques : 1.<br \/>\nRespectueux de l&#039;environnement et durable, avec une forte r\u00e9sistance \u00e0 la corrosion.<br \/>\n2.<br \/>\nL&#039;apparence transparente vous aide \u00e0 v\u00e9rifier facilement et clairement la quantit\u00e9 r\u00e9elle d&#039;eau pr\u00e9lev\u00e9e.<br \/>\nLa large ouverture est facile \u00e0 remplir et \u00e0 nettoyer avec de la glace.<br \/>\n3.<br \/>\nCette bouteille d&#039;eau en plastique transparente est l\u00e9g\u00e8re et durable.<br \/>\nConvient pour le fitness, l&#039;exercice et les loisirs en plein air.<br \/>\nLe compagnon id\u00e9al pour la course \u00e0 pied, le fitness, le yoga, le tennis, le camping, les voyages et la conduite.<br \/>\n4.<br \/>\nCorps de bouteille droit et rond, mince, facile \u00e0 saisir.<\/p>","protected":false},"featured_media":5595,"comment_status":"open","ping_status":"closed","template":"","meta":{"_acf_changed":false},"product_brand":[],"product_cat":[309],"product_tag":[32,36,33,355,31,39,38,29,37,406,317,42,34,35,28,465,370,111,30],"class_list":{"0":"post-5594","1":"product","2":"type-product","3":"status-publish","4":"has-post-thumbnail","6":"product_cat-plastic-water-bottle","7":"product_tag-best","8":"product_tag-bulk","9":"product_tag-buy","10":"product_tag-colored-water-bottle-plastic-with-straw","11":"product_tag-custom","12":"product_tag-for-sale","13":"product_tag-good-quality","14":"product_tag-manufacturers","15":"product_tag-manufacturing","16":"product_tag-personalized-water-bottle","17":"product_tag-plastic-water-bottle-sports-bottle-with-straw","18":"product_tag-plastic-water-bottles","19":"product_tag-price","20":"product_tag-small","21":"product_tag-suppliers","22":"product_tag-transparent-plastic-water-bottle","23":"product_tag-tritan-bpa-free-fitness-sports-water-bottles","24":"product_tag-water-bottle-2l","25":"product_tag-wholesale","27":"first","28":"instock","29":"shipping-taxable","30":"product-type-simple"},"acf":[],"yoast_head":"<!-- This site is optimized with the Yoast SEO Premium plugin v27.5 (Yoast SEO v27.5) - https:\/\/yoast.com\/product\/yoast-seo-premium-wordpress\/ -->\n<title>Transparent Plastic Water Bottle - Diller Water Bottle Manufacturer<\/title>\n<meta name=\"description\" content=\"As one of the best transparent plastic water bottle manufacturers and suppliers, we are engaged in manufacturing good quality water bottles. We warmly welcome you to wholesale or buy custom made transparent plastic water bottle at competitive price from us. Also, small quantity orders are acceptable.\" \/>\n<meta name=\"robots\" content=\"index, follow, max-snippet:-1, max-image-preview:large, max-video-preview:-1\" \/>\n<link rel=\"canonical\" href=\"https:\/\/www.dillerbottle.com\/fr\/produits\/bouteille-deau-en-plastique-transparente\" \/>\n<meta property=\"og:locale\" content=\"fr_FR\" \/>\n<meta property=\"og:type\" content=\"article\" \/>\n<meta property=\"og:title\" content=\"Transparent Plastic Water Bottle\" \/>\n<meta property=\"og:description\" content=\"As one of the best transparent plastic water bottle manufacturers and suppliers, we are engaged in manufacturing good quality water bottles. We warmly welcome you to wholesale or buy custom made transparent plastic water bottle at competitive price from us. Also, small quantity orders are acceptable.\" \/>\n<meta property=\"og:url\" content=\"https:\/\/www.dillerbottle.com\/fr\/produits\/bouteille-deau-en-plastique-transparente\" \/>\n<meta property=\"og:site_name\" content=\"Diller Water Bottle Manufacturer\" \/>\n<meta property=\"article:modified_time\" content=\"2025-07-10T01:21:25+00:00\" \/>\n<meta property=\"og:image\" content=\"https:\/\/www.dillerbottle.com\/wp-content\/uploads\/2024\/09\/transparent-plastic-water-bottle56195640467.jpg\" \/>\n\t<meta property=\"og:image:width\" content=\"730\" \/>\n\t<meta property=\"og:image:height\" content=\"730\" \/>\n\t<meta property=\"og:image:type\" content=\"image\/jpeg\" \/>\n<meta name=\"twitter:card\" content=\"summary_large_image\" \/>\n<meta name=\"twitter:label1\" content=\"Dur\u00e9e de lecture estim\u00e9e\" \/>\n\t<meta name=\"twitter:data1\" content=\"3 minutes\" \/>\n<script type=\"application\/ld+json\" class=\"yoast-schema-graph\">{\"@context\":\"https:\\\/\\\/schema.org\",\"@graph\":[{\"@type\":\"WebPage\",\"@id\":\"https:\\\/\\\/www.dillerbottle.com\\\/my\\\/produk\\\/botol-air-plastik-lutsinar\",\"url\":\"https:\\\/\\\/www.dillerbottle.com\\\/my\\\/produk\\\/botol-air-plastik-lutsinar\",\"name\":\"Transparent Plastic Water Bottle - Diller Water Bottle Manufacturer\",\"isPartOf\":{\"@id\":\"https:\\\/\\\/www.dillerbottle.com\\\/#website\"},\"primaryImageOfPage\":{\"@id\":\"https:\\\/\\\/www.dillerbottle.com\\\/my\\\/produk\\\/botol-air-plastik-lutsinar#primaryimage\"},\"image\":{\"@id\":\"https:\\\/\\\/www.dillerbottle.com\\\/my\\\/produk\\\/botol-air-plastik-lutsinar#primaryimage\"},\"thumbnailUrl\":\"https:\\\/\\\/www.dillerbottle.com\\\/wp-content\\\/uploads\\\/2024\\\/09\\\/transparent-plastic-water-bottle56195640467.jpg\",\"datePublished\":\"2024-09-27T09:59:40+00:00\",\"dateModified\":\"2025-07-10T01:21:25+00:00\",\"description\":\"As one of the best transparent plastic water bottle manufacturers and suppliers, we are engaged in manufacturing good quality water bottles. We warmly welcome you to wholesale or buy custom made transparent plastic water bottle at competitive price from us. Also, small quantity orders are acceptable.\",\"breadcrumb\":{\"@id\":\"https:\\\/\\\/www.dillerbottle.com\\\/my\\\/produk\\\/botol-air-plastik-lutsinar#breadcrumb\"},\"inLanguage\":\"fr-FR\",\"potentialAction\":[{\"@type\":\"ReadAction\",\"target\":[\"https:\\\/\\\/www.dillerbottle.com\\\/my\\\/produk\\\/botol-air-plastik-lutsinar\"]}]},{\"@type\":\"ImageObject\",\"inLanguage\":\"fr-FR\",\"@id\":\"https:\\\/\\\/www.dillerbottle.com\\\/my\\\/produk\\\/botol-air-plastik-lutsinar#primaryimage\",\"url\":\"https:\\\/\\\/www.dillerbottle.com\\\/wp-content\\\/uploads\\\/2024\\\/09\\\/transparent-plastic-water-bottle56195640467.jpg\",\"contentUrl\":\"https:\\\/\\\/www.dillerbottle.com\\\/wp-content\\\/uploads\\\/2024\\\/09\\\/transparent-plastic-water-bottle56195640467.jpg\",\"width\":730,\"height\":730},{\"@type\":\"BreadcrumbList\",\"@id\":\"https:\\\/\\\/www.dillerbottle.com\\\/my\\\/produk\\\/botol-air-plastik-lutsinar#breadcrumb\",\"itemListElement\":[{\"@type\":\"ListItem\",\"position\":1,\"name\":\"Home\",\"item\":\"https:\\\/\\\/www.dillerbottle.com\\\/\"},{\"@type\":\"ListItem\",\"position\":2,\"name\":\"Products\",\"item\":\"https:\\\/\\\/www.dillerbottle.com\\\/shop\"},{\"@type\":\"ListItem\",\"position\":3,\"name\":\"Transparent Plastic Water Bottle\"}]},{\"@type\":\"WebSite\",\"@id\":\"https:\\\/\\\/www.dillerbottle.com\\\/#website\",\"url\":\"https:\\\/\\\/www.dillerbottle.com\\\/\",\"name\":\"Diller Water Bottle Manufacturer\",\"description\":\"Water Bottle Manufacturer\",\"publisher\":{\"@id\":\"https:\\\/\\\/www.dillerbottle.com\\\/#organization\"},\"potentialAction\":[{\"@type\":\"SearchAction\",\"target\":{\"@type\":\"EntryPoint\",\"urlTemplate\":\"https:\\\/\\\/www.dillerbottle.com\\\/?s={search_term_string}\"},\"query-input\":{\"@type\":\"PropertyValueSpecification\",\"valueRequired\":true,\"valueName\":\"search_term_string\"}}],\"inLanguage\":\"fr-FR\"},{\"@type\":\"Organization\",\"@id\":\"https:\\\/\\\/www.dillerbottle.com\\\/#organization\",\"name\":\"Diller Water Bottle Manufacturer\",\"url\":\"https:\\\/\\\/www.dillerbottle.com\\\/\",\"logo\":{\"@type\":\"ImageObject\",\"inLanguage\":\"fr-FR\",\"@id\":\"https:\\\/\\\/www.dillerbottle.com\\\/#\\\/schema\\\/logo\\\/image\\\/\",\"url\":\"https:\\\/\\\/www.dillerbottle.com\\\/wp-content\\\/uploads\\\/2024\\\/09\\\/49918bfa848dcc1e9f8b509933603ac.png\",\"contentUrl\":\"https:\\\/\\\/www.dillerbottle.com\\\/wp-content\\\/uploads\\\/2024\\\/09\\\/49918bfa848dcc1e9f8b509933603ac.png\",\"width\":988,\"height\":198,\"caption\":\"Diller Water Bottle Manufacturer\"},\"image\":{\"@id\":\"https:\\\/\\\/www.dillerbottle.com\\\/#\\\/schema\\\/logo\\\/image\\\/\"}}]}<\/script>\n<!-- \/ Yoast SEO Premium plugin. -->","yoast_head_json":{"title":"Bouteille d&#039;eau en plastique transparente - Fabricant de bouteilles d&#039;eau Diller","description":"En tant que l&#039;un des meilleurs fabricants et fournisseurs de bouteilles d&#039;eau en plastique transparentes, nous sommes engag\u00e9s dans la fabrication de bouteilles d&#039;eau de bonne qualit\u00e9. Nous vous invitons chaleureusement \u00e0 vendre en gros ou \u00e0 acheter chez nous des bouteilles d&#039;eau en plastique transparentes sur mesure \u00e0 un prix comp\u00e9titif. De plus, les commandes en petites quantit\u00e9s sont acceptables.","robots":{"index":"index","follow":"follow","max-snippet":"max-snippet:-1","max-image-preview":"max-image-preview:large","max-video-preview":"max-video-preview:-1"},"canonical":"https:\/\/www.dillerbottle.com\/fr\/produits\/bouteille-deau-en-plastique-transparente","og_locale":"fr_FR","og_type":"article","og_title":"Transparent Plastic Water Bottle","og_description":"As one of the best transparent plastic water bottle manufacturers and suppliers, we are engaged in manufacturing good quality water bottles. We warmly welcome you to wholesale or buy custom made transparent plastic water bottle at competitive price from us. Also, small quantity orders are acceptable.","og_url":"https:\/\/www.dillerbottle.com\/fr\/produits\/bouteille-deau-en-plastique-transparente","og_site_name":"Diller Water Bottle Manufacturer","article_modified_time":"2025-07-10T01:21:25+00:00","og_image":[{"width":730,"height":730,"url":"https:\/\/www.dillerbottle.com\/wp-content\/uploads\/2024\/09\/transparent-plastic-water-bottle56195640467.jpg","type":"image\/jpeg"}],"twitter_card":"summary_large_image","twitter_misc":{"Dur\u00e9e de lecture estim\u00e9e":"3 minutes"},"schema":{"@context":"https:\/\/schema.org","@graph":[{"@type":"WebPage","@id":"https:\/\/www.dillerbottle.com\/my\/produk\/botol-air-plastik-lutsinar","url":"https:\/\/www.dillerbottle.com\/my\/produk\/botol-air-plastik-lutsinar","name":"Bouteille d&#039;eau en plastique transparente - Fabricant de bouteilles d&#039;eau Diller","isPartOf":{"@id":"https:\/\/www.dillerbottle.com\/#website"},"primaryImageOfPage":{"@id":"https:\/\/www.dillerbottle.com\/my\/produk\/botol-air-plastik-lutsinar#primaryimage"},"image":{"@id":"https:\/\/www.dillerbottle.com\/my\/produk\/botol-air-plastik-lutsinar#primaryimage"},"thumbnailUrl":"https:\/\/www.dillerbottle.com\/wp-content\/uploads\/2024\/09\/transparent-plastic-water-bottle56195640467.jpg","datePublished":"2024-09-27T09:59:40+00:00","dateModified":"2025-07-10T01:21:25+00:00","description":"En tant que l&#039;un des meilleurs fabricants et fournisseurs de bouteilles d&#039;eau en plastique transparentes, nous sommes engag\u00e9s dans la fabrication de bouteilles d&#039;eau de bonne qualit\u00e9. Nous vous invitons chaleureusement \u00e0 vendre en gros ou \u00e0 acheter chez nous des bouteilles d&#039;eau en plastique transparentes sur mesure \u00e0 un prix comp\u00e9titif. De plus, les commandes en petites quantit\u00e9s sont acceptables.","breadcrumb":{"@id":"https:\/\/www.dillerbottle.com\/my\/produk\/botol-air-plastik-lutsinar#breadcrumb"},"inLanguage":"fr-FR","potentialAction":[{"@type":"ReadAction","target":["https:\/\/www.dillerbottle.com\/my\/produk\/botol-air-plastik-lutsinar"]}]},{"@type":"ImageObject","inLanguage":"fr-FR","@id":"https:\/\/www.dillerbottle.com\/my\/produk\/botol-air-plastik-lutsinar#primaryimage","url":"https:\/\/www.dillerbottle.com\/wp-content\/uploads\/2024\/09\/transparent-plastic-water-bottle56195640467.jpg","contentUrl":"https:\/\/www.dillerbottle.com\/wp-content\/uploads\/2024\/09\/transparent-plastic-water-bottle56195640467.jpg","width":730,"height":730},{"@type":"BreadcrumbList","@id":"https:\/\/www.dillerbottle.com\/my\/produk\/botol-air-plastik-lutsinar#breadcrumb","itemListElement":[{"@type":"ListItem","position":1,"name":"Home","item":"https:\/\/www.dillerbottle.com\/"},{"@type":"ListItem","position":2,"name":"Products","item":"https:\/\/www.dillerbottle.com\/shop"},{"@type":"ListItem","position":3,"name":"Transparent Plastic Water Bottle"}]},{"@type":"WebSite","@id":"https:\/\/www.dillerbottle.com\/#website","url":"https:\/\/www.dillerbottle.com\/","name":"Fabricant de bouteilles d&#039;eau Diller","description":"Fabricant de bouteilles d&#039;eau","publisher":{"@id":"https:\/\/www.dillerbottle.com\/#organization"},"potentialAction":[{"@type":"SearchAction","target":{"@type":"EntryPoint","urlTemplate":"https:\/\/www.dillerbottle.com\/?s={search_term_string}"},"query-input":{"@type":"PropertyValueSpecification","valueRequired":true,"valueName":"search_term_string"}}],"inLanguage":"fr-FR"},{"@type":"Organization","@id":"https:\/\/www.dillerbottle.com\/#organization","name":"Fabricant de bouteilles d&#039;eau Diller","url":"https:\/\/www.dillerbottle.com\/","logo":{"@type":"ImageObject","inLanguage":"fr-FR","@id":"https:\/\/www.dillerbottle.com\/#\/schema\/logo\/image\/","url":"https:\/\/www.dillerbottle.com\/wp-content\/uploads\/2024\/09\/49918bfa848dcc1e9f8b509933603ac.png","contentUrl":"https:\/\/www.dillerbottle.com\/wp-content\/uploads\/2024\/09\/49918bfa848dcc1e9f8b509933603ac.png","width":988,"height":198,"caption":"Diller Water Bottle Manufacturer"},"image":{"@id":"https:\/\/www.dillerbottle.com\/#\/schema\/logo\/image\/"}}]}},"_links":{"self":[{"href":"https:\/\/www.dillerbottle.com\/fr\/wp-json\/wp\/v2\/product\/5594","targetHints":{"allow":["GET"]}}],"collection":[{"href":"https:\/\/www.dillerbottle.com\/fr\/wp-json\/wp\/v2\/product"}],"about":[{"href":"https:\/\/www.dillerbottle.com\/fr\/wp-json\/wp\/v2\/types\/product"}],"replies":[{"embeddable":true,"href":"https:\/\/www.dillerbottle.com\/fr\/wp-json\/wp\/v2\/comments?post=5594"}],"wp:featuredmedia":[{"embeddable":true,"href":"https:\/\/www.dillerbottle.com\/fr\/wp-json\/wp\/v2\/media\/5595"}],"wp:attachment":[{"href":"https:\/\/www.dillerbottle.com\/fr\/wp-json\/wp\/v2\/media?parent=5594"}],"wp:term":[{"taxonomy":"product_brand","embeddable":true,"href":"https:\/\/www.dillerbottle.com\/fr\/wp-json\/wp\/v2\/product_brand?post=5594"},{"taxonomy":"product_cat","embeddable":true,"href":"https:\/\/www.dillerbottle.com\/fr\/wp-json\/wp\/v2\/product_cat?post=5594"},{"taxonomy":"product_tag","embeddable":true,"href":"https:\/\/www.dillerbottle.com\/fr\/wp-json\/wp\/v2\/product_tag?post=5594"}],"curies":[{"name":"wp","href":"https:\/\/api.w.org\/{rel}","templated":true}]}}