{"id":5837,"date":"2024-09-27T18:02:07","date_gmt":"2024-09-27T10:02:07","guid":{"rendered":"https:\/\/demo.dillerbottle.com\/uncategorized\/food-grade-plastic-water-bottles"},"modified":"2025-07-09T18:02:04","modified_gmt":"2025-07-09T10:02:04","slug":"bouteilles-deau-en-plastique-de-qualite-alimentaire","status":"publish","type":"product","link":"https:\/\/www.dillerbottle.com\/fr\/products\/food-grade-plastic-water-bottles","title":{"rendered":"Bouteilles d&#039;eau en plastique de qualit\u00e9 alimentaire"},"content":{"rendered":"<p>Caract\u00e9ristiques:<\/p>\n<p>1. Cette bouteille d'eau en plastique est fabriqu\u00e9e en Tritan de qualit\u00e9 alimentaire, sans BPA, non toxique et tr\u00e8s r\u00e9sistante aux chocs.<\/p>\n<p>2. La bouteille d'eau est dot\u00e9e d'un grand infuseur de th\u00e9 qui peut \u00eatre utilis\u00e9 pour infuser du th\u00e9 aux fruits ou du th\u00e9 aux fleurs.<\/p>\n<p>3. Corde en nylon portable, pratique \u00e0 transporter. Excellent pour partager ou se d\u00e9placer.<\/p>\n<p>4. L'ouverture large facilite le nettoyage et l'ajout de gla\u00e7ons, ce qui permet de pr\u00e9parer facilement diverses boissons.<\/p>\n<p>5. La paille est \u00e9quip\u00e9e d'un bouchon de paille, qui est \u00e9tanche \u00e0 la poussi\u00e8re et aux fuites.<\/p>\n<p>OEM et ODM acceptables.<br \/>\nNous pouvons personnaliser la gourde en fonction de vos besoins.<br \/>\nBienvenue \u00e0 l&#039;achat en gros, envoyez une demande maintenant !<\/p>","protected":false},"excerpt":{"rendered":"<p>Cette bouteille d'eau en plastique est fabriqu\u00e9e en Tritan de qualit\u00e9 alimentaire, sans BPA, non toxique et tr\u00e8s r\u00e9sistante aux chocs.<br \/>\nLa bouteille d'eau est dot\u00e9e d'un grand infuseur de th\u00e9 qui peut \u00eatre utilis\u00e9 pour infuser du th\u00e9 aux fruits ou du th\u00e9 aux fleurs.<br \/>\nCorde en nylon portable, pratique \u00e0 transporter. Excellent pour partager ou se d\u00e9placer.<br \/>\nLe large goulot facilite le nettoyage et l'ajout de gla\u00e7ons, ce qui permet de pr\u00e9parer facilement diverses boissons.<br \/>\nLa paille est \u00e9quip\u00e9e d'un bouchon de paille, qui est \u00e9tanche \u00e0 la poussi\u00e8re et aux fuites.<br \/>\nOEM et ODM acceptables.<\/p>","protected":false},"featured_media":15919,"comment_status":"open","ping_status":"closed","template":"","meta":{"_acf_changed":false},"product_brand":[],"product_cat":[309],"product_tag":[422,366,32,36,33,31,403,485,39,38,29,37,34,322,35,28,370,345,30],"class_list":{"0":"post-5837","1":"product","2":"type-product","3":"status-publish","4":"has-post-thumbnail","6":"product_cat-plastic-water-bottle","7":"product_tag-1100-litle-water-bottle","8":"product_tag-500ml-plastic-water-bottle","9":"product_tag-best","10":"product_tag-bulk","11":"product_tag-buy","12":"product_tag-custom","13":"product_tag-custom-branded-water-bottle","14":"product_tag-food-grade-plastic-water-bottles","15":"product_tag-for-sale","16":"product_tag-good-quality","17":"product_tag-manufacturers","18":"product_tag-manufacturing","19":"product_tag-price","20":"product_tag-slim-plastic-water-bottle","21":"product_tag-small","22":"product_tag-suppliers","23":"product_tag-tritan-bpa-free-fitness-sports-water-bottles","24":"product_tag-water-bottle-2-litre","25":"product_tag-wholesale","27":"first","28":"instock","29":"shipping-taxable","30":"product-type-simple"},"acf":[],"yoast_head":"<!-- This site is optimized with the Yoast SEO Premium plugin v27.5 (Yoast SEO v27.5) - https:\/\/yoast.com\/product\/yoast-seo-premium-wordpress\/ -->\n<title>Food Grade Plastic Water Bottles - Diller Water Bottle Manufacturer<\/title>\n<meta name=\"description\" content=\"As one of the best food grade plastic water bottles manufacturers and suppliers, we are engaged in manufacturing good quality water bottles. We warmly welcome you to wholesale or buy custom made food grade plastic water bottles at competitive price from us. Also, small quantity orders are acceptable.\" \/>\n<meta name=\"robots\" content=\"index, follow, max-snippet:-1, max-image-preview:large, max-video-preview:-1\" \/>\n<link rel=\"canonical\" href=\"https:\/\/www.dillerbottle.com\/fr\/produits\/bouteilles-deau-en-plastique-de-qualite-alimentaire\" \/>\n<meta property=\"og:locale\" content=\"fr_FR\" \/>\n<meta property=\"og:type\" content=\"article\" \/>\n<meta property=\"og:title\" content=\"Food Grade Plastic Water Bottles\" \/>\n<meta property=\"og:description\" content=\"As one of the best food grade plastic water bottles manufacturers and suppliers, we are engaged in manufacturing good quality water bottles. We warmly welcome you to wholesale or buy custom made food grade plastic water bottles at competitive price from us. Also, small quantity orders are acceptable.\" \/>\n<meta property=\"og:url\" content=\"https:\/\/www.dillerbottle.com\/fr\/produits\/bouteilles-deau-en-plastique-de-qualite-alimentaire\" \/>\n<meta property=\"og:site_name\" content=\"Diller Water Bottle Manufacturer\" \/>\n<meta property=\"article:modified_time\" content=\"2025-07-09T10:02:04+00:00\" \/>\n<meta property=\"og:image\" content=\"https:\/\/www.dillerbottle.com\/wp-content\/uploads\/2024\/09\/food-grade-plastic-water-bottles-pink.jpg\" \/>\n\t<meta property=\"og:image:width\" content=\"800\" \/>\n\t<meta property=\"og:image:height\" content=\"800\" \/>\n\t<meta property=\"og:image:type\" content=\"image\/jpeg\" \/>\n<meta name=\"twitter:card\" content=\"summary_large_image\" \/>\n<meta name=\"twitter:label1\" content=\"Dur\u00e9e de lecture estim\u00e9e\" \/>\n\t<meta name=\"twitter:data1\" content=\"3 minutes\" \/>\n<script type=\"application\/ld+json\" class=\"yoast-schema-graph\">{\"@context\":\"https:\\\/\\\/schema.org\",\"@graph\":[{\"@type\":\"WebPage\",\"@id\":\"https:\\\/\\\/www.dillerbottle.com\\\/th\\\/%e0%b8%aa%e0%b8%b4%e0%b8%99%e0%b8%84%e0%b9%89%e0%b8%b2\\\/%e0%b8%82%e0%b8%a7%e0%b8%94%e0%b8%99%e0%b9%89%e0%b8%b3%e0%b8%9e%e0%b8%a5%e0%b8%b2%e0%b8%aa%e0%b8%95%e0%b8%b4%e0%b8%81%e0%b9%80%e0%b8%81%e0%b8%a3%e0%b8%94%e0%b8%ad%e0%b8%b2%e0%b8%ab%e0%b8%b2%e0%b8%a3\",\"url\":\"https:\\\/\\\/www.dillerbottle.com\\\/th\\\/%e0%b8%aa%e0%b8%b4%e0%b8%99%e0%b8%84%e0%b9%89%e0%b8%b2\\\/%e0%b8%82%e0%b8%a7%e0%b8%94%e0%b8%99%e0%b9%89%e0%b8%b3%e0%b8%9e%e0%b8%a5%e0%b8%b2%e0%b8%aa%e0%b8%95%e0%b8%b4%e0%b8%81%e0%b9%80%e0%b8%81%e0%b8%a3%e0%b8%94%e0%b8%ad%e0%b8%b2%e0%b8%ab%e0%b8%b2%e0%b8%a3\",\"name\":\"Food Grade Plastic Water Bottles - Diller Water Bottle Manufacturer\",\"isPartOf\":{\"@id\":\"https:\\\/\\\/www.dillerbottle.com\\\/#website\"},\"primaryImageOfPage\":{\"@id\":\"https:\\\/\\\/www.dillerbottle.com\\\/th\\\/%e0%b8%aa%e0%b8%b4%e0%b8%99%e0%b8%84%e0%b9%89%e0%b8%b2\\\/%e0%b8%82%e0%b8%a7%e0%b8%94%e0%b8%99%e0%b9%89%e0%b8%b3%e0%b8%9e%e0%b8%a5%e0%b8%b2%e0%b8%aa%e0%b8%95%e0%b8%b4%e0%b8%81%e0%b9%80%e0%b8%81%e0%b8%a3%e0%b8%94%e0%b8%ad%e0%b8%b2%e0%b8%ab%e0%b8%b2%e0%b8%a3#primaryimage\"},\"image\":{\"@id\":\"https:\\\/\\\/www.dillerbottle.com\\\/th\\\/%e0%b8%aa%e0%b8%b4%e0%b8%99%e0%b8%84%e0%b9%89%e0%b8%b2\\\/%e0%b8%82%e0%b8%a7%e0%b8%94%e0%b8%99%e0%b9%89%e0%b8%b3%e0%b8%9e%e0%b8%a5%e0%b8%b2%e0%b8%aa%e0%b8%95%e0%b8%b4%e0%b8%81%e0%b9%80%e0%b8%81%e0%b8%a3%e0%b8%94%e0%b8%ad%e0%b8%b2%e0%b8%ab%e0%b8%b2%e0%b8%a3#primaryimage\"},\"thumbnailUrl\":\"https:\\\/\\\/www.dillerbottle.com\\\/wp-content\\\/uploads\\\/2024\\\/09\\\/food-grade-plastic-water-bottles-pink.jpg\",\"datePublished\":\"2024-09-27T10:02:07+00:00\",\"dateModified\":\"2025-07-09T10:02:04+00:00\",\"description\":\"As one of the best food grade plastic water bottles manufacturers and suppliers, we are engaged in manufacturing good quality water bottles. We warmly welcome you to wholesale or buy custom made food grade plastic water bottles at competitive price from us. Also, small quantity orders are acceptable.\",\"breadcrumb\":{\"@id\":\"https:\\\/\\\/www.dillerbottle.com\\\/th\\\/%e0%b8%aa%e0%b8%b4%e0%b8%99%e0%b8%84%e0%b9%89%e0%b8%b2\\\/%e0%b8%82%e0%b8%a7%e0%b8%94%e0%b8%99%e0%b9%89%e0%b8%b3%e0%b8%9e%e0%b8%a5%e0%b8%b2%e0%b8%aa%e0%b8%95%e0%b8%b4%e0%b8%81%e0%b9%80%e0%b8%81%e0%b8%a3%e0%b8%94%e0%b8%ad%e0%b8%b2%e0%b8%ab%e0%b8%b2%e0%b8%a3#breadcrumb\"},\"inLanguage\":\"fr-FR\",\"potentialAction\":[{\"@type\":\"ReadAction\",\"target\":[\"https:\\\/\\\/www.dillerbottle.com\\\/th\\\/%e0%b8%aa%e0%b8%b4%e0%b8%99%e0%b8%84%e0%b9%89%e0%b8%b2\\\/%e0%b8%82%e0%b8%a7%e0%b8%94%e0%b8%99%e0%b9%89%e0%b8%b3%e0%b8%9e%e0%b8%a5%e0%b8%b2%e0%b8%aa%e0%b8%95%e0%b8%b4%e0%b8%81%e0%b9%80%e0%b8%81%e0%b8%a3%e0%b8%94%e0%b8%ad%e0%b8%b2%e0%b8%ab%e0%b8%b2%e0%b8%a3\"]}]},{\"@type\":\"ImageObject\",\"inLanguage\":\"fr-FR\",\"@id\":\"https:\\\/\\\/www.dillerbottle.com\\\/th\\\/%e0%b8%aa%e0%b8%b4%e0%b8%99%e0%b8%84%e0%b9%89%e0%b8%b2\\\/%e0%b8%82%e0%b8%a7%e0%b8%94%e0%b8%99%e0%b9%89%e0%b8%b3%e0%b8%9e%e0%b8%a5%e0%b8%b2%e0%b8%aa%e0%b8%95%e0%b8%b4%e0%b8%81%e0%b9%80%e0%b8%81%e0%b8%a3%e0%b8%94%e0%b8%ad%e0%b8%b2%e0%b8%ab%e0%b8%b2%e0%b8%a3#primaryimage\",\"url\":\"https:\\\/\\\/www.dillerbottle.com\\\/wp-content\\\/uploads\\\/2024\\\/09\\\/food-grade-plastic-water-bottles-pink.jpg\",\"contentUrl\":\"https:\\\/\\\/www.dillerbottle.com\\\/wp-content\\\/uploads\\\/2024\\\/09\\\/food-grade-plastic-water-bottles-pink.jpg\",\"width\":800,\"height\":800},{\"@type\":\"BreadcrumbList\",\"@id\":\"https:\\\/\\\/www.dillerbottle.com\\\/th\\\/%e0%b8%aa%e0%b8%b4%e0%b8%99%e0%b8%84%e0%b9%89%e0%b8%b2\\\/%e0%b8%82%e0%b8%a7%e0%b8%94%e0%b8%99%e0%b9%89%e0%b8%b3%e0%b8%9e%e0%b8%a5%e0%b8%b2%e0%b8%aa%e0%b8%95%e0%b8%b4%e0%b8%81%e0%b9%80%e0%b8%81%e0%b8%a3%e0%b8%94%e0%b8%ad%e0%b8%b2%e0%b8%ab%e0%b8%b2%e0%b8%a3#breadcrumb\",\"itemListElement\":[{\"@type\":\"ListItem\",\"position\":1,\"name\":\"Home\",\"item\":\"https:\\\/\\\/www.dillerbottle.com\\\/\"},{\"@type\":\"ListItem\",\"position\":2,\"name\":\"Products\",\"item\":\"https:\\\/\\\/www.dillerbottle.com\\\/shop\"},{\"@type\":\"ListItem\",\"position\":3,\"name\":\"Food Grade Plastic Water Bottles\"}]},{\"@type\":\"WebSite\",\"@id\":\"https:\\\/\\\/www.dillerbottle.com\\\/#website\",\"url\":\"https:\\\/\\\/www.dillerbottle.com\\\/\",\"name\":\"Diller Water Bottle Manufacturer\",\"description\":\"Water Bottle Manufacturer\",\"publisher\":{\"@id\":\"https:\\\/\\\/www.dillerbottle.com\\\/#organization\"},\"potentialAction\":[{\"@type\":\"SearchAction\",\"target\":{\"@type\":\"EntryPoint\",\"urlTemplate\":\"https:\\\/\\\/www.dillerbottle.com\\\/?s={search_term_string}\"},\"query-input\":{\"@type\":\"PropertyValueSpecification\",\"valueRequired\":true,\"valueName\":\"search_term_string\"}}],\"inLanguage\":\"fr-FR\"},{\"@type\":\"Organization\",\"@id\":\"https:\\\/\\\/www.dillerbottle.com\\\/#organization\",\"name\":\"Diller Water Bottle Manufacturer\",\"url\":\"https:\\\/\\\/www.dillerbottle.com\\\/\",\"logo\":{\"@type\":\"ImageObject\",\"inLanguage\":\"fr-FR\",\"@id\":\"https:\\\/\\\/www.dillerbottle.com\\\/#\\\/schema\\\/logo\\\/image\\\/\",\"url\":\"https:\\\/\\\/www.dillerbottle.com\\\/wp-content\\\/uploads\\\/2024\\\/09\\\/49918bfa848dcc1e9f8b509933603ac.png\",\"contentUrl\":\"https:\\\/\\\/www.dillerbottle.com\\\/wp-content\\\/uploads\\\/2024\\\/09\\\/49918bfa848dcc1e9f8b509933603ac.png\",\"width\":988,\"height\":198,\"caption\":\"Diller Water Bottle Manufacturer\"},\"image\":{\"@id\":\"https:\\\/\\\/www.dillerbottle.com\\\/#\\\/schema\\\/logo\\\/image\\\/\"}}]}<\/script>\n<!-- \/ Yoast SEO Premium plugin. -->","yoast_head_json":{"title":"Bouteilles d&#039;eau en plastique de qualit\u00e9 alimentaire - Fabricant de bouteilles d&#039;eau Diller","description":"En tant que l&#039;un des meilleurs fabricants et fournisseurs de bouteilles d&#039;eau en plastique de qualit\u00e9 alimentaire, nous sommes engag\u00e9s dans la fabrication de bouteilles d&#039;eau de bonne qualit\u00e9. Nous vous invitons chaleureusement \u00e0 vendre en gros ou \u00e0 acheter des bouteilles d&#039;eau en plastique de qualit\u00e9 alimentaire sur mesure \u00e0 un prix comp\u00e9titif chez nous. De plus, les commandes en petites quantit\u00e9s sont acceptables.","robots":{"index":"index","follow":"follow","max-snippet":"max-snippet:-1","max-image-preview":"max-image-preview:large","max-video-preview":"max-video-preview:-1"},"canonical":"https:\/\/www.dillerbottle.com\/fr\/produits\/bouteilles-deau-en-plastique-de-qualite-alimentaire","og_locale":"fr_FR","og_type":"article","og_title":"Food Grade Plastic Water Bottles","og_description":"As one of the best food grade plastic water bottles manufacturers and suppliers, we are engaged in manufacturing good quality water bottles. We warmly welcome you to wholesale or buy custom made food grade plastic water bottles at competitive price from us. Also, small quantity orders are acceptable.","og_url":"https:\/\/www.dillerbottle.com\/fr\/produits\/bouteilles-deau-en-plastique-de-qualite-alimentaire","og_site_name":"Diller Water Bottle Manufacturer","article_modified_time":"2025-07-09T10:02:04+00:00","og_image":[{"width":800,"height":800,"url":"https:\/\/www.dillerbottle.com\/wp-content\/uploads\/2024\/09\/food-grade-plastic-water-bottles-pink.jpg","type":"image\/jpeg"}],"twitter_card":"summary_large_image","twitter_misc":{"Dur\u00e9e de lecture estim\u00e9e":"3 minutes"},"schema":{"@context":"https:\/\/schema.org","@graph":[{"@type":"WebPage","@id":"https:\/\/www.dillerbottle.com\/th\/%e0%b8%aa%e0%b8%b4%e0%b8%99%e0%b8%84%e0%b9%89%e0%b8%b2\/%e0%b8%82%e0%b8%a7%e0%b8%94%e0%b8%99%e0%b9%89%e0%b8%b3%e0%b8%9e%e0%b8%a5%e0%b8%b2%e0%b8%aa%e0%b8%95%e0%b8%b4%e0%b8%81%e0%b9%80%e0%b8%81%e0%b8%a3%e0%b8%94%e0%b8%ad%e0%b8%b2%e0%b8%ab%e0%b8%b2%e0%b8%a3","url":"https:\/\/www.dillerbottle.com\/th\/%e0%b8%aa%e0%b8%b4%e0%b8%99%e0%b8%84%e0%b9%89%e0%b8%b2\/%e0%b8%82%e0%b8%a7%e0%b8%94%e0%b8%99%e0%b9%89%e0%b8%b3%e0%b8%9e%e0%b8%a5%e0%b8%b2%e0%b8%aa%e0%b8%95%e0%b8%b4%e0%b8%81%e0%b9%80%e0%b8%81%e0%b8%a3%e0%b8%94%e0%b8%ad%e0%b8%b2%e0%b8%ab%e0%b8%b2%e0%b8%a3","name":"Bouteilles d&#039;eau en plastique de qualit\u00e9 alimentaire - Fabricant de bouteilles d&#039;eau Diller","isPartOf":{"@id":"https:\/\/www.dillerbottle.com\/#website"},"primaryImageOfPage":{"@id":"https:\/\/www.dillerbottle.com\/th\/%e0%b8%aa%e0%b8%b4%e0%b8%99%e0%b8%84%e0%b9%89%e0%b8%b2\/%e0%b8%82%e0%b8%a7%e0%b8%94%e0%b8%99%e0%b9%89%e0%b8%b3%e0%b8%9e%e0%b8%a5%e0%b8%b2%e0%b8%aa%e0%b8%95%e0%b8%b4%e0%b8%81%e0%b9%80%e0%b8%81%e0%b8%a3%e0%b8%94%e0%b8%ad%e0%b8%b2%e0%b8%ab%e0%b8%b2%e0%b8%a3#primaryimage"},"image":{"@id":"https:\/\/www.dillerbottle.com\/th\/%e0%b8%aa%e0%b8%b4%e0%b8%99%e0%b8%84%e0%b9%89%e0%b8%b2\/%e0%b8%82%e0%b8%a7%e0%b8%94%e0%b8%99%e0%b9%89%e0%b8%b3%e0%b8%9e%e0%b8%a5%e0%b8%b2%e0%b8%aa%e0%b8%95%e0%b8%b4%e0%b8%81%e0%b9%80%e0%b8%81%e0%b8%a3%e0%b8%94%e0%b8%ad%e0%b8%b2%e0%b8%ab%e0%b8%b2%e0%b8%a3#primaryimage"},"thumbnailUrl":"https:\/\/www.dillerbottle.com\/wp-content\/uploads\/2024\/09\/food-grade-plastic-water-bottles-pink.jpg","datePublished":"2024-09-27T10:02:07+00:00","dateModified":"2025-07-09T10:02:04+00:00","description":"En tant que l&#039;un des meilleurs fabricants et fournisseurs de bouteilles d&#039;eau en plastique de qualit\u00e9 alimentaire, nous sommes engag\u00e9s dans la fabrication de bouteilles d&#039;eau de bonne qualit\u00e9. Nous vous invitons chaleureusement \u00e0 vendre en gros ou \u00e0 acheter des bouteilles d&#039;eau en plastique de qualit\u00e9 alimentaire sur mesure \u00e0 un prix comp\u00e9titif chez nous. De plus, les commandes en petites quantit\u00e9s sont acceptables.","breadcrumb":{"@id":"https:\/\/www.dillerbottle.com\/th\/%e0%b8%aa%e0%b8%b4%e0%b8%99%e0%b8%84%e0%b9%89%e0%b8%b2\/%e0%b8%82%e0%b8%a7%e0%b8%94%e0%b8%99%e0%b9%89%e0%b8%b3%e0%b8%9e%e0%b8%a5%e0%b8%b2%e0%b8%aa%e0%b8%95%e0%b8%b4%e0%b8%81%e0%b9%80%e0%b8%81%e0%b8%a3%e0%b8%94%e0%b8%ad%e0%b8%b2%e0%b8%ab%e0%b8%b2%e0%b8%a3#breadcrumb"},"inLanguage":"fr-FR","potentialAction":[{"@type":"ReadAction","target":["https:\/\/www.dillerbottle.com\/th\/%e0%b8%aa%e0%b8%b4%e0%b8%99%e0%b8%84%e0%b9%89%e0%b8%b2\/%e0%b8%82%e0%b8%a7%e0%b8%94%e0%b8%99%e0%b9%89%e0%b8%b3%e0%b8%9e%e0%b8%a5%e0%b8%b2%e0%b8%aa%e0%b8%95%e0%b8%b4%e0%b8%81%e0%b9%80%e0%b8%81%e0%b8%a3%e0%b8%94%e0%b8%ad%e0%b8%b2%e0%b8%ab%e0%b8%b2%e0%b8%a3"]}]},{"@type":"ImageObject","inLanguage":"fr-FR","@id":"https:\/\/www.dillerbottle.com\/th\/%e0%b8%aa%e0%b8%b4%e0%b8%99%e0%b8%84%e0%b9%89%e0%b8%b2\/%e0%b8%82%e0%b8%a7%e0%b8%94%e0%b8%99%e0%b9%89%e0%b8%b3%e0%b8%9e%e0%b8%a5%e0%b8%b2%e0%b8%aa%e0%b8%95%e0%b8%b4%e0%b8%81%e0%b9%80%e0%b8%81%e0%b8%a3%e0%b8%94%e0%b8%ad%e0%b8%b2%e0%b8%ab%e0%b8%b2%e0%b8%a3#primaryimage","url":"https:\/\/www.dillerbottle.com\/wp-content\/uploads\/2024\/09\/food-grade-plastic-water-bottles-pink.jpg","contentUrl":"https:\/\/www.dillerbottle.com\/wp-content\/uploads\/2024\/09\/food-grade-plastic-water-bottles-pink.jpg","width":800,"height":800},{"@type":"BreadcrumbList","@id":"https:\/\/www.dillerbottle.com\/th\/%e0%b8%aa%e0%b8%b4%e0%b8%99%e0%b8%84%e0%b9%89%e0%b8%b2\/%e0%b8%82%e0%b8%a7%e0%b8%94%e0%b8%99%e0%b9%89%e0%b8%b3%e0%b8%9e%e0%b8%a5%e0%b8%b2%e0%b8%aa%e0%b8%95%e0%b8%b4%e0%b8%81%e0%b9%80%e0%b8%81%e0%b8%a3%e0%b8%94%e0%b8%ad%e0%b8%b2%e0%b8%ab%e0%b8%b2%e0%b8%a3#breadcrumb","itemListElement":[{"@type":"ListItem","position":1,"name":"Home","item":"https:\/\/www.dillerbottle.com\/"},{"@type":"ListItem","position":2,"name":"Products","item":"https:\/\/www.dillerbottle.com\/shop"},{"@type":"ListItem","position":3,"name":"Food Grade Plastic Water Bottles"}]},{"@type":"WebSite","@id":"https:\/\/www.dillerbottle.com\/#website","url":"https:\/\/www.dillerbottle.com\/","name":"Fabricant de bouteilles d&#039;eau Diller","description":"Fabricant de bouteilles d&#039;eau","publisher":{"@id":"https:\/\/www.dillerbottle.com\/#organization"},"potentialAction":[{"@type":"SearchAction","target":{"@type":"EntryPoint","urlTemplate":"https:\/\/www.dillerbottle.com\/?s={search_term_string}"},"query-input":{"@type":"PropertyValueSpecification","valueRequired":true,"valueName":"search_term_string"}}],"inLanguage":"fr-FR"},{"@type":"Organization","@id":"https:\/\/www.dillerbottle.com\/#organization","name":"Fabricant de bouteilles d&#039;eau Diller","url":"https:\/\/www.dillerbottle.com\/","logo":{"@type":"ImageObject","inLanguage":"fr-FR","@id":"https:\/\/www.dillerbottle.com\/#\/schema\/logo\/image\/","url":"https:\/\/www.dillerbottle.com\/wp-content\/uploads\/2024\/09\/49918bfa848dcc1e9f8b509933603ac.png","contentUrl":"https:\/\/www.dillerbottle.com\/wp-content\/uploads\/2024\/09\/49918bfa848dcc1e9f8b509933603ac.png","width":988,"height":198,"caption":"Diller Water Bottle Manufacturer"},"image":{"@id":"https:\/\/www.dillerbottle.com\/#\/schema\/logo\/image\/"}}]}},"_links":{"self":[{"href":"https:\/\/www.dillerbottle.com\/fr\/wp-json\/wp\/v2\/product\/5837","targetHints":{"allow":["GET"]}}],"collection":[{"href":"https:\/\/www.dillerbottle.com\/fr\/wp-json\/wp\/v2\/product"}],"about":[{"href":"https:\/\/www.dillerbottle.com\/fr\/wp-json\/wp\/v2\/types\/product"}],"replies":[{"embeddable":true,"href":"https:\/\/www.dillerbottle.com\/fr\/wp-json\/wp\/v2\/comments?post=5837"}],"wp:featuredmedia":[{"embeddable":true,"href":"https:\/\/www.dillerbottle.com\/fr\/wp-json\/wp\/v2\/media\/15919"}],"wp:attachment":[{"href":"https:\/\/www.dillerbottle.com\/fr\/wp-json\/wp\/v2\/media?parent=5837"}],"wp:term":[{"taxonomy":"product_brand","embeddable":true,"href":"https:\/\/www.dillerbottle.com\/fr\/wp-json\/wp\/v2\/product_brand?post=5837"},{"taxonomy":"product_cat","embeddable":true,"href":"https:\/\/www.dillerbottle.com\/fr\/wp-json\/wp\/v2\/product_cat?post=5837"},{"taxonomy":"product_tag","embeddable":true,"href":"https:\/\/www.dillerbottle.com\/fr\/wp-json\/wp\/v2\/product_tag?post=5837"}],"curies":[{"name":"wp","href":"https:\/\/api.w.org\/{rel}","templated":true}]}}