{"id":5957,"date":"2024-09-27T18:03:21","date_gmt":"2024-09-27T10:03:21","guid":{"rendered":"https:\/\/demo.dillerbottle.com\/uncategorized\/plastic-reusable-water-bottles"},"modified":"2025-07-09T18:00:33","modified_gmt":"2025-07-09T10:00:33","slug":"bouteilles-deau-reutilisables-en-plastique","status":"publish","type":"product","link":"https:\/\/www.dillerbottle.com\/fr\/products\/plastic-reusable-water-bottles","title":{"rendered":"Bouteilles d&#039;eau en plastique r\u00e9utilisables"},"content":{"rendered":"<p>Bouteilles d&#039;eau r\u00e9utilisables en plastique 1. Cette bouteille de sport en plastique est fabriqu\u00e9e en plastique PC durable.<br \/>\n2. Anti-fuite. Bouchon \u00e0 bascule ergonomique et buse pratique. Couvercle \u00e9tanche et verrouillable, pas besoin de s&#039;inqui\u00e9ter des fuites.<br \/>\n3.;Conception unique. Apparence simple et \u00e9l\u00e9gante. La conception du couvercle s&#039;ouvre automatiquement d&#039;une simple pression. L&#039;utilisation d&#039;une seule main est plus facile lors de la conduite ou du trajet. Surface mate givr\u00e9e pour une meilleure r\u00e9sistance au glissement et une meilleure adh\u00e9rence.<\/p>\n<div class=\"table-responsive\"><\/div>","protected":false},"excerpt":{"rendered":"<p>Cette bouteille d&#039;eau en plastique a une finition mate et est r\u00e9utilisable.<br \/>\nFabriqu\u00e9 en plastique durable, l\u00e9ger avec un anneau de transport durable, pour que vous puissiez transporter votre bouteille facilement.<br \/>\nAppuyez simplement sur le couvercle \u00e0 rabat verrouillable s\u00e9curis\u00e9 d&#039;une seule main.<br \/>\n\u00c9chantillons gratuits disponibles.<br \/>\nNous pouvons personnaliser la bouteille d&#039;eau en plastique selon vos exigences telles que le logo, le motif, la couleur, l&#039;emballage.<br \/>\nBienvenue \u00e0 l&#039;achat en gros, envoyez une demande maintenant !<\/p>","protected":false},"featured_media":5958,"comment_status":"open","ping_status":"closed","template":"","meta":{"_acf_changed":false},"product_brand":[],"product_cat":[309],"product_tag":[32,36,33,211,355,31,39,38,29,37,356,496,354,34,35,28,327,463,30],"class_list":{"0":"post-5957","1":"product","2":"type-product","3":"status-publish","4":"has-post-thumbnail","6":"product_cat-plastic-water-bottle","7":"product_tag-best","8":"product_tag-bulk","9":"product_tag-buy","10":"product_tag-clear-water-bottles","11":"product_tag-colored-water-bottle-plastic-with-straw","12":"product_tag-custom","13":"product_tag-for-sale","14":"product_tag-good-quality","15":"product_tag-manufacturers","16":"product_tag-manufacturing","17":"product_tag-minimalist-water-bottle","18":"product_tag-plastic-reusable-water-bottles","19":"product_tag-plastic-water-bottle-custom-logo","20":"product_tag-price","21":"product_tag-small","22":"product_tag-suppliers","23":"product_tag-tritan-1l-water-bottle","24":"product_tag-water-bottles-2023","25":"product_tag-wholesale","27":"first","28":"instock","29":"shipping-taxable","30":"product-type-simple"},"acf":[],"yoast_head":"<!-- This site is optimized with the Yoast SEO Premium plugin v27.5 (Yoast SEO v27.5) - https:\/\/yoast.com\/product\/yoast-seo-premium-wordpress\/ -->\n<title>Plastic Reusable Water Bottles - Diller Water Bottle Manufacturer<\/title>\n<meta name=\"description\" content=\"As one of the best plastic reusable water bottles manufacturers and suppliers, we are engaged in manufacturing good quality water bottles. We warmly welcome you to wholesale or buy custom made plastic reusable water bottles at competitive price from us. Also, small quantity orders are acceptable.\" \/>\n<meta name=\"robots\" content=\"index, follow, max-snippet:-1, max-image-preview:large, max-video-preview:-1\" \/>\n<link rel=\"canonical\" href=\"https:\/\/www.dillerbottle.com\/fr\/produits\/bouteilles-deau-reutilisables-en-plastique\" \/>\n<meta property=\"og:locale\" content=\"fr_FR\" \/>\n<meta property=\"og:type\" content=\"article\" \/>\n<meta property=\"og:title\" content=\"Plastic Reusable Water Bottles\" \/>\n<meta property=\"og:description\" content=\"As one of the best plastic reusable water bottles manufacturers and suppliers, we are engaged in manufacturing good quality water bottles. We warmly welcome you to wholesale or buy custom made plastic reusable water bottles at competitive price from us. Also, small quantity orders are acceptable.\" \/>\n<meta property=\"og:url\" content=\"https:\/\/www.dillerbottle.com\/fr\/produits\/bouteilles-deau-reutilisables-en-plastique\" \/>\n<meta property=\"og:site_name\" content=\"Diller Water Bottle Manufacturer\" \/>\n<meta property=\"article:modified_time\" content=\"2025-07-09T10:00:33+00:00\" \/>\n<meta property=\"og:image\" content=\"https:\/\/www.dillerbottle.com\/wp-content\/uploads\/2024\/09\/plastic-reusable-water-bottles43c12.jpg\" \/>\n\t<meta property=\"og:image:width\" content=\"730\" \/>\n\t<meta property=\"og:image:height\" content=\"730\" \/>\n\t<meta property=\"og:image:type\" content=\"image\/jpeg\" \/>\n<meta name=\"twitter:card\" content=\"summary_large_image\" \/>\n<meta name=\"twitter:label1\" content=\"Dur\u00e9e de lecture estim\u00e9e\" \/>\n\t<meta name=\"twitter:data1\" content=\"1 minute\" \/>\n<script type=\"application\/ld+json\" class=\"yoast-schema-graph\">{\"@context\":\"https:\\\/\\\/schema.org\",\"@graph\":[{\"@type\":\"WebPage\",\"@id\":\"https:\\\/\\\/www.dillerbottle.com\\\/ko\\\/%ec%a0%9c%ed%92%88\\\/%ed%94%8c%eb%9d%bc%ec%8a%a4%ed%8b%b1-%ec%9e%ac%ec%82%ac%ec%9a%a9-%ea%b0%80%eb%8a%a5-%eb%ac%bc%eb%b3%91\",\"url\":\"https:\\\/\\\/www.dillerbottle.com\\\/ko\\\/%ec%a0%9c%ed%92%88\\\/%ed%94%8c%eb%9d%bc%ec%8a%a4%ed%8b%b1-%ec%9e%ac%ec%82%ac%ec%9a%a9-%ea%b0%80%eb%8a%a5-%eb%ac%bc%eb%b3%91\",\"name\":\"Plastic Reusable Water Bottles - Diller Water Bottle Manufacturer\",\"isPartOf\":{\"@id\":\"https:\\\/\\\/www.dillerbottle.com\\\/#website\"},\"primaryImageOfPage\":{\"@id\":\"https:\\\/\\\/www.dillerbottle.com\\\/ko\\\/%ec%a0%9c%ed%92%88\\\/%ed%94%8c%eb%9d%bc%ec%8a%a4%ed%8b%b1-%ec%9e%ac%ec%82%ac%ec%9a%a9-%ea%b0%80%eb%8a%a5-%eb%ac%bc%eb%b3%91#primaryimage\"},\"image\":{\"@id\":\"https:\\\/\\\/www.dillerbottle.com\\\/ko\\\/%ec%a0%9c%ed%92%88\\\/%ed%94%8c%eb%9d%bc%ec%8a%a4%ed%8b%b1-%ec%9e%ac%ec%82%ac%ec%9a%a9-%ea%b0%80%eb%8a%a5-%eb%ac%bc%eb%b3%91#primaryimage\"},\"thumbnailUrl\":\"https:\\\/\\\/www.dillerbottle.com\\\/wp-content\\\/uploads\\\/2024\\\/09\\\/plastic-reusable-water-bottles43c12.jpg\",\"datePublished\":\"2024-09-27T10:03:21+00:00\",\"dateModified\":\"2025-07-09T10:00:33+00:00\",\"description\":\"As one of the best plastic reusable water bottles manufacturers and suppliers, we are engaged in manufacturing good quality water bottles. We warmly welcome you to wholesale or buy custom made plastic reusable water bottles at competitive price from us. Also, small quantity orders are acceptable.\",\"breadcrumb\":{\"@id\":\"https:\\\/\\\/www.dillerbottle.com\\\/ko\\\/%ec%a0%9c%ed%92%88\\\/%ed%94%8c%eb%9d%bc%ec%8a%a4%ed%8b%b1-%ec%9e%ac%ec%82%ac%ec%9a%a9-%ea%b0%80%eb%8a%a5-%eb%ac%bc%eb%b3%91#breadcrumb\"},\"inLanguage\":\"fr-FR\",\"potentialAction\":[{\"@type\":\"ReadAction\",\"target\":[\"https:\\\/\\\/www.dillerbottle.com\\\/ko\\\/%ec%a0%9c%ed%92%88\\\/%ed%94%8c%eb%9d%bc%ec%8a%a4%ed%8b%b1-%ec%9e%ac%ec%82%ac%ec%9a%a9-%ea%b0%80%eb%8a%a5-%eb%ac%bc%eb%b3%91\"]}]},{\"@type\":\"ImageObject\",\"inLanguage\":\"fr-FR\",\"@id\":\"https:\\\/\\\/www.dillerbottle.com\\\/ko\\\/%ec%a0%9c%ed%92%88\\\/%ed%94%8c%eb%9d%bc%ec%8a%a4%ed%8b%b1-%ec%9e%ac%ec%82%ac%ec%9a%a9-%ea%b0%80%eb%8a%a5-%eb%ac%bc%eb%b3%91#primaryimage\",\"url\":\"https:\\\/\\\/www.dillerbottle.com\\\/wp-content\\\/uploads\\\/2024\\\/09\\\/plastic-reusable-water-bottles43c12.jpg\",\"contentUrl\":\"https:\\\/\\\/www.dillerbottle.com\\\/wp-content\\\/uploads\\\/2024\\\/09\\\/plastic-reusable-water-bottles43c12.jpg\",\"width\":730,\"height\":730},{\"@type\":\"BreadcrumbList\",\"@id\":\"https:\\\/\\\/www.dillerbottle.com\\\/ko\\\/%ec%a0%9c%ed%92%88\\\/%ed%94%8c%eb%9d%bc%ec%8a%a4%ed%8b%b1-%ec%9e%ac%ec%82%ac%ec%9a%a9-%ea%b0%80%eb%8a%a5-%eb%ac%bc%eb%b3%91#breadcrumb\",\"itemListElement\":[{\"@type\":\"ListItem\",\"position\":1,\"name\":\"Home\",\"item\":\"https:\\\/\\\/www.dillerbottle.com\\\/\"},{\"@type\":\"ListItem\",\"position\":2,\"name\":\"Products\",\"item\":\"https:\\\/\\\/www.dillerbottle.com\\\/shop\"},{\"@type\":\"ListItem\",\"position\":3,\"name\":\"Plastic Reusable Water Bottles\"}]},{\"@type\":\"WebSite\",\"@id\":\"https:\\\/\\\/www.dillerbottle.com\\\/#website\",\"url\":\"https:\\\/\\\/www.dillerbottle.com\\\/\",\"name\":\"Diller Water Bottle Manufacturer\",\"description\":\"Water Bottle Manufacturer\",\"publisher\":{\"@id\":\"https:\\\/\\\/www.dillerbottle.com\\\/#organization\"},\"potentialAction\":[{\"@type\":\"SearchAction\",\"target\":{\"@type\":\"EntryPoint\",\"urlTemplate\":\"https:\\\/\\\/www.dillerbottle.com\\\/?s={search_term_string}\"},\"query-input\":{\"@type\":\"PropertyValueSpecification\",\"valueRequired\":true,\"valueName\":\"search_term_string\"}}],\"inLanguage\":\"fr-FR\"},{\"@type\":\"Organization\",\"@id\":\"https:\\\/\\\/www.dillerbottle.com\\\/#organization\",\"name\":\"Diller Water Bottle Manufacturer\",\"url\":\"https:\\\/\\\/www.dillerbottle.com\\\/\",\"logo\":{\"@type\":\"ImageObject\",\"inLanguage\":\"fr-FR\",\"@id\":\"https:\\\/\\\/www.dillerbottle.com\\\/#\\\/schema\\\/logo\\\/image\\\/\",\"url\":\"https:\\\/\\\/www.dillerbottle.com\\\/wp-content\\\/uploads\\\/2024\\\/09\\\/49918bfa848dcc1e9f8b509933603ac.png\",\"contentUrl\":\"https:\\\/\\\/www.dillerbottle.com\\\/wp-content\\\/uploads\\\/2024\\\/09\\\/49918bfa848dcc1e9f8b509933603ac.png\",\"width\":988,\"height\":198,\"caption\":\"Diller Water Bottle Manufacturer\"},\"image\":{\"@id\":\"https:\\\/\\\/www.dillerbottle.com\\\/#\\\/schema\\\/logo\\\/image\\\/\"}}]}<\/script>\n<!-- \/ Yoast SEO Premium plugin. -->","yoast_head_json":{"title":"Bouteilles d&#039;eau r\u00e9utilisables en plastique - Fabricant de bouteilles d&#039;eau Diller","description":"En tant que l&#039;un des meilleurs fabricants et fournisseurs de bouteilles d&#039;eau r\u00e9utilisables en plastique, nous sommes engag\u00e9s dans la fabrication de bouteilles d&#039;eau de bonne qualit\u00e9. Nous vous invitons chaleureusement \u00e0 vendre en gros ou \u00e0 acheter des bouteilles d&#039;eau r\u00e9utilisables en plastique sur mesure \u00e0 un prix comp\u00e9titif chez nous. De plus, les commandes en petites quantit\u00e9s sont acceptables.","robots":{"index":"index","follow":"follow","max-snippet":"max-snippet:-1","max-image-preview":"max-image-preview:large","max-video-preview":"max-video-preview:-1"},"canonical":"https:\/\/www.dillerbottle.com\/fr\/produits\/bouteilles-deau-reutilisables-en-plastique","og_locale":"fr_FR","og_type":"article","og_title":"Plastic Reusable Water Bottles","og_description":"As one of the best plastic reusable water bottles manufacturers and suppliers, we are engaged in manufacturing good quality water bottles. We warmly welcome you to wholesale or buy custom made plastic reusable water bottles at competitive price from us. Also, small quantity orders are acceptable.","og_url":"https:\/\/www.dillerbottle.com\/fr\/produits\/bouteilles-deau-reutilisables-en-plastique","og_site_name":"Diller Water Bottle Manufacturer","article_modified_time":"2025-07-09T10:00:33+00:00","og_image":[{"width":730,"height":730,"url":"https:\/\/www.dillerbottle.com\/wp-content\/uploads\/2024\/09\/plastic-reusable-water-bottles43c12.jpg","type":"image\/jpeg"}],"twitter_card":"summary_large_image","twitter_misc":{"Dur\u00e9e de lecture estim\u00e9e":"1 minute"},"schema":{"@context":"https:\/\/schema.org","@graph":[{"@type":"WebPage","@id":"https:\/\/www.dillerbottle.com\/ko\/%ec%a0%9c%ed%92%88\/%ed%94%8c%eb%9d%bc%ec%8a%a4%ed%8b%b1-%ec%9e%ac%ec%82%ac%ec%9a%a9-%ea%b0%80%eb%8a%a5-%eb%ac%bc%eb%b3%91","url":"https:\/\/www.dillerbottle.com\/ko\/%ec%a0%9c%ed%92%88\/%ed%94%8c%eb%9d%bc%ec%8a%a4%ed%8b%b1-%ec%9e%ac%ec%82%ac%ec%9a%a9-%ea%b0%80%eb%8a%a5-%eb%ac%bc%eb%b3%91","name":"Bouteilles d&#039;eau r\u00e9utilisables en plastique - Fabricant de bouteilles d&#039;eau Diller","isPartOf":{"@id":"https:\/\/www.dillerbottle.com\/#website"},"primaryImageOfPage":{"@id":"https:\/\/www.dillerbottle.com\/ko\/%ec%a0%9c%ed%92%88\/%ed%94%8c%eb%9d%bc%ec%8a%a4%ed%8b%b1-%ec%9e%ac%ec%82%ac%ec%9a%a9-%ea%b0%80%eb%8a%a5-%eb%ac%bc%eb%b3%91#primaryimage"},"image":{"@id":"https:\/\/www.dillerbottle.com\/ko\/%ec%a0%9c%ed%92%88\/%ed%94%8c%eb%9d%bc%ec%8a%a4%ed%8b%b1-%ec%9e%ac%ec%82%ac%ec%9a%a9-%ea%b0%80%eb%8a%a5-%eb%ac%bc%eb%b3%91#primaryimage"},"thumbnailUrl":"https:\/\/www.dillerbottle.com\/wp-content\/uploads\/2024\/09\/plastic-reusable-water-bottles43c12.jpg","datePublished":"2024-09-27T10:03:21+00:00","dateModified":"2025-07-09T10:00:33+00:00","description":"En tant que l&#039;un des meilleurs fabricants et fournisseurs de bouteilles d&#039;eau r\u00e9utilisables en plastique, nous sommes engag\u00e9s dans la fabrication de bouteilles d&#039;eau de bonne qualit\u00e9. Nous vous invitons chaleureusement \u00e0 vendre en gros ou \u00e0 acheter des bouteilles d&#039;eau r\u00e9utilisables en plastique sur mesure \u00e0 un prix comp\u00e9titif chez nous. De plus, les commandes en petites quantit\u00e9s sont acceptables.","breadcrumb":{"@id":"https:\/\/www.dillerbottle.com\/ko\/%ec%a0%9c%ed%92%88\/%ed%94%8c%eb%9d%bc%ec%8a%a4%ed%8b%b1-%ec%9e%ac%ec%82%ac%ec%9a%a9-%ea%b0%80%eb%8a%a5-%eb%ac%bc%eb%b3%91#breadcrumb"},"inLanguage":"fr-FR","potentialAction":[{"@type":"ReadAction","target":["https:\/\/www.dillerbottle.com\/ko\/%ec%a0%9c%ed%92%88\/%ed%94%8c%eb%9d%bc%ec%8a%a4%ed%8b%b1-%ec%9e%ac%ec%82%ac%ec%9a%a9-%ea%b0%80%eb%8a%a5-%eb%ac%bc%eb%b3%91"]}]},{"@type":"ImageObject","inLanguage":"fr-FR","@id":"https:\/\/www.dillerbottle.com\/ko\/%ec%a0%9c%ed%92%88\/%ed%94%8c%eb%9d%bc%ec%8a%a4%ed%8b%b1-%ec%9e%ac%ec%82%ac%ec%9a%a9-%ea%b0%80%eb%8a%a5-%eb%ac%bc%eb%b3%91#primaryimage","url":"https:\/\/www.dillerbottle.com\/wp-content\/uploads\/2024\/09\/plastic-reusable-water-bottles43c12.jpg","contentUrl":"https:\/\/www.dillerbottle.com\/wp-content\/uploads\/2024\/09\/plastic-reusable-water-bottles43c12.jpg","width":730,"height":730},{"@type":"BreadcrumbList","@id":"https:\/\/www.dillerbottle.com\/ko\/%ec%a0%9c%ed%92%88\/%ed%94%8c%eb%9d%bc%ec%8a%a4%ed%8b%b1-%ec%9e%ac%ec%82%ac%ec%9a%a9-%ea%b0%80%eb%8a%a5-%eb%ac%bc%eb%b3%91#breadcrumb","itemListElement":[{"@type":"ListItem","position":1,"name":"Home","item":"https:\/\/www.dillerbottle.com\/"},{"@type":"ListItem","position":2,"name":"Products","item":"https:\/\/www.dillerbottle.com\/shop"},{"@type":"ListItem","position":3,"name":"Plastic Reusable Water Bottles"}]},{"@type":"WebSite","@id":"https:\/\/www.dillerbottle.com\/#website","url":"https:\/\/www.dillerbottle.com\/","name":"Fabricant de bouteilles d&#039;eau Diller","description":"Fabricant de bouteilles d&#039;eau","publisher":{"@id":"https:\/\/www.dillerbottle.com\/#organization"},"potentialAction":[{"@type":"SearchAction","target":{"@type":"EntryPoint","urlTemplate":"https:\/\/www.dillerbottle.com\/?s={search_term_string}"},"query-input":{"@type":"PropertyValueSpecification","valueRequired":true,"valueName":"search_term_string"}}],"inLanguage":"fr-FR"},{"@type":"Organization","@id":"https:\/\/www.dillerbottle.com\/#organization","name":"Fabricant de bouteilles d&#039;eau Diller","url":"https:\/\/www.dillerbottle.com\/","logo":{"@type":"ImageObject","inLanguage":"fr-FR","@id":"https:\/\/www.dillerbottle.com\/#\/schema\/logo\/image\/","url":"https:\/\/www.dillerbottle.com\/wp-content\/uploads\/2024\/09\/49918bfa848dcc1e9f8b509933603ac.png","contentUrl":"https:\/\/www.dillerbottle.com\/wp-content\/uploads\/2024\/09\/49918bfa848dcc1e9f8b509933603ac.png","width":988,"height":198,"caption":"Diller Water Bottle Manufacturer"},"image":{"@id":"https:\/\/www.dillerbottle.com\/#\/schema\/logo\/image\/"}}]}},"_links":{"self":[{"href":"https:\/\/www.dillerbottle.com\/fr\/wp-json\/wp\/v2\/product\/5957","targetHints":{"allow":["GET"]}}],"collection":[{"href":"https:\/\/www.dillerbottle.com\/fr\/wp-json\/wp\/v2\/product"}],"about":[{"href":"https:\/\/www.dillerbottle.com\/fr\/wp-json\/wp\/v2\/types\/product"}],"replies":[{"embeddable":true,"href":"https:\/\/www.dillerbottle.com\/fr\/wp-json\/wp\/v2\/comments?post=5957"}],"wp:featuredmedia":[{"embeddable":true,"href":"https:\/\/www.dillerbottle.com\/fr\/wp-json\/wp\/v2\/media\/5958"}],"wp:attachment":[{"href":"https:\/\/www.dillerbottle.com\/fr\/wp-json\/wp\/v2\/media?parent=5957"}],"wp:term":[{"taxonomy":"product_brand","embeddable":true,"href":"https:\/\/www.dillerbottle.com\/fr\/wp-json\/wp\/v2\/product_brand?post=5957"},{"taxonomy":"product_cat","embeddable":true,"href":"https:\/\/www.dillerbottle.com\/fr\/wp-json\/wp\/v2\/product_cat?post=5957"},{"taxonomy":"product_tag","embeddable":true,"href":"https:\/\/www.dillerbottle.com\/fr\/wp-json\/wp\/v2\/product_tag?post=5957"}],"curies":[{"name":"wp","href":"https:\/\/api.w.org\/{rel}","templated":true}]}}