{"id":6271,"date":"2024-09-27T18:07:24","date_gmt":"2024-09-27T10:07:24","guid":{"rendered":"https:\/\/demo.dillerbottle.com\/uncategorized\/creative-plastic-water-bottle-with-handle"},"modified":"2025-07-09T17:55:27","modified_gmt":"2025-07-09T09:55:27","slug":"bouteille-deau-en-plastique-creative-avec-poignee","status":"publish","type":"product","link":"https:\/\/www.dillerbottle.com\/fr\/products\/creative-plastic-water-bottle-with-handle","title":{"rendered":"Bouteille d&#039;eau en plastique cr\u00e9ative avec poign\u00e9e"},"content":{"rendered":"<p>1. La bouteille d&#039;eau en plastique cr\u00e9ative avec poign\u00e9e est fabriqu\u00e9e en Tritan et en mat\u00e9riaux de qualit\u00e9 alimentaire, s\u00fbrs et sans odeur, \u00e9paissis et transparents et r\u00e9sistants aux temp\u00e9ratures \u00e9lev\u00e9es.<\/p>\n<p>2. La m\u00e9thode de boisson double avec un couvercle peut \u00eatre consomm\u00e9e directement ou avec une paille. Boucle de verrouillage anti-contact accidentel + bague d&#039;\u00e9tanch\u00e9it\u00e9 en silicone, double \u00e9tanch\u00e9it\u00e9, pas besoin de s&#039;inqui\u00e9ter des fuites d&#039;eau lorsque vous sortez.<\/p>\n<p>3. Le corps de la tasse poss\u00e8de non seulement une poign\u00e9e, mais \u00e9galement une sangle r\u00e9glable et amovible assortie, avec plusieurs m\u00e9thodes de transport au choix.<\/p>\n<p>4. Manchon de tasse en silicone antid\u00e9rapant, pas facile \u00e0 glisser lors de la tenue de la tasse, pratique et \u00e0 la mode.<\/p>","protected":false},"excerpt":{"rendered":"<p>Cette bouteille d&#039;eau en plastique cr\u00e9ative avec poign\u00e9e est fabriqu\u00e9e \u00e0 partir de Tritan durable et de mat\u00e9riaux de qualit\u00e9 alimentaire.<br \/>\nLa m\u00e9thode de boisson double avec un couvercle unique peut \u00eatre consomm\u00e9e directement ou avec une paille.<br \/>\nBoucle de verrouillage anti-contact accidentel + bague d&#039;\u00e9tanch\u00e9it\u00e9 en silicone, double \u00e9tanch\u00e9it\u00e9, pas besoin de s&#039;inqui\u00e9ter des fuites d&#039;eau lorsque vous sortez.<br \/>\nManchon de tasse en silicone antid\u00e9rapant, pas facile \u00e0 glisser lors de la tenue de la tasse, pratique et \u00e0 la mode.<br \/>\nOEM et ODM acceptables.<br \/>\nNous pouvons personnaliser la bouteille de sport en plastique selon vos besoins.<br \/>\nBienvenue \u00e0 l&#039;achat en gros, envoyez une demande maintenant !<\/p>","protected":false},"featured_media":6272,"comment_status":"open","ping_status":"closed","template":"","meta":{"_acf_changed":false},"product_brand":[],"product_cat":[309],"product_tag":[32,36,33,541,521,31,542,39,38,29,37,34,535,35,543,28,40,544,30],"class_list":{"0":"post-6271","1":"product","2":"type-product","3":"status-publish","4":"has-post-thumbnail","6":"product_cat-plastic-water-bottle","7":"product_tag-best","8":"product_tag-bulk","9":"product_tag-buy","10":"product_tag-creative-plastic-water-bottle-with-handle","11":"product_tag-cup-outdoor-travel-sports-water-bottle-with-handle","12":"product_tag-custom","13":"product_tag-double-wall-glass-water-bottle-with-tea-infuser","14":"product_tag-for-sale","15":"product_tag-good-quality","16":"product_tag-manufacturers","17":"product_tag-manufacturing","18":"product_tag-price","19":"product_tag-slim-water-bottle","20":"product_tag-small","21":"product_tag-smart-vacuum-insulated-water-bottle","22":"product_tag-suppliers","23":"product_tag-water-bottle-gym","24":"product_tag-water-bottle-handle-lifter","25":"product_tag-wholesale","27":"first","28":"instock","29":"shipping-taxable","30":"product-type-simple"},"acf":[],"yoast_head":"<!-- This site is optimized with the Yoast SEO Premium plugin v27.5 (Yoast SEO v27.5) - https:\/\/yoast.com\/product\/yoast-seo-premium-wordpress\/ -->\n<title>Creative Plastic Water Bottle With Handle - Diller Water Bottle Manufacturer<\/title>\n<meta name=\"description\" content=\"As one of the best creative plastic water bottle with handle manufacturers and suppliers, we are engaged in manufacturing good quality water bottles. We warmly welcome you to wholesale or buy custom made creative plastic water bottle with handle at competitive price from us. Also, small quantity orders are acceptable.\" \/>\n<meta name=\"robots\" content=\"index, follow, max-snippet:-1, max-image-preview:large, max-video-preview:-1\" \/>\n<link rel=\"canonical\" href=\"https:\/\/www.dillerbottle.com\/fr\/produits\/bouteille-deau-en-plastique-creative-avec-poignee\" \/>\n<meta property=\"og:locale\" content=\"fr_FR\" \/>\n<meta property=\"og:type\" content=\"article\" \/>\n<meta property=\"og:title\" content=\"Creative Plastic Water Bottle With Handle\" \/>\n<meta property=\"og:description\" content=\"As one of the best creative plastic water bottle with handle manufacturers and suppliers, we are engaged in manufacturing good quality water bottles. We warmly welcome you to wholesale or buy custom made creative plastic water bottle with handle at competitive price from us. Also, small quantity orders are acceptable.\" \/>\n<meta property=\"og:url\" content=\"https:\/\/www.dillerbottle.com\/fr\/produits\/bouteille-deau-en-plastique-creative-avec-poignee\" \/>\n<meta property=\"og:site_name\" content=\"Diller Water Bottle Manufacturer\" \/>\n<meta property=\"article:modified_time\" content=\"2025-07-09T09:55:27+00:00\" \/>\n<meta property=\"og:image\" content=\"https:\/\/www.dillerbottle.com\/wp-content\/uploads\/2024\/09\/creative-plastic-water-bottle-with-handleb6e31.jpg\" \/>\n\t<meta property=\"og:image:width\" content=\"800\" \/>\n\t<meta property=\"og:image:height\" content=\"800\" \/>\n\t<meta property=\"og:image:type\" content=\"image\/jpeg\" \/>\n<meta name=\"twitter:card\" content=\"summary_large_image\" \/>\n<meta name=\"twitter:label1\" content=\"Dur\u00e9e de lecture estim\u00e9e\" \/>\n\t<meta name=\"twitter:data1\" content=\"6 minutes\" \/>\n<script type=\"application\/ld+json\" class=\"yoast-schema-graph\">{\"@context\":\"https:\\\/\\\/schema.org\",\"@graph\":[{\"@type\":\"WebPage\",\"@id\":\"https:\\\/\\\/www.dillerbottle.com\\\/products\\\/creative-plastic-water-bottle-with-handle\",\"url\":\"https:\\\/\\\/www.dillerbottle.com\\\/products\\\/creative-plastic-water-bottle-with-handle\",\"name\":\"Creative Plastic Water Bottle With Handle - Diller Water Bottle Manufacturer\",\"isPartOf\":{\"@id\":\"https:\\\/\\\/www.dillerbottle.com\\\/#website\"},\"primaryImageOfPage\":{\"@id\":\"https:\\\/\\\/www.dillerbottle.com\\\/products\\\/creative-plastic-water-bottle-with-handle#primaryimage\"},\"image\":{\"@id\":\"https:\\\/\\\/www.dillerbottle.com\\\/products\\\/creative-plastic-water-bottle-with-handle#primaryimage\"},\"thumbnailUrl\":\"https:\\\/\\\/www.dillerbottle.com\\\/wp-content\\\/uploads\\\/2024\\\/09\\\/creative-plastic-water-bottle-with-handleb6e31.jpg\",\"datePublished\":\"2024-09-27T10:07:24+00:00\",\"dateModified\":\"2025-07-09T09:55:27+00:00\",\"description\":\"As one of the best creative plastic water bottle with handle manufacturers and suppliers, we are engaged in manufacturing good quality water bottles. We warmly welcome you to wholesale or buy custom made creative plastic water bottle with handle at competitive price from us. Also, small quantity orders are acceptable.\",\"breadcrumb\":{\"@id\":\"https:\\\/\\\/www.dillerbottle.com\\\/products\\\/creative-plastic-water-bottle-with-handle#breadcrumb\"},\"inLanguage\":\"fr-FR\",\"potentialAction\":[{\"@type\":\"ReadAction\",\"target\":[\"https:\\\/\\\/www.dillerbottle.com\\\/products\\\/creative-plastic-water-bottle-with-handle\"]}]},{\"@type\":\"ImageObject\",\"inLanguage\":\"fr-FR\",\"@id\":\"https:\\\/\\\/www.dillerbottle.com\\\/products\\\/creative-plastic-water-bottle-with-handle#primaryimage\",\"url\":\"https:\\\/\\\/www.dillerbottle.com\\\/wp-content\\\/uploads\\\/2024\\\/09\\\/creative-plastic-water-bottle-with-handleb6e31.jpg\",\"contentUrl\":\"https:\\\/\\\/www.dillerbottle.com\\\/wp-content\\\/uploads\\\/2024\\\/09\\\/creative-plastic-water-bottle-with-handleb6e31.jpg\",\"width\":800,\"height\":800},{\"@type\":\"BreadcrumbList\",\"@id\":\"https:\\\/\\\/www.dillerbottle.com\\\/products\\\/creative-plastic-water-bottle-with-handle#breadcrumb\",\"itemListElement\":[{\"@type\":\"ListItem\",\"position\":1,\"name\":\"Home\",\"item\":\"https:\\\/\\\/www.dillerbottle.com\\\/\"},{\"@type\":\"ListItem\",\"position\":2,\"name\":\"Products\",\"item\":\"https:\\\/\\\/www.dillerbottle.com\\\/shop\"},{\"@type\":\"ListItem\",\"position\":3,\"name\":\"Creative Plastic Water Bottle With Handle\"}]},{\"@type\":\"WebSite\",\"@id\":\"https:\\\/\\\/www.dillerbottle.com\\\/#website\",\"url\":\"https:\\\/\\\/www.dillerbottle.com\\\/\",\"name\":\"Diller Water Bottle Manufacturer\",\"description\":\"Water Bottle Manufacturer\",\"publisher\":{\"@id\":\"https:\\\/\\\/www.dillerbottle.com\\\/#organization\"},\"potentialAction\":[{\"@type\":\"SearchAction\",\"target\":{\"@type\":\"EntryPoint\",\"urlTemplate\":\"https:\\\/\\\/www.dillerbottle.com\\\/?s={search_term_string}\"},\"query-input\":{\"@type\":\"PropertyValueSpecification\",\"valueRequired\":true,\"valueName\":\"search_term_string\"}}],\"inLanguage\":\"fr-FR\"},{\"@type\":\"Organization\",\"@id\":\"https:\\\/\\\/www.dillerbottle.com\\\/#organization\",\"name\":\"Diller Water Bottle Manufacturer\",\"url\":\"https:\\\/\\\/www.dillerbottle.com\\\/\",\"logo\":{\"@type\":\"ImageObject\",\"inLanguage\":\"fr-FR\",\"@id\":\"https:\\\/\\\/www.dillerbottle.com\\\/#\\\/schema\\\/logo\\\/image\\\/\",\"url\":\"https:\\\/\\\/www.dillerbottle.com\\\/wp-content\\\/uploads\\\/2024\\\/09\\\/49918bfa848dcc1e9f8b509933603ac.png\",\"contentUrl\":\"https:\\\/\\\/www.dillerbottle.com\\\/wp-content\\\/uploads\\\/2024\\\/09\\\/49918bfa848dcc1e9f8b509933603ac.png\",\"width\":988,\"height\":198,\"caption\":\"Diller Water Bottle Manufacturer\"},\"image\":{\"@id\":\"https:\\\/\\\/www.dillerbottle.com\\\/#\\\/schema\\\/logo\\\/image\\\/\"}}]}<\/script>\n<!-- \/ Yoast SEO Premium plugin. -->","yoast_head_json":{"title":"Bouteille d&#039;eau en plastique cr\u00e9ative avec poign\u00e9e - Fabricant de bouteilles d&#039;eau Diller","description":"En tant que l&#039;un des meilleurs fabricants et fournisseurs de bouteilles d&#039;eau en plastique cr\u00e9atives avec poign\u00e9e, nous sommes engag\u00e9s dans la fabrication de bouteilles d&#039;eau de bonne qualit\u00e9. Nous vous invitons chaleureusement \u00e0 vendre en gros ou \u00e0 acheter chez nous des bouteilles d&#039;eau en plastique cr\u00e9atives sur mesure avec poign\u00e9e \u00e0 un prix comp\u00e9titif. De plus, les commandes en petites quantit\u00e9s sont acceptables.","robots":{"index":"index","follow":"follow","max-snippet":"max-snippet:-1","max-image-preview":"max-image-preview:large","max-video-preview":"max-video-preview:-1"},"canonical":"https:\/\/www.dillerbottle.com\/fr\/produits\/bouteille-deau-en-plastique-creative-avec-poignee","og_locale":"fr_FR","og_type":"article","og_title":"Creative Plastic Water Bottle With Handle","og_description":"As one of the best creative plastic water bottle with handle manufacturers and suppliers, we are engaged in manufacturing good quality water bottles. We warmly welcome you to wholesale or buy custom made creative plastic water bottle with handle at competitive price from us. Also, small quantity orders are acceptable.","og_url":"https:\/\/www.dillerbottle.com\/fr\/produits\/bouteille-deau-en-plastique-creative-avec-poignee","og_site_name":"Diller Water Bottle Manufacturer","article_modified_time":"2025-07-09T09:55:27+00:00","og_image":[{"width":800,"height":800,"url":"https:\/\/www.dillerbottle.com\/wp-content\/uploads\/2024\/09\/creative-plastic-water-bottle-with-handleb6e31.jpg","type":"image\/jpeg"}],"twitter_card":"summary_large_image","twitter_misc":{"Dur\u00e9e de lecture estim\u00e9e":"6 minutes"},"schema":{"@context":"https:\/\/schema.org","@graph":[{"@type":"WebPage","@id":"https:\/\/www.dillerbottle.com\/products\/creative-plastic-water-bottle-with-handle","url":"https:\/\/www.dillerbottle.com\/products\/creative-plastic-water-bottle-with-handle","name":"Bouteille d&#039;eau en plastique cr\u00e9ative avec poign\u00e9e - Fabricant de bouteilles d&#039;eau Diller","isPartOf":{"@id":"https:\/\/www.dillerbottle.com\/#website"},"primaryImageOfPage":{"@id":"https:\/\/www.dillerbottle.com\/products\/creative-plastic-water-bottle-with-handle#primaryimage"},"image":{"@id":"https:\/\/www.dillerbottle.com\/products\/creative-plastic-water-bottle-with-handle#primaryimage"},"thumbnailUrl":"https:\/\/www.dillerbottle.com\/wp-content\/uploads\/2024\/09\/creative-plastic-water-bottle-with-handleb6e31.jpg","datePublished":"2024-09-27T10:07:24+00:00","dateModified":"2025-07-09T09:55:27+00:00","description":"En tant que l&#039;un des meilleurs fabricants et fournisseurs de bouteilles d&#039;eau en plastique cr\u00e9atives avec poign\u00e9e, nous sommes engag\u00e9s dans la fabrication de bouteilles d&#039;eau de bonne qualit\u00e9. Nous vous invitons chaleureusement \u00e0 vendre en gros ou \u00e0 acheter chez nous des bouteilles d&#039;eau en plastique cr\u00e9atives sur mesure avec poign\u00e9e \u00e0 un prix comp\u00e9titif. De plus, les commandes en petites quantit\u00e9s sont acceptables.","breadcrumb":{"@id":"https:\/\/www.dillerbottle.com\/products\/creative-plastic-water-bottle-with-handle#breadcrumb"},"inLanguage":"fr-FR","potentialAction":[{"@type":"ReadAction","target":["https:\/\/www.dillerbottle.com\/products\/creative-plastic-water-bottle-with-handle"]}]},{"@type":"ImageObject","inLanguage":"fr-FR","@id":"https:\/\/www.dillerbottle.com\/products\/creative-plastic-water-bottle-with-handle#primaryimage","url":"https:\/\/www.dillerbottle.com\/wp-content\/uploads\/2024\/09\/creative-plastic-water-bottle-with-handleb6e31.jpg","contentUrl":"https:\/\/www.dillerbottle.com\/wp-content\/uploads\/2024\/09\/creative-plastic-water-bottle-with-handleb6e31.jpg","width":800,"height":800},{"@type":"BreadcrumbList","@id":"https:\/\/www.dillerbottle.com\/products\/creative-plastic-water-bottle-with-handle#breadcrumb","itemListElement":[{"@type":"ListItem","position":1,"name":"Home","item":"https:\/\/www.dillerbottle.com\/"},{"@type":"ListItem","position":2,"name":"Products","item":"https:\/\/www.dillerbottle.com\/shop"},{"@type":"ListItem","position":3,"name":"Creative Plastic Water Bottle With Handle"}]},{"@type":"WebSite","@id":"https:\/\/www.dillerbottle.com\/#website","url":"https:\/\/www.dillerbottle.com\/","name":"Fabricant de bouteilles d&#039;eau Diller","description":"Fabricant de bouteilles d&#039;eau","publisher":{"@id":"https:\/\/www.dillerbottle.com\/#organization"},"potentialAction":[{"@type":"SearchAction","target":{"@type":"EntryPoint","urlTemplate":"https:\/\/www.dillerbottle.com\/?s={search_term_string}"},"query-input":{"@type":"PropertyValueSpecification","valueRequired":true,"valueName":"search_term_string"}}],"inLanguage":"fr-FR"},{"@type":"Organization","@id":"https:\/\/www.dillerbottle.com\/#organization","name":"Fabricant de bouteilles d&#039;eau Diller","url":"https:\/\/www.dillerbottle.com\/","logo":{"@type":"ImageObject","inLanguage":"fr-FR","@id":"https:\/\/www.dillerbottle.com\/#\/schema\/logo\/image\/","url":"https:\/\/www.dillerbottle.com\/wp-content\/uploads\/2024\/09\/49918bfa848dcc1e9f8b509933603ac.png","contentUrl":"https:\/\/www.dillerbottle.com\/wp-content\/uploads\/2024\/09\/49918bfa848dcc1e9f8b509933603ac.png","width":988,"height":198,"caption":"Diller Water Bottle Manufacturer"},"image":{"@id":"https:\/\/www.dillerbottle.com\/#\/schema\/logo\/image\/"}}]}},"_links":{"self":[{"href":"https:\/\/www.dillerbottle.com\/fr\/wp-json\/wp\/v2\/product\/6271","targetHints":{"allow":["GET"]}}],"collection":[{"href":"https:\/\/www.dillerbottle.com\/fr\/wp-json\/wp\/v2\/product"}],"about":[{"href":"https:\/\/www.dillerbottle.com\/fr\/wp-json\/wp\/v2\/types\/product"}],"replies":[{"embeddable":true,"href":"https:\/\/www.dillerbottle.com\/fr\/wp-json\/wp\/v2\/comments?post=6271"}],"wp:featuredmedia":[{"embeddable":true,"href":"https:\/\/www.dillerbottle.com\/fr\/wp-json\/wp\/v2\/media\/6272"}],"wp:attachment":[{"href":"https:\/\/www.dillerbottle.com\/fr\/wp-json\/wp\/v2\/media?parent=6271"}],"wp:term":[{"taxonomy":"product_brand","embeddable":true,"href":"https:\/\/www.dillerbottle.com\/fr\/wp-json\/wp\/v2\/product_brand?post=6271"},{"taxonomy":"product_cat","embeddable":true,"href":"https:\/\/www.dillerbottle.com\/fr\/wp-json\/wp\/v2\/product_cat?post=6271"},{"taxonomy":"product_tag","embeddable":true,"href":"https:\/\/www.dillerbottle.com\/fr\/wp-json\/wp\/v2\/product_tag?post=6271"}],"curies":[{"name":"wp","href":"https:\/\/api.w.org\/{rel}","templated":true}]}}