{"id":6895,"date":"2024-09-29T09:53:13","date_gmt":"2024-09-29T01:53:13","guid":{"rendered":"https:\/\/demo.dillerbottle.com\/uncategorized\/glass-mug-with-silicone-sleeve"},"modified":"2025-07-09T17:11:25","modified_gmt":"2025-07-09T09:11:25","slug":"tasse-en-verre-avec-manchon-en-silicone","status":"publish","type":"product","link":"https:\/\/www.dillerbottle.com\/fr\/products\/glass-mug-with-silicone-sleeve","title":{"rendered":"Tasse en verre avec manchon en silicone"},"content":{"rendered":"<p>1. La bouteille d&#039;eau en verre avec manchon en silicone est fabriqu\u00e9e en verre borosilicat\u00e9. Le verre borosilicat\u00e9 durable ne se fissure pas sous des temp\u00e9ratures extr\u00eames ; le verre et le silicone sont des bouteilles d&#039;eau en verre r\u00e9utilisables, naturelles et respectueuses de l&#039;environnement qui passent au lave-vaisselle.<\/p>\n<p>2. Couvercle anti-fuite avec joint torique en silicone de qualit\u00e9 alimentaire, emp\u00eache efficacement les fuites d&#039;eau ; taille de bouche parfaite pour boire sans renverser. Peut \u00eatre consomm\u00e9 directement ou avec une paille.<\/p>\n<p>3. \u00c9quip\u00e9 d&#039;un manchon et d&#039;une sangle en silicone, il est \u00e0 la mode et antid\u00e9rapant, adapt\u00e9 \u00e0 l&#039;\u00e9cole, au bureau, au camping et \u00e0 d&#039;autres occasions.<\/p>\n<div style=\"width: 640px;\" class=\"wp-video\"><video class=\"wp-video-shortcode\" id=\"video-6895-1\" width=\"640\" height=\"360\" preload=\"metadata\" controls=\"controls\"><source type=\"video\/mp4\" src=\"\/wp-content\/uploads\/2024\/09\/66f8b30d7bb48-video202302131759529655096.mp4?_=1\" \/><a href=\"\/wp-content\/uploads\/2024\/09\/66f8b30d7bb48-video202302131759529655096.mp4\">\/wp-content\/uploads\/2024\/09\/66f8b30d7bb48-video202302131759529655096.mp4<\/a><\/video><\/div>","protected":false},"excerpt":{"rendered":"<p>Cette bouteille d&#039;eau en verre avec manchon en silicone est fabriqu\u00e9e en verre borosilicat\u00e9 \u00e9cologique et sans BPA.<br \/>\nLe verre borosilicat\u00e9 durable ne se fissure pas sous des temp\u00e9ratures extr\u00eames.<br \/>\nCouvercle anti-fuite avec joint torique en silicone de qualit\u00e9 alimentaire, emp\u00eache efficacement les fuites d&#039;eau ; taille de bouche parfaite pour boire sans d\u00e9versement.<br \/>\nPeut \u00eatre consomm\u00e9 directement ou avec une paille.<br \/>\nOEM et ODM acceptables.<br \/>\nNous pouvons personnaliser la bouteille d&#039;eau selon vos besoins.<br \/>\nBienvenue \u00e0 l&#039;achat en gros, envoyez une demande maintenant !<\/p>","protected":false},"featured_media":6896,"comment_status":"open","ping_status":"closed","template":"","meta":{"_acf_changed":false},"product_brand":[],"product_cat":[310],"product_tag":[546,515,32,588,36,33,31,39,610,602,597,38,29,37,584,34,35,28,30],"class_list":{"0":"post-6895","1":"product","2":"type-product","3":"status-publish","4":"has-post-thumbnail","6":"product_cat-glass-water-bottle","7":"product_tag-1l-water-bottle","8":"product_tag-64oz-water-bottle","9":"product_tag-best","10":"product_tag-borosilicate-glass-water-bottle","11":"product_tag-bulk","12":"product_tag-buy","13":"product_tag-custom","14":"product_tag-for-sale","15":"product_tag-glass-mug-with-silicone-sleeve","16":"product_tag-glass-water-bottle-with-silicone-sleeve","17":"product_tag-glass-water-bottle-with-time-marker","18":"product_tag-good-quality","19":"product_tag-manufacturers","20":"product_tag-manufacturing","21":"product_tag-motivational-water-bottle-bpa-free","22":"product_tag-price","23":"product_tag-small","24":"product_tag-suppliers","25":"product_tag-wholesale","27":"first","28":"instock","29":"shipping-taxable","30":"product-type-simple"},"acf":[],"yoast_head":"<!-- This site is optimized with the Yoast SEO Premium plugin v27.6 (Yoast SEO v27.6) - https:\/\/yoast.com\/product\/yoast-seo-premium-wordpress\/ -->\n<title>Glass Mug With Silicone Sleeve - Diller Water Bottle Manufacturer<\/title>\n<meta name=\"description\" content=\"As one of the best glass mug with silicone sleeve manufacturers and suppliers, we are engaged in manufacturing good quality water bottles. We warmly welcome you to wholesale or buy custom made glass mug with silicone sleeve at competitive price from us. Also, small quantity orders are acceptable.\" \/>\n<meta name=\"robots\" content=\"index, follow, max-snippet:-1, max-image-preview:large, max-video-preview:-1\" \/>\n<link rel=\"canonical\" href=\"https:\/\/www.dillerbottle.com\/fr\/produits\/tasse-en-verre-avec-manchon-en-silicone\" \/>\n<meta property=\"og:locale\" content=\"fr_FR\" \/>\n<meta property=\"og:type\" content=\"article\" \/>\n<meta property=\"og:title\" content=\"Glass Mug With Silicone Sleeve\" \/>\n<meta property=\"og:description\" content=\"As one of the best glass mug with silicone sleeve manufacturers and suppliers, we are engaged in manufacturing good quality water bottles. We warmly welcome you to wholesale or buy custom made glass mug with silicone sleeve at competitive price from us. Also, small quantity orders are acceptable.\" \/>\n<meta property=\"og:url\" content=\"https:\/\/www.dillerbottle.com\/fr\/produits\/tasse-en-verre-avec-manchon-en-silicone\" \/>\n<meta property=\"og:site_name\" content=\"Diller Water Bottle Manufacturer\" \/>\n<meta property=\"article:modified_time\" content=\"2025-07-09T09:11:25+00:00\" \/>\n<meta property=\"og:image\" content=\"https:\/\/www.dillerbottle.com\/wp-content\/uploads\/2024\/09\/glass-mug-with-silicone-sleeve950131b8-7c86-4e84-a046-1e5e80630a43.jpg\" \/>\n\t<meta property=\"og:image:width\" content=\"730\" \/>\n\t<meta property=\"og:image:height\" content=\"730\" \/>\n\t<meta property=\"og:image:type\" content=\"image\/jpeg\" \/>\n<meta name=\"twitter:card\" content=\"summary_large_image\" \/>\n<meta name=\"twitter:label1\" content=\"Dur\u00e9e de lecture estim\u00e9e\" \/>\n\t<meta name=\"twitter:data1\" content=\"4 minutes\" \/>\n<script type=\"application\/ld+json\" class=\"yoast-schema-graph\">{\"@context\":\"https:\\\/\\\/schema.org\",\"@graph\":[{\"@type\":\"WebPage\",\"@id\":\"https:\\\/\\\/www.dillerbottle.com\\\/pt\\\/produtos\\\/caneca-de-vidro-com-capa-de-silicone\",\"url\":\"https:\\\/\\\/www.dillerbottle.com\\\/pt\\\/produtos\\\/caneca-de-vidro-com-capa-de-silicone\",\"name\":\"Glass Mug With Silicone Sleeve - Diller Water Bottle Manufacturer\",\"isPartOf\":{\"@id\":\"https:\\\/\\\/www.dillerbottle.com\\\/#website\"},\"primaryImageOfPage\":{\"@id\":\"https:\\\/\\\/www.dillerbottle.com\\\/pt\\\/produtos\\\/caneca-de-vidro-com-capa-de-silicone#primaryimage\"},\"image\":{\"@id\":\"https:\\\/\\\/www.dillerbottle.com\\\/pt\\\/produtos\\\/caneca-de-vidro-com-capa-de-silicone#primaryimage\"},\"thumbnailUrl\":\"https:\\\/\\\/www.dillerbottle.com\\\/wp-content\\\/uploads\\\/2024\\\/09\\\/glass-mug-with-silicone-sleeve950131b8-7c86-4e84-a046-1e5e80630a43.jpg\",\"datePublished\":\"2024-09-29T01:53:13+00:00\",\"dateModified\":\"2025-07-09T09:11:25+00:00\",\"description\":\"As one of the best glass mug with silicone sleeve manufacturers and suppliers, we are engaged in manufacturing good quality water bottles. We warmly welcome you to wholesale or buy custom made glass mug with silicone sleeve at competitive price from us. Also, small quantity orders are acceptable.\",\"breadcrumb\":{\"@id\":\"https:\\\/\\\/www.dillerbottle.com\\\/pt\\\/produtos\\\/caneca-de-vidro-com-capa-de-silicone#breadcrumb\"},\"inLanguage\":\"fr-FR\",\"potentialAction\":[{\"@type\":\"ReadAction\",\"target\":[\"https:\\\/\\\/www.dillerbottle.com\\\/pt\\\/produtos\\\/caneca-de-vidro-com-capa-de-silicone\"]}]},{\"@type\":\"ImageObject\",\"inLanguage\":\"fr-FR\",\"@id\":\"https:\\\/\\\/www.dillerbottle.com\\\/pt\\\/produtos\\\/caneca-de-vidro-com-capa-de-silicone#primaryimage\",\"url\":\"https:\\\/\\\/www.dillerbottle.com\\\/wp-content\\\/uploads\\\/2024\\\/09\\\/glass-mug-with-silicone-sleeve950131b8-7c86-4e84-a046-1e5e80630a43.jpg\",\"contentUrl\":\"https:\\\/\\\/www.dillerbottle.com\\\/wp-content\\\/uploads\\\/2024\\\/09\\\/glass-mug-with-silicone-sleeve950131b8-7c86-4e84-a046-1e5e80630a43.jpg\",\"width\":730,\"height\":730},{\"@type\":\"BreadcrumbList\",\"@id\":\"https:\\\/\\\/www.dillerbottle.com\\\/pt\\\/produtos\\\/caneca-de-vidro-com-capa-de-silicone#breadcrumb\",\"itemListElement\":[{\"@type\":\"ListItem\",\"position\":1,\"name\":\"Home\",\"item\":\"https:\\\/\\\/www.dillerbottle.com\\\/\"},{\"@type\":\"ListItem\",\"position\":2,\"name\":\"Products\",\"item\":\"https:\\\/\\\/www.dillerbottle.com\\\/shop\"},{\"@type\":\"ListItem\",\"position\":3,\"name\":\"Glass Mug With Silicone Sleeve\"}]},{\"@type\":\"WebSite\",\"@id\":\"https:\\\/\\\/www.dillerbottle.com\\\/#website\",\"url\":\"https:\\\/\\\/www.dillerbottle.com\\\/\",\"name\":\"Diller Water Bottle Manufacturer\",\"description\":\"Water Bottle Manufacturer\",\"publisher\":{\"@id\":\"https:\\\/\\\/www.dillerbottle.com\\\/#organization\"},\"potentialAction\":[{\"@type\":\"SearchAction\",\"target\":{\"@type\":\"EntryPoint\",\"urlTemplate\":\"https:\\\/\\\/www.dillerbottle.com\\\/?s={search_term_string}\"},\"query-input\":{\"@type\":\"PropertyValueSpecification\",\"valueRequired\":true,\"valueName\":\"search_term_string\"}}],\"inLanguage\":\"fr-FR\"},{\"@type\":\"Organization\",\"@id\":\"https:\\\/\\\/www.dillerbottle.com\\\/#organization\",\"name\":\"Diller Water Bottle Manufacturer\",\"url\":\"https:\\\/\\\/www.dillerbottle.com\\\/\",\"logo\":{\"@type\":\"ImageObject\",\"inLanguage\":\"fr-FR\",\"@id\":\"https:\\\/\\\/www.dillerbottle.com\\\/#\\\/schema\\\/logo\\\/image\\\/\",\"url\":\"https:\\\/\\\/www.dillerbottle.com\\\/wp-content\\\/uploads\\\/2024\\\/09\\\/49918bfa848dcc1e9f8b509933603ac.png\",\"contentUrl\":\"https:\\\/\\\/www.dillerbottle.com\\\/wp-content\\\/uploads\\\/2024\\\/09\\\/49918bfa848dcc1e9f8b509933603ac.png\",\"width\":988,\"height\":198,\"caption\":\"Diller Water Bottle Manufacturer\"},\"image\":{\"@id\":\"https:\\\/\\\/www.dillerbottle.com\\\/#\\\/schema\\\/logo\\\/image\\\/\"}}]}<\/script>\n<!-- \/ Yoast SEO Premium plugin. -->","yoast_head_json":{"title":"Tasse en verre avec manchon en silicone - Fabricant de bouteilles d&#039;eau Diller","description":"En tant que l&#039;un des meilleurs fabricants et fournisseurs de mugs en verre avec manchon en silicone, nous sommes engag\u00e9s dans la fabrication de bouteilles d&#039;eau de bonne qualit\u00e9. Nous vous invitons chaleureusement \u00e0 vendre en gros ou \u00e0 acheter chez nous des mugs en verre sur mesure avec manchon en silicone \u00e0 un prix comp\u00e9titif. De plus, les commandes en petites quantit\u00e9s sont acceptables.","robots":{"index":"index","follow":"follow","max-snippet":"max-snippet:-1","max-image-preview":"max-image-preview:large","max-video-preview":"max-video-preview:-1"},"canonical":"https:\/\/www.dillerbottle.com\/fr\/produits\/tasse-en-verre-avec-manchon-en-silicone","og_locale":"fr_FR","og_type":"article","og_title":"Glass Mug With Silicone Sleeve","og_description":"As one of the best glass mug with silicone sleeve manufacturers and suppliers, we are engaged in manufacturing good quality water bottles. We warmly welcome you to wholesale or buy custom made glass mug with silicone sleeve at competitive price from us. Also, small quantity orders are acceptable.","og_url":"https:\/\/www.dillerbottle.com\/fr\/produits\/tasse-en-verre-avec-manchon-en-silicone","og_site_name":"Diller Water Bottle Manufacturer","article_modified_time":"2025-07-09T09:11:25+00:00","og_image":[{"width":730,"height":730,"url":"https:\/\/www.dillerbottle.com\/wp-content\/uploads\/2024\/09\/glass-mug-with-silicone-sleeve950131b8-7c86-4e84-a046-1e5e80630a43.jpg","type":"image\/jpeg"}],"twitter_card":"summary_large_image","twitter_misc":{"Dur\u00e9e de lecture estim\u00e9e":"4 minutes"},"schema":{"@context":"https:\/\/schema.org","@graph":[{"@type":"WebPage","@id":"https:\/\/www.dillerbottle.com\/pt\/produtos\/caneca-de-vidro-com-capa-de-silicone","url":"https:\/\/www.dillerbottle.com\/pt\/produtos\/caneca-de-vidro-com-capa-de-silicone","name":"Tasse en verre avec manchon en silicone - Fabricant de bouteilles d&#039;eau Diller","isPartOf":{"@id":"https:\/\/www.dillerbottle.com\/#website"},"primaryImageOfPage":{"@id":"https:\/\/www.dillerbottle.com\/pt\/produtos\/caneca-de-vidro-com-capa-de-silicone#primaryimage"},"image":{"@id":"https:\/\/www.dillerbottle.com\/pt\/produtos\/caneca-de-vidro-com-capa-de-silicone#primaryimage"},"thumbnailUrl":"https:\/\/www.dillerbottle.com\/wp-content\/uploads\/2024\/09\/glass-mug-with-silicone-sleeve950131b8-7c86-4e84-a046-1e5e80630a43.jpg","datePublished":"2024-09-29T01:53:13+00:00","dateModified":"2025-07-09T09:11:25+00:00","description":"En tant que l&#039;un des meilleurs fabricants et fournisseurs de mugs en verre avec manchon en silicone, nous sommes engag\u00e9s dans la fabrication de bouteilles d&#039;eau de bonne qualit\u00e9. Nous vous invitons chaleureusement \u00e0 vendre en gros ou \u00e0 acheter chez nous des mugs en verre sur mesure avec manchon en silicone \u00e0 un prix comp\u00e9titif. De plus, les commandes en petites quantit\u00e9s sont acceptables.","breadcrumb":{"@id":"https:\/\/www.dillerbottle.com\/pt\/produtos\/caneca-de-vidro-com-capa-de-silicone#breadcrumb"},"inLanguage":"fr-FR","potentialAction":[{"@type":"ReadAction","target":["https:\/\/www.dillerbottle.com\/pt\/produtos\/caneca-de-vidro-com-capa-de-silicone"]}]},{"@type":"ImageObject","inLanguage":"fr-FR","@id":"https:\/\/www.dillerbottle.com\/pt\/produtos\/caneca-de-vidro-com-capa-de-silicone#primaryimage","url":"https:\/\/www.dillerbottle.com\/wp-content\/uploads\/2024\/09\/glass-mug-with-silicone-sleeve950131b8-7c86-4e84-a046-1e5e80630a43.jpg","contentUrl":"https:\/\/www.dillerbottle.com\/wp-content\/uploads\/2024\/09\/glass-mug-with-silicone-sleeve950131b8-7c86-4e84-a046-1e5e80630a43.jpg","width":730,"height":730},{"@type":"BreadcrumbList","@id":"https:\/\/www.dillerbottle.com\/pt\/produtos\/caneca-de-vidro-com-capa-de-silicone#breadcrumb","itemListElement":[{"@type":"ListItem","position":1,"name":"Home","item":"https:\/\/www.dillerbottle.com\/"},{"@type":"ListItem","position":2,"name":"Products","item":"https:\/\/www.dillerbottle.com\/shop"},{"@type":"ListItem","position":3,"name":"Glass Mug With Silicone Sleeve"}]},{"@type":"WebSite","@id":"https:\/\/www.dillerbottle.com\/#website","url":"https:\/\/www.dillerbottle.com\/","name":"Fabricant de bouteilles d&#039;eau Diller","description":"Fabricant de bouteilles d&#039;eau","publisher":{"@id":"https:\/\/www.dillerbottle.com\/#organization"},"potentialAction":[{"@type":"SearchAction","target":{"@type":"EntryPoint","urlTemplate":"https:\/\/www.dillerbottle.com\/?s={search_term_string}"},"query-input":{"@type":"PropertyValueSpecification","valueRequired":true,"valueName":"search_term_string"}}],"inLanguage":"fr-FR"},{"@type":"Organization","@id":"https:\/\/www.dillerbottle.com\/#organization","name":"Fabricant de bouteilles d&#039;eau Diller","url":"https:\/\/www.dillerbottle.com\/","logo":{"@type":"ImageObject","inLanguage":"fr-FR","@id":"https:\/\/www.dillerbottle.com\/#\/schema\/logo\/image\/","url":"https:\/\/www.dillerbottle.com\/wp-content\/uploads\/2024\/09\/49918bfa848dcc1e9f8b509933603ac.png","contentUrl":"https:\/\/www.dillerbottle.com\/wp-content\/uploads\/2024\/09\/49918bfa848dcc1e9f8b509933603ac.png","width":988,"height":198,"caption":"Diller Water Bottle Manufacturer"},"image":{"@id":"https:\/\/www.dillerbottle.com\/#\/schema\/logo\/image\/"}}]}},"_links":{"self":[{"href":"https:\/\/www.dillerbottle.com\/fr\/wp-json\/wp\/v2\/product\/6895","targetHints":{"allow":["GET"]}}],"collection":[{"href":"https:\/\/www.dillerbottle.com\/fr\/wp-json\/wp\/v2\/product"}],"about":[{"href":"https:\/\/www.dillerbottle.com\/fr\/wp-json\/wp\/v2\/types\/product"}],"replies":[{"embeddable":true,"href":"https:\/\/www.dillerbottle.com\/fr\/wp-json\/wp\/v2\/comments?post=6895"}],"wp:featuredmedia":[{"embeddable":true,"href":"https:\/\/www.dillerbottle.com\/fr\/wp-json\/wp\/v2\/media\/6896"}],"wp:attachment":[{"href":"https:\/\/www.dillerbottle.com\/fr\/wp-json\/wp\/v2\/media?parent=6895"}],"wp:term":[{"taxonomy":"product_brand","embeddable":true,"href":"https:\/\/www.dillerbottle.com\/fr\/wp-json\/wp\/v2\/product_brand?post=6895"},{"taxonomy":"product_cat","embeddable":true,"href":"https:\/\/www.dillerbottle.com\/fr\/wp-json\/wp\/v2\/product_cat?post=6895"},{"taxonomy":"product_tag","embeddable":true,"href":"https:\/\/www.dillerbottle.com\/fr\/wp-json\/wp\/v2\/product_tag?post=6895"}],"curies":[{"name":"wp","href":"https:\/\/api.w.org\/{rel}","templated":true}]}}