{"id":6946,"date":"2024-09-29T09:53:53","date_gmt":"2024-09-29T01:53:53","guid":{"rendered":"https:\/\/demo.dillerbottle.com\/uncategorized\/glass-bottle-with-handheld-rope"},"modified":"2025-07-09T17:11:11","modified_gmt":"2025-07-09T09:11:11","slug":"bouteille-en-verre-avec-corde-a-main","status":"publish","type":"product","link":"https:\/\/www.dillerbottle.com\/fr\/products\/glass-bottle-with-handheld-rope","title":{"rendered":"Bouteille en verre avec corde \u00e0 main"},"content":{"rendered":"<p>La bouteille d&#039;eau en verre 1.Diller est fabriqu\u00e9e en verre borosilicat\u00e9 de haute qualit\u00e9, extr\u00eamement s\u00fbr, sans PBA et sans plomb.<\/p>\n<p>2. Couvercle en acier inoxydable 304 de qualit\u00e9 alimentaire.<\/p>\n<p>3. La bouteille d&#039;eau en verre est dot\u00e9e d&#039;une corde de transport en silicone int\u00e9gr\u00e9e.<\/p>\n<p>4. Manchon en cuir confortable et fonctionnel. Le manchon en cuir offre une prise antid\u00e9rapante confortable.<br \/>\n5. Respectueux de l&#039;environnement, 100% sans BPA. Lavable au lave-vaisselle.<\/p>","protected":false},"excerpt":{"rendered":"<p>Cette bouteille en verre avec corde \u00e0 main est fabriqu\u00e9e en verre borosilicat\u00e9 \u00e9cologique et sans BPA.<br \/>\nLe verre borosilicat\u00e9 durable ne se fissure pas sous des temp\u00e9ratures extr\u00eames.<br \/>\nOEM et ODM acceptables.<br \/>\nSi vous souhaitez personnaliser une bouteille d&#039;eau en verre avec votre logo, votre couleur, votre motif ou votre design.<br \/>\nNotre \u00e9quipe peut travailler avec vous pour cr\u00e9er un design ou un motif unique qui refl\u00e9tera parfaitement votre marque.<br \/>\nBienvenue \u00e0 l&#039;achat en gros, envoyez une demande maintenant !<\/p>","protected":false},"featured_media":6947,"comment_status":"open","ping_status":"closed","template":"","meta":{"_acf_changed":false},"product_brand":[],"product_cat":[310],"product_tag":[583,32,36,33,31,542,39,593,612,38,29,37,34,551,35,580,28,577,30],"class_list":{"0":"post-6946","1":"product","2":"type-product","3":"status-publish","4":"has-post-thumbnail","6":"product_cat-glass-water-bottle","7":"product_tag-2023-new-water-bottle","8":"product_tag-best","9":"product_tag-bulk","10":"product_tag-buy","11":"product_tag-custom","12":"product_tag-double-wall-glass-water-bottle-with-tea-infuser","13":"product_tag-for-sale","14":"product_tag-frosted-glass-water-bottle-sublimation","15":"product_tag-glass-bottle-with-handheld-rope","16":"product_tag-good-quality","17":"product_tag-manufacturers","18":"product_tag-manufacturing","19":"product_tag-price","20":"product_tag-silicone-sleeve-water-bottle","21":"product_tag-small","22":"product_tag-sublimation-water-bottle-straw","23":"product_tag-suppliers","24":"product_tag-water-bottle-500ml","25":"product_tag-wholesale","27":"first","28":"instock","29":"shipping-taxable","30":"product-type-simple"},"acf":[],"yoast_head":"<!-- This site is optimized with the Yoast SEO Premium plugin v27.5 (Yoast SEO v27.5) - https:\/\/yoast.com\/product\/yoast-seo-premium-wordpress\/ -->\n<title>Glass Bottle With Handheld Rope - Diller Water Bottle Manufacturer<\/title>\n<meta name=\"description\" content=\"As one of the best glass bottle with handheld rope manufacturers and suppliers, we are engaged in manufacturing good quality water bottles. We warmly welcome you to wholesale or buy custom made glass bottle with handheld rope at competitive price from us. Also, small quantity orders are acceptable.\" \/>\n<meta name=\"robots\" content=\"index, follow, max-snippet:-1, max-image-preview:large, max-video-preview:-1\" \/>\n<link rel=\"canonical\" href=\"https:\/\/www.dillerbottle.com\/fr\/produits\/bouteille-en-verre-avec-corde-a-main\" \/>\n<meta property=\"og:locale\" content=\"fr_FR\" \/>\n<meta property=\"og:type\" content=\"article\" \/>\n<meta property=\"og:title\" content=\"Glass Bottle With Handheld Rope\" \/>\n<meta property=\"og:description\" content=\"As one of the best glass bottle with handheld rope manufacturers and suppliers, we are engaged in manufacturing good quality water bottles. We warmly welcome you to wholesale or buy custom made glass bottle with handheld rope at competitive price from us. Also, small quantity orders are acceptable.\" \/>\n<meta property=\"og:url\" content=\"https:\/\/www.dillerbottle.com\/fr\/produits\/bouteille-en-verre-avec-corde-a-main\" \/>\n<meta property=\"og:site_name\" content=\"Diller Water Bottle Manufacturer\" \/>\n<meta property=\"article:modified_time\" content=\"2025-07-09T09:11:11+00:00\" \/>\n<meta property=\"og:image\" content=\"https:\/\/www.dillerbottle.com\/wp-content\/uploads\/2024\/09\/glass-bottle-with-handheld-rope08ac4e58-5743-42c6-9824-9e91fbca8bc2.jpg\" \/>\n\t<meta property=\"og:image:width\" content=\"730\" \/>\n\t<meta property=\"og:image:height\" content=\"730\" \/>\n\t<meta property=\"og:image:type\" content=\"image\/jpeg\" \/>\n<meta name=\"twitter:card\" content=\"summary_large_image\" \/>\n<meta name=\"twitter:label1\" content=\"Dur\u00e9e de lecture estim\u00e9e\" \/>\n\t<meta name=\"twitter:data1\" content=\"4 minutes\" \/>\n<script type=\"application\/ld+json\" class=\"yoast-schema-graph\">{\"@context\":\"https:\\\/\\\/schema.org\",\"@graph\":[{\"@type\":\"WebPage\",\"@id\":\"https:\\\/\\\/www.dillerbottle.com\\\/ko\\\/%ec%a0%9c%ed%92%88\\\/%ec%86%90%ec%97%90-%eb%93%a0-%eb%a1%9c%ed%94%84%ea%b0%80-%eb%8b%ac%eb%a6%b0-%ec%9c%a0%eb%a6%ac-%eb%b3%91\",\"url\":\"https:\\\/\\\/www.dillerbottle.com\\\/ko\\\/%ec%a0%9c%ed%92%88\\\/%ec%86%90%ec%97%90-%eb%93%a0-%eb%a1%9c%ed%94%84%ea%b0%80-%eb%8b%ac%eb%a6%b0-%ec%9c%a0%eb%a6%ac-%eb%b3%91\",\"name\":\"Glass Bottle With Handheld Rope - Diller Water Bottle Manufacturer\",\"isPartOf\":{\"@id\":\"https:\\\/\\\/www.dillerbottle.com\\\/#website\"},\"primaryImageOfPage\":{\"@id\":\"https:\\\/\\\/www.dillerbottle.com\\\/ko\\\/%ec%a0%9c%ed%92%88\\\/%ec%86%90%ec%97%90-%eb%93%a0-%eb%a1%9c%ed%94%84%ea%b0%80-%eb%8b%ac%eb%a6%b0-%ec%9c%a0%eb%a6%ac-%eb%b3%91#primaryimage\"},\"image\":{\"@id\":\"https:\\\/\\\/www.dillerbottle.com\\\/ko\\\/%ec%a0%9c%ed%92%88\\\/%ec%86%90%ec%97%90-%eb%93%a0-%eb%a1%9c%ed%94%84%ea%b0%80-%eb%8b%ac%eb%a6%b0-%ec%9c%a0%eb%a6%ac-%eb%b3%91#primaryimage\"},\"thumbnailUrl\":\"https:\\\/\\\/www.dillerbottle.com\\\/wp-content\\\/uploads\\\/2024\\\/09\\\/glass-bottle-with-handheld-rope08ac4e58-5743-42c6-9824-9e91fbca8bc2.jpg\",\"datePublished\":\"2024-09-29T01:53:53+00:00\",\"dateModified\":\"2025-07-09T09:11:11+00:00\",\"description\":\"As one of the best glass bottle with handheld rope manufacturers and suppliers, we are engaged in manufacturing good quality water bottles. We warmly welcome you to wholesale or buy custom made glass bottle with handheld rope at competitive price from us. Also, small quantity orders are acceptable.\",\"breadcrumb\":{\"@id\":\"https:\\\/\\\/www.dillerbottle.com\\\/ko\\\/%ec%a0%9c%ed%92%88\\\/%ec%86%90%ec%97%90-%eb%93%a0-%eb%a1%9c%ed%94%84%ea%b0%80-%eb%8b%ac%eb%a6%b0-%ec%9c%a0%eb%a6%ac-%eb%b3%91#breadcrumb\"},\"inLanguage\":\"fr-FR\",\"potentialAction\":[{\"@type\":\"ReadAction\",\"target\":[\"https:\\\/\\\/www.dillerbottle.com\\\/ko\\\/%ec%a0%9c%ed%92%88\\\/%ec%86%90%ec%97%90-%eb%93%a0-%eb%a1%9c%ed%94%84%ea%b0%80-%eb%8b%ac%eb%a6%b0-%ec%9c%a0%eb%a6%ac-%eb%b3%91\"]}]},{\"@type\":\"ImageObject\",\"inLanguage\":\"fr-FR\",\"@id\":\"https:\\\/\\\/www.dillerbottle.com\\\/ko\\\/%ec%a0%9c%ed%92%88\\\/%ec%86%90%ec%97%90-%eb%93%a0-%eb%a1%9c%ed%94%84%ea%b0%80-%eb%8b%ac%eb%a6%b0-%ec%9c%a0%eb%a6%ac-%eb%b3%91#primaryimage\",\"url\":\"https:\\\/\\\/www.dillerbottle.com\\\/wp-content\\\/uploads\\\/2024\\\/09\\\/glass-bottle-with-handheld-rope08ac4e58-5743-42c6-9824-9e91fbca8bc2.jpg\",\"contentUrl\":\"https:\\\/\\\/www.dillerbottle.com\\\/wp-content\\\/uploads\\\/2024\\\/09\\\/glass-bottle-with-handheld-rope08ac4e58-5743-42c6-9824-9e91fbca8bc2.jpg\",\"width\":730,\"height\":730},{\"@type\":\"BreadcrumbList\",\"@id\":\"https:\\\/\\\/www.dillerbottle.com\\\/ko\\\/%ec%a0%9c%ed%92%88\\\/%ec%86%90%ec%97%90-%eb%93%a0-%eb%a1%9c%ed%94%84%ea%b0%80-%eb%8b%ac%eb%a6%b0-%ec%9c%a0%eb%a6%ac-%eb%b3%91#breadcrumb\",\"itemListElement\":[{\"@type\":\"ListItem\",\"position\":1,\"name\":\"Home\",\"item\":\"https:\\\/\\\/www.dillerbottle.com\\\/\"},{\"@type\":\"ListItem\",\"position\":2,\"name\":\"Products\",\"item\":\"https:\\\/\\\/www.dillerbottle.com\\\/shop\"},{\"@type\":\"ListItem\",\"position\":3,\"name\":\"Glass Bottle With Handheld Rope\"}]},{\"@type\":\"WebSite\",\"@id\":\"https:\\\/\\\/www.dillerbottle.com\\\/#website\",\"url\":\"https:\\\/\\\/www.dillerbottle.com\\\/\",\"name\":\"Diller Water Bottle Manufacturer\",\"description\":\"Water Bottle Manufacturer\",\"publisher\":{\"@id\":\"https:\\\/\\\/www.dillerbottle.com\\\/#organization\"},\"potentialAction\":[{\"@type\":\"SearchAction\",\"target\":{\"@type\":\"EntryPoint\",\"urlTemplate\":\"https:\\\/\\\/www.dillerbottle.com\\\/?s={search_term_string}\"},\"query-input\":{\"@type\":\"PropertyValueSpecification\",\"valueRequired\":true,\"valueName\":\"search_term_string\"}}],\"inLanguage\":\"fr-FR\"},{\"@type\":\"Organization\",\"@id\":\"https:\\\/\\\/www.dillerbottle.com\\\/#organization\",\"name\":\"Diller Water Bottle Manufacturer\",\"url\":\"https:\\\/\\\/www.dillerbottle.com\\\/\",\"logo\":{\"@type\":\"ImageObject\",\"inLanguage\":\"fr-FR\",\"@id\":\"https:\\\/\\\/www.dillerbottle.com\\\/#\\\/schema\\\/logo\\\/image\\\/\",\"url\":\"https:\\\/\\\/www.dillerbottle.com\\\/wp-content\\\/uploads\\\/2024\\\/09\\\/49918bfa848dcc1e9f8b509933603ac.png\",\"contentUrl\":\"https:\\\/\\\/www.dillerbottle.com\\\/wp-content\\\/uploads\\\/2024\\\/09\\\/49918bfa848dcc1e9f8b509933603ac.png\",\"width\":988,\"height\":198,\"caption\":\"Diller Water Bottle Manufacturer\"},\"image\":{\"@id\":\"https:\\\/\\\/www.dillerbottle.com\\\/#\\\/schema\\\/logo\\\/image\\\/\"}}]}<\/script>\n<!-- \/ Yoast SEO Premium plugin. -->","yoast_head_json":{"title":"Bouteille en verre avec corde portative - Fabricant de bouteilles d&#039;eau Diller","description":"En tant que l&#039;un des meilleurs fabricants et fournisseurs de bouteilles en verre avec corde \u00e0 main, nous sommes engag\u00e9s dans la fabrication de bouteilles d&#039;eau de bonne qualit\u00e9. Nous vous invitons chaleureusement \u00e0 vendre en gros ou \u00e0 acheter chez nous des bouteilles en verre sur mesure avec corde \u00e0 main \u00e0 un prix comp\u00e9titif. De plus, les commandes en petites quantit\u00e9s sont acceptables.","robots":{"index":"index","follow":"follow","max-snippet":"max-snippet:-1","max-image-preview":"max-image-preview:large","max-video-preview":"max-video-preview:-1"},"canonical":"https:\/\/www.dillerbottle.com\/fr\/produits\/bouteille-en-verre-avec-corde-a-main","og_locale":"fr_FR","og_type":"article","og_title":"Glass Bottle With Handheld Rope","og_description":"As one of the best glass bottle with handheld rope manufacturers and suppliers, we are engaged in manufacturing good quality water bottles. We warmly welcome you to wholesale or buy custom made glass bottle with handheld rope at competitive price from us. Also, small quantity orders are acceptable.","og_url":"https:\/\/www.dillerbottle.com\/fr\/produits\/bouteille-en-verre-avec-corde-a-main","og_site_name":"Diller Water Bottle Manufacturer","article_modified_time":"2025-07-09T09:11:11+00:00","og_image":[{"width":730,"height":730,"url":"https:\/\/www.dillerbottle.com\/wp-content\/uploads\/2024\/09\/glass-bottle-with-handheld-rope08ac4e58-5743-42c6-9824-9e91fbca8bc2.jpg","type":"image\/jpeg"}],"twitter_card":"summary_large_image","twitter_misc":{"Dur\u00e9e de lecture estim\u00e9e":"4 minutes"},"schema":{"@context":"https:\/\/schema.org","@graph":[{"@type":"WebPage","@id":"https:\/\/www.dillerbottle.com\/ko\/%ec%a0%9c%ed%92%88\/%ec%86%90%ec%97%90-%eb%93%a0-%eb%a1%9c%ed%94%84%ea%b0%80-%eb%8b%ac%eb%a6%b0-%ec%9c%a0%eb%a6%ac-%eb%b3%91","url":"https:\/\/www.dillerbottle.com\/ko\/%ec%a0%9c%ed%92%88\/%ec%86%90%ec%97%90-%eb%93%a0-%eb%a1%9c%ed%94%84%ea%b0%80-%eb%8b%ac%eb%a6%b0-%ec%9c%a0%eb%a6%ac-%eb%b3%91","name":"Bouteille en verre avec corde portative - Fabricant de bouteilles d&#039;eau Diller","isPartOf":{"@id":"https:\/\/www.dillerbottle.com\/#website"},"primaryImageOfPage":{"@id":"https:\/\/www.dillerbottle.com\/ko\/%ec%a0%9c%ed%92%88\/%ec%86%90%ec%97%90-%eb%93%a0-%eb%a1%9c%ed%94%84%ea%b0%80-%eb%8b%ac%eb%a6%b0-%ec%9c%a0%eb%a6%ac-%eb%b3%91#primaryimage"},"image":{"@id":"https:\/\/www.dillerbottle.com\/ko\/%ec%a0%9c%ed%92%88\/%ec%86%90%ec%97%90-%eb%93%a0-%eb%a1%9c%ed%94%84%ea%b0%80-%eb%8b%ac%eb%a6%b0-%ec%9c%a0%eb%a6%ac-%eb%b3%91#primaryimage"},"thumbnailUrl":"https:\/\/www.dillerbottle.com\/wp-content\/uploads\/2024\/09\/glass-bottle-with-handheld-rope08ac4e58-5743-42c6-9824-9e91fbca8bc2.jpg","datePublished":"2024-09-29T01:53:53+00:00","dateModified":"2025-07-09T09:11:11+00:00","description":"En tant que l&#039;un des meilleurs fabricants et fournisseurs de bouteilles en verre avec corde \u00e0 main, nous sommes engag\u00e9s dans la fabrication de bouteilles d&#039;eau de bonne qualit\u00e9. Nous vous invitons chaleureusement \u00e0 vendre en gros ou \u00e0 acheter chez nous des bouteilles en verre sur mesure avec corde \u00e0 main \u00e0 un prix comp\u00e9titif. De plus, les commandes en petites quantit\u00e9s sont acceptables.","breadcrumb":{"@id":"https:\/\/www.dillerbottle.com\/ko\/%ec%a0%9c%ed%92%88\/%ec%86%90%ec%97%90-%eb%93%a0-%eb%a1%9c%ed%94%84%ea%b0%80-%eb%8b%ac%eb%a6%b0-%ec%9c%a0%eb%a6%ac-%eb%b3%91#breadcrumb"},"inLanguage":"fr-FR","potentialAction":[{"@type":"ReadAction","target":["https:\/\/www.dillerbottle.com\/ko\/%ec%a0%9c%ed%92%88\/%ec%86%90%ec%97%90-%eb%93%a0-%eb%a1%9c%ed%94%84%ea%b0%80-%eb%8b%ac%eb%a6%b0-%ec%9c%a0%eb%a6%ac-%eb%b3%91"]}]},{"@type":"ImageObject","inLanguage":"fr-FR","@id":"https:\/\/www.dillerbottle.com\/ko\/%ec%a0%9c%ed%92%88\/%ec%86%90%ec%97%90-%eb%93%a0-%eb%a1%9c%ed%94%84%ea%b0%80-%eb%8b%ac%eb%a6%b0-%ec%9c%a0%eb%a6%ac-%eb%b3%91#primaryimage","url":"https:\/\/www.dillerbottle.com\/wp-content\/uploads\/2024\/09\/glass-bottle-with-handheld-rope08ac4e58-5743-42c6-9824-9e91fbca8bc2.jpg","contentUrl":"https:\/\/www.dillerbottle.com\/wp-content\/uploads\/2024\/09\/glass-bottle-with-handheld-rope08ac4e58-5743-42c6-9824-9e91fbca8bc2.jpg","width":730,"height":730},{"@type":"BreadcrumbList","@id":"https:\/\/www.dillerbottle.com\/ko\/%ec%a0%9c%ed%92%88\/%ec%86%90%ec%97%90-%eb%93%a0-%eb%a1%9c%ed%94%84%ea%b0%80-%eb%8b%ac%eb%a6%b0-%ec%9c%a0%eb%a6%ac-%eb%b3%91#breadcrumb","itemListElement":[{"@type":"ListItem","position":1,"name":"Home","item":"https:\/\/www.dillerbottle.com\/"},{"@type":"ListItem","position":2,"name":"Products","item":"https:\/\/www.dillerbottle.com\/shop"},{"@type":"ListItem","position":3,"name":"Glass Bottle With Handheld Rope"}]},{"@type":"WebSite","@id":"https:\/\/www.dillerbottle.com\/#website","url":"https:\/\/www.dillerbottle.com\/","name":"Fabricant de bouteilles d&#039;eau Diller","description":"Fabricant de bouteilles d&#039;eau","publisher":{"@id":"https:\/\/www.dillerbottle.com\/#organization"},"potentialAction":[{"@type":"SearchAction","target":{"@type":"EntryPoint","urlTemplate":"https:\/\/www.dillerbottle.com\/?s={search_term_string}"},"query-input":{"@type":"PropertyValueSpecification","valueRequired":true,"valueName":"search_term_string"}}],"inLanguage":"fr-FR"},{"@type":"Organization","@id":"https:\/\/www.dillerbottle.com\/#organization","name":"Fabricant de bouteilles d&#039;eau Diller","url":"https:\/\/www.dillerbottle.com\/","logo":{"@type":"ImageObject","inLanguage":"fr-FR","@id":"https:\/\/www.dillerbottle.com\/#\/schema\/logo\/image\/","url":"https:\/\/www.dillerbottle.com\/wp-content\/uploads\/2024\/09\/49918bfa848dcc1e9f8b509933603ac.png","contentUrl":"https:\/\/www.dillerbottle.com\/wp-content\/uploads\/2024\/09\/49918bfa848dcc1e9f8b509933603ac.png","width":988,"height":198,"caption":"Diller Water Bottle Manufacturer"},"image":{"@id":"https:\/\/www.dillerbottle.com\/#\/schema\/logo\/image\/"}}]}},"_links":{"self":[{"href":"https:\/\/www.dillerbottle.com\/fr\/wp-json\/wp\/v2\/product\/6946","targetHints":{"allow":["GET"]}}],"collection":[{"href":"https:\/\/www.dillerbottle.com\/fr\/wp-json\/wp\/v2\/product"}],"about":[{"href":"https:\/\/www.dillerbottle.com\/fr\/wp-json\/wp\/v2\/types\/product"}],"replies":[{"embeddable":true,"href":"https:\/\/www.dillerbottle.com\/fr\/wp-json\/wp\/v2\/comments?post=6946"}],"wp:featuredmedia":[{"embeddable":true,"href":"https:\/\/www.dillerbottle.com\/fr\/wp-json\/wp\/v2\/media\/6947"}],"wp:attachment":[{"href":"https:\/\/www.dillerbottle.com\/fr\/wp-json\/wp\/v2\/media?parent=6946"}],"wp:term":[{"taxonomy":"product_brand","embeddable":true,"href":"https:\/\/www.dillerbottle.com\/fr\/wp-json\/wp\/v2\/product_brand?post=6946"},{"taxonomy":"product_cat","embeddable":true,"href":"https:\/\/www.dillerbottle.com\/fr\/wp-json\/wp\/v2\/product_cat?post=6946"},{"taxonomy":"product_tag","embeddable":true,"href":"https:\/\/www.dillerbottle.com\/fr\/wp-json\/wp\/v2\/product_tag?post=6946"}],"curies":[{"name":"wp","href":"https:\/\/api.w.org\/{rel}","templated":true}]}}