{"id":7138,"date":"2024-09-29T09:56:22","date_gmt":"2024-09-29T01:56:22","guid":{"rendered":"https:\/\/demo.dillerbottle.com\/uncategorized\/glass-water-bottle-with-cover"},"modified":"2024-09-29T09:56:44","modified_gmt":"2024-09-29T01:56:44","slug":"bouteille-deau-en-verre-avec-couvercle","status":"publish","type":"product","link":"https:\/\/www.dillerbottle.com\/fr\/products\/glass-water-bottle-with-cover","title":{"rendered":"Bouteille d&#039;eau en verre avec couvercle"},"content":{"rendered":"","protected":false},"excerpt":{"rendered":"<p>Cette bouteille d&#039;eau en verre avec rev\u00eatement en cuir \u00e0 la mode est fabriqu\u00e9e en verre borosilicat\u00e9 \u00e9cologique et sans BPA pour assurer sa durabilit\u00e9 et r\u00e9sister \u00e0 toutes les boissons froides ou chaudes.<br \/>\nSi vous souhaitez personnaliser une bouteille d&#039;eau en verre avec votre logo, votre couleur, votre motif ou votre design.<br \/>\nNotre \u00e9quipe peut travailler avec vous pour cr\u00e9er un design ou un motif unique qui refl\u00e9tera parfaitement votre marque.<br \/>\n\u00c9chantillons gratuits disponibles.<\/p>","protected":false},"featured_media":7139,"comment_status":"open","ping_status":"closed","template":"","meta":{"_acf_changed":false},"product_brand":[],"product_cat":[310],"product_tag":[32,36,33,31,542,39,622,614,38,604,29,37,584,34,551,35,28,30,589],"class_list":{"0":"post-7138","1":"product","2":"type-product","3":"status-publish","4":"has-post-thumbnail","6":"product_cat-glass-water-bottle","7":"product_tag-best","8":"product_tag-bulk","9":"product_tag-buy","10":"product_tag-custom","11":"product_tag-double-wall-glass-water-bottle-with-tea-infuser","12":"product_tag-for-sale","13":"product_tag-glass-water-bottle-with-cover","14":"product_tag-glass-water-bottle-with-infuser","15":"product_tag-good-quality","16":"product_tag-logo-water-bottle","17":"product_tag-manufacturers","18":"product_tag-manufacturing","19":"product_tag-motivational-water-bottle-bpa-free","20":"product_tag-price","21":"product_tag-silicone-sleeve-water-bottle","22":"product_tag-small","23":"product_tag-suppliers","24":"product_tag-wholesale","25":"product_tag-wholesale-gym-water-bottle","27":"first","28":"instock","29":"shipping-taxable","30":"product-type-simple"},"acf":[],"yoast_head":"<!-- This site is optimized with the Yoast SEO Premium plugin v27.5 (Yoast SEO v27.5) - https:\/\/yoast.com\/product\/yoast-seo-premium-wordpress\/ -->\n<title>Glass Water Bottle With Cover - Diller Water Bottle Manufacturer<\/title>\n<meta name=\"description\" content=\"As one of the best glass water bottle with cover manufacturers and suppliers, we are engaged in manufacturing good quality water bottles. We warmly welcome you to wholesale or buy custom made glass water bottle with cover at competitive price from us. Also, small quantity orders are acceptable.\" \/>\n<meta name=\"robots\" content=\"index, follow, max-snippet:-1, max-image-preview:large, max-video-preview:-1\" \/>\n<link rel=\"canonical\" href=\"https:\/\/www.dillerbottle.com\/fr\/produits\/bouteille-deau-en-verre-avec-couvercle\" \/>\n<meta property=\"og:locale\" content=\"fr_FR\" \/>\n<meta property=\"og:type\" content=\"article\" \/>\n<meta property=\"og:title\" content=\"Glass Water Bottle With Cover\" \/>\n<meta property=\"og:description\" content=\"As one of the best glass water bottle with cover manufacturers and suppliers, we are engaged in manufacturing good quality water bottles. We warmly welcome you to wholesale or buy custom made glass water bottle with cover at competitive price from us. Also, small quantity orders are acceptable.\" \/>\n<meta property=\"og:url\" content=\"https:\/\/www.dillerbottle.com\/fr\/produits\/bouteille-deau-en-verre-avec-couvercle\" \/>\n<meta property=\"og:site_name\" content=\"Diller Water Bottle Manufacturer\" \/>\n<meta property=\"article:modified_time\" content=\"2024-09-29T01:56:44+00:00\" \/>\n<meta property=\"og:image\" content=\"https:\/\/www.dillerbottle.com\/wp-content\/uploads\/2024\/09\/glass-water-bottle-with-cover5b22e2ee-23f0-428b-a2fb-8a9ca569d116.jpg\" \/>\n\t<meta property=\"og:image:width\" content=\"730\" \/>\n\t<meta property=\"og:image:height\" content=\"730\" \/>\n\t<meta property=\"og:image:type\" content=\"image\/jpeg\" \/>\n<meta name=\"twitter:card\" content=\"summary_large_image\" \/>\n<script type=\"application\/ld+json\" class=\"yoast-schema-graph\">{\"@context\":\"https:\\\/\\\/schema.org\",\"@graph\":[{\"@type\":\"WebPage\",\"@id\":\"https:\\\/\\\/www.dillerbottle.com\\\/vn\\\/cac-san-pham\\\/binh-dung-nuoc-thuy-tinh-co-nap-day\",\"url\":\"https:\\\/\\\/www.dillerbottle.com\\\/vn\\\/cac-san-pham\\\/binh-dung-nuoc-thuy-tinh-co-nap-day\",\"name\":\"Glass Water Bottle With Cover - Diller Water Bottle Manufacturer\",\"isPartOf\":{\"@id\":\"https:\\\/\\\/www.dillerbottle.com\\\/#website\"},\"primaryImageOfPage\":{\"@id\":\"https:\\\/\\\/www.dillerbottle.com\\\/vn\\\/cac-san-pham\\\/binh-dung-nuoc-thuy-tinh-co-nap-day#primaryimage\"},\"image\":{\"@id\":\"https:\\\/\\\/www.dillerbottle.com\\\/vn\\\/cac-san-pham\\\/binh-dung-nuoc-thuy-tinh-co-nap-day#primaryimage\"},\"thumbnailUrl\":\"https:\\\/\\\/www.dillerbottle.com\\\/wp-content\\\/uploads\\\/2024\\\/09\\\/glass-water-bottle-with-cover5b22e2ee-23f0-428b-a2fb-8a9ca569d116.jpg\",\"datePublished\":\"2024-09-29T01:56:22+00:00\",\"dateModified\":\"2024-09-29T01:56:44+00:00\",\"description\":\"As one of the best glass water bottle with cover manufacturers and suppliers, we are engaged in manufacturing good quality water bottles. We warmly welcome you to wholesale or buy custom made glass water bottle with cover at competitive price from us. Also, small quantity orders are acceptable.\",\"breadcrumb\":{\"@id\":\"https:\\\/\\\/www.dillerbottle.com\\\/vn\\\/cac-san-pham\\\/binh-dung-nuoc-thuy-tinh-co-nap-day#breadcrumb\"},\"inLanguage\":\"fr-FR\",\"potentialAction\":[{\"@type\":\"ReadAction\",\"target\":[\"https:\\\/\\\/www.dillerbottle.com\\\/vn\\\/cac-san-pham\\\/binh-dung-nuoc-thuy-tinh-co-nap-day\"]}]},{\"@type\":\"ImageObject\",\"inLanguage\":\"fr-FR\",\"@id\":\"https:\\\/\\\/www.dillerbottle.com\\\/vn\\\/cac-san-pham\\\/binh-dung-nuoc-thuy-tinh-co-nap-day#primaryimage\",\"url\":\"https:\\\/\\\/www.dillerbottle.com\\\/wp-content\\\/uploads\\\/2024\\\/09\\\/glass-water-bottle-with-cover5b22e2ee-23f0-428b-a2fb-8a9ca569d116.jpg\",\"contentUrl\":\"https:\\\/\\\/www.dillerbottle.com\\\/wp-content\\\/uploads\\\/2024\\\/09\\\/glass-water-bottle-with-cover5b22e2ee-23f0-428b-a2fb-8a9ca569d116.jpg\",\"width\":730,\"height\":730},{\"@type\":\"BreadcrumbList\",\"@id\":\"https:\\\/\\\/www.dillerbottle.com\\\/vn\\\/cac-san-pham\\\/binh-dung-nuoc-thuy-tinh-co-nap-day#breadcrumb\",\"itemListElement\":[{\"@type\":\"ListItem\",\"position\":1,\"name\":\"Home\",\"item\":\"https:\\\/\\\/www.dillerbottle.com\\\/\"},{\"@type\":\"ListItem\",\"position\":2,\"name\":\"Products\",\"item\":\"https:\\\/\\\/www.dillerbottle.com\\\/shop\"},{\"@type\":\"ListItem\",\"position\":3,\"name\":\"Glass Water Bottle With Cover\"}]},{\"@type\":\"WebSite\",\"@id\":\"https:\\\/\\\/www.dillerbottle.com\\\/#website\",\"url\":\"https:\\\/\\\/www.dillerbottle.com\\\/\",\"name\":\"Diller Water Bottle Manufacturer\",\"description\":\"Water Bottle Manufacturer\",\"publisher\":{\"@id\":\"https:\\\/\\\/www.dillerbottle.com\\\/#organization\"},\"potentialAction\":[{\"@type\":\"SearchAction\",\"target\":{\"@type\":\"EntryPoint\",\"urlTemplate\":\"https:\\\/\\\/www.dillerbottle.com\\\/?s={search_term_string}\"},\"query-input\":{\"@type\":\"PropertyValueSpecification\",\"valueRequired\":true,\"valueName\":\"search_term_string\"}}],\"inLanguage\":\"fr-FR\"},{\"@type\":\"Organization\",\"@id\":\"https:\\\/\\\/www.dillerbottle.com\\\/#organization\",\"name\":\"Diller Water Bottle Manufacturer\",\"url\":\"https:\\\/\\\/www.dillerbottle.com\\\/\",\"logo\":{\"@type\":\"ImageObject\",\"inLanguage\":\"fr-FR\",\"@id\":\"https:\\\/\\\/www.dillerbottle.com\\\/#\\\/schema\\\/logo\\\/image\\\/\",\"url\":\"https:\\\/\\\/www.dillerbottle.com\\\/wp-content\\\/uploads\\\/2024\\\/09\\\/49918bfa848dcc1e9f8b509933603ac.png\",\"contentUrl\":\"https:\\\/\\\/www.dillerbottle.com\\\/wp-content\\\/uploads\\\/2024\\\/09\\\/49918bfa848dcc1e9f8b509933603ac.png\",\"width\":988,\"height\":198,\"caption\":\"Diller Water Bottle Manufacturer\"},\"image\":{\"@id\":\"https:\\\/\\\/www.dillerbottle.com\\\/#\\\/schema\\\/logo\\\/image\\\/\"}}]}<\/script>\n<!-- \/ Yoast SEO Premium plugin. -->","yoast_head_json":{"title":"Bouteille d&#039;eau en verre avec couvercle - Fabricant de bouteilles d&#039;eau Diller","description":"En tant que l&#039;un des meilleurs fabricants et fournisseurs de bouteilles d&#039;eau en verre avec couvercle, nous sommes engag\u00e9s dans la fabrication de bouteilles d&#039;eau de bonne qualit\u00e9. Nous vous invitons chaleureusement \u00e0 vendre en gros ou \u00e0 acheter chez nous des bouteilles d&#039;eau en verre sur mesure avec couvercle \u00e0 un prix comp\u00e9titif. De plus, les commandes en petites quantit\u00e9s sont acceptables.","robots":{"index":"index","follow":"follow","max-snippet":"max-snippet:-1","max-image-preview":"max-image-preview:large","max-video-preview":"max-video-preview:-1"},"canonical":"https:\/\/www.dillerbottle.com\/fr\/produits\/bouteille-deau-en-verre-avec-couvercle","og_locale":"fr_FR","og_type":"article","og_title":"Glass Water Bottle With Cover","og_description":"As one of the best glass water bottle with cover manufacturers and suppliers, we are engaged in manufacturing good quality water bottles. We warmly welcome you to wholesale or buy custom made glass water bottle with cover at competitive price from us. Also, small quantity orders are acceptable.","og_url":"https:\/\/www.dillerbottle.com\/fr\/produits\/bouteille-deau-en-verre-avec-couvercle","og_site_name":"Diller Water Bottle Manufacturer","article_modified_time":"2024-09-29T01:56:44+00:00","og_image":[{"width":730,"height":730,"url":"https:\/\/www.dillerbottle.com\/wp-content\/uploads\/2024\/09\/glass-water-bottle-with-cover5b22e2ee-23f0-428b-a2fb-8a9ca569d116.jpg","type":"image\/jpeg"}],"twitter_card":"summary_large_image","schema":{"@context":"https:\/\/schema.org","@graph":[{"@type":"WebPage","@id":"https:\/\/www.dillerbottle.com\/vn\/cac-san-pham\/binh-dung-nuoc-thuy-tinh-co-nap-day","url":"https:\/\/www.dillerbottle.com\/vn\/cac-san-pham\/binh-dung-nuoc-thuy-tinh-co-nap-day","name":"Bouteille d&#039;eau en verre avec couvercle - Fabricant de bouteilles d&#039;eau Diller","isPartOf":{"@id":"https:\/\/www.dillerbottle.com\/#website"},"primaryImageOfPage":{"@id":"https:\/\/www.dillerbottle.com\/vn\/cac-san-pham\/binh-dung-nuoc-thuy-tinh-co-nap-day#primaryimage"},"image":{"@id":"https:\/\/www.dillerbottle.com\/vn\/cac-san-pham\/binh-dung-nuoc-thuy-tinh-co-nap-day#primaryimage"},"thumbnailUrl":"https:\/\/www.dillerbottle.com\/wp-content\/uploads\/2024\/09\/glass-water-bottle-with-cover5b22e2ee-23f0-428b-a2fb-8a9ca569d116.jpg","datePublished":"2024-09-29T01:56:22+00:00","dateModified":"2024-09-29T01:56:44+00:00","description":"En tant que l&#039;un des meilleurs fabricants et fournisseurs de bouteilles d&#039;eau en verre avec couvercle, nous sommes engag\u00e9s dans la fabrication de bouteilles d&#039;eau de bonne qualit\u00e9. Nous vous invitons chaleureusement \u00e0 vendre en gros ou \u00e0 acheter chez nous des bouteilles d&#039;eau en verre sur mesure avec couvercle \u00e0 un prix comp\u00e9titif. De plus, les commandes en petites quantit\u00e9s sont acceptables.","breadcrumb":{"@id":"https:\/\/www.dillerbottle.com\/vn\/cac-san-pham\/binh-dung-nuoc-thuy-tinh-co-nap-day#breadcrumb"},"inLanguage":"fr-FR","potentialAction":[{"@type":"ReadAction","target":["https:\/\/www.dillerbottle.com\/vn\/cac-san-pham\/binh-dung-nuoc-thuy-tinh-co-nap-day"]}]},{"@type":"ImageObject","inLanguage":"fr-FR","@id":"https:\/\/www.dillerbottle.com\/vn\/cac-san-pham\/binh-dung-nuoc-thuy-tinh-co-nap-day#primaryimage","url":"https:\/\/www.dillerbottle.com\/wp-content\/uploads\/2024\/09\/glass-water-bottle-with-cover5b22e2ee-23f0-428b-a2fb-8a9ca569d116.jpg","contentUrl":"https:\/\/www.dillerbottle.com\/wp-content\/uploads\/2024\/09\/glass-water-bottle-with-cover5b22e2ee-23f0-428b-a2fb-8a9ca569d116.jpg","width":730,"height":730},{"@type":"BreadcrumbList","@id":"https:\/\/www.dillerbottle.com\/vn\/cac-san-pham\/binh-dung-nuoc-thuy-tinh-co-nap-day#breadcrumb","itemListElement":[{"@type":"ListItem","position":1,"name":"Home","item":"https:\/\/www.dillerbottle.com\/"},{"@type":"ListItem","position":2,"name":"Products","item":"https:\/\/www.dillerbottle.com\/shop"},{"@type":"ListItem","position":3,"name":"Glass Water Bottle With Cover"}]},{"@type":"WebSite","@id":"https:\/\/www.dillerbottle.com\/#website","url":"https:\/\/www.dillerbottle.com\/","name":"Fabricant de bouteilles d&#039;eau Diller","description":"Fabricant de bouteilles d&#039;eau","publisher":{"@id":"https:\/\/www.dillerbottle.com\/#organization"},"potentialAction":[{"@type":"SearchAction","target":{"@type":"EntryPoint","urlTemplate":"https:\/\/www.dillerbottle.com\/?s={search_term_string}"},"query-input":{"@type":"PropertyValueSpecification","valueRequired":true,"valueName":"search_term_string"}}],"inLanguage":"fr-FR"},{"@type":"Organization","@id":"https:\/\/www.dillerbottle.com\/#organization","name":"Fabricant de bouteilles d&#039;eau Diller","url":"https:\/\/www.dillerbottle.com\/","logo":{"@type":"ImageObject","inLanguage":"fr-FR","@id":"https:\/\/www.dillerbottle.com\/#\/schema\/logo\/image\/","url":"https:\/\/www.dillerbottle.com\/wp-content\/uploads\/2024\/09\/49918bfa848dcc1e9f8b509933603ac.png","contentUrl":"https:\/\/www.dillerbottle.com\/wp-content\/uploads\/2024\/09\/49918bfa848dcc1e9f8b509933603ac.png","width":988,"height":198,"caption":"Diller Water Bottle Manufacturer"},"image":{"@id":"https:\/\/www.dillerbottle.com\/#\/schema\/logo\/image\/"}}]}},"_links":{"self":[{"href":"https:\/\/www.dillerbottle.com\/fr\/wp-json\/wp\/v2\/product\/7138","targetHints":{"allow":["GET"]}}],"collection":[{"href":"https:\/\/www.dillerbottle.com\/fr\/wp-json\/wp\/v2\/product"}],"about":[{"href":"https:\/\/www.dillerbottle.com\/fr\/wp-json\/wp\/v2\/types\/product"}],"replies":[{"embeddable":true,"href":"https:\/\/www.dillerbottle.com\/fr\/wp-json\/wp\/v2\/comments?post=7138"}],"wp:featuredmedia":[{"embeddable":true,"href":"https:\/\/www.dillerbottle.com\/fr\/wp-json\/wp\/v2\/media\/7139"}],"wp:attachment":[{"href":"https:\/\/www.dillerbottle.com\/fr\/wp-json\/wp\/v2\/media?parent=7138"}],"wp:term":[{"taxonomy":"product_brand","embeddable":true,"href":"https:\/\/www.dillerbottle.com\/fr\/wp-json\/wp\/v2\/product_brand?post=7138"},{"taxonomy":"product_cat","embeddable":true,"href":"https:\/\/www.dillerbottle.com\/fr\/wp-json\/wp\/v2\/product_cat?post=7138"},{"taxonomy":"product_tag","embeddable":true,"href":"https:\/\/www.dillerbottle.com\/fr\/wp-json\/wp\/v2\/product_tag?post=7138"}],"curies":[{"name":"wp","href":"https:\/\/api.w.org\/{rel}","templated":true}]}}