{"id":7275,"date":"2024-09-29T09:57:51","date_gmt":"2024-09-29T01:57:51","guid":{"rendered":"https:\/\/demo.dillerbottle.com\/uncategorized\/loose-leaf-tea-infuser-bottle"},"modified":"2025-07-09T17:01:53","modified_gmt":"2025-07-09T09:01:53","slug":"bouteille-infuseur-a-the-en-feuilles","status":"publish","type":"product","link":"https:\/\/www.dillerbottle.com\/fr\/products\/loose-leaf-tea-infuser-bottle","title":{"rendered":"Bouteille infuseur \u00e0 th\u00e9 en feuilles"},"content":{"rendered":"<p>Caract\u00e9ristiques de la bouteille infuseur \u00e0 th\u00e9 en vrac : 1. Cette bouteille infuseur \u00e0 th\u00e9 en vrac est fabriqu\u00e9e en verre borosilicat\u00e9 isol\u00e9 \u00e0 double paroi, extr\u00eamement s\u00fbr et sans BPA\/plomb, elle peut r\u00e9sister \u00e0 une diff\u00e9rence de temp\u00e9rature instantan\u00e9e \u00e9lev\u00e9e, tr\u00e8s solide et durable.<br \/>\n2. La bouteille avec un infuseur \u00e0 th\u00e9 en acier inoxydable, vous pouvez utiliser cette bouteille pour faire du th\u00e9 en vrac, aux herbes ou aux fruits, utiliser des sachets de th\u00e9 ou exp\u00e9rimenter pour cr\u00e9er de nouvelles boissons d\u00e9licieuses.<br \/>\n3.;Cette bouteille infuseur \u00e0 th\u00e9 en feuilles avec une corde en silicone solide et durable, tr\u00e8s facile \u00e0 transporter.<br \/>\n4.;La structure sous vide \u00e0 double couche de cette bouteille \u00e0 infuseur \u00e0 th\u00e9 peut maintenir la temp\u00e9rature du th\u00e9 plus longtemps et \u00e9viter que les mains ne soient br\u00fbl\u00e9es par l&#039;eau chaude.<\/p>","protected":false},"excerpt":{"rendered":"<p>Caract\u00e9ristiques de la bouteille infuseur \u00e0 th\u00e9 en feuilles : 1.<br \/>\nCette bouteille infuseur \u00e0 th\u00e9 en feuilles est fabriqu\u00e9e en verre borosilicat\u00e9 isol\u00e9 \u00e0 double paroi, extr\u00eamement s\u00fbr et sans BPA\/plomb, elle peut r\u00e9sister \u00e0 une diff\u00e9rence de temp\u00e9rature instantan\u00e9e \u00e9lev\u00e9e, tr\u00e8s solide et durable.<br \/>\n2.<br \/>\nLa bouteille avec une th\u00e9i\u00e8re en acier inoxydable\u2026<\/p>","protected":false},"featured_media":7276,"comment_status":"open","ping_status":"closed","template":"","meta":{"_acf_changed":false},"product_brand":[],"product_cat":[310],"product_tag":[575,583,32,36,33,31,39,597,38,604,632,29,37,34,35,28,514,576,30],"class_list":{"0":"post-7275","1":"product","2":"type-product","3":"status-publish","4":"has-post-thumbnail","6":"product_cat-glass-water-bottle","7":"product_tag-2000ml-water-bottle","8":"product_tag-2023-new-water-bottle","9":"product_tag-best","10":"product_tag-bulk","11":"product_tag-buy","12":"product_tag-custom","13":"product_tag-for-sale","14":"product_tag-glass-water-bottle-with-time-marker","15":"product_tag-good-quality","16":"product_tag-logo-water-bottle","17":"product_tag-loose-leaf-tea-infuser-bottle","18":"product_tag-manufacturers","19":"product_tag-manufacturing","20":"product_tag-price","21":"product_tag-small","22":"product_tag-suppliers","23":"product_tag-time-marker-water-bottle","24":"product_tag-two-liter-water-bottle","25":"product_tag-wholesale","27":"first","28":"instock","29":"shipping-taxable","30":"product-type-simple"},"acf":[],"yoast_head":"<!-- This site is optimized with the Yoast SEO Premium plugin v27.4 (Yoast SEO v27.4) - https:\/\/yoast.com\/product\/yoast-seo-premium-wordpress\/ -->\n<title>Loose Leaf Tea Infuser Bottle - Diller Water Bottle Manufacturer<\/title>\n<meta name=\"description\" content=\"As one of the best loose leaf tea infuser bottle manufacturers and suppliers, we are engaged in manufacturing good quality water bottles. We warmly welcome you to wholesale or buy custom made loose leaf tea infuser bottle at competitive price from us. Also, small quantity orders are acceptable.\" \/>\n<meta name=\"robots\" content=\"index, follow, max-snippet:-1, max-image-preview:large, max-video-preview:-1\" \/>\n<link rel=\"canonical\" href=\"https:\/\/www.dillerbottle.com\/fr\/produits\/bouteille-infuseur-a-the-en-feuilles\" \/>\n<meta property=\"og:locale\" content=\"fr_FR\" \/>\n<meta property=\"og:type\" content=\"article\" \/>\n<meta property=\"og:title\" content=\"Loose Leaf Tea Infuser Bottle\" \/>\n<meta property=\"og:description\" content=\"As one of the best loose leaf tea infuser bottle manufacturers and suppliers, we are engaged in manufacturing good quality water bottles. We warmly welcome you to wholesale or buy custom made loose leaf tea infuser bottle at competitive price from us. Also, small quantity orders are acceptable.\" \/>\n<meta property=\"og:url\" content=\"https:\/\/www.dillerbottle.com\/fr\/produits\/bouteille-infuseur-a-the-en-feuilles\" \/>\n<meta property=\"og:site_name\" content=\"Diller Water Bottle Manufacturer\" \/>\n<meta property=\"article:modified_time\" content=\"2025-07-09T09:01:53+00:00\" \/>\n<meta property=\"og:image\" content=\"https:\/\/www.dillerbottle.com\/wp-content\/uploads\/2024\/09\/loose-leaf-tea-infuser-bottle49495093521.jpg\" \/>\n\t<meta property=\"og:image:width\" content=\"730\" \/>\n\t<meta property=\"og:image:height\" content=\"730\" \/>\n\t<meta property=\"og:image:type\" content=\"image\/jpeg\" \/>\n<meta name=\"twitter:card\" content=\"summary_large_image\" \/>\n<meta name=\"twitter:label1\" content=\"Dur\u00e9e de lecture estim\u00e9e\" \/>\n\t<meta name=\"twitter:data1\" content=\"2 minutes\" \/>\n<script type=\"application\/ld+json\" class=\"yoast-schema-graph\">{\"@context\":\"https:\\\/\\\/schema.org\",\"@graph\":[{\"@type\":\"WebPage\",\"@id\":\"https:\\\/\\\/www.dillerbottle.com\\\/th\\\/%e0%b8%aa%e0%b8%b4%e0%b8%99%e0%b8%84%e0%b9%89%e0%b8%b2\\\/%e0%b8%82%e0%b8%a7%e0%b8%94%e0%b8%8a%e0%b8%87%e0%b8%8a%e0%b8%b2%e0%b9%83%e0%b8%9a%e0%b8%ab%e0%b8%a5%e0%b8%a7%e0%b8%a1\",\"url\":\"https:\\\/\\\/www.dillerbottle.com\\\/th\\\/%e0%b8%aa%e0%b8%b4%e0%b8%99%e0%b8%84%e0%b9%89%e0%b8%b2\\\/%e0%b8%82%e0%b8%a7%e0%b8%94%e0%b8%8a%e0%b8%87%e0%b8%8a%e0%b8%b2%e0%b9%83%e0%b8%9a%e0%b8%ab%e0%b8%a5%e0%b8%a7%e0%b8%a1\",\"name\":\"Loose Leaf Tea Infuser Bottle - Diller Water Bottle Manufacturer\",\"isPartOf\":{\"@id\":\"https:\\\/\\\/www.dillerbottle.com\\\/#website\"},\"primaryImageOfPage\":{\"@id\":\"https:\\\/\\\/www.dillerbottle.com\\\/th\\\/%e0%b8%aa%e0%b8%b4%e0%b8%99%e0%b8%84%e0%b9%89%e0%b8%b2\\\/%e0%b8%82%e0%b8%a7%e0%b8%94%e0%b8%8a%e0%b8%87%e0%b8%8a%e0%b8%b2%e0%b9%83%e0%b8%9a%e0%b8%ab%e0%b8%a5%e0%b8%a7%e0%b8%a1#primaryimage\"},\"image\":{\"@id\":\"https:\\\/\\\/www.dillerbottle.com\\\/th\\\/%e0%b8%aa%e0%b8%b4%e0%b8%99%e0%b8%84%e0%b9%89%e0%b8%b2\\\/%e0%b8%82%e0%b8%a7%e0%b8%94%e0%b8%8a%e0%b8%87%e0%b8%8a%e0%b8%b2%e0%b9%83%e0%b8%9a%e0%b8%ab%e0%b8%a5%e0%b8%a7%e0%b8%a1#primaryimage\"},\"thumbnailUrl\":\"https:\\\/\\\/www.dillerbottle.com\\\/wp-content\\\/uploads\\\/2024\\\/09\\\/loose-leaf-tea-infuser-bottle49495093521.jpg\",\"datePublished\":\"2024-09-29T01:57:51+00:00\",\"dateModified\":\"2025-07-09T09:01:53+00:00\",\"description\":\"As one of the best loose leaf tea infuser bottle manufacturers and suppliers, we are engaged in manufacturing good quality water bottles. We warmly welcome you to wholesale or buy custom made loose leaf tea infuser bottle at competitive price from us. Also, small quantity orders are acceptable.\",\"breadcrumb\":{\"@id\":\"https:\\\/\\\/www.dillerbottle.com\\\/th\\\/%e0%b8%aa%e0%b8%b4%e0%b8%99%e0%b8%84%e0%b9%89%e0%b8%b2\\\/%e0%b8%82%e0%b8%a7%e0%b8%94%e0%b8%8a%e0%b8%87%e0%b8%8a%e0%b8%b2%e0%b9%83%e0%b8%9a%e0%b8%ab%e0%b8%a5%e0%b8%a7%e0%b8%a1#breadcrumb\"},\"inLanguage\":\"fr-FR\",\"potentialAction\":[{\"@type\":\"ReadAction\",\"target\":[\"https:\\\/\\\/www.dillerbottle.com\\\/th\\\/%e0%b8%aa%e0%b8%b4%e0%b8%99%e0%b8%84%e0%b9%89%e0%b8%b2\\\/%e0%b8%82%e0%b8%a7%e0%b8%94%e0%b8%8a%e0%b8%87%e0%b8%8a%e0%b8%b2%e0%b9%83%e0%b8%9a%e0%b8%ab%e0%b8%a5%e0%b8%a7%e0%b8%a1\"]}]},{\"@type\":\"ImageObject\",\"inLanguage\":\"fr-FR\",\"@id\":\"https:\\\/\\\/www.dillerbottle.com\\\/th\\\/%e0%b8%aa%e0%b8%b4%e0%b8%99%e0%b8%84%e0%b9%89%e0%b8%b2\\\/%e0%b8%82%e0%b8%a7%e0%b8%94%e0%b8%8a%e0%b8%87%e0%b8%8a%e0%b8%b2%e0%b9%83%e0%b8%9a%e0%b8%ab%e0%b8%a5%e0%b8%a7%e0%b8%a1#primaryimage\",\"url\":\"https:\\\/\\\/www.dillerbottle.com\\\/wp-content\\\/uploads\\\/2024\\\/09\\\/loose-leaf-tea-infuser-bottle49495093521.jpg\",\"contentUrl\":\"https:\\\/\\\/www.dillerbottle.com\\\/wp-content\\\/uploads\\\/2024\\\/09\\\/loose-leaf-tea-infuser-bottle49495093521.jpg\",\"width\":730,\"height\":730},{\"@type\":\"BreadcrumbList\",\"@id\":\"https:\\\/\\\/www.dillerbottle.com\\\/th\\\/%e0%b8%aa%e0%b8%b4%e0%b8%99%e0%b8%84%e0%b9%89%e0%b8%b2\\\/%e0%b8%82%e0%b8%a7%e0%b8%94%e0%b8%8a%e0%b8%87%e0%b8%8a%e0%b8%b2%e0%b9%83%e0%b8%9a%e0%b8%ab%e0%b8%a5%e0%b8%a7%e0%b8%a1#breadcrumb\",\"itemListElement\":[{\"@type\":\"ListItem\",\"position\":1,\"name\":\"Home\",\"item\":\"https:\\\/\\\/www.dillerbottle.com\\\/\"},{\"@type\":\"ListItem\",\"position\":2,\"name\":\"Products\",\"item\":\"https:\\\/\\\/www.dillerbottle.com\\\/shop\"},{\"@type\":\"ListItem\",\"position\":3,\"name\":\"Loose Leaf Tea Infuser Bottle\"}]},{\"@type\":\"WebSite\",\"@id\":\"https:\\\/\\\/www.dillerbottle.com\\\/#website\",\"url\":\"https:\\\/\\\/www.dillerbottle.com\\\/\",\"name\":\"Diller Water Bottle Manufacturer\",\"description\":\"Water Bottle Manufacturer\",\"publisher\":{\"@id\":\"https:\\\/\\\/www.dillerbottle.com\\\/#organization\"},\"potentialAction\":[{\"@type\":\"SearchAction\",\"target\":{\"@type\":\"EntryPoint\",\"urlTemplate\":\"https:\\\/\\\/www.dillerbottle.com\\\/?s={search_term_string}\"},\"query-input\":{\"@type\":\"PropertyValueSpecification\",\"valueRequired\":true,\"valueName\":\"search_term_string\"}}],\"inLanguage\":\"fr-FR\"},{\"@type\":\"Organization\",\"@id\":\"https:\\\/\\\/www.dillerbottle.com\\\/#organization\",\"name\":\"Diller Water Bottle Manufacturer\",\"url\":\"https:\\\/\\\/www.dillerbottle.com\\\/\",\"logo\":{\"@type\":\"ImageObject\",\"inLanguage\":\"fr-FR\",\"@id\":\"https:\\\/\\\/www.dillerbottle.com\\\/#\\\/schema\\\/logo\\\/image\\\/\",\"url\":\"https:\\\/\\\/www.dillerbottle.com\\\/wp-content\\\/uploads\\\/2024\\\/09\\\/49918bfa848dcc1e9f8b509933603ac.png\",\"contentUrl\":\"https:\\\/\\\/www.dillerbottle.com\\\/wp-content\\\/uploads\\\/2024\\\/09\\\/49918bfa848dcc1e9f8b509933603ac.png\",\"width\":988,\"height\":198,\"caption\":\"Diller Water Bottle Manufacturer\"},\"image\":{\"@id\":\"https:\\\/\\\/www.dillerbottle.com\\\/#\\\/schema\\\/logo\\\/image\\\/\"}}]}<\/script>\n<!-- \/ Yoast SEO Premium plugin. -->","yoast_head_json":{"title":"Bouteille infuseur \u00e0 th\u00e9 en vrac - Fabricant de bouteilles d&#039;eau Diller","description":"En tant que l&#039;un des meilleurs fabricants et fournisseurs de bouteilles \u00e0 infusion de th\u00e9 en vrac, nous sommes engag\u00e9s dans la fabrication de bouteilles d&#039;eau de bonne qualit\u00e9. Nous vous invitons chaleureusement \u00e0 vendre en gros ou \u00e0 acheter chez nous des bouteilles \u00e0 infusion de th\u00e9 en vrac sur mesure \u00e0 un prix comp\u00e9titif. De plus, les commandes en petites quantit\u00e9s sont acceptables.","robots":{"index":"index","follow":"follow","max-snippet":"max-snippet:-1","max-image-preview":"max-image-preview:large","max-video-preview":"max-video-preview:-1"},"canonical":"https:\/\/www.dillerbottle.com\/fr\/produits\/bouteille-infuseur-a-the-en-feuilles","og_locale":"fr_FR","og_type":"article","og_title":"Loose Leaf Tea Infuser Bottle","og_description":"As one of the best loose leaf tea infuser bottle manufacturers and suppliers, we are engaged in manufacturing good quality water bottles. We warmly welcome you to wholesale or buy custom made loose leaf tea infuser bottle at competitive price from us. Also, small quantity orders are acceptable.","og_url":"https:\/\/www.dillerbottle.com\/fr\/produits\/bouteille-infuseur-a-the-en-feuilles","og_site_name":"Diller Water Bottle Manufacturer","article_modified_time":"2025-07-09T09:01:53+00:00","og_image":[{"width":730,"height":730,"url":"https:\/\/www.dillerbottle.com\/wp-content\/uploads\/2024\/09\/loose-leaf-tea-infuser-bottle49495093521.jpg","type":"image\/jpeg"}],"twitter_card":"summary_large_image","twitter_misc":{"Dur\u00e9e de lecture estim\u00e9e":"2 minutes"},"schema":{"@context":"https:\/\/schema.org","@graph":[{"@type":"WebPage","@id":"https:\/\/www.dillerbottle.com\/th\/%e0%b8%aa%e0%b8%b4%e0%b8%99%e0%b8%84%e0%b9%89%e0%b8%b2\/%e0%b8%82%e0%b8%a7%e0%b8%94%e0%b8%8a%e0%b8%87%e0%b8%8a%e0%b8%b2%e0%b9%83%e0%b8%9a%e0%b8%ab%e0%b8%a5%e0%b8%a7%e0%b8%a1","url":"https:\/\/www.dillerbottle.com\/th\/%e0%b8%aa%e0%b8%b4%e0%b8%99%e0%b8%84%e0%b9%89%e0%b8%b2\/%e0%b8%82%e0%b8%a7%e0%b8%94%e0%b8%8a%e0%b8%87%e0%b8%8a%e0%b8%b2%e0%b9%83%e0%b8%9a%e0%b8%ab%e0%b8%a5%e0%b8%a7%e0%b8%a1","name":"Bouteille infuseur \u00e0 th\u00e9 en vrac - Fabricant de bouteilles d&#039;eau Diller","isPartOf":{"@id":"https:\/\/www.dillerbottle.com\/#website"},"primaryImageOfPage":{"@id":"https:\/\/www.dillerbottle.com\/th\/%e0%b8%aa%e0%b8%b4%e0%b8%99%e0%b8%84%e0%b9%89%e0%b8%b2\/%e0%b8%82%e0%b8%a7%e0%b8%94%e0%b8%8a%e0%b8%87%e0%b8%8a%e0%b8%b2%e0%b9%83%e0%b8%9a%e0%b8%ab%e0%b8%a5%e0%b8%a7%e0%b8%a1#primaryimage"},"image":{"@id":"https:\/\/www.dillerbottle.com\/th\/%e0%b8%aa%e0%b8%b4%e0%b8%99%e0%b8%84%e0%b9%89%e0%b8%b2\/%e0%b8%82%e0%b8%a7%e0%b8%94%e0%b8%8a%e0%b8%87%e0%b8%8a%e0%b8%b2%e0%b9%83%e0%b8%9a%e0%b8%ab%e0%b8%a5%e0%b8%a7%e0%b8%a1#primaryimage"},"thumbnailUrl":"https:\/\/www.dillerbottle.com\/wp-content\/uploads\/2024\/09\/loose-leaf-tea-infuser-bottle49495093521.jpg","datePublished":"2024-09-29T01:57:51+00:00","dateModified":"2025-07-09T09:01:53+00:00","description":"En tant que l&#039;un des meilleurs fabricants et fournisseurs de bouteilles \u00e0 infusion de th\u00e9 en vrac, nous sommes engag\u00e9s dans la fabrication de bouteilles d&#039;eau de bonne qualit\u00e9. Nous vous invitons chaleureusement \u00e0 vendre en gros ou \u00e0 acheter chez nous des bouteilles \u00e0 infusion de th\u00e9 en vrac sur mesure \u00e0 un prix comp\u00e9titif. De plus, les commandes en petites quantit\u00e9s sont acceptables.","breadcrumb":{"@id":"https:\/\/www.dillerbottle.com\/th\/%e0%b8%aa%e0%b8%b4%e0%b8%99%e0%b8%84%e0%b9%89%e0%b8%b2\/%e0%b8%82%e0%b8%a7%e0%b8%94%e0%b8%8a%e0%b8%87%e0%b8%8a%e0%b8%b2%e0%b9%83%e0%b8%9a%e0%b8%ab%e0%b8%a5%e0%b8%a7%e0%b8%a1#breadcrumb"},"inLanguage":"fr-FR","potentialAction":[{"@type":"ReadAction","target":["https:\/\/www.dillerbottle.com\/th\/%e0%b8%aa%e0%b8%b4%e0%b8%99%e0%b8%84%e0%b9%89%e0%b8%b2\/%e0%b8%82%e0%b8%a7%e0%b8%94%e0%b8%8a%e0%b8%87%e0%b8%8a%e0%b8%b2%e0%b9%83%e0%b8%9a%e0%b8%ab%e0%b8%a5%e0%b8%a7%e0%b8%a1"]}]},{"@type":"ImageObject","inLanguage":"fr-FR","@id":"https:\/\/www.dillerbottle.com\/th\/%e0%b8%aa%e0%b8%b4%e0%b8%99%e0%b8%84%e0%b9%89%e0%b8%b2\/%e0%b8%82%e0%b8%a7%e0%b8%94%e0%b8%8a%e0%b8%87%e0%b8%8a%e0%b8%b2%e0%b9%83%e0%b8%9a%e0%b8%ab%e0%b8%a5%e0%b8%a7%e0%b8%a1#primaryimage","url":"https:\/\/www.dillerbottle.com\/wp-content\/uploads\/2024\/09\/loose-leaf-tea-infuser-bottle49495093521.jpg","contentUrl":"https:\/\/www.dillerbottle.com\/wp-content\/uploads\/2024\/09\/loose-leaf-tea-infuser-bottle49495093521.jpg","width":730,"height":730},{"@type":"BreadcrumbList","@id":"https:\/\/www.dillerbottle.com\/th\/%e0%b8%aa%e0%b8%b4%e0%b8%99%e0%b8%84%e0%b9%89%e0%b8%b2\/%e0%b8%82%e0%b8%a7%e0%b8%94%e0%b8%8a%e0%b8%87%e0%b8%8a%e0%b8%b2%e0%b9%83%e0%b8%9a%e0%b8%ab%e0%b8%a5%e0%b8%a7%e0%b8%a1#breadcrumb","itemListElement":[{"@type":"ListItem","position":1,"name":"Home","item":"https:\/\/www.dillerbottle.com\/"},{"@type":"ListItem","position":2,"name":"Products","item":"https:\/\/www.dillerbottle.com\/shop"},{"@type":"ListItem","position":3,"name":"Loose Leaf Tea Infuser Bottle"}]},{"@type":"WebSite","@id":"https:\/\/www.dillerbottle.com\/#website","url":"https:\/\/www.dillerbottle.com\/","name":"Fabricant de bouteilles d&#039;eau Diller","description":"Fabricant de bouteilles d&#039;eau","publisher":{"@id":"https:\/\/www.dillerbottle.com\/#organization"},"potentialAction":[{"@type":"SearchAction","target":{"@type":"EntryPoint","urlTemplate":"https:\/\/www.dillerbottle.com\/?s={search_term_string}"},"query-input":{"@type":"PropertyValueSpecification","valueRequired":true,"valueName":"search_term_string"}}],"inLanguage":"fr-FR"},{"@type":"Organization","@id":"https:\/\/www.dillerbottle.com\/#organization","name":"Fabricant de bouteilles d&#039;eau Diller","url":"https:\/\/www.dillerbottle.com\/","logo":{"@type":"ImageObject","inLanguage":"fr-FR","@id":"https:\/\/www.dillerbottle.com\/#\/schema\/logo\/image\/","url":"https:\/\/www.dillerbottle.com\/wp-content\/uploads\/2024\/09\/49918bfa848dcc1e9f8b509933603ac.png","contentUrl":"https:\/\/www.dillerbottle.com\/wp-content\/uploads\/2024\/09\/49918bfa848dcc1e9f8b509933603ac.png","width":988,"height":198,"caption":"Diller Water Bottle Manufacturer"},"image":{"@id":"https:\/\/www.dillerbottle.com\/#\/schema\/logo\/image\/"}}]}},"_links":{"self":[{"href":"https:\/\/www.dillerbottle.com\/fr\/wp-json\/wp\/v2\/product\/7275","targetHints":{"allow":["GET"]}}],"collection":[{"href":"https:\/\/www.dillerbottle.com\/fr\/wp-json\/wp\/v2\/product"}],"about":[{"href":"https:\/\/www.dillerbottle.com\/fr\/wp-json\/wp\/v2\/types\/product"}],"replies":[{"embeddable":true,"href":"https:\/\/www.dillerbottle.com\/fr\/wp-json\/wp\/v2\/comments?post=7275"}],"wp:featuredmedia":[{"embeddable":true,"href":"https:\/\/www.dillerbottle.com\/fr\/wp-json\/wp\/v2\/media\/7276"}],"wp:attachment":[{"href":"https:\/\/www.dillerbottle.com\/fr\/wp-json\/wp\/v2\/media?parent=7275"}],"wp:term":[{"taxonomy":"product_brand","embeddable":true,"href":"https:\/\/www.dillerbottle.com\/fr\/wp-json\/wp\/v2\/product_brand?post=7275"},{"taxonomy":"product_cat","embeddable":true,"href":"https:\/\/www.dillerbottle.com\/fr\/wp-json\/wp\/v2\/product_cat?post=7275"},{"taxonomy":"product_tag","embeddable":true,"href":"https:\/\/www.dillerbottle.com\/fr\/wp-json\/wp\/v2\/product_tag?post=7275"}],"curies":[{"name":"wp","href":"https:\/\/api.w.org\/{rel}","templated":true}]}}