{"id":7446,"date":"2024-09-29T09:59:48","date_gmt":"2024-09-29T01:59:48","guid":{"rendered":"https:\/\/demo.dillerbottle.com\/uncategorized\/tea-infuser-drink-bottle"},"modified":"2025-07-09T16:55:50","modified_gmt":"2025-07-09T08:55:50","slug":"bouteille-a-boisson-avec-infuseur-a-the","status":"publish","type":"product","link":"https:\/\/www.dillerbottle.com\/fr\/products\/tea-infuser-drink-bottle","title":{"rendered":"Bouteille \u00e0 th\u00e9 avec infuseur \u00e0 boisson"},"content":{"rendered":"<p>1. Bouteille \u00e0 th\u00e9 en verre \u00e0 double paroi avec filtre et infuseur amovibles en acier inoxydable 18\/8 (304) de qualit\u00e9 alimentaire. Parfait pour le th\u00e9 en feuilles, les infusions de fruits chaudes ou froides, le caf\u00e9 bio, le cacao ou l&#039;eau aromatis\u00e9e. Profitez-en \u00e0 la maison ou en d\u00e9placement, au travail ou pour jouer.<br \/>\n2. La bouteille \u00e0 infusion de th\u00e9 est fabriqu\u00e9e en verre borosilicat\u00e9 l\u00e9ger \u00e0 double paroi.<br \/>\n3. Couvercle en bambou \u00e9tanche de haute qualit\u00e9.<\/p>","protected":false},"excerpt":{"rendered":"<p>Caract\u00e9ristiques : 1.<br \/>\nBouteille \u00e0 th\u00e9 en verre \u00e0 double paroi avec filtre et infuseur amovibles en acier inoxydable 18\/8 (304) de qualit\u00e9 alimentaire.<br \/>\nParfait pour le th\u00e9 en feuilles, les infusions de fruits chaudes ou froides, le caf\u00e9 biologique, le cacao ou l&#039;eau aromatis\u00e9e.<br \/>\nProfitez-en \u00e0 la maison ou en d\u00e9placement, au travail ou pour jouer.<br \/>\n2.<br \/>\nLa bouteille \u00e0 infusion de th\u00e9 est fabriqu\u00e9e en verre borosilicat\u00e9 l\u00e9ger \u00e0 double paroi.<br \/>\n3.<br \/>\nCouvercle en bambou \u00e9tanche de haute qualit\u00e9.<\/p>","protected":false},"featured_media":7447,"comment_status":"open","ping_status":"closed","template":"","meta":{"_acf_changed":false},"product_brand":[],"product_cat":[310],"product_tag":[575,32,588,36,33,31,39,593,38,604,29,37,34,35,579,28,645,514,30],"class_list":{"0":"post-7446","1":"product","2":"type-product","3":"status-publish","4":"has-post-thumbnail","6":"product_cat-glass-water-bottle","7":"product_tag-2000ml-water-bottle","8":"product_tag-best","9":"product_tag-borosilicate-glass-water-bottle","10":"product_tag-bulk","11":"product_tag-buy","12":"product_tag-custom","13":"product_tag-for-sale","14":"product_tag-frosted-glass-water-bottle-sublimation","15":"product_tag-good-quality","16":"product_tag-logo-water-bottle","17":"product_tag-manufacturers","18":"product_tag-manufacturing","19":"product_tag-price","20":"product_tag-small","21":"product_tag-summer-water-bottle","22":"product_tag-suppliers","23":"product_tag-tea-infuser-drink-bottle","24":"product_tag-time-marker-water-bottle","25":"product_tag-wholesale","27":"first","28":"instock","29":"shipping-taxable","30":"product-type-simple"},"acf":[],"yoast_head":"<!-- This site is optimized with the Yoast SEO Premium plugin v27.5 (Yoast SEO v27.5) - https:\/\/yoast.com\/product\/yoast-seo-premium-wordpress\/ -->\n<title>Tea Infuser Drink Bottle - Diller Water Bottle Manufacturer<\/title>\n<meta name=\"description\" content=\"As one of the best tea infuser drink bottle manufacturers and suppliers, we are engaged in manufacturing good quality water bottles. We warmly welcome you to wholesale or buy custom made tea infuser drink bottle at competitive price from us. Also, small quantity orders are acceptable.\" \/>\n<meta name=\"robots\" content=\"index, follow, max-snippet:-1, max-image-preview:large, max-video-preview:-1\" \/>\n<link rel=\"canonical\" href=\"https:\/\/www.dillerbottle.com\/fr\/produits\/bouteille-a-boisson-avec-infuseur-a-the\" \/>\n<meta property=\"og:locale\" content=\"fr_FR\" \/>\n<meta property=\"og:type\" content=\"article\" \/>\n<meta property=\"og:title\" content=\"Tea Infuser Drink Bottle\" \/>\n<meta property=\"og:description\" content=\"As one of the best tea infuser drink bottle manufacturers and suppliers, we are engaged in manufacturing good quality water bottles. We warmly welcome you to wholesale or buy custom made tea infuser drink bottle at competitive price from us. Also, small quantity orders are acceptable.\" \/>\n<meta property=\"og:url\" content=\"https:\/\/www.dillerbottle.com\/fr\/produits\/bouteille-a-boisson-avec-infuseur-a-the\" \/>\n<meta property=\"og:site_name\" content=\"Diller Water Bottle Manufacturer\" \/>\n<meta property=\"article:modified_time\" content=\"2025-07-09T08:55:50+00:00\" \/>\n<meta property=\"og:image\" content=\"https:\/\/www.dillerbottle.com\/wp-content\/uploads\/2024\/09\/tea-infuser-drink-bottle32269506723.jpg\" \/>\n\t<meta property=\"og:image:width\" content=\"730\" \/>\n\t<meta property=\"og:image:height\" content=\"730\" \/>\n\t<meta property=\"og:image:type\" content=\"image\/jpeg\" \/>\n<meta name=\"twitter:card\" content=\"summary_large_image\" \/>\n<meta name=\"twitter:label1\" content=\"Dur\u00e9e de lecture estim\u00e9e\" \/>\n\t<meta name=\"twitter:data1\" content=\"2 minutes\" \/>\n<script type=\"application\/ld+json\" class=\"yoast-schema-graph\">{\"@context\":\"https:\\\/\\\/schema.org\",\"@graph\":[{\"@type\":\"WebPage\",\"@id\":\"https:\\\/\\\/www.dillerbottle.com\\\/id\\\/produk\\\/botol-minuman-infuser-teh\",\"url\":\"https:\\\/\\\/www.dillerbottle.com\\\/id\\\/produk\\\/botol-minuman-infuser-teh\",\"name\":\"Tea Infuser Drink Bottle - Diller Water Bottle Manufacturer\",\"isPartOf\":{\"@id\":\"https:\\\/\\\/www.dillerbottle.com\\\/#website\"},\"primaryImageOfPage\":{\"@id\":\"https:\\\/\\\/www.dillerbottle.com\\\/id\\\/produk\\\/botol-minuman-infuser-teh#primaryimage\"},\"image\":{\"@id\":\"https:\\\/\\\/www.dillerbottle.com\\\/id\\\/produk\\\/botol-minuman-infuser-teh#primaryimage\"},\"thumbnailUrl\":\"https:\\\/\\\/www.dillerbottle.com\\\/wp-content\\\/uploads\\\/2024\\\/09\\\/tea-infuser-drink-bottle32269506723.jpg\",\"datePublished\":\"2024-09-29T01:59:48+00:00\",\"dateModified\":\"2025-07-09T08:55:50+00:00\",\"description\":\"As one of the best tea infuser drink bottle manufacturers and suppliers, we are engaged in manufacturing good quality water bottles. We warmly welcome you to wholesale or buy custom made tea infuser drink bottle at competitive price from us. Also, small quantity orders are acceptable.\",\"breadcrumb\":{\"@id\":\"https:\\\/\\\/www.dillerbottle.com\\\/id\\\/produk\\\/botol-minuman-infuser-teh#breadcrumb\"},\"inLanguage\":\"fr-FR\",\"potentialAction\":[{\"@type\":\"ReadAction\",\"target\":[\"https:\\\/\\\/www.dillerbottle.com\\\/id\\\/produk\\\/botol-minuman-infuser-teh\"]}]},{\"@type\":\"ImageObject\",\"inLanguage\":\"fr-FR\",\"@id\":\"https:\\\/\\\/www.dillerbottle.com\\\/id\\\/produk\\\/botol-minuman-infuser-teh#primaryimage\",\"url\":\"https:\\\/\\\/www.dillerbottle.com\\\/wp-content\\\/uploads\\\/2024\\\/09\\\/tea-infuser-drink-bottle32269506723.jpg\",\"contentUrl\":\"https:\\\/\\\/www.dillerbottle.com\\\/wp-content\\\/uploads\\\/2024\\\/09\\\/tea-infuser-drink-bottle32269506723.jpg\",\"width\":730,\"height\":730},{\"@type\":\"BreadcrumbList\",\"@id\":\"https:\\\/\\\/www.dillerbottle.com\\\/id\\\/produk\\\/botol-minuman-infuser-teh#breadcrumb\",\"itemListElement\":[{\"@type\":\"ListItem\",\"position\":1,\"name\":\"Home\",\"item\":\"https:\\\/\\\/www.dillerbottle.com\\\/\"},{\"@type\":\"ListItem\",\"position\":2,\"name\":\"Products\",\"item\":\"https:\\\/\\\/www.dillerbottle.com\\\/shop\"},{\"@type\":\"ListItem\",\"position\":3,\"name\":\"Tea Infuser Drink Bottle\"}]},{\"@type\":\"WebSite\",\"@id\":\"https:\\\/\\\/www.dillerbottle.com\\\/#website\",\"url\":\"https:\\\/\\\/www.dillerbottle.com\\\/\",\"name\":\"Diller Water Bottle Manufacturer\",\"description\":\"Water Bottle Manufacturer\",\"publisher\":{\"@id\":\"https:\\\/\\\/www.dillerbottle.com\\\/#organization\"},\"potentialAction\":[{\"@type\":\"SearchAction\",\"target\":{\"@type\":\"EntryPoint\",\"urlTemplate\":\"https:\\\/\\\/www.dillerbottle.com\\\/?s={search_term_string}\"},\"query-input\":{\"@type\":\"PropertyValueSpecification\",\"valueRequired\":true,\"valueName\":\"search_term_string\"}}],\"inLanguage\":\"fr-FR\"},{\"@type\":\"Organization\",\"@id\":\"https:\\\/\\\/www.dillerbottle.com\\\/#organization\",\"name\":\"Diller Water Bottle Manufacturer\",\"url\":\"https:\\\/\\\/www.dillerbottle.com\\\/\",\"logo\":{\"@type\":\"ImageObject\",\"inLanguage\":\"fr-FR\",\"@id\":\"https:\\\/\\\/www.dillerbottle.com\\\/#\\\/schema\\\/logo\\\/image\\\/\",\"url\":\"https:\\\/\\\/www.dillerbottle.com\\\/wp-content\\\/uploads\\\/2024\\\/09\\\/49918bfa848dcc1e9f8b509933603ac.png\",\"contentUrl\":\"https:\\\/\\\/www.dillerbottle.com\\\/wp-content\\\/uploads\\\/2024\\\/09\\\/49918bfa848dcc1e9f8b509933603ac.png\",\"width\":988,\"height\":198,\"caption\":\"Diller Water Bottle Manufacturer\"},\"image\":{\"@id\":\"https:\\\/\\\/www.dillerbottle.com\\\/#\\\/schema\\\/logo\\\/image\\\/\"}}]}<\/script>\n<!-- \/ Yoast SEO Premium plugin. -->","yoast_head_json":{"title":"Bouteille \u00e0 th\u00e9 avec infuseur - Fabricant de bouteilles d&#039;eau Diller","description":"En tant que l&#039;un des meilleurs fabricants et fournisseurs de bouteilles de boisson \u00e0 infuseur de th\u00e9, nous sommes engag\u00e9s dans la fabrication de bouteilles d&#039;eau de bonne qualit\u00e9. Nous vous invitons chaleureusement \u00e0 vendre en gros ou \u00e0 acheter chez nous une bouteille de boisson \u00e0 infuseur de th\u00e9 sur mesure \u00e0 un prix comp\u00e9titif. De plus, les commandes en petites quantit\u00e9s sont acceptables.","robots":{"index":"index","follow":"follow","max-snippet":"max-snippet:-1","max-image-preview":"max-image-preview:large","max-video-preview":"max-video-preview:-1"},"canonical":"https:\/\/www.dillerbottle.com\/fr\/produits\/bouteille-a-boisson-avec-infuseur-a-the","og_locale":"fr_FR","og_type":"article","og_title":"Tea Infuser Drink Bottle","og_description":"As one of the best tea infuser drink bottle manufacturers and suppliers, we are engaged in manufacturing good quality water bottles. We warmly welcome you to wholesale or buy custom made tea infuser drink bottle at competitive price from us. Also, small quantity orders are acceptable.","og_url":"https:\/\/www.dillerbottle.com\/fr\/produits\/bouteille-a-boisson-avec-infuseur-a-the","og_site_name":"Diller Water Bottle Manufacturer","article_modified_time":"2025-07-09T08:55:50+00:00","og_image":[{"width":730,"height":730,"url":"https:\/\/www.dillerbottle.com\/wp-content\/uploads\/2024\/09\/tea-infuser-drink-bottle32269506723.jpg","type":"image\/jpeg"}],"twitter_card":"summary_large_image","twitter_misc":{"Dur\u00e9e de lecture estim\u00e9e":"2 minutes"},"schema":{"@context":"https:\/\/schema.org","@graph":[{"@type":"WebPage","@id":"https:\/\/www.dillerbottle.com\/id\/produk\/botol-minuman-infuser-teh","url":"https:\/\/www.dillerbottle.com\/id\/produk\/botol-minuman-infuser-teh","name":"Bouteille \u00e0 th\u00e9 avec infuseur - Fabricant de bouteilles d&#039;eau Diller","isPartOf":{"@id":"https:\/\/www.dillerbottle.com\/#website"},"primaryImageOfPage":{"@id":"https:\/\/www.dillerbottle.com\/id\/produk\/botol-minuman-infuser-teh#primaryimage"},"image":{"@id":"https:\/\/www.dillerbottle.com\/id\/produk\/botol-minuman-infuser-teh#primaryimage"},"thumbnailUrl":"https:\/\/www.dillerbottle.com\/wp-content\/uploads\/2024\/09\/tea-infuser-drink-bottle32269506723.jpg","datePublished":"2024-09-29T01:59:48+00:00","dateModified":"2025-07-09T08:55:50+00:00","description":"En tant que l&#039;un des meilleurs fabricants et fournisseurs de bouteilles de boisson \u00e0 infuseur de th\u00e9, nous sommes engag\u00e9s dans la fabrication de bouteilles d&#039;eau de bonne qualit\u00e9. Nous vous invitons chaleureusement \u00e0 vendre en gros ou \u00e0 acheter chez nous une bouteille de boisson \u00e0 infuseur de th\u00e9 sur mesure \u00e0 un prix comp\u00e9titif. De plus, les commandes en petites quantit\u00e9s sont acceptables.","breadcrumb":{"@id":"https:\/\/www.dillerbottle.com\/id\/produk\/botol-minuman-infuser-teh#breadcrumb"},"inLanguage":"fr-FR","potentialAction":[{"@type":"ReadAction","target":["https:\/\/www.dillerbottle.com\/id\/produk\/botol-minuman-infuser-teh"]}]},{"@type":"ImageObject","inLanguage":"fr-FR","@id":"https:\/\/www.dillerbottle.com\/id\/produk\/botol-minuman-infuser-teh#primaryimage","url":"https:\/\/www.dillerbottle.com\/wp-content\/uploads\/2024\/09\/tea-infuser-drink-bottle32269506723.jpg","contentUrl":"https:\/\/www.dillerbottle.com\/wp-content\/uploads\/2024\/09\/tea-infuser-drink-bottle32269506723.jpg","width":730,"height":730},{"@type":"BreadcrumbList","@id":"https:\/\/www.dillerbottle.com\/id\/produk\/botol-minuman-infuser-teh#breadcrumb","itemListElement":[{"@type":"ListItem","position":1,"name":"Home","item":"https:\/\/www.dillerbottle.com\/"},{"@type":"ListItem","position":2,"name":"Products","item":"https:\/\/www.dillerbottle.com\/shop"},{"@type":"ListItem","position":3,"name":"Tea Infuser Drink Bottle"}]},{"@type":"WebSite","@id":"https:\/\/www.dillerbottle.com\/#website","url":"https:\/\/www.dillerbottle.com\/","name":"Fabricant de bouteilles d&#039;eau Diller","description":"Fabricant de bouteilles d&#039;eau","publisher":{"@id":"https:\/\/www.dillerbottle.com\/#organization"},"potentialAction":[{"@type":"SearchAction","target":{"@type":"EntryPoint","urlTemplate":"https:\/\/www.dillerbottle.com\/?s={search_term_string}"},"query-input":{"@type":"PropertyValueSpecification","valueRequired":true,"valueName":"search_term_string"}}],"inLanguage":"fr-FR"},{"@type":"Organization","@id":"https:\/\/www.dillerbottle.com\/#organization","name":"Fabricant de bouteilles d&#039;eau Diller","url":"https:\/\/www.dillerbottle.com\/","logo":{"@type":"ImageObject","inLanguage":"fr-FR","@id":"https:\/\/www.dillerbottle.com\/#\/schema\/logo\/image\/","url":"https:\/\/www.dillerbottle.com\/wp-content\/uploads\/2024\/09\/49918bfa848dcc1e9f8b509933603ac.png","contentUrl":"https:\/\/www.dillerbottle.com\/wp-content\/uploads\/2024\/09\/49918bfa848dcc1e9f8b509933603ac.png","width":988,"height":198,"caption":"Diller Water Bottle Manufacturer"},"image":{"@id":"https:\/\/www.dillerbottle.com\/#\/schema\/logo\/image\/"}}]}},"_links":{"self":[{"href":"https:\/\/www.dillerbottle.com\/fr\/wp-json\/wp\/v2\/product\/7446","targetHints":{"allow":["GET"]}}],"collection":[{"href":"https:\/\/www.dillerbottle.com\/fr\/wp-json\/wp\/v2\/product"}],"about":[{"href":"https:\/\/www.dillerbottle.com\/fr\/wp-json\/wp\/v2\/types\/product"}],"replies":[{"embeddable":true,"href":"https:\/\/www.dillerbottle.com\/fr\/wp-json\/wp\/v2\/comments?post=7446"}],"wp:featuredmedia":[{"embeddable":true,"href":"https:\/\/www.dillerbottle.com\/fr\/wp-json\/wp\/v2\/media\/7447"}],"wp:attachment":[{"href":"https:\/\/www.dillerbottle.com\/fr\/wp-json\/wp\/v2\/media?parent=7446"}],"wp:term":[{"taxonomy":"product_brand","embeddable":true,"href":"https:\/\/www.dillerbottle.com\/fr\/wp-json\/wp\/v2\/product_brand?post=7446"},{"taxonomy":"product_cat","embeddable":true,"href":"https:\/\/www.dillerbottle.com\/fr\/wp-json\/wp\/v2\/product_cat?post=7446"},{"taxonomy":"product_tag","embeddable":true,"href":"https:\/\/www.dillerbottle.com\/fr\/wp-json\/wp\/v2\/product_tag?post=7446"}],"curies":[{"name":"wp","href":"https:\/\/api.w.org\/{rel}","templated":true}]}}