{"id":7496,"date":"2024-09-29T10:00:17","date_gmt":"2024-09-29T02:00:17","guid":{"rendered":"https:\/\/demo.dillerbottle.com\/uncategorized\/portable-glass-water-bottles"},"modified":"2025-07-09T16:55:05","modified_gmt":"2025-07-09T08:55:05","slug":"bouteilles-deau-en-verre-portables","status":"publish","type":"product","link":"https:\/\/www.dillerbottle.com\/fr\/products\/portable-glass-water-bottles","title":{"rendered":"Bouteilles d&#039;eau en verre portables"},"content":{"rendered":"<p>1. Fabriqu\u00e9 en verre borosilicat\u00e9 r\u00e9sistant \u00e0 la chaleur et couvercle en acier inoxydable avec corde en silicone portable pour un transport facile.<br \/>\n2. Les bouteilles d&#039;eau en verre sont livr\u00e9es avec un manchon en cuir antid\u00e9rapant et anti-br\u00fblure.<br \/>\n3. Mat\u00e9riaux de qualit\u00e9 alimentaire, sans BPA, respectueux de l&#039;environnement.<br \/>\n4.Parfait pour \u00eatre \u00e9l\u00e9gant au bureau, pour le yoga et d&#039;autres activit\u00e9s sportives.<\/p>","protected":false},"excerpt":{"rendered":"<p>Caract\u00e9ristiques : Fabriqu\u00e9 en verre borosilicat\u00e9 r\u00e9sistant \u00e0 la chaleur et couvercle en acier inoxydable avec corde en silicone portable pour un transport facile.<br \/>\n2. Les bouteilles d&#039;eau en verre sont livr\u00e9es avec un manchon en cuir antid\u00e9rapant et anti-br\u00fblure.<br \/>\n3. Mat\u00e9riaux de qualit\u00e9 alimentaire, sans BPA, respectueux de l&#039;environnement.<br \/>\n4.Parfait pour \u00eatre styl\u00e9 au bureau, pour le yoga et autres activit\u00e9s sportives\u2026<\/p>","protected":false},"featured_media":7497,"comment_status":"open","ping_status":"closed","template":"","meta":{"_acf_changed":false},"product_brand":[],"product_cat":[310],"product_tag":[546,32,36,33,31,542,39,597,38,29,37,587,649,34,551,35,28,594,30],"class_list":{"0":"post-7496","1":"product","2":"type-product","3":"status-publish","4":"has-post-thumbnail","6":"product_cat-glass-water-bottle","7":"product_tag-1l-water-bottle","8":"product_tag-best","9":"product_tag-bulk","10":"product_tag-buy","11":"product_tag-custom","12":"product_tag-double-wall-glass-water-bottle-with-tea-infuser","13":"product_tag-for-sale","14":"product_tag-glass-water-bottle-with-time-marker","15":"product_tag-good-quality","16":"product_tag-manufacturers","17":"product_tag-manufacturing","18":"product_tag-motivational-water-bottle-1-liter","19":"product_tag-portable-glass-water-bottles","20":"product_tag-price","21":"product_tag-silicone-sleeve-water-bottle","22":"product_tag-small","23":"product_tag-suppliers","24":"product_tag-water-bottle-cheap","25":"product_tag-wholesale","27":"first","28":"instock","29":"shipping-taxable","30":"product-type-simple"},"acf":[],"yoast_head":"<!-- This site is optimized with the Yoast SEO Premium plugin v27.6 (Yoast SEO v27.6) - https:\/\/yoast.com\/product\/yoast-seo-premium-wordpress\/ -->\n<title>Portable Glass Water Bottles - Diller Water Bottle Manufacturer<\/title>\n<meta name=\"description\" content=\"As one of the best portable glass water bottles manufacturers and suppliers, we are engaged in manufacturing good quality water bottles. We warmly welcome you to wholesale or buy custom made portable glass water bottles at competitive price from us. Also, small quantity orders are acceptable.\" \/>\n<meta name=\"robots\" content=\"index, follow, max-snippet:-1, max-image-preview:large, max-video-preview:-1\" \/>\n<link rel=\"canonical\" href=\"https:\/\/www.dillerbottle.com\/fr\/produits\/bouteilles-deau-en-verre-portables\" \/>\n<meta property=\"og:locale\" content=\"fr_FR\" \/>\n<meta property=\"og:type\" content=\"article\" \/>\n<meta property=\"og:title\" content=\"Portable Glass Water Bottles\" \/>\n<meta property=\"og:description\" content=\"As one of the best portable glass water bottles manufacturers and suppliers, we are engaged in manufacturing good quality water bottles. We warmly welcome you to wholesale or buy custom made portable glass water bottles at competitive price from us. Also, small quantity orders are acceptable.\" \/>\n<meta property=\"og:url\" content=\"https:\/\/www.dillerbottle.com\/fr\/produits\/bouteilles-deau-en-verre-portables\" \/>\n<meta property=\"og:site_name\" content=\"Diller Water Bottle Manufacturer\" \/>\n<meta property=\"article:modified_time\" content=\"2025-07-09T08:55:05+00:00\" \/>\n<meta property=\"og:image\" content=\"https:\/\/www.dillerbottle.com\/wp-content\/uploads\/2024\/09\/portable-glass-water-bottles43435718728.jpg\" \/>\n\t<meta property=\"og:image:width\" content=\"730\" \/>\n\t<meta property=\"og:image:height\" content=\"730\" \/>\n\t<meta property=\"og:image:type\" content=\"image\/jpeg\" \/>\n<meta name=\"twitter:card\" content=\"summary_large_image\" \/>\n<meta name=\"twitter:label1\" content=\"Dur\u00e9e de lecture estim\u00e9e\" \/>\n\t<meta name=\"twitter:data1\" content=\"2 minutes\" \/>\n<script type=\"application\/ld+json\" class=\"yoast-schema-graph\">{\"@context\":\"https:\\\/\\\/schema.org\",\"@graph\":[{\"@type\":\"WebPage\",\"@id\":\"https:\\\/\\\/www.dillerbottle.com\\\/ru\\\/%d0%bf%d1%80%d0%be%d0%b4%d1%83%d0%ba%d1%82%d1%8b\\\/%d0%bf%d0%b5%d1%80%d0%b5%d0%bd%d0%be%d1%81%d0%bd%d1%8b%d0%b5-%d1%81%d1%82%d0%b5%d0%ba%d0%bb%d1%8f%d0%bd%d0%bd%d1%8b%d0%b5-%d0%b1%d1%83%d1%82%d1%8b%d0%bb%d0%ba%d0%b8-%d0%b4%d0%bb%d1%8f-%d0%b2%d0%be\",\"url\":\"https:\\\/\\\/www.dillerbottle.com\\\/ru\\\/%d0%bf%d1%80%d0%be%d0%b4%d1%83%d0%ba%d1%82%d1%8b\\\/%d0%bf%d0%b5%d1%80%d0%b5%d0%bd%d0%be%d1%81%d0%bd%d1%8b%d0%b5-%d1%81%d1%82%d0%b5%d0%ba%d0%bb%d1%8f%d0%bd%d0%bd%d1%8b%d0%b5-%d0%b1%d1%83%d1%82%d1%8b%d0%bb%d0%ba%d0%b8-%d0%b4%d0%bb%d1%8f-%d0%b2%d0%be\",\"name\":\"Portable Glass Water Bottles - Diller Water Bottle Manufacturer\",\"isPartOf\":{\"@id\":\"https:\\\/\\\/www.dillerbottle.com\\\/#website\"},\"primaryImageOfPage\":{\"@id\":\"https:\\\/\\\/www.dillerbottle.com\\\/ru\\\/%d0%bf%d1%80%d0%be%d0%b4%d1%83%d0%ba%d1%82%d1%8b\\\/%d0%bf%d0%b5%d1%80%d0%b5%d0%bd%d0%be%d1%81%d0%bd%d1%8b%d0%b5-%d1%81%d1%82%d0%b5%d0%ba%d0%bb%d1%8f%d0%bd%d0%bd%d1%8b%d0%b5-%d0%b1%d1%83%d1%82%d1%8b%d0%bb%d0%ba%d0%b8-%d0%b4%d0%bb%d1%8f-%d0%b2%d0%be#primaryimage\"},\"image\":{\"@id\":\"https:\\\/\\\/www.dillerbottle.com\\\/ru\\\/%d0%bf%d1%80%d0%be%d0%b4%d1%83%d0%ba%d1%82%d1%8b\\\/%d0%bf%d0%b5%d1%80%d0%b5%d0%bd%d0%be%d1%81%d0%bd%d1%8b%d0%b5-%d1%81%d1%82%d0%b5%d0%ba%d0%bb%d1%8f%d0%bd%d0%bd%d1%8b%d0%b5-%d0%b1%d1%83%d1%82%d1%8b%d0%bb%d0%ba%d0%b8-%d0%b4%d0%bb%d1%8f-%d0%b2%d0%be#primaryimage\"},\"thumbnailUrl\":\"https:\\\/\\\/www.dillerbottle.com\\\/wp-content\\\/uploads\\\/2024\\\/09\\\/portable-glass-water-bottles43435718728.jpg\",\"datePublished\":\"2024-09-29T02:00:17+00:00\",\"dateModified\":\"2025-07-09T08:55:05+00:00\",\"description\":\"As one of the best portable glass water bottles manufacturers and suppliers, we are engaged in manufacturing good quality water bottles. We warmly welcome you to wholesale or buy custom made portable glass water bottles at competitive price from us. Also, small quantity orders are acceptable.\",\"breadcrumb\":{\"@id\":\"https:\\\/\\\/www.dillerbottle.com\\\/ru\\\/%d0%bf%d1%80%d0%be%d0%b4%d1%83%d0%ba%d1%82%d1%8b\\\/%d0%bf%d0%b5%d1%80%d0%b5%d0%bd%d0%be%d1%81%d0%bd%d1%8b%d0%b5-%d1%81%d1%82%d0%b5%d0%ba%d0%bb%d1%8f%d0%bd%d0%bd%d1%8b%d0%b5-%d0%b1%d1%83%d1%82%d1%8b%d0%bb%d0%ba%d0%b8-%d0%b4%d0%bb%d1%8f-%d0%b2%d0%be#breadcrumb\"},\"inLanguage\":\"fr-FR\",\"potentialAction\":[{\"@type\":\"ReadAction\",\"target\":[\"https:\\\/\\\/www.dillerbottle.com\\\/ru\\\/%d0%bf%d1%80%d0%be%d0%b4%d1%83%d0%ba%d1%82%d1%8b\\\/%d0%bf%d0%b5%d1%80%d0%b5%d0%bd%d0%be%d1%81%d0%bd%d1%8b%d0%b5-%d1%81%d1%82%d0%b5%d0%ba%d0%bb%d1%8f%d0%bd%d0%bd%d1%8b%d0%b5-%d0%b1%d1%83%d1%82%d1%8b%d0%bb%d0%ba%d0%b8-%d0%b4%d0%bb%d1%8f-%d0%b2%d0%be\"]}]},{\"@type\":\"ImageObject\",\"inLanguage\":\"fr-FR\",\"@id\":\"https:\\\/\\\/www.dillerbottle.com\\\/ru\\\/%d0%bf%d1%80%d0%be%d0%b4%d1%83%d0%ba%d1%82%d1%8b\\\/%d0%bf%d0%b5%d1%80%d0%b5%d0%bd%d0%be%d1%81%d0%bd%d1%8b%d0%b5-%d1%81%d1%82%d0%b5%d0%ba%d0%bb%d1%8f%d0%bd%d0%bd%d1%8b%d0%b5-%d0%b1%d1%83%d1%82%d1%8b%d0%bb%d0%ba%d0%b8-%d0%b4%d0%bb%d1%8f-%d0%b2%d0%be#primaryimage\",\"url\":\"https:\\\/\\\/www.dillerbottle.com\\\/wp-content\\\/uploads\\\/2024\\\/09\\\/portable-glass-water-bottles43435718728.jpg\",\"contentUrl\":\"https:\\\/\\\/www.dillerbottle.com\\\/wp-content\\\/uploads\\\/2024\\\/09\\\/portable-glass-water-bottles43435718728.jpg\",\"width\":730,\"height\":730},{\"@type\":\"BreadcrumbList\",\"@id\":\"https:\\\/\\\/www.dillerbottle.com\\\/ru\\\/%d0%bf%d1%80%d0%be%d0%b4%d1%83%d0%ba%d1%82%d1%8b\\\/%d0%bf%d0%b5%d1%80%d0%b5%d0%bd%d0%be%d1%81%d0%bd%d1%8b%d0%b5-%d1%81%d1%82%d0%b5%d0%ba%d0%bb%d1%8f%d0%bd%d0%bd%d1%8b%d0%b5-%d0%b1%d1%83%d1%82%d1%8b%d0%bb%d0%ba%d0%b8-%d0%b4%d0%bb%d1%8f-%d0%b2%d0%be#breadcrumb\",\"itemListElement\":[{\"@type\":\"ListItem\",\"position\":1,\"name\":\"Home\",\"item\":\"https:\\\/\\\/www.dillerbottle.com\\\/\"},{\"@type\":\"ListItem\",\"position\":2,\"name\":\"Products\",\"item\":\"https:\\\/\\\/www.dillerbottle.com\\\/shop\"},{\"@type\":\"ListItem\",\"position\":3,\"name\":\"Portable Glass Water Bottles\"}]},{\"@type\":\"WebSite\",\"@id\":\"https:\\\/\\\/www.dillerbottle.com\\\/#website\",\"url\":\"https:\\\/\\\/www.dillerbottle.com\\\/\",\"name\":\"Diller Water Bottle Manufacturer\",\"description\":\"Water Bottle Manufacturer\",\"publisher\":{\"@id\":\"https:\\\/\\\/www.dillerbottle.com\\\/#organization\"},\"potentialAction\":[{\"@type\":\"SearchAction\",\"target\":{\"@type\":\"EntryPoint\",\"urlTemplate\":\"https:\\\/\\\/www.dillerbottle.com\\\/?s={search_term_string}\"},\"query-input\":{\"@type\":\"PropertyValueSpecification\",\"valueRequired\":true,\"valueName\":\"search_term_string\"}}],\"inLanguage\":\"fr-FR\"},{\"@type\":\"Organization\",\"@id\":\"https:\\\/\\\/www.dillerbottle.com\\\/#organization\",\"name\":\"Diller Water Bottle Manufacturer\",\"url\":\"https:\\\/\\\/www.dillerbottle.com\\\/\",\"logo\":{\"@type\":\"ImageObject\",\"inLanguage\":\"fr-FR\",\"@id\":\"https:\\\/\\\/www.dillerbottle.com\\\/#\\\/schema\\\/logo\\\/image\\\/\",\"url\":\"https:\\\/\\\/www.dillerbottle.com\\\/wp-content\\\/uploads\\\/2024\\\/09\\\/49918bfa848dcc1e9f8b509933603ac.png\",\"contentUrl\":\"https:\\\/\\\/www.dillerbottle.com\\\/wp-content\\\/uploads\\\/2024\\\/09\\\/49918bfa848dcc1e9f8b509933603ac.png\",\"width\":988,\"height\":198,\"caption\":\"Diller Water Bottle Manufacturer\"},\"image\":{\"@id\":\"https:\\\/\\\/www.dillerbottle.com\\\/#\\\/schema\\\/logo\\\/image\\\/\"}}]}<\/script>\n<!-- \/ Yoast SEO Premium plugin. -->","yoast_head_json":{"title":"Bouteilles d&#039;eau en verre portables - Fabricant de bouteilles d&#039;eau Diller","description":"En tant que l&#039;un des meilleurs fabricants et fournisseurs de bouteilles d&#039;eau en verre portables, nous sommes engag\u00e9s dans la fabrication de bouteilles d&#039;eau de bonne qualit\u00e9. Nous vous invitons chaleureusement \u00e0 vendre en gros ou \u00e0 acheter des bouteilles d&#039;eau en verre portables sur mesure \u00e0 un prix comp\u00e9titif chez nous. De plus, les commandes en petites quantit\u00e9s sont acceptables.","robots":{"index":"index","follow":"follow","max-snippet":"max-snippet:-1","max-image-preview":"max-image-preview:large","max-video-preview":"max-video-preview:-1"},"canonical":"https:\/\/www.dillerbottle.com\/fr\/produits\/bouteilles-deau-en-verre-portables","og_locale":"fr_FR","og_type":"article","og_title":"Portable Glass Water Bottles","og_description":"As one of the best portable glass water bottles manufacturers and suppliers, we are engaged in manufacturing good quality water bottles. We warmly welcome you to wholesale or buy custom made portable glass water bottles at competitive price from us. Also, small quantity orders are acceptable.","og_url":"https:\/\/www.dillerbottle.com\/fr\/produits\/bouteilles-deau-en-verre-portables","og_site_name":"Diller Water Bottle Manufacturer","article_modified_time":"2025-07-09T08:55:05+00:00","og_image":[{"width":730,"height":730,"url":"https:\/\/www.dillerbottle.com\/wp-content\/uploads\/2024\/09\/portable-glass-water-bottles43435718728.jpg","type":"image\/jpeg"}],"twitter_card":"summary_large_image","twitter_misc":{"Dur\u00e9e de lecture estim\u00e9e":"2 minutes"},"schema":{"@context":"https:\/\/schema.org","@graph":[{"@type":"WebPage","@id":"https:\/\/www.dillerbottle.com\/ru\/%d0%bf%d1%80%d0%be%d0%b4%d1%83%d0%ba%d1%82%d1%8b\/%d0%bf%d0%b5%d1%80%d0%b5%d0%bd%d0%be%d1%81%d0%bd%d1%8b%d0%b5-%d1%81%d1%82%d0%b5%d0%ba%d0%bb%d1%8f%d0%bd%d0%bd%d1%8b%d0%b5-%d0%b1%d1%83%d1%82%d1%8b%d0%bb%d0%ba%d0%b8-%d0%b4%d0%bb%d1%8f-%d0%b2%d0%be","url":"https:\/\/www.dillerbottle.com\/ru\/%d0%bf%d1%80%d0%be%d0%b4%d1%83%d0%ba%d1%82%d1%8b\/%d0%bf%d0%b5%d1%80%d0%b5%d0%bd%d0%be%d1%81%d0%bd%d1%8b%d0%b5-%d1%81%d1%82%d0%b5%d0%ba%d0%bb%d1%8f%d0%bd%d0%bd%d1%8b%d0%b5-%d0%b1%d1%83%d1%82%d1%8b%d0%bb%d0%ba%d0%b8-%d0%b4%d0%bb%d1%8f-%d0%b2%d0%be","name":"Bouteilles d&#039;eau en verre portables - Fabricant de bouteilles d&#039;eau Diller","isPartOf":{"@id":"https:\/\/www.dillerbottle.com\/#website"},"primaryImageOfPage":{"@id":"https:\/\/www.dillerbottle.com\/ru\/%d0%bf%d1%80%d0%be%d0%b4%d1%83%d0%ba%d1%82%d1%8b\/%d0%bf%d0%b5%d1%80%d0%b5%d0%bd%d0%be%d1%81%d0%bd%d1%8b%d0%b5-%d1%81%d1%82%d0%b5%d0%ba%d0%bb%d1%8f%d0%bd%d0%bd%d1%8b%d0%b5-%d0%b1%d1%83%d1%82%d1%8b%d0%bb%d0%ba%d0%b8-%d0%b4%d0%bb%d1%8f-%d0%b2%d0%be#primaryimage"},"image":{"@id":"https:\/\/www.dillerbottle.com\/ru\/%d0%bf%d1%80%d0%be%d0%b4%d1%83%d0%ba%d1%82%d1%8b\/%d0%bf%d0%b5%d1%80%d0%b5%d0%bd%d0%be%d1%81%d0%bd%d1%8b%d0%b5-%d1%81%d1%82%d0%b5%d0%ba%d0%bb%d1%8f%d0%bd%d0%bd%d1%8b%d0%b5-%d0%b1%d1%83%d1%82%d1%8b%d0%bb%d0%ba%d0%b8-%d0%b4%d0%bb%d1%8f-%d0%b2%d0%be#primaryimage"},"thumbnailUrl":"https:\/\/www.dillerbottle.com\/wp-content\/uploads\/2024\/09\/portable-glass-water-bottles43435718728.jpg","datePublished":"2024-09-29T02:00:17+00:00","dateModified":"2025-07-09T08:55:05+00:00","description":"En tant que l&#039;un des meilleurs fabricants et fournisseurs de bouteilles d&#039;eau en verre portables, nous sommes engag\u00e9s dans la fabrication de bouteilles d&#039;eau de bonne qualit\u00e9. Nous vous invitons chaleureusement \u00e0 vendre en gros ou \u00e0 acheter des bouteilles d&#039;eau en verre portables sur mesure \u00e0 un prix comp\u00e9titif chez nous. De plus, les commandes en petites quantit\u00e9s sont acceptables.","breadcrumb":{"@id":"https:\/\/www.dillerbottle.com\/ru\/%d0%bf%d1%80%d0%be%d0%b4%d1%83%d0%ba%d1%82%d1%8b\/%d0%bf%d0%b5%d1%80%d0%b5%d0%bd%d0%be%d1%81%d0%bd%d1%8b%d0%b5-%d1%81%d1%82%d0%b5%d0%ba%d0%bb%d1%8f%d0%bd%d0%bd%d1%8b%d0%b5-%d0%b1%d1%83%d1%82%d1%8b%d0%bb%d0%ba%d0%b8-%d0%b4%d0%bb%d1%8f-%d0%b2%d0%be#breadcrumb"},"inLanguage":"fr-FR","potentialAction":[{"@type":"ReadAction","target":["https:\/\/www.dillerbottle.com\/ru\/%d0%bf%d1%80%d0%be%d0%b4%d1%83%d0%ba%d1%82%d1%8b\/%d0%bf%d0%b5%d1%80%d0%b5%d0%bd%d0%be%d1%81%d0%bd%d1%8b%d0%b5-%d1%81%d1%82%d0%b5%d0%ba%d0%bb%d1%8f%d0%bd%d0%bd%d1%8b%d0%b5-%d0%b1%d1%83%d1%82%d1%8b%d0%bb%d0%ba%d0%b8-%d0%b4%d0%bb%d1%8f-%d0%b2%d0%be"]}]},{"@type":"ImageObject","inLanguage":"fr-FR","@id":"https:\/\/www.dillerbottle.com\/ru\/%d0%bf%d1%80%d0%be%d0%b4%d1%83%d0%ba%d1%82%d1%8b\/%d0%bf%d0%b5%d1%80%d0%b5%d0%bd%d0%be%d1%81%d0%bd%d1%8b%d0%b5-%d1%81%d1%82%d0%b5%d0%ba%d0%bb%d1%8f%d0%bd%d0%bd%d1%8b%d0%b5-%d0%b1%d1%83%d1%82%d1%8b%d0%bb%d0%ba%d0%b8-%d0%b4%d0%bb%d1%8f-%d0%b2%d0%be#primaryimage","url":"https:\/\/www.dillerbottle.com\/wp-content\/uploads\/2024\/09\/portable-glass-water-bottles43435718728.jpg","contentUrl":"https:\/\/www.dillerbottle.com\/wp-content\/uploads\/2024\/09\/portable-glass-water-bottles43435718728.jpg","width":730,"height":730},{"@type":"BreadcrumbList","@id":"https:\/\/www.dillerbottle.com\/ru\/%d0%bf%d1%80%d0%be%d0%b4%d1%83%d0%ba%d1%82%d1%8b\/%d0%bf%d0%b5%d1%80%d0%b5%d0%bd%d0%be%d1%81%d0%bd%d1%8b%d0%b5-%d1%81%d1%82%d0%b5%d0%ba%d0%bb%d1%8f%d0%bd%d0%bd%d1%8b%d0%b5-%d0%b1%d1%83%d1%82%d1%8b%d0%bb%d0%ba%d0%b8-%d0%b4%d0%bb%d1%8f-%d0%b2%d0%be#breadcrumb","itemListElement":[{"@type":"ListItem","position":1,"name":"Home","item":"https:\/\/www.dillerbottle.com\/"},{"@type":"ListItem","position":2,"name":"Products","item":"https:\/\/www.dillerbottle.com\/shop"},{"@type":"ListItem","position":3,"name":"Portable Glass Water Bottles"}]},{"@type":"WebSite","@id":"https:\/\/www.dillerbottle.com\/#website","url":"https:\/\/www.dillerbottle.com\/","name":"Fabricant de bouteilles d&#039;eau Diller","description":"Fabricant de bouteilles d&#039;eau","publisher":{"@id":"https:\/\/www.dillerbottle.com\/#organization"},"potentialAction":[{"@type":"SearchAction","target":{"@type":"EntryPoint","urlTemplate":"https:\/\/www.dillerbottle.com\/?s={search_term_string}"},"query-input":{"@type":"PropertyValueSpecification","valueRequired":true,"valueName":"search_term_string"}}],"inLanguage":"fr-FR"},{"@type":"Organization","@id":"https:\/\/www.dillerbottle.com\/#organization","name":"Fabricant de bouteilles d&#039;eau Diller","url":"https:\/\/www.dillerbottle.com\/","logo":{"@type":"ImageObject","inLanguage":"fr-FR","@id":"https:\/\/www.dillerbottle.com\/#\/schema\/logo\/image\/","url":"https:\/\/www.dillerbottle.com\/wp-content\/uploads\/2024\/09\/49918bfa848dcc1e9f8b509933603ac.png","contentUrl":"https:\/\/www.dillerbottle.com\/wp-content\/uploads\/2024\/09\/49918bfa848dcc1e9f8b509933603ac.png","width":988,"height":198,"caption":"Diller Water Bottle Manufacturer"},"image":{"@id":"https:\/\/www.dillerbottle.com\/#\/schema\/logo\/image\/"}}]}},"_links":{"self":[{"href":"https:\/\/www.dillerbottle.com\/fr\/wp-json\/wp\/v2\/product\/7496","targetHints":{"allow":["GET"]}}],"collection":[{"href":"https:\/\/www.dillerbottle.com\/fr\/wp-json\/wp\/v2\/product"}],"about":[{"href":"https:\/\/www.dillerbottle.com\/fr\/wp-json\/wp\/v2\/types\/product"}],"replies":[{"embeddable":true,"href":"https:\/\/www.dillerbottle.com\/fr\/wp-json\/wp\/v2\/comments?post=7496"}],"wp:featuredmedia":[{"embeddable":true,"href":"https:\/\/www.dillerbottle.com\/fr\/wp-json\/wp\/v2\/media\/7497"}],"wp:attachment":[{"href":"https:\/\/www.dillerbottle.com\/fr\/wp-json\/wp\/v2\/media?parent=7496"}],"wp:term":[{"taxonomy":"product_brand","embeddable":true,"href":"https:\/\/www.dillerbottle.com\/fr\/wp-json\/wp\/v2\/product_brand?post=7496"},{"taxonomy":"product_cat","embeddable":true,"href":"https:\/\/www.dillerbottle.com\/fr\/wp-json\/wp\/v2\/product_cat?post=7496"},{"taxonomy":"product_tag","embeddable":true,"href":"https:\/\/www.dillerbottle.com\/fr\/wp-json\/wp\/v2\/product_tag?post=7496"}],"curies":[{"name":"wp","href":"https:\/\/api.w.org\/{rel}","templated":true}]}}