{"id":7561,"date":"2024-09-29T10:00:54","date_gmt":"2024-09-29T02:00:54","guid":{"rendered":"https:\/\/demo.dillerbottle.com\/uncategorized\/glass-water-bottle-with-neoprene-sleeve"},"modified":"2026-02-11T10:27:41","modified_gmt":"2026-02-11T02:27:41","slug":"bouteille-deau-en-verre-panda","status":"publish","type":"product","link":"https:\/\/www.dillerbottle.com\/fr\/products\/panda-glass-water-bottle","title":{"rendered":"Bouteille d'eau en verre Panda"},"content":{"rendered":"<p data-start=\"127\" data-end=\"371\">Le <strong data-start=\"158\" data-end=\"187\">Bouteille en verre DILLER Panda<\/strong> pr\u00e9sente un adorable design de panda, rendant l'hydratation \u00e0 la fois saine et amusante. Fabriqu\u00e9 en verre borosilicat\u00e9 de haute qualit\u00e9, il est \u00e9cologique, sans odeur et s\u00fbr pour les boissons chaudes et froides.<\/p>\n<ul data-start=\"372\" data-end=\"879\">\n<li data-start=\"372\" data-end=\"467\">\n<p data-start=\"374\" data-end=\"467\"><strong data-start=\"374\" data-end=\"395\">Panda mignon<\/strong>: L'impression amusante et accrocheuse du panda ajoute de la personnalit\u00e9 \u00e0 votre service \u00e0 boisson.<\/p>\n<\/li>\n<li data-start=\"468\" data-end=\"589\">\n<p data-start=\"470\" data-end=\"589\"><strong data-start=\"470\" data-end=\"496\">Mat\u00e9riau en verre de premi\u00e8re qualit\u00e9<\/strong>: Fabriqu\u00e9 en verre borosilicat\u00e9 de haute qualit\u00e9, r\u00e9sistant aux chocs thermiques, durable et non toxique.<\/p>\n<\/li>\n<li data-start=\"590\" data-end=\"691\">\n<p data-start=\"592\" data-end=\"691\"><strong data-start=\"592\" data-end=\"615\">Couvercle \u00e0 poign\u00e9e portative<\/strong>: Poign\u00e9e souple et confortable pour un transport facile, parfaite pour une utilisation en d\u00e9placement.<\/p>\n<\/li>\n<li data-start=\"692\" data-end=\"790\">\n<p data-start=\"694\" data-end=\"790\"><strong data-start=\"694\" data-end=\"716\">Ouverture large de la bouche<\/strong>: Facile \u00e0 utiliser pour ajouter des fruits, du th\u00e9 ou des gla\u00e7ons, et facile \u00e0 nettoyer.<\/p>\n<\/li>\n<li data-start=\"791\" data-end=\"879\">\n<p data-start=\"793\" data-end=\"879\"><strong data-start=\"793\" data-end=\"810\">Utilisation polyvalente<\/strong>: Id\u00e9al pour les pique-niques, le bureau, la maison, les activit\u00e9s de plein air et les cadeaux.<\/p>\n<\/li>\n<\/ul>","protected":false},"excerpt":{"rendered":"<p>Caract\u00e9ristiques : 1.1. Bouteille d&#039;eau en verre avec de superbes manches en n\u00e9opr\u00e8ne multicolores.<br \/>\nChaque manchon est r\u00e9utilisable et lavable.<br \/>\n2.<br \/>\nCette bouteille d&#039;eau en verre se glisse facilement dans le r\u00e9frig\u00e9rateur, le sac \u00e0 lunch ou le porte-gobelet de voiture, ce qui en fait le compagnon id\u00e9al d&#039;une vie bien remplie.<br \/>\nParfait comme bouteilles de jus ou de kombucha.<br \/>\n3.<br \/>\nFabriqu\u00e9e en verre borosilicat\u00e9 \u00e9pais et dot\u00e9e d&#039;un bouchon en acier inoxydable 304, cette bouteille \u00e9l\u00e9gante et \u00e9lanc\u00e9e est sans BPA et sans plomb\u2026<\/p>","protected":false},"featured_media":16629,"comment_status":"open","ping_status":"closed","template":"","meta":{"_acf_changed":false},"product_brand":[],"product_cat":[310],"product_tag":[588],"class_list":{"0":"post-7561","1":"product","2":"type-product","3":"status-publish","4":"has-post-thumbnail","6":"product_cat-glass-water-bottle","7":"product_tag-borosilicate-glass-water-bottle","9":"first","10":"instock","11":"shipping-taxable","12":"product-type-simple"},"acf":[],"yoast_head":"<!-- This site is optimized with the Yoast SEO Premium plugin v27.5 (Yoast SEO v27.5) - https:\/\/yoast.com\/product\/yoast-seo-premium-wordpress\/ -->\n<title>Panda Glass Water Bottle - Diller Water Bottle Manufacturer<\/title>\n<meta name=\"description\" content=\"The DILLER Panda Glass Bottle features an adorable panda design, making hydration both healthy and fun. Made from high borosilicate glass, it is eco-friendly, odor-free, and safe for both hot and cold beverages.\" \/>\n<meta name=\"robots\" content=\"index, follow, max-snippet:-1, max-image-preview:large, max-video-preview:-1\" \/>\n<link rel=\"canonical\" href=\"https:\/\/www.dillerbottle.com\/fr\/produits\/bouteille-deau-en-verre-panda\" \/>\n<meta property=\"og:locale\" content=\"fr_FR\" \/>\n<meta property=\"og:type\" content=\"article\" \/>\n<meta property=\"og:title\" content=\"Panda Glass Water Bottle\" \/>\n<meta property=\"og:description\" content=\"The DILLER Panda Glass Bottle features an adorable panda design, making hydration both healthy and fun. Made from high borosilicate glass, it is eco-friendly, odor-free, and safe for both hot and cold beverages.\" \/>\n<meta property=\"og:url\" content=\"https:\/\/www.dillerbottle.com\/fr\/produits\/bouteille-deau-en-verre-panda\" \/>\n<meta property=\"og:site_name\" content=\"Diller Water Bottle Manufacturer\" \/>\n<meta property=\"article:modified_time\" content=\"2026-02-11T02:27:41+00:00\" \/>\n<meta property=\"og:image\" content=\"https:\/\/www.dillerbottle.com\/wp-content\/uploads\/2024\/09\/glass-water-bottle-with-neoprene-sleeve-399mlh585-1.jpg\" \/>\n\t<meta property=\"og:image:width\" content=\"800\" \/>\n\t<meta property=\"og:image:height\" content=\"800\" \/>\n\t<meta property=\"og:image:type\" content=\"image\/jpeg\" \/>\n<meta name=\"twitter:card\" content=\"summary_large_image\" \/>\n<meta name=\"twitter:label1\" content=\"Dur\u00e9e de lecture estim\u00e9e\" \/>\n\t<meta name=\"twitter:data1\" content=\"1 minute\" \/>\n<script type=\"application\/ld+json\" class=\"yoast-schema-graph\">{\"@context\":\"https:\\\/\\\/schema.org\",\"@graph\":[{\"@type\":\"WebPage\",\"@id\":\"https:\\\/\\\/www.dillerbottle.com\\\/products\\\/panda-glass-water-bottle\",\"url\":\"https:\\\/\\\/www.dillerbottle.com\\\/products\\\/panda-glass-water-bottle\",\"name\":\"Panda Glass Water Bottle - Diller Water Bottle Manufacturer\",\"isPartOf\":{\"@id\":\"https:\\\/\\\/www.dillerbottle.com\\\/#website\"},\"primaryImageOfPage\":{\"@id\":\"https:\\\/\\\/www.dillerbottle.com\\\/products\\\/panda-glass-water-bottle#primaryimage\"},\"image\":{\"@id\":\"https:\\\/\\\/www.dillerbottle.com\\\/products\\\/panda-glass-water-bottle#primaryimage\"},\"thumbnailUrl\":\"https:\\\/\\\/www.dillerbottle.com\\\/wp-content\\\/uploads\\\/2024\\\/09\\\/glass-water-bottle-with-neoprene-sleeve-399mlh585-1.jpg\",\"datePublished\":\"2024-09-29T02:00:54+00:00\",\"dateModified\":\"2026-02-11T02:27:41+00:00\",\"description\":\"The DILLER Panda Glass Bottle features an adorable panda design, making hydration both healthy and fun. Made from high borosilicate glass, it is eco-friendly, odor-free, and safe for both hot and cold beverages.\",\"breadcrumb\":{\"@id\":\"https:\\\/\\\/www.dillerbottle.com\\\/products\\\/panda-glass-water-bottle#breadcrumb\"},\"inLanguage\":\"fr-FR\",\"potentialAction\":[{\"@type\":\"ReadAction\",\"target\":[\"https:\\\/\\\/www.dillerbottle.com\\\/products\\\/panda-glass-water-bottle\"]}]},{\"@type\":\"ImageObject\",\"inLanguage\":\"fr-FR\",\"@id\":\"https:\\\/\\\/www.dillerbottle.com\\\/products\\\/panda-glass-water-bottle#primaryimage\",\"url\":\"https:\\\/\\\/www.dillerbottle.com\\\/wp-content\\\/uploads\\\/2024\\\/09\\\/glass-water-bottle-with-neoprene-sleeve-399mlh585-1.jpg\",\"contentUrl\":\"https:\\\/\\\/www.dillerbottle.com\\\/wp-content\\\/uploads\\\/2024\\\/09\\\/glass-water-bottle-with-neoprene-sleeve-399mlh585-1.jpg\",\"width\":800,\"height\":800},{\"@type\":\"BreadcrumbList\",\"@id\":\"https:\\\/\\\/www.dillerbottle.com\\\/products\\\/panda-glass-water-bottle#breadcrumb\",\"itemListElement\":[{\"@type\":\"ListItem\",\"position\":1,\"name\":\"Home\",\"item\":\"https:\\\/\\\/www.dillerbottle.com\\\/\"},{\"@type\":\"ListItem\",\"position\":2,\"name\":\"Products\",\"item\":\"https:\\\/\\\/www.dillerbottle.com\\\/shop\"},{\"@type\":\"ListItem\",\"position\":3,\"name\":\"Panda Glass Water Bottle\"}]},{\"@type\":\"WebSite\",\"@id\":\"https:\\\/\\\/www.dillerbottle.com\\\/#website\",\"url\":\"https:\\\/\\\/www.dillerbottle.com\\\/\",\"name\":\"Diller Water Bottle Manufacturer\",\"description\":\"Water Bottle Manufacturer\",\"publisher\":{\"@id\":\"https:\\\/\\\/www.dillerbottle.com\\\/#organization\"},\"potentialAction\":[{\"@type\":\"SearchAction\",\"target\":{\"@type\":\"EntryPoint\",\"urlTemplate\":\"https:\\\/\\\/www.dillerbottle.com\\\/?s={search_term_string}\"},\"query-input\":{\"@type\":\"PropertyValueSpecification\",\"valueRequired\":true,\"valueName\":\"search_term_string\"}}],\"inLanguage\":\"fr-FR\"},{\"@type\":\"Organization\",\"@id\":\"https:\\\/\\\/www.dillerbottle.com\\\/#organization\",\"name\":\"Diller Water Bottle Manufacturer\",\"url\":\"https:\\\/\\\/www.dillerbottle.com\\\/\",\"logo\":{\"@type\":\"ImageObject\",\"inLanguage\":\"fr-FR\",\"@id\":\"https:\\\/\\\/www.dillerbottle.com\\\/#\\\/schema\\\/logo\\\/image\\\/\",\"url\":\"https:\\\/\\\/www.dillerbottle.com\\\/wp-content\\\/uploads\\\/2024\\\/09\\\/49918bfa848dcc1e9f8b509933603ac.png\",\"contentUrl\":\"https:\\\/\\\/www.dillerbottle.com\\\/wp-content\\\/uploads\\\/2024\\\/09\\\/49918bfa848dcc1e9f8b509933603ac.png\",\"width\":988,\"height\":198,\"caption\":\"Diller Water Bottle Manufacturer\"},\"image\":{\"@id\":\"https:\\\/\\\/www.dillerbottle.com\\\/#\\\/schema\\\/logo\\\/image\\\/\"}}]}<\/script>\n<!-- \/ Yoast SEO Premium plugin. -->","yoast_head_json":{"title":"Bouteille d'eau en verre Panda - Diller Fabricant de bouteilles d'eau","description":"La bouteille en verre DILLER Panda pr\u00e9sente un adorable design de panda, ce qui rend l'hydratation \u00e0 la fois saine et amusante. Fabriqu\u00e9e en verre borosilicat\u00e9 de haute qualit\u00e9, elle est \u00e9cologique, sans odeur et s\u00fbre pour les boissons chaudes et froides.","robots":{"index":"index","follow":"follow","max-snippet":"max-snippet:-1","max-image-preview":"max-image-preview:large","max-video-preview":"max-video-preview:-1"},"canonical":"https:\/\/www.dillerbottle.com\/fr\/produits\/bouteille-deau-en-verre-panda","og_locale":"fr_FR","og_type":"article","og_title":"Panda Glass Water Bottle","og_description":"The DILLER Panda Glass Bottle features an adorable panda design, making hydration both healthy and fun. Made from high borosilicate glass, it is eco-friendly, odor-free, and safe for both hot and cold beverages.","og_url":"https:\/\/www.dillerbottle.com\/fr\/produits\/bouteille-deau-en-verre-panda","og_site_name":"Diller Water Bottle Manufacturer","article_modified_time":"2026-02-11T02:27:41+00:00","og_image":[{"width":800,"height":800,"url":"https:\/\/www.dillerbottle.com\/wp-content\/uploads\/2024\/09\/glass-water-bottle-with-neoprene-sleeve-399mlh585-1.jpg","type":"image\/jpeg"}],"twitter_card":"summary_large_image","twitter_misc":{"Dur\u00e9e de lecture estim\u00e9e":"1 minute"},"schema":{"@context":"https:\/\/schema.org","@graph":[{"@type":"WebPage","@id":"https:\/\/www.dillerbottle.com\/products\/panda-glass-water-bottle","url":"https:\/\/www.dillerbottle.com\/products\/panda-glass-water-bottle","name":"Bouteille d'eau en verre Panda - Diller Fabricant de bouteilles d'eau","isPartOf":{"@id":"https:\/\/www.dillerbottle.com\/#website"},"primaryImageOfPage":{"@id":"https:\/\/www.dillerbottle.com\/products\/panda-glass-water-bottle#primaryimage"},"image":{"@id":"https:\/\/www.dillerbottle.com\/products\/panda-glass-water-bottle#primaryimage"},"thumbnailUrl":"https:\/\/www.dillerbottle.com\/wp-content\/uploads\/2024\/09\/glass-water-bottle-with-neoprene-sleeve-399mlh585-1.jpg","datePublished":"2024-09-29T02:00:54+00:00","dateModified":"2026-02-11T02:27:41+00:00","description":"La bouteille en verre DILLER Panda pr\u00e9sente un adorable design de panda, ce qui rend l'hydratation \u00e0 la fois saine et amusante. Fabriqu\u00e9e en verre borosilicat\u00e9 de haute qualit\u00e9, elle est \u00e9cologique, sans odeur et s\u00fbre pour les boissons chaudes et froides.","breadcrumb":{"@id":"https:\/\/www.dillerbottle.com\/products\/panda-glass-water-bottle#breadcrumb"},"inLanguage":"fr-FR","potentialAction":[{"@type":"ReadAction","target":["https:\/\/www.dillerbottle.com\/products\/panda-glass-water-bottle"]}]},{"@type":"ImageObject","inLanguage":"fr-FR","@id":"https:\/\/www.dillerbottle.com\/products\/panda-glass-water-bottle#primaryimage","url":"https:\/\/www.dillerbottle.com\/wp-content\/uploads\/2024\/09\/glass-water-bottle-with-neoprene-sleeve-399mlh585-1.jpg","contentUrl":"https:\/\/www.dillerbottle.com\/wp-content\/uploads\/2024\/09\/glass-water-bottle-with-neoprene-sleeve-399mlh585-1.jpg","width":800,"height":800},{"@type":"BreadcrumbList","@id":"https:\/\/www.dillerbottle.com\/products\/panda-glass-water-bottle#breadcrumb","itemListElement":[{"@type":"ListItem","position":1,"name":"Home","item":"https:\/\/www.dillerbottle.com\/"},{"@type":"ListItem","position":2,"name":"Products","item":"https:\/\/www.dillerbottle.com\/shop"},{"@type":"ListItem","position":3,"name":"Panda Glass Water Bottle"}]},{"@type":"WebSite","@id":"https:\/\/www.dillerbottle.com\/#website","url":"https:\/\/www.dillerbottle.com\/","name":"Fabricant de bouteilles d&#039;eau Diller","description":"Fabricant de bouteilles d&#039;eau","publisher":{"@id":"https:\/\/www.dillerbottle.com\/#organization"},"potentialAction":[{"@type":"SearchAction","target":{"@type":"EntryPoint","urlTemplate":"https:\/\/www.dillerbottle.com\/?s={search_term_string}"},"query-input":{"@type":"PropertyValueSpecification","valueRequired":true,"valueName":"search_term_string"}}],"inLanguage":"fr-FR"},{"@type":"Organization","@id":"https:\/\/www.dillerbottle.com\/#organization","name":"Fabricant de bouteilles d&#039;eau Diller","url":"https:\/\/www.dillerbottle.com\/","logo":{"@type":"ImageObject","inLanguage":"fr-FR","@id":"https:\/\/www.dillerbottle.com\/#\/schema\/logo\/image\/","url":"https:\/\/www.dillerbottle.com\/wp-content\/uploads\/2024\/09\/49918bfa848dcc1e9f8b509933603ac.png","contentUrl":"https:\/\/www.dillerbottle.com\/wp-content\/uploads\/2024\/09\/49918bfa848dcc1e9f8b509933603ac.png","width":988,"height":198,"caption":"Diller Water Bottle Manufacturer"},"image":{"@id":"https:\/\/www.dillerbottle.com\/#\/schema\/logo\/image\/"}}]}},"_links":{"self":[{"href":"https:\/\/www.dillerbottle.com\/fr\/wp-json\/wp\/v2\/product\/7561","targetHints":{"allow":["GET"]}}],"collection":[{"href":"https:\/\/www.dillerbottle.com\/fr\/wp-json\/wp\/v2\/product"}],"about":[{"href":"https:\/\/www.dillerbottle.com\/fr\/wp-json\/wp\/v2\/types\/product"}],"replies":[{"embeddable":true,"href":"https:\/\/www.dillerbottle.com\/fr\/wp-json\/wp\/v2\/comments?post=7561"}],"wp:featuredmedia":[{"embeddable":true,"href":"https:\/\/www.dillerbottle.com\/fr\/wp-json\/wp\/v2\/media\/16629"}],"wp:attachment":[{"href":"https:\/\/www.dillerbottle.com\/fr\/wp-json\/wp\/v2\/media?parent=7561"}],"wp:term":[{"taxonomy":"product_brand","embeddable":true,"href":"https:\/\/www.dillerbottle.com\/fr\/wp-json\/wp\/v2\/product_brand?post=7561"},{"taxonomy":"product_cat","embeddable":true,"href":"https:\/\/www.dillerbottle.com\/fr\/wp-json\/wp\/v2\/product_cat?post=7561"},{"taxonomy":"product_tag","embeddable":true,"href":"https:\/\/www.dillerbottle.com\/fr\/wp-json\/wp\/v2\/product_tag?post=7561"}],"curies":[{"name":"wp","href":"https:\/\/api.w.org\/{rel}","templated":true}]}}