{"id":7657,"date":"2024-09-29T10:01:50","date_gmt":"2024-09-29T02:01:50","guid":{"rendered":"https:\/\/demo.dillerbottle.com\/uncategorized\/glass-sports-bottle"},"modified":"2025-07-09T16:36:13","modified_gmt":"2025-07-09T08:36:13","slug":"bouteille-de-sport-en-verre","status":"publish","type":"product","link":"https:\/\/www.dillerbottle.com\/fr\/products\/glass-sports-bottle","title":{"rendered":"Bouteille de sport en verre"},"content":{"rendered":"<p>Caract\u00e9ristiques : 1. Les bouteilles de sport en verre sont compos\u00e9es d&#039;un verre borosilicat\u00e9 solide et durable qui garantit qu&#039;aucun plomb ou produit chimique toxique ne p\u00e9n\u00e8tre dans l&#039;eau.<\/p>\n<p>2.;La bouteille de sport en verre est log\u00e9e dans un couvercle en PP de qualit\u00e9 alimentaire s\u00e9curis\u00e9 pour \u00e9viter les fissures et les rayures.;Couvercle en PP hautement r\u00e9sistant aux chocs pour une protection contre les chutes.<br \/>\n3. Le large goulot de la bouteille est facile \u00e0 boire et \u00e0 nettoyer.<br \/>\n4. Bouteille en verre avec couvercle \u00e0 visser \u00e9tanche de haute qualit\u00e9.<\/p>","protected":false},"excerpt":{"rendered":"<p>1. Les bouteilles de sport en verre sont compos\u00e9es d&#039;un verre borosilicat\u00e9 solide et durable qui garantit qu&#039;aucun plomb ou produit chimique toxique ne p\u00e9n\u00e8tre dans l&#039;eau.<br \/>\n2. La bouteille de sport en verre est log\u00e9e dans un couvercle en PP de qualit\u00e9 alimentaire s\u00e9curis\u00e9 pour \u00e9viter les fissures et les rayures.<br \/>\n3. Le large goulot de la bouteille est facile \u00e0 boire et \u00e0 nettoyer.<br \/>\n4. Bouteille en verre avec couvercle \u00e0 vis \u00e9tanche de haute qualit\u00e9.<\/p>","protected":false},"featured_media":7658,"comment_status":"open","ping_status":"closed","template":"","meta":{"_acf_changed":false},"product_brand":[],"product_cat":[310],"product_tag":[515,32,36,33,31,39,664,614,597,38,29,37,571,34,35,28,576,578,30],"class_list":{"0":"post-7657","1":"product","2":"type-product","3":"status-publish","4":"has-post-thumbnail","6":"product_cat-glass-water-bottle","7":"product_tag-64oz-water-bottle","8":"product_tag-best","9":"product_tag-bulk","10":"product_tag-buy","11":"product_tag-custom","12":"product_tag-for-sale","13":"product_tag-glass-sports-bottle","14":"product_tag-glass-water-bottle-with-infuser","15":"product_tag-glass-water-bottle-with-time-marker","16":"product_tag-good-quality","17":"product_tag-manufacturers","18":"product_tag-manufacturing","19":"product_tag-multi-use-water-bottle","20":"product_tag-price","21":"product_tag-small","22":"product_tag-suppliers","23":"product_tag-two-liter-water-bottle","24":"product_tag-water-bottle-gift-promotional","25":"product_tag-wholesale","27":"first","28":"instock","29":"shipping-taxable","30":"product-type-simple"},"acf":[],"yoast_head":"<!-- This site is optimized with the Yoast SEO Premium plugin v27.4 (Yoast SEO v27.4) - https:\/\/yoast.com\/product\/yoast-seo-premium-wordpress\/ -->\n<title>Glass Sports Bottle - Diller Water Bottle Manufacturer<\/title>\n<meta name=\"description\" content=\"As one of the best glass sports bottle manufacturers and suppliers, we are engaged in manufacturing good quality water bottles. We warmly welcome you to wholesale or buy custom made glass sports bottle at competitive price from us. Also, small quantity orders are acceptable.\" \/>\n<meta name=\"robots\" content=\"index, follow, max-snippet:-1, max-image-preview:large, max-video-preview:-1\" \/>\n<link rel=\"canonical\" href=\"https:\/\/www.dillerbottle.com\/fr\/produits\/bouteille-de-sport-en-verre\" \/>\n<meta property=\"og:locale\" content=\"fr_FR\" \/>\n<meta property=\"og:type\" content=\"article\" \/>\n<meta property=\"og:title\" content=\"Glass Sports Bottle\" \/>\n<meta property=\"og:description\" content=\"As one of the best glass sports bottle manufacturers and suppliers, we are engaged in manufacturing good quality water bottles. We warmly welcome you to wholesale or buy custom made glass sports bottle at competitive price from us. Also, small quantity orders are acceptable.\" \/>\n<meta property=\"og:url\" content=\"https:\/\/www.dillerbottle.com\/fr\/produits\/bouteille-de-sport-en-verre\" \/>\n<meta property=\"og:site_name\" content=\"Diller Water Bottle Manufacturer\" \/>\n<meta property=\"article:modified_time\" content=\"2025-07-09T08:36:13+00:00\" \/>\n<meta property=\"og:image\" content=\"https:\/\/www.dillerbottle.com\/wp-content\/uploads\/2024\/09\/glass-sports-bottle29235727036.jpg\" \/>\n\t<meta property=\"og:image:width\" content=\"730\" \/>\n\t<meta property=\"og:image:height\" content=\"730\" \/>\n\t<meta property=\"og:image:type\" content=\"image\/jpeg\" \/>\n<meta name=\"twitter:card\" content=\"summary_large_image\" \/>\n<meta name=\"twitter:label1\" content=\"Dur\u00e9e de lecture estim\u00e9e\" \/>\n\t<meta name=\"twitter:data1\" content=\"2 minutes\" \/>\n<script type=\"application\/ld+json\" class=\"yoast-schema-graph\">{\"@context\":\"https:\\\/\\\/schema.org\",\"@graph\":[{\"@type\":\"WebPage\",\"@id\":\"https:\\\/\\\/www.dillerbottle.com\\\/ar\\\/%d9%85%d9%86%d8%aa%d8%ac%d8%a7%d8%aa\\\/%d8%b2%d8%ac%d8%a7%d8%ac%d8%a9-%d8%b1%d9%8a%d8%a7%d8%b6%d9%8a%d8%a9-%d8%b2%d8%ac%d8%a7%d8%ac%d9%8a%d8%a9\",\"url\":\"https:\\\/\\\/www.dillerbottle.com\\\/ar\\\/%d9%85%d9%86%d8%aa%d8%ac%d8%a7%d8%aa\\\/%d8%b2%d8%ac%d8%a7%d8%ac%d8%a9-%d8%b1%d9%8a%d8%a7%d8%b6%d9%8a%d8%a9-%d8%b2%d8%ac%d8%a7%d8%ac%d9%8a%d8%a9\",\"name\":\"Glass Sports Bottle - Diller Water Bottle Manufacturer\",\"isPartOf\":{\"@id\":\"https:\\\/\\\/www.dillerbottle.com\\\/#website\"},\"primaryImageOfPage\":{\"@id\":\"https:\\\/\\\/www.dillerbottle.com\\\/ar\\\/%d9%85%d9%86%d8%aa%d8%ac%d8%a7%d8%aa\\\/%d8%b2%d8%ac%d8%a7%d8%ac%d8%a9-%d8%b1%d9%8a%d8%a7%d8%b6%d9%8a%d8%a9-%d8%b2%d8%ac%d8%a7%d8%ac%d9%8a%d8%a9#primaryimage\"},\"image\":{\"@id\":\"https:\\\/\\\/www.dillerbottle.com\\\/ar\\\/%d9%85%d9%86%d8%aa%d8%ac%d8%a7%d8%aa\\\/%d8%b2%d8%ac%d8%a7%d8%ac%d8%a9-%d8%b1%d9%8a%d8%a7%d8%b6%d9%8a%d8%a9-%d8%b2%d8%ac%d8%a7%d8%ac%d9%8a%d8%a9#primaryimage\"},\"thumbnailUrl\":\"https:\\\/\\\/www.dillerbottle.com\\\/wp-content\\\/uploads\\\/2024\\\/09\\\/glass-sports-bottle29235727036.jpg\",\"datePublished\":\"2024-09-29T02:01:50+00:00\",\"dateModified\":\"2025-07-09T08:36:13+00:00\",\"description\":\"As one of the best glass sports bottle manufacturers and suppliers, we are engaged in manufacturing good quality water bottles. We warmly welcome you to wholesale or buy custom made glass sports bottle at competitive price from us. Also, small quantity orders are acceptable.\",\"breadcrumb\":{\"@id\":\"https:\\\/\\\/www.dillerbottle.com\\\/ar\\\/%d9%85%d9%86%d8%aa%d8%ac%d8%a7%d8%aa\\\/%d8%b2%d8%ac%d8%a7%d8%ac%d8%a9-%d8%b1%d9%8a%d8%a7%d8%b6%d9%8a%d8%a9-%d8%b2%d8%ac%d8%a7%d8%ac%d9%8a%d8%a9#breadcrumb\"},\"inLanguage\":\"fr-FR\",\"potentialAction\":[{\"@type\":\"ReadAction\",\"target\":[\"https:\\\/\\\/www.dillerbottle.com\\\/ar\\\/%d9%85%d9%86%d8%aa%d8%ac%d8%a7%d8%aa\\\/%d8%b2%d8%ac%d8%a7%d8%ac%d8%a9-%d8%b1%d9%8a%d8%a7%d8%b6%d9%8a%d8%a9-%d8%b2%d8%ac%d8%a7%d8%ac%d9%8a%d8%a9\"]}]},{\"@type\":\"ImageObject\",\"inLanguage\":\"fr-FR\",\"@id\":\"https:\\\/\\\/www.dillerbottle.com\\\/ar\\\/%d9%85%d9%86%d8%aa%d8%ac%d8%a7%d8%aa\\\/%d8%b2%d8%ac%d8%a7%d8%ac%d8%a9-%d8%b1%d9%8a%d8%a7%d8%b6%d9%8a%d8%a9-%d8%b2%d8%ac%d8%a7%d8%ac%d9%8a%d8%a9#primaryimage\",\"url\":\"https:\\\/\\\/www.dillerbottle.com\\\/wp-content\\\/uploads\\\/2024\\\/09\\\/glass-sports-bottle29235727036.jpg\",\"contentUrl\":\"https:\\\/\\\/www.dillerbottle.com\\\/wp-content\\\/uploads\\\/2024\\\/09\\\/glass-sports-bottle29235727036.jpg\",\"width\":730,\"height\":730},{\"@type\":\"BreadcrumbList\",\"@id\":\"https:\\\/\\\/www.dillerbottle.com\\\/ar\\\/%d9%85%d9%86%d8%aa%d8%ac%d8%a7%d8%aa\\\/%d8%b2%d8%ac%d8%a7%d8%ac%d8%a9-%d8%b1%d9%8a%d8%a7%d8%b6%d9%8a%d8%a9-%d8%b2%d8%ac%d8%a7%d8%ac%d9%8a%d8%a9#breadcrumb\",\"itemListElement\":[{\"@type\":\"ListItem\",\"position\":1,\"name\":\"Home\",\"item\":\"https:\\\/\\\/www.dillerbottle.com\\\/\"},{\"@type\":\"ListItem\",\"position\":2,\"name\":\"Products\",\"item\":\"https:\\\/\\\/www.dillerbottle.com\\\/shop\"},{\"@type\":\"ListItem\",\"position\":3,\"name\":\"Glass Sports Bottle\"}]},{\"@type\":\"WebSite\",\"@id\":\"https:\\\/\\\/www.dillerbottle.com\\\/#website\",\"url\":\"https:\\\/\\\/www.dillerbottle.com\\\/\",\"name\":\"Diller Water Bottle Manufacturer\",\"description\":\"Water Bottle Manufacturer\",\"publisher\":{\"@id\":\"https:\\\/\\\/www.dillerbottle.com\\\/#organization\"},\"potentialAction\":[{\"@type\":\"SearchAction\",\"target\":{\"@type\":\"EntryPoint\",\"urlTemplate\":\"https:\\\/\\\/www.dillerbottle.com\\\/?s={search_term_string}\"},\"query-input\":{\"@type\":\"PropertyValueSpecification\",\"valueRequired\":true,\"valueName\":\"search_term_string\"}}],\"inLanguage\":\"fr-FR\"},{\"@type\":\"Organization\",\"@id\":\"https:\\\/\\\/www.dillerbottle.com\\\/#organization\",\"name\":\"Diller Water Bottle Manufacturer\",\"url\":\"https:\\\/\\\/www.dillerbottle.com\\\/\",\"logo\":{\"@type\":\"ImageObject\",\"inLanguage\":\"fr-FR\",\"@id\":\"https:\\\/\\\/www.dillerbottle.com\\\/#\\\/schema\\\/logo\\\/image\\\/\",\"url\":\"https:\\\/\\\/www.dillerbottle.com\\\/wp-content\\\/uploads\\\/2024\\\/09\\\/49918bfa848dcc1e9f8b509933603ac.png\",\"contentUrl\":\"https:\\\/\\\/www.dillerbottle.com\\\/wp-content\\\/uploads\\\/2024\\\/09\\\/49918bfa848dcc1e9f8b509933603ac.png\",\"width\":988,\"height\":198,\"caption\":\"Diller Water Bottle Manufacturer\"},\"image\":{\"@id\":\"https:\\\/\\\/www.dillerbottle.com\\\/#\\\/schema\\\/logo\\\/image\\\/\"}}]}<\/script>\n<!-- \/ Yoast SEO Premium plugin. -->","yoast_head_json":{"title":"Bouteille de sport en verre - Fabricant de bouteilles d&#039;eau Diller","description":"En tant que l&#039;un des meilleurs fabricants et fournisseurs de bouteilles de sport en verre, nous sommes engag\u00e9s dans la fabrication de bouteilles d&#039;eau de bonne qualit\u00e9. Nous vous invitons chaleureusement \u00e0 vendre en gros ou \u00e0 acheter chez nous des bouteilles de sport en verre sur mesure \u00e0 un prix comp\u00e9titif. De plus, les commandes en petites quantit\u00e9s sont acceptables.","robots":{"index":"index","follow":"follow","max-snippet":"max-snippet:-1","max-image-preview":"max-image-preview:large","max-video-preview":"max-video-preview:-1"},"canonical":"https:\/\/www.dillerbottle.com\/fr\/produits\/bouteille-de-sport-en-verre","og_locale":"fr_FR","og_type":"article","og_title":"Glass Sports Bottle","og_description":"As one of the best glass sports bottle manufacturers and suppliers, we are engaged in manufacturing good quality water bottles. We warmly welcome you to wholesale or buy custom made glass sports bottle at competitive price from us. Also, small quantity orders are acceptable.","og_url":"https:\/\/www.dillerbottle.com\/fr\/produits\/bouteille-de-sport-en-verre","og_site_name":"Diller Water Bottle Manufacturer","article_modified_time":"2025-07-09T08:36:13+00:00","og_image":[{"width":730,"height":730,"url":"https:\/\/www.dillerbottle.com\/wp-content\/uploads\/2024\/09\/glass-sports-bottle29235727036.jpg","type":"image\/jpeg"}],"twitter_card":"summary_large_image","twitter_misc":{"Dur\u00e9e de lecture estim\u00e9e":"2 minutes"},"schema":{"@context":"https:\/\/schema.org","@graph":[{"@type":"WebPage","@id":"https:\/\/www.dillerbottle.com\/ar\/%d9%85%d9%86%d8%aa%d8%ac%d8%a7%d8%aa\/%d8%b2%d8%ac%d8%a7%d8%ac%d8%a9-%d8%b1%d9%8a%d8%a7%d8%b6%d9%8a%d8%a9-%d8%b2%d8%ac%d8%a7%d8%ac%d9%8a%d8%a9","url":"https:\/\/www.dillerbottle.com\/ar\/%d9%85%d9%86%d8%aa%d8%ac%d8%a7%d8%aa\/%d8%b2%d8%ac%d8%a7%d8%ac%d8%a9-%d8%b1%d9%8a%d8%a7%d8%b6%d9%8a%d8%a9-%d8%b2%d8%ac%d8%a7%d8%ac%d9%8a%d8%a9","name":"Bouteille de sport en verre - Fabricant de bouteilles d&#039;eau Diller","isPartOf":{"@id":"https:\/\/www.dillerbottle.com\/#website"},"primaryImageOfPage":{"@id":"https:\/\/www.dillerbottle.com\/ar\/%d9%85%d9%86%d8%aa%d8%ac%d8%a7%d8%aa\/%d8%b2%d8%ac%d8%a7%d8%ac%d8%a9-%d8%b1%d9%8a%d8%a7%d8%b6%d9%8a%d8%a9-%d8%b2%d8%ac%d8%a7%d8%ac%d9%8a%d8%a9#primaryimage"},"image":{"@id":"https:\/\/www.dillerbottle.com\/ar\/%d9%85%d9%86%d8%aa%d8%ac%d8%a7%d8%aa\/%d8%b2%d8%ac%d8%a7%d8%ac%d8%a9-%d8%b1%d9%8a%d8%a7%d8%b6%d9%8a%d8%a9-%d8%b2%d8%ac%d8%a7%d8%ac%d9%8a%d8%a9#primaryimage"},"thumbnailUrl":"https:\/\/www.dillerbottle.com\/wp-content\/uploads\/2024\/09\/glass-sports-bottle29235727036.jpg","datePublished":"2024-09-29T02:01:50+00:00","dateModified":"2025-07-09T08:36:13+00:00","description":"En tant que l&#039;un des meilleurs fabricants et fournisseurs de bouteilles de sport en verre, nous sommes engag\u00e9s dans la fabrication de bouteilles d&#039;eau de bonne qualit\u00e9. Nous vous invitons chaleureusement \u00e0 vendre en gros ou \u00e0 acheter chez nous des bouteilles de sport en verre sur mesure \u00e0 un prix comp\u00e9titif. De plus, les commandes en petites quantit\u00e9s sont acceptables.","breadcrumb":{"@id":"https:\/\/www.dillerbottle.com\/ar\/%d9%85%d9%86%d8%aa%d8%ac%d8%a7%d8%aa\/%d8%b2%d8%ac%d8%a7%d8%ac%d8%a9-%d8%b1%d9%8a%d8%a7%d8%b6%d9%8a%d8%a9-%d8%b2%d8%ac%d8%a7%d8%ac%d9%8a%d8%a9#breadcrumb"},"inLanguage":"fr-FR","potentialAction":[{"@type":"ReadAction","target":["https:\/\/www.dillerbottle.com\/ar\/%d9%85%d9%86%d8%aa%d8%ac%d8%a7%d8%aa\/%d8%b2%d8%ac%d8%a7%d8%ac%d8%a9-%d8%b1%d9%8a%d8%a7%d8%b6%d9%8a%d8%a9-%d8%b2%d8%ac%d8%a7%d8%ac%d9%8a%d8%a9"]}]},{"@type":"ImageObject","inLanguage":"fr-FR","@id":"https:\/\/www.dillerbottle.com\/ar\/%d9%85%d9%86%d8%aa%d8%ac%d8%a7%d8%aa\/%d8%b2%d8%ac%d8%a7%d8%ac%d8%a9-%d8%b1%d9%8a%d8%a7%d8%b6%d9%8a%d8%a9-%d8%b2%d8%ac%d8%a7%d8%ac%d9%8a%d8%a9#primaryimage","url":"https:\/\/www.dillerbottle.com\/wp-content\/uploads\/2024\/09\/glass-sports-bottle29235727036.jpg","contentUrl":"https:\/\/www.dillerbottle.com\/wp-content\/uploads\/2024\/09\/glass-sports-bottle29235727036.jpg","width":730,"height":730},{"@type":"BreadcrumbList","@id":"https:\/\/www.dillerbottle.com\/ar\/%d9%85%d9%86%d8%aa%d8%ac%d8%a7%d8%aa\/%d8%b2%d8%ac%d8%a7%d8%ac%d8%a9-%d8%b1%d9%8a%d8%a7%d8%b6%d9%8a%d8%a9-%d8%b2%d8%ac%d8%a7%d8%ac%d9%8a%d8%a9#breadcrumb","itemListElement":[{"@type":"ListItem","position":1,"name":"Home","item":"https:\/\/www.dillerbottle.com\/"},{"@type":"ListItem","position":2,"name":"Products","item":"https:\/\/www.dillerbottle.com\/shop"},{"@type":"ListItem","position":3,"name":"Glass Sports Bottle"}]},{"@type":"WebSite","@id":"https:\/\/www.dillerbottle.com\/#website","url":"https:\/\/www.dillerbottle.com\/","name":"Fabricant de bouteilles d&#039;eau Diller","description":"Fabricant de bouteilles d&#039;eau","publisher":{"@id":"https:\/\/www.dillerbottle.com\/#organization"},"potentialAction":[{"@type":"SearchAction","target":{"@type":"EntryPoint","urlTemplate":"https:\/\/www.dillerbottle.com\/?s={search_term_string}"},"query-input":{"@type":"PropertyValueSpecification","valueRequired":true,"valueName":"search_term_string"}}],"inLanguage":"fr-FR"},{"@type":"Organization","@id":"https:\/\/www.dillerbottle.com\/#organization","name":"Fabricant de bouteilles d&#039;eau Diller","url":"https:\/\/www.dillerbottle.com\/","logo":{"@type":"ImageObject","inLanguage":"fr-FR","@id":"https:\/\/www.dillerbottle.com\/#\/schema\/logo\/image\/","url":"https:\/\/www.dillerbottle.com\/wp-content\/uploads\/2024\/09\/49918bfa848dcc1e9f8b509933603ac.png","contentUrl":"https:\/\/www.dillerbottle.com\/wp-content\/uploads\/2024\/09\/49918bfa848dcc1e9f8b509933603ac.png","width":988,"height":198,"caption":"Diller Water Bottle Manufacturer"},"image":{"@id":"https:\/\/www.dillerbottle.com\/#\/schema\/logo\/image\/"}}]}},"_links":{"self":[{"href":"https:\/\/www.dillerbottle.com\/fr\/wp-json\/wp\/v2\/product\/7657","targetHints":{"allow":["GET"]}}],"collection":[{"href":"https:\/\/www.dillerbottle.com\/fr\/wp-json\/wp\/v2\/product"}],"about":[{"href":"https:\/\/www.dillerbottle.com\/fr\/wp-json\/wp\/v2\/types\/product"}],"replies":[{"embeddable":true,"href":"https:\/\/www.dillerbottle.com\/fr\/wp-json\/wp\/v2\/comments?post=7657"}],"wp:featuredmedia":[{"embeddable":true,"href":"https:\/\/www.dillerbottle.com\/fr\/wp-json\/wp\/v2\/media\/7658"}],"wp:attachment":[{"href":"https:\/\/www.dillerbottle.com\/fr\/wp-json\/wp\/v2\/media?parent=7657"}],"wp:term":[{"taxonomy":"product_brand","embeddable":true,"href":"https:\/\/www.dillerbottle.com\/fr\/wp-json\/wp\/v2\/product_brand?post=7657"},{"taxonomy":"product_cat","embeddable":true,"href":"https:\/\/www.dillerbottle.com\/fr\/wp-json\/wp\/v2\/product_cat?post=7657"},{"taxonomy":"product_tag","embeddable":true,"href":"https:\/\/www.dillerbottle.com\/fr\/wp-json\/wp\/v2\/product_tag?post=7657"}],"curies":[{"name":"wp","href":"https:\/\/api.w.org\/{rel}","templated":true}]}}