{"id":7848,"date":"2024-09-29T14:09:04","date_gmt":"2024-09-29T06:09:04","guid":{"rendered":"https:\/\/demo.dillerbottle.com\/products\/tumbler-travel-mug-with-flip-lid"},"modified":"2025-07-09T16:27:02","modified_gmt":"2025-07-09T08:27:02","slug":"tasse-de-voyage-avec-couvercle-rabattable","status":"publish","type":"product","link":"https:\/\/www.dillerbottle.com\/fr\/products\/tumbler-travel-mug-with-flip-lid","title":{"rendered":"Tasse de voyage avec couvercle rabattable"},"content":{"rendered":"<p>Caract\u00e9ristiques:<br \/>\n1. Le gobelet de voyage avec couvercle rabattable est fabriqu\u00e9 en acier inoxydable l\u00e9ger 304 (18\/8) de qualit\u00e9 alimentaire sup\u00e9rieure, qui peut conserver efficacement la chaleur et le froid pendant 6 \u00e0 12 heures. Qu'il s'agisse d'eau chaude ou de boissons froides, ce gobelet isotherme peut conserver la temp\u00e9rature pour vous, vous permettant ainsi de profiter d'une exp\u00e9rience de consommation confortable \u00e0 tout moment.<\/p>\n<p>2. La conception avec un haut large et un bas \u00e9troit convient \u00e0 la plupart des porte-gobelets de voiture.<\/p>\n<p>3. Le couvercle du gobelet est dot\u00e9 d'un anneau en silicone \u00e9tanche, de sorte que, quelle que soit la mani\u00e8re dont vous le manipulez, vous ne craindrez pas les fuites d'eau. Peut \u00eatre consomm\u00e9 directement ou \u00e0 l'aide d'une paille.<\/p>\n<p>4. Con\u00e7u avec une corde de suspension portable, il est facile \u00e0 transporter lorsque vous sortez, que ce soit pour le travail, l&#039;\u00e9cole ou les voyages.<\/p>","protected":false},"excerpt":{"rendered":"<p>Ce mug de voyage avec couvercle rabattable est fabriqu\u00e9 en acier inoxydable durable et en mat\u00e9riaux de qualit\u00e9 alimentaire.<br \/>\nCette tasse peut garder le contenu chaud ou froid jusqu&#039;\u00e0 6 heures.<br \/>\nLa conception avec un haut large et un bas \u00e9troit convient \u00e0 la plupart des porte-gobelets de voiture.<br \/>\nLe couvercle de la tasse est dot\u00e9 d&#039;un joint d&#039;\u00e9tanch\u00e9it\u00e9 en silicone, donc quelle que soit la fa\u00e7on dont vous le manipulez, vous n&#039;aurez pas peur des fuites d&#039;eau.<br \/>\nPeut \u00eatre consomm\u00e9 directement ou avec une paille.<br \/>\nCon\u00e7u avec une corde de suspension portable, il est facile \u00e0 transporter lorsque vous sortez, que ce soit pour le travail, l&#039;\u00e9cole ou les voyages.<br \/>\nOEM et ODM acceptables.<br \/>\nNous pouvons personnaliser la tasse \u00e0 caf\u00e9 selon vos besoins.<br \/>\nBienvenue \u00e0 l&#039;achat en gros, envoyez une demande maintenant !<\/p>","protected":false},"featured_media":7849,"comment_status":"open","ping_status":"closed","template":"","meta":{"_acf_changed":false},"product_brand":[],"product_cat":[18],"product_tag":[575,32,214,36,33,31,39,597,38,29,37,427,34,551,35,28,695,537,30],"class_list":{"0":"post-7848","1":"product","2":"type-product","3":"status-publish","4":"has-post-thumbnail","6":"product_cat-insulated-water-bottle","7":"product_tag-2000ml-water-bottle","8":"product_tag-best","9":"product_tag-blue-water-bottles","10":"product_tag-bulk","11":"product_tag-buy","12":"product_tag-custom","13":"product_tag-for-sale","14":"product_tag-glass-water-bottle-with-time-marker","15":"product_tag-good-quality","16":"product_tag-manufacturers","17":"product_tag-manufacturing","18":"product_tag-oem-bpa-free-reusable-gym-sports-water-bottle","19":"product_tag-price","20":"product_tag-silicone-sleeve-water-bottle","21":"product_tag-small","22":"product_tag-suppliers","23":"product_tag-tumbler-travel-mug-with-flip-lid","24":"product_tag-water-bottle-sleeve","25":"product_tag-wholesale","27":"first","28":"instock","29":"shipping-taxable","30":"product-type-simple"},"acf":[],"yoast_head":"<!-- This site is optimized with the Yoast SEO Premium plugin v27.4 (Yoast SEO v27.4) - https:\/\/yoast.com\/product\/yoast-seo-premium-wordpress\/ -->\n<title>Tumbler Travel Mug With Flip Lid - Diller Water Bottle Manufacturer<\/title>\n<meta name=\"description\" content=\"As one of the best tumbler travel mug with flip lid manufacturers and suppliers, we are engaged in manufacturing good quality water bottles. We warmly welcome you to wholesale or buy custom made tumbler travel mug with flip lid at competitive price from us. Also, small quantity orders are acceptable.\" \/>\n<meta name=\"robots\" content=\"index, follow, max-snippet:-1, max-image-preview:large, max-video-preview:-1\" \/>\n<link rel=\"canonical\" href=\"https:\/\/www.dillerbottle.com\/fr\/produits\/tasse-de-voyage-avec-couvercle-rabattable\" \/>\n<meta property=\"og:locale\" content=\"fr_FR\" \/>\n<meta property=\"og:type\" content=\"article\" \/>\n<meta property=\"og:title\" content=\"Tumbler Travel Mug With Flip Lid\" \/>\n<meta property=\"og:description\" content=\"As one of the best tumbler travel mug with flip lid manufacturers and suppliers, we are engaged in manufacturing good quality water bottles. We warmly welcome you to wholesale or buy custom made tumbler travel mug with flip lid at competitive price from us. Also, small quantity orders are acceptable.\" \/>\n<meta property=\"og:url\" content=\"https:\/\/www.dillerbottle.com\/fr\/produits\/tasse-de-voyage-avec-couvercle-rabattable\" \/>\n<meta property=\"og:site_name\" content=\"Diller Water Bottle Manufacturer\" \/>\n<meta property=\"article:modified_time\" content=\"2025-07-09T08:27:02+00:00\" \/>\n<meta property=\"og:image\" content=\"https:\/\/www.dillerbottle.com\/wp-content\/uploads\/2024\/09\/tumbler-travel-mug-with-flip-lid3bc5c.jpg\" \/>\n\t<meta property=\"og:image:width\" content=\"800\" \/>\n\t<meta property=\"og:image:height\" content=\"800\" \/>\n\t<meta property=\"og:image:type\" content=\"image\/jpeg\" \/>\n<meta name=\"twitter:card\" content=\"summary_large_image\" \/>\n<meta name=\"twitter:label1\" content=\"Dur\u00e9e de lecture estim\u00e9e\" \/>\n\t<meta name=\"twitter:data1\" content=\"3 minutes\" \/>\n<script type=\"application\/ld+json\" class=\"yoast-schema-graph\">{\"@context\":\"https:\\\/\\\/schema.org\",\"@graph\":[{\"@type\":\"WebPage\",\"@id\":\"https:\\\/\\\/www.dillerbottle.com\\\/my\\\/produk\\\/mug-travel-tumbler-dengan-penutup-flip\",\"url\":\"https:\\\/\\\/www.dillerbottle.com\\\/my\\\/produk\\\/mug-travel-tumbler-dengan-penutup-flip\",\"name\":\"Tumbler Travel Mug With Flip Lid - Diller Water Bottle Manufacturer\",\"isPartOf\":{\"@id\":\"https:\\\/\\\/www.dillerbottle.com\\\/#website\"},\"primaryImageOfPage\":{\"@id\":\"https:\\\/\\\/www.dillerbottle.com\\\/my\\\/produk\\\/mug-travel-tumbler-dengan-penutup-flip#primaryimage\"},\"image\":{\"@id\":\"https:\\\/\\\/www.dillerbottle.com\\\/my\\\/produk\\\/mug-travel-tumbler-dengan-penutup-flip#primaryimage\"},\"thumbnailUrl\":\"https:\\\/\\\/www.dillerbottle.com\\\/wp-content\\\/uploads\\\/2024\\\/09\\\/tumbler-travel-mug-with-flip-lid3bc5c.jpg\",\"datePublished\":\"2024-09-29T06:09:04+00:00\",\"dateModified\":\"2025-07-09T08:27:02+00:00\",\"description\":\"As one of the best tumbler travel mug with flip lid manufacturers and suppliers, we are engaged in manufacturing good quality water bottles. We warmly welcome you to wholesale or buy custom made tumbler travel mug with flip lid at competitive price from us. Also, small quantity orders are acceptable.\",\"breadcrumb\":{\"@id\":\"https:\\\/\\\/www.dillerbottle.com\\\/my\\\/produk\\\/mug-travel-tumbler-dengan-penutup-flip#breadcrumb\"},\"inLanguage\":\"fr-FR\",\"potentialAction\":[{\"@type\":\"ReadAction\",\"target\":[\"https:\\\/\\\/www.dillerbottle.com\\\/my\\\/produk\\\/mug-travel-tumbler-dengan-penutup-flip\"]}]},{\"@type\":\"ImageObject\",\"inLanguage\":\"fr-FR\",\"@id\":\"https:\\\/\\\/www.dillerbottle.com\\\/my\\\/produk\\\/mug-travel-tumbler-dengan-penutup-flip#primaryimage\",\"url\":\"https:\\\/\\\/www.dillerbottle.com\\\/wp-content\\\/uploads\\\/2024\\\/09\\\/tumbler-travel-mug-with-flip-lid3bc5c.jpg\",\"contentUrl\":\"https:\\\/\\\/www.dillerbottle.com\\\/wp-content\\\/uploads\\\/2024\\\/09\\\/tumbler-travel-mug-with-flip-lid3bc5c.jpg\",\"width\":800,\"height\":800},{\"@type\":\"BreadcrumbList\",\"@id\":\"https:\\\/\\\/www.dillerbottle.com\\\/my\\\/produk\\\/mug-travel-tumbler-dengan-penutup-flip#breadcrumb\",\"itemListElement\":[{\"@type\":\"ListItem\",\"position\":1,\"name\":\"Home\",\"item\":\"https:\\\/\\\/www.dillerbottle.com\\\/\"},{\"@type\":\"ListItem\",\"position\":2,\"name\":\"Products\",\"item\":\"https:\\\/\\\/www.dillerbottle.com\\\/shop\"},{\"@type\":\"ListItem\",\"position\":3,\"name\":\"Tumbler Travel Mug With Flip Lid\"}]},{\"@type\":\"WebSite\",\"@id\":\"https:\\\/\\\/www.dillerbottle.com\\\/#website\",\"url\":\"https:\\\/\\\/www.dillerbottle.com\\\/\",\"name\":\"Diller Water Bottle Manufacturer\",\"description\":\"Water Bottle Manufacturer\",\"publisher\":{\"@id\":\"https:\\\/\\\/www.dillerbottle.com\\\/#organization\"},\"potentialAction\":[{\"@type\":\"SearchAction\",\"target\":{\"@type\":\"EntryPoint\",\"urlTemplate\":\"https:\\\/\\\/www.dillerbottle.com\\\/?s={search_term_string}\"},\"query-input\":{\"@type\":\"PropertyValueSpecification\",\"valueRequired\":true,\"valueName\":\"search_term_string\"}}],\"inLanguage\":\"fr-FR\"},{\"@type\":\"Organization\",\"@id\":\"https:\\\/\\\/www.dillerbottle.com\\\/#organization\",\"name\":\"Diller Water Bottle Manufacturer\",\"url\":\"https:\\\/\\\/www.dillerbottle.com\\\/\",\"logo\":{\"@type\":\"ImageObject\",\"inLanguage\":\"fr-FR\",\"@id\":\"https:\\\/\\\/www.dillerbottle.com\\\/#\\\/schema\\\/logo\\\/image\\\/\",\"url\":\"https:\\\/\\\/www.dillerbottle.com\\\/wp-content\\\/uploads\\\/2024\\\/09\\\/49918bfa848dcc1e9f8b509933603ac.png\",\"contentUrl\":\"https:\\\/\\\/www.dillerbottle.com\\\/wp-content\\\/uploads\\\/2024\\\/09\\\/49918bfa848dcc1e9f8b509933603ac.png\",\"width\":988,\"height\":198,\"caption\":\"Diller Water Bottle Manufacturer\"},\"image\":{\"@id\":\"https:\\\/\\\/www.dillerbottle.com\\\/#\\\/schema\\\/logo\\\/image\\\/\"}}]}<\/script>\n<!-- \/ Yoast SEO Premium plugin. -->","yoast_head_json":{"title":"Tasse de voyage avec couvercle rabattable - Fabricant de bouteilles d&#039;eau Diller","description":"En tant que l&#039;un des meilleurs fabricants et fournisseurs de gobelets de voyage avec couvercle rabattable, nous sommes engag\u00e9s dans la fabrication de bouteilles d&#039;eau de bonne qualit\u00e9. Nous vous invitons chaleureusement \u00e0 vendre en gros ou \u00e0 acheter chez nous un gobelet de voyage sur mesure avec couvercle rabattable \u00e0 un prix comp\u00e9titif. De plus, les commandes en petites quantit\u00e9s sont acceptables.","robots":{"index":"index","follow":"follow","max-snippet":"max-snippet:-1","max-image-preview":"max-image-preview:large","max-video-preview":"max-video-preview:-1"},"canonical":"https:\/\/www.dillerbottle.com\/fr\/produits\/tasse-de-voyage-avec-couvercle-rabattable","og_locale":"fr_FR","og_type":"article","og_title":"Tumbler Travel Mug With Flip Lid","og_description":"As one of the best tumbler travel mug with flip lid manufacturers and suppliers, we are engaged in manufacturing good quality water bottles. We warmly welcome you to wholesale or buy custom made tumbler travel mug with flip lid at competitive price from us. Also, small quantity orders are acceptable.","og_url":"https:\/\/www.dillerbottle.com\/fr\/produits\/tasse-de-voyage-avec-couvercle-rabattable","og_site_name":"Diller Water Bottle Manufacturer","article_modified_time":"2025-07-09T08:27:02+00:00","og_image":[{"width":800,"height":800,"url":"https:\/\/www.dillerbottle.com\/wp-content\/uploads\/2024\/09\/tumbler-travel-mug-with-flip-lid3bc5c.jpg","type":"image\/jpeg"}],"twitter_card":"summary_large_image","twitter_misc":{"Dur\u00e9e de lecture estim\u00e9e":"3 minutes"},"schema":{"@context":"https:\/\/schema.org","@graph":[{"@type":"WebPage","@id":"https:\/\/www.dillerbottle.com\/my\/produk\/mug-travel-tumbler-dengan-penutup-flip","url":"https:\/\/www.dillerbottle.com\/my\/produk\/mug-travel-tumbler-dengan-penutup-flip","name":"Tasse de voyage avec couvercle rabattable - Fabricant de bouteilles d&#039;eau Diller","isPartOf":{"@id":"https:\/\/www.dillerbottle.com\/#website"},"primaryImageOfPage":{"@id":"https:\/\/www.dillerbottle.com\/my\/produk\/mug-travel-tumbler-dengan-penutup-flip#primaryimage"},"image":{"@id":"https:\/\/www.dillerbottle.com\/my\/produk\/mug-travel-tumbler-dengan-penutup-flip#primaryimage"},"thumbnailUrl":"https:\/\/www.dillerbottle.com\/wp-content\/uploads\/2024\/09\/tumbler-travel-mug-with-flip-lid3bc5c.jpg","datePublished":"2024-09-29T06:09:04+00:00","dateModified":"2025-07-09T08:27:02+00:00","description":"En tant que l&#039;un des meilleurs fabricants et fournisseurs de gobelets de voyage avec couvercle rabattable, nous sommes engag\u00e9s dans la fabrication de bouteilles d&#039;eau de bonne qualit\u00e9. Nous vous invitons chaleureusement \u00e0 vendre en gros ou \u00e0 acheter chez nous un gobelet de voyage sur mesure avec couvercle rabattable \u00e0 un prix comp\u00e9titif. De plus, les commandes en petites quantit\u00e9s sont acceptables.","breadcrumb":{"@id":"https:\/\/www.dillerbottle.com\/my\/produk\/mug-travel-tumbler-dengan-penutup-flip#breadcrumb"},"inLanguage":"fr-FR","potentialAction":[{"@type":"ReadAction","target":["https:\/\/www.dillerbottle.com\/my\/produk\/mug-travel-tumbler-dengan-penutup-flip"]}]},{"@type":"ImageObject","inLanguage":"fr-FR","@id":"https:\/\/www.dillerbottle.com\/my\/produk\/mug-travel-tumbler-dengan-penutup-flip#primaryimage","url":"https:\/\/www.dillerbottle.com\/wp-content\/uploads\/2024\/09\/tumbler-travel-mug-with-flip-lid3bc5c.jpg","contentUrl":"https:\/\/www.dillerbottle.com\/wp-content\/uploads\/2024\/09\/tumbler-travel-mug-with-flip-lid3bc5c.jpg","width":800,"height":800},{"@type":"BreadcrumbList","@id":"https:\/\/www.dillerbottle.com\/my\/produk\/mug-travel-tumbler-dengan-penutup-flip#breadcrumb","itemListElement":[{"@type":"ListItem","position":1,"name":"Home","item":"https:\/\/www.dillerbottle.com\/"},{"@type":"ListItem","position":2,"name":"Products","item":"https:\/\/www.dillerbottle.com\/shop"},{"@type":"ListItem","position":3,"name":"Tumbler Travel Mug With Flip Lid"}]},{"@type":"WebSite","@id":"https:\/\/www.dillerbottle.com\/#website","url":"https:\/\/www.dillerbottle.com\/","name":"Fabricant de bouteilles d&#039;eau Diller","description":"Fabricant de bouteilles d&#039;eau","publisher":{"@id":"https:\/\/www.dillerbottle.com\/#organization"},"potentialAction":[{"@type":"SearchAction","target":{"@type":"EntryPoint","urlTemplate":"https:\/\/www.dillerbottle.com\/?s={search_term_string}"},"query-input":{"@type":"PropertyValueSpecification","valueRequired":true,"valueName":"search_term_string"}}],"inLanguage":"fr-FR"},{"@type":"Organization","@id":"https:\/\/www.dillerbottle.com\/#organization","name":"Fabricant de bouteilles d&#039;eau Diller","url":"https:\/\/www.dillerbottle.com\/","logo":{"@type":"ImageObject","inLanguage":"fr-FR","@id":"https:\/\/www.dillerbottle.com\/#\/schema\/logo\/image\/","url":"https:\/\/www.dillerbottle.com\/wp-content\/uploads\/2024\/09\/49918bfa848dcc1e9f8b509933603ac.png","contentUrl":"https:\/\/www.dillerbottle.com\/wp-content\/uploads\/2024\/09\/49918bfa848dcc1e9f8b509933603ac.png","width":988,"height":198,"caption":"Diller Water Bottle Manufacturer"},"image":{"@id":"https:\/\/www.dillerbottle.com\/#\/schema\/logo\/image\/"}}]}},"_links":{"self":[{"href":"https:\/\/www.dillerbottle.com\/fr\/wp-json\/wp\/v2\/product\/7848","targetHints":{"allow":["GET"]}}],"collection":[{"href":"https:\/\/www.dillerbottle.com\/fr\/wp-json\/wp\/v2\/product"}],"about":[{"href":"https:\/\/www.dillerbottle.com\/fr\/wp-json\/wp\/v2\/types\/product"}],"replies":[{"embeddable":true,"href":"https:\/\/www.dillerbottle.com\/fr\/wp-json\/wp\/v2\/comments?post=7848"}],"wp:featuredmedia":[{"embeddable":true,"href":"https:\/\/www.dillerbottle.com\/fr\/wp-json\/wp\/v2\/media\/7849"}],"wp:attachment":[{"href":"https:\/\/www.dillerbottle.com\/fr\/wp-json\/wp\/v2\/media?parent=7848"}],"wp:term":[{"taxonomy":"product_brand","embeddable":true,"href":"https:\/\/www.dillerbottle.com\/fr\/wp-json\/wp\/v2\/product_brand?post=7848"},{"taxonomy":"product_cat","embeddable":true,"href":"https:\/\/www.dillerbottle.com\/fr\/wp-json\/wp\/v2\/product_cat?post=7848"},{"taxonomy":"product_tag","embeddable":true,"href":"https:\/\/www.dillerbottle.com\/fr\/wp-json\/wp\/v2\/product_tag?post=7848"}],"curies":[{"name":"wp","href":"https:\/\/api.w.org\/{rel}","templated":true}]}}