{"id":8620,"date":"2024-09-29T14:20:01","date_gmt":"2024-09-29T06:20:01","guid":{"rendered":"https:\/\/demo.dillerbottle.com\/products\/business-thermo-bottle-with-handle"},"modified":"2025-07-09T16:09:51","modified_gmt":"2025-07-09T08:09:51","slug":"bouteille-isotherme-professionnelle-avec-poignee","status":"publish","type":"product","link":"https:\/\/www.dillerbottle.com\/fr\/products\/business-thermo-bottle-with-handle","title":{"rendered":"Bouteille isotherme professionnelle avec poign\u00e9e"},"content":{"rendered":"<p>1. La bouteille thermos commerciale avec poign\u00e9e en acier inoxydable 316 a un excellent effet d&#039;isolation et une r\u00e9sistance \u00e0 la corrosion, ce qui peut maintenir la temp\u00e9rature et le go\u00fbt de la boisson.<\/p>\n<p>2. Cette bouteille isotherme professionnelle avec poign\u00e9e est dot\u00e9e d&#039;un infuseur \u00e0 th\u00e9 en acier inoxydable fin, qui vous permet de prendre une gorg\u00e9e de th\u00e9 \u00e0 chaque fois que vous sortez ou au bureau.<\/p>\n<p>3. Le couvercle de la tasse est dot\u00e9 d&#039;une poign\u00e9e confortable, ce qui le rend facile \u00e0 transporter lors des sorties. Plusieurs mesures anti-fuites, m\u00eame lorsqu&#039;elles sont plac\u00e9es dans un sac, ne craignent pas les fuites d&#039;eau.<\/p>\n<p>OEM et ODM acceptables.<br \/>\nNous pouvons personnaliser le gobelet selon vos besoins.<br \/>\nBienvenue \u00e0 l&#039;achat en gros, envoyez une demande maintenant !<\/p>\n<p><iframe title=\"Bouteille isotherme portable en acier inoxydable avec logo personnalis\u00e9 et infuseur \u00e0 th\u00e9 MLH9126\" width=\"800\" height=\"450\" src=\"https:\/\/www.youtube.com\/embed\/0vPlbKTWwOQ?feature=oembed\" frameborder=\"0\" allow=\"accelerometer; autoplay; clipboard-write; encrypted-media; gyroscope; picture-in-picture; web-share\" referrerpolicy=\"strict-origin-when-cross-origin\" allowfullscreen><\/iframe><\/p>","protected":false},"excerpt":{"rendered":"<p>Cette bouteille isotherme professionnelle avec poign\u00e9e est fabriqu\u00e9e en acier inoxydable 316 durable et en mat\u00e9riaux de qualit\u00e9 alimentaire.<br \/>\nCette bouteille d&#039;eau isotherme peut garder le contenu chaud ou froid jusqu&#039;\u00e0 6 \u00e0 12 heures.<br \/>\nLe couvercle de la tasse est dot\u00e9 d&#039;une poign\u00e9e confortable, ce qui le rend facile \u00e0 transporter lorsque vous sortez.<br \/>\nPlusieurs mesures anti-fuites, m\u00eame plac\u00e9es dans un sac, ne craignent pas les fuites d&#039;eau.<br \/>\nOEM et ODM acceptables.<br \/>\nNous pouvons personnaliser la bouteille thermos en m\u00e9tal selon vos besoins.<br \/>\nBienvenue \u00e0 l&#039;achat en gros, envoyez une demande maintenant !<\/p>","protected":false},"featured_media":8621,"comment_status":"open","ping_status":"closed","template":"","meta":{"_acf_changed":false},"product_brand":[],"product_cat":[18],"product_tag":[776,32,36,775,33,521,31,39,38,29,37,518,34,35,516,28,510,572,30],"class_list":{"0":"post-8620","1":"product","2":"type-product","3":"status-publish","4":"has-post-thumbnail","6":"product_cat-insulated-water-bottle","7":"product_tag-700ml-stainless-water-bottle","8":"product_tag-best","9":"product_tag-bulk","10":"product_tag-business-thermo-bottle-with-handle","11":"product_tag-buy","12":"product_tag-cup-outdoor-travel-sports-water-bottle-with-handle","13":"product_tag-custom","14":"product_tag-for-sale","15":"product_tag-good-quality","16":"product_tag-manufacturers","17":"product_tag-manufacturing","18":"product_tag-portable-insulated-stainless-steel-water-bottle","19":"product_tag-price","20":"product_tag-small","21":"product_tag-stainless-steel-hot-water-bottle-with-custom-color","22":"product_tag-suppliers","23":"product_tag-thermos-water-bottle","24":"product_tag-water-bottle-for-adult","25":"product_tag-wholesale","27":"first","28":"instock","29":"shipping-taxable","30":"product-type-simple"},"acf":[],"yoast_head":"<!-- This site is optimized with the Yoast SEO Premium plugin v27.5 (Yoast SEO v27.5) - https:\/\/yoast.com\/product\/yoast-seo-premium-wordpress\/ -->\n<title>Business Thermo Bottle With Handle - Diller Water Bottle Manufacturer<\/title>\n<meta name=\"description\" content=\"As one of the best business thermo bottle with handle manufacturers and suppliers, we are engaged in manufacturing good quality water bottles. We warmly welcome you to wholesale or buy custom made business thermo bottle with handle at competitive price from us. Also, small quantity orders are acceptable.\" \/>\n<meta name=\"robots\" content=\"index, follow, max-snippet:-1, max-image-preview:large, max-video-preview:-1\" \/>\n<link rel=\"canonical\" href=\"https:\/\/www.dillerbottle.com\/fr\/produits\/bouteille-isotherme-professionnelle-avec-poignee\" \/>\n<meta property=\"og:locale\" content=\"fr_FR\" \/>\n<meta property=\"og:type\" content=\"article\" \/>\n<meta property=\"og:title\" content=\"Business Thermo Bottle With Handle\" \/>\n<meta property=\"og:description\" content=\"As one of the best business thermo bottle with handle manufacturers and suppliers, we are engaged in manufacturing good quality water bottles. We warmly welcome you to wholesale or buy custom made business thermo bottle with handle at competitive price from us. Also, small quantity orders are acceptable.\" \/>\n<meta property=\"og:url\" content=\"https:\/\/www.dillerbottle.com\/fr\/produits\/bouteille-isotherme-professionnelle-avec-poignee\" \/>\n<meta property=\"og:site_name\" content=\"Diller Water Bottle Manufacturer\" \/>\n<meta property=\"article:modified_time\" content=\"2025-07-09T08:09:51+00:00\" \/>\n<meta property=\"og:image\" content=\"https:\/\/www.dillerbottle.com\/wp-content\/uploads\/2024\/09\/business-thermo-bottle-with-handle2906fa0b-64be-4f55-897c-e5f15a476a8c.jpg\" \/>\n\t<meta property=\"og:image:width\" content=\"730\" \/>\n\t<meta property=\"og:image:height\" content=\"730\" \/>\n\t<meta property=\"og:image:type\" content=\"image\/jpeg\" \/>\n<meta name=\"twitter:card\" content=\"summary_large_image\" \/>\n<meta name=\"twitter:label1\" content=\"Dur\u00e9e de lecture estim\u00e9e\" \/>\n\t<meta name=\"twitter:data1\" content=\"7 minutes\" \/>\n<script type=\"application\/ld+json\" class=\"yoast-schema-graph\">{\"@context\":\"https:\\\/\\\/schema.org\",\"@graph\":[{\"@type\":\"WebPage\",\"@id\":\"https:\\\/\\\/www.dillerbottle.com\\\/ar\\\/%d9%85%d9%86%d8%aa%d8%ac%d8%a7%d8%aa\\\/%d8%b2%d8%ac%d8%a7%d8%ac%d8%a9-%d8%ad%d8%b1%d8%a7%d8%b1%d9%8a%d8%a9-%d9%84%d9%84%d8%a3%d8%b9%d9%85%d8%a7%d9%84-%d8%a8%d9%85%d9%82%d8%a8%d8%b6\",\"url\":\"https:\\\/\\\/www.dillerbottle.com\\\/ar\\\/%d9%85%d9%86%d8%aa%d8%ac%d8%a7%d8%aa\\\/%d8%b2%d8%ac%d8%a7%d8%ac%d8%a9-%d8%ad%d8%b1%d8%a7%d8%b1%d9%8a%d8%a9-%d9%84%d9%84%d8%a3%d8%b9%d9%85%d8%a7%d9%84-%d8%a8%d9%85%d9%82%d8%a8%d8%b6\",\"name\":\"Business Thermo Bottle With Handle - Diller Water Bottle Manufacturer\",\"isPartOf\":{\"@id\":\"https:\\\/\\\/www.dillerbottle.com\\\/#website\"},\"primaryImageOfPage\":{\"@id\":\"https:\\\/\\\/www.dillerbottle.com\\\/ar\\\/%d9%85%d9%86%d8%aa%d8%ac%d8%a7%d8%aa\\\/%d8%b2%d8%ac%d8%a7%d8%ac%d8%a9-%d8%ad%d8%b1%d8%a7%d8%b1%d9%8a%d8%a9-%d9%84%d9%84%d8%a3%d8%b9%d9%85%d8%a7%d9%84-%d8%a8%d9%85%d9%82%d8%a8%d8%b6#primaryimage\"},\"image\":{\"@id\":\"https:\\\/\\\/www.dillerbottle.com\\\/ar\\\/%d9%85%d9%86%d8%aa%d8%ac%d8%a7%d8%aa\\\/%d8%b2%d8%ac%d8%a7%d8%ac%d8%a9-%d8%ad%d8%b1%d8%a7%d8%b1%d9%8a%d8%a9-%d9%84%d9%84%d8%a3%d8%b9%d9%85%d8%a7%d9%84-%d8%a8%d9%85%d9%82%d8%a8%d8%b6#primaryimage\"},\"thumbnailUrl\":\"https:\\\/\\\/www.dillerbottle.com\\\/wp-content\\\/uploads\\\/2024\\\/09\\\/business-thermo-bottle-with-handle2906fa0b-64be-4f55-897c-e5f15a476a8c.jpg\",\"datePublished\":\"2024-09-29T06:20:01+00:00\",\"dateModified\":\"2025-07-09T08:09:51+00:00\",\"description\":\"As one of the best business thermo bottle with handle manufacturers and suppliers, we are engaged in manufacturing good quality water bottles. We warmly welcome you to wholesale or buy custom made business thermo bottle with handle at competitive price from us. Also, small quantity orders are acceptable.\",\"breadcrumb\":{\"@id\":\"https:\\\/\\\/www.dillerbottle.com\\\/ar\\\/%d9%85%d9%86%d8%aa%d8%ac%d8%a7%d8%aa\\\/%d8%b2%d8%ac%d8%a7%d8%ac%d8%a9-%d8%ad%d8%b1%d8%a7%d8%b1%d9%8a%d8%a9-%d9%84%d9%84%d8%a3%d8%b9%d9%85%d8%a7%d9%84-%d8%a8%d9%85%d9%82%d8%a8%d8%b6#breadcrumb\"},\"inLanguage\":\"fr-FR\",\"potentialAction\":[{\"@type\":\"ReadAction\",\"target\":[\"https:\\\/\\\/www.dillerbottle.com\\\/ar\\\/%d9%85%d9%86%d8%aa%d8%ac%d8%a7%d8%aa\\\/%d8%b2%d8%ac%d8%a7%d8%ac%d8%a9-%d8%ad%d8%b1%d8%a7%d8%b1%d9%8a%d8%a9-%d9%84%d9%84%d8%a3%d8%b9%d9%85%d8%a7%d9%84-%d8%a8%d9%85%d9%82%d8%a8%d8%b6\"]}]},{\"@type\":\"ImageObject\",\"inLanguage\":\"fr-FR\",\"@id\":\"https:\\\/\\\/www.dillerbottle.com\\\/ar\\\/%d9%85%d9%86%d8%aa%d8%ac%d8%a7%d8%aa\\\/%d8%b2%d8%ac%d8%a7%d8%ac%d8%a9-%d8%ad%d8%b1%d8%a7%d8%b1%d9%8a%d8%a9-%d9%84%d9%84%d8%a3%d8%b9%d9%85%d8%a7%d9%84-%d8%a8%d9%85%d9%82%d8%a8%d8%b6#primaryimage\",\"url\":\"https:\\\/\\\/www.dillerbottle.com\\\/wp-content\\\/uploads\\\/2024\\\/09\\\/business-thermo-bottle-with-handle2906fa0b-64be-4f55-897c-e5f15a476a8c.jpg\",\"contentUrl\":\"https:\\\/\\\/www.dillerbottle.com\\\/wp-content\\\/uploads\\\/2024\\\/09\\\/business-thermo-bottle-with-handle2906fa0b-64be-4f55-897c-e5f15a476a8c.jpg\",\"width\":730,\"height\":730},{\"@type\":\"BreadcrumbList\",\"@id\":\"https:\\\/\\\/www.dillerbottle.com\\\/ar\\\/%d9%85%d9%86%d8%aa%d8%ac%d8%a7%d8%aa\\\/%d8%b2%d8%ac%d8%a7%d8%ac%d8%a9-%d8%ad%d8%b1%d8%a7%d8%b1%d9%8a%d8%a9-%d9%84%d9%84%d8%a3%d8%b9%d9%85%d8%a7%d9%84-%d8%a8%d9%85%d9%82%d8%a8%d8%b6#breadcrumb\",\"itemListElement\":[{\"@type\":\"ListItem\",\"position\":1,\"name\":\"Home\",\"item\":\"https:\\\/\\\/www.dillerbottle.com\\\/\"},{\"@type\":\"ListItem\",\"position\":2,\"name\":\"Products\",\"item\":\"https:\\\/\\\/www.dillerbottle.com\\\/shop\"},{\"@type\":\"ListItem\",\"position\":3,\"name\":\"Business Thermo Bottle With Handle\"}]},{\"@type\":\"WebSite\",\"@id\":\"https:\\\/\\\/www.dillerbottle.com\\\/#website\",\"url\":\"https:\\\/\\\/www.dillerbottle.com\\\/\",\"name\":\"Diller Water Bottle Manufacturer\",\"description\":\"Water Bottle Manufacturer\",\"publisher\":{\"@id\":\"https:\\\/\\\/www.dillerbottle.com\\\/#organization\"},\"potentialAction\":[{\"@type\":\"SearchAction\",\"target\":{\"@type\":\"EntryPoint\",\"urlTemplate\":\"https:\\\/\\\/www.dillerbottle.com\\\/?s={search_term_string}\"},\"query-input\":{\"@type\":\"PropertyValueSpecification\",\"valueRequired\":true,\"valueName\":\"search_term_string\"}}],\"inLanguage\":\"fr-FR\"},{\"@type\":\"Organization\",\"@id\":\"https:\\\/\\\/www.dillerbottle.com\\\/#organization\",\"name\":\"Diller Water Bottle Manufacturer\",\"url\":\"https:\\\/\\\/www.dillerbottle.com\\\/\",\"logo\":{\"@type\":\"ImageObject\",\"inLanguage\":\"fr-FR\",\"@id\":\"https:\\\/\\\/www.dillerbottle.com\\\/#\\\/schema\\\/logo\\\/image\\\/\",\"url\":\"https:\\\/\\\/www.dillerbottle.com\\\/wp-content\\\/uploads\\\/2024\\\/09\\\/49918bfa848dcc1e9f8b509933603ac.png\",\"contentUrl\":\"https:\\\/\\\/www.dillerbottle.com\\\/wp-content\\\/uploads\\\/2024\\\/09\\\/49918bfa848dcc1e9f8b509933603ac.png\",\"width\":988,\"height\":198,\"caption\":\"Diller Water Bottle Manufacturer\"},\"image\":{\"@id\":\"https:\\\/\\\/www.dillerbottle.com\\\/#\\\/schema\\\/logo\\\/image\\\/\"}}]}<\/script>\n<!-- \/ Yoast SEO Premium plugin. -->","yoast_head_json":{"title":"Bouteille isotherme professionnelle avec poign\u00e9e - Fabricant de bouteilles d&#039;eau Diller","description":"En tant que l&#039;un des meilleurs fabricants et fournisseurs de bouteilles thermos professionnelles avec poign\u00e9e, nous sommes engag\u00e9s dans la fabrication de bouteilles d&#039;eau de bonne qualit\u00e9. Nous vous invitons chaleureusement \u00e0 vendre en gros ou \u00e0 acheter chez nous des bouteilles thermos professionnelles sur mesure avec poign\u00e9e \u00e0 un prix comp\u00e9titif. De plus, les commandes en petites quantit\u00e9s sont acceptables.","robots":{"index":"index","follow":"follow","max-snippet":"max-snippet:-1","max-image-preview":"max-image-preview:large","max-video-preview":"max-video-preview:-1"},"canonical":"https:\/\/www.dillerbottle.com\/fr\/produits\/bouteille-isotherme-professionnelle-avec-poignee","og_locale":"fr_FR","og_type":"article","og_title":"Business Thermo Bottle With Handle","og_description":"As one of the best business thermo bottle with handle manufacturers and suppliers, we are engaged in manufacturing good quality water bottles. We warmly welcome you to wholesale or buy custom made business thermo bottle with handle at competitive price from us. Also, small quantity orders are acceptable.","og_url":"https:\/\/www.dillerbottle.com\/fr\/produits\/bouteille-isotherme-professionnelle-avec-poignee","og_site_name":"Diller Water Bottle Manufacturer","article_modified_time":"2025-07-09T08:09:51+00:00","og_image":[{"width":730,"height":730,"url":"https:\/\/www.dillerbottle.com\/wp-content\/uploads\/2024\/09\/business-thermo-bottle-with-handle2906fa0b-64be-4f55-897c-e5f15a476a8c.jpg","type":"image\/jpeg"}],"twitter_card":"summary_large_image","twitter_misc":{"Dur\u00e9e de lecture estim\u00e9e":"7 minutes"},"schema":{"@context":"https:\/\/schema.org","@graph":[{"@type":"WebPage","@id":"https:\/\/www.dillerbottle.com\/ar\/%d9%85%d9%86%d8%aa%d8%ac%d8%a7%d8%aa\/%d8%b2%d8%ac%d8%a7%d8%ac%d8%a9-%d8%ad%d8%b1%d8%a7%d8%b1%d9%8a%d8%a9-%d9%84%d9%84%d8%a3%d8%b9%d9%85%d8%a7%d9%84-%d8%a8%d9%85%d9%82%d8%a8%d8%b6","url":"https:\/\/www.dillerbottle.com\/ar\/%d9%85%d9%86%d8%aa%d8%ac%d8%a7%d8%aa\/%d8%b2%d8%ac%d8%a7%d8%ac%d8%a9-%d8%ad%d8%b1%d8%a7%d8%b1%d9%8a%d8%a9-%d9%84%d9%84%d8%a3%d8%b9%d9%85%d8%a7%d9%84-%d8%a8%d9%85%d9%82%d8%a8%d8%b6","name":"Bouteille isotherme professionnelle avec poign\u00e9e - Fabricant de bouteilles d&#039;eau Diller","isPartOf":{"@id":"https:\/\/www.dillerbottle.com\/#website"},"primaryImageOfPage":{"@id":"https:\/\/www.dillerbottle.com\/ar\/%d9%85%d9%86%d8%aa%d8%ac%d8%a7%d8%aa\/%d8%b2%d8%ac%d8%a7%d8%ac%d8%a9-%d8%ad%d8%b1%d8%a7%d8%b1%d9%8a%d8%a9-%d9%84%d9%84%d8%a3%d8%b9%d9%85%d8%a7%d9%84-%d8%a8%d9%85%d9%82%d8%a8%d8%b6#primaryimage"},"image":{"@id":"https:\/\/www.dillerbottle.com\/ar\/%d9%85%d9%86%d8%aa%d8%ac%d8%a7%d8%aa\/%d8%b2%d8%ac%d8%a7%d8%ac%d8%a9-%d8%ad%d8%b1%d8%a7%d8%b1%d9%8a%d8%a9-%d9%84%d9%84%d8%a3%d8%b9%d9%85%d8%a7%d9%84-%d8%a8%d9%85%d9%82%d8%a8%d8%b6#primaryimage"},"thumbnailUrl":"https:\/\/www.dillerbottle.com\/wp-content\/uploads\/2024\/09\/business-thermo-bottle-with-handle2906fa0b-64be-4f55-897c-e5f15a476a8c.jpg","datePublished":"2024-09-29T06:20:01+00:00","dateModified":"2025-07-09T08:09:51+00:00","description":"En tant que l&#039;un des meilleurs fabricants et fournisseurs de bouteilles thermos professionnelles avec poign\u00e9e, nous sommes engag\u00e9s dans la fabrication de bouteilles d&#039;eau de bonne qualit\u00e9. Nous vous invitons chaleureusement \u00e0 vendre en gros ou \u00e0 acheter chez nous des bouteilles thermos professionnelles sur mesure avec poign\u00e9e \u00e0 un prix comp\u00e9titif. De plus, les commandes en petites quantit\u00e9s sont acceptables.","breadcrumb":{"@id":"https:\/\/www.dillerbottle.com\/ar\/%d9%85%d9%86%d8%aa%d8%ac%d8%a7%d8%aa\/%d8%b2%d8%ac%d8%a7%d8%ac%d8%a9-%d8%ad%d8%b1%d8%a7%d8%b1%d9%8a%d8%a9-%d9%84%d9%84%d8%a3%d8%b9%d9%85%d8%a7%d9%84-%d8%a8%d9%85%d9%82%d8%a8%d8%b6#breadcrumb"},"inLanguage":"fr-FR","potentialAction":[{"@type":"ReadAction","target":["https:\/\/www.dillerbottle.com\/ar\/%d9%85%d9%86%d8%aa%d8%ac%d8%a7%d8%aa\/%d8%b2%d8%ac%d8%a7%d8%ac%d8%a9-%d8%ad%d8%b1%d8%a7%d8%b1%d9%8a%d8%a9-%d9%84%d9%84%d8%a3%d8%b9%d9%85%d8%a7%d9%84-%d8%a8%d9%85%d9%82%d8%a8%d8%b6"]}]},{"@type":"ImageObject","inLanguage":"fr-FR","@id":"https:\/\/www.dillerbottle.com\/ar\/%d9%85%d9%86%d8%aa%d8%ac%d8%a7%d8%aa\/%d8%b2%d8%ac%d8%a7%d8%ac%d8%a9-%d8%ad%d8%b1%d8%a7%d8%b1%d9%8a%d8%a9-%d9%84%d9%84%d8%a3%d8%b9%d9%85%d8%a7%d9%84-%d8%a8%d9%85%d9%82%d8%a8%d8%b6#primaryimage","url":"https:\/\/www.dillerbottle.com\/wp-content\/uploads\/2024\/09\/business-thermo-bottle-with-handle2906fa0b-64be-4f55-897c-e5f15a476a8c.jpg","contentUrl":"https:\/\/www.dillerbottle.com\/wp-content\/uploads\/2024\/09\/business-thermo-bottle-with-handle2906fa0b-64be-4f55-897c-e5f15a476a8c.jpg","width":730,"height":730},{"@type":"BreadcrumbList","@id":"https:\/\/www.dillerbottle.com\/ar\/%d9%85%d9%86%d8%aa%d8%ac%d8%a7%d8%aa\/%d8%b2%d8%ac%d8%a7%d8%ac%d8%a9-%d8%ad%d8%b1%d8%a7%d8%b1%d9%8a%d8%a9-%d9%84%d9%84%d8%a3%d8%b9%d9%85%d8%a7%d9%84-%d8%a8%d9%85%d9%82%d8%a8%d8%b6#breadcrumb","itemListElement":[{"@type":"ListItem","position":1,"name":"Home","item":"https:\/\/www.dillerbottle.com\/"},{"@type":"ListItem","position":2,"name":"Products","item":"https:\/\/www.dillerbottle.com\/shop"},{"@type":"ListItem","position":3,"name":"Business Thermo Bottle With Handle"}]},{"@type":"WebSite","@id":"https:\/\/www.dillerbottle.com\/#website","url":"https:\/\/www.dillerbottle.com\/","name":"Fabricant de bouteilles d&#039;eau Diller","description":"Fabricant de bouteilles d&#039;eau","publisher":{"@id":"https:\/\/www.dillerbottle.com\/#organization"},"potentialAction":[{"@type":"SearchAction","target":{"@type":"EntryPoint","urlTemplate":"https:\/\/www.dillerbottle.com\/?s={search_term_string}"},"query-input":{"@type":"PropertyValueSpecification","valueRequired":true,"valueName":"search_term_string"}}],"inLanguage":"fr-FR"},{"@type":"Organization","@id":"https:\/\/www.dillerbottle.com\/#organization","name":"Fabricant de bouteilles d&#039;eau Diller","url":"https:\/\/www.dillerbottle.com\/","logo":{"@type":"ImageObject","inLanguage":"fr-FR","@id":"https:\/\/www.dillerbottle.com\/#\/schema\/logo\/image\/","url":"https:\/\/www.dillerbottle.com\/wp-content\/uploads\/2024\/09\/49918bfa848dcc1e9f8b509933603ac.png","contentUrl":"https:\/\/www.dillerbottle.com\/wp-content\/uploads\/2024\/09\/49918bfa848dcc1e9f8b509933603ac.png","width":988,"height":198,"caption":"Diller Water Bottle Manufacturer"},"image":{"@id":"https:\/\/www.dillerbottle.com\/#\/schema\/logo\/image\/"}}]}},"_links":{"self":[{"href":"https:\/\/www.dillerbottle.com\/fr\/wp-json\/wp\/v2\/product\/8620","targetHints":{"allow":["GET"]}}],"collection":[{"href":"https:\/\/www.dillerbottle.com\/fr\/wp-json\/wp\/v2\/product"}],"about":[{"href":"https:\/\/www.dillerbottle.com\/fr\/wp-json\/wp\/v2\/types\/product"}],"replies":[{"embeddable":true,"href":"https:\/\/www.dillerbottle.com\/fr\/wp-json\/wp\/v2\/comments?post=8620"}],"wp:featuredmedia":[{"embeddable":true,"href":"https:\/\/www.dillerbottle.com\/fr\/wp-json\/wp\/v2\/media\/8621"}],"wp:attachment":[{"href":"https:\/\/www.dillerbottle.com\/fr\/wp-json\/wp\/v2\/media?parent=8620"}],"wp:term":[{"taxonomy":"product_brand","embeddable":true,"href":"https:\/\/www.dillerbottle.com\/fr\/wp-json\/wp\/v2\/product_brand?post=8620"},{"taxonomy":"product_cat","embeddable":true,"href":"https:\/\/www.dillerbottle.com\/fr\/wp-json\/wp\/v2\/product_cat?post=8620"},{"taxonomy":"product_tag","embeddable":true,"href":"https:\/\/www.dillerbottle.com\/fr\/wp-json\/wp\/v2\/product_tag?post=8620"}],"curies":[{"name":"wp","href":"https:\/\/api.w.org\/{rel}","templated":true}]}}